{"id":17145,"date":"2024-05-03T06:36:09","date_gmt":"2024-05-03T06:36:09","guid":{"rendered":"https:\/\/elfsight.com\/de\/?page_id=17145"},"modified":"2025-07-08T10:38:43","modified_gmt":"2025-07-08T10:38:43","slug":"prestashop","status":"publish","type":"page","link":"https:\/\/elfsight.com\/de\/facebook-reviews-widget\/prestashop\/","title":{"rendered":"Facebook Reviews &#8211; PrestaShop"},"content":{"rendered":"<div class=\"application-platform-content-item-description application-platform-content-item\" id=\"description\" data-nav-section=\"description\"> <h2>Beschreibung<\/h2> <p>Elfsight Facebook Reviews ist ein n\u00fctzliches Widget, das Ihnen die M\u00f6glichkeit gibt, die Erfahrungsberichte zu Ihrer Aktie direkt auf Ihrem zu ver\u00f6ffentlichen Website von allen g\u00e4ngigen Unternehmensbewertungsseiten. Mithilfe unseres Plugins k\u00f6nnen Sie Filter verwenden, um unerw\u00fcnschte Bewertungen auszublenden, Ihre Sternebewertung und Zahlenbewertung aus Ihrem Konto auf jeder Bewertungswebsite anzuzeigen, Daten zu den Erstellern der Bewertungen hinzuzuf\u00fcgen und eine CTA-Schaltfl\u00e4che anzuf\u00fcgen, die Sie weiterleitet l\u00e4dt Besucher dazu ein, ihre Gedanken zu posten. Unsere Facebook-Rezensionen-App hilft Ihnen dabei, Ihren wunderbaren sozialen Beweis auf der Webseite anzuzeigen und mehr Neuk\u00e4ufe zu t\u00e4tigen. <\/p> <p><b>Holen Sie sich das Beste aus Facebook-Bewertungen, um Ihre E-Commerce-Ziele zu erreichen! <\/b><\/p> <\/div> <div class=\"application-platform-content-item-features application-platform-content-item\" id=\"features\" data-nav-section=\"features\"> <h2>Hier sind zentrale Funktionen des Widgets: <\/h2> <ul><li>Einbettung von Kundenrezensionen von der Facebook-Seite<\/li><li>3 Arten von Filtern: Ausschlie\u00dfen nach, nach Typ und Anzahl der Bewertungen<\/li><li>Navigation per Drag &amp; Drop im Slider-Layout<\/li><li>Einstellen der Foliengeschwindigkeit und der Autoplay-Geschwindigkeit<\/li> <li>Umschaltbare Elemente der Kopfzeile: Bewertung und Bilder der Rezensenten<\/li><li>Bewertungsanfrage-Schaltfl\u00e4che zur Weiterleitung auf Facebook-Seite<\/li><li>Links werden in der Ablehnungsnachricht f\u00fcr Bewertungsanfragen unterst\u00fctzt<\/li><li> 3 Bewertungsvorlagen: Bubble, Classic, Spotlight<\/li><li>6 umschaltbare Elemente der Bewertungen: Datum, Name und Bild des Autors, Facebook-Symbol und Sternebewertung, Empfehlungen<\/li><li>Drei Dekorationsarten f\u00fcr Bewertungen: Rand , Hintergrund, Keiner<\/li><li>F\u00fcnf \u00fcbermalbare Elemente der Benutzeroberfl\u00e4che: Links. Schaltfl\u00e4che \u201eBewertungsanfrage\u201c, Hintergrund, Bewertung, Bewertungstext. <\/li><\/ul><p><a href=\"#demo\">Probieren Sie einfach diese Demo aus, um sich einen \u00dcberblick zu verschaffen<\/a><\/p> <\/div> <div class=\"application-platform-content-item-installation application-platform-content-item\" id=\"installation\" data-nav-section=\"installation\"> <h2>Wie bette ich Facebook-Bewertungen auf meiner PrestaShop-Website ein? <\/h2> <p>Befolgen Sie einfach die folgenden Richtlinien, um das Widget hinzuzuf\u00fcgen. <\/p> <ol><li><b>F\u00fchren Sie unseren kostenlosen Konfigurator aus und beginnen Sie mit der Gestaltung Ihres ma\u00dfgeschneiderten Widgets. <\/b><br> W\u00e4hlen Sie das benutzerdefinierte Design und die Spezifikationen des Widgets und speichern Sie die Korrekturen. <\/li> <li><b>Erhalten Sie Ihren individuellen Code, der im Fenster von Elfsight Apps angezeigt wird. <\/b><br> Nachdem die Konfiguration Ihres pers\u00f6nlichen Add-ons abgeschlossen ist, kopieren Sie den individuellen Code aus dem angezeigten Feld und bewahren Sie ihn f\u00fcr einen sp\u00e4teren Bedarf auf. <\/li> <li><b>Beginnen Sie mit der Verwendung des Add-ons auf Ihrer PrestaShop-Site. <\/b><br> F\u00fcgen Sie den k\u00fcrzlich kopierten Code in Ihre Webseite ein und \u00fcbernehmen Sie die \u00c4nderungen. <\/li> <li><b>Die Installation wurde erfolgreich abgeschlossen. <\/b><br> Besuchen Sie Ihre Webseite, um zu sehen, wie das Tool funktioniert. <\/li><\/ol> <p>Wenn Sie auf Hindernisse sto\u00dfen, z\u00f6gern Sie nicht, sich an unser Support-Team zu wenden. Unsere Spezialisten helfen Ihnen gerne bei allen Problemen, die Sie mit dem Widget haben. <\/p><div class=\"faq\" data-component=\"FAQ\"> <div class=\"faq-item\">\r\n\t\t\t\t\t<div class=\"faq-item-question\">\r\n\t\t\t\t\t\t<h3 class=\"faq-item-question-text\">Wie kann ich ohne Programmierkenntnisse Facebook-Bewertungen zu meiner PrestaShop-Website hinzuf\u00fcgen?<\/h3>\r\n\r\n\t\t\t\t\t\t<div class=\"faq-item-question-icon\"><\/div>\r\n\t\t\t\t\t<\/div>\r\n\r\n\t\t\t\t\t<div class=\"faq-item-answer\">\r\n\t\t\t\t\t\t<div class=\"faq-item-answer-text\"> <p>Elfsight bietet eine SaaS-L\u00f6sung, mit der Sie selbst ein Facebook-Bewertungs-Widget erstellen k\u00f6nnen. Sehen Sie, wie einfach das ist Der Prozess ist: Arbeiten Sie direkt im Online-Editor, um ein Facebook-Bewertungs-Widget zu erstellen, das Sie auf Ihrer PrestaShop-Website sehen m\u00f6chten. W\u00e4hlen Sie eine der vorgefertigten Vorlagen aus und passen Sie die Einstellungen f\u00fcr Facebook-Bewertungen an, f\u00fcgen Sie Ihre Inhalte hinzu, \u00e4ndern Sie das Layout und die Farben ohne Programmierkenntnisse. Speichern Sie die Facebook-Bewertungen und kopieren Sie den Installationscode, den Sie in Ihre PrestaShop-Website einf\u00fcgen k\u00f6nnen, ohne ein kostenpflichtiges Abonnement kaufen zu m\u00fcssen. Mit unserem intuitiven Editor kann jeder Internetnutzer online ein Facebook-Bewertungs-Widget erstellen und es einfach in seine PrestaShop-Website einbetten. Sie m\u00fcssen weder bezahlen noch Ihre Kartendaten eingeben, um auf den Service zuzugreifen. Sollten bei irgendeinem Schritt Probleme auftreten, wenden Sie sich bitte an unser technisches Support-Team.<\/p> <\/div>\r\n\t\t\t\t\t<\/div>\r\n\t\t\t\t<\/div> <\/div> <\/div>","protected":false},"excerpt":{"rendered":"","protected":false},"author":9,"featured_media":0,"parent":529,"menu_order":0,"comment_status":"closed","ping_status":"closed","template":"templates\/template-application-platform.php","meta":{"publish_to_discourse":"","publish_post_category":"","wpdc_auto_publish_overridden":"","wpdc_topic_tags":"","wpdc_pin_topic":"","wpdc_pin_until":"","discourse_post_id":"","discourse_permalink":"","wpdc_publishing_response":"","wpdc_publishing_error":"","footnotes":""},"class_list":["post-17145","page","type-page","status-publish","hentry"],"yoast_head":"<!-- This site is optimized with the Yoast SEO plugin v25.3.1 - https:\/\/yoast.com\/wordpress\/plugins\/seo\/ -->\n<title>Das beste Facebook-Bewertungs-Plugin f\u00fcr die PrestaShop-Website (2026)<\/title>\n<meta name=\"description\" content=\"Erstellen Sie Ihr pers\u00f6nliches Facebook-Bewertungen-Add-on f\u00fcr PrestaShop. Nutzen Sie die einfachste Demo zum Installieren von Add-ons von Elfsight v\u00f6llig kostenlos.\" \/>\n<meta name=\"robots\" content=\"index, follow, max-snippet:-1, max-image-preview:large, max-video-preview:-1\" \/>\n<link rel=\"canonical\" href=\"https:\/\/elfsight.com\/de\/facebook-reviews-widget\/prestashop\/\" \/>\n<meta property=\"og:locale\" content=\"de_DE\" \/>\n<meta property=\"og:type\" content=\"article\" \/>\n<meta property=\"og:title\" content=\"Das beste Facebook-Bewertungs-Plugin f\u00fcr die PrestaShop-Website (2026)\" \/>\n<meta property=\"og:description\" content=\"Erstellen Sie Ihr pers\u00f6nliches Facebook-Bewertungen-Add-on f\u00fcr PrestaShop. Nutzen Sie die einfachste Demo zum Installieren von Add-ons von Elfsight v\u00f6llig kostenlos.\" \/>\n<meta property=\"og:url\" content=\"https:\/\/elfsight.com\/de\/facebook-reviews-widget\/prestashop\/\" \/>\n<meta property=\"og:site_name\" content=\"Elfsight DE\" \/>\n<meta property=\"article:modified_time\" content=\"2025-07-08T10:38:43+00:00\" \/>\n<meta name=\"twitter:card\" content=\"summary_large_image\" \/>\n<meta name=\"twitter:label1\" content=\"Gesch\u00e4tzte Lesezeit\" \/>\n\t<meta name=\"twitter:data1\" content=\"3\u00a0Minuten\" \/>\n<!-- \/ Yoast SEO plugin. -->","yoast_head_json":{"title":"Das beste Facebook-Bewertungs-Plugin f\u00fcr die PrestaShop-Website (2026)","description":"Erstellen Sie Ihr pers\u00f6nliches Facebook-Bewertungen-Add-on f\u00fcr PrestaShop. Nutzen Sie die einfachste Demo zum Installieren von Add-ons von Elfsight v\u00f6llig kostenlos.","robots":{"index":"index","follow":"follow","max-snippet":"max-snippet:-1","max-image-preview":"max-image-preview:large","max-video-preview":"max-video-preview:-1"},"canonical":"https:\/\/elfsight.com\/de\/facebook-reviews-widget\/prestashop\/","og_locale":"de_DE","og_type":"article","og_title":"Das beste Facebook-Bewertungs-Plugin f\u00fcr die PrestaShop-Website (2026)","og_description":"Erstellen Sie Ihr pers\u00f6nliches Facebook-Bewertungen-Add-on f\u00fcr PrestaShop. Nutzen Sie die einfachste Demo zum Installieren von Add-ons von Elfsight v\u00f6llig kostenlos.","og_url":"https:\/\/elfsight.com\/de\/facebook-reviews-widget\/prestashop\/","og_site_name":"Elfsight DE","article_modified_time":"2025-07-08T10:38:43+00:00","twitter_card":"summary_large_image","twitter_misc":{"Gesch\u00e4tzte Lesezeit":"3\u00a0Minuten"},"schema":{"@context":"https:\/\/schema.org","@graph":[{"@type":"WebPage","@id":"https:\/\/elfsight.com\/de\/facebook-reviews-widget\/prestashop\/","url":"https:\/\/elfsight.com\/de\/facebook-reviews-widget\/prestashop\/","name":"Das beste Facebook-Bewertungs-Plugin f\u00fcr die PrestaShop-Website (2026)","isPartOf":{"@id":"https:\/\/elfsight.com\/de\/#website"},"datePublished":"2024-05-03T06:36:09+00:00","dateModified":"2025-07-08T10:38:43+00:00","description":"Erstellen Sie Ihr pers\u00f6nliches Facebook-Bewertungen-Add-on f\u00fcr PrestaShop. Nutzen Sie die einfachste Demo zum Installieren von Add-ons von Elfsight v\u00f6llig kostenlos.","breadcrumb":{"@id":"https:\/\/elfsight.com\/de\/facebook-reviews-widget\/prestashop\/#breadcrumb"},"inLanguage":"de","potentialAction":[{"@type":"ReadAction","target":["https:\/\/elfsight.com\/de\/facebook-reviews-widget\/prestashop\/"]}]},{"@type":"BreadcrumbList","@id":"https:\/\/elfsight.com\/de\/facebook-reviews-widget\/prestashop\/#breadcrumb","itemListElement":[{"@type":"ListItem","position":1,"name":"Home","item":"https:\/\/elfsight.com\/de\/"},{"@type":"ListItem","position":2,"name":"Facebook Reviews","item":"https:\/\/elfsight.com\/de\/facebook-reviews-widget\/"},{"@type":"ListItem","position":3,"name":"Facebook Reviews &#8211; PrestaShop"}]},{"@type":"WebSite","@id":"https:\/\/elfsight.com\/de\/#website","url":"https:\/\/elfsight.com\/de\/","name":"Elfsight DE","description":"Just another Elfsight Sites site","potentialAction":[{"@type":"SearchAction","target":{"@type":"EntryPoint","urlTemplate":"https:\/\/elfsight.com\/de\/?s={search_term_string}"},"query-input":{"@type":"PropertyValueSpecification","valueRequired":true,"valueName":"search_term_string"}}],"inLanguage":"de"}]}},"meta_box":{"industry":"","seo_heading":"","heading":"","description":"","cta_heading":"","cta_description":"","application":"479","h1":"PrestaShop Facebook-Rezensionen-Add-on","h1_caption":"Betten Sie Kundenbewertungen von Ihrer Facebook-Seite direkt in Ihre Website ein, um das Vertrauen und den Social Proof m\u00fchelos in Ihre Prestashop-Website zu steigern.","application_category":[],"applications_title":"","applications_request_title":"","applications_request_button_text":"","hero_text":"","hero_video":"","hero_video_schema_markup":"","selling_points_title":"","selling_points_caption":"","selling_points":[],"selling_points_cta_text":"","features_title":"","features":"","ed_cta_examples_text":"","ed_cta_examples_hidden":"","ed_cta_demo_text":"","ed_cta_demo_hidden":"","why_caption":"","why_editor_title":"","why_editor_text":"","why_team_title":"","why_team_text":"","why_service_title":"","why_service_text":"","template_catalog_visible":"","template_catalog_title":"","template_catalog_text":"","template_catalog_categories_visible":"","demo_title":"Erstellen Sie Ihr Add-on f\u00fcr Facebook-Bewertungen","demo_caption":"Konfigurieren Sie Ihre Facebook-Bewertungen und f\u00fcgen Sie sie kostenlos zu Ihrer PrestaShop-Website hinzu!","default_faq_hidden":"","app_template_category":[],"platform":"3811","template_public_id":"","codecanyon_url":"","codecanyon_item_id":"","codecanyon_price":"","pricing_caption":"","pricing_elfsight_apps_hide_column":"","pricing_elfsight_apps_url":"","pricing_codecanyon_price_caption":"","integration_category":[],"integration_request_title":"","integration_request_cta":"","integration_platform":"","integrations":[],"platform_category":[],"video_schema_markup":"","price":"ab 0 $ \/ Monat","trial":"","benefits":[{"text":"Kostenlose Installationshilfe"},{"text":"Professioneller Kundenservice"},{"text":"14-t\u00e4gige Geld-zur\u00fcck-Garantie"},{"text":"St\u00e4ndige Aktualisierung"}],"button_url":"#demo","button_target_blank":"","button_nofollow":"","attributes":[{"name":"Installiert","content":"10,000 - 100,000"},{"name":"Reaktionsfreudig","content":"Ja"},{"name":"Kompatible Browser","content":"Firefox, Safari, Opera, Chrome, Edge"}],"tags":[],"tags_disable_links":"","hide_more_platforms":"","video_object":"","demo_hide_cta":"","demo_hide_cloud_options":"","pricing_title":"","pricing":[{"pricing_icon":"platform","pricing_title":"Elfsight Apps","pricing_title_caption":"Plattform\u00fcbergreifende Version, die auf jeder Website funktioniert","pricing_price":"ab 0 $ \/ Monat","pricing_price_caption":"Beginnen Sie mit einem kostenlosen Plan","pricing_benefits":[{"text":"Unbegrenzte Domains"},{"text":"Support rund um die Uhr und gut dokumentiert"},{"text":"Kostenlose Installationsunterst\u00fctzung"},{"text":"Vollst\u00e4ndig anpassbar"}],"pricing_button_text":"Zur Website hinzuf\u00fcgen","pricing_button_url":"#demo"}],"related_apps_title":"","related_apps_hidden":"","author":"","image":[],"title":"","job":"","social_networks":[]},"_links":{"self":[{"href":"https:\/\/elfsight.com\/de\/wp-json\/wp\/v2\/pages\/17145","targetHints":{"allow":["GET"]}}],"collection":[{"href":"https:\/\/elfsight.com\/de\/wp-json\/wp\/v2\/pages"}],"about":[{"href":"https:\/\/elfsight.com\/de\/wp-json\/wp\/v2\/types\/page"}],"author":[{"embeddable":true,"href":"https:\/\/elfsight.com\/de\/wp-json\/wp\/v2\/users\/9"}],"replies":[{"embeddable":true,"href":"https:\/\/elfsight.com\/de\/wp-json\/wp\/v2\/comments?post=17145"}],"version-history":[{"count":2,"href":"https:\/\/elfsight.com\/de\/wp-json\/wp\/v2\/pages\/17145\/revisions"}],"predecessor-version":[{"id":21535,"href":"https:\/\/elfsight.com\/de\/wp-json\/wp\/v2\/pages\/17145\/revisions\/21535"}],"up":[{"embeddable":true,"href":"https:\/\/elfsight.com\/de\/wp-json\/wp\/v2\/pages\/529"}],"wp:attachment":[{"href":"https:\/\/elfsight.com\/de\/wp-json\/wp\/v2\/media?parent=17145"}],"curies":[{"name":"wp","href":"https:\/\/api.w.org\/{rel}","templated":true}]}}