{"id":17144,"date":"2024-05-03T06:36:08","date_gmt":"2024-05-03T06:36:08","guid":{"rendered":"https:\/\/elfsight.com\/de\/?page_id=17144"},"modified":"2025-07-08T10:38:16","modified_gmt":"2025-07-08T10:38:16","slug":"jimdo","status":"publish","type":"page","link":"https:\/\/elfsight.com\/de\/facebook-reviews-widget\/jimdo\/","title":{"rendered":"Facebook Reviews &#8211; Jimdo"},"content":{"rendered":"<div class=\"application-platform-content-item-description application-platform-content-item\" id=\"description\" data-nav-section=\"description\"> <h2>Beschreibung<\/h2> <p>Die Facebook-Bewertungen sind ein praktisches Instrument, das Ihnen die M\u00f6glichkeit bietet, die Bewertungen Ihrer Aktien direkt auf Ihrem Konto anzuzeigen Website von allen bekannten Bewertungsseiten. Mit unserem Tool k\u00f6nnen Sie Filter zum Ausblenden unerw\u00fcnschter Kommentare anwenden, Ihre Sterne- und Zahlenbewertung direkt auf Ihrer Seite auf jeder Bewertungsseite anzeigen, Informationen zu den Autoren der Bewertungen hinzuf\u00fcgen und einen Call-to-Action anh\u00e4ngen wird die Besucher dazu anregen, ihre Gedanken aufzuschreiben. Das Widget \u201eFacebook-Bewertungen\u201c wird Sie dazu anregen, Ihre bemerkenswerten sozialen Beweise auf der Website zu demonstrieren und mehr Neuk\u00e4ufe zu t\u00e4tigen. <\/p> <p><b>Machen Sie Ihre Website effizienter f\u00fcr Gesch\u00e4ftsziele mit Facebook-Bewertungen<\/b><\/p> <\/div> <div class=\"application-platform-content-item-features application-platform-content-item\" id=\"features\" data-nav-section=\"features\"> <h2>Dies sind nur einige davon zahlreiche Widget-Funktionen: <\/h2> <ul><li>Einbetten von Kundenbewertungen von einer Facebook-Seite<\/li><li>3 Arten von Filtern: nach Typ, Anzahl der Bewertungen und Ausschlie\u00dfen nach<\/li><li> Drag-and-Pfeile-Navigation im Slider-Layout<\/li><li>Autoplay-Geschwindigkeit und Slide-Geschwindigkeit einstellen<\/li><li>Umschaltbare Elemente der Kopfzeile: Bilder von Rezensenten und Bewertung<\/li><li>Bewertungsanfrage-Schaltfl\u00e4che zum Weiterleiten auf der Facebook-Seite<\/li><li>Links werden in der Ablehnungsnachricht f\u00fcr Bewertungsanfragen unterst\u00fctzt<\/li><li>Drei Bewertungsvorlagen: Classic, Bubble, Spotlight<\/li><li>Sechs umschaltbare Elemente der Bewertungen: Empfehlungen, Datum , Facebook-Symbol und Sternebewertung, Name und Bild des Autors<\/li><li>3 Bewertungsdekorationstypen: Hintergrund, Rahmen, Keine<\/li><li>F\u00fcnf \u00fcbermalbare Elemente der Benutzeroberfl\u00e4che: Bewertung, Links. Schaltfl\u00e4che \u201eBewertungsanfrage\u201c, Hintergrund, Bewertungstext. <\/li><\/ul><p><a href=\"#demo\">Testen Sie alle Anpassungsoptionen in einer voll funktionsf\u00e4higen Demo<\/a><\/p> <\/div> <div class=\"application-platform-content-item-installation application-platform-content-item\" id=\"installation\" data-nav-section=\"installation\"> <h2>Wie f\u00fcge ich Facebook-Bewertungen zu meiner Jimdo-Webseite hinzu? <\/h2> <p>Befolgen Sie einfach die nachstehenden Anweisungen, um das Widget zu aktivieren. <\/p> <ol><li><b>F\u00fchren Sie unsere kostenlose Demo durch und beginnen Sie mit der Erstellung Ihres personalisierten Widgets. <\/b><br> Geben Sie das bevorzugte Design und die Optionen des Widgets an und speichern Sie die Korrekturen. <\/li> <li><b>Lassen Sie sich den individuellen Code in der Box auf Elfsight Apps anzeigen. <\/b><br> Sobald die Generierung Ihres Widgets abgeschlossen ist, kopieren Sie den einzelnen Code im angezeigten Fenster und speichern Sie ihn f\u00fcr den sp\u00e4teren Bedarf. <\/li> <li><b>Beginne mit der Nutzung des Widgets auf der Jimdo-Website. <\/b><br> F\u00fcgen Sie den Code, den Sie k\u00fcrzlich gespeichert haben, in Ihre Homepage ein und speichern Sie die Verbesserungen. <\/li> <li><b>Die Installation ist vollst\u00e4ndig abgeschlossen. <\/b><br> Gehen Sie zu Ihrer Seite, um die Funktionsweise des Widgets zu sehen. <\/li><\/ol> <p>Sollten Komplikationen auftreten, wenden Sie sich bitte an unseren Kundenservice. Unsere Spezialisten helfen Ihnen gerne bei allen Problemen, die Sie mit dem Widget haben k\u00f6nnten. <\/p> <div class=\"faq\" data-component=\"FAQ\"> <div class=\"faq-item\">\r\n\t\t\t\t\t<div class=\"faq-item-question\">\r\n\t\t\t\t\t\t<h3 class=\"faq-item-question-text\">Wie kann ich ohne Programmierkenntnisse Facebook-Bewertungen zu meiner Jimdo-Website hinzuf\u00fcgen?<\/h3>\r\n\r\n\t\t\t\t\t\t<div class=\"faq-item-question-icon\"><\/div>\r\n\t\t\t\t\t<\/div>\r\n\r\n\t\t\t\t\t<div class=\"faq-item-answer\">\r\n\t\t\t\t\t\t<div class=\"faq-item-answer-text\"> <p>Elfsight bietet eine SaaS-L\u00f6sung, mit der Sie selbst ein Facebook-Bewertungs-Widget erstellen k\u00f6nnen. Sehen Sie, wie einfach das ist Der Prozess ist: Arbeiten Sie direkt im Online-Editor, um ein Facebook-Rezensions-Widget zu erstellen, das Sie gerne auf Ihrer Jimdo-Website sehen w\u00fcrden. W\u00e4hlen Sie eine der vorgefertigten Vorlagen aus und passen Sie die Einstellungen f\u00fcr Facebook-Bewertungen an, f\u00fcgen Sie Ihre Inhalte hinzu, \u00e4ndern Sie das Layout und das Farbschema ohne Programmierkenntnisse. Speichern Sie die Facebook-Bewertungen und kopieren Sie den Installationscode, den Sie einfach auf Ihrer Jimdo-Website hinzuf\u00fcgen k\u00f6nnen, ohne einen kostenpflichtigen Plan zu kaufen. Mit unserem intuitiven Editor kann jeder Internetnutzer online ein Facebook-Bewertungs-Widget erstellen und es ganz einfach in seine Jimdo-Website einbetten. Sie m\u00fcssen weder bezahlen noch Ihre Kartendaten eingeben, um auf den Service zuzugreifen. Sollten bei irgendeinem Schritt Probleme auftreten, wenden Sie sich bitte an unser technisches Support-Team.<\/p> <\/div>\r\n\t\t\t\t\t<\/div>\r\n\t\t\t\t<\/div> <\/div> <\/div>","protected":false},"excerpt":{"rendered":"","protected":false},"author":9,"featured_media":0,"parent":529,"menu_order":0,"comment_status":"closed","ping_status":"closed","template":"templates\/template-application-platform.php","meta":{"publish_to_discourse":"","publish_post_category":"","wpdc_auto_publish_overridden":"","wpdc_topic_tags":"","wpdc_pin_topic":"","wpdc_pin_until":"","discourse_post_id":"","discourse_permalink":"","wpdc_publishing_response":"","wpdc_publishing_error":"","footnotes":""},"class_list":["post-17144","page","type-page","status-publish","hentry"],"yoast_head":"<!-- This site is optimized with the Yoast SEO plugin v25.3.1 - https:\/\/yoast.com\/wordpress\/plugins\/seo\/ -->\n<title>Das beste Facebook-Rezensions-Widget f\u00fcr die Jimdo-Website (2025)<\/title>\n<meta name=\"description\" content=\"Erstellen Sie in nur 80 Sekunden Ihr pers\u00f6nliches Facebook-Bewertungs-Widget f\u00fcr Jimdo. Nutzen Sie die einfachste Demo zum Festlegen von Widgets von Elfsight kostenlos.\" \/>\n<meta name=\"robots\" content=\"index, follow, max-snippet:-1, max-image-preview:large, max-video-preview:-1\" \/>\n<link rel=\"canonical\" href=\"https:\/\/elfsight.com\/de\/facebook-reviews-widget\/jimdo\/\" \/>\n<meta property=\"og:locale\" content=\"de_DE\" \/>\n<meta property=\"og:type\" content=\"article\" \/>\n<meta property=\"og:title\" content=\"Das beste Facebook-Rezensions-Widget f\u00fcr die Jimdo-Website (2025)\" \/>\n<meta property=\"og:description\" content=\"Erstellen Sie in nur 80 Sekunden Ihr pers\u00f6nliches Facebook-Bewertungs-Widget f\u00fcr Jimdo. Nutzen Sie die einfachste Demo zum Festlegen von Widgets von Elfsight kostenlos.\" \/>\n<meta property=\"og:url\" content=\"https:\/\/elfsight.com\/de\/facebook-reviews-widget\/jimdo\/\" \/>\n<meta property=\"og:site_name\" content=\"Elfsight DE\" \/>\n<meta property=\"article:modified_time\" content=\"2025-07-08T10:38:16+00:00\" \/>\n<meta name=\"twitter:card\" content=\"summary_large_image\" \/>\n<meta name=\"twitter:label1\" content=\"Gesch\u00e4tzte Lesezeit\" \/>\n\t<meta name=\"twitter:data1\" content=\"3\u00a0Minuten\" \/>\n<!-- \/ Yoast SEO plugin. -->","yoast_head_json":{"title":"Das beste Facebook-Rezensions-Widget f\u00fcr die Jimdo-Website (2025)","description":"Erstellen Sie in nur 80 Sekunden Ihr pers\u00f6nliches Facebook-Bewertungs-Widget f\u00fcr Jimdo. Nutzen Sie die einfachste Demo zum Festlegen von Widgets von Elfsight kostenlos.","robots":{"index":"index","follow":"follow","max-snippet":"max-snippet:-1","max-image-preview":"max-image-preview:large","max-video-preview":"max-video-preview:-1"},"canonical":"https:\/\/elfsight.com\/de\/facebook-reviews-widget\/jimdo\/","og_locale":"de_DE","og_type":"article","og_title":"Das beste Facebook-Rezensions-Widget f\u00fcr die Jimdo-Website (2025)","og_description":"Erstellen Sie in nur 80 Sekunden Ihr pers\u00f6nliches Facebook-Bewertungs-Widget f\u00fcr Jimdo. Nutzen Sie die einfachste Demo zum Festlegen von Widgets von Elfsight kostenlos.","og_url":"https:\/\/elfsight.com\/de\/facebook-reviews-widget\/jimdo\/","og_site_name":"Elfsight DE","article_modified_time":"2025-07-08T10:38:16+00:00","twitter_card":"summary_large_image","twitter_misc":{"Gesch\u00e4tzte Lesezeit":"3\u00a0Minuten"},"schema":{"@context":"https:\/\/schema.org","@graph":[{"@type":"WebPage","@id":"https:\/\/elfsight.com\/de\/facebook-reviews-widget\/jimdo\/","url":"https:\/\/elfsight.com\/de\/facebook-reviews-widget\/jimdo\/","name":"Das beste Facebook-Rezensions-Widget f\u00fcr die Jimdo-Website (2025)","isPartOf":{"@id":"https:\/\/elfsight.com\/de\/#website"},"datePublished":"2024-05-03T06:36:08+00:00","dateModified":"2025-07-08T10:38:16+00:00","description":"Erstellen Sie in nur 80 Sekunden Ihr pers\u00f6nliches Facebook-Bewertungs-Widget f\u00fcr Jimdo. Nutzen Sie die einfachste Demo zum Festlegen von Widgets von Elfsight kostenlos.","breadcrumb":{"@id":"https:\/\/elfsight.com\/de\/facebook-reviews-widget\/jimdo\/#breadcrumb"},"inLanguage":"de","potentialAction":[{"@type":"ReadAction","target":["https:\/\/elfsight.com\/de\/facebook-reviews-widget\/jimdo\/"]}]},{"@type":"BreadcrumbList","@id":"https:\/\/elfsight.com\/de\/facebook-reviews-widget\/jimdo\/#breadcrumb","itemListElement":[{"@type":"ListItem","position":1,"name":"Home","item":"https:\/\/elfsight.com\/de\/"},{"@type":"ListItem","position":2,"name":"Facebook Reviews","item":"https:\/\/elfsight.com\/de\/facebook-reviews-widget\/"},{"@type":"ListItem","position":3,"name":"Facebook Reviews &#8211; Jimdo"}]},{"@type":"WebSite","@id":"https:\/\/elfsight.com\/de\/#website","url":"https:\/\/elfsight.com\/de\/","name":"Elfsight DE","description":"Just another Elfsight Sites site","potentialAction":[{"@type":"SearchAction","target":{"@type":"EntryPoint","urlTemplate":"https:\/\/elfsight.com\/de\/?s={search_term_string}"},"query-input":{"@type":"PropertyValueSpecification","valueRequired":true,"valueName":"search_term_string"}}],"inLanguage":"de"}]}},"meta_box":{"industry":"","seo_heading":"","heading":"","description":"","cta_heading":"","cta_description":"","application":"479","h1":"Jimdo Facebook-Bewertungs-Widget","h1_caption":"Betten Sie Kundenbewertungen von Ihrer Facebook-Seite direkt in Ihre Website ein, um das Vertrauen und den Social Proof m\u00fchelos in Ihre Jimdo-Website zu steigern.","application_category":[],"applications_title":"","applications_request_title":"","applications_request_button_text":"","hero_text":"","hero_video":"","hero_video_schema_markup":"","selling_points_title":"","selling_points_caption":"","selling_points":[],"selling_points_cta_text":"","features_title":"","features":"","ed_cta_examples_text":"","ed_cta_examples_hidden":"","ed_cta_demo_text":"","ed_cta_demo_hidden":"","why_caption":"","why_editor_title":"","why_editor_text":"","why_team_title":"","why_team_text":"","why_service_title":"","why_service_text":"","template_catalog_visible":"","template_catalog_title":"","template_catalog_text":"","template_catalog_categories_visible":"","demo_title":"Erstellen Sie Ihr Facebook-Rezensions-Widget","demo_caption":"Konfigurieren Sie Ihre Facebook-Bewertungen und f\u00fcgen Sie sie kostenlos zu Ihrer Jimdo-Website hinzu!","default_faq_hidden":"","app_template_category":[],"platform":"239","template_public_id":"","codecanyon_url":"","codecanyon_item_id":"","codecanyon_price":"","pricing_caption":"","pricing_elfsight_apps_hide_column":"","pricing_elfsight_apps_url":"","pricing_codecanyon_price_caption":"","integration_category":[],"integration_request_title":"","integration_request_cta":"","integration_platform":"","integrations":[],"platform_category":[],"video_schema_markup":"","price":"ab 0 $ \/ Monat","trial":"","benefits":[{"text":"Kostenlose Installationshilfe"},{"text":"Erfahrener Kundensupport"},{"text":"14-t\u00e4gige Geld-zur\u00fcck-Garantie"},{"text":"Fortlaufende Entwicklung"}],"button_url":"#demo","button_target_blank":"","button_nofollow":"","attributes":[{"name":"Installiert","content":"10,000 - 100,000"},{"name":"Reaktionsfreudig","content":"Ja"},{"name":"Kompatible Browser","content":"Firefox, Safari, Opera, Chrome, Edge"}],"tags":[],"tags_disable_links":"","hide_more_platforms":"","video_object":"","demo_hide_cta":"","demo_hide_cloud_options":"","pricing_title":"","pricing":[{"pricing_icon":"platform","pricing_title":"Elfsight Apps","pricing_title_caption":"Plattform\u00fcbergreifende Version, die auf jeder Website funktioniert","pricing_price":"ab 0 $ \/ Monat","pricing_price_caption":"Beginnen Sie mit einem kostenlosen Plan","pricing_benefits":[{"text":"Unbegrenzte Domains"},{"text":"Support rund um die Uhr und gut dokumentiert"},{"text":"Kostenlose Installationsunterst\u00fctzung"},{"text":"Vollst\u00e4ndig anpassbar"}],"pricing_button_text":"Zur Website hinzuf\u00fcgen","pricing_button_url":"#demo"}],"related_apps_title":"","related_apps_hidden":"","author":"","image":[],"title":"","job":"","social_networks":[]},"_links":{"self":[{"href":"https:\/\/elfsight.com\/de\/wp-json\/wp\/v2\/pages\/17144","targetHints":{"allow":["GET"]}}],"collection":[{"href":"https:\/\/elfsight.com\/de\/wp-json\/wp\/v2\/pages"}],"about":[{"href":"https:\/\/elfsight.com\/de\/wp-json\/wp\/v2\/types\/page"}],"author":[{"embeddable":true,"href":"https:\/\/elfsight.com\/de\/wp-json\/wp\/v2\/users\/9"}],"replies":[{"embeddable":true,"href":"https:\/\/elfsight.com\/de\/wp-json\/wp\/v2\/comments?post=17144"}],"version-history":[{"count":2,"href":"https:\/\/elfsight.com\/de\/wp-json\/wp\/v2\/pages\/17144\/revisions"}],"predecessor-version":[{"id":21534,"href":"https:\/\/elfsight.com\/de\/wp-json\/wp\/v2\/pages\/17144\/revisions\/21534"}],"up":[{"embeddable":true,"href":"https:\/\/elfsight.com\/de\/wp-json\/wp\/v2\/pages\/529"}],"wp:attachment":[{"href":"https:\/\/elfsight.com\/de\/wp-json\/wp\/v2\/media?parent=17144"}],"curies":[{"name":"wp","href":"https:\/\/api.w.org\/{rel}","templated":true}]}}