{"id":17143,"date":"2024-05-03T06:36:06","date_gmt":"2024-05-03T06:36:06","guid":{"rendered":"https:\/\/elfsight.com\/de\/?page_id=17143"},"modified":"2025-01-14T18:30:20","modified_gmt":"2025-01-14T18:30:20","slug":"shopify","status":"publish","type":"page","link":"https:\/\/elfsight.com\/de\/facebook-feed-widget\/shopify\/","title":{"rendered":"Facebook Feed &#8211; Shopify"},"content":{"rendered":"\n<div class=\"application-platform-content-item-description application-platform-content-item\" id=\"description\" data-nav-section=\"description\"><h2>Facebook-Feed auf Shopify mit dem Elfsight-Widget einbetten<\/h2><p>Zeigen Sie Ihre Facebook-Seite in unserer universellen App an \u2013 Facebook Feed. Seiten, Videos, Fotos \u2013 stellen Sie sicher, dass Ihre Besucher keine einzige Neuigkeit verpassen. Verlockendes Design mit echten Facebook-Elementen wird nicht unbemerkt bleiben und Ihnen die M\u00f6glichkeit geben, nicht nur bestehende Kunden auf der Website zu halten, sondern auch neue Facebook-Abonnenten zu gewinnen.<\/p><p><b>Erweitern Sie Ihre Website auf h\u00f6chstem Niveau B\u00fchne zusammen mit der Shopify-Facebook-App.<\/b><\/p><ul><li><b>Steigern Sie Ihre Website-Conversion um bis zu 125 %<\/b>.<br>F\u00fcgen Sie Ihrer Website eine Social-Media-Einheit hinzu Website erweitern und mehr Kunden gewinnen. Lassen Sie Ihre Besucher Ihr Unternehmen auf Facebook entdecken und gewinnen Sie ihr Vertrauen, was zur Steigerung Ihrer Conversion beitr\u00e4gt.<\/li><li><b>Bewerben Sie Ihr Facebook-Konto<\/b>.<br>Nutzen Sie Ihre Facebook-Inhalte nicht nur, um Um die Zuschauer der sozialen Medien zu unterhalten, aber auch um Besucher von der Website zu gewinnen und sie auf Ihre Facebook-Seite zu leiten. F\u00fcgen Sie auff\u00e4llige Feeds oder Bilder hinzu, um sofort neue Abonnenten zu gewinnen!<\/li><li><b>1 Facebook-Widget als 3<\/b>.<br>Alle Ihre Facebook-Inhalte in einem Widget: F\u00fcgen Sie Beitr\u00e4ge mit Feedback hinzu , Aktien oder alle verf\u00fcgbaren Reaktionen; Erstellen Sie mithilfe von Facebook-Alben Bilder und Videogalerien auf der Website.<\/li><\/ul><\/div><div class=\"application-platform-content-item-features application-platform-content-item\" id=\"features\" data-nav-section=\"features\"><h2>Hauptfunktionen des Facebook-Feed-Widgets<\/h2><p>Mehrere Eigenschaften, die unseren Facebook-Feed zur besten App f\u00fcr eine Shopify-Website machen.<\/p><ul><li>3 anzeigbare Arten von Facebook-Inhalten: Beitr\u00e4ge, Videos und Fotos mit Alben;<\/li><li>Anpassbarer Pop -ups mit umschaltbaren Elementen: Autor, Likes-Anzahl, Shares-Anzahl, Kommentare;<\/li><li>Einstellbare Breite und H\u00f6he;<\/li><li>Kopfzeile ein- oder ausschalten;<\/li><li>Kostenlos Installationsservice.<\/li><\/ul><p><a href=\"#demo\">Sehen Sie sich alle Funktionen in der Live-Demo an<\/a><\/p><\/div><div class=\"application-platform-content-item-installation application-platform-content-item\" id=\"installation\" data-nav-section=\"installation\"> <h2>So f\u00fcgen Sie einen Facebook-Feed zur Shopify-Website hinzu<\/h2><div class=\"video-container\"><iframe width=\"720\" height=\"405\" src=\"https:\/\/www.youtube.com\/embed\/4iTtZ_DcOOA\" frameborder=\"0\" allowfullscreen=\"\"><\/iframe><\/div><p>Folgen Sie unserer Anleitung, um die Installation abzuschlie\u00dfen. Dies dauert nur wenige Minuten und erfordert keine Programmierkenntnisse.<\/p><ol><li><b>Starten Sie unsere kostenlose Demo und beginnen Sie mit der Arbeit mit Ihrer eigenen App. <\/b><br> W\u00e4hlen Sie das passende Layout und die Leistung der App und \u00fcbernehmen Sie alle \u00c4nderungen. <\/li> <li><b>Erhalten Sie Ihren individuellen Code, der im Fenster von Elfsight Apps angezeigt wird. <\/b><br> Wenn die Einrichtung Ihrer App abgeschlossen ist, kopieren Sie Ihren Code aus dem angezeigten Feld und speichern Sie ihn f\u00fcr zuk\u00fcnftige Gelegenheiten. <\/li> <li><b>Beginnen Sie mit der Verwendung der App auf Ihrer Shopify-Webseite. <\/b><br> Integrieren Sie den Code, den Sie k\u00fcrzlich kopiert haben, in Ihre Seite und speichern Sie die \u00c4nderungen. <\/li> <li><b>Die Installation wurde erfolgreich abgeschlossen. <\/b><br> Besuchen Sie Ihre Website, um einen Blick auf die Funktionsweise der App zu werfen. <\/li><\/ol><p>Ben\u00f6tigen Sie mehr individuellen Support? Schreiben Sie an unser Hilfecenter und wir finden gerne eine L\u00f6sung f\u00fcr Sie oder lesen Sie eine <a href=\"https:\/\/elfsight.com\/tutorials\/how-to-add-facebook-feed-app-to-shopify\/\" target=\"_blank\" rel=\"noopener noreferrer\">Detaillierter Artikel<\/a>.<\/p><\/div>\n\n<div class=\"faq\" data-component=\"FAQ\"> <div class=\"faq-item\">\r\n\t\t\t\t\t<div class=\"faq-item-question\">\r\n\t\t\t\t\t\t<h3 class=\"faq-item-question-text\">Wie kann ich den Facebook Feed ohne Programmierkenntnisse auf meiner Shopify-Webseite hinzuf\u00fcgen?<\/h3>\r\n\r\n\t\t\t\t\t\t<div class=\"faq-item-question-icon\"><\/div>\r\n\t\t\t\t\t<\/div>\r\n\r\n\t\t\t\t\t<div class=\"faq-item-answer\">\r\n\t\t\t\t\t\t<div class=\"faq-item-answer-text\"> \n\n<p>Das Unternehmen Elfsight bietet eine SaaS-L\u00f6sung, die es einer breiten Nutzergruppe erm\u00f6glicht, selbst eine Facebook Feed-App zu erstellen. Sehen Sie, wie einfach der Prozess ist:<\/p>\n\n<ul>\n<li>Starten Sie direkt im Online-Editor, um ein Facebook Feed-Plugin zu erstellen, das Sie auf Ihrer Shopify-Seite hinzuf\u00fcgen m\u00f6chten.<\/li>\n<li>W\u00e4hlen Sie eine der vielen vorgefertigten Vorlagen aus und passen Sie die Facebook Feed-Einstellungen an, f\u00fcgen Sie Ihre Inhalte hinzu, \u00e4ndern Sie das Layout und die Farben der Elemente \u2013 ganz ohne Programmierkenntnisse.<\/li>\n<li>Speichern Sie die vorgenommenen Einstellungen f\u00fcr den Facebook Feed und kopieren Sie den Code des Plugins zum Einbetten, den Sie problemlos kostenlos auf Ihrer Shopify-Webseite einf\u00fcgen k\u00f6nnen.<\/li>\n<\/ul>\n\n<p>Mit unserem benutzerfreundlichen Konfigurator kann jeder Internetnutzer ein Facebook Feed-Plugin erstellen und es ganz einfach auf seiner Shopify-Webseite einf\u00fcgen. Es ist nicht notwendig, ein kostenpflichtiges Abonnement abzuschlie\u00dfen oder Ihre Kartendaten einzugeben, um auf den Elfsight-Service zuzugreifen. Wenn Sie auf ein Problem sto\u00dfen, k\u00f6nnen Sie sich jederzeit an unser Support-Team wenden.<\/p>\n\n<\/div>\r\n\t\t\t\t\t<\/div>\r\n\t\t\t\t<\/div> <\/div>\n","protected":false},"excerpt":{"rendered":"","protected":false},"author":9,"featured_media":0,"parent":651,"menu_order":0,"comment_status":"closed","ping_status":"closed","template":"templates\/template-application-platform.php","meta":{"publish_to_discourse":"","publish_post_category":"","wpdc_auto_publish_overridden":"","wpdc_topic_tags":"","wpdc_pin_topic":"","wpdc_pin_until":"","discourse_post_id":"","discourse_permalink":"","wpdc_publishing_response":"","wpdc_publishing_error":"","footnotes":""},"class_list":["post-17143","page","type-page","status-publish","hentry"],"yoast_head":"<!-- This site is optimized with the Yoast SEO plugin v25.3.1 - https:\/\/yoast.com\/wordpress\/plugins\/seo\/ -->\n<title>Facebook-Feed \u2013 Facebook-App zu Shopify hinzuf\u00fcgen (einfach und schnell)<\/title>\n<meta name=\"description\" content=\"Integrieren Sie die beste Facebook-Feed-App in Ihren Shopify-Shop. Testen Sie die interaktive Demo von Elfsight und entwerfen Sie Ihre pers\u00f6nliche App in nur 1 Minute.\" \/>\n<meta name=\"robots\" content=\"index, follow, max-snippet:-1, max-image-preview:large, max-video-preview:-1\" \/>\n<link rel=\"canonical\" href=\"https:\/\/elfsight.com\/de\/facebook-feed-widget\/shopify\/\" \/>\n<meta property=\"og:locale\" content=\"de_DE\" \/>\n<meta property=\"og:type\" content=\"article\" \/>\n<meta property=\"og:title\" content=\"Facebook-Feed \u2013 Facebook-App zu Shopify hinzuf\u00fcgen (einfach und schnell)\" \/>\n<meta property=\"og:description\" content=\"Integrieren Sie die beste Facebook-Feed-App in Ihren Shopify-Shop. Testen Sie die interaktive Demo von Elfsight und entwerfen Sie Ihre pers\u00f6nliche App in nur 1 Minute.\" \/>\n<meta property=\"og:url\" content=\"https:\/\/elfsight.com\/de\/facebook-feed-widget\/shopify\/\" \/>\n<meta property=\"og:site_name\" content=\"Elfsight DE\" \/>\n<meta property=\"article:modified_time\" content=\"2025-01-14T18:30:20+00:00\" \/>\n<meta name=\"twitter:card\" content=\"summary_large_image\" \/>\n<meta name=\"twitter:label1\" content=\"Gesch\u00e4tzte Lesezeit\" \/>\n\t<meta name=\"twitter:data1\" content=\"4\u00a0Minuten\" \/>\n<!-- \/ Yoast SEO plugin. -->","yoast_head_json":{"title":"Facebook-Feed \u2013 Facebook-App zu Shopify hinzuf\u00fcgen (einfach und schnell)","description":"Integrieren Sie die beste Facebook-Feed-App in Ihren Shopify-Shop. Testen Sie die interaktive Demo von Elfsight und entwerfen Sie Ihre pers\u00f6nliche App in nur 1 Minute.","robots":{"index":"index","follow":"follow","max-snippet":"max-snippet:-1","max-image-preview":"max-image-preview:large","max-video-preview":"max-video-preview:-1"},"canonical":"https:\/\/elfsight.com\/de\/facebook-feed-widget\/shopify\/","og_locale":"de_DE","og_type":"article","og_title":"Facebook-Feed \u2013 Facebook-App zu Shopify hinzuf\u00fcgen (einfach und schnell)","og_description":"Integrieren Sie die beste Facebook-Feed-App in Ihren Shopify-Shop. Testen Sie die interaktive Demo von Elfsight und entwerfen Sie Ihre pers\u00f6nliche App in nur 1 Minute.","og_url":"https:\/\/elfsight.com\/de\/facebook-feed-widget\/shopify\/","og_site_name":"Elfsight DE","article_modified_time":"2025-01-14T18:30:20+00:00","twitter_card":"summary_large_image","twitter_misc":{"Gesch\u00e4tzte Lesezeit":"4\u00a0Minuten"},"schema":{"@context":"https:\/\/schema.org","@graph":[{"@type":"WebPage","@id":"https:\/\/elfsight.com\/de\/facebook-feed-widget\/shopify\/","url":"https:\/\/elfsight.com\/de\/facebook-feed-widget\/shopify\/","name":"Facebook-Feed \u2013 Facebook-App zu Shopify hinzuf\u00fcgen (einfach und schnell)","isPartOf":{"@id":"https:\/\/elfsight.com\/de\/#website"},"datePublished":"2024-05-03T06:36:06+00:00","dateModified":"2025-01-14T18:30:20+00:00","description":"Integrieren Sie die beste Facebook-Feed-App in Ihren Shopify-Shop. Testen Sie die interaktive Demo von Elfsight und entwerfen Sie Ihre pers\u00f6nliche App in nur 1 Minute.","breadcrumb":{"@id":"https:\/\/elfsight.com\/de\/facebook-feed-widget\/shopify\/#breadcrumb"},"inLanguage":"de","potentialAction":[{"@type":"ReadAction","target":["https:\/\/elfsight.com\/de\/facebook-feed-widget\/shopify\/"]}]},{"@type":"BreadcrumbList","@id":"https:\/\/elfsight.com\/de\/facebook-feed-widget\/shopify\/#breadcrumb","itemListElement":[{"@type":"ListItem","position":1,"name":"Home","item":"https:\/\/elfsight.com\/de\/"},{"@type":"ListItem","position":2,"name":"Facebook Feed","item":"https:\/\/elfsight.com\/de\/facebook-feed-widget\/"},{"@type":"ListItem","position":3,"name":"Facebook Feed &#8211; Shopify"}]},{"@type":"WebSite","@id":"https:\/\/elfsight.com\/de\/#website","url":"https:\/\/elfsight.com\/de\/","name":"Elfsight DE","description":"Just another Elfsight Sites site","potentialAction":[{"@type":"SearchAction","target":{"@type":"EntryPoint","urlTemplate":"https:\/\/elfsight.com\/de\/?s={search_term_string}"},"query-input":{"@type":"PropertyValueSpecification","valueRequired":true,"valueName":"search_term_string"}}],"inLanguage":"de"}]}},"meta_box":{"industry":"","seo_heading":"","heading":"","description":"","cta_heading":"","cta_description":"","application":"185","h1":"Facebook-Feed-App f\u00fcr Shopify","h1_caption":"Betten Sie Beitr\u00e4ge von Ihrer Facebook-Seite ein, um Ihre Website-Besucher m\u00fchelos mit Ihren neuesten Updates und Neuigkeiten auf Ihrer Shopify-Website zu besch\u00e4ftigen.","application_category":[],"applications_title":"","applications_request_title":"","applications_request_button_text":"","hero_text":"","hero_video":"","hero_video_schema_markup":"","selling_points_title":"","selling_points_caption":"","selling_points":[],"selling_points_cta_text":"","features_title":"","features":"","ed_cta_examples_text":"","ed_cta_examples_hidden":"","ed_cta_demo_text":"","ed_cta_demo_hidden":"","why_caption":"","why_editor_title":"","why_editor_text":"","why_team_title":"","why_team_text":"","why_service_title":"","why_service_text":"","template_catalog_visible":"0","template_catalog_title":"","template_catalog_text":"","template_catalog_categories_visible":"","demo_title":"Erstellen Sie Ihre Facebook-Feed-App","demo_caption":"Konfigurieren Sie Ihren Facebook-Feed und f\u00fcgen Sie ihn kostenlos zu Ihrer Shopify-Website hinzu!","default_faq_hidden":"","app_template_category":[],"platform":"253","template_public_id":"","codecanyon_url":"","codecanyon_item_id":"","codecanyon_price":"","pricing_caption":"","pricing_elfsight_apps_hide_column":"","pricing_elfsight_apps_url":"","pricing_codecanyon_price_caption":"","integration_category":[],"integration_request_title":"","integration_request_cta":"","integration_platform":"","integrations":[],"platform_category":[],"video_schema_markup":"","price":"ab 0 $ \/ Monat","trial":"","benefits":[{"text":"Kostenloser Installationsservice"},{"text":"Premium-Support"},{"text":"14-t\u00e4gige Geld-zur\u00fcck-Garantie"},{"text":"Kontinuierliche kostenlose Updates"}],"button_url":"#demo","button_target_blank":"0","button_nofollow":"0","attributes":[{"name":"Installiert","content":"100,000 - 500,000"},{"name":"Reaktionsfreudig","content":"Ja"},{"name":"Kompatible Browser","content":"Firefox, Safari, Opera, Chrome, Edge"}],"tags":[],"tags_disable_links":"0","hide_more_platforms":"","video_object":"","demo_hide_cta":"0","demo_hide_cloud_options":"0","pricing_title":"","pricing":[{"pricing_icon":"platform","pricing_title":"Elfsight Apps","pricing_title_caption":"Plattform\u00fcbergreifende Version, die auf jeder Website funktioniert (einschlie\u00dflich Shopify)","pricing_price":"ab 0 $ \/ Monat","pricing_price_caption":"Beginnen Sie mit dem kostenlosen Plan","pricing_benefits":[{"text":"Unbegrenzte Websites"},{"text":"Sonderangebot f\u00fcr mehrere Apps"},{"text":"Premium-Support"},{"text":"Kostenloser Installationsservice"}],"pricing_button_text":"Zur Website hinzuf\u00fcgen","pricing_button_url":"#demo"}],"related_apps_title":"","related_apps_hidden":"0","author":"","image":[],"title":"","job":"","social_networks":[]},"_links":{"self":[{"href":"https:\/\/elfsight.com\/de\/wp-json\/wp\/v2\/pages\/17143","targetHints":{"allow":["GET"]}}],"collection":[{"href":"https:\/\/elfsight.com\/de\/wp-json\/wp\/v2\/pages"}],"about":[{"href":"https:\/\/elfsight.com\/de\/wp-json\/wp\/v2\/types\/page"}],"author":[{"embeddable":true,"href":"https:\/\/elfsight.com\/de\/wp-json\/wp\/v2\/users\/9"}],"replies":[{"embeddable":true,"href":"https:\/\/elfsight.com\/de\/wp-json\/wp\/v2\/comments?post=17143"}],"version-history":[{"count":5,"href":"https:\/\/elfsight.com\/de\/wp-json\/wp\/v2\/pages\/17143\/revisions"}],"predecessor-version":[{"id":23665,"href":"https:\/\/elfsight.com\/de\/wp-json\/wp\/v2\/pages\/17143\/revisions\/23665"}],"up":[{"embeddable":true,"href":"https:\/\/elfsight.com\/de\/wp-json\/wp\/v2\/pages\/651"}],"wp:attachment":[{"href":"https:\/\/elfsight.com\/de\/wp-json\/wp\/v2\/media?parent=17143"}],"curies":[{"name":"wp","href":"https:\/\/api.w.org\/{rel}","templated":true}]}}