{"id":17137,"date":"2024-05-03T06:36:04","date_gmt":"2024-05-03T06:36:04","guid":{"rendered":"https:\/\/elfsight.com\/de\/?page_id=17137"},"modified":"2025-01-14T16:35:59","modified_gmt":"2025-01-14T16:35:59","slug":"bigcommerce","status":"publish","type":"page","link":"https:\/\/elfsight.com\/de\/facebook-feed-widget\/bigcommerce\/","title":{"rendered":"Facebook Feed &#8211; BigCommerce"},"content":{"rendered":"\n<div class=\"application-platform-content-item-description application-platform-content-item\" id=\"description\" data-nav-section=\"description\"><h2>Beschreibung<\/h2><p>Zeigen Sie Ihre Facebook-Seite in unserer leistungsstarken App an \u2013 Facebook Feed. Beitr\u00e4ge, Videos, Bilder \u2013 stellen Sie sicher, dass Ihre Leser keine einzige Nachricht von Ihnen \u00fcberspringen. Eine stilvolle Benutzeroberfl\u00e4che mit echten Facebook-Komponenten wird mit Sicherheit auffallen und dazu beitragen, nicht nur aktuelle K\u00e4ufer auf der Website zu halten, sondern auch neue Facebook-Abonnenten einzuladen.<\/p><p><b>Verbessern Sie Ihre Website auf ein h\u00f6heres Niveau Maximale H\u00f6he zusammen mit der BigCommerce-Facebook-App.<\/b><\/p><ul><li><b>Steigern Sie die Conversion Ihrer Website um bis zu 125 %<\/b>.<br>Nutzen Sie ein soziales Element Vertrauen Sie auf Ihre Website, um mehr Kunden zu gewinnen. Lassen Sie Ihre Besucher Ihr Unternehmen auf Facebook entdecken und gewinnen Sie ihr volles Vertrauen, was zur Steigerung Ihrer Conversion beitr\u00e4gt.<\/li><li><b>Bewerben Sie Ihr Facebook-Profil<\/b>.<br>Zeigen Sie Facebook-Inhalte nicht nur f\u00fcr Besucher der sozialen Medien, sondern auch, um Nutzer von der Website auf Ihr Facebook-Konto zu locken. F\u00fcgen Sie erkennbare Feeds oder Fotos hinzu, um sofort neue Abonnenten zu gewinnen!<\/li><li><b>Alle Facebook-Inhalte in einem Widget<\/b>.<br>Alle Arten von Facebook-Inhalten in einem einzigartigen Widget: Ver\u00f6ffentlichungen mit Kommentaren anzeigen , Shares oder Facebook-Reaktionen; Gestalten Sie Bilder und Videogalerien auf der Website aus Facebook-Alben.<\/li><\/ul><\/div><div class=\"application-platform-content-item-features application-platform-content-item\" id=\"features\" data-nav-section=\"features\"><h2>Funktionen<\/h2><p>Mehrere Eigenschaften, die sich ver\u00e4ndern werden Unser Facebook-Feed in eine unverzichtbare App f\u00fcr eine BigCommerce-Website.<\/p><ul><li>3 anzeigbare Arten von Facebook-Inhalten: Beitr\u00e4ge, Videos und Fotos mit Alben;<\/li><li>Fotos, Alben usw. anzeigen beides;<\/li><li>Beitr\u00e4ge mit umschaltbaren Informationen: Autor, Likes-Anzahl, Shares-Anzahl, Share-Button;<\/li><li>Videos anzeigen oder ausblenden;<\/li><li>Anpassbare Cache-Zeit.<\/li><\/ul><p><a href=\"#demo\">Testen Sie alle Funktionen in einer Live-Demo<\/a><\/p><\/div><div class=\"application-platform-content-item-installation application-platform-content-item\" id=\"installation\" data-nav-section=\"installation\"><h2>Anleitung Facebook-App zur BigCommerce-Website hinzuf\u00fcgen<\/h2><div class=\"video-container\"><iframe src=\"https:\/\/www.youtube.com\/embed\/GZwiP0igJZg\" width=\"720\" height=\"405\" frameborder=\"0\" allowfullscreen=\"allowfullscreen\"><\/iframe><\/div><p>F\u00fchren Sie einfach die unten angegebenen Schritte aus, um das Plugin bei BigCommerce einzuf\u00fcgen.<\/p> <ol><li><b>Starten Sie unsere kostenlose Demo und beginnen Sie mit der Entwicklung Ihres eigenen Plugins. <\/b><br> W\u00e4hlen Sie das ausgew\u00e4hlte Aussehen und die Eigenschaften des Plugins und wenden Sie die Korrekturen an. <\/li> <li><b>Kopieren Sie Ihren pers\u00f6nlichen Code, der in der Box auf Elfsight Apps angezeigt wird. <\/b><br> Wenn die Generierung Ihrer pers\u00f6nlichen App abgeschlossen ist, kopieren Sie den pers\u00f6nlichen Code aus dem angezeigten Popup und bewahren Sie ihn zur weiteren Verwendung auf. <\/li> <li><b>Erste Schritte mit der Verwendung des Widgets auf der BigCommerce-Website. <\/b><br> Betten Sie den Code, den Sie k\u00fcrzlich kopiert haben, in Ihre Website ein und wenden Sie die Korrekturen an. <\/li> <li><b>Die Installation wurde erfolgreich beendet. <\/b><br> Besuchen Sie Ihre Seite, um die Arbeit der App in Aktion zu sehen. <\/li><\/ol><p>Ben\u00f6tigen Sie konkretere Hilfe? ? Kontaktieren Sie den Elfsight-Kundensupport und wir finden gerne eine L\u00f6sung oder lernen ein <a href=\"https:\/\/elfsight.com\/tutorials\/how-to-add-facebook-feed-plugin-to-bigcommerce\/\" target=\"_blank\" rel=\"noopener noreferrer\">vollst\u00e4ndiger Leitfaden<\/a>.<\/p><\/div>\n<div class=\"faq\" data-component=\"FAQ\"> <div class=\"faq-item\">\r\n\t\t\t\t\t<div class=\"faq-item-question\">\r\n\t\t\t\t\t\t<h3 class=\"faq-item-question-text\">Gibt es eine M\u00f6glichkeit, einen Facebook Feed auf meiner BigCommerce-Webseite ohne Programmierkenntnisse hinzuzuf\u00fcgen?<\/h3>\r\n\r\n\t\t\t\t\t\t<div class=\"faq-item-question-icon\"><\/div>\r\n\t\t\t\t\t<\/div>\r\n\r\n\t\t\t\t\t<div class=\"faq-item-answer\">\r\n\t\t\t\t\t\t<div class=\"faq-item-answer-text\">\n\n<p>Das Unternehmen Elfsight bietet eine L\u00f6sung, mit der Sie ein Facebook Feed-Widget selbst erstellen k\u00f6nnen. Erfahren Sie hier, wie einfach der Vorgang ist:<\/p>\n\n<ul>\n  <li>Gehen Sie zur Online-Demo, um den Facebook Feed zu erstellen, den Sie auf Ihrer BigCommerce-Seite einf\u00fcgen m\u00f6chten.<\/li>\n  <li>W\u00e4hlen Sie eine der vorgefertigten Vorlagen aus und passen Sie die Facebook Feed-Einstellungen an, aktualisieren Sie Ihre Inhalte, \u00e4ndern Sie Layout und Farbschema \u2013 ganz ohne Programmierkenntnisse.<\/li>\n  <li>Speichern Sie die Einstellungen, die Sie f\u00fcr den Facebook Feed vorgenommen haben, und holen Sie sich den Code des Widgets f\u00fcr die Installation, den Sie auf der BigCommerce-Website einf\u00fcgen k\u00f6nnen, ohne einen kostenpflichtigen Plan zu erwerben.<\/li>\n<\/ul>\n\n<p>Mit unserem benutzerfreundlichen Konfigurator kann jeder Internetnutzer eine Facebook Feed-App erstellen und sie problemlos auf der BigCommerce-Startseite hinzuf\u00fcgen. Es ist nicht erforderlich, zu zahlen oder Kartendaten anzugeben, um auf unseren Editor zuzugreifen. Falls Sie bei einem der Schritte auf Hindernisse sto\u00dfen, z\u00f6gern Sie nicht, sich an unseren technischen Kundensupport zu wenden.<\/p>\n\n<\/div>\r\n\t\t\t\t\t<\/div>\r\n\t\t\t\t<\/div>\n<\/div>\n","protected":false},"excerpt":{"rendered":"","protected":false},"author":9,"featured_media":0,"parent":651,"menu_order":0,"comment_status":"closed","ping_status":"closed","template":"templates\/template-application-platform.php","meta":{"publish_to_discourse":"","publish_post_category":"","wpdc_auto_publish_overridden":"","wpdc_topic_tags":"","wpdc_pin_topic":"","wpdc_pin_until":"","discourse_post_id":"","discourse_permalink":"","wpdc_publishing_response":"","wpdc_publishing_error":"","footnotes":""},"class_list":["post-17137","page","type-page","status-publish","hentry"],"yoast_head":"<!-- This site is optimized with the Yoast SEO plugin v25.3.1 - https:\/\/yoast.com\/wordpress\/plugins\/seo\/ -->\n<title>Facebook-Feed \u2013 Facebook-App zur BigCommerce-Website hinzuf\u00fcgen<\/title>\n<meta name=\"description\" content=\"F\u00fcgen Sie eine responsive Facebook-Feed-App auf Ihrer BigCommerce-Website ein. Nutzen Sie unseren interaktiven Editor und gestalten Sie Ihre pers\u00f6nliche App in nur 2 Minuten.\" \/>\n<meta name=\"robots\" content=\"index, follow, max-snippet:-1, max-image-preview:large, max-video-preview:-1\" \/>\n<link rel=\"canonical\" href=\"https:\/\/elfsight.com\/de\/facebook-feed-widget\/bigcommerce\/\" \/>\n<meta property=\"og:locale\" content=\"de_DE\" \/>\n<meta property=\"og:type\" content=\"article\" \/>\n<meta property=\"og:title\" content=\"Facebook-Feed \u2013 Facebook-App zur BigCommerce-Website hinzuf\u00fcgen\" \/>\n<meta property=\"og:description\" content=\"F\u00fcgen Sie eine responsive Facebook-Feed-App auf Ihrer BigCommerce-Website ein. Nutzen Sie unseren interaktiven Editor und gestalten Sie Ihre pers\u00f6nliche App in nur 2 Minuten.\" \/>\n<meta property=\"og:url\" content=\"https:\/\/elfsight.com\/de\/facebook-feed-widget\/bigcommerce\/\" \/>\n<meta property=\"og:site_name\" content=\"Elfsight DE\" \/>\n<meta property=\"article:modified_time\" content=\"2025-01-14T16:35:59+00:00\" \/>\n<meta name=\"twitter:card\" content=\"summary_large_image\" \/>\n<meta name=\"twitter:label1\" content=\"Gesch\u00e4tzte Lesezeit\" \/>\n\t<meta name=\"twitter:data1\" content=\"4\u00a0Minuten\" \/>\n<!-- \/ Yoast SEO plugin. -->","yoast_head_json":{"title":"Facebook-Feed \u2013 Facebook-App zur BigCommerce-Website hinzuf\u00fcgen","description":"F\u00fcgen Sie eine responsive Facebook-Feed-App auf Ihrer BigCommerce-Website ein. Nutzen Sie unseren interaktiven Editor und gestalten Sie Ihre pers\u00f6nliche App in nur 2 Minuten.","robots":{"index":"index","follow":"follow","max-snippet":"max-snippet:-1","max-image-preview":"max-image-preview:large","max-video-preview":"max-video-preview:-1"},"canonical":"https:\/\/elfsight.com\/de\/facebook-feed-widget\/bigcommerce\/","og_locale":"de_DE","og_type":"article","og_title":"Facebook-Feed \u2013 Facebook-App zur BigCommerce-Website hinzuf\u00fcgen","og_description":"F\u00fcgen Sie eine responsive Facebook-Feed-App auf Ihrer BigCommerce-Website ein. Nutzen Sie unseren interaktiven Editor und gestalten Sie Ihre pers\u00f6nliche App in nur 2 Minuten.","og_url":"https:\/\/elfsight.com\/de\/facebook-feed-widget\/bigcommerce\/","og_site_name":"Elfsight DE","article_modified_time":"2025-01-14T16:35:59+00:00","twitter_card":"summary_large_image","twitter_misc":{"Gesch\u00e4tzte Lesezeit":"4\u00a0Minuten"},"schema":{"@context":"https:\/\/schema.org","@graph":[{"@type":"WebPage","@id":"https:\/\/elfsight.com\/de\/facebook-feed-widget\/bigcommerce\/","url":"https:\/\/elfsight.com\/de\/facebook-feed-widget\/bigcommerce\/","name":"Facebook-Feed \u2013 Facebook-App zur BigCommerce-Website hinzuf\u00fcgen","isPartOf":{"@id":"https:\/\/elfsight.com\/de\/#website"},"datePublished":"2024-05-03T06:36:04+00:00","dateModified":"2025-01-14T16:35:59+00:00","description":"F\u00fcgen Sie eine responsive Facebook-Feed-App auf Ihrer BigCommerce-Website ein. Nutzen Sie unseren interaktiven Editor und gestalten Sie Ihre pers\u00f6nliche App in nur 2 Minuten.","breadcrumb":{"@id":"https:\/\/elfsight.com\/de\/facebook-feed-widget\/bigcommerce\/#breadcrumb"},"inLanguage":"de","potentialAction":[{"@type":"ReadAction","target":["https:\/\/elfsight.com\/de\/facebook-feed-widget\/bigcommerce\/"]}]},{"@type":"BreadcrumbList","@id":"https:\/\/elfsight.com\/de\/facebook-feed-widget\/bigcommerce\/#breadcrumb","itemListElement":[{"@type":"ListItem","position":1,"name":"Home","item":"https:\/\/elfsight.com\/de\/"},{"@type":"ListItem","position":2,"name":"Facebook Feed","item":"https:\/\/elfsight.com\/de\/facebook-feed-widget\/"},{"@type":"ListItem","position":3,"name":"Facebook Feed &#8211; BigCommerce"}]},{"@type":"WebSite","@id":"https:\/\/elfsight.com\/de\/#website","url":"https:\/\/elfsight.com\/de\/","name":"Elfsight DE","description":"Just another Elfsight Sites site","potentialAction":[{"@type":"SearchAction","target":{"@type":"EntryPoint","urlTemplate":"https:\/\/elfsight.com\/de\/?s={search_term_string}"},"query-input":{"@type":"PropertyValueSpecification","valueRequired":true,"valueName":"search_term_string"}}],"inLanguage":"de"}]}},"meta_box":{"industry":"","seo_heading":"","heading":"","description":"","cta_heading":"","cta_description":"","application":"185","h1":"Facebook-Feed-App f\u00fcr BigCommerce","h1_caption":"Betten Sie Beitr\u00e4ge von Ihrer Facebook-Seite ein, um Ihre Website-Besucher m\u00fchelos mit Ihren neuesten Updates und Neuigkeiten auf Ihrer BigCommerce-Website zu besch\u00e4ftigen.","application_category":[],"applications_title":"","applications_request_title":"","applications_request_button_text":"","hero_text":"","hero_video":"","hero_video_schema_markup":"","selling_points_title":"","selling_points_caption":"","selling_points":[],"selling_points_cta_text":"","features_title":"","features":"","ed_cta_examples_text":"","ed_cta_examples_hidden":"","ed_cta_demo_text":"","ed_cta_demo_hidden":"","why_caption":"","why_editor_title":"","why_editor_text":"","why_team_title":"","why_team_text":"","why_service_title":"","why_service_text":"","template_catalog_visible":"0","template_catalog_title":"","template_catalog_text":"","template_catalog_categories_visible":"","demo_title":"Erstellen Sie Ihre Facebook-Feed-App","demo_caption":"Konfigurieren Sie Ihren Facebook-Feed und f\u00fcgen Sie ihn kostenlos zu Ihrer BigCommerce-Website hinzu!","default_faq_hidden":"","app_template_category":[],"platform":"268","template_public_id":"","codecanyon_url":"","codecanyon_item_id":"","codecanyon_price":"","pricing_caption":"","pricing_elfsight_apps_hide_column":"","pricing_elfsight_apps_url":"","pricing_codecanyon_price_caption":"","integration_category":[],"integration_request_title":"","integration_request_cta":"","integration_platform":"","integrations":[],"platform_category":[],"video_schema_markup":"","price":"ab 0 $ \/ Monat","trial":"","benefits":[{"text":"Kostenloser Installationsservice"},{"text":"Kompetenter Kundenservice"},{"text":"14-t\u00e4gige Geld-zur\u00fcck-Garantie"},{"text":"Regelm\u00e4\u00dfige kostenlose Updates"}],"button_url":"#demo","button_target_blank":"0","button_nofollow":"0","attributes":[{"name":"Installiert","content":"100,000 - 500,000"},{"name":"Reaktionsfreudig","content":"Ja"},{"name":"Kompatible Browser","content":"Firefox, Safari, Opera, Chrome, Edge"}],"tags":[],"tags_disable_links":"0","hide_more_platforms":"","video_object":"","demo_hide_cta":"0","demo_hide_cloud_options":"0","pricing_title":"","pricing":[{"pricing_icon":"platform","pricing_title":"Elfsight Apps","pricing_title_caption":"Multiplattform-Version","pricing_price":"ab 0 $ \/ Monat","pricing_price_caption":"Beginnen Sie mit einem kostenlosen Plan","pricing_benefits":[{"text":"Unbegrenzte Domains"},{"text":"Unternehmenssupport rund um die Uhr und gut dokumentiert"},{"text":"Kostenloser Installationsservice"},{"text":"Vollst\u00e4ndig anpassbar"}],"pricing_button_text":"Zur Website hinzuf\u00fcgen","pricing_button_url":"#demo"}],"related_apps_title":"","related_apps_hidden":"0","author":"","image":[],"title":"","job":"","social_networks":[]},"_links":{"self":[{"href":"https:\/\/elfsight.com\/de\/wp-json\/wp\/v2\/pages\/17137","targetHints":{"allow":["GET"]}}],"collection":[{"href":"https:\/\/elfsight.com\/de\/wp-json\/wp\/v2\/pages"}],"about":[{"href":"https:\/\/elfsight.com\/de\/wp-json\/wp\/v2\/types\/page"}],"author":[{"embeddable":true,"href":"https:\/\/elfsight.com\/de\/wp-json\/wp\/v2\/users\/9"}],"replies":[{"embeddable":true,"href":"https:\/\/elfsight.com\/de\/wp-json\/wp\/v2\/comments?post=17137"}],"version-history":[{"count":6,"href":"https:\/\/elfsight.com\/de\/wp-json\/wp\/v2\/pages\/17137\/revisions"}],"predecessor-version":[{"id":23642,"href":"https:\/\/elfsight.com\/de\/wp-json\/wp\/v2\/pages\/17137\/revisions\/23642"}],"up":[{"embeddable":true,"href":"https:\/\/elfsight.com\/de\/wp-json\/wp\/v2\/pages\/651"}],"wp:attachment":[{"href":"https:\/\/elfsight.com\/de\/wp-json\/wp\/v2\/media?parent=17137"}],"curies":[{"name":"wp","href":"https:\/\/api.w.org\/{rel}","templated":true}]}}