{"id":17136,"date":"2024-05-03T06:36:03","date_gmt":"2024-05-03T06:36:03","guid":{"rendered":"https:\/\/elfsight.com\/de\/?page_id=17136"},"modified":"2025-01-14T16:45:37","modified_gmt":"2025-01-14T16:45:37","slug":"blogger","status":"publish","type":"page","link":"https:\/\/elfsight.com\/de\/facebook-feed-widget\/blogger\/","title":{"rendered":"Facebook Feed &#8211; Blogger"},"content":{"rendered":"\n<div class=\"application-platform-content-item-description application-platform-content-item\" id=\"description\" data-nav-section=\"description\"><h2>Beschreibung<\/h2><p>Pr\u00e4sentieren Sie Ihre Facebook-Seite \u00fcber unser leistungsstarkes Plugin \u2013 Facebook Feed. Beitr\u00e4ge, Videos, Bilder \u2013 zweifeln Sie nie daran, dass Ihre Besucher keine einzige Ank\u00fcndigung verpassen werden. Trendiges Design mit echten Facebook-Elementen bleibt nicht unentdeckt und bietet Ihnen die M\u00f6glichkeit, nicht nur aktuelle K\u00e4ufer auf der Website zu halten, sondern auch neue Facebook-Abonnenten zu gewinnen.<\/p><p><b>Verbessern Sie das Level Ihrer Website eine v\u00f6llig neue Stufe, unterst\u00fctzt durch das Blogger-Facebook-Widget.<\/b><\/p><ul><li><b>Sorgen Sie daf\u00fcr, dass Benutzer auf der Seite bleiben<\/b>.<br>Zeigen Sie soziale und interaktive Komponenten an, die erhalten Aufmerksamkeit der Leser, um sie auf der Seite zu halten und ihnen Ihre Produkte oder Dienstleistungen detaillierter zu zeigen.<\/li><li><b>Entwickeln Sie Ihre Facebook-Seite<\/b>.<br>F\u00fcgen Sie nicht nur Facebook-Beitr\u00e4ge hinzu f\u00fcr Nutzer der sozialen Medien, aber auch f\u00fcr die Einbindung von Nutzern der Website auf Ihre Facebook-Seite. Wenden Sie hochwertige Feeds oder Fotos an, um sofort neue Abonnenten zu gewinnen!<\/li><li><b>1 Facebook-Widget als 3<\/b>.<br>Alle Inhalte von Facebook in einem einzigen Plugin: Ver\u00f6ffentlichungen anzeigen mit Feedback, Likes oder Facebook-Reaktionen; Entwerfen Sie mithilfe von Facebook-Alben Fotos und Video-Playlists auf der Website.<\/li><\/ul><\/div><div class=\"application-platform-content-item-features application-platform-content-item\" id=\"features\" data-nav-section=\"features\"><h2>Funktionen<\/h2><p>Ein paar Eigenschaften, die unseren Facebook-Seiten-Feed zum besten Plugin f\u00fcr eine Blogger-Website machen.<\/p><ul><li>3 anzeigbare Arten von Facebook-Inhalten: Beitr\u00e4ge, Videos und Fotos mit Alben;<\/li><li>Anpassbarer Pop -ups mit umschaltbaren Elementen: Autor, Likes-Anzahl, Shares-Anzahl, Kommentare;<\/li><li>Beitr\u00e4ge mit umschaltbaren Informationen: Autor, Likes-Anzahl, Shares-Anzahl, Share-Button;<\/li><li>Men\u00fc anzeigen oder ausblenden;<\/li><li>Regelm\u00e4\u00dfige Live-Updates, um es auf dem neuesten Stand zu halten.<\/li><\/ul><p><a href=\"#demo\">Entdecken Sie alle Vorteile der Live-Demo<\/a>.<\/p><\/div><div class=\"application-platform-content-item-installation application-platform-content-item\" id=\"installation\" data-nav-section=\"installation\"><h2>So f\u00fcgen Sie das Facebook-Plugin zur Blogger-Website hinzu<\/h2><div class=\"video-container\"><iframe width=\"560\" height=\"315\" src=\"https:\/\/www.youtube.com\/embed\/0w25RpSal5A?si=UNzoQ1cVsQclmOrT\" frameborder=\"0\" allow=\"accelerometer; autoplay; clipboard-write; encrypted-media; gyroscope; picture-in-picture; web-share\" allowfullscreen><\/iframe><\/div><p>Lesen Sie unsere Anleitung, um das Einf\u00fcgen des Widgets abzuschlie\u00dfen. Der Vorgang dauert nur 2 Minuten und erfordert keine Entwicklungskenntnisse.<\/p><ol><li><b>Erstellen Sie Ihr pers\u00f6nliches Facebook-Widget<\/b>.<br>Mithilfe unseres kostenlosen Editors shape ein Plugin mit dem erforderlichen Design und den erforderlichen Optionen.<\/li><li><b>Rufen Sie den Code zum Anzeigen des Plugins ab<\/b>.<br>Nach der Widget-Generierung erhalten Sie den Code f\u00fcr das Facebook-Plugin aus der Popup-Benachrichtigung auf Elfsight Apps.<\/li><li><b>Platzieren Sie das Plugin auf der Blogger-Website<\/b>.<br>F\u00fcgen Sie das Plugin an der gew\u00fcnschten Stelle der Website ein und speichern Sie die \u00c4nderungen.<\/li><li><b> Die Einrichtung ist abgeschlossen.<\/b>.<br>Besuchen Sie Ihre Blogger-Website, um Ihre Arbeit zu \u00fcberpr\u00fcfen.<\/li><\/ol><p>Ben\u00f6tigen Sie speziellere Hilfe? Sehen Sie sich ein <a href=\"https:\/\/elfsight.com\/tutorials\/how-to-add-facebook-widget-to-blogger\/\" target=\"_blank\" rel=\"noopener noreferrer\">detailliertes Tutorial<\/a> an oder wenden Sie sich an die Elfsight-Hilfe. Wir bieten Ihnen gerne eine L\u00f6sung an.<\/p><\/div>\n<div class=\"faq\" data-component=\"FAQ\">\n<div class=\"faq-item\">\r\n\t\t\t\t\t<div class=\"faq-item-question\">\r\n\t\t\t\t\t\t<h3 class=\"faq-item-question-text\">Wie bettet man einen Facebook Feed auf der Blogger-Startseite ohne Programmierkenntnisse ein?<\/h3>\r\n\r\n\t\t\t\t\t\t<div class=\"faq-item-question-icon\"><\/div>\r\n\t\t\t\t\t<\/div>\r\n\r\n\t\t\t\t\t<div class=\"faq-item-answer\">\r\n\t\t\t\t\t\t<div class=\"faq-item-answer-text\">\n\n<p>Das Unternehmen Elfsight bietet eine SaaS-L\u00f6sung, mit der Sie selbst ein Facebook Feed-Plugin erstellen k\u00f6nnen. Sehen Sie, wie einfach es ist:<\/p>\n\n<ul>\n  <li>Arbeiten Sie direkt im Live-Editor, um ein Facebook Feed-Widget zu erstellen, das Sie auf Ihrer Blogger-Webseite einf\u00fcgen m\u00f6chten.<\/li>\n  <li>W\u00e4hlen Sie eine der vorgefertigten Vorlagen aus und passen Sie die Facebook Feed-Einstellungen an, \u00e4ndern Sie das Layout und Farbschema und aktualisieren Sie Ihre Inhalte \u2013 ganz ohne Programmierkenntnisse.<\/li>\n  <li>Klicken Sie, um den Facebook Feed zu speichern und den Installationscode zu erhalten, der einfach auf jeder Blogger-Seite kostenlos eingef\u00fcgt werden kann.<\/li>\n<\/ul>\n\n<p>Mit dem benutzerfreundlichen Editor kann jeder Internetnutzer einen Facebook Feed online erstellen und problemlos auf der Blogger-Website einf\u00fcgen. Es ist nicht erforderlich, einen kostenpflichtigen Plan abzuschlie\u00dfen oder Kartendaten anzugeben, um den Service zu nutzen. Sollten Sie auf irgendwelche Hindernisse sto\u00dfen, wenden Sie sich bitte an unseren Kundensupport.<\/p>\n\n<\/div>\r\n\t\t\t\t\t<\/div>\r\n\t\t\t\t<\/div>\n<\/div>\n\n","protected":false},"excerpt":{"rendered":"","protected":false},"author":9,"featured_media":0,"parent":651,"menu_order":0,"comment_status":"closed","ping_status":"closed","template":"templates\/template-application-platform.php","meta":{"publish_to_discourse":"","publish_post_category":"","wpdc_auto_publish_overridden":"","wpdc_topic_tags":"","wpdc_pin_topic":"","wpdc_pin_until":"","discourse_post_id":"","discourse_permalink":"","wpdc_publishing_response":"","wpdc_publishing_error":"","footnotes":""},"class_list":["post-17136","page","type-page","status-publish","hentry"],"yoast_head":"<!-- This site is optimized with the Yoast SEO plugin v25.3.1 - https:\/\/yoast.com\/wordpress\/plugins\/seo\/ -->\n<title>Facebook-Feed \u2013 F\u00fcgen Sie ein Facebook-Plugin zur Blogger-Website hinzu<\/title>\n<meta name=\"description\" content=\"F\u00fcgen Sie 2018 ein responsives Facebook-Seiten-Feed-Widget auf Ihrer Blogger-Website hinzu. Testen Sie den flexiblen Elfsight-Konstruktor und erstellen Sie Ihr Plugin in nur 1 Minute.\" \/>\n<meta name=\"robots\" content=\"index, follow, max-snippet:-1, max-image-preview:large, max-video-preview:-1\" \/>\n<link rel=\"canonical\" href=\"https:\/\/elfsight.com\/de\/facebook-feed-widget\/blogger\/\" \/>\n<meta property=\"og:locale\" content=\"de_DE\" \/>\n<meta property=\"og:type\" content=\"article\" \/>\n<meta property=\"og:title\" content=\"Facebook-Feed \u2013 F\u00fcgen Sie ein Facebook-Plugin zur Blogger-Website hinzu\" \/>\n<meta property=\"og:description\" content=\"F\u00fcgen Sie 2018 ein responsives Facebook-Seiten-Feed-Widget auf Ihrer Blogger-Website hinzu. Testen Sie den flexiblen Elfsight-Konstruktor und erstellen Sie Ihr Plugin in nur 1 Minute.\" \/>\n<meta property=\"og:url\" content=\"https:\/\/elfsight.com\/de\/facebook-feed-widget\/blogger\/\" \/>\n<meta property=\"og:site_name\" content=\"Elfsight DE\" \/>\n<meta property=\"article:modified_time\" content=\"2025-01-14T16:45:37+00:00\" \/>\n<meta name=\"twitter:card\" content=\"summary_large_image\" \/>\n<meta name=\"twitter:label1\" content=\"Gesch\u00e4tzte Lesezeit\" \/>\n\t<meta name=\"twitter:data1\" content=\"3\u00a0Minuten\" \/>\n<!-- \/ Yoast SEO plugin. -->","yoast_head_json":{"title":"Facebook-Feed \u2013 F\u00fcgen Sie ein Facebook-Plugin zur Blogger-Website hinzu","description":"F\u00fcgen Sie 2018 ein responsives Facebook-Seiten-Feed-Widget auf Ihrer Blogger-Website hinzu. Testen Sie den flexiblen Elfsight-Konstruktor und erstellen Sie Ihr Plugin in nur 1 Minute.","robots":{"index":"index","follow":"follow","max-snippet":"max-snippet:-1","max-image-preview":"max-image-preview:large","max-video-preview":"max-video-preview:-1"},"canonical":"https:\/\/elfsight.com\/de\/facebook-feed-widget\/blogger\/","og_locale":"de_DE","og_type":"article","og_title":"Facebook-Feed \u2013 F\u00fcgen Sie ein Facebook-Plugin zur Blogger-Website hinzu","og_description":"F\u00fcgen Sie 2018 ein responsives Facebook-Seiten-Feed-Widget auf Ihrer Blogger-Website hinzu. Testen Sie den flexiblen Elfsight-Konstruktor und erstellen Sie Ihr Plugin in nur 1 Minute.","og_url":"https:\/\/elfsight.com\/de\/facebook-feed-widget\/blogger\/","og_site_name":"Elfsight DE","article_modified_time":"2025-01-14T16:45:37+00:00","twitter_card":"summary_large_image","twitter_misc":{"Gesch\u00e4tzte Lesezeit":"3\u00a0Minuten"},"schema":{"@context":"https:\/\/schema.org","@graph":[{"@type":"WebPage","@id":"https:\/\/elfsight.com\/de\/facebook-feed-widget\/blogger\/","url":"https:\/\/elfsight.com\/de\/facebook-feed-widget\/blogger\/","name":"Facebook-Feed \u2013 F\u00fcgen Sie ein Facebook-Plugin zur Blogger-Website hinzu","isPartOf":{"@id":"https:\/\/elfsight.com\/de\/#website"},"datePublished":"2024-05-03T06:36:03+00:00","dateModified":"2025-01-14T16:45:37+00:00","description":"F\u00fcgen Sie 2018 ein responsives Facebook-Seiten-Feed-Widget auf Ihrer Blogger-Website hinzu. Testen Sie den flexiblen Elfsight-Konstruktor und erstellen Sie Ihr Plugin in nur 1 Minute.","breadcrumb":{"@id":"https:\/\/elfsight.com\/de\/facebook-feed-widget\/blogger\/#breadcrumb"},"inLanguage":"de","potentialAction":[{"@type":"ReadAction","target":["https:\/\/elfsight.com\/de\/facebook-feed-widget\/blogger\/"]}]},{"@type":"BreadcrumbList","@id":"https:\/\/elfsight.com\/de\/facebook-feed-widget\/blogger\/#breadcrumb","itemListElement":[{"@type":"ListItem","position":1,"name":"Home","item":"https:\/\/elfsight.com\/de\/"},{"@type":"ListItem","position":2,"name":"Facebook Feed","item":"https:\/\/elfsight.com\/de\/facebook-feed-widget\/"},{"@type":"ListItem","position":3,"name":"Facebook Feed &#8211; Blogger"}]},{"@type":"WebSite","@id":"https:\/\/elfsight.com\/de\/#website","url":"https:\/\/elfsight.com\/de\/","name":"Elfsight DE","description":"Just another Elfsight Sites site","potentialAction":[{"@type":"SearchAction","target":{"@type":"EntryPoint","urlTemplate":"https:\/\/elfsight.com\/de\/?s={search_term_string}"},"query-input":{"@type":"PropertyValueSpecification","valueRequired":true,"valueName":"search_term_string"}}],"inLanguage":"de"}]}},"meta_box":{"industry":"","seo_heading":"","heading":"","description":"","cta_heading":"","cta_description":"","application":"185","h1":"Facebook-Feed-Widget f\u00fcr Blogger","h1_caption":"Betten Sie Beitr\u00e4ge von Ihrer Facebook-Seite ein, um Ihre Website-Besucher m\u00fchelos \u00fcber Ihre neuesten Updates und Neuigkeiten auf Ihrer Blogger-Website zu informieren.","application_category":[],"applications_title":"","applications_request_title":"","applications_request_button_text":"","hero_text":"","hero_video":"","hero_video_schema_markup":"","selling_points_title":"","selling_points_caption":"","selling_points":[],"selling_points_cta_text":"","features_title":"","features":"","ed_cta_examples_text":"","ed_cta_examples_hidden":"","ed_cta_demo_text":"","ed_cta_demo_hidden":"","why_caption":"","why_editor_title":"","why_editor_text":"","why_team_title":"","why_team_text":"","why_service_title":"","why_service_text":"","template_catalog_visible":"0","template_catalog_title":"","template_catalog_text":"","template_catalog_categories_visible":"","demo_title":"Erstellen Sie Ihr Facebook-Feed-Widget","demo_caption":"Konfigurieren Sie Ihren Facebook-Feed und f\u00fcgen Sie ihn kostenlos zu Ihrer Blogger-Website hinzu!","default_faq_hidden":"","app_template_category":[],"platform":"262","template_public_id":"","codecanyon_url":"","codecanyon_item_id":"","codecanyon_price":"","pricing_caption":"","pricing_elfsight_apps_hide_column":"","pricing_elfsight_apps_url":"","pricing_codecanyon_price_caption":"","integration_category":[],"integration_request_title":"","integration_request_cta":"","integration_platform":"","integrations":[],"platform_category":[],"video_schema_markup":"","price":"ab 0 $ \/ Monat","trial":"","benefits":[{"text":"Kostenlose Installationsunterst\u00fctzung"},{"text":"Au\u00dfergew\u00f6hnlicher Support"},{"text":"14-t\u00e4gige R\u00fcckerstattungsgarantie"},{"text":"Laufende kostenlose Updates"}],"button_url":"#demo","button_target_blank":"0","button_nofollow":"0","attributes":[{"name":"Installiert","content":"100,000 - 500,000"},{"name":"Reaktionsfreudig","content":"Ja"},{"name":"Kompatible Browser","content":"Firefox, Safari, Opera, Chrome, Edge"}],"tags":[],"tags_disable_links":"0","hide_more_platforms":"","video_object":"","demo_hide_cta":"0","demo_hide_cloud_options":"0","pricing_title":"","pricing":[{"pricing_icon":"platform","pricing_title":"Blogger widget","pricing_title_caption":"Plattform\u00fcbergreifende digitale L\u00f6sung, die f\u00fcr jede Website geeignet ist","pricing_price":"ab 0 $ \/ Monat","pricing_price_caption":"Beginnen Sie mit einem kostenlosen Plan","pricing_benefits":[{"text":"Unbegrenzte Websites"},{"text":"Unternehmensunterst\u00fctzung rund um die Uhr"},{"text":"Kostenloser Installationsservice"},{"text":"Vollst\u00e4ndig anpassbar"}],"pricing_button_text":"Zur Website hinzuf\u00fcgen","pricing_button_url":"#demo"}],"related_apps_title":"","related_apps_hidden":"0","author":"","image":[],"title":"","job":"","social_networks":[]},"_links":{"self":[{"href":"https:\/\/elfsight.com\/de\/wp-json\/wp\/v2\/pages\/17136","targetHints":{"allow":["GET"]}}],"collection":[{"href":"https:\/\/elfsight.com\/de\/wp-json\/wp\/v2\/pages"}],"about":[{"href":"https:\/\/elfsight.com\/de\/wp-json\/wp\/v2\/types\/page"}],"author":[{"embeddable":true,"href":"https:\/\/elfsight.com\/de\/wp-json\/wp\/v2\/users\/9"}],"replies":[{"embeddable":true,"href":"https:\/\/elfsight.com\/de\/wp-json\/wp\/v2\/comments?post=17136"}],"version-history":[{"count":7,"href":"https:\/\/elfsight.com\/de\/wp-json\/wp\/v2\/pages\/17136\/revisions"}],"predecessor-version":[{"id":23645,"href":"https:\/\/elfsight.com\/de\/wp-json\/wp\/v2\/pages\/17136\/revisions\/23645"}],"up":[{"embeddable":true,"href":"https:\/\/elfsight.com\/de\/wp-json\/wp\/v2\/pages\/651"}],"wp:attachment":[{"href":"https:\/\/elfsight.com\/de\/wp-json\/wp\/v2\/media?parent=17136"}],"curies":[{"name":"wp","href":"https:\/\/api.w.org\/{rel}","templated":true}]}}