{"id":17135,"date":"2024-05-03T06:36:02","date_gmt":"2024-05-03T06:36:02","guid":{"rendered":"https:\/\/elfsight.com\/de\/?page_id=17135"},"modified":"2024-11-08T09:23:37","modified_gmt":"2024-11-08T09:23:37","slug":"drupal","status":"publish","type":"page","link":"https:\/\/elfsight.com\/de\/facebook-feed-widget\/drupal\/","title":{"rendered":"Facebook Feed &#8211; Drupal"},"content":{"rendered":"\n<div class=\"application-platform-content-item-description application-platform-content-item\" id=\"description\" data-nav-section=\"description\"><h2>Beschreibung<\/h2><p>Zeigen Sie Ihre Facebook-Seite in unserem multifunktionalen Plugin an \u2013 Facebook-Feed. Newsfeed, Videos, Bilder \u2013 Sie k\u00f6nnen sicher sein, dass Ihre Besucher keine einzige Ank\u00fcndigung verpassen. Ein verlockendes Design mit Originalelementen von Facebook wird nicht unbemerkt bleiben und dazu beitragen, nicht nur aktuelle Leser auf der Website zu halten, sondern auch neue Facebook-Abonnenten zu gewinnen.<\/p><p><b>Steigern Sie Ihre Kundenbindung auf ein fortgeschrittenes, unterst\u00fctztes Niveau durch das Drupal-Facebook-Plugin.<\/b><\/p><ul><li><b>Sorgen Sie daf\u00fcr, dass Benutzer auf der Website bleiben<\/b>.<br>Wenden Sie soziale und attraktive Elemente an, die die Aufmerksamkeit der Benutzer erregen und festhalten sie auf der Seite und stellen Sie ihnen weitere Details zu Ihren Artikeln oder Dienstleistungen zur Verf\u00fcgung.<\/li><li><b>Haben Sie gro\u00dfes Interesse bei den Lesern Ihrer Website<\/b>.<br>Bewenden Sie nicht nur die Website Lassen Sie jeden Besucher Ihr Unternehmen auf Facebook im Detail studieren: Binden Sie Besucher in das Innenleben Ihres Unternehmens ein und finden Sie die treuesten Fans.<\/li><li><b>Alles Facebook in einem Widget<\/b>. Alle Ihre Inhalte von Facebook in einem einzigen Widget: Zeigen Sie Nachrichten mit Kommentaren, Shares oder anderen Reaktionen an; Erstellen Sie mithilfe von Facebook-Alben Bilder- und Videosammlungen auf der Website.<\/li><\/ul><div class=\"faq\" data-component=\"FAQ\"> <div class=\"faq-item\">\r\n\t\t\t\t\t<div class=\"faq-item-question\">\r\n\t\t\t\t\t\t<h3 class=\"faq-item-question-text\">Welche anderen Widgets f\u00fcr Drupal k\u00f6nnen meiner Website hinzugef\u00fcgt werden? <\/h3>\r\n\r\n\t\t\t\t\t\t<div class=\"faq-item-question-icon\"><\/div>\r\n\t\t\t\t\t<\/div>\r\n\r\n\t\t\t\t\t<div class=\"faq-item-answer\">\r\n\t\t\t\t\t\t<div class=\"faq-item-answer-text\"> <p>Da gibt es eine Reihe von Widgets, mit denen Sie jedes Ziel auf Ihrer Website erreichen k\u00f6nnen. W\u00e4hlen Sie denjenigen aus, der Ihren Anforderungen entspricht: <a href=\"https:\/\/elfsight.com\/whatsapp-chat-widget\/drupal\/\">WhatsApp Chat<\/a>, <a href=\"https:\/\/elfsight.com \/online-form-builder\/drupal\/\">Form Builder<\/a>, <a href=\"https:\/\/elfsight.com\/pdf-embed-widget\/drupal\/\">PDF-Einbettung<\/a>, <a href=\"https:\/\/elfsight.com\/instagram-feed-instashow\/drupal\/\">Instagram-Feed<\/a>, <a href=\"https:\/\/elfsight.com\/event-calendar-widget\/drupal\/\">Veranstaltungskalender<\/a>. <\/p> <\/div>\r\n\t\t\t\t\t<\/div>\r\n\t\t\t\t<\/div> <div class=\"faq-item\">\r\n\t\t\t\t\t<div class=\"faq-item-question\">\r\n\t\t\t\t\t\t<h3 class=\"faq-item-question-text\">Wie kann ich das Facebook-Feed-Modul in meine Drupal-Website einbetten? <\/h3>\r\n\r\n\t\t\t\t\t\t<div class=\"faq-item-question-icon\"><\/div>\r\n\t\t\t\t\t<\/div>\r\n\r\n\t\t\t\t\t<div class=\"faq-item-answer\">\r\n\t\t\t\t\t\t<div class=\"faq-item-answer-text\"> <p>Sie k\u00f6nnen das Facebook-Feed-Modul ohne Aufwand in Ihre Drupal-Website einf\u00fcgen \u2013 die Integration des Die Installation des Widgets dauert nur wenige Minuten. \u00d6ffnen Sie einfach das Administrator-Board und befolgen Sie diese Schritte: <\/p><ol><li>Klicken Sie auf Designeinstellungen. <\/li><li>Suchen Sie den Block, in dem Sie Ihren Drupal-Facebook-Feed mit Bildern und Beitr\u00e4gen hinzuf\u00fcgen m\u00f6chten. <\/li><li>Betten Sie den Code von Elfsight Apps ein und \u00fcbernehmen Sie Ihre \u00c4nderungen. <\/li><li>Alles ist erledigt. <\/li><\/ol><p>Und vergessen Sie nicht, unsere vollst\u00e4ndige Anleitung zur Installation des Widgets zu lesen <a href=\"https:\/\/elfsight.com\/tutorials\/how-to-add-facebook-feed-to-any-website\/#drupal-facebook-feed\">hier<\/a>.<\/p><\/div>\r\n\t\t\t\t\t<\/div>\r\n\t\t\t\t<\/div> <div class=\"faq-item\">\r\n\t\t\t\t\t<div class=\"faq-item-question\">\r\n\t\t\t\t\t\t<h3 class=\"faq-item-question-text\">Kann ich Ihr Facebook-Feed-Modul in der Hand sehen?<\/h3>\r\n\r\n\t\t\t\t\t\t<div class=\"faq-item-question-icon\"><\/div>\r\n\t\t\t\t\t<\/div>\r\n\r\n\t\t\t\t\t<div class=\"faq-item-answer\">\r\n\t\t\t\t\t\t<div class=\"faq-item-answer-text\"> <p>Von Kurs! Jeder Elfsight-Benutzer hat die M\u00f6glichkeit, unsere Live-<a href=\"https:\/\/elfsight.com\/facebook-feed-widget\/#demo\">Demo<\/a> anzuwenden, um die Arbeit des Moduls in Aktion zu sehen. Als Bonus k\u00f6nnen Sie das Facebook-Feed-Widget direkt aus der Demo zu Ihrer Drupal-Website hinzuf\u00fcgen!<\/p><\/div>\r\n\t\t\t\t\t<\/div>\r\n\t\t\t\t<\/div> <\/div><\/div><div class=\"application-platform-content-item-features application-platform-content-item\" id=\"features\" data-nav-section=\"features\"><h2>Funktionen<\/h2><p>Einige Attribute, die unseren Facebook-Feed zum besten Plugin f\u00fcr eine Drupal-Website machen.<\/p><ul><li>2 unterst\u00fctzte Facebook-Quellen: Seiten, Profile;<\/li><li>Anpassbarer Header mit einstellbare Elemente: Titelbild, Aktionen, Seitenbild, Anzahl der Likes;<\/li><li>Videos mit umschaltbaren Informationen: Beschreibung, Anzahl der Likes, Anzahl der Kommentare;<\/li><li>Men\u00fc anzeigen oder ausblenden;<\/li> <li>Handlicher und intuitiver Editor ohne Programmieraufwand.<\/li><\/ul><p><a href=\"#demo\">Sehen Sie sich alle Vorteile in der Live-Demo an<\/a>.<\/p><\/div><div class=\"application-platform-content-item-installation application-platform-content-item\" id=\"installation\" data-nav-section=\"installation\"><h2>So f\u00fcgen Sie ein Facebook-Seitenmodul zur Drupal-Website hinzu<\/h2><div class=\"video-container\"><iframe src=\"https:\/\/www.youtube.com\/embed\/aV0KEz5HJYY\" width=\"720\" height=\"405\" frameborder=\"0\" allowfullscreen=\"allowfullscreen\"><\/iframe><\/div><p>Befolgen Sie einfach die folgenden Schritte, um das Modul in Drupal zu integrieren.<\/p> <ol><li><b>Nutzen Sie unseren kostenlosen Konfigurator und beginnen Sie mit der Erstellung Ihres individuellen Facebook-Feed-Moduls. <\/b><br> Finden Sie das bevorzugte Layout und die Funktionen des Moduls und speichern Sie die Korrekturen. <\/li> <li><b>Erhalten Sie Ihren individuellen Code, der in der Box auf Elfsight Apps angezeigt wird. <\/b><br> Nachdem Sie Ihr pers\u00f6nliches Widget eingerichtet haben, kopieren Sie den pers\u00f6nlichen Code aus dem erscheinenden Popup und speichern Sie ihn f\u00fcr einen sp\u00e4teren Anlass. <\/li> <li><b>Beginnen Sie mit der Verwendung des Moduls auf der Drupal-Site. <\/b><br> Integrieren Sie den zuvor kopierten Code in Ihre Website und speichern Sie die Anpassungen. <\/li> <li><b>Die Installation ist vollst\u00e4ndig beendet. <\/b><br> Besuchen Sie Ihre Website, um die Leistung des Moduls zu \u00fcberpr\u00fcfen. <\/li><\/ol><p>Ben\u00f6tigen Sie detailliertere Unterst\u00fctzung? Folgen Sie unserem <a href=\"https:\/\/elfsight.com\/tutorials\/how-to-add-facebook-feed-to-drupal\/\" target=\"_blank\" rel=\"noopener noreferrer\">Tutorial<\/a>, Um die Einbettung abzuschlie\u00dfen oder sich an den Elfsight-Kundendienst zu wenden, geben wir Ihnen gerne eine Antwort.<\/p><\/div>\n","protected":false},"excerpt":{"rendered":"","protected":false},"author":9,"featured_media":0,"parent":651,"menu_order":0,"comment_status":"closed","ping_status":"closed","template":"templates\/template-application-platform.php","meta":{"publish_to_discourse":"","publish_post_category":"","wpdc_auto_publish_overridden":"","wpdc_topic_tags":"","wpdc_pin_topic":"","wpdc_pin_until":"","discourse_post_id":"","discourse_permalink":"","wpdc_publishing_response":"","wpdc_publishing_error":"","footnotes":""},"class_list":["post-17135","page","type-page","status-publish","hentry"],"yoast_head":"<!-- This site is optimized with the Yoast SEO plugin v25.3.1 - https:\/\/yoast.com\/wordpress\/plugins\/seo\/ -->\n<title>Facebook-Feed \u2013 Facebook-Modul zur Drupal-Website hinzuf\u00fcgen<\/title>\n<meta name=\"description\" content=\"F\u00fcgen Sie Ihrer Drupal 8-Website kostenlos das Facebook-Feed-Modul hinzu. Probieren Sie unsere kostenlose Demo aus und erstellen Sie Ihr Facebook-Modul in 1 Minute.\" \/>\n<meta name=\"robots\" content=\"index, follow, max-snippet:-1, max-image-preview:large, max-video-preview:-1\" \/>\n<link rel=\"canonical\" href=\"https:\/\/elfsight.com\/de\/facebook-feed-widget\/drupal\/\" \/>\n<meta property=\"og:locale\" content=\"de_DE\" \/>\n<meta property=\"og:type\" content=\"article\" \/>\n<meta property=\"og:title\" content=\"Facebook-Feed \u2013 Facebook-Modul zur Drupal-Website hinzuf\u00fcgen\" \/>\n<meta property=\"og:description\" content=\"F\u00fcgen Sie Ihrer Drupal 8-Website kostenlos das Facebook-Feed-Modul hinzu. Probieren Sie unsere kostenlose Demo aus und erstellen Sie Ihr Facebook-Modul in 1 Minute.\" \/>\n<meta property=\"og:url\" content=\"https:\/\/elfsight.com\/de\/facebook-feed-widget\/drupal\/\" \/>\n<meta property=\"og:site_name\" content=\"Elfsight DE\" \/>\n<meta property=\"article:modified_time\" content=\"2024-11-08T09:23:37+00:00\" \/>\n<meta name=\"twitter:card\" content=\"summary_large_image\" \/>\n<meta name=\"twitter:label1\" content=\"Gesch\u00e4tzte Lesezeit\" \/>\n\t<meta name=\"twitter:data1\" content=\"4\u00a0Minuten\" \/>\n<!-- \/ Yoast SEO plugin. -->","yoast_head_json":{"title":"Facebook-Feed \u2013 Facebook-Modul zur Drupal-Website hinzuf\u00fcgen","description":"F\u00fcgen Sie Ihrer Drupal 8-Website kostenlos das Facebook-Feed-Modul hinzu. Probieren Sie unsere kostenlose Demo aus und erstellen Sie Ihr Facebook-Modul in 1 Minute.","robots":{"index":"index","follow":"follow","max-snippet":"max-snippet:-1","max-image-preview":"max-image-preview:large","max-video-preview":"max-video-preview:-1"},"canonical":"https:\/\/elfsight.com\/de\/facebook-feed-widget\/drupal\/","og_locale":"de_DE","og_type":"article","og_title":"Facebook-Feed \u2013 Facebook-Modul zur Drupal-Website hinzuf\u00fcgen","og_description":"F\u00fcgen Sie Ihrer Drupal 8-Website kostenlos das Facebook-Feed-Modul hinzu. Probieren Sie unsere kostenlose Demo aus und erstellen Sie Ihr Facebook-Modul in 1 Minute.","og_url":"https:\/\/elfsight.com\/de\/facebook-feed-widget\/drupal\/","og_site_name":"Elfsight DE","article_modified_time":"2024-11-08T09:23:37+00:00","twitter_card":"summary_large_image","twitter_misc":{"Gesch\u00e4tzte Lesezeit":"4\u00a0Minuten"},"schema":{"@context":"https:\/\/schema.org","@graph":[{"@type":"WebPage","@id":"https:\/\/elfsight.com\/de\/facebook-feed-widget\/drupal\/","url":"https:\/\/elfsight.com\/de\/facebook-feed-widget\/drupal\/","name":"Facebook-Feed \u2013 Facebook-Modul zur Drupal-Website hinzuf\u00fcgen","isPartOf":{"@id":"https:\/\/elfsight.com\/de\/#website"},"datePublished":"2024-05-03T06:36:02+00:00","dateModified":"2024-11-08T09:23:37+00:00","description":"F\u00fcgen Sie Ihrer Drupal 8-Website kostenlos das Facebook-Feed-Modul hinzu. Probieren Sie unsere kostenlose Demo aus und erstellen Sie Ihr Facebook-Modul in 1 Minute.","breadcrumb":{"@id":"https:\/\/elfsight.com\/de\/facebook-feed-widget\/drupal\/#breadcrumb"},"inLanguage":"de","potentialAction":[{"@type":"ReadAction","target":["https:\/\/elfsight.com\/de\/facebook-feed-widget\/drupal\/"]}]},{"@type":"BreadcrumbList","@id":"https:\/\/elfsight.com\/de\/facebook-feed-widget\/drupal\/#breadcrumb","itemListElement":[{"@type":"ListItem","position":1,"name":"Home","item":"https:\/\/elfsight.com\/de\/"},{"@type":"ListItem","position":2,"name":"Facebook Feed","item":"https:\/\/elfsight.com\/de\/facebook-feed-widget\/"},{"@type":"ListItem","position":3,"name":"Facebook Feed &#8211; Drupal"}]},{"@type":"WebSite","@id":"https:\/\/elfsight.com\/de\/#website","url":"https:\/\/elfsight.com\/de\/","name":"Elfsight DE","description":"Just another Elfsight Sites site","potentialAction":[{"@type":"SearchAction","target":{"@type":"EntryPoint","urlTemplate":"https:\/\/elfsight.com\/de\/?s={search_term_string}"},"query-input":{"@type":"PropertyValueSpecification","valueRequired":true,"valueName":"search_term_string"}}],"inLanguage":"de"}]}},"meta_box":{"industry":"","seo_heading":"","heading":"","description":"","cta_heading":"","cta_description":"","application":"185","h1":"Facebook-Feed-Plugin f\u00fcr Drupal","h1_caption":"Betten Sie Beitr\u00e4ge von Ihrer Facebook-Seite ein, um Ihre Website-Besucher m\u00fchelos \u00fcber die neuesten Updates und Neuigkeiten auf Ihrer Drupal-Website zu informieren.","application_category":[],"applications_title":"","applications_request_title":"","applications_request_button_text":"","hero_text":"","hero_video":"","hero_video_schema_markup":"","selling_points_title":"","selling_points_caption":"","selling_points":[],"selling_points_cta_text":"","features_title":"","features":"","ed_cta_examples_text":"","ed_cta_examples_hidden":"","ed_cta_demo_text":"","ed_cta_demo_hidden":"","why_caption":"","why_editor_title":"","why_editor_text":"","why_team_title":"","why_team_text":"","why_service_title":"","why_service_text":"","template_catalog_visible":"0","template_catalog_title":"","template_catalog_text":"","template_catalog_categories_visible":"","demo_title":"Erstellen Sie Ihr Facebook-Feed-Modul","demo_caption":"Konfigurieren Sie Ihren Facebook-Feed und f\u00fcgen Sie ihn kostenlos zu Ihrer Drupal-Website hinzu!","default_faq_hidden":"","app_template_category":[],"platform":"261","template_public_id":"","codecanyon_url":"","codecanyon_item_id":"","codecanyon_price":"","pricing_caption":"","pricing_elfsight_apps_hide_column":"","pricing_elfsight_apps_url":"","pricing_codecanyon_price_caption":"","integration_category":[],"integration_request_title":"","integration_request_cta":"","integration_platform":"","integrations":[],"platform_category":[],"video_schema_markup":"","price":"ab 0 $ \/ Monat","trial":"","benefits":[{"text":"Kostenlose Installationshilfe"},{"text":"Professioneller Kundenservice"},{"text":"14-t\u00e4gige R\u00fcckerstattungsgarantie"},{"text":"St\u00e4ndige Aktualisierung"}],"button_url":"#demo","button_target_blank":"0","button_nofollow":"0","attributes":[{"name":"Installiert","content":"100,000 - 500,000"},{"name":"Reaktionsfreudig","content":"Ja"},{"name":"Kompatible Browser","content":"Firefox, Safari, Opera, Chrome, Edge"}],"tags":[],"tags_disable_links":"0","hide_more_platforms":"","video_object":"","demo_hide_cta":"0","demo_hide_cloud_options":"0","pricing_title":"","pricing":[{"pricing_icon":"platform","pricing_title":"Elfsight Apps","pricing_title_caption":"Plattformunabh\u00e4ngige digitale L\u00f6sung, die f\u00fcr jede Website geeignet ist","pricing_price":"ab 0 $ \/ Monat","pricing_price_caption":"Beginnen Sie mit einem kostenlosen Plan","pricing_benefits":[{"text":"Unbegrenzte Websites"},{"text":"Schneller Kundensupport und gut dokumentiert"},{"text":"Kostenloser Installationsservice"},{"text":"Sonderangebot f\u00fcr mehrere Apps"}],"pricing_button_text":"Zur Website hinzuf\u00fcgen","pricing_button_url":"#demo"}],"related_apps_title":"","related_apps_hidden":"0","author":"","image":[],"title":"","job":"","social_networks":[]},"_links":{"self":[{"href":"https:\/\/elfsight.com\/de\/wp-json\/wp\/v2\/pages\/17135","targetHints":{"allow":["GET"]}}],"collection":[{"href":"https:\/\/elfsight.com\/de\/wp-json\/wp\/v2\/pages"}],"about":[{"href":"https:\/\/elfsight.com\/de\/wp-json\/wp\/v2\/types\/page"}],"author":[{"embeddable":true,"href":"https:\/\/elfsight.com\/de\/wp-json\/wp\/v2\/users\/9"}],"replies":[{"embeddable":true,"href":"https:\/\/elfsight.com\/de\/wp-json\/wp\/v2\/comments?post=17135"}],"version-history":[{"count":5,"href":"https:\/\/elfsight.com\/de\/wp-json\/wp\/v2\/pages\/17135\/revisions"}],"predecessor-version":[{"id":22740,"href":"https:\/\/elfsight.com\/de\/wp-json\/wp\/v2\/pages\/17135\/revisions\/22740"}],"up":[{"embeddable":true,"href":"https:\/\/elfsight.com\/de\/wp-json\/wp\/v2\/pages\/651"}],"wp:attachment":[{"href":"https:\/\/elfsight.com\/de\/wp-json\/wp\/v2\/media?parent=17135"}],"curies":[{"name":"wp","href":"https:\/\/api.w.org\/{rel}","templated":true}]}}