{"id":17129,"date":"2024-05-03T06:36:00","date_gmt":"2024-05-03T06:36:00","guid":{"rendered":"https:\/\/elfsight.com\/de\/?page_id=17129"},"modified":"2025-01-14T16:23:24","modified_gmt":"2025-01-14T16:23:24","slug":"joomla","status":"publish","type":"page","link":"https:\/\/elfsight.com\/de\/facebook-feed-widget\/joomla\/","title":{"rendered":"Facebook Feed &#8211; Joomla"},"content":{"rendered":"\n<div class=\"application-platform-content-item-description application-platform-content-item\" id=\"description\" data-nav-section=\"description\"><h2>Beschreibung<\/h2><p>Demonstrieren Sie Ihre Facebook-Inhalte in unserer erweiterten Erweiterung \u2013 Facebook-Feed. Ver\u00f6ffentlichungen, Videos, Bilder \u2013 zweifeln Sie nie daran, dass Ihre Benutzer jede einzelne Nachricht sehen werden. Ein elegantes Erscheinungsbild mit originellen Elementen der Facebook-Oberfl\u00e4che wird nicht unentdeckt bleiben und dazu beitragen, nicht nur bestehende Kunden auf der Website zu halten, sondern auch neue Facebook-Abonnenten zu gewinnen.<\/p><p><b>Erh\u00f6hen Sie Ihre Kundenarbeit auf ein fortgeschrittenes Niveau H\u00f6he mithilfe der Joomla-Facebook-Erweiterung.<\/b><\/p><ul><li><b>Sorgen Sie daf\u00fcr, dass Kunden auf der Seite bleiben<\/b>.<br>Zeigen Sie soziale und interaktive Inhalte, die das Interesse der Besucher wecken. Halten Sie sie auf der Seite und erz\u00e4hlen Sie ihnen viel mehr \u00fcber Ihre Produkte oder Ihr Unternehmen.<\/li><li><b>Steigern Sie die Facebook-Abonnenten Ihres Profils<\/b>.<br>Verwandeln Sie Website-Leser in Facebook-Abonnenten. Gestalten Sie mit Ihrer Seite eine attraktive Erweiterung und f\u00fcgen Sie sie auf der Website ein, sodass jeder Besucher die Chance hat, Ihrer Seite zu folgen.<\/li><li><b>1 Widget f\u00fcr alle Facebook-Inhalte<\/b>. <br>Ihr kompletter Facebook-Inhalt in einer einzigen Erweiterung: F\u00fcgen Sie Beitr\u00e4ge mit Kommentaren, Likes oder allen verf\u00fcgbaren Reaktionen ein; Entwerfen Sie Bilder und Videogalerien auf der Website mithilfe von Facebook-Alben.<\/li><\/ul><\/div><div class=\"application-platform-content-item-features application-platform-content-item\" id=\"features\" data-nav-section=\"features\"><h2>Funktionen<\/h2><p>Wichtige Vorteile, die Machen Sie unseren Facebook-Feed zu einer unverzichtbaren Erweiterung f\u00fcr jede Joomla-Website.<\/p><ul><li>3 anzeigbare Arten von Facebook-Inhalten: Beitr\u00e4ge, Videos und Fotos mit Alben;<\/li><li>Anpassbare Popups mit umschaltbare Elemente: Autor, Likes-Anzahl, Shares-Anzahl, Kommentare;<\/li><li>Anpassbare Breite und H\u00f6he;<\/li><li>Beitr\u00e4ge anzeigen oder ausblenden;<\/li><li>Regelm\u00e4\u00dfige Live-Updates, um es aufrechtzuerhalten frisch.<\/li><\/ul><p><a href=\"#demo\">\u00dcberpr\u00fcfen Sie alle Funktionen in der Live-Demo<\/a>.<\/p><\/div><div class=\"application-platform-content-item-installation application-platform-content-item\" id=\"installation\" data-nav-section=\"installation\"> <h2>So f\u00fcgen Sie ein Facebook-Widget zur Joomla-Website hinzu<\/h2><div class=\"video-container\"><iframe width=\"560\" height=\"315\" src=\"https:\/\/www.youtube.com\/embed\/WU-YF8wzRs8?si=4P_OSfT4LbAr2Xtj\" frameborder=\"0\" allow=\"accelerometer; autoplay; clipboard-write; encrypted-media; gyroscope; picture-in-picture; web-share\" allowfullscreen><\/iframe><\/div><p>F\u00fchren Sie einfach die unten beschriebenen Schritte aus, um die Facebook-Feed-Erweiterung in Joomla einzubetten.<\/p> <ol><li><b>F\u00fchren Sie unseren kostenlosen Editor aus und beginnen Sie mit der Gestaltung Ihres individuellen Instruments. <\/b><br> Geben Sie das benutzerdefinierte Erscheinungsbild und die Funktionalit\u00e4t des Widgets an und wenden Sie die Korrekturen an. <\/li> <li><b>Kopieren Sie Ihren individuellen Code, der im Fenster von Elfsight Apps angezeigt wird. <\/b><br> Nachdem Sie Ihre Erweiterung erstellt haben, kopieren Sie den pers\u00f6nlichen Code im erscheinenden Fenster und speichern Sie ihn zur sp\u00e4teren Verwendung. <\/li> <li><b>Erste Schritte mit der Verwendung des Tools auf Ihrer Joomla-Website. <\/b><br> Geben Sie den zuvor gespeicherten Code in Ihre Website ein und speichern Sie die Verbesserungen. <\/li> <li><b>Du bist fertig! Die Integration ist erfolgreich abgeschlossen. <\/b><br> Besuchen Sie Ihre Website, um zu sehen, wie das Tool funktioniert. <\/li><\/ol><p>Ben\u00f6tigen Sie ausf\u00fchrlichere Hilfe? Studieren Sie ein <a href=\"https:\/\/elfsight.com\/tutorials\/how-to-add-facebook-feed-module-to-joomla\/\" target=\"_blank\" rel=\"noopener noreferrer\">umfangreiches Tutorial<\/a> oder schreiben Sie an unseren Kundensupport, wir geben Ihnen gerne eine Antwort.<\/p><\/div><div class=\"faq\" data-component=\"FAQ\"><div class=\"faq-item\">\r\n\t\t\t\t\t<div class=\"faq-item-question\">\r\n\t\t\t\t\t\t<h3 class=\"faq-item-question-text\">Gibt es eine Methode, um einen Facebook Feed in meine Joomla-Website einzubetten, ohne Programmierkenntnisse?<\/h3>\r\n\r\n\t\t\t\t\t\t<div class=\"faq-item-question-icon\"><\/div>\r\n\t\t\t\t\t<\/div>\r\n\r\n\t\t\t\t\t<div class=\"faq-item-answer\">\r\n\t\t\t\t\t\t<div class=\"faq-item-answer-text\"><p>Das Unternehmen Elfsight bietet eine benutzerfreundliche Cloud-L\u00f6sung, mit der Sie ganz einfach ein Facebook Feed-Widget erstellen k\u00f6nnen. So funktioniert es:<\/p> <ul> <li>Arbeiten Sie im Online-Editor, um einen Facebook Feed zu erstellen, den Sie auf Ihrer Joomla-Website anzeigen m\u00f6chten.<\/li> <li>W\u00e4hlen Sie eine der vorgefertigten Vorlagen aus und passen Sie die Facebook Feed-Einstellungen an \u2013 \u00e4ndern Sie Layout, Farben und f\u00fcgen Sie Ihre eigenen Inhalte hinzu \u2013 ganz ohne Programmierkenntnisse.<\/li> <li>Klicken Sie hier, um Ihre Einstellungen zu speichern und den Code f\u00fcr die Installation zu kopieren, der mit einem kostenlosen Plan in die Joomla-Website eingef\u00fcgt werden kann.<\/li> <\/ul> <p>Mit unserem einfach zu bedienenden Editor kann jeder Nutzer einen Facebook Feed erstellen und diesen problemlos auf seiner Joomla-Seite einbinden. Sie ben\u00f6tigen keinen kostenpflichtigen Plan und m\u00fcssen keine Kartendaten angeben, um auf unseren Editor zuzugreifen. Falls Sie bei einem der Schritte auf Probleme sto\u00dfen, steht Ihnen unser technisches Support-Team gerne zur Verf\u00fcgung.<\/p><\/div>\r\n\t\t\t\t\t<\/div>\r\n\t\t\t\t<\/div><\/div>\n","protected":false},"excerpt":{"rendered":"","protected":false},"author":9,"featured_media":0,"parent":651,"menu_order":0,"comment_status":"closed","ping_status":"closed","template":"templates\/template-application-platform.php","meta":{"publish_to_discourse":"","publish_post_category":"","wpdc_auto_publish_overridden":"","wpdc_topic_tags":"","wpdc_pin_topic":"","wpdc_pin_until":"","discourse_post_id":"","discourse_permalink":"","wpdc_publishing_response":"","wpdc_publishing_error":"","footnotes":""},"class_list":["post-17129","page","type-page","status-publish","hentry"],"yoast_head":"<!-- This site is optimized with the Yoast SEO plugin v25.3.1 - https:\/\/yoast.com\/wordpress\/plugins\/seo\/ -->\n<title>Facebook-Feed \u2013 Facebook-Erweiterung zur Joomla-Website hinzuf\u00fcgen<\/title>\n<meta name=\"description\" content=\"F\u00fcgen Sie eine responsive Facebook-Feed-Erweiterung in Ihre Joomla-Website ein. Probieren Sie die praktische Demo von Elfsight aus und entwerfen Sie Ihr Widget in nur 2 Minuten.\" \/>\n<meta name=\"robots\" content=\"index, follow, max-snippet:-1, max-image-preview:large, max-video-preview:-1\" \/>\n<link rel=\"canonical\" href=\"https:\/\/elfsight.com\/de\/facebook-feed-widget\/joomla\/\" \/>\n<meta property=\"og:locale\" content=\"de_DE\" \/>\n<meta property=\"og:type\" content=\"article\" \/>\n<meta property=\"og:title\" content=\"Facebook-Feed \u2013 Facebook-Erweiterung zur Joomla-Website hinzuf\u00fcgen\" \/>\n<meta property=\"og:description\" content=\"F\u00fcgen Sie eine responsive Facebook-Feed-Erweiterung in Ihre Joomla-Website ein. Probieren Sie die praktische Demo von Elfsight aus und entwerfen Sie Ihr Widget in nur 2 Minuten.\" \/>\n<meta property=\"og:url\" content=\"https:\/\/elfsight.com\/de\/facebook-feed-widget\/joomla\/\" \/>\n<meta property=\"og:site_name\" content=\"Elfsight DE\" \/>\n<meta property=\"article:modified_time\" content=\"2025-01-14T16:23:24+00:00\" \/>\n<meta name=\"twitter:card\" content=\"summary_large_image\" \/>\n<meta name=\"twitter:label1\" content=\"Gesch\u00e4tzte Lesezeit\" \/>\n\t<meta name=\"twitter:data1\" content=\"4\u00a0Minuten\" \/>\n<!-- \/ Yoast SEO plugin. -->","yoast_head_json":{"title":"Facebook-Feed \u2013 Facebook-Erweiterung zur Joomla-Website hinzuf\u00fcgen","description":"F\u00fcgen Sie eine responsive Facebook-Feed-Erweiterung in Ihre Joomla-Website ein. Probieren Sie die praktische Demo von Elfsight aus und entwerfen Sie Ihr Widget in nur 2 Minuten.","robots":{"index":"index","follow":"follow","max-snippet":"max-snippet:-1","max-image-preview":"max-image-preview:large","max-video-preview":"max-video-preview:-1"},"canonical":"https:\/\/elfsight.com\/de\/facebook-feed-widget\/joomla\/","og_locale":"de_DE","og_type":"article","og_title":"Facebook-Feed \u2013 Facebook-Erweiterung zur Joomla-Website hinzuf\u00fcgen","og_description":"F\u00fcgen Sie eine responsive Facebook-Feed-Erweiterung in Ihre Joomla-Website ein. Probieren Sie die praktische Demo von Elfsight aus und entwerfen Sie Ihr Widget in nur 2 Minuten.","og_url":"https:\/\/elfsight.com\/de\/facebook-feed-widget\/joomla\/","og_site_name":"Elfsight DE","article_modified_time":"2025-01-14T16:23:24+00:00","twitter_card":"summary_large_image","twitter_misc":{"Gesch\u00e4tzte Lesezeit":"4\u00a0Minuten"},"schema":{"@context":"https:\/\/schema.org","@graph":[{"@type":"WebPage","@id":"https:\/\/elfsight.com\/de\/facebook-feed-widget\/joomla\/","url":"https:\/\/elfsight.com\/de\/facebook-feed-widget\/joomla\/","name":"Facebook-Feed \u2013 Facebook-Erweiterung zur Joomla-Website hinzuf\u00fcgen","isPartOf":{"@id":"https:\/\/elfsight.com\/de\/#website"},"datePublished":"2024-05-03T06:36:00+00:00","dateModified":"2025-01-14T16:23:24+00:00","description":"F\u00fcgen Sie eine responsive Facebook-Feed-Erweiterung in Ihre Joomla-Website ein. Probieren Sie die praktische Demo von Elfsight aus und entwerfen Sie Ihr Widget in nur 2 Minuten.","breadcrumb":{"@id":"https:\/\/elfsight.com\/de\/facebook-feed-widget\/joomla\/#breadcrumb"},"inLanguage":"de","potentialAction":[{"@type":"ReadAction","target":["https:\/\/elfsight.com\/de\/facebook-feed-widget\/joomla\/"]}]},{"@type":"BreadcrumbList","@id":"https:\/\/elfsight.com\/de\/facebook-feed-widget\/joomla\/#breadcrumb","itemListElement":[{"@type":"ListItem","position":1,"name":"Home","item":"https:\/\/elfsight.com\/de\/"},{"@type":"ListItem","position":2,"name":"Facebook Feed","item":"https:\/\/elfsight.com\/de\/facebook-feed-widget\/"},{"@type":"ListItem","position":3,"name":"Facebook Feed &#8211; Joomla"}]},{"@type":"WebSite","@id":"https:\/\/elfsight.com\/de\/#website","url":"https:\/\/elfsight.com\/de\/","name":"Elfsight DE","description":"Just another Elfsight Sites site","potentialAction":[{"@type":"SearchAction","target":{"@type":"EntryPoint","urlTemplate":"https:\/\/elfsight.com\/de\/?s={search_term_string}"},"query-input":{"@type":"PropertyValueSpecification","valueRequired":true,"valueName":"search_term_string"}}],"inLanguage":"de"}]}},"meta_box":{"industry":"","seo_heading":"","heading":"","description":"","cta_heading":"","cta_description":"","application":"185","h1":"Facebook-Feed-Erweiterung f\u00fcr Joomla","h1_caption":"Betten Sie Beitr\u00e4ge von Ihrer Facebook-Seite ein, um Ihre Website-Besucher m\u00fchelos \u00fcber die neuesten Updates und Neuigkeiten auf Ihrer Joomla-Website zu informieren.","application_category":[],"applications_title":"","applications_request_title":"","applications_request_button_text":"","hero_text":"","hero_video":"","hero_video_schema_markup":"","selling_points_title":"","selling_points_caption":"","selling_points":[],"selling_points_cta_text":"","features_title":"","features":"","ed_cta_examples_text":"","ed_cta_examples_hidden":"","ed_cta_demo_text":"","ed_cta_demo_hidden":"","why_caption":"","why_editor_title":"","why_editor_text":"","why_team_title":"","why_team_text":"","why_service_title":"","why_service_text":"","template_catalog_visible":"0","template_catalog_title":"","template_catalog_text":"","template_catalog_categories_visible":"","demo_title":"Erstellen Sie Ihr Facebook-Feed-Plugin","demo_caption":"Konfigurieren Sie Ihren Facebook-Feed und f\u00fcgen Sie ihn kostenlos zu Ihrer Joomla-Website hinzu!","default_faq_hidden":"","app_template_category":[],"platform":"259","template_public_id":"","codecanyon_url":"","codecanyon_item_id":"","codecanyon_price":"","pricing_caption":"","pricing_elfsight_apps_hide_column":"","pricing_elfsight_apps_url":"","pricing_codecanyon_price_caption":"","integration_category":[],"integration_request_title":"","integration_request_cta":"","integration_platform":"","integrations":[],"platform_category":[],"video_schema_markup":"","price":"ab 0 $ \/ Monat","trial":"","benefits":[{"text":"Kostenlose Installationshilfe"},{"text":"Professioneller Kundenservice"},{"text":"14-t\u00e4gige R\u00fcckerstattungsgarantie"},{"text":"Regelm\u00e4\u00dfige Verbesserungen"}],"button_url":"#demo","button_target_blank":"0","button_nofollow":"0","attributes":[{"name":"Installiert","content":"100,000 - 500,000"},{"name":"Reaktionsfreudig","content":"Ja"},{"name":"Kompatible Browser","content":"Firefox, Safari, Opera, Chrome, Edge"}],"tags":[],"tags_disable_links":"0","hide_more_platforms":"","video_object":"","demo_hide_cta":"0","demo_hide_cloud_options":"0","pricing_title":"","pricing":[{"pricing_icon":"platform","pricing_title":"Elfsight Apps","pricing_title_caption":"Multiplattform-L\u00f6sung, die auf jeder Website funktioniert","pricing_price":"ab 0 $ \/ Monat","pricing_price_caption":"Beginnen Sie mit einem kostenlosen Plan","pricing_benefits":[{"text":"Unbegrenzte Websites"},{"text":"Professionelle Kundenbetreuung und gut dokumentiert"},{"text":"Kostenloser Installationssupport"},{"text":"Sonderpreis f\u00fcr mehrere Apps"}],"pricing_button_text":"Zur Website hinzuf\u00fcgen","pricing_button_url":"#demo"}],"related_apps_title":"","related_apps_hidden":"0","author":"","image":[],"title":"","job":"","social_networks":[]},"_links":{"self":[{"href":"https:\/\/elfsight.com\/de\/wp-json\/wp\/v2\/pages\/17129","targetHints":{"allow":["GET"]}}],"collection":[{"href":"https:\/\/elfsight.com\/de\/wp-json\/wp\/v2\/pages"}],"about":[{"href":"https:\/\/elfsight.com\/de\/wp-json\/wp\/v2\/types\/page"}],"author":[{"embeddable":true,"href":"https:\/\/elfsight.com\/de\/wp-json\/wp\/v2\/users\/9"}],"replies":[{"embeddable":true,"href":"https:\/\/elfsight.com\/de\/wp-json\/wp\/v2\/comments?post=17129"}],"version-history":[{"count":6,"href":"https:\/\/elfsight.com\/de\/wp-json\/wp\/v2\/pages\/17129\/revisions"}],"predecessor-version":[{"id":23640,"href":"https:\/\/elfsight.com\/de\/wp-json\/wp\/v2\/pages\/17129\/revisions\/23640"}],"up":[{"embeddable":true,"href":"https:\/\/elfsight.com\/de\/wp-json\/wp\/v2\/pages\/651"}],"wp:attachment":[{"href":"https:\/\/elfsight.com\/de\/wp-json\/wp\/v2\/media?parent=17129"}],"curies":[{"name":"wp","href":"https:\/\/api.w.org\/{rel}","templated":true}]}}