{"id":17128,"date":"2024-05-03T06:35:59","date_gmt":"2024-05-03T06:35:59","guid":{"rendered":"https:\/\/elfsight.com\/de\/?page_id=17128"},"modified":"2025-01-14T17:56:44","modified_gmt":"2025-01-14T17:56:44","slug":"magento","status":"publish","type":"page","link":"https:\/\/elfsight.com\/de\/facebook-feed-widget\/magento\/","title":{"rendered":"Facebook Feed &#8211; Magento"},"content":{"rendered":"\n<div class=\"application-platform-content-item-description application-platform-content-item\" id=\"description\" data-nav-section=\"description\"><\/p><h2>Beschreibung<\/h2><p>Zeigen Sie Ihren Facebook-Feed in unserer universellen Erweiterung \u2013 Facebook Feed. Newsfeed, Videos, Bilder \u2013 stellen Sie sicher, dass Ihre Besucher keine einzige Nachricht \u00fcberspringen. Attraktives Design mit authentischen Facebook-Elementen wird nicht unbemerkt bleiben und dazu beitragen, nicht nur aktuelle Benutzer auf der Website zu halten, sondern auch neue Facebook-Abonnenten einzuladen.<\/p><p><b>Steigern Sie Ihr Kundenengagement auf das H\u00f6chste Level mit Magento-Facebook-Erweiterung.<\/b><\/p><ul><li><b>Erzielen Sie eine bessere Glaubw\u00fcrdigkeit Ihres Unternehmens<\/b>.<br>Ein Unternehmen, das \u00fcber Girokonten in sozialen Netzwerken verf\u00fcgt, erh\u00e4lt 75 weitere Vertrauen unter den Benutzern. F\u00fcgen Sie Ihre Facebook-Seite auf der Website ein, um den Lesern zu beweisen, dass Ihr Unternehmen echt und vertrauensw\u00fcrdig ist.<\/li><li><b>Sorgen Sie daf\u00fcr, dass sich die Leser Ihres Unternehmens stark engagieren<\/b>.<br>Tun Sie das nicht Stoppen Sie nur auf der Website und helfen Sie jedem Leser, Ihre Marke auf Facebook n\u00e4her kennenzulernen: Integrieren Sie Kunden in den Alltag Ihres Unternehmens und finden Sie die treuesten Kunden.<\/li><li><b>3 Facebook-Widgets in 1<\/b>. Alle Ihre gro\u00dfartigen Facebook-Inhalte in einem einzigen Widget: Zeigen Sie Ver\u00f6ffentlichungen mit Feedback, Likes oder Facebook-Reaktionen an; Erstellen Sie Bilder- und Videosammlungen auf der Website mithilfe von Facebook-Alben.<\/li><\/ul><p><\/div><div class=\"application-platform-content-item-features application-platform-content-item\" id=\"features\" data-nav-section=\"features\"><\/p><h2>Funktionen <\/h2><p>4 Funktionen, die unseren Facebook-Feed zur besten Erweiterung f\u00fcr eine Magento-Website machen.<\/p><ul><li>2 unterst\u00fctzte Facebook-Quellen: Seiten, Profile;<\/li><li> Fotos, Alben oder beides anzeigen;<\/li><li>Gef\u00e4llt mir- und Teilen-Schaltfl\u00e4chen in der Kopfzeile;<\/li><li>Variable Beitragsbeschr\u00e4nkung;<\/li><li>Premium-Support durch Profis.<\/li><\/ul><p><a href=\"#demo\">\u00dcberpr\u00fcfen Sie alle Funktionen in der Live-Demo<\/a><\/p><p><\/div><div class=\"application-platform-content-item-installation  application-platform-content-item\" id=\"installation \" data-nav-section=\"installation \"><h2>So f\u00fcgen Sie Facebook zur Magento-Website hinzu<\/h2><p>Befolgen Sie einfach die nachstehenden Anweisungen, um die Erweiterung in Magento einzubetten.<\/p> <ol><li><b>Starten Sie unsere Kostenlose Demo und beginnen Sie mit der Erstellung Ihres ma\u00dfgeschneiderten Widgets. <\/b><br> Finden Sie die bevorzugte Form und Funktionen der Facebook-Feed-Erweiterung und wenden Sie die Korrekturen an. <\/li> <li><b>Erhalten Sie Ihren pers\u00f6nlichen Code, der im speziellen Formular auf Elfsight Apps erscheint. <\/b><br> Sobald die Einrichtung Ihres Tools abgeschlossen ist, kopieren Sie den pers\u00f6nlichen Code im erscheinenden Fenster und bewahren Sie ihn zur sp\u00e4teren Verwendung auf. <\/li> <li><b>Beginnen Sie mit der Verwendung des Tools auf Ihrer Magento-Seite. <\/b><br> Implementieren Sie den zuvor kopierten Code in Ihre Website und \u00fcbernehmen Sie die Anpassungen. <\/li> <li><b>Das Setup wurde erfolgreich beendet. <\/b><br> Besuchen Sie Ihre Webseite, um die Arbeit des Tools in Aktion zu sehen. <\/li><\/ol><p>M\u00f6chten Sie detailliertere Hilfe? Lesen Sie einen <a href=\"https:\/\/elfsight.com\/tutorials\/how-to-add-facebook-feed-extension-to-magento\/\" target=\"_blank\" rel=\"noopener noreferrer\">vollst\u00e4ndigen Artikel<\/a> oder schreiben Sie an unser Hilfecenter, wir helfen Ihnen gerne weiter.<\/p>\n<\/div>\n<div class=\"faq\" data-component=\"FAQ\"><div class=\"faq-item\">\r\n\t\t\t\t\t<div class=\"faq-item-question\">\r\n\t\t\t\t\t\t<h3 class=\"faq-item-question-text\">Wie kann ich einen Facebook Feed auf meiner Magento-Website ohne Programmierkenntnisse einbetten?<\/h3>\r\n\r\n\t\t\t\t\t\t<div class=\"faq-item-question-icon\"><\/div>\r\n\t\t\t\t\t<\/div>\r\n\r\n\t\t\t\t\t<div class=\"faq-item-answer\">\r\n\t\t\t\t\t\t<div class=\"faq-item-answer-text\">\n\n<p>Das Unternehmen Elfsight bietet eine SaaS-L\u00f6sung, mit der Benutzer selbst einen Facebook Feed-Bereich erstellen k\u00f6nnen. Entdecken Sie die unkomplizierten Schritte:<\/p>\n\n<ul>\n  <li>Gehen Sie in den Online-Editor, um ein Facebook Feed-Widget zu erstellen, das Sie auf Ihrer Magento-Website anzeigen m\u00f6chten.<\/li>\n  <li>W\u00e4hlen Sie eine unserer vorgefertigten Vorlagen aus und passen Sie die Facebook Feed-Einstellungen an, \u00e4ndern Sie das Layout und die Farben, f\u00fcgen Sie Ihre Inhalte hinzu \u2013 ganz ohne Programmierkenntnisse.<\/li>\n  <li>Klicken Sie, um die Einstellungen, die Sie f\u00fcr den Facebook Feed vorgenommen haben, zu speichern und den Installationscode zu erhalten, den Sie problemlos in Ihre Magento-Startseite einf\u00fcgen k\u00f6nnen \u2013 ohne eine kostenpflichtige Version zu kaufen.<\/li>\n<\/ul>\n\n<p>Mit Hilfe unseres benutzerfreundlichen Editors kann jeder Internetnutzer eine Facebook Feed-App online erstellen und sie problemlos auf der Magento-Website hinzuf\u00fcgen. Es ist nicht erforderlich, zu zahlen oder Kartendaten anzugeben, um auf den Editor zuzugreifen. Wenn Sie auf Probleme sto\u00dfen, k\u00f6nnen Sie sich jederzeit an unser Support-Team wenden.<\/p>\n\n<\/div>\r\n\t\t\t\t\t<\/div>\r\n\t\t\t\t<\/div>\n<\/div>\n","protected":false},"excerpt":{"rendered":"","protected":false},"author":9,"featured_media":0,"parent":651,"menu_order":0,"comment_status":"closed","ping_status":"closed","template":"templates\/template-application-platform.php","meta":{"publish_to_discourse":"","publish_post_category":"","wpdc_auto_publish_overridden":"","wpdc_topic_tags":"","wpdc_pin_topic":"","wpdc_pin_until":"","discourse_post_id":"","discourse_permalink":"","wpdc_publishing_response":"","wpdc_publishing_error":"","footnotes":""},"class_list":["post-17128","page","type-page","status-publish","hentry"],"yoast_head":"<!-- This site is optimized with the Yoast SEO plugin v25.3.1 - https:\/\/yoast.com\/wordpress\/plugins\/seo\/ -->\n<title>Facebook-Feed \u2013 Facebook-Erweiterung zur Magento-Website hinzuf\u00fcgen<\/title>\n<meta name=\"description\" content=\"Integrieren Sie eine responsive Facebook-Feed-Erweiterung in Ihre Magento-Website. Verwenden Sie den praktischen Elfsight-Editor und erstellen Sie Ihr Widget in nur 1 Minute.\" \/>\n<meta name=\"robots\" content=\"index, follow, max-snippet:-1, max-image-preview:large, max-video-preview:-1\" \/>\n<link rel=\"canonical\" href=\"https:\/\/elfsight.com\/de\/facebook-feed-widget\/magento\/\" \/>\n<meta property=\"og:locale\" content=\"de_DE\" \/>\n<meta property=\"og:type\" content=\"article\" \/>\n<meta property=\"og:title\" content=\"Facebook-Feed \u2013 Facebook-Erweiterung zur Magento-Website hinzuf\u00fcgen\" \/>\n<meta property=\"og:description\" content=\"Integrieren Sie eine responsive Facebook-Feed-Erweiterung in Ihre Magento-Website. Verwenden Sie den praktischen Elfsight-Editor und erstellen Sie Ihr Widget in nur 1 Minute.\" \/>\n<meta property=\"og:url\" content=\"https:\/\/elfsight.com\/de\/facebook-feed-widget\/magento\/\" \/>\n<meta property=\"og:site_name\" content=\"Elfsight DE\" \/>\n<meta property=\"article:modified_time\" content=\"2025-01-14T17:56:44+00:00\" \/>\n<meta name=\"twitter:card\" content=\"summary_large_image\" \/>\n<meta name=\"twitter:label1\" content=\"Gesch\u00e4tzte Lesezeit\" \/>\n\t<meta name=\"twitter:data1\" content=\"4\u00a0Minuten\" \/>\n<!-- \/ Yoast SEO plugin. -->","yoast_head_json":{"title":"Facebook-Feed \u2013 Facebook-Erweiterung zur Magento-Website hinzuf\u00fcgen","description":"Integrieren Sie eine responsive Facebook-Feed-Erweiterung in Ihre Magento-Website. Verwenden Sie den praktischen Elfsight-Editor und erstellen Sie Ihr Widget in nur 1 Minute.","robots":{"index":"index","follow":"follow","max-snippet":"max-snippet:-1","max-image-preview":"max-image-preview:large","max-video-preview":"max-video-preview:-1"},"canonical":"https:\/\/elfsight.com\/de\/facebook-feed-widget\/magento\/","og_locale":"de_DE","og_type":"article","og_title":"Facebook-Feed \u2013 Facebook-Erweiterung zur Magento-Website hinzuf\u00fcgen","og_description":"Integrieren Sie eine responsive Facebook-Feed-Erweiterung in Ihre Magento-Website. Verwenden Sie den praktischen Elfsight-Editor und erstellen Sie Ihr Widget in nur 1 Minute.","og_url":"https:\/\/elfsight.com\/de\/facebook-feed-widget\/magento\/","og_site_name":"Elfsight DE","article_modified_time":"2025-01-14T17:56:44+00:00","twitter_card":"summary_large_image","twitter_misc":{"Gesch\u00e4tzte Lesezeit":"4\u00a0Minuten"},"schema":{"@context":"https:\/\/schema.org","@graph":[{"@type":"WebPage","@id":"https:\/\/elfsight.com\/de\/facebook-feed-widget\/magento\/","url":"https:\/\/elfsight.com\/de\/facebook-feed-widget\/magento\/","name":"Facebook-Feed \u2013 Facebook-Erweiterung zur Magento-Website hinzuf\u00fcgen","isPartOf":{"@id":"https:\/\/elfsight.com\/de\/#website"},"datePublished":"2024-05-03T06:35:59+00:00","dateModified":"2025-01-14T17:56:44+00:00","description":"Integrieren Sie eine responsive Facebook-Feed-Erweiterung in Ihre Magento-Website. Verwenden Sie den praktischen Elfsight-Editor und erstellen Sie Ihr Widget in nur 1 Minute.","breadcrumb":{"@id":"https:\/\/elfsight.com\/de\/facebook-feed-widget\/magento\/#breadcrumb"},"inLanguage":"de","potentialAction":[{"@type":"ReadAction","target":["https:\/\/elfsight.com\/de\/facebook-feed-widget\/magento\/"]}]},{"@type":"BreadcrumbList","@id":"https:\/\/elfsight.com\/de\/facebook-feed-widget\/magento\/#breadcrumb","itemListElement":[{"@type":"ListItem","position":1,"name":"Home","item":"https:\/\/elfsight.com\/de\/"},{"@type":"ListItem","position":2,"name":"Facebook Feed","item":"https:\/\/elfsight.com\/de\/facebook-feed-widget\/"},{"@type":"ListItem","position":3,"name":"Facebook Feed &#8211; Magento"}]},{"@type":"WebSite","@id":"https:\/\/elfsight.com\/de\/#website","url":"https:\/\/elfsight.com\/de\/","name":"Elfsight DE","description":"Just another Elfsight Sites site","potentialAction":[{"@type":"SearchAction","target":{"@type":"EntryPoint","urlTemplate":"https:\/\/elfsight.com\/de\/?s={search_term_string}"},"query-input":{"@type":"PropertyValueSpecification","valueRequired":true,"valueName":"search_term_string"}}],"inLanguage":"de"}]}},"meta_box":{"industry":"","seo_heading":"","heading":"","description":"","cta_heading":"","cta_description":"","application":"185","h1":"Facebook-Feed-Erweiterung f\u00fcr Magento","h1_caption":"Betten Sie Beitr\u00e4ge von Ihrer Facebook-Seite ein, um Ihre Website-Besucher m\u00fchelos mit Ihren neuesten Updates und Neuigkeiten auf Ihrer Magento-Website zu besch\u00e4ftigen.","application_category":[],"applications_title":"","applications_request_title":"","applications_request_button_text":"","hero_text":"","hero_video":"","hero_video_schema_markup":"","selling_points_title":"","selling_points_caption":"","selling_points":[],"selling_points_cta_text":"","features_title":"","features":"","ed_cta_examples_text":"","ed_cta_examples_hidden":"","ed_cta_demo_text":"","ed_cta_demo_hidden":"","why_caption":"","why_editor_title":"","why_editor_text":"","why_team_title":"","why_team_text":"","why_service_title":"","why_service_text":"","template_catalog_visible":"0","template_catalog_title":"","template_catalog_text":"","template_catalog_categories_visible":"","demo_title":"Erstellen Sie Ihre Facebook-Feed-Erweiterung","demo_caption":"Konfigurieren Sie Ihren Facebook-Feed und f\u00fcgen Sie ihn kostenlos zu Ihrer Magento-Website hinzu!","default_faq_hidden":"","app_template_category":[],"platform":"256","template_public_id":"","codecanyon_url":"","codecanyon_item_id":"","codecanyon_price":"","pricing_caption":"","pricing_elfsight_apps_hide_column":"","pricing_elfsight_apps_url":"","pricing_codecanyon_price_caption":"","integration_category":[],"integration_request_title":"","integration_request_cta":"","integration_platform":"","integrations":[],"platform_category":[],"video_schema_markup":"","price":"ab 0 $ \/ Monat","trial":"","benefits":[{"text":"Kostenloser Installationsservice"},{"text":"Effektiver Kundenservice"},{"text":"14-t\u00e4gige R\u00fcckerstattungsgarantie"},{"text":"Kontinuierliche kostenlose Updates"}],"button_url":"#demo","button_target_blank":"0","button_nofollow":"0","attributes":[{"name":"Installiert","content":"100,000 - 500,000"},{"name":"Reaktionsfreudig","content":"Ja"},{"name":"Kompatible Browser","content":"Firefox, Safari, Opera, Chrome, Edge"}],"tags":[],"tags_disable_links":"0","hide_more_platforms":"","video_object":"","demo_hide_cta":"0","demo_hide_cloud_options":"0","pricing_title":"","pricing":[{"pricing_icon":"platform","pricing_title":"Elfsight Apps","pricing_title_caption":"Plattform\u00fcbergreifende digitale L\u00f6sung, die f\u00fcr jeden Standort geeignet ist","pricing_price":"ab 0 $ \/ Monat","pricing_price_caption":"Beginnen Sie mit einem kostenlosen Plan","pricing_benefits":[{"text":"Unbegrenzte Domains"},{"text":"Engagierter Kundensupport und gut dokumentiert"},{"text":"Kostenloser Installationssupport"},{"text":"Vollst\u00e4ndig anpassbar"}],"pricing_button_text":"Zur Website hinzuf\u00fcgen","pricing_button_url":"#demo"}],"related_apps_title":"","related_apps_hidden":"0","author":"","image":[],"title":"","job":"","social_networks":[]},"_links":{"self":[{"href":"https:\/\/elfsight.com\/de\/wp-json\/wp\/v2\/pages\/17128","targetHints":{"allow":["GET"]}}],"collection":[{"href":"https:\/\/elfsight.com\/de\/wp-json\/wp\/v2\/pages"}],"about":[{"href":"https:\/\/elfsight.com\/de\/wp-json\/wp\/v2\/types\/page"}],"author":[{"embeddable":true,"href":"https:\/\/elfsight.com\/de\/wp-json\/wp\/v2\/users\/9"}],"replies":[{"embeddable":true,"href":"https:\/\/elfsight.com\/de\/wp-json\/wp\/v2\/comments?post=17128"}],"version-history":[{"count":2,"href":"https:\/\/elfsight.com\/de\/wp-json\/wp\/v2\/pages\/17128\/revisions"}],"predecessor-version":[{"id":23655,"href":"https:\/\/elfsight.com\/de\/wp-json\/wp\/v2\/pages\/17128\/revisions\/23655"}],"up":[{"embeddable":true,"href":"https:\/\/elfsight.com\/de\/wp-json\/wp\/v2\/pages\/651"}],"wp:attachment":[{"href":"https:\/\/elfsight.com\/de\/wp-json\/wp\/v2\/media?parent=17128"}],"curies":[{"name":"wp","href":"https:\/\/api.w.org\/{rel}","templated":true}]}}