{"id":17122,"date":"2024-05-03T06:35:57","date_gmt":"2024-05-03T06:35:57","guid":{"rendered":"https:\/\/elfsight.com\/de\/?page_id=17122"},"modified":"2025-01-14T18:20:39","modified_gmt":"2025-01-14T18:20:39","slug":"opencart","status":"publish","type":"page","link":"https:\/\/elfsight.com\/de\/facebook-feed-widget\/opencart\/","title":{"rendered":"Facebook Feed &#8211; OpenCart"},"content":{"rendered":"\n<div class=\"application-platform-content-item-description application-platform-content-item\" id=\"description\" data-nav-section=\"description\"><h2>Beschreibung<\/h2><p>Zeigen Sie Ihre Facebook-Inhalte in unserem erweiterten Modul an \u2013 Facebook-Feed. Newsfeed, Video, Fotos \u2013 Sie k\u00f6nnen sicher sein, dass Ihre Leser keinen einzigen Teil Ihres Inhalts \u00fcberspringen. Die trendige Benutzeroberfl\u00e4che mit echten Facebook-Elementen wird die Aufmerksamkeit auf sich ziehen und Ihnen die M\u00f6glichkeit geben, nicht nur bestehende Kunden auf der Website zu halten, sondern auch neue Facebook-Abonnenten zu gewinnen.<\/p><p><b>Verbessern Sie Ihr Social-Media-Marketing Eine noch nie dagewesene H\u00f6he mit der OpenCart-Facebook-Erweiterung.<\/b><\/p><ul><li><b>Sorgen Sie daf\u00fcr, dass Besucher auf der Website bleiben<\/b>. Zeigen Sie soziale und interaktive Elemente an, die die Aufmerksamkeit der Leser auf sich ziehen, um sie auf der Seite zu halten und mehr Informationen \u00fcber Ihre Artikel oder Ihr Unternehmen bereitzustellen.<\/li><li><b>Entwickeln Sie Ihre Facebook-Seite<\/b>. F\u00fcgen Sie Facebook-Bilder und -Videos nicht nur f\u00fcr Besucher der sozialen Medien hinzu, sondern auch sofort, um Besucher von der Website auf Ihre Facebook-Seite zu locken. F\u00fcgen Sie erkennbare Beitr\u00e4ge oder Bilder ein, um sofort neue Abonnenten zu gewinnen!<\/li><li><b>Alles Facebook in einem Modul<\/b>. Alle Inhalte von Facebook in einem einzigen Modul: Nachrichten mit Feedback, Shares oder beliebigen Facebook-Reaktionen anzeigen; Gestalten Sie mithilfe von Facebook-Alben Foto- und Videogalerien auf der Website.<\/li><\/ul><\/div><div class=\"application-platform-content-item-features application-platform-content-item\" id=\"features\" data-nav-section=\"features\"><h2>Funktionen<\/h2><p>Einige erstaunliche Funktionen, die unsere ver\u00e4ndern Facebook-Feed in eine wertvolle Erweiterung f\u00fcr jede OpenCart-Website.<\/p><ul><li>2 unterst\u00fctzte Facebook-Quellen: Seiten, Profile;<\/li><li>Anpassbare Pop-ups mit umschaltbaren Elementen: Autor, Anzahl der Likes, Anzahl der geteilten Videos, Kommentare;<\/li><li>Videos mit umschaltbaren Informationen: Beschreibung, Anzahl der Likes, Anzahl der Kommentare;<\/li><li>Kopfzeile ein- oder ausschalten;<\/li><li>12 beliebte Sprachen werden unterst\u00fctzt.<\/li><\/ul><p><a href=\"#demo\">\u00dcberpr\u00fcfen Sie alle Vorteile in der Live-Demo<\/a>.<\/p><\/div><div class=\"application-platform-content-item-installation application-platform-content-item\" id=\"installation\" data-nav-section=\"installation\"><h2>So f\u00fcgen Sie das Facebook-Feed-Modul zur OpenCart-Website hinzu<\/h2><div class=\"video-container\"><iframe width=\"560\" height=\"315\" src=\"https:\/\/www.youtube.com\/embed\/6iIw-QUJoAI?si=OYKW8ySInqLOGgMp\" frameborder=\"0\" allow=\"accelerometer; autoplay; clipboard-write; encrypted-media; gyroscope; picture-in-picture; web-share\" allowfullscreen><\/iframe><\/div><p>Befolgen Sie einfach die nachstehenden Richtlinien, um mit der Verwendung der Erweiterung auf OpenCart zu beginnen.<\/p> <ol><li><b>Verwalten Sie unseren kostenlosen Konfigurator und beginnen Sie mit der Gestaltung Ihres individuellen Erweiterung gemacht. <\/b><br> W\u00e4hlen Sie das gew\u00fcnschte Layout und die gew\u00fcnschten Spezifikationen des Widgets und speichern Sie die \u00c4nderungen. <\/li> <li><b>Sie erhalten Ihren pers\u00f6nlichen Code in der Box von Elfsight Apps. <\/b><br> Sobald die Einrichtung Ihrer pers\u00f6nlichen Facebook-Feed-Erweiterung abgeschlossen ist, kopieren Sie den pers\u00f6nlichen Code im angezeigten Fenster und speichern Sie ihn zur sp\u00e4teren Verwendung. <\/li> <li><b>Erste Schritte mit der Verwendung des Tools auf der OpenCart-Website. <\/b><br> F\u00fcgen Sie den zuletzt gespeicherten Code in Ihre Website ein und speichern Sie die Korrekturen. <\/li> <li><b>Die Installation ist vollst\u00e4ndig abgeschlossen. <\/b><br> Besuchen Sie Ihre Website, um die Arbeit des Tools zu beobachten. <\/li><\/ol> <p>Ben\u00f6tigen Sie detailliertere Hilfe? Studieren Sie ein <a href=\"https:\/\/elfsight.com\/tutorials\/how-to-add-facebook-feed-to-opencart\/\" target=\"_blank\" rel=\"noopener noreferrer\">umfangreiches Tutorial<\/a> Oder hinterlassen Sie Ihre Nachricht an unseren Kundensupport. Wir bieten Ihnen gerne eine L\u00f6sung an.<\/p><\/div>\n<div class=\"faq\" data-component=\"FAQ\"> <div class=\"faq-item\">\r\n\t\t\t\t\t<div class=\"faq-item-question\">\r\n\t\t\t\t\t\t<h3 class=\"faq-item-question-text\">Gibt es eine M\u00f6glichkeit, den Facebook Feed ohne Programmierkenntnisse auf meiner OpenCart-Homepage hinzuzuf\u00fcgen?<\/h3>\r\n\r\n\t\t\t\t\t\t<div class=\"faq-item-question-icon\"><\/div>\r\n\t\t\t\t\t<\/div>\r\n\r\n\t\t\t\t\t<div class=\"faq-item-answer\">\r\n\t\t\t\t\t\t<div class=\"faq-item-answer-text\">\n\n<p>Das Unternehmen Elfsight bietet eine L\u00f6sung, mit der Nutzer selbst ein Facebook Feed-Plugin erstellen k\u00f6nnen. Sehen Sie sich die einfachen Schritte an:<\/p>\n\n<ul>\n  <li>Arbeiten Sie direkt in der Online-Demo, um ein Facebook Feed-Plugin zu erstellen, das Sie auf Ihrer OpenCart-Seite hinzuf\u00fcgen m\u00f6chten.<\/li>\n  <li>W\u00e4hlen Sie eine der vorgefertigten Vorlagen aus und passen Sie die Facebook Feed-Einstellungen an, \u00e4ndern Sie das Layout und die Farben und f\u00fcgen Sie Ihre Inhalte hinzu \u2013 ganz ohne Programmierkenntnisse.<\/li>\n  <li>Speichern Sie die Einstellungen, die Sie f\u00fcr den Facebook Feed vorgenommen haben, und kopieren Sie den Einbettungscode, den Sie problemlos in Ihre OpenCart-Homepage innerhalb eines kostenlosen Plans einf\u00fcgen k\u00f6nnen.<\/li>\n<\/ul>\n\n<p>Mit dem benutzerfreundlichen Konfigurator kann jeder Internetnutzer das Facebook Feed-App online erstellen und ganz einfach in jede OpenCart-Webseite einf\u00fcgen. Es ist nicht erforderlich, einen kostenpflichtigen Plan zu erwerben oder Ihre Kartendaten anzugeben, um auf den Elfsight-Editor zuzugreifen. Wenn Sie auf Probleme sto\u00dfen, z\u00f6gern Sie nicht, unseren Kundensupport zu kontaktieren.<\/p>\n\n<\/div>\r\n\t\t\t\t\t<\/div>\r\n\t\t\t\t<\/div>\n<\/div>\n","protected":false},"excerpt":{"rendered":"","protected":false},"author":9,"featured_media":0,"parent":651,"menu_order":0,"comment_status":"closed","ping_status":"closed","template":"templates\/template-application-platform.php","meta":{"publish_to_discourse":"","publish_post_category":"","wpdc_auto_publish_overridden":"","wpdc_topic_tags":"","wpdc_pin_topic":"","wpdc_pin_until":"","discourse_post_id":"","discourse_permalink":"","wpdc_publishing_response":"","wpdc_publishing_error":"","footnotes":""},"class_list":["post-17122","page","type-page","status-publish","hentry"],"yoast_head":"<!-- This site is optimized with the Yoast SEO plugin v25.3.1 - https:\/\/yoast.com\/wordpress\/plugins\/seo\/ -->\n<title>Facebook-Feed \u2013 Facebook-Erweiterung zur OpenCart-Website hinzuf\u00fcgen<\/title>\n<meta name=\"description\" content=\"F\u00fcgen Sie Ihrer OpenCart-Website eine responsive Facebook-Feed-Erweiterung hinzu. Nutzen Sie den flexiblen Elfsight-Editor und entwerfen Sie Ihr Modul in nur 1 Minute.\" \/>\n<meta name=\"robots\" content=\"index, follow, max-snippet:-1, max-image-preview:large, max-video-preview:-1\" \/>\n<link rel=\"canonical\" href=\"https:\/\/elfsight.com\/de\/facebook-feed-widget\/opencart\/\" \/>\n<meta property=\"og:locale\" content=\"de_DE\" \/>\n<meta property=\"og:type\" content=\"article\" \/>\n<meta property=\"og:title\" content=\"Facebook-Feed \u2013 Facebook-Erweiterung zur OpenCart-Website hinzuf\u00fcgen\" \/>\n<meta property=\"og:description\" content=\"F\u00fcgen Sie Ihrer OpenCart-Website eine responsive Facebook-Feed-Erweiterung hinzu. Nutzen Sie den flexiblen Elfsight-Editor und entwerfen Sie Ihr Modul in nur 1 Minute.\" \/>\n<meta property=\"og:url\" content=\"https:\/\/elfsight.com\/de\/facebook-feed-widget\/opencart\/\" \/>\n<meta property=\"og:site_name\" content=\"Elfsight DE\" \/>\n<meta property=\"article:modified_time\" content=\"2025-01-14T18:20:39+00:00\" \/>\n<meta name=\"twitter:card\" content=\"summary_large_image\" \/>\n<meta name=\"twitter:label1\" content=\"Gesch\u00e4tzte Lesezeit\" \/>\n\t<meta name=\"twitter:data1\" content=\"4\u00a0Minuten\" \/>\n<!-- \/ Yoast SEO plugin. -->","yoast_head_json":{"title":"Facebook-Feed \u2013 Facebook-Erweiterung zur OpenCart-Website hinzuf\u00fcgen","description":"F\u00fcgen Sie Ihrer OpenCart-Website eine responsive Facebook-Feed-Erweiterung hinzu. Nutzen Sie den flexiblen Elfsight-Editor und entwerfen Sie Ihr Modul in nur 1 Minute.","robots":{"index":"index","follow":"follow","max-snippet":"max-snippet:-1","max-image-preview":"max-image-preview:large","max-video-preview":"max-video-preview:-1"},"canonical":"https:\/\/elfsight.com\/de\/facebook-feed-widget\/opencart\/","og_locale":"de_DE","og_type":"article","og_title":"Facebook-Feed \u2013 Facebook-Erweiterung zur OpenCart-Website hinzuf\u00fcgen","og_description":"F\u00fcgen Sie Ihrer OpenCart-Website eine responsive Facebook-Feed-Erweiterung hinzu. Nutzen Sie den flexiblen Elfsight-Editor und entwerfen Sie Ihr Modul in nur 1 Minute.","og_url":"https:\/\/elfsight.com\/de\/facebook-feed-widget\/opencart\/","og_site_name":"Elfsight DE","article_modified_time":"2025-01-14T18:20:39+00:00","twitter_card":"summary_large_image","twitter_misc":{"Gesch\u00e4tzte Lesezeit":"4\u00a0Minuten"},"schema":{"@context":"https:\/\/schema.org","@graph":[{"@type":"WebPage","@id":"https:\/\/elfsight.com\/de\/facebook-feed-widget\/opencart\/","url":"https:\/\/elfsight.com\/de\/facebook-feed-widget\/opencart\/","name":"Facebook-Feed \u2013 Facebook-Erweiterung zur OpenCart-Website hinzuf\u00fcgen","isPartOf":{"@id":"https:\/\/elfsight.com\/de\/#website"},"datePublished":"2024-05-03T06:35:57+00:00","dateModified":"2025-01-14T18:20:39+00:00","description":"F\u00fcgen Sie Ihrer OpenCart-Website eine responsive Facebook-Feed-Erweiterung hinzu. Nutzen Sie den flexiblen Elfsight-Editor und entwerfen Sie Ihr Modul in nur 1 Minute.","breadcrumb":{"@id":"https:\/\/elfsight.com\/de\/facebook-feed-widget\/opencart\/#breadcrumb"},"inLanguage":"de","potentialAction":[{"@type":"ReadAction","target":["https:\/\/elfsight.com\/de\/facebook-feed-widget\/opencart\/"]}]},{"@type":"BreadcrumbList","@id":"https:\/\/elfsight.com\/de\/facebook-feed-widget\/opencart\/#breadcrumb","itemListElement":[{"@type":"ListItem","position":1,"name":"Home","item":"https:\/\/elfsight.com\/de\/"},{"@type":"ListItem","position":2,"name":"Facebook Feed","item":"https:\/\/elfsight.com\/de\/facebook-feed-widget\/"},{"@type":"ListItem","position":3,"name":"Facebook Feed &#8211; OpenCart"}]},{"@type":"WebSite","@id":"https:\/\/elfsight.com\/de\/#website","url":"https:\/\/elfsight.com\/de\/","name":"Elfsight DE","description":"Just another Elfsight Sites site","potentialAction":[{"@type":"SearchAction","target":{"@type":"EntryPoint","urlTemplate":"https:\/\/elfsight.com\/de\/?s={search_term_string}"},"query-input":{"@type":"PropertyValueSpecification","valueRequired":true,"valueName":"search_term_string"}}],"inLanguage":"de"}]}},"meta_box":{"industry":"","seo_heading":"","heading":"","description":"","cta_heading":"","cta_description":"","application":"185","h1":"Facebook-Feed-Erweiterung f\u00fcr Opencart","h1_caption":"Betten Sie Beitr\u00e4ge von Ihrer Facebook-Seite ein, um Ihre Website-Besucher m\u00fchelos mit Ihren neuesten Updates und Neuigkeiten auf Ihrer Opencart-Website zu besch\u00e4ftigen.","application_category":[],"applications_title":"","applications_request_title":"","applications_request_button_text":"","hero_text":"","hero_video":"","hero_video_schema_markup":"","selling_points_title":"","selling_points_caption":"","selling_points":[],"selling_points_cta_text":"","features_title":"","features":"","ed_cta_examples_text":"","ed_cta_examples_hidden":"","ed_cta_demo_text":"","ed_cta_demo_hidden":"","why_caption":"","why_editor_title":"","why_editor_text":"","why_team_title":"","why_team_text":"","why_service_title":"","why_service_text":"","template_catalog_visible":"0","template_catalog_title":"","template_catalog_text":"","template_catalog_categories_visible":"","demo_title":"Erstellen Sie Ihre Facebook-Feed-Erweiterung","demo_caption":"Konfigurieren Sie Ihren Facebook-Feed und f\u00fcgen Sie ihn kostenlos zu Ihrer OpenCart-Website hinzu!","default_faq_hidden":"","app_template_category":[],"platform":"254","template_public_id":"","codecanyon_url":"","codecanyon_item_id":"","codecanyon_price":"","pricing_caption":"","pricing_elfsight_apps_hide_column":"","pricing_elfsight_apps_url":"","pricing_codecanyon_price_caption":"","integration_category":[],"integration_request_title":"","integration_request_cta":"","integration_platform":"","integrations":[],"platform_category":[],"video_schema_markup":"","price":"ab 0 $ \/ Monat","trial":"","benefits":[{"text":"Kostenloser Installationsservice"},{"text":"Kompetenter Kundenservice"},{"text":"14-t\u00e4gige Geld-zur\u00fcck-Garantie"},{"text":"Lebenslange kostenlose Updates"}],"button_url":"#demo","button_target_blank":"0","button_nofollow":"0","attributes":[{"name":"Installiert","content":"100,000 - 500,000"},{"name":"Reaktionsfreudig","content":"Ja"},{"name":"Kompatible Browser","content":"Opera, Firefox, Safari, Edge, Chrome"}],"tags":[],"tags_disable_links":"0","hide_more_platforms":"","video_object":"","demo_hide_cta":"0","demo_hide_cloud_options":"0","pricing_title":"","pricing":[{"pricing_icon":"platform","pricing_title":"Elfsight Apps","pricing_title_caption":"Plattform\u00fcbergreifende Software, die zu jeder Website passt","pricing_price":"ab 0 $ \/ Monat","pricing_price_caption":"Beginnen Sie mit einem kostenlosen Plan","pricing_benefits":[{"text":"Unbegrenzte Websites"},{"text":"Kostenloser Support"},{"text":"Kostenlose Installationsunterst\u00fctzung"},{"text":"100 % anpassbar"}],"pricing_button_text":"Zur Website hinzuf\u00fcgen","pricing_button_url":"#demo"}],"related_apps_title":"","related_apps_hidden":"0","author":"","image":[],"title":"","job":"","social_networks":[]},"_links":{"self":[{"href":"https:\/\/elfsight.com\/de\/wp-json\/wp\/v2\/pages\/17122","targetHints":{"allow":["GET"]}}],"collection":[{"href":"https:\/\/elfsight.com\/de\/wp-json\/wp\/v2\/pages"}],"about":[{"href":"https:\/\/elfsight.com\/de\/wp-json\/wp\/v2\/types\/page"}],"author":[{"embeddable":true,"href":"https:\/\/elfsight.com\/de\/wp-json\/wp\/v2\/users\/9"}],"replies":[{"embeddable":true,"href":"https:\/\/elfsight.com\/de\/wp-json\/wp\/v2\/comments?post=17122"}],"version-history":[{"count":3,"href":"https:\/\/elfsight.com\/de\/wp-json\/wp\/v2\/pages\/17122\/revisions"}],"predecessor-version":[{"id":23663,"href":"https:\/\/elfsight.com\/de\/wp-json\/wp\/v2\/pages\/17122\/revisions\/23663"}],"up":[{"embeddable":true,"href":"https:\/\/elfsight.com\/de\/wp-json\/wp\/v2\/pages\/651"}],"wp:attachment":[{"href":"https:\/\/elfsight.com\/de\/wp-json\/wp\/v2\/media?parent=17122"}],"curies":[{"name":"wp","href":"https:\/\/api.w.org\/{rel}","templated":true}]}}