{"id":17121,"date":"2024-05-03T06:35:56","date_gmt":"2024-05-03T06:35:56","guid":{"rendered":"https:\/\/elfsight.com\/de\/?page_id=17121"},"modified":"2025-01-14T18:38:06","modified_gmt":"2025-01-14T18:38:06","slug":"webflow","status":"publish","type":"page","link":"https:\/\/elfsight.com\/de\/facebook-feed-widget\/webflow\/","title":{"rendered":"Facebook Feed &#8211; Webflow"},"content":{"rendered":"\n<div class=\"application-platform-content-item-description application-platform-content-item\" id=\"description\" data-nav-section=\"description\"><h2>Facebook-Feed in Webflow mit dem Elfsight-Widget einbetten<\/h2><p>Zeigen Sie Ihre Facebook-Inhalte in unserem leistungsstarken Widget \u2013 Facebook-Feed. Newsfeed, Video, Bilder \u2013 Sie k\u00f6nnen sicher sein, dass Ihre Benutzer keinen einzigen Beitrag verpassen. Ein verlockender Look mit Originaldetails von Facebook wird mit Sicherheit auffallen und dazu beitragen, nicht nur bestehende Kunden auf der Website zu halten, sondern auch neue Facebook-Abonnenten einzuladen.<\/p><p><b>Steigern Sie Ihr Social-Media-Marketing auf h\u00f6chstem Niveau Level mit Hilfe des Webflow-Facebook-Widgets.<\/b><\/p><ul><li><b>St\u00e4rken Sie das Vertrauen Ihrer Kunden in Ihr Unternehmen<\/b>.<br>Ein Unternehmen, das \u00fcber aktive Profile in sozialen Netzwerken verf\u00fcgt Netzwerke erhalten 72 % mehr Vertrauen bei den Benutzern. Nutzen Sie Ihr Facebook-Profil auf der Website, um den Kunden zu versichern, dass Ihr Unternehmen seri\u00f6s und sicher im Umgang ist. Verwandeln Sie Website-Besucher in Facebook-Abonnenten. Gestalten Sie mit Ihrer Seite ein optimales Widget und zeigen Sie es auf der Website an, damit jeder Benutzer die M\u00f6glichkeit hat, Ihrer Seite zu folgen.<\/li><li><b>Steigern Sie die Anzahl der Facebook-Abonnenten in Ihrem Profil<\/b> . vVerwandeln Sie Website-Besucher in Facebook-Abonnenten. Gestalten Sie mit Ihrer Seite ein optimales Widget und zeigen Sie es auf der Website an, sodass jeder Benutzer die M\u00f6glichkeit hat, Ihrer Seite zu folgen.<\/li><li><b>Alle Facebook-Elemente in einem Widget<\/b>.<br> Alle Inhalte von Facebook in einem praktischen Widget: F\u00fcgen Sie Beitr\u00e4ge mit Feedback, Shares oder allen verf\u00fcgbaren Reaktionen hinzu; Gestalten Sie Bilder- und Videosammlungen auf der Website mithilfe von Facebook-Alben.<\/li><\/ul><\/div><div class=\"application-platform-content-item-features application-platform-content-item\" id=\"features\" data-nav-section=\"features\"><h2>Hauptfunktionen des Facebook-Feed-Widgets<\/h2><p>4 Optionen, die unseren Facebook-Feed zu einem wertvollen Widget f\u00fcr eine Webflow-Website machen.<\/p><ul><li>2 unterst\u00fctzte Facebook-Quellen: Seiten, Profile;<\/li><li>Fotos, Alben oder beides anzeigen; <\/li><li>Videos mit umschaltbaren Informationen: Beschreibung, Anzahl der Likes, Anzahl der Kommentare;<\/li><li>Beitr\u00e4ge anzeigen oder ausblenden;<\/li><li>Premium-Support durch Profis.<\/li><\/ul><p><a href=\"#demo\">Probieren Sie alle Vorteile in einer Live-Demo aus<\/a>.<\/p><\/div><div class=\"application-platform-content-item-installation application-platform-content-item\" id=\"installation\" data-nav-section=\"installation\"><h2>So f\u00fcgen Sie Facebook hinzu Webflow-Website<\/h2><div class=\"video-container\"><iframe width=\"560\" height=\"315\" src=\"https:\/\/www.youtube.com\/embed\/8C87jPKdYWg?si=1RpQlgrAwzNJkhS8\" frameborder=\"0\" allow=\"accelerometer; autoplay; clipboard-write; encrypted-media; gyroscope; picture-in-picture; web-share\" allowfullscreen><\/iframe><\/div><p>Lesen Sie unsere Anleitung, um das Einf\u00fcgen des Widgets in Ihre Website abzuschlie\u00dfen. Die Ausf\u00fchrung dauert nicht l\u00e4nger als mehrere Minuten und erfordert keine Entwicklungskenntnisse.<\/p><ol><li><b>Erstellen Sie Ihren individuellen Facebook-Feed<\/b>.<br> Mit unserem kostenlosen Konfigurator erstellen ein Widget mit dem gew\u00fcnschten Design und den gew\u00fcnschten Einstellungen.<\/li><li><b>Erhalten Sie den Code zum Einrichten des Widgets<\/b>.<br> Nach der Widget-Optimierung erhalten Sie den Code f\u00fcr das Facebook-Widget aus dem Popup-Fenster auf Elfsight Apps.<\/li><li><b>Zeigen Sie das Widget auf der Webflow-Website an<\/b>.<br> F\u00fcgen Sie das Widget an der erforderlichen Stelle der Website ein und ver\u00f6ffentlichen Sie die Ergebnisse.<\/li><li><b>Die Einbettung ist erfolgreich!<\/b><br> Gehen Sie auf Ihre Webflow-Website, um Ihre Arbeit zu \u00fcberpr\u00fcfen.<\/li><\/ol><p>M\u00f6chten Sie eine umfassendere Unterst\u00fctzung? Lesen Sie einen <a href=\"https:\/\/elfsight.com\/tutorials\/how-to-add-facebook-feed-to-webflow\/\" target=\"_blank\" rel=\"noopener noreferrer\">vollst\u00e4ndigen Leitfaden<\/a> oder schreiben Sie eine E-Mail an das Elfsight-Hilfezentrum, und wir werden Ihnen gerne eine L\u00f6sung anbieten.<\/p><\/div>\n\n<div class=\"faq\" data-component=\"FAQ\"> \n<div class=\"faq-item\">\r\n\t\t\t\t\t<div class=\"faq-item-question\">\r\n\t\t\t\t\t\t<h3 class=\"faq-item-question-text\">In welcher Weise kann ich den Facebook Feed ohne Programmierkenntnisse auf meiner Webflow-Seite hinzuf\u00fcgen?<\/h3>\r\n\r\n\t\t\t\t\t\t<div class=\"faq-item-question-icon\"><\/div>\r\n\t\t\t\t\t<\/div>\r\n\r\n\t\t\t\t\t<div class=\"faq-item-answer\">\r\n\t\t\t\t\t\t<div class=\"faq-item-answer-text\"> \n\n<p>Das Unternehmen Elfsight bietet eine SaaS-L\u00f6sung, die es Website-Besitzern erm\u00f6glicht, ein Facebook Feed-Plugin selbst zu erstellen. Sehen Sie sich die einfache Anleitung an:<\/p> \n\n<ul>\n<li>Gehen Sie zum Online-Editor, um einen Facebook Feed-Bereich zu erstellen, den Sie auf Ihrer Webflow-Website anzeigen m\u00f6chten.<\/li>\n<li>Klicken Sie auf eines der vielen vorgefertigten Templates und passen Sie die Facebook Feed-Einstellungen an, \u00e4ndern Sie das Layout und die Farben der Elemente und f\u00fcgen Sie Ihre Inhalte hinzu \u2013 ganz ohne Programmierkenntnisse.<\/li>\n<li>Speichern Sie den Facebook Feed und erhalten Sie den Code zur Einbettung, den Sie problemlos auf der Webflow-Startseite kostenlos einf\u00fcgen k\u00f6nnen.<\/li> \n<\/ul>\n\n<p>Mit unserem benutzerfreundlichen Konfigurator kann jeder Internetnutzer einen Facebook Feed-Bereich erstellen und ihn problemlos auf seiner Webflow-Website einf\u00fcgen. Es ist nicht notwendig, ein kostenpflichtiges Abonnement zu erwerben oder Ihre Kartendaten einzugeben, um auf den Editor zuzugreifen. Wenn Sie auf Probleme sto\u00dfen, k\u00f6nnen Sie sich gerne an unser Support-Team wenden.<\/p>\n\n<\/div>\r\n\t\t\t\t\t<\/div>\r\n\t\t\t\t<\/div> \n<\/div>\n","protected":false},"excerpt":{"rendered":"","protected":false},"author":9,"featured_media":0,"parent":651,"menu_order":0,"comment_status":"closed","ping_status":"closed","template":"templates\/template-application-platform.php","meta":{"publish_to_discourse":"","publish_post_category":"","wpdc_auto_publish_overridden":"","wpdc_topic_tags":"","wpdc_pin_topic":"","wpdc_pin_until":"","discourse_post_id":"","discourse_permalink":"","wpdc_publishing_response":"","wpdc_publishing_error":"","footnotes":""},"class_list":["post-17121","page","type-page","status-publish","hentry"],"yoast_head":"<!-- This site is optimized with the Yoast SEO plugin v25.3.1 - https:\/\/yoast.com\/wordpress\/plugins\/seo\/ -->\n<title>Facebook-Feed \u2013 F\u00fcgen Sie ein Facebook-Widget zur Webflow-Website hinzu<\/title>\n<meta name=\"description\" content=\"Zeigen Sie das beste Facebook-Feed-Widget auf Ihrer Webflow-Website an. Probieren Sie unseren interaktiven Editor aus und entwerfen Sie in nur 2 Minuten ein individuelles Plugin.\" \/>\n<meta name=\"robots\" content=\"index, follow, max-snippet:-1, max-image-preview:large, max-video-preview:-1\" \/>\n<link rel=\"canonical\" href=\"https:\/\/elfsight.com\/de\/facebook-feed-widget\/webflow\/\" \/>\n<meta property=\"og:locale\" content=\"de_DE\" \/>\n<meta property=\"og:type\" content=\"article\" \/>\n<meta property=\"og:title\" content=\"Facebook-Feed \u2013 F\u00fcgen Sie ein Facebook-Widget zur Webflow-Website hinzu\" \/>\n<meta property=\"og:description\" content=\"Zeigen Sie das beste Facebook-Feed-Widget auf Ihrer Webflow-Website an. Probieren Sie unseren interaktiven Editor aus und entwerfen Sie in nur 2 Minuten ein individuelles Plugin.\" \/>\n<meta property=\"og:url\" content=\"https:\/\/elfsight.com\/de\/facebook-feed-widget\/webflow\/\" \/>\n<meta property=\"og:site_name\" content=\"Elfsight DE\" \/>\n<meta property=\"article:modified_time\" content=\"2025-01-14T18:38:06+00:00\" \/>\n<meta name=\"twitter:card\" content=\"summary_large_image\" \/>\n<meta name=\"twitter:label1\" content=\"Gesch\u00e4tzte Lesezeit\" \/>\n\t<meta name=\"twitter:data1\" content=\"4\u00a0Minuten\" \/>\n<!-- \/ Yoast SEO plugin. -->","yoast_head_json":{"title":"Facebook-Feed \u2013 F\u00fcgen Sie ein Facebook-Widget zur Webflow-Website hinzu","description":"Zeigen Sie das beste Facebook-Feed-Widget auf Ihrer Webflow-Website an. Probieren Sie unseren interaktiven Editor aus und entwerfen Sie in nur 2 Minuten ein individuelles Plugin.","robots":{"index":"index","follow":"follow","max-snippet":"max-snippet:-1","max-image-preview":"max-image-preview:large","max-video-preview":"max-video-preview:-1"},"canonical":"https:\/\/elfsight.com\/de\/facebook-feed-widget\/webflow\/","og_locale":"de_DE","og_type":"article","og_title":"Facebook-Feed \u2013 F\u00fcgen Sie ein Facebook-Widget zur Webflow-Website hinzu","og_description":"Zeigen Sie das beste Facebook-Feed-Widget auf Ihrer Webflow-Website an. Probieren Sie unseren interaktiven Editor aus und entwerfen Sie in nur 2 Minuten ein individuelles Plugin.","og_url":"https:\/\/elfsight.com\/de\/facebook-feed-widget\/webflow\/","og_site_name":"Elfsight DE","article_modified_time":"2025-01-14T18:38:06+00:00","twitter_card":"summary_large_image","twitter_misc":{"Gesch\u00e4tzte Lesezeit":"4\u00a0Minuten"},"schema":{"@context":"https:\/\/schema.org","@graph":[{"@type":"WebPage","@id":"https:\/\/elfsight.com\/de\/facebook-feed-widget\/webflow\/","url":"https:\/\/elfsight.com\/de\/facebook-feed-widget\/webflow\/","name":"Facebook-Feed \u2013 F\u00fcgen Sie ein Facebook-Widget zur Webflow-Website hinzu","isPartOf":{"@id":"https:\/\/elfsight.com\/de\/#website"},"datePublished":"2024-05-03T06:35:56+00:00","dateModified":"2025-01-14T18:38:06+00:00","description":"Zeigen Sie das beste Facebook-Feed-Widget auf Ihrer Webflow-Website an. Probieren Sie unseren interaktiven Editor aus und entwerfen Sie in nur 2 Minuten ein individuelles Plugin.","breadcrumb":{"@id":"https:\/\/elfsight.com\/de\/facebook-feed-widget\/webflow\/#breadcrumb"},"inLanguage":"de","potentialAction":[{"@type":"ReadAction","target":["https:\/\/elfsight.com\/de\/facebook-feed-widget\/webflow\/"]}]},{"@type":"BreadcrumbList","@id":"https:\/\/elfsight.com\/de\/facebook-feed-widget\/webflow\/#breadcrumb","itemListElement":[{"@type":"ListItem","position":1,"name":"Home","item":"https:\/\/elfsight.com\/de\/"},{"@type":"ListItem","position":2,"name":"Facebook Feed","item":"https:\/\/elfsight.com\/de\/facebook-feed-widget\/"},{"@type":"ListItem","position":3,"name":"Facebook Feed &#8211; Webflow"}]},{"@type":"WebSite","@id":"https:\/\/elfsight.com\/de\/#website","url":"https:\/\/elfsight.com\/de\/","name":"Elfsight DE","description":"Just another Elfsight Sites site","potentialAction":[{"@type":"SearchAction","target":{"@type":"EntryPoint","urlTemplate":"https:\/\/elfsight.com\/de\/?s={search_term_string}"},"query-input":{"@type":"PropertyValueSpecification","valueRequired":true,"valueName":"search_term_string"}}],"inLanguage":"de"}]}},"meta_box":{"industry":"","seo_heading":"","heading":"","description":"","cta_heading":"","cta_description":"","application":"185","h1":"Facebook-Feed-Widget f\u00fcr Webflow","h1_caption":"Betten Sie Beitr\u00e4ge von Ihrer Facebook-Seite ein, um Ihre Website-Besucher m\u00fchelos \u00fcber Ihre neuesten Updates und Neuigkeiten auf Ihrer Webflow-Website zu informieren.","application_category":[],"applications_title":"","applications_request_title":"","applications_request_button_text":"","hero_text":"","hero_video":"","hero_video_schema_markup":"","selling_points_title":"","selling_points_caption":"","selling_points":[],"selling_points_cta_text":"","features_title":"","features":"","ed_cta_examples_text":"","ed_cta_examples_hidden":"","ed_cta_demo_text":"","ed_cta_demo_hidden":"","why_caption":"","why_editor_title":"","why_editor_text":"","why_team_title":"","why_team_text":"","why_service_title":"","why_service_text":"","template_catalog_visible":"0","template_catalog_title":"","template_catalog_text":"","template_catalog_categories_visible":"","demo_title":"Erstellen Sie Ihr Facebook-Feed-Widget","demo_caption":"Konfigurieren Sie Ihren Facebook-Feed und f\u00fcgen Sie ihn kostenlos zu Ihrer Webflow-Website hinzu!","default_faq_hidden":"","app_template_category":[],"platform":"250","template_public_id":"","codecanyon_url":"","codecanyon_item_id":"","codecanyon_price":"","pricing_caption":"","pricing_elfsight_apps_hide_column":"","pricing_elfsight_apps_url":"","pricing_codecanyon_price_caption":"","integration_category":[],"integration_request_title":"","integration_request_cta":"","integration_platform":"","integrations":[],"platform_category":[],"video_schema_markup":"","price":"ab 0 $ \/ Monat","trial":"","benefits":[{"text":"Kostenloser Installationsservice"},{"text":"Erfahrener Kundensupport"},{"text":"14-t\u00e4gige Geld-zur\u00fcck-Garantie"},{"text":"Fortlaufende Entwicklung"}],"button_url":"#demo","button_target_blank":"0","button_nofollow":"0","attributes":[{"name":"Installiert","content":"100,000 - 500,000"},{"name":"Reaktionsfreudig","content":"Ja"},{"name":"Kompatible Browser","content":"Chrome, Edge, Opera, Safari, Firefox"}],"tags":[],"tags_disable_links":"0","hide_more_platforms":"","video_object":"","demo_hide_cta":"0","demo_hide_cloud_options":"0","pricing_title":"","pricing":[{"pricing_icon":"platform","pricing_title":"Webflow widget","pricing_title_caption":"Plattformunabh\u00e4ngige digitale L\u00f6sung, die auf jeder Website funktioniert","pricing_price":"ab 0 $ \/ Monat","pricing_price_caption":"Beginnen Sie mit einem kostenlosen Plan","pricing_benefits":[{"text":"Unbegrenzte Anzahl an Websites"},{"text":"Premium-Support"},{"text":"Kostenloser Installationsservice"},{"text":"Sonderangebot f\u00fcr mehrere Apps"}],"pricing_button_text":"Zur Website hinzuf\u00fcgen","pricing_button_url":"#demo"}],"related_apps_title":"","related_apps_hidden":"0","author":"","image":[],"title":"","job":"","social_networks":[]},"_links":{"self":[{"href":"https:\/\/elfsight.com\/de\/wp-json\/wp\/v2\/pages\/17121","targetHints":{"allow":["GET"]}}],"collection":[{"href":"https:\/\/elfsight.com\/de\/wp-json\/wp\/v2\/pages"}],"about":[{"href":"https:\/\/elfsight.com\/de\/wp-json\/wp\/v2\/types\/page"}],"author":[{"embeddable":true,"href":"https:\/\/elfsight.com\/de\/wp-json\/wp\/v2\/users\/9"}],"replies":[{"embeddable":true,"href":"https:\/\/elfsight.com\/de\/wp-json\/wp\/v2\/comments?post=17121"}],"version-history":[{"count":3,"href":"https:\/\/elfsight.com\/de\/wp-json\/wp\/v2\/pages\/17121\/revisions"}],"predecessor-version":[{"id":23669,"href":"https:\/\/elfsight.com\/de\/wp-json\/wp\/v2\/pages\/17121\/revisions\/23669"}],"up":[{"embeddable":true,"href":"https:\/\/elfsight.com\/de\/wp-json\/wp\/v2\/pages\/651"}],"wp:attachment":[{"href":"https:\/\/elfsight.com\/de\/wp-json\/wp\/v2\/media?parent=17121"}],"curies":[{"name":"wp","href":"https:\/\/api.w.org\/{rel}","templated":true}]}}