{"id":17120,"date":"2024-05-03T06:35:55","date_gmt":"2024-05-03T06:35:55","guid":{"rendered":"https:\/\/elfsight.com\/de\/?page_id=17120"},"modified":"2025-01-14T18:45:09","modified_gmt":"2025-01-14T18:45:09","slug":"webnode","status":"publish","type":"page","link":"https:\/\/elfsight.com\/de\/facebook-feed-widget\/webnode\/","title":{"rendered":"Facebook Feed &#8211; Webnode"},"content":{"rendered":"\n<div class=\"application-platform-content-item-description application-platform-content-item\" id=\"description\" data-nav-section=\"description\"><h2>Beschreibung<\/h2><p>Demonstrieren Sie Ihre Facebook-Inhalte in unserem erweiterten Widget \u2013 Facebook-Feed. Beitr\u00e4ge, Videos, Fotos \u2013 zweifeln Sie nie daran, dass Ihre Leser jede einzelne Ihrer Nachrichten sehen werden. Eine attraktive Benutzeroberfl\u00e4che mit Originalkomponenten von Facebook wird nicht unbemerkt bleiben und Ihnen die M\u00f6glichkeit geben, nicht nur bestehende Kunden auf der Website zu halten, sondern auch neue Facebook-Abonnenten einzuladen.<\/p><p><b>Steigern Sie Ihre Kundenbindung h\u00f6chste Stufe unterst\u00fctzt durch Webnode Facebook-Widget.<\/b><\/p><ul><li><b>St\u00e4rken Sie die Glaubw\u00fcrdigkeit Ihrer Leser gegen\u00fcber Ihrem Unternehmen<\/b>. Eine Marke, die \u00fcber Girokonten in sozialen Netzwerken verf\u00fcgt, genie\u00dft 78 % mehr Vertrauen bei den Nutzern. Nutzen Sie Ihre Facebook-Inhalte auf der Website, um den Lesern zu versichern, dass Ihr Unternehmen echt und vertrauensw\u00fcrdig ist.<\/li><li><b>Machen Sie Werbung f\u00fcr Ihr Facebook-Konto<\/b>. Zeigen Sie Facebook-Fotos und -Videos nicht nur den Nutzern der sozialen Medien, sondern gleichzeitig auch, um Leser von der Website auf Ihr Facebook-Profil aufmerksam zu machen. Nutzen Sie auff\u00e4llige Feeds oder Videos, um sofort neue Abonnenten zu gewinnen!<\/li><li><b>1 Facebook-Widget als 3<\/b>. Alle Daten von Facebook in einem einzigen Widget: Beitr\u00e4ge mit Kommentaren, Shares oder anderen Reaktionen anzeigen; Generieren Sie Bilder und Videogalerien auf der Website mithilfe von Facebook-Alben.<\/li><\/ul><\/div><div class=\"application-platform-content-item-features application-platform-content-item\" id=\"features\" data-nav-section=\"features\"><h2>Funktionen<\/h2><p>Ein paar Vorteile, die Verwandeln Sie unseren Facebook-Feed in ein unverzichtbares Widget f\u00fcr eine Webnode-Website.<\/p><ul><li>3 anzeigbare Arten von Facebook-Inhalten: Beitr\u00e4ge, Videos und Fotos mit Alben;<\/li><li>Anpassbarer Header mit anpassbarem Elemente: Titelbild, Aktionen, Seitenbild, Anzahl der Likes;<\/li><li>Anpassbare Breite und H\u00f6he<\/li><li>Variables Beitragslimit;<\/li><li>Kostenloser Installationsservice.<\/li> <\/ul><p><a href=\"#demo\">Testen Sie alle Funktionen in einer Live-Demo<\/a>.<\/p><\/div><div class=\"application-platform-content-item-installation application-platform-content-item\" id=\"installation\" data-nav-section=\"installation\"><h2>So f\u00fcgen Sie hinzu Facebook zur Webnode-Website<\/h2><p>Folgen Sie unserer Anleitung, um die Installation durchzuf\u00fchren. Dies dauert nicht l\u00e4nger als 1 Minute und erfordert keine Programmierkenntnisse.<\/p><ol><li><b>Erstellen Sie Ihren pers\u00f6nlichen Facebook-Feed<\/b>.<br>Mit unserem kostenlosen Konfigurator, einem Plugin mit dem f\u00fcr Sie erforderlichen Aussehen und den Funktionen.<\/li><li><b>Besorgen Sie sich den Code zum Einbetten des Plugins<\/b>.<br>Besorgen Sie sich nach der Widget-Generierung den Code f\u00fcr das Facebook-Plugin aus der Popup-Benachrichtigung auf Elfsight Apps.<\/li><li><b>Zeigen Sie das Plugin auf der Webnode-Site an<\/b>.<br>F\u00fcgen Sie das Plugin an der gew\u00fcnschten Stelle der Website ein und \u00fcbernehmen Sie die \u00c4nderungen.<\/li><li><b> Sie sind fertig!<\/b><br>Besuchen Sie Ihre Website, um Ihre Arbeit zu \u00fcberpr\u00fcfen.<\/li><\/ol><p>Ben\u00f6tigen Sie eine umfassendere Unterst\u00fctzung? Sehen Sie sich einen <a href=\"https:\/\/elfsight.com\/tutorials\/how-to-add-facebook-feed-to-webnode\/\" target=\"_blank\" rel=\"noopener noreferrer\">vollst\u00e4ndigen Artikel<\/a> an Oder wenden Sie sich an unseren Kundensupport, wir finden gerne eine Antwort.<\/p><\/div>\n<div class=\"faq\" data-component=\"FAQ\"><div class=\"faq-item\">\r\n\t\t\t\t\t<div class=\"faq-item-question\">\r\n\t\t\t\t\t\t<h3 class=\"faq-item-question-text\">Wie kann ich das Facebook Feed in meine Webnode-Homepage ohne Programmierkenntnisse einbinden?<\/h3>\r\n\r\n\t\t\t\t\t\t<div class=\"faq-item-question-icon\"><\/div>\r\n\t\t\t\t\t<\/div>\r\n\r\n\t\t\t\t\t<div class=\"faq-item-answer\">\r\n\t\t\t\t\t\t<div class=\"faq-item-answer-text\"> \n\n<p>Das Unternehmen Elfsight bietet eine SaaS-L\u00f6sung, mit der eine breite Zielgruppe ein Facebook Feed-Widget selbst erstellen kann. Entdecken Sie die einfachen Anweisungen:<\/p>\n\n<ul>\n<li>Beginnen Sie direkt in der Live-Demo, um das Facebook Feed-Plugin zu erstellen, das Sie auf Ihrer Webnode-Seite einf\u00fcgen m\u00f6chten.<\/li>\n<li>W\u00e4hlen Sie eine unserer fertigen Vorlagen aus und passen Sie die Facebook Feed-Einstellungen an, \u00e4ndern Sie das Layout und Farbschema und aktualisieren Sie Ihren Inhalt ganz ohne Programmierung.<\/li>\n<li>Klicken Sie auf &#8222;Speichern&#8220;, um das Facebook Feed-Widget zu sichern und den Installationscode zu erhalten, den Sie problemlos in jede Webnode-Webseite kostenlos einf\u00fcgen k\u00f6nnen.<\/li> \n<\/ul>\n\n<p>Mit unserem benutzerfreundlichen Konfigurator kann jeder Internetnutzer das Facebook Feed-Plugin einrichten und problemlos in jede Webnode-Seite integrieren. Es ist nicht erforderlich, zu bezahlen oder Ihre Kartendaten einzugeben, um den Elfsight-Service zu nutzen. Wenn Sie auf Probleme sto\u00dfen, k\u00f6nnen Sie sich jederzeit an unser Support-Team wenden.<\/p>\n\n<\/div>\r\n\t\t\t\t\t<\/div>\r\n\t\t\t\t<\/div>\n<\/div>\n","protected":false},"excerpt":{"rendered":"","protected":false},"author":9,"featured_media":0,"parent":651,"menu_order":0,"comment_status":"closed","ping_status":"closed","template":"templates\/template-application-platform.php","meta":{"publish_to_discourse":"","publish_post_category":"","wpdc_auto_publish_overridden":"","wpdc_topic_tags":"","wpdc_pin_topic":"","wpdc_pin_until":"","discourse_post_id":"","discourse_permalink":"","wpdc_publishing_response":"","wpdc_publishing_error":"","footnotes":""},"class_list":["post-17120","page","type-page","status-publish","hentry"],"yoast_head":"<!-- This site is optimized with the Yoast SEO plugin v25.3.1 - https:\/\/yoast.com\/wordpress\/plugins\/seo\/ -->\n<title>Facebook-Feed \u2013 F\u00fcgen Sie ein Facebook-Widget zur Webnode-Website hinzu<\/title>\n<meta name=\"description\" content=\"Integrieren Sie ein responsives Facebook-Feed-Widget auf Ihrer Webnode-Website. Testen Sie den flexiblen Editor Elfsight und erstellen Sie Ihr pers\u00f6nliches Plugin in nur 3 Minuten.\" \/>\n<meta name=\"robots\" content=\"index, follow, max-snippet:-1, max-image-preview:large, max-video-preview:-1\" \/>\n<link rel=\"canonical\" href=\"https:\/\/elfsight.com\/de\/facebook-feed-widget\/webnode\/\" \/>\n<meta property=\"og:locale\" content=\"de_DE\" \/>\n<meta property=\"og:type\" content=\"article\" \/>\n<meta property=\"og:title\" content=\"Facebook-Feed \u2013 F\u00fcgen Sie ein Facebook-Widget zur Webnode-Website hinzu\" \/>\n<meta property=\"og:description\" content=\"Integrieren Sie ein responsives Facebook-Feed-Widget auf Ihrer Webnode-Website. Testen Sie den flexiblen Editor Elfsight und erstellen Sie Ihr pers\u00f6nliches Plugin in nur 3 Minuten.\" \/>\n<meta property=\"og:url\" content=\"https:\/\/elfsight.com\/de\/facebook-feed-widget\/webnode\/\" \/>\n<meta property=\"og:site_name\" content=\"Elfsight DE\" \/>\n<meta property=\"article:modified_time\" content=\"2025-01-14T18:45:09+00:00\" \/>\n<meta name=\"twitter:card\" content=\"summary_large_image\" \/>\n<meta name=\"twitter:label1\" content=\"Gesch\u00e4tzte Lesezeit\" \/>\n\t<meta name=\"twitter:data1\" content=\"3\u00a0Minuten\" \/>\n<!-- \/ Yoast SEO plugin. -->","yoast_head_json":{"title":"Facebook-Feed \u2013 F\u00fcgen Sie ein Facebook-Widget zur Webnode-Website hinzu","description":"Integrieren Sie ein responsives Facebook-Feed-Widget auf Ihrer Webnode-Website. Testen Sie den flexiblen Editor Elfsight und erstellen Sie Ihr pers\u00f6nliches Plugin in nur 3 Minuten.","robots":{"index":"index","follow":"follow","max-snippet":"max-snippet:-1","max-image-preview":"max-image-preview:large","max-video-preview":"max-video-preview:-1"},"canonical":"https:\/\/elfsight.com\/de\/facebook-feed-widget\/webnode\/","og_locale":"de_DE","og_type":"article","og_title":"Facebook-Feed \u2013 F\u00fcgen Sie ein Facebook-Widget zur Webnode-Website hinzu","og_description":"Integrieren Sie ein responsives Facebook-Feed-Widget auf Ihrer Webnode-Website. Testen Sie den flexiblen Editor Elfsight und erstellen Sie Ihr pers\u00f6nliches Plugin in nur 3 Minuten.","og_url":"https:\/\/elfsight.com\/de\/facebook-feed-widget\/webnode\/","og_site_name":"Elfsight DE","article_modified_time":"2025-01-14T18:45:09+00:00","twitter_card":"summary_large_image","twitter_misc":{"Gesch\u00e4tzte Lesezeit":"3\u00a0Minuten"},"schema":{"@context":"https:\/\/schema.org","@graph":[{"@type":"WebPage","@id":"https:\/\/elfsight.com\/de\/facebook-feed-widget\/webnode\/","url":"https:\/\/elfsight.com\/de\/facebook-feed-widget\/webnode\/","name":"Facebook-Feed \u2013 F\u00fcgen Sie ein Facebook-Widget zur Webnode-Website hinzu","isPartOf":{"@id":"https:\/\/elfsight.com\/de\/#website"},"datePublished":"2024-05-03T06:35:55+00:00","dateModified":"2025-01-14T18:45:09+00:00","description":"Integrieren Sie ein responsives Facebook-Feed-Widget auf Ihrer Webnode-Website. Testen Sie den flexiblen Editor Elfsight und erstellen Sie Ihr pers\u00f6nliches Plugin in nur 3 Minuten.","breadcrumb":{"@id":"https:\/\/elfsight.com\/de\/facebook-feed-widget\/webnode\/#breadcrumb"},"inLanguage":"de","potentialAction":[{"@type":"ReadAction","target":["https:\/\/elfsight.com\/de\/facebook-feed-widget\/webnode\/"]}]},{"@type":"BreadcrumbList","@id":"https:\/\/elfsight.com\/de\/facebook-feed-widget\/webnode\/#breadcrumb","itemListElement":[{"@type":"ListItem","position":1,"name":"Home","item":"https:\/\/elfsight.com\/de\/"},{"@type":"ListItem","position":2,"name":"Facebook Feed","item":"https:\/\/elfsight.com\/de\/facebook-feed-widget\/"},{"@type":"ListItem","position":3,"name":"Facebook Feed &#8211; Webnode"}]},{"@type":"WebSite","@id":"https:\/\/elfsight.com\/de\/#website","url":"https:\/\/elfsight.com\/de\/","name":"Elfsight DE","description":"Just another Elfsight Sites site","potentialAction":[{"@type":"SearchAction","target":{"@type":"EntryPoint","urlTemplate":"https:\/\/elfsight.com\/de\/?s={search_term_string}"},"query-input":{"@type":"PropertyValueSpecification","valueRequired":true,"valueName":"search_term_string"}}],"inLanguage":"de"}]}},"meta_box":{"industry":"","seo_heading":"","heading":"","description":"","cta_heading":"","cta_description":"","application":"185","h1":"Facebook-Feed-Widget f\u00fcr Webnode","h1_caption":"Betten Sie Beitr\u00e4ge von Ihrer Facebook-Seite ein, um Ihre Website-Besucher m\u00fchelos \u00fcber Ihre neuesten Updates und Neuigkeiten auf Ihrer Webnode-Website zu informieren.","application_category":[],"applications_title":"","applications_request_title":"","applications_request_button_text":"","hero_text":"","hero_video":"","hero_video_schema_markup":"","selling_points_title":"","selling_points_caption":"","selling_points":[],"selling_points_cta_text":"","features_title":"","features":"","ed_cta_examples_text":"","ed_cta_examples_hidden":"","ed_cta_demo_text":"","ed_cta_demo_hidden":"","why_caption":"","why_editor_title":"","why_editor_text":"","why_team_title":"","why_team_text":"","why_service_title":"","why_service_text":"","template_catalog_visible":"0","template_catalog_title":"","template_catalog_text":"","template_catalog_categories_visible":"","demo_title":"Erstellen Sie Ihr Facebook-Feed-Widget","demo_caption":"Konfigurieren Sie Ihren Facebook-Feed und f\u00fcgen Sie ihn kostenlos zu Ihrer Webnode-Website hinzu!","default_faq_hidden":"","app_template_category":[],"platform":"248","template_public_id":"","codecanyon_url":"","codecanyon_item_id":"","codecanyon_price":"","pricing_caption":"","pricing_elfsight_apps_hide_column":"","pricing_elfsight_apps_url":"","pricing_codecanyon_price_caption":"","integration_category":[],"integration_request_title":"","integration_request_cta":"","integration_platform":"","integrations":[],"platform_category":[],"video_schema_markup":"","price":"ab 0 $ \/ Monat","trial":"","benefits":[{"text":"Kostenlose Installationsunterst\u00fctzung"},{"text":"Au\u00dfergew\u00f6hnlicher Support"},{"text":"14-t\u00e4gige R\u00fcckerstattungsgarantie"},{"text":"Regelm\u00e4\u00dfige kostenlose Verbesserungen"}],"button_url":"#demo","button_target_blank":"0","button_nofollow":"0","attributes":[{"name":"Installiert","content":"100,000 - 500,000"},{"name":"Reaktionsfreudig","content":"Ja"},{"name":"Kompatible Browser","content":"Firefox, Safari, Opera, Chrome, Edge"}],"tags":[],"tags_disable_links":"0","hide_more_platforms":"","video_object":"","demo_hide_cta":"0","demo_hide_cloud_options":"0","pricing_title":"","pricing":[{"pricing_icon":"platform","pricing_title":"Elfsight Apps","pricing_title_caption":"Plattform\u00fcbergreifende L\u00f6sung","pricing_price":"ab 0 $ \/ Monat","pricing_price_caption":"Beginnen Sie mit einem kostenlosen Plan","pricing_benefits":[{"text":"Unbegrenzte Websites"},{"text":"Kostenloser Kundensupport und gut dokumentiert"},{"text":"Kostenlose Installationsunterst\u00fctzung"},{"text":"Preis f\u00fcr mehrere Apps"}],"pricing_button_text":"Zur Website hinzuf\u00fcgen","pricing_button_url":"#demo"}],"related_apps_title":"","related_apps_hidden":"0","author":"","image":[],"title":"","job":"","social_networks":[]},"_links":{"self":[{"href":"https:\/\/elfsight.com\/de\/wp-json\/wp\/v2\/pages\/17120","targetHints":{"allow":["GET"]}}],"collection":[{"href":"https:\/\/elfsight.com\/de\/wp-json\/wp\/v2\/pages"}],"about":[{"href":"https:\/\/elfsight.com\/de\/wp-json\/wp\/v2\/types\/page"}],"author":[{"embeddable":true,"href":"https:\/\/elfsight.com\/de\/wp-json\/wp\/v2\/users\/9"}],"replies":[{"embeddable":true,"href":"https:\/\/elfsight.com\/de\/wp-json\/wp\/v2\/comments?post=17120"}],"version-history":[{"count":4,"href":"https:\/\/elfsight.com\/de\/wp-json\/wp\/v2\/pages\/17120\/revisions"}],"predecessor-version":[{"id":23672,"href":"https:\/\/elfsight.com\/de\/wp-json\/wp\/v2\/pages\/17120\/revisions\/23672"}],"up":[{"embeddable":true,"href":"https:\/\/elfsight.com\/de\/wp-json\/wp\/v2\/pages\/651"}],"wp:attachment":[{"href":"https:\/\/elfsight.com\/de\/wp-json\/wp\/v2\/media?parent=17120"}],"curies":[{"name":"wp","href":"https:\/\/api.w.org\/{rel}","templated":true}]}}