{"id":17119,"date":"2024-05-03T06:35:54","date_gmt":"2024-05-03T06:35:54","guid":{"rendered":"https:\/\/elfsight.com\/de\/?page_id=17119"},"modified":"2024-11-08T09:23:20","modified_gmt":"2024-11-08T09:23:20","slug":"weebly","status":"publish","type":"page","link":"https:\/\/elfsight.com\/de\/facebook-feed-widget\/weebly\/","title":{"rendered":"Facebook Feed &#8211; Weebly"},"content":{"rendered":"\n<div class=\"application-platform-content-item-description application-platform-content-item\" id=\"description\" data-nav-section=\"description\"><h2>Beschreibung<\/h2><p>Demonstrieren Sie Ihre Facebook-Seite in unserer multifunktionalen App \u2013 Facebook Feed. Beitr\u00e4ge, Videos, Bilder \u2013 stellen Sie sicher, dass Ihre Leser keine einzige Nachricht von Ihnen verpassen. Attraktives Design mit echten Facebook-Komponenten bleibt nicht unbemerkt und tr\u00e4gt nicht nur dazu bei, bestehende Kunden auf der Website zu halten, sondern auch neue Facebook-Abonnenten zu gewinnen.<\/p><p><b>Heben Sie Ihre Kundenkommunikation auf ein nie dagewesenes Niveau mit der Facebook-App von Weebly.<\/b><\/p><ul><li><b>Erh\u00f6hen Sie die Conversion Ihrer Website um bis zu 125 %<\/b>.<br>F\u00fcgen Sie Ihrer Website ein Element des sozialen Vertrauens hinzu mehr Kunden gewinnen. Lassen Sie Ihre Leser Ihre Marke auf Facebook entdecken und gewinnen Sie ihr Vertrauen, was zur Steigerung Ihrer Konvertierung beitr\u00e4gt.<\/li><li><b>Erh\u00f6hen Sie die Zahl der Facebook-Abonnenten auf Ihrer Seite<\/b>.<br>Transformieren Sie die Website Besucher in Facebook-Abonnenten verwandeln. Erstellen Sie eine verlockende App mit Ihrem Profil und f\u00fcgen Sie sie auf der Website ein, damit jeder Benutzer die M\u00f6glichkeit hat, Ihrer Seite zu folgen.<\/li><li><b>1 Plugin f\u00fcr alle Facebook-Inhalte<\/b>.<br>Alle Informationen von Facebook in einem Plugin: Nachrichten mit Kommentaren, Likes oder beliebigen Facebook-Reaktionen anzeigen; Erstellen Sie Foto- und Videosammlungen auf der Website mithilfe von Facebook-Alben.<\/li><\/ul><\/div><div class=\"application-platform-content-item-features application-platform-content-item\" id=\"features\" data-nav-section=\"features\"><h2>Funktionen<\/h2><p>Mehrere Vorteile, die Ihr Facebook ver\u00e4ndern in eine wertvolle App f\u00fcr eine Weebly-Website.<\/p><ul><li>2 unterst\u00fctzte Facebook-Quellen: Seiten, Profile;<\/li><li>Anpassbarer Header mit anpassbaren Elementen: Titelbild, Aktionen, Seitenbild, Likes count;<\/li><li>Gef\u00e4llt mir- und Teilen-Schaltfl\u00e4chen in der Kopfzeile;<\/li><li>Beitr\u00e4ge anzeigen oder ausblenden;<\/li><li>Handlicher und intuitiver Editor ohne Programmieraufwand.<\/li><\/ul><p><a href=\"#demo\">Sehen Sie sich alle Vorteile in der Live-Demo an<\/a>.<\/p><\/div><div class=\"application-platform-content-item-installation application-platform-content-item\" id=\"installation\" data-nav-section=\"installation\"><h2>So integrieren Sie Facebook in Weebly-Website<\/h2><div class=\"video-container\"><iframe src=\"https:\/\/www.youtube.com\/embed\/GoHbo68g1GE\" width=\"720\" height=\"405\" frameborder=\"0\" allowfullscreen=\"allowfullscreen\"><\/iframe><\/div><p>Folgen Sie unserem Handbuch, um das Hinzuf\u00fcgen abzuschlie\u00dfen. Das Durcharbeiten dauert nur 1 Minute und erfordert keine Programmierkenntnisse.<\/p><ol><li><b>Verwalten Sie unseren kostenlosen Editor und beginnen Sie mit der Erstellung Ihrer einzigartigen App. <\/b><br> W\u00e4hlen Sie die gew\u00fcnschte Benutzeroberfl\u00e4che und Aspekte der App aus und speichern Sie alle \u00c4nderungen. <\/li> <li><b>Erhalten Sie Ihren einzigartigen Code, der im Feld auf Elfsight Apps angezeigt wird. <\/b><br> Kopieren Sie unmittelbar nach Abschluss der Konfiguration Ihrer App den einzelnen Code im angezeigten Popup und bewahren Sie ihn f\u00fcr einen sp\u00e4teren Bedarf auf. <\/li> <li><b>Initiieren Sie den Einsatz der App auf Ihrer Weebly-Website. <\/b><br> F\u00fcgen Sie den Code, den Sie k\u00fcrzlich gespeichert haben, in Ihre Webseite ein und speichern Sie die Anpassungen. <\/li> <li><b>Du bist fertig! Die Integration ist vollst\u00e4ndig durchgef\u00fchrt. <\/b><br> Besuchen Sie Ihre Webseite, um zu \u00fcberpr\u00fcfen, wie die App funktioniert. <\/li><\/ol><p>Ben\u00f6tigen Sie eine detailliertere Unterst\u00fctzung? Sehen Sie sich an, ob Sie detailliertere Unterst\u00fctzung ben\u00f6tigen? Sehen Sie sich ein <a href=\"https:\/\/elfsight.com\/tutorials\/how-to-add-facebook-feed-to-weebly\/\" target=\"_blank\" rel=\"noopener noreferrer\">ausf\u00fchrliches Handbuch<\/a> an oder wenden Sie sich an unseren Kundensupport, wir beraten Sie gerne.<\/div>\n","protected":false},"excerpt":{"rendered":"","protected":false},"author":9,"featured_media":0,"parent":651,"menu_order":0,"comment_status":"closed","ping_status":"closed","template":"templates\/template-application-platform.php","meta":{"publish_to_discourse":"","publish_post_category":"","wpdc_auto_publish_overridden":"","wpdc_topic_tags":"","wpdc_pin_topic":"","wpdc_pin_until":"","discourse_post_id":"","discourse_permalink":"","wpdc_publishing_response":"","wpdc_publishing_error":"","footnotes":""},"class_list":["post-17119","page","type-page","status-publish","hentry"],"yoast_head":"<!-- This site is optimized with the Yoast SEO plugin v25.3.1 - https:\/\/yoast.com\/wordpress\/plugins\/seo\/ -->\n<title>Facebook-Feed \u2013 Facebook-App zur Weebly-Website hinzuf\u00fcgen<\/title>\n<meta name=\"description\" content=\"F\u00fcgen Sie die beste Facebook-Feed-App auf Ihrer Weebly-Website ein. Entdecken Sie unseren interaktiven Editor und erstellen Sie in nur 3 Minuten ein benutzerdefiniertes Plugin.\" \/>\n<meta name=\"robots\" content=\"index, follow, max-snippet:-1, max-image-preview:large, max-video-preview:-1\" \/>\n<link rel=\"canonical\" href=\"https:\/\/elfsight.com\/de\/facebook-feed-widget\/weebly\/\" \/>\n<meta property=\"og:locale\" content=\"de_DE\" \/>\n<meta property=\"og:type\" content=\"article\" \/>\n<meta property=\"og:title\" content=\"Facebook-Feed \u2013 Facebook-App zur Weebly-Website hinzuf\u00fcgen\" \/>\n<meta property=\"og:description\" content=\"F\u00fcgen Sie die beste Facebook-Feed-App auf Ihrer Weebly-Website ein. Entdecken Sie unseren interaktiven Editor und erstellen Sie in nur 3 Minuten ein benutzerdefiniertes Plugin.\" \/>\n<meta property=\"og:url\" content=\"https:\/\/elfsight.com\/de\/facebook-feed-widget\/weebly\/\" \/>\n<meta property=\"og:site_name\" content=\"Elfsight DE\" \/>\n<meta property=\"article:modified_time\" content=\"2024-11-08T09:23:20+00:00\" \/>\n<meta name=\"twitter:card\" content=\"summary_large_image\" \/>\n<meta name=\"twitter:label1\" content=\"Gesch\u00e4tzte Lesezeit\" \/>\n\t<meta name=\"twitter:data1\" content=\"3\u00a0Minuten\" \/>\n<!-- \/ Yoast SEO plugin. -->","yoast_head_json":{"title":"Facebook-Feed \u2013 Facebook-App zur Weebly-Website hinzuf\u00fcgen","description":"F\u00fcgen Sie die beste Facebook-Feed-App auf Ihrer Weebly-Website ein. Entdecken Sie unseren interaktiven Editor und erstellen Sie in nur 3 Minuten ein benutzerdefiniertes Plugin.","robots":{"index":"index","follow":"follow","max-snippet":"max-snippet:-1","max-image-preview":"max-image-preview:large","max-video-preview":"max-video-preview:-1"},"canonical":"https:\/\/elfsight.com\/de\/facebook-feed-widget\/weebly\/","og_locale":"de_DE","og_type":"article","og_title":"Facebook-Feed \u2013 Facebook-App zur Weebly-Website hinzuf\u00fcgen","og_description":"F\u00fcgen Sie die beste Facebook-Feed-App auf Ihrer Weebly-Website ein. Entdecken Sie unseren interaktiven Editor und erstellen Sie in nur 3 Minuten ein benutzerdefiniertes Plugin.","og_url":"https:\/\/elfsight.com\/de\/facebook-feed-widget\/weebly\/","og_site_name":"Elfsight DE","article_modified_time":"2024-11-08T09:23:20+00:00","twitter_card":"summary_large_image","twitter_misc":{"Gesch\u00e4tzte Lesezeit":"3\u00a0Minuten"},"schema":{"@context":"https:\/\/schema.org","@graph":[{"@type":"WebPage","@id":"https:\/\/elfsight.com\/de\/facebook-feed-widget\/weebly\/","url":"https:\/\/elfsight.com\/de\/facebook-feed-widget\/weebly\/","name":"Facebook-Feed \u2013 Facebook-App zur Weebly-Website hinzuf\u00fcgen","isPartOf":{"@id":"https:\/\/elfsight.com\/de\/#website"},"datePublished":"2024-05-03T06:35:54+00:00","dateModified":"2024-11-08T09:23:20+00:00","description":"F\u00fcgen Sie die beste Facebook-Feed-App auf Ihrer Weebly-Website ein. Entdecken Sie unseren interaktiven Editor und erstellen Sie in nur 3 Minuten ein benutzerdefiniertes Plugin.","breadcrumb":{"@id":"https:\/\/elfsight.com\/de\/facebook-feed-widget\/weebly\/#breadcrumb"},"inLanguage":"de","potentialAction":[{"@type":"ReadAction","target":["https:\/\/elfsight.com\/de\/facebook-feed-widget\/weebly\/"]}]},{"@type":"BreadcrumbList","@id":"https:\/\/elfsight.com\/de\/facebook-feed-widget\/weebly\/#breadcrumb","itemListElement":[{"@type":"ListItem","position":1,"name":"Home","item":"https:\/\/elfsight.com\/de\/"},{"@type":"ListItem","position":2,"name":"Facebook Feed","item":"https:\/\/elfsight.com\/de\/facebook-feed-widget\/"},{"@type":"ListItem","position":3,"name":"Facebook Feed &#8211; Weebly"}]},{"@type":"WebSite","@id":"https:\/\/elfsight.com\/de\/#website","url":"https:\/\/elfsight.com\/de\/","name":"Elfsight DE","description":"Just another Elfsight Sites site","potentialAction":[{"@type":"SearchAction","target":{"@type":"EntryPoint","urlTemplate":"https:\/\/elfsight.com\/de\/?s={search_term_string}"},"query-input":{"@type":"PropertyValueSpecification","valueRequired":true,"valueName":"search_term_string"}}],"inLanguage":"de"}]}},"meta_box":{"industry":"","seo_heading":"","heading":"","description":"","cta_heading":"","cta_description":"","application":"185","h1":"Facebook-Feed-App f\u00fcr Weebly","h1_caption":"Betten Sie Beitr\u00e4ge von Ihrer Facebook-Seite ein, um Ihre Website-Besucher m\u00fchelos mit Ihren neuesten Updates und Neuigkeiten auf Ihrer Weebly-Website zu besch\u00e4ftigen.","application_category":[],"applications_title":"","applications_request_title":"","applications_request_button_text":"","hero_text":"","hero_video":"","hero_video_schema_markup":"","selling_points_title":"","selling_points_caption":"","selling_points":[],"selling_points_cta_text":"","features_title":"","features":"","ed_cta_examples_text":"","ed_cta_examples_hidden":"","ed_cta_demo_text":"","ed_cta_demo_hidden":"","why_caption":"","why_editor_title":"","why_editor_text":"","why_team_title":"","why_team_text":"","why_service_title":"","why_service_text":"","template_catalog_visible":"0","template_catalog_title":"","template_catalog_text":"","template_catalog_categories_visible":"","demo_title":"Erstellen Sie Ihre Facebook-Feed-App","demo_caption":"Konfigurieren Sie Ihren Facebook-Feed und f\u00fcgen Sie ihn kostenlos zu Ihrer Weebly-Website hinzu!","default_faq_hidden":"","app_template_category":[],"platform":"249","template_public_id":"","codecanyon_url":"","codecanyon_item_id":"","codecanyon_price":"","pricing_caption":"","pricing_elfsight_apps_hide_column":"","pricing_elfsight_apps_url":"","pricing_codecanyon_price_caption":"","integration_category":[],"integration_request_title":"","integration_request_cta":"","integration_platform":"","integrations":[],"platform_category":[],"video_schema_markup":"","price":"ab 0 $ \/ Monat","trial":"","benefits":[{"text":"Kostenloser Installationsservice"},{"text":"Kompetenter Kundenservice"},{"text":"14-t\u00e4gige R\u00fcckerstattungsgarantie"},{"text":"Kontinuierliche kostenlose Verbesserungen"}],"button_url":"#demo","button_target_blank":"0","button_nofollow":"0","attributes":[{"name":"Installiert","content":"100,000 - 500,000"},{"name":"Reaktionsfreudig","content":"Ja"},{"name":"Kompatible Browser","content":"Firefox, Safari, Opera, Chrome, Edge"}],"tags":[],"tags_disable_links":"0","hide_more_platforms":"","video_object":"","demo_hide_cta":"0","demo_hide_cloud_options":"0","pricing_title":"","pricing":[{"pricing_icon":"platform","pricing_title":"Elfsight Apps","pricing_title_caption":"Plattform\u00fcbergreifende Software, die f\u00fcr jede Website geeignet ist","pricing_price":"ab 0 $ \/ Monat","pricing_price_caption":"Beginnen Sie mit dem kostenlosen Plan","pricing_benefits":[{"text":"Unbegrenzte Domains"},{"text":"Kostenloser und p\u00fcnktlicher Support und gut dokumentiert"},{"text":"Kostenlose Installationshilfe"},{"text":"100 % anpassbar"}],"pricing_button_text":"Zur Website hinzuf\u00fcgen","pricing_button_url":"#demo"}],"related_apps_title":"","related_apps_hidden":"0","author":"","image":[],"title":"","job":"","social_networks":[]},"_links":{"self":[{"href":"https:\/\/elfsight.com\/de\/wp-json\/wp\/v2\/pages\/17119","targetHints":{"allow":["GET"]}}],"collection":[{"href":"https:\/\/elfsight.com\/de\/wp-json\/wp\/v2\/pages"}],"about":[{"href":"https:\/\/elfsight.com\/de\/wp-json\/wp\/v2\/types\/page"}],"author":[{"embeddable":true,"href":"https:\/\/elfsight.com\/de\/wp-json\/wp\/v2\/users\/9"}],"replies":[{"embeddable":true,"href":"https:\/\/elfsight.com\/de\/wp-json\/wp\/v2\/comments?post=17119"}],"version-history":[{"count":3,"href":"https:\/\/elfsight.com\/de\/wp-json\/wp\/v2\/pages\/17119\/revisions"}],"predecessor-version":[{"id":22698,"href":"https:\/\/elfsight.com\/de\/wp-json\/wp\/v2\/pages\/17119\/revisions\/22698"}],"up":[{"embeddable":true,"href":"https:\/\/elfsight.com\/de\/wp-json\/wp\/v2\/pages\/651"}],"wp:attachment":[{"href":"https:\/\/elfsight.com\/de\/wp-json\/wp\/v2\/media?parent=17119"}],"curies":[{"name":"wp","href":"https:\/\/api.w.org\/{rel}","templated":true}]}}