{"id":17113,"date":"2024-05-03T06:35:52","date_gmt":"2024-05-03T06:35:52","guid":{"rendered":"https:\/\/elfsight.com\/de\/?page_id=17113"},"modified":"2025-01-24T12:26:45","modified_gmt":"2025-01-24T12:26:45","slug":"squarespace","status":"publish","type":"page","link":"https:\/\/elfsight.com\/de\/facebook-feed-widget\/squarespace\/","title":{"rendered":"Facebook Feed &#8211; Squarespace"},"content":{"rendered":"\n<div class=\"application-platform-content-item-description application-platform-content-item\" id=\"description\" data-nav-section=\"description\"><h2>Produkt mit dem Elfsight-Widget auf der Plattform einbetten<\/h2><p>Zeigen Sie Ihren Facebook-Feed in unserem erweiterten Widget \u2013 Facebook-Feed. Seiten, Videos, Bilder \u2013 Sie k\u00f6nnen sicher sein, dass Ihre Benutzer keinen einzigen Beitrag \u00fcberspringen. Eine stilvolle Benutzeroberfl\u00e4che mit echten Facebook-Details bleibt nicht unbemerkt und hilft nicht nur, aktuelle Leser auf der Website zu halten, sondern auch neue Facebook-Abonnenten zu gewinnen.<\/p><p><b>Erh\u00f6hen Sie Ihre Kundenbindung auf ein neues Niveau mit Mithilfe des Squarespace-Facebook-Widgets.<\/b><\/p><ul><li><b>Besucher auf der Seite bleiben<\/b>.<br>F\u00fcgen Sie soziale und interaktive Komponenten ein, die das Interesse der Besucher wecken. um sie auf der Website zu halten und sie detaillierter \u00fcber Ihre Produkte oder Dienstleistungen zu informieren.<\/li><li><b>Bewerben Sie Ihr Facebook-Profil<\/b>.<br>Demonstrieren Sie den Facebook-Feed nicht nur f\u00fcr Zuschauer von in den sozialen Medien, sondern auch, um Leser von der Website auf Ihre Facebook-Seite zu leiten. F\u00fcgen Sie auff\u00e4llige Beitr\u00e4ge oder Bilder ein, um sofort neue Abonnenten zu gewinnen!<\/li><li><b>Ein Facebook-Widget statt drei<\/b>.<br>Alle Daten von Facebook in einem einzigartigen Widget: Beitr\u00e4ge mit Kommentaren anzeigen , Shares oder andere Reaktionen; Holen Sie sich Bilder und Videolisten aus Facebook-Alben auf die Website.<\/li><\/ul><div class=\"faq\" data-component=\"FAQ\"> <div class=\"faq-item\">\r\n\t\t\t\t\t<div class=\"faq-item-question\">\r\n\t\t\t\t\t\t<h3 class=\"faq-item-question-text\">Welche genauen anderen Widgets f\u00fcr Squarespace haben Sie? <\/h3>\r\n\r\n\t\t\t\t\t\t<div class=\"faq-item-question-icon\"><\/div>\r\n\t\t\t\t\t<\/div>\r\n\r\n\t\t\t\t\t<div class=\"faq-item-answer\">\r\n\t\t\t\t\t\t<div class=\"faq-item-answer-text\"> <p>Auf unserer Website gibt es eine ganze Reihe von Plugins und Widgets, mit denen Sie jede Art von Aufgabe auf Ihrer Website erledigen k\u00f6nnen. \u00dcberzeugen Sie sich selbst: <a href=\"https:\/\/elfsight.com\/qr-code-widget\/squarespace\/\">QR-Code<\/a>, <a href=\"https:\/\/elfsight.com\/google-reviews -widget\/squarespace\/\">Google Reviews<\/a>, <a href=\"https:\/\/elfsight.com\/whatsapp-chat-widget\/squarespace\/\">WhatsApp Chat<\/a>, <a href=\"https:\/\/elfsight.com\/event-calendar-widget\/squarespace\/\">Veranstaltungskalender<\/a>, <a href=\"https:\/\/elfsight.com\/countdown-timer-widget\/squarespace\/\">Countdown-Timer<\/a>. <\/p> <\/div>\r\n\t\t\t\t\t<\/div>\r\n\t\t\t\t<\/div> <div class=\"faq-item\">\r\n\t\t\t\t\t<div class=\"faq-item-question\">\r\n\t\t\t\t\t\t<h3 class=\"faq-item-question-text\">Wie bette ich das Facebook-Feed-Plugin in meine Squarespace-Website ein?<\/h3>\r\n\r\n\t\t\t\t\t\t<div class=\"faq-item-question-icon\"><\/div>\r\n\t\t\t\t\t<\/div>\r\n\r\n\t\t\t\t\t<div class=\"faq-item-answer\">\r\n\t\t\t\t\t\t<div class=\"faq-item-answer-text\"> <p>Sie k\u00f6nnen das Facebook-Feed-Widget zu Ihrer Squarespace-Website hinzuf\u00fcgen, um einen interaktiven Feed mit Bildern und anzuzeigen Beitr\u00e4ge. \u00d6ffnen Sie einfach das Administrator-Board und f\u00fchren Sie die folgenden Aktionen aus: <\/p><ol><li>Themeneinstellungen ausw\u00e4hlen. <\/li><li>W\u00e4hlen Sie das Element aus, in das Sie den Facebook-Feed einbetten m\u00f6chten. <\/li><li>F\u00fcgen Sie Ihren Code vom Elfsight Apps-Dienst ein und speichern Sie die \u00c4nderungen. <\/li><li>So einfach ist das. <\/li><\/ol><p>Und vergessen Sie nicht, unsere detaillierte Installationsanleitung zu lesen <a href=\"https:\/\/elfsight.com\/tutorials\/how-to-add-facebook-feed-to-any-website\/#squarespace-facebook-feed\">hier<\/a>.<\/p><\/div>\r\n\t\t\t\t\t<\/div>\r\n\t\t\t\t<\/div> <div class=\"faq-item\">\r\n\t\t\t\t\t<div class=\"faq-item-question\">\r\n\t\t\t\t\t\t<h3 class=\"faq-item-question-text\">Wie kann ich sehen, wie Ihr Squarespace-Facebook-Feed-Plugin funktioniert? <\/h3>\r\n\r\n\t\t\t\t\t\t<div class=\"faq-item-question-icon\"><\/div>\r\n\t\t\t\t\t<\/div>\r\n\r\n\t\t\t\t\t<div class=\"faq-item-answer\">\r\n\t\t\t\t\t\t<div class=\"faq-item-answer-text\"> <p>Das ist nicht m\u00f6glich Sehen Sie sich alle Funktionen des Facebook-Plugins nur an, sondern testen Sie sie auch in unserer Live-<a href=\"https:\/\/elfsight.com\/facebook-feed-widget\/#demo\">Demo<\/a>, und auch Sie sind kostenlos um das Plugin direkt in Ihre Website einzubetten!<\/p><\/div>\r\n\t\t\t\t\t<\/div>\r\n\t\t\t\t<\/div> <\/div><\/div><div class=\"application-platform-content-item-features application-platform-content-item\" id=\"features\" data-nav-section=\"features\"><h2>Hauptfunktionen des Facebook-Feed-Widgets<\/h2> <p>Einige Eigenschaften, die unseren Facebook-Feed in ein notwendiges Widget f\u00fcr eine Squarespace-Website verwandeln.<\/p><ul><li>2 unterst\u00fctzte Facebook-Quellen: Seiten, Profile;<\/li><li>Anpassbarer Header mit anpassbarem Elemente: Titelbild, Aktionen, Seitenbild, Likes-Anzahl;<\/li><li>Beitr\u00e4ge mit umschaltbaren Informationen: Autor, Likes-Anzahl, Shares-Anzahl, Teilen-Button;<\/li><li>Variables Beitragslimit;<\/li><li>Premium-Support durch Profis.<\/li><\/ul><p><a href=\"#demo\">\u00dcberpr\u00fcfen Sie alle Funktionen in der Live-Demo<\/a>.<\/p><\/div><div class=\"application-platform-content-item-installation application-platform-content-item\" id=\"installation\" data-nav-section=\"installation\"><h2>So betten Sie Facebook in die Squarespace-Website ein<\/h2><div class=\"video-container\"><iframe width=\"560\" height=\"315\" src=\"https:\/\/www.youtube.com\/embed\/ceiwC1azkyI?si=euTyHp5oV6fpRJBa\" frameborder=\"0\" allow=\"accelerometer; autoplay; clipboard-write; encrypted-media; gyroscope; picture-in-picture; web-share\" allowfullscreen><\/iframe><\/div><p>Lesen Sie unser Tutorial, um die Installation abzuschlie\u00dfen. Dies dauert weniger als 3 Minuten und erfordert keine Programmierkenntnisse.<\/p><ol><li><b>Erstellen Sie Ihren pers\u00f6nlichen Facebook-Feed<\/b>.<br>Mit unserem kostenlosen Konfigurator, einem Widget mit dem erforderlichen Layout und den erforderlichen Kapazit\u00e4ten.<\/li><li><b>Holen Sie sich den Code f\u00fcr die Installation des Widgets<\/b>.<br>Nach der Widget-Generierung erhalten Sie den Code f\u00fcr das Facebook-Widget aus dem erscheinenden Fenster auf Elfsight Apps.<\/li><li><b>Zeigen Sie das Widget auf Ihrer Website an<\/b>.<br>Betten Sie das Widget an der gew\u00fcnschten Stelle der Website ein und speichern Sie die Ergebnisse.<\/li><li><b>Die Installation ist fertig<\/b>.<br>Gehen Sie zu Ihrer SquareSpace-Website, um Ihr Widget anzuzeigen.<\/li><\/ol><p>Ben\u00f6tigen Sie eine speziellere Unterst\u00fctzung? Lesen Sie eine <a href=\"https:\/\/elfsight.com\/tutorials\/how-to-add-facebook-feed-to-squarespace\/\" target=\"_blank\" rel=\"noopener noreferrer\">vollst\u00e4ndige Anleitung<\/a> Oder hinterlassen Sie Ihre Nachricht an unseren Kundensupport, wir finden gerne eine Antwort.<\/p><\/div>\n","protected":false},"excerpt":{"rendered":"","protected":false},"author":9,"featured_media":0,"parent":651,"menu_order":0,"comment_status":"closed","ping_status":"closed","template":"templates\/template-application-platform.php","meta":{"publish_to_discourse":"","publish_post_category":"","wpdc_auto_publish_overridden":"","wpdc_topic_tags":"","wpdc_pin_topic":"","wpdc_pin_until":"","discourse_post_id":"","discourse_permalink":"","wpdc_publishing_response":"","wpdc_publishing_error":"","footnotes":""},"class_list":["post-17113","page","type-page","status-publish","hentry"],"yoast_head":"<!-- This site is optimized with the Yoast SEO plugin v25.3.1 - https:\/\/yoast.com\/wordpress\/plugins\/seo\/ -->\n<title>Facebook-Feed \u2013 Facebook-Widget in die Squarespace-Website einbetten<\/title>\n<meta name=\"description\" content=\"Betten Sie ein responsives Facebook-Feed-Widget in Ihre Squarespace-Website ein. Testen Sie den flexiblen Konstruktor von Elfsight und erstellen Sie Ihr Plugin in nur 1 Minute.\" \/>\n<meta name=\"robots\" content=\"index, follow, max-snippet:-1, max-image-preview:large, max-video-preview:-1\" \/>\n<link rel=\"canonical\" href=\"https:\/\/elfsight.com\/de\/facebook-feed-widget\/squarespace\/\" \/>\n<meta property=\"og:locale\" content=\"de_DE\" \/>\n<meta property=\"og:type\" content=\"article\" \/>\n<meta property=\"og:title\" content=\"Facebook-Feed \u2013 Facebook-Widget in die Squarespace-Website einbetten\" \/>\n<meta property=\"og:description\" content=\"Betten Sie ein responsives Facebook-Feed-Widget in Ihre Squarespace-Website ein. Testen Sie den flexiblen Konstruktor von Elfsight und erstellen Sie Ihr Plugin in nur 1 Minute.\" \/>\n<meta property=\"og:url\" content=\"https:\/\/elfsight.com\/de\/facebook-feed-widget\/squarespace\/\" \/>\n<meta property=\"og:site_name\" content=\"Elfsight DE\" \/>\n<meta property=\"article:modified_time\" content=\"2025-01-24T12:26:45+00:00\" \/>\n<meta name=\"twitter:card\" content=\"summary_large_image\" \/>\n<meta name=\"twitter:label1\" content=\"Gesch\u00e4tzte Lesezeit\" \/>\n\t<meta name=\"twitter:data1\" content=\"4\u00a0Minuten\" \/>\n<!-- \/ Yoast SEO plugin. -->","yoast_head_json":{"title":"Facebook-Feed \u2013 Facebook-Widget in die Squarespace-Website einbetten","description":"Betten Sie ein responsives Facebook-Feed-Widget in Ihre Squarespace-Website ein. Testen Sie den flexiblen Konstruktor von Elfsight und erstellen Sie Ihr Plugin in nur 1 Minute.","robots":{"index":"index","follow":"follow","max-snippet":"max-snippet:-1","max-image-preview":"max-image-preview:large","max-video-preview":"max-video-preview:-1"},"canonical":"https:\/\/elfsight.com\/de\/facebook-feed-widget\/squarespace\/","og_locale":"de_DE","og_type":"article","og_title":"Facebook-Feed \u2013 Facebook-Widget in die Squarespace-Website einbetten","og_description":"Betten Sie ein responsives Facebook-Feed-Widget in Ihre Squarespace-Website ein. Testen Sie den flexiblen Konstruktor von Elfsight und erstellen Sie Ihr Plugin in nur 1 Minute.","og_url":"https:\/\/elfsight.com\/de\/facebook-feed-widget\/squarespace\/","og_site_name":"Elfsight DE","article_modified_time":"2025-01-24T12:26:45+00:00","twitter_card":"summary_large_image","twitter_misc":{"Gesch\u00e4tzte Lesezeit":"4\u00a0Minuten"},"schema":{"@context":"https:\/\/schema.org","@graph":[{"@type":"WebPage","@id":"https:\/\/elfsight.com\/de\/facebook-feed-widget\/squarespace\/","url":"https:\/\/elfsight.com\/de\/facebook-feed-widget\/squarespace\/","name":"Facebook-Feed \u2013 Facebook-Widget in die Squarespace-Website einbetten","isPartOf":{"@id":"https:\/\/elfsight.com\/de\/#website"},"datePublished":"2024-05-03T06:35:52+00:00","dateModified":"2025-01-24T12:26:45+00:00","description":"Betten Sie ein responsives Facebook-Feed-Widget in Ihre Squarespace-Website ein. Testen Sie den flexiblen Konstruktor von Elfsight und erstellen Sie Ihr Plugin in nur 1 Minute.","breadcrumb":{"@id":"https:\/\/elfsight.com\/de\/facebook-feed-widget\/squarespace\/#breadcrumb"},"inLanguage":"de","potentialAction":[{"@type":"ReadAction","target":["https:\/\/elfsight.com\/de\/facebook-feed-widget\/squarespace\/"]}]},{"@type":"BreadcrumbList","@id":"https:\/\/elfsight.com\/de\/facebook-feed-widget\/squarespace\/#breadcrumb","itemListElement":[{"@type":"ListItem","position":1,"name":"Home","item":"https:\/\/elfsight.com\/de\/"},{"@type":"ListItem","position":2,"name":"Facebook Feed","item":"https:\/\/elfsight.com\/de\/facebook-feed-widget\/"},{"@type":"ListItem","position":3,"name":"Facebook Feed &#8211; Squarespace"}]},{"@type":"WebSite","@id":"https:\/\/elfsight.com\/de\/#website","url":"https:\/\/elfsight.com\/de\/","name":"Elfsight DE","description":"Just another Elfsight Sites site","potentialAction":[{"@type":"SearchAction","target":{"@type":"EntryPoint","urlTemplate":"https:\/\/elfsight.com\/de\/?s={search_term_string}"},"query-input":{"@type":"PropertyValueSpecification","valueRequired":true,"valueName":"search_term_string"}}],"inLanguage":"de"}]}},"meta_box":{"industry":"","seo_heading":"","heading":"","description":"","cta_heading":"","cta_description":"","application":"185","h1":"Facebook-Feed-Widget f\u00fcr Squarespace","h1_caption":"Betten Sie Beitr\u00e4ge von Ihrer Facebook-Seite ein, um Ihre Website-Besucher m\u00fchelos mit Ihren neuesten Updates und Neuigkeiten auf Ihrer Squarespace-Website zu besch\u00e4ftigen.","application_category":[],"applications_title":"","applications_request_title":"","applications_request_button_text":"","hero_text":"","hero_video":"","hero_video_schema_markup":"","selling_points_title":"","selling_points_caption":"","selling_points":[],"selling_points_cta_text":"","features_title":"","features":"","ed_cta_examples_text":"","ed_cta_examples_hidden":"","ed_cta_demo_text":"","ed_cta_demo_hidden":"","why_caption":"","why_editor_title":"","why_editor_text":"","why_team_title":"","why_team_text":"","why_service_title":"","why_service_text":"","template_catalog_visible":"0","template_catalog_title":"","template_catalog_text":"","template_catalog_categories_visible":"","demo_title":"Erstellen Sie Ihr Facebook-Feed-Plugin","demo_caption":"Konfigurieren Sie Ihren Facebook-Feed und f\u00fcgen Sie ihn kostenlos zu Ihrer Squarespace-Website hinzu!","default_faq_hidden":"","app_template_category":[],"platform":"252","template_public_id":"","codecanyon_url":"","codecanyon_item_id":"","codecanyon_price":"","pricing_caption":"","pricing_elfsight_apps_hide_column":"","pricing_elfsight_apps_url":"","pricing_codecanyon_price_caption":"","integration_category":[],"integration_request_title":"","integration_request_cta":"","integration_platform":"","integrations":[],"platform_category":[],"video_schema_markup":"","price":"ab 0 $ \/ Monat","trial":"","benefits":[{"text":"Kostenlose Installationsunterst\u00fctzung"},{"text":"Professioneller Kundenservice"},{"text":"14-t\u00e4gige R\u00fcckerstattungsgarantie"},{"text":"Fortlaufende Entwicklung"}],"button_url":"#demo","button_target_blank":"0","button_nofollow":"0","attributes":[{"name":"Installiert","content":"100,000 - 500,000"},{"name":"Reaktionsfreudig","content":"Ja"},{"name":"Kompatible Browser","content":"Firefox, Safari, Opera, Chrome, Edge"}],"tags":[],"tags_disable_links":"0","hide_more_platforms":"","video_object":"","demo_hide_cta":"0","demo_hide_cloud_options":"0","pricing_title":"","pricing":[{"pricing_icon":"platform","pricing_title":"Elfsight Apps","pricing_title_caption":"Plattform\u00fcbergreifende digitale L\u00f6sung, die auf jedem Standort funktioniert","pricing_price":"ab 0 $ \/ Monat","pricing_price_caption":"Beginnen Sie mit einem kostenlosen Plan","pricing_benefits":[{"text":"Unbegrenzte Websites"},{"text":"Kostenlose Installationsunterst\u00fctzung"},{"text":"Schneller Kundensupport und gut dokumentiert"},{"text":"Flexibles Design"}],"pricing_button_text":"Zur Website hinzuf\u00fcgen","pricing_button_url":"#demo"}],"related_apps_title":"","related_apps_hidden":"0","author":"","image":[],"title":"","job":"","social_networks":[]},"_links":{"self":[{"href":"https:\/\/elfsight.com\/de\/wp-json\/wp\/v2\/pages\/17113","targetHints":{"allow":["GET"]}}],"collection":[{"href":"https:\/\/elfsight.com\/de\/wp-json\/wp\/v2\/pages"}],"about":[{"href":"https:\/\/elfsight.com\/de\/wp-json\/wp\/v2\/types\/page"}],"author":[{"embeddable":true,"href":"https:\/\/elfsight.com\/de\/wp-json\/wp\/v2\/users\/9"}],"replies":[{"embeddable":true,"href":"https:\/\/elfsight.com\/de\/wp-json\/wp\/v2\/comments?post=17113"}],"version-history":[{"count":4,"href":"https:\/\/elfsight.com\/de\/wp-json\/wp\/v2\/pages\/17113\/revisions"}],"predecessor-version":[{"id":23908,"href":"https:\/\/elfsight.com\/de\/wp-json\/wp\/v2\/pages\/17113\/revisions\/23908"}],"up":[{"embeddable":true,"href":"https:\/\/elfsight.com\/de\/wp-json\/wp\/v2\/pages\/651"}],"wp:attachment":[{"href":"https:\/\/elfsight.com\/de\/wp-json\/wp\/v2\/media?parent=17113"}],"curies":[{"name":"wp","href":"https:\/\/api.w.org\/{rel}","templated":true}]}}