{"id":17112,"date":"2024-05-03T06:35:51","date_gmt":"2024-05-03T06:35:51","guid":{"rendered":"https:\/\/elfsight.com\/de\/?page_id=17112"},"modified":"2025-01-14T17:00:37","modified_gmt":"2025-01-14T17:00:37","slug":"jquery","status":"publish","type":"page","link":"https:\/\/elfsight.com\/de\/facebook-feed-widget\/jquery\/","title":{"rendered":"Facebook Feed &#8211; jQuery"},"content":{"rendered":"<div class=\"application-platform-content-item-description application-platform-content-item\" id=\"description\" data-nav-section=\"description\">\n<h2>Beschreibung<\/h2>\nZeigen Sie Ihre Facebook-Inhalte in unserem leistungsstarken Plugin \u2013 Facebook-Feed. Seiten, Videos und Bilder \u2013 Sie k\u00f6nnen sicher sein, dass Ihre Leser keine einzige Nachricht verpassen. Schlankes Design mit echten Facebook-Elementen bleibt nicht unentdeckt und tr\u00e4gt nicht nur dazu bei, bestehende Kunden auf der Website zu halten, sondern auch neue Facebook-Abonnenten zu gewinnen.\n\n<b>Heben Sie Ihre Kundenarbeit auf ein h\u00f6heres Niveau, unterst\u00fctzt durch das Facebook-jQuery-Plugin.<\/b>\n<ul>\n \t<li><b>St\u00e4rken Sie das Vertrauen Ihrer Leser in Ihre Marke. <\/b>Eine Marke, die \u00fcber bestehende Konten in sozialen Netzwerken verf\u00fcgt, genie\u00dft 72 % mehr Vertrauen bei den Kunden. F\u00fcgen Sie Ihre Facebook-Inhalte auf der Website ein, um den Lesern zu zeigen, dass Ihr Unternehmen wahr und vertrauensw\u00fcrdig ist.<\/li>\n \t<li><b>Erh\u00f6hen Sie die Conversion Ihrer Website um bis zu 175 %<\/b>. Nutzen Sie eine Komponente mit sozialer Wirkung Ihre Website, um mehr Kunden zu gewinnen. Teilen Sie Ihren Nutzern Ihre Marke auf Facebook mit und gewinnen Sie ihr Vertrauen, wodurch Ihre Conversion-Rate gesteigert werden kann.<\/li>\n \t<li><b>Sorgen Sie daf\u00fcr, dass die Leser auf der Seite bleiben<\/b>. Nutzen Sie soziale und unterhaltsame Details, die Aufmerksamkeit erregen von Benutzern, um sie auf der Website zu halten und sie mit Ihren Angeboten oder Ihrem Unternehmen im Detail bekannt zu machen.<\/li>\n \t<li><b>Erzielen Sie ein gro\u00dfes Interesse bei den Kunden Ihres Unternehmens<\/b>. Ihre Website ist nicht die Einzige Durch die Einbindung von Kunden helfen Sie jedem Benutzer, Ihr Unternehmen auf Facebook n\u00e4her kennenzulernen: Integrieren Sie Benutzer in die internen Aktivit\u00e4ten Ihres Unternehmens und gewinnen Sie die treuesten Unterst\u00fctzer.<\/li>\n<\/ul>\n<\/div><div class=\"application-platform-content-item-features  application-platform-content-item\" id=\"features \" data-nav-section=\"features \">\n<h2>Funktionen<\/h2>\nEinige Vorteile, die unseren Facebook-Feed in ein unverzichtbares Plugin f\u00fcr eine jQuery-Website verwandeln.\n<ul>\n \t<li>3 anzeigbare Arten von Facebook-Inhalten: Beitr\u00e4ge, Videos und Fotos mit Alben ;<\/li>\n \t<li>Einstellbare Breite und H\u00f6he;<\/li>\n \t<li>Videos anzeigen oder ausblenden;<\/li>\n \t<li>Kostenloser Installationsservice.<\/li>\n<\/ul>\n<a href=\"# demo\">Probieren Sie alle Funktionen in einer Live-Demo aus<\/a><\/div><div class=\"application-platform-content-item-installation application-platform-content-item\" id=\"installation\" data-nav-section=\"installation\">\n<h2>So f\u00fcgen Sie das Facebook-Feed-Plugin zur jQuery-Website hinzu<\/h2>\nLesen Sie unseren Leitfaden, um das zu erreichen Installation. Der Vorgang dauert nur wenige Minuten und erfordert keine Entwicklungskenntnisse.\n<ol>\n \t<li><b>Erstellen Sie Ihren benutzerdefinierten Facebook-Feed<\/b>. Erstellen Sie mit unserem kostenlosen Editor ein Widget mit dem erforderlichen Design und den erforderlichen Funktionen.<\/li>\n \t<li><b>Erhalten Sie einen Code zum Hinzuf\u00fcgen des Widgets<\/b>. Holen Sie sich nach der Widget-Optimierung einen Code f\u00fcr das Facebook-Plugin aus dem Popup-Fenster von Elfsight Apps.<\/li>\n \t<li><b> Platzieren Sie das Widget auf der jQuery-Site<\/b>. Integrieren Sie das Plugin an der gew\u00fcnschten Stelle der Website und ver\u00f6ffentlichen Sie die \u00c4nderungen.<\/li>\n \t<li><b>Die Integration ist erfolgreich!<\/b>\u00a0Geben Sie Ihre jQuery-Site ein , um Ihre Arbeit zu \u00fcberpr\u00fcfen.<\/li>\n<\/ol>\nBen\u00f6tigen Sie eine detailliertere Hilfe? Nehmen Sie Kontakt mit dem Elfsight-Hilfezentrum auf, wir helfen Ihnen gerne weiter.<\/div>","protected":false},"excerpt":{"rendered":"","protected":false},"author":9,"featured_media":0,"parent":651,"menu_order":0,"comment_status":"closed","ping_status":"closed","template":"templates\/template-application-platform.php","meta":{"publish_to_discourse":"","publish_post_category":"","wpdc_auto_publish_overridden":"","wpdc_topic_tags":"","wpdc_pin_topic":"","wpdc_pin_until":"","discourse_post_id":"","discourse_permalink":"","wpdc_publishing_response":"","wpdc_publishing_error":"","footnotes":""},"class_list":["post-17112","page","type-page","status-publish","hentry"],"yoast_head":"<!-- This site is optimized with the Yoast SEO plugin v25.3.1 - https:\/\/yoast.com\/wordpress\/plugins\/seo\/ -->\n<title>Facebook-Feed \u2013 jQuery-Facebook-Plugin zur Website hinzuf\u00fcgen<\/title>\n<meta name=\"description\" content=\"Integrieren Sie 2018 ein responsives Facebook-Feed-Plugin in Ihre JQuery-Website. Entdecken Sie die Live-Demo von Elfsight und erstellen Sie in nur 1 Minute ein benutzerdefiniertes Widget.\" \/>\n<meta name=\"robots\" content=\"index, follow, max-snippet:-1, max-image-preview:large, max-video-preview:-1\" \/>\n<link rel=\"canonical\" href=\"https:\/\/elfsight.com\/de\/facebook-feed-widget\/jquery\/\" \/>\n<meta property=\"og:locale\" content=\"de_DE\" \/>\n<meta property=\"og:type\" content=\"article\" \/>\n<meta property=\"og:title\" content=\"Facebook-Feed \u2013 jQuery-Facebook-Plugin zur Website hinzuf\u00fcgen\" \/>\n<meta property=\"og:description\" content=\"Integrieren Sie 2018 ein responsives Facebook-Feed-Plugin in Ihre JQuery-Website. Entdecken Sie die Live-Demo von Elfsight und erstellen Sie in nur 1 Minute ein benutzerdefiniertes Widget.\" \/>\n<meta property=\"og:url\" content=\"https:\/\/elfsight.com\/de\/facebook-feed-widget\/jquery\/\" \/>\n<meta property=\"og:site_name\" content=\"Elfsight DE\" \/>\n<meta property=\"article:modified_time\" content=\"2025-01-14T17:00:37+00:00\" \/>\n<meta name=\"twitter:card\" content=\"summary_large_image\" \/>\n<meta name=\"twitter:label1\" content=\"Gesch\u00e4tzte Lesezeit\" \/>\n\t<meta name=\"twitter:data1\" content=\"3\u00a0Minuten\" \/>\n<!-- \/ Yoast SEO plugin. -->","yoast_head_json":{"title":"Facebook-Feed \u2013 jQuery-Facebook-Plugin zur Website hinzuf\u00fcgen","description":"Integrieren Sie 2018 ein responsives Facebook-Feed-Plugin in Ihre JQuery-Website. Entdecken Sie die Live-Demo von Elfsight und erstellen Sie in nur 1 Minute ein benutzerdefiniertes Widget.","robots":{"index":"index","follow":"follow","max-snippet":"max-snippet:-1","max-image-preview":"max-image-preview:large","max-video-preview":"max-video-preview:-1"},"canonical":"https:\/\/elfsight.com\/de\/facebook-feed-widget\/jquery\/","og_locale":"de_DE","og_type":"article","og_title":"Facebook-Feed \u2013 jQuery-Facebook-Plugin zur Website hinzuf\u00fcgen","og_description":"Integrieren Sie 2018 ein responsives Facebook-Feed-Plugin in Ihre JQuery-Website. Entdecken Sie die Live-Demo von Elfsight und erstellen Sie in nur 1 Minute ein benutzerdefiniertes Widget.","og_url":"https:\/\/elfsight.com\/de\/facebook-feed-widget\/jquery\/","og_site_name":"Elfsight DE","article_modified_time":"2025-01-14T17:00:37+00:00","twitter_card":"summary_large_image","twitter_misc":{"Gesch\u00e4tzte Lesezeit":"3\u00a0Minuten"},"schema":{"@context":"https:\/\/schema.org","@graph":[{"@type":"WebPage","@id":"https:\/\/elfsight.com\/de\/facebook-feed-widget\/jquery\/","url":"https:\/\/elfsight.com\/de\/facebook-feed-widget\/jquery\/","name":"Facebook-Feed \u2013 jQuery-Facebook-Plugin zur Website hinzuf\u00fcgen","isPartOf":{"@id":"https:\/\/elfsight.com\/de\/#website"},"datePublished":"2024-05-03T06:35:51+00:00","dateModified":"2025-01-14T17:00:37+00:00","description":"Integrieren Sie 2018 ein responsives Facebook-Feed-Plugin in Ihre JQuery-Website. Entdecken Sie die Live-Demo von Elfsight und erstellen Sie in nur 1 Minute ein benutzerdefiniertes Widget.","breadcrumb":{"@id":"https:\/\/elfsight.com\/de\/facebook-feed-widget\/jquery\/#breadcrumb"},"inLanguage":"de","potentialAction":[{"@type":"ReadAction","target":["https:\/\/elfsight.com\/de\/facebook-feed-widget\/jquery\/"]}]},{"@type":"BreadcrumbList","@id":"https:\/\/elfsight.com\/de\/facebook-feed-widget\/jquery\/#breadcrumb","itemListElement":[{"@type":"ListItem","position":1,"name":"Home","item":"https:\/\/elfsight.com\/de\/"},{"@type":"ListItem","position":2,"name":"Facebook Feed","item":"https:\/\/elfsight.com\/de\/facebook-feed-widget\/"},{"@type":"ListItem","position":3,"name":"Facebook Feed &#8211; jQuery"}]},{"@type":"WebSite","@id":"https:\/\/elfsight.com\/de\/#website","url":"https:\/\/elfsight.com\/de\/","name":"Elfsight DE","description":"Just another Elfsight Sites site","potentialAction":[{"@type":"SearchAction","target":{"@type":"EntryPoint","urlTemplate":"https:\/\/elfsight.com\/de\/?s={search_term_string}"},"query-input":{"@type":"PropertyValueSpecification","valueRequired":true,"valueName":"search_term_string"}}],"inLanguage":"de"}]}},"meta_box":{"industry":"","seo_heading":"","heading":"","description":"","cta_heading":"","cta_description":"","application":"185","h1":"jQuery-Facebook-Feed-Plugin","h1_caption":"Betten Sie Beitr\u00e4ge von Ihrer Facebook-Seite ein, um Ihre Website-Besucher m\u00fchelos mit Ihren neuesten Updates und Neuigkeiten auf Ihrer jQuery-Website zu besch\u00e4ftigen.","application_category":[],"applications_title":"","applications_request_title":"","applications_request_button_text":"","hero_text":"","hero_video":"","hero_video_schema_markup":"","selling_points_title":"","selling_points_caption":"","selling_points":[],"selling_points_cta_text":"","features_title":"","features":"","ed_cta_examples_text":"","ed_cta_examples_hidden":"","ed_cta_demo_text":"","ed_cta_demo_hidden":"","why_caption":"","why_editor_title":"","why_editor_text":"","why_team_title":"","why_team_text":"","why_service_title":"","why_service_text":"","template_catalog_visible":"0","template_catalog_title":"","template_catalog_text":"","template_catalog_categories_visible":"","demo_title":"Erstellen Sie Ihr Facebook-Feed-Plugin","demo_caption":"Konfigurieren Sie Ihren Facebook-Feed und f\u00fcgen Sie ihn kostenlos zu Ihrer jQuery-Website hinzu!","default_faq_hidden":"","app_template_category":[],"platform":"258","template_public_id":"","codecanyon_url":"","codecanyon_item_id":"","codecanyon_price":"","pricing_caption":"","pricing_elfsight_apps_hide_column":"","pricing_elfsight_apps_url":"","pricing_codecanyon_price_caption":"","integration_category":[],"integration_request_title":"","integration_request_cta":"","integration_platform":"","integrations":[],"platform_category":[],"video_schema_markup":"","price":"ab 0 $ \/ Monat","trial":"","benefits":[{"text":"Kostenloser Installationsservice"},{"text":"Premium-Support"},{"text":"14-t\u00e4gige R\u00fcckerstattungsgarantie"},{"text":"Regelm\u00e4\u00dfige Updates"}],"button_url":"#demo","button_target_blank":"0","button_nofollow":"0","attributes":[{"name":"Installiert","content":"100,000 - 500,000"},{"name":"Reaktionsfreudig","content":"Ja"},{"name":"Kompatible Browser","content":"Firefox, Safari, Opera, Chrome, Edge"}],"tags":[],"tags_disable_links":"0","hide_more_platforms":"","video_object":"","demo_hide_cta":"0","demo_hide_cloud_options":"0","pricing_title":"","pricing":[{"pricing_icon":"platform","pricing_title":"Elfsight Apps","pricing_title_caption":"Plattform\u00fcbergreifende Software, die f\u00fcr jede Website geeignet ist","pricing_price":"ab 0 $ \/ Monat","pricing_price_caption":"Beginnen Sie mit einem kostenlosen Plan","pricing_benefits":[{"text":"Unbegrenzte Websites"},{"text":"Professionelle und p\u00fcnktliche Unterst\u00fctzung und gut dokumentiert"},{"text":"Kostenlose Installationsunterst\u00fctzung"},{"text":"100 % anpassbar"}],"pricing_button_text":"Zur Website hinzuf\u00fcgen","pricing_button_url":"#demo"}],"related_apps_title":"","related_apps_hidden":"0","author":"","image":[],"title":"","job":"","social_networks":[]},"_links":{"self":[{"href":"https:\/\/elfsight.com\/de\/wp-json\/wp\/v2\/pages\/17112","targetHints":{"allow":["GET"]}}],"collection":[{"href":"https:\/\/elfsight.com\/de\/wp-json\/wp\/v2\/pages"}],"about":[{"href":"https:\/\/elfsight.com\/de\/wp-json\/wp\/v2\/types\/page"}],"author":[{"embeddable":true,"href":"https:\/\/elfsight.com\/de\/wp-json\/wp\/v2\/users\/9"}],"replies":[{"embeddable":true,"href":"https:\/\/elfsight.com\/de\/wp-json\/wp\/v2\/comments?post=17112"}],"version-history":[{"count":2,"href":"https:\/\/elfsight.com\/de\/wp-json\/wp\/v2\/pages\/17112\/revisions"}],"predecessor-version":[{"id":23649,"href":"https:\/\/elfsight.com\/de\/wp-json\/wp\/v2\/pages\/17112\/revisions\/23649"}],"up":[{"embeddable":true,"href":"https:\/\/elfsight.com\/de\/wp-json\/wp\/v2\/pages\/651"}],"wp:attachment":[{"href":"https:\/\/elfsight.com\/de\/wp-json\/wp\/v2\/media?parent=17112"}],"curies":[{"name":"wp","href":"https:\/\/api.w.org\/{rel}","templated":true}]}}