{"id":17106,"date":"2024-05-03T06:35:49","date_gmt":"2024-05-03T06:35:49","guid":{"rendered":"https:\/\/elfsight.com\/de\/?page_id=17106"},"modified":"2025-01-14T17:51:17","modified_gmt":"2025-01-14T17:51:17","slug":"iframe","status":"publish","type":"page","link":"https:\/\/elfsight.com\/de\/facebook-feed-widget\/iframe\/","title":{"rendered":"Facebook Feed &#8211; iFrame"},"content":{"rendered":"\n<div class=\"application-platform-content-item-description application-platform-content-item\" id=\"description\" data-nav-section=\"description\"><h2>Facebook-Feed auf iFrame mit dem Elfsight-Widget einbetten<\/h2><p>Demonstrieren Sie Ihre Facebook-Inhalte in unserem erweiterten Plugin \u2013 Facebook-Feed. Seiten, Videos, Fotos \u2013 Ihren Nutzern entgeht keine einzige Neuigkeit. Ein elegantes Erscheinungsbild mit echten Facebook-Elementen bleibt nicht unbemerkt und tr\u00e4gt nicht nur dazu bei, bestehende Kunden auf der Website zu halten, sondern auch neue Facebook-Abonnenten zu gewinnen.<\/p><p><b>Heben Sie Ihre Website auf eine maximale H\u00f6he an, die von unterst\u00fctzt wird iFrame-Facebook-Plugin<\/b><\/p><p><b>Steigern Sie die Glaubw\u00fcrdigkeit Ihres Unternehmens bei Kunden<\/b><br>Ein Unternehmen mit aktiven Konten in sozialen Netzwerken erh\u00e4lt 78 % mehr Vertrauen bei den Lesern. Nutzen Sie Ihre Facebook-Seite auf der Website, um Kunden zu versichern, dass Ihr Unternehmen wahr und vertrauensw\u00fcrdig ist.<\/p><p><b>Steigern Sie die Conversion Ihrer Website um bis zu 135 %<\/b><br>Zeigen Sie ein Instrument des sozialen Vertrauens an Ihre Website, um mehr Kunden zu gewinnen. Lassen Sie Ihre Besucher Ihr Unternehmen auf Facebook entdecken und gewinnen Sie ihr Vertrauen, was dazu beitr\u00e4gt, Ihre Conversion-Rate zu steigern.<\/p><p><b>Sorgen Sie daf\u00fcr, dass die Leser auf der Website bleiben<\/b><br>Nutzen Sie die soziale Komponente Erregen Sie die Aufmerksamkeit der Kunden und halten Sie sie auf der Website. Erz\u00e4hlen Sie detaillierter \u00fcber Ihre Produkte oder Ihr Unternehmen.<\/p><\/div><div class=\"application-platform-content-item-features application-platform-content-item\" id=\"features\" data-nav-section=\"features\"><h2>Hauptfunktionen des Facebook-Feed-Widgets<\/h2><p>4 Merkmale, die es ausmachen Unser Facebook-Feed ist ein notwendiges Plugin f\u00fcr jede iFrame-Website.<\/p><ul><li>3 anzeigbare Arten von Facebook-Inhalten: Beitr\u00e4ge, Videos und Fotos mit Alben;<\/li><li>Anpassbarer Header mit anpassbaren Elementen: Titelbild, Aktionen, Seitenbild, Likes-Anzahl;<\/li><li>Gef\u00e4llt mir- und Teilen-Buttons in der Kopfzeile;<\/li><li>Beitr\u00e4ge mit umschaltbaren Informationen: Autor, Likes-Anzahl, Shares-Anzahl, Teilen-Button.<\/li><\/ul><p><a href=\"#demo\">Entdecken Sie alle Vorteile in der Live-Demo<\/a><\/p><\/div><div class=\"application-platform-content-item-installation application-platform-content-item\" id=\"installation\" data-nav-section=\"installation\"><h2>Wie So f\u00fcgen Sie Facebook-Feeds zur iFrame-Website hinzu:<\/h2><p>Lesen Sie unseren Leitfaden, um zum Ende des Hinzuf\u00fcgens zu gelangen. Das Durcharbeiten dauert nur 3 Minuten und erfordert keine Programmierkenntnisse.<\/p><ol><li><b>Generieren Sie Ihr individuelles Facebook-Plugin<\/b><br> Richten Sie es mit unserem kostenlosen Editor ein ein Plugin mit ausgew\u00e4hltem Layout und Funktionalit\u00e4t. <\/li><li><b>Erhalten Sie den pers\u00f6nlichen Code, um das Plugin anzuzeigen<\/b><br> Nachdem Sie Ihr Plugin eingerichtet haben, erhalten Sie Ihren Setup-Code aus der erscheinenden Benachrichtigung auf Elfsight Apps. Kopieren Sie es zur sp\u00e4teren Verwendung. <\/li> <li><b> Das Plugin auf Ihrer iFrame-Website<\/b><br> Definieren Sie den Ort, an dem Sie das Plugin anzeigen m\u00f6chten, und f\u00fcgen Sie dort den gespeicherten Code ein. \u00dcbernehmen Sie die \u00c4nderungen. <\/li> <li><b>Sie haben die Einrichtung vollst\u00e4ndig durchgef\u00fchrt<\/b><br> Geben Sie Ihre Website ein, um Ihr Plugin zu \u00fcberpr\u00fcfen. <\/li> <\/ol><p>Ben\u00f6tigen Sie detailliertere Hilfe? Sehen Sie sich ein ausf\u00fchrliches Tutorial an: \u201eSo installieren Sie Facebook Feed to iFrame\u201c oder wenden Sie sich an das Elfsight-Hilfecenter. Wir bieten Ihnen gerne eine L\u00f6sung an.<\/p><\/div>\n<div class=\"faq\" data-component=\"FAQ\"><div class=\"faq-item\">\r\n\t\t\t\t\t<div class=\"faq-item-question\">\r\n\t\t\t\t\t\t<h3 class=\"faq-item-question-text\">Wie f\u00fcge ich einen Facebook Feed in mein iFrame ein, ohne Programmierkenntnisse?<\/h3>\r\n\r\n\t\t\t\t\t\t<div class=\"faq-item-question-icon\"><\/div>\r\n\t\t\t\t\t<\/div>\r\n\r\n\t\t\t\t\t<div class=\"faq-item-answer\">\r\n\t\t\t\t\t\t<div class=\"faq-item-answer-text\">\n\n<p>Das Unternehmen Elfsight bietet eine SaaS-L\u00f6sung, mit der Benutzer selbst eine Facebook Feed-App erstellen k\u00f6nnen. Sehen Sie, wie unkompliziert es ist:<\/p>\n\n<ul>\n  <li>Arbeiten Sie direkt im Online-Editor, um eine Facebook Feed-App zu erstellen, die Sie auf Ihrer iFrame-Webseite anzeigen m\u00f6chten.<\/li>\n  <li>W\u00e4hlen Sie eine der vielen vorgefertigten Vorlagen aus und passen Sie die Facebook Feed-Einstellungen an, \u00e4ndern Sie das Layout und die Farben, aktualisieren Sie Ihre Inhalte ohne Programmierkenntnisse.<\/li>\n  <li>Klicken Sie, um den Facebook Feed zu speichern und den Widget-Code zu kopieren, der problemlos in die iFrame-Startseite eingef\u00fcgt werden kann \u2013 kostenlos.<\/li>\n<\/ul>\n\n<p>Mit dem benutzerfreundlichen Editor kann jeder Internetnutzer ein Facebook Feed-Widget erstellen und es problemlos auf jeder iFrame-Startseite einf\u00fcgen. Es ist nicht erforderlich, zu bezahlen oder Kartendaten anzugeben, um den Service zu nutzen. Wenn Sie auf Probleme sto\u00dfen, z\u00f6gern Sie nicht, unser technisches Support-Team zu kontaktieren.<\/p>\n\n<\/div>\r\n\t\t\t\t\t<\/div>\r\n\t\t\t\t<\/div>\n<\/div>\n","protected":false},"excerpt":{"rendered":"","protected":false},"author":9,"featured_media":0,"parent":651,"menu_order":0,"comment_status":"closed","ping_status":"closed","template":"templates\/template-application-platform.php","meta":{"publish_to_discourse":"","publish_post_category":"","wpdc_auto_publish_overridden":"","wpdc_topic_tags":"","wpdc_pin_topic":"","wpdc_pin_until":"","discourse_post_id":"","discourse_permalink":"","wpdc_publishing_response":"","wpdc_publishing_error":"","footnotes":""},"class_list":["post-17106","page","type-page","status-publish","hentry"],"yoast_head":"<!-- This site is optimized with the Yoast SEO plugin v25.3.1 - https:\/\/yoast.com\/wordpress\/plugins\/seo\/ -->\n<title>iFrame Facebook-Feed-Plugin f\u00fcr Ihre Website (kostenlos und schnell)<\/title>\n<meta name=\"description\" content=\"F\u00fcgen Sie Ihrer iFrame-Website ein responsives Facebook-Feed-Plugin hinzu. Nutzen Sie den flexiblen Elfsight-Editor und konfigurieren Sie Ihr Plugin in nur 3 Minuten.\" \/>\n<meta name=\"robots\" content=\"index, follow, max-snippet:-1, max-image-preview:large, max-video-preview:-1\" \/>\n<link rel=\"canonical\" href=\"https:\/\/elfsight.com\/de\/facebook-feed-widget\/iframe\/\" \/>\n<meta property=\"og:locale\" content=\"de_DE\" \/>\n<meta property=\"og:type\" content=\"article\" \/>\n<meta property=\"og:title\" content=\"iFrame Facebook-Feed-Plugin f\u00fcr Ihre Website (kostenlos und schnell)\" \/>\n<meta property=\"og:description\" content=\"F\u00fcgen Sie Ihrer iFrame-Website ein responsives Facebook-Feed-Plugin hinzu. Nutzen Sie den flexiblen Elfsight-Editor und konfigurieren Sie Ihr Plugin in nur 3 Minuten.\" \/>\n<meta property=\"og:url\" content=\"https:\/\/elfsight.com\/de\/facebook-feed-widget\/iframe\/\" \/>\n<meta property=\"og:site_name\" content=\"Elfsight DE\" \/>\n<meta property=\"article:modified_time\" content=\"2025-01-14T17:51:17+00:00\" \/>\n<meta name=\"twitter:card\" content=\"summary_large_image\" \/>\n<meta name=\"twitter:label1\" content=\"Gesch\u00e4tzte Lesezeit\" \/>\n\t<meta name=\"twitter:data1\" content=\"4\u00a0Minuten\" \/>\n<!-- \/ Yoast SEO plugin. -->","yoast_head_json":{"title":"iFrame Facebook-Feed-Plugin f\u00fcr Ihre Website (kostenlos und schnell)","description":"F\u00fcgen Sie Ihrer iFrame-Website ein responsives Facebook-Feed-Plugin hinzu. Nutzen Sie den flexiblen Elfsight-Editor und konfigurieren Sie Ihr Plugin in nur 3 Minuten.","robots":{"index":"index","follow":"follow","max-snippet":"max-snippet:-1","max-image-preview":"max-image-preview:large","max-video-preview":"max-video-preview:-1"},"canonical":"https:\/\/elfsight.com\/de\/facebook-feed-widget\/iframe\/","og_locale":"de_DE","og_type":"article","og_title":"iFrame Facebook-Feed-Plugin f\u00fcr Ihre Website (kostenlos und schnell)","og_description":"F\u00fcgen Sie Ihrer iFrame-Website ein responsives Facebook-Feed-Plugin hinzu. Nutzen Sie den flexiblen Elfsight-Editor und konfigurieren Sie Ihr Plugin in nur 3 Minuten.","og_url":"https:\/\/elfsight.com\/de\/facebook-feed-widget\/iframe\/","og_site_name":"Elfsight DE","article_modified_time":"2025-01-14T17:51:17+00:00","twitter_card":"summary_large_image","twitter_misc":{"Gesch\u00e4tzte Lesezeit":"4\u00a0Minuten"},"schema":{"@context":"https:\/\/schema.org","@graph":[{"@type":"WebPage","@id":"https:\/\/elfsight.com\/de\/facebook-feed-widget\/iframe\/","url":"https:\/\/elfsight.com\/de\/facebook-feed-widget\/iframe\/","name":"iFrame Facebook-Feed-Plugin f\u00fcr Ihre Website (kostenlos und schnell)","isPartOf":{"@id":"https:\/\/elfsight.com\/de\/#website"},"datePublished":"2024-05-03T06:35:49+00:00","dateModified":"2025-01-14T17:51:17+00:00","description":"F\u00fcgen Sie Ihrer iFrame-Website ein responsives Facebook-Feed-Plugin hinzu. Nutzen Sie den flexiblen Elfsight-Editor und konfigurieren Sie Ihr Plugin in nur 3 Minuten.","breadcrumb":{"@id":"https:\/\/elfsight.com\/de\/facebook-feed-widget\/iframe\/#breadcrumb"},"inLanguage":"de","potentialAction":[{"@type":"ReadAction","target":["https:\/\/elfsight.com\/de\/facebook-feed-widget\/iframe\/"]}]},{"@type":"BreadcrumbList","@id":"https:\/\/elfsight.com\/de\/facebook-feed-widget\/iframe\/#breadcrumb","itemListElement":[{"@type":"ListItem","position":1,"name":"Home","item":"https:\/\/elfsight.com\/de\/"},{"@type":"ListItem","position":2,"name":"Facebook Feed","item":"https:\/\/elfsight.com\/de\/facebook-feed-widget\/"},{"@type":"ListItem","position":3,"name":"Facebook Feed &#8211; iFrame"}]},{"@type":"WebSite","@id":"https:\/\/elfsight.com\/de\/#website","url":"https:\/\/elfsight.com\/de\/","name":"Elfsight DE","description":"Just another Elfsight Sites site","potentialAction":[{"@type":"SearchAction","target":{"@type":"EntryPoint","urlTemplate":"https:\/\/elfsight.com\/de\/?s={search_term_string}"},"query-input":{"@type":"PropertyValueSpecification","valueRequired":true,"valueName":"search_term_string"}}],"inLanguage":"de"}]}},"meta_box":{"industry":"","seo_heading":"","heading":"","description":"","cta_heading":"","cta_description":"","application":"185","h1":"iFrame-Facebook-Feed-Plugin","h1_caption":"Betten Sie Beitr\u00e4ge von Ihrer Facebook-Seite ein, um Ihre Website-Besucher m\u00fchelos \u00fcber Ihre neuesten Updates und Neuigkeiten auf Ihrer iFrame-Website zu informieren.","application_category":[],"applications_title":"","applications_request_title":"","applications_request_button_text":"","hero_text":"","hero_video":"","hero_video_schema_markup":"","selling_points_title":"","selling_points_caption":"","selling_points":[],"selling_points_cta_text":"","features_title":"","features":"","ed_cta_examples_text":"","ed_cta_examples_hidden":"","ed_cta_demo_text":"","ed_cta_demo_hidden":"","why_caption":"","why_editor_title":"","why_editor_text":"","why_team_title":"","why_team_text":"","why_service_title":"","why_service_text":"","template_catalog_visible":"0","template_catalog_title":"","template_catalog_text":"","template_catalog_categories_visible":"","demo_title":"Erstellen Sie Ihr Facebook-Feed-Widget","demo_caption":"Konfigurieren Sie Ihren Facebook-Feed und f\u00fcgen Sie ihn kostenlos zu Ihrer iFrame-Website hinzu!","default_faq_hidden":"","app_template_category":[],"platform":"240","template_public_id":"","codecanyon_url":"","codecanyon_item_id":"","codecanyon_price":"","pricing_caption":"","pricing_elfsight_apps_hide_column":"","pricing_elfsight_apps_url":"","pricing_codecanyon_price_caption":"","integration_category":[],"integration_request_title":"","integration_request_cta":"","integration_platform":"","integrations":[],"platform_category":[],"video_schema_markup":"","price":"ab 0 $ \/ Monat","trial":"","benefits":[{"text":"Kostenloser Installationsservice"},{"text":"Professioneller Kundenservice"},{"text":"14-t\u00e4gige Geld-zur\u00fcck-Garantie"},{"text":"Laufende Updates"}],"button_url":"#demo","button_target_blank":"0","button_nofollow":"0","attributes":[{"name":"Installiert","content":"100,000 - 500,000"},{"name":"Reaktionsfreudig","content":"Ja"},{"name":"Kompatible Browser","content":"Opera, Safari, Edge, Firefox, Chrome"}],"tags":[],"tags_disable_links":"0","hide_more_platforms":"","video_object":"","demo_hide_cta":"0","demo_hide_cloud_options":"0","pricing_title":"","pricing":[{"pricing_icon":"platform","pricing_title":"Elfsight Apps","pricing_title_caption":"Plattformunabh\u00e4ngige Software","pricing_price":"ab 0 $ \/ Monat","pricing_price_caption":"Beginnen Sie mit einem kostenlosen Plan","pricing_benefits":[{"text":"Unbegrenzte Domains"},{"text":"Professionelle Unterst\u00fctzung"},{"text":"Kostenloser Installationssupport"},{"text":"Tolles Angebot f\u00fcr mehrere Apps"}],"pricing_button_text":"Zur Website hinzuf\u00fcgen","pricing_button_url":"#demo"}],"related_apps_title":"","related_apps_hidden":"0","author":"","image":[],"title":"","job":"","social_networks":[]},"_links":{"self":[{"href":"https:\/\/elfsight.com\/de\/wp-json\/wp\/v2\/pages\/17106","targetHints":{"allow":["GET"]}}],"collection":[{"href":"https:\/\/elfsight.com\/de\/wp-json\/wp\/v2\/pages"}],"about":[{"href":"https:\/\/elfsight.com\/de\/wp-json\/wp\/v2\/types\/page"}],"author":[{"embeddable":true,"href":"https:\/\/elfsight.com\/de\/wp-json\/wp\/v2\/users\/9"}],"replies":[{"embeddable":true,"href":"https:\/\/elfsight.com\/de\/wp-json\/wp\/v2\/comments?post=17106"}],"version-history":[{"count":3,"href":"https:\/\/elfsight.com\/de\/wp-json\/wp\/v2\/pages\/17106\/revisions"}],"predecessor-version":[{"id":23653,"href":"https:\/\/elfsight.com\/de\/wp-json\/wp\/v2\/pages\/17106\/revisions\/23653"}],"up":[{"embeddable":true,"href":"https:\/\/elfsight.com\/de\/wp-json\/wp\/v2\/pages\/651"}],"wp:attachment":[{"href":"https:\/\/elfsight.com\/de\/wp-json\/wp\/v2\/media?parent=17106"}],"curies":[{"name":"wp","href":"https:\/\/api.w.org\/{rel}","templated":true}]}}