{"id":17105,"date":"2024-05-03T06:35:48","date_gmt":"2024-05-03T06:35:48","guid":{"rendered":"https:\/\/elfsight.com\/de\/?page_id=17105"},"modified":"2025-07-08T10:37:33","modified_gmt":"2025-07-08T10:37:33","slug":"facebook","status":"publish","type":"page","link":"https:\/\/elfsight.com\/de\/facebook-feed-widget\/facebook\/","title":{"rendered":"Facebook Feed &#8211; Facebook Page"},"content":{"rendered":"<div class=\"application-platform-content-item-description application-platform-content-item\" id=\"description\" data-nav-section=\"description\"><h2>Beschreibung<\/h2><p>Zeigen Sie jeden Feed mit Hilfe unseres universellen Facebook-Widgets an. Seiten, Videos, Bilder \u2013 Sie k\u00f6nnen sicher sein, dass Ihren Besuchern keine einzige Information entgeht. Eine elegante Benutzeroberfl\u00e4che mit erkennbaren Merkmalen von Facebook bleibt nicht unbemerkt und gibt Ihnen die M\u00f6glichkeit, nicht nur aktuelle Benutzer auf der Seite zu halten, sondern auch neue Facebook-Abonnenten zu gewinnen.<\/p><p><b>Machen Sie Ihre Seite auf die n\u00e4chste Seite Ebene mithilfe des Facebook-Seiten-Widgets.<\/b><\/p><\/div><div class=\"application-platform-content-item-features application-platform-content-item\" id=\"features\" data-nav-section=\"features\"><h2>Funktionen<\/h2><p>Mehrere Funktionen, die unser Widget zu einem unverzichtbaren Werkzeug f\u00fcr eine machen Facebook-Unternehmensseite.<\/p><ul><li>Anpassbare Breite und H\u00f6he;<\/li><li>3 Arten von Facebook-Inhalten werden unterst\u00fctzt: Beitr\u00e4ge, Videos und Fotos mit Alben;<\/li><li>Gef\u00e4llt mir und Teilen-Schaltfl\u00e4chen in der Kopfzeile;<\/li><li>Anpassbare Pop-ups mit umschaltbaren Elementen.<\/li><\/ul> <p><a href=\"#demo\">Entdecken Sie alle Vorteile in der Live-Demo<\/a><\/p><\/div><div class=\"application-platform-content-item-installation application-platform-content-item\" id=\"installation\" data-nav-section=\"installation\"><h2>So f\u00fcgen Sie einen Profil-Feed zur Facebook-Seite hinzu<\/h2><p>Lesen Sie unsere Anleitung, um die Installation abzuschlie\u00dfen. Der Vorgang dauert weniger als ein paar Minuten und erfordert keine Entwicklungskenntnisse.<\/p><ul><li><b>Generieren Sie Ihr individuelles Feed-Widget<\/b><br>Generieren Sie mit unserer kostenlosen Demo ein Plugin mit eine ausgew\u00e4hlte Zusammensetzung und Funktionalit\u00e4t.<\/li><li><b>Erhalten Sie den individuellen Code zur Installation des Plugins<\/b><br>Nachdem Sie Ihr Widget angepasst haben, erhalten Sie den individuellen Code aus der Popup-Benachrichtigung auf Elfsight Apps. Kopieren Sie den Code f\u00fcr die zuk\u00fcnftige Verwendung. <\/li><li><b>F\u00fcgen Sie das Widget zur Facebook-Seite hinzu<\/b><br> Erstellen Sie Ihren benutzerdefinierten Facebook-Tab. F\u00fcgen Sie den Code, den Sie bei elfsight apps erhalten haben, in die Registerkarte ein. Wenn Sie Probleme haben, lesen Sie einfach unseren Leitfaden unter <a href=\"https:\/\/elfsight.com\/blog\/how-to-add-custom-tab-to-facebook-page\/\" target=\"_blank\" rel=\"noopener noreferrer\">Benutzerdefinierten Facebook-Tab erstellen<\/a><\/li><li><b>Die Einrichtung ist erfolgreich! <\/b><br>Gehen Sie zur Seite, um Ihren Feed anzuzeigen. <\/li><\/ul><p>Falls Sie detaillierte Unterst\u00fctzung ben\u00f6tigen, sehen Sie sich das ausf\u00fchrliche Handbuch \u201eSo installieren Sie Facebook Feed to Facebook\u201c an oder wenden Sie sich an unseren Kundensupport. Wir helfen Ihnen gerne weiter.<\/p><\/div>","protected":false},"excerpt":{"rendered":"","protected":false},"author":9,"featured_media":0,"parent":651,"menu_order":0,"comment_status":"closed","ping_status":"closed","template":"templates\/template-application-platform.php","meta":{"publish_to_discourse":"","publish_post_category":"","wpdc_auto_publish_overridden":"","wpdc_topic_tags":"","wpdc_pin_topic":"","wpdc_pin_until":"","discourse_post_id":"","discourse_permalink":"","wpdc_publishing_response":"","wpdc_publishing_error":"","footnotes":""},"class_list":["post-17105","page","type-page","status-publish","hentry"],"yoast_head":"<!-- This site is optimized with the Yoast SEO plugin v25.3.1 - https:\/\/yoast.com\/wordpress\/plugins\/seo\/ -->\n<title>F\u00fcgen Sie einen beliebigen Facebook-Feed zur Facebook-Seite hinzu (2025)<\/title>\n<meta name=\"description\" content=\"Zeigen Sie den besten Feed-Tab auf Ihrer Facebook-Unternehmensseite an. Nutzen Sie den Live-Konstruktor von Elfsight und gestalten Sie Ihr einzigartiges Widget in nur 3 Minuten.\" \/>\n<meta name=\"robots\" content=\"index, follow, max-snippet:-1, max-image-preview:large, max-video-preview:-1\" \/>\n<link rel=\"canonical\" href=\"https:\/\/elfsight.com\/de\/facebook-feed-widget\/facebook\/\" \/>\n<meta property=\"og:locale\" content=\"de_DE\" \/>\n<meta property=\"og:type\" content=\"article\" \/>\n<meta property=\"og:title\" content=\"F\u00fcgen Sie einen beliebigen Facebook-Feed zur Facebook-Seite hinzu (2025)\" \/>\n<meta property=\"og:description\" content=\"Zeigen Sie den besten Feed-Tab auf Ihrer Facebook-Unternehmensseite an. Nutzen Sie den Live-Konstruktor von Elfsight und gestalten Sie Ihr einzigartiges Widget in nur 3 Minuten.\" \/>\n<meta property=\"og:url\" content=\"https:\/\/elfsight.com\/de\/facebook-feed-widget\/facebook\/\" \/>\n<meta property=\"og:site_name\" content=\"Elfsight DE\" \/>\n<meta property=\"article:modified_time\" content=\"2025-07-08T10:37:33+00:00\" \/>\n<meta name=\"twitter:card\" content=\"summary_large_image\" \/>\n<meta name=\"twitter:label1\" content=\"Gesch\u00e4tzte Lesezeit\" \/>\n\t<meta name=\"twitter:data1\" content=\"2\u00a0Minuten\" \/>\n<!-- \/ Yoast SEO plugin. -->","yoast_head_json":{"title":"F\u00fcgen Sie einen beliebigen Facebook-Feed zur Facebook-Seite hinzu (2025)","description":"Zeigen Sie den besten Feed-Tab auf Ihrer Facebook-Unternehmensseite an. Nutzen Sie den Live-Konstruktor von Elfsight und gestalten Sie Ihr einzigartiges Widget in nur 3 Minuten.","robots":{"index":"index","follow":"follow","max-snippet":"max-snippet:-1","max-image-preview":"max-image-preview:large","max-video-preview":"max-video-preview:-1"},"canonical":"https:\/\/elfsight.com\/de\/facebook-feed-widget\/facebook\/","og_locale":"de_DE","og_type":"article","og_title":"F\u00fcgen Sie einen beliebigen Facebook-Feed zur Facebook-Seite hinzu (2025)","og_description":"Zeigen Sie den besten Feed-Tab auf Ihrer Facebook-Unternehmensseite an. Nutzen Sie den Live-Konstruktor von Elfsight und gestalten Sie Ihr einzigartiges Widget in nur 3 Minuten.","og_url":"https:\/\/elfsight.com\/de\/facebook-feed-widget\/facebook\/","og_site_name":"Elfsight DE","article_modified_time":"2025-07-08T10:37:33+00:00","twitter_card":"summary_large_image","twitter_misc":{"Gesch\u00e4tzte Lesezeit":"2\u00a0Minuten"},"schema":{"@context":"https:\/\/schema.org","@graph":[{"@type":"WebPage","@id":"https:\/\/elfsight.com\/de\/facebook-feed-widget\/facebook\/","url":"https:\/\/elfsight.com\/de\/facebook-feed-widget\/facebook\/","name":"F\u00fcgen Sie einen beliebigen Facebook-Feed zur Facebook-Seite hinzu (2025)","isPartOf":{"@id":"https:\/\/elfsight.com\/de\/#website"},"datePublished":"2024-05-03T06:35:48+00:00","dateModified":"2025-07-08T10:37:33+00:00","description":"Zeigen Sie den besten Feed-Tab auf Ihrer Facebook-Unternehmensseite an. Nutzen Sie den Live-Konstruktor von Elfsight und gestalten Sie Ihr einzigartiges Widget in nur 3 Minuten.","breadcrumb":{"@id":"https:\/\/elfsight.com\/de\/facebook-feed-widget\/facebook\/#breadcrumb"},"inLanguage":"de","potentialAction":[{"@type":"ReadAction","target":["https:\/\/elfsight.com\/de\/facebook-feed-widget\/facebook\/"]}]},{"@type":"BreadcrumbList","@id":"https:\/\/elfsight.com\/de\/facebook-feed-widget\/facebook\/#breadcrumb","itemListElement":[{"@type":"ListItem","position":1,"name":"Home","item":"https:\/\/elfsight.com\/de\/"},{"@type":"ListItem","position":2,"name":"Facebook Feed","item":"https:\/\/elfsight.com\/de\/facebook-feed-widget\/"},{"@type":"ListItem","position":3,"name":"Facebook Feed &#8211; Facebook Page"}]},{"@type":"WebSite","@id":"https:\/\/elfsight.com\/de\/#website","url":"https:\/\/elfsight.com\/de\/","name":"Elfsight DE","description":"Just another Elfsight Sites site","potentialAction":[{"@type":"SearchAction","target":{"@type":"EntryPoint","urlTemplate":"https:\/\/elfsight.com\/de\/?s={search_term_string}"},"query-input":{"@type":"PropertyValueSpecification","valueRequired":true,"valueName":"search_term_string"}}],"inLanguage":"de"}]}},"meta_box":{"industry":"","seo_heading":"","heading":"","description":"","cta_heading":"","cta_description":"","application":"185","h1":"Facebook-Feed f\u00fcr Facebook-Seite","h1_caption":"Betten Sie Beitr\u00e4ge von Ihrer Facebook-Seite ein, um Ihre Website-Besucher m\u00fchelos mit Ihren neuesten Updates und Neuigkeiten auf Ihrer Facebook-Seite zu besch\u00e4ftigen.","application_category":[],"applications_title":"","applications_request_title":"","applications_request_button_text":"","hero_text":"","hero_video":"","hero_video_schema_markup":"","selling_points_title":"","selling_points_caption":"","selling_points":[],"selling_points_cta_text":"","features_title":"","features":"","ed_cta_examples_text":"","ed_cta_examples_hidden":"","ed_cta_demo_text":"","ed_cta_demo_hidden":"","why_caption":"","why_editor_title":"","why_editor_text":"","why_team_title":"","why_team_text":"","why_service_title":"","why_service_text":"","template_catalog_visible":"","template_catalog_title":"","template_catalog_text":"","template_catalog_categories_visible":"","demo_title":"Erstellen Sie Ihr Facebook-Feed-Widget","demo_caption":"Konfigurieren Sie Ihren Facebook-Feed und f\u00fcgen Sie ihn kostenlos zu Ihrer Facebook-Seite hinzu!","default_faq_hidden":"","app_template_category":[],"platform":"216","template_public_id":"","codecanyon_url":"","codecanyon_item_id":"","codecanyon_price":"","pricing_caption":"","pricing_elfsight_apps_hide_column":"","pricing_elfsight_apps_url":"","pricing_codecanyon_price_caption":"","integration_category":[],"integration_request_title":"","integration_request_cta":"","integration_platform":"","integrations":[],"platform_category":[],"video_schema_markup":"","price":"ab 0 $ \/ Monat","trial":"","benefits":[{"text":"Kostenlose Installationsunterst\u00fctzung"},{"text":"Erfahrener Kundensupport"},{"text":"14-t\u00e4gige Geld-zur\u00fcck-Garantie"},{"text":"Kontinuierliche Updates"}],"button_url":"#demo","button_target_blank":"","button_nofollow":"","attributes":[{"name":"Installiert","content":"100,000 - 500,000"},{"name":"Empf\u00e4nglichkeit","content":"Optimiert f\u00fcr Mobilger\u00e4te"},{"name":"Kompatible Browser","content":"Chrome, Safari, Opera, Firefox, Edge"}],"tags":[],"tags_disable_links":"","hide_more_platforms":"","video_object":"","demo_hide_cta":"","demo_hide_cloud_options":"","pricing_title":"","pricing":[{"pricing_icon":"platform","pricing_title":"Elfsight Apps","pricing_title_caption":"Plattformunabh\u00e4ngige digitale L\u00f6sung, die auf jeder Website funktioniert","pricing_price":"ab 0 $ \/ Monat","pricing_price_caption":"Beginnen Sie mit einem kostenlosen Plan","pricing_benefits":[{"text":"Unbegrenzte Domains"},{"text":"Professionelle und p\u00fcnktliche Unterst\u00fctzung"},{"text":"Kostenlose Installationshilfe"},{"text":"Flexibles Design"}],"pricing_button_text":"Zur Website hinzuf\u00fcgen","pricing_button_url":"#demo"}],"related_apps_title":"","related_apps_hidden":"","author":"","image":[],"title":"","job":"","social_networks":[]},"_links":{"self":[{"href":"https:\/\/elfsight.com\/de\/wp-json\/wp\/v2\/pages\/17105","targetHints":{"allow":["GET"]}}],"collection":[{"href":"https:\/\/elfsight.com\/de\/wp-json\/wp\/v2\/pages"}],"about":[{"href":"https:\/\/elfsight.com\/de\/wp-json\/wp\/v2\/types\/page"}],"author":[{"embeddable":true,"href":"https:\/\/elfsight.com\/de\/wp-json\/wp\/v2\/users\/9"}],"replies":[{"embeddable":true,"href":"https:\/\/elfsight.com\/de\/wp-json\/wp\/v2\/comments?post=17105"}],"version-history":[{"count":1,"href":"https:\/\/elfsight.com\/de\/wp-json\/wp\/v2\/pages\/17105\/revisions"}],"predecessor-version":[{"id":17109,"href":"https:\/\/elfsight.com\/de\/wp-json\/wp\/v2\/pages\/17105\/revisions\/17109"}],"up":[{"embeddable":true,"href":"https:\/\/elfsight.com\/de\/wp-json\/wp\/v2\/pages\/651"}],"wp:attachment":[{"href":"https:\/\/elfsight.com\/de\/wp-json\/wp\/v2\/media?parent=17105"}],"curies":[{"name":"wp","href":"https:\/\/api.w.org\/{rel}","templated":true}]}}