{"id":17098,"date":"2024-05-03T06:35:45","date_gmt":"2024-05-03T06:35:45","guid":{"rendered":"https:\/\/elfsight.com\/de\/?page_id=17098"},"modified":"2025-01-14T16:57:33","modified_gmt":"2025-01-14T16:57:33","slug":"google-sites","status":"publish","type":"page","link":"https:\/\/elfsight.com\/de\/facebook-feed-widget\/google-sites\/","title":{"rendered":"Facebook Feed &#8211; Google Sites"},"content":{"rendered":"\n<div class=\"application-platform-content-item-description application-platform-content-item\" id=\"description\" data-nav-section=\"description\"> <h2>Facebook-Feed auf Google Sites mit dem Elfsight-Widget einbetten<\/h2> <p>Zeigen Sie Ihre Facebook-Inhalte in unserem multifunktionalen Tool \u2013 Facebook-Feed. Beitr\u00e4ge, Videos, Fotos \u2013 stellen Sie sicher, dass Ihre Besucher keine einzige Nachricht verpassen. Attraktives Design mit echten Facebook-Details bleibt nicht unentdeckt und tr\u00e4gt dazu bei, nicht nur aktuelle K\u00e4ufer auf der Website zu halten, sondern auch neue Facebook-Abonnenten einzuladen. Heben Sie Ihre Kundenarbeit mit dem Facebook-Plugin auf ein ganz neues Niveau.<\/p> <p><b>Starten Sie mit dem Facebook-Gadget eine nachhaltige Gesch\u00e4ftsentwicklung und mehr Verk\u00e4ufe.<\/b><\/p> <\/div> <div class=\"application-platform-content-item-features application-platform-content-item\" id=\"features\" data-nav-section=\"features\"> <h2>Zu den am h\u00e4ufigsten ben\u00f6tigten Widget-Funktionen geh\u00f6ren<\/h2> <ul><li>Eine Sammlung von Blasensymbolen zur Auswahl;<\/li><li>Option zum Bearbeiten von Blasentext;<\/li><li>Flexibler Chat-Header mit Seitenlogo, Name und Bildunterschrift;<\/li><li>Seitenbild standardm\u00e4\u00dfig aus der Bibliothek ausw\u00e4hlen oder ein benutzerdefiniertes Bild hochladen.<\/li><\/ul><p><a href=\"#demo\">Probieren Sie einfach diese Demo aus, um zu sehen, wie es funktioniert<\/a><\/p> <\/div> <div class=\"application-platform-content-item-installation application-platform-content-item\" id=\"installation\" data-nav-section=\"installation\"><h2>Wie kann ich Facebook-Feed zu meinen Google Sites hinzuf\u00fcgen?<\/h2><div class=\"video-container\"><iframe width=\"560\" height=\"315\" src=\"https:\/\/www.youtube.com\/embed\/R52GHZgurkE?si=ftNdU04tWo0DnVT6\" frameborder=\"0\" allow=\"accelerometer; autoplay; clipboard-write; encrypted-media; gyroscope; picture-in-picture; web-share\" allowfullscreen><\/iframe><\/div><p>Erf\u00fcllen Sie einfach die folgenden Richtlinien, um das Widget einzubetten.<\/p> <ol><li><b>Nutzen Sie unseren kostenlosen Konfigurator und beginnen Sie mit der Erstellung Ihres ma\u00dfgeschneiderten Instruments.<\/b><br> Finden Sie die bevorzugte Benutzeroberfl\u00e4che und Optionen des Widgets und wenden Sie die Korrekturen an.<\/li> <li><b>Kopieren Sie den einzelnen Code, der im Fenster von Elfsight Apps angezeigt wird.<\/b> <br> Sobald die Einrichtung Ihres Plugins abgeschlossen ist, kopieren Sie den exklusiven Code aus dem angezeigten Popup und speichern Sie ihn f\u00fcr eine sp\u00e4tere Gelegenheit.<\/li> <li><b>Initiieren Sie die Anwendung des Facebook-Gadgets auf Ihren Google Sites.<\/b><br> Betten Sie den k\u00fcrzlich kopierten Code in Ihre Homepage ein und speichern Sie die \u00c4nderungen.<\/li> <li><b>Die Installation wurde erfolgreich durchgef\u00fchrt.<\/b><br> Gehen Sie zu Ihrer Website, um zu sehen, wie es funktioniert Plugin funktioniert.<\/li><\/ol> <div class=\"tip-yellow tip\"><b>Aufgrund der Besonderheiten der Google Sites-Funktion sieht das Widget m\u00f6glicherweise anders aus als die Online-Demo. Wir entschuldigen uns f\u00fcr etwaige Unannehmlichkeiten.<\/b><\/div><p>Wenn Sie mit Anfragen konfrontiert werden oder auf Schwierigkeiten sto\u00dfen, scheuen Sie sich nicht, unserem Support-Team zu schreiben. Unsere Mitarbeiter helfen Ihnen gerne bei allen Schwierigkeiten, die Sie mit dem Widget haben k\u00f6nnten.<\/p> <\/div>\n\n<div class=\"faq\" data-component=\"FAQ\">\n<div class=\"faq-item\">\r\n\t\t\t\t\t<div class=\"faq-item-question\">\r\n\t\t\t\t\t\t<h3 class=\"faq-item-question-text\">Wie kann ich einen Facebook Feed in Google Sites einbetten, ohne Programmierkenntnisse?<\/h3>\r\n\r\n\t\t\t\t\t\t<div class=\"faq-item-question-icon\"><\/div>\r\n\t\t\t\t\t<\/div>\r\n\r\n\t\t\t\t\t<div class=\"faq-item-answer\">\r\n\t\t\t\t\t\t<div class=\"faq-item-answer-text\">\n\n<p>Elfsight bietet eine Cloud-basierte L\u00f6sung, mit der Benutzer einen Facebook Feed selbstst\u00e4ndig erstellen k\u00f6nnen. Entdecken Sie, wie unkompliziert der Vorgang ist:<\/p>\n\n<ul>\n  <li>Gehen Sie in den Online-Editor, um einen Abschnitt f\u00fcr Ihren Facebook Feed zu erstellen, den Sie in Ihre Google Sites integrieren m\u00f6chten.<\/li>\n  <li>W\u00e4hlen Sie eine unserer vorgefertigten Vorlagen aus und passen Sie die Einstellungen des Facebook Feeds an, \u00e4ndern Sie das Layout und Farbschema und f\u00fcgen Sie Ihre Inhalte hinzu \u2013 ganz ohne Programmierkenntnisse.<\/li>\n  <li>Speichern Sie die Einstellungen, die Sie f\u00fcr Ihren Facebook Feed konfiguriert haben, und holen Sie sich den Code des Widgets, den Sie problemlos in Ihre Google Sites einf\u00fcgen k\u00f6nnen \u2013 kostenlos.<\/li>\n<\/ul>\n\n<p>Indem Sie im benutzerfreundlichen Editor arbeiten, kann jeder Internetnutzer einen Facebook Feed-Abschnitt erstellen und problemlos in seine Google Sites einf\u00fcgen. Es ist nicht erforderlich, eine Zahlung vorzunehmen oder Ihre Kartendaten anzugeben, um auf den Elfsight-Editor zuzugreifen. Falls Sie auf irgendwelche Herausforderungen sto\u00dfen, z\u00f6gern Sie nicht, unseren Kundensupport zu kontaktieren.<\/p>\n\n<\/div>\r\n\t\t\t\t\t<\/div>\r\n\t\t\t\t<\/div>\n<\/div>\n","protected":false},"excerpt":{"rendered":"","protected":false},"author":9,"featured_media":0,"parent":651,"menu_order":0,"comment_status":"closed","ping_status":"closed","template":"templates\/template-application-platform.php","meta":{"publish_to_discourse":"","publish_post_category":"","wpdc_auto_publish_overridden":"","wpdc_topic_tags":"","wpdc_pin_topic":"","wpdc_pin_until":"","discourse_post_id":"","discourse_permalink":"","wpdc_publishing_response":"","wpdc_publishing_error":"","footnotes":""},"class_list":["post-17098","page","type-page","status-publish","hentry"],"yoast_head":"<!-- This site is optimized with the Yoast SEO plugin v25.3.1 - https:\/\/yoast.com\/wordpress\/plugins\/seo\/ -->\n<title>Facebook-Feed \u2013 Facebook-Widget zu Google Sites hinzuf\u00fcgen (2025)<\/title>\n<meta name=\"description\" content=\"F\u00fcgen Sie Ihren Google Sites kostenlos ein responsives Facebook-Feed-Widget hinzu. Verwenden Sie das beste Facebook-Widget von Elfsight, um Ihren einzigartigen Feed zu erstellen.\" \/>\n<meta name=\"robots\" content=\"index, follow, max-snippet:-1, max-image-preview:large, max-video-preview:-1\" \/>\n<link rel=\"canonical\" href=\"https:\/\/elfsight.com\/de\/facebook-feed-widget\/google-sites\/\" \/>\n<meta property=\"og:locale\" content=\"de_DE\" \/>\n<meta property=\"og:type\" content=\"article\" \/>\n<meta property=\"og:title\" content=\"Facebook-Feed \u2013 Facebook-Widget zu Google Sites hinzuf\u00fcgen (2025)\" \/>\n<meta property=\"og:description\" content=\"F\u00fcgen Sie Ihren Google Sites kostenlos ein responsives Facebook-Feed-Widget hinzu. Verwenden Sie das beste Facebook-Widget von Elfsight, um Ihren einzigartigen Feed zu erstellen.\" \/>\n<meta property=\"og:url\" content=\"https:\/\/elfsight.com\/de\/facebook-feed-widget\/google-sites\/\" \/>\n<meta property=\"og:site_name\" content=\"Elfsight DE\" \/>\n<meta property=\"article:modified_time\" content=\"2025-01-14T16:57:33+00:00\" \/>\n<meta name=\"twitter:card\" content=\"summary_large_image\" \/>\n<meta name=\"twitter:label1\" content=\"Gesch\u00e4tzte Lesezeit\" \/>\n\t<meta name=\"twitter:data1\" content=\"3\u00a0Minuten\" \/>\n<!-- \/ Yoast SEO plugin. -->","yoast_head_json":{"title":"Facebook-Feed \u2013 Facebook-Widget zu Google Sites hinzuf\u00fcgen (2025)","description":"F\u00fcgen Sie Ihren Google Sites kostenlos ein responsives Facebook-Feed-Widget hinzu. Verwenden Sie das beste Facebook-Widget von Elfsight, um Ihren einzigartigen Feed zu erstellen.","robots":{"index":"index","follow":"follow","max-snippet":"max-snippet:-1","max-image-preview":"max-image-preview:large","max-video-preview":"max-video-preview:-1"},"canonical":"https:\/\/elfsight.com\/de\/facebook-feed-widget\/google-sites\/","og_locale":"de_DE","og_type":"article","og_title":"Facebook-Feed \u2013 Facebook-Widget zu Google Sites hinzuf\u00fcgen (2025)","og_description":"F\u00fcgen Sie Ihren Google Sites kostenlos ein responsives Facebook-Feed-Widget hinzu. Verwenden Sie das beste Facebook-Widget von Elfsight, um Ihren einzigartigen Feed zu erstellen.","og_url":"https:\/\/elfsight.com\/de\/facebook-feed-widget\/google-sites\/","og_site_name":"Elfsight DE","article_modified_time":"2025-01-14T16:57:33+00:00","twitter_card":"summary_large_image","twitter_misc":{"Gesch\u00e4tzte Lesezeit":"3\u00a0Minuten"},"schema":{"@context":"https:\/\/schema.org","@graph":[{"@type":"WebPage","@id":"https:\/\/elfsight.com\/de\/facebook-feed-widget\/google-sites\/","url":"https:\/\/elfsight.com\/de\/facebook-feed-widget\/google-sites\/","name":"Facebook-Feed \u2013 Facebook-Widget zu Google Sites hinzuf\u00fcgen (2025)","isPartOf":{"@id":"https:\/\/elfsight.com\/de\/#website"},"datePublished":"2024-05-03T06:35:45+00:00","dateModified":"2025-01-14T16:57:33+00:00","description":"F\u00fcgen Sie Ihren Google Sites kostenlos ein responsives Facebook-Feed-Widget hinzu. Verwenden Sie das beste Facebook-Widget von Elfsight, um Ihren einzigartigen Feed zu erstellen.","breadcrumb":{"@id":"https:\/\/elfsight.com\/de\/facebook-feed-widget\/google-sites\/#breadcrumb"},"inLanguage":"de","potentialAction":[{"@type":"ReadAction","target":["https:\/\/elfsight.com\/de\/facebook-feed-widget\/google-sites\/"]}]},{"@type":"BreadcrumbList","@id":"https:\/\/elfsight.com\/de\/facebook-feed-widget\/google-sites\/#breadcrumb","itemListElement":[{"@type":"ListItem","position":1,"name":"Home","item":"https:\/\/elfsight.com\/de\/"},{"@type":"ListItem","position":2,"name":"Facebook Feed","item":"https:\/\/elfsight.com\/de\/facebook-feed-widget\/"},{"@type":"ListItem","position":3,"name":"Facebook Feed &#8211; Google Sites"}]},{"@type":"WebSite","@id":"https:\/\/elfsight.com\/de\/#website","url":"https:\/\/elfsight.com\/de\/","name":"Elfsight DE","description":"Just another Elfsight Sites site","potentialAction":[{"@type":"SearchAction","target":{"@type":"EntryPoint","urlTemplate":"https:\/\/elfsight.com\/de\/?s={search_term_string}"},"query-input":{"@type":"PropertyValueSpecification","valueRequired":true,"valueName":"search_term_string"}}],"inLanguage":"de"}]}},"meta_box":{"industry":"","seo_heading":"","heading":"","description":"","cta_heading":"","cta_description":"","application":"185","h1":"Facebook-Feed-Widget f\u00fcr Google Sites","h1_caption":"Betten Sie Beitr\u00e4ge von Ihrer Facebook-Seite ein, um Ihre Website-Besucher m\u00fchelos mit Ihren neuesten Updates und Neuigkeiten auf Ihren Google Sites zu besch\u00e4ftigen.","application_category":[],"applications_title":"","applications_request_title":"","applications_request_button_text":"","hero_text":"","hero_video":"","hero_video_schema_markup":"","selling_points_title":"","selling_points_caption":"","selling_points":[],"selling_points_cta_text":"","features_title":"","features":"","ed_cta_examples_text":"","ed_cta_examples_hidden":"","ed_cta_demo_text":"","ed_cta_demo_hidden":"","why_caption":"","why_editor_title":"","why_editor_text":"","why_team_title":"","why_team_text":"","why_service_title":"","why_service_text":"","template_catalog_visible":"0","template_catalog_title":"","template_catalog_text":"","template_catalog_categories_visible":"","demo_title":"Erstellen Sie Ihr Facebook-Feed-Widget","demo_caption":"Konfigurieren Sie Ihren Facebook-Feed und f\u00fcgen Sie ihn kostenlos zu Ihrer Google Sites-Website hinzu!","default_faq_hidden":"","app_template_category":[],"platform":"3000","template_public_id":"","codecanyon_url":"","codecanyon_item_id":"","codecanyon_price":"","pricing_caption":"","pricing_elfsight_apps_hide_column":"","pricing_elfsight_apps_url":"","pricing_codecanyon_price_caption":"","integration_category":[],"integration_request_title":"","integration_request_cta":"","integration_platform":"","integrations":[],"platform_category":[],"video_schema_markup":"","price":"ab 0 $ \/ Monat","trial":"","benefits":[{"text":"Kostenlose Installationshilfe"},{"text":"Au\u00dfergew\u00f6hnliche Unterst\u00fctzung"},{"text":"14-t\u00e4gige R\u00fcckerstattungsgarantie"},{"text":"Laufende Updates"}],"button_url":"#demo","button_target_blank":"0","button_nofollow":"0","attributes":[{"name":"Installiert","content":"100,000 - 500,000"},{"name":"Empf\u00e4nglichkeit","content":"Funktioniert und sieht auf Mobiltelefonen perfekt aus"},{"name":"Kompatible Browser","content":"Opera, Safari, Edge, Chrome, Firefox"}],"tags":[],"tags_disable_links":"0","hide_more_platforms":"","video_object":"","demo_hide_cta":"0","demo_hide_cloud_options":"0","pricing_title":"","pricing":[{"pricing_icon":"platform","pricing_title":"Elfsight Apps","pricing_title_caption":"Multiplattform-L\u00f6sung, die zu jeder Website passt","pricing_price":"ab 0 $ \/ Monat","pricing_price_caption":"Beginnen Sie mit einem kostenlosen Plan","pricing_benefits":[{"text":"Unbegrenzte Anzahl an Domains"},{"text":"Premium-Support"},{"text":"Kostenlose Installationshilfe"},{"text":"Sonderangebot f\u00fcr mehrere Apps"}],"pricing_button_text":"Zur Website hinzuf\u00fcgen","pricing_button_url":"#demo"}],"related_apps_title":"","related_apps_hidden":"0","author":"","image":[],"title":"","job":"","social_networks":[]},"_links":{"self":[{"href":"https:\/\/elfsight.com\/de\/wp-json\/wp\/v2\/pages\/17098","targetHints":{"allow":["GET"]}}],"collection":[{"href":"https:\/\/elfsight.com\/de\/wp-json\/wp\/v2\/pages"}],"about":[{"href":"https:\/\/elfsight.com\/de\/wp-json\/wp\/v2\/types\/page"}],"author":[{"embeddable":true,"href":"https:\/\/elfsight.com\/de\/wp-json\/wp\/v2\/users\/9"}],"replies":[{"embeddable":true,"href":"https:\/\/elfsight.com\/de\/wp-json\/wp\/v2\/comments?post=17098"}],"version-history":[{"count":5,"href":"https:\/\/elfsight.com\/de\/wp-json\/wp\/v2\/pages\/17098\/revisions"}],"predecessor-version":[{"id":23647,"href":"https:\/\/elfsight.com\/de\/wp-json\/wp\/v2\/pages\/17098\/revisions\/23647"}],"up":[{"embeddable":true,"href":"https:\/\/elfsight.com\/de\/wp-json\/wp\/v2\/pages\/651"}],"wp:attachment":[{"href":"https:\/\/elfsight.com\/de\/wp-json\/wp\/v2\/media?parent=17098"}],"curies":[{"name":"wp","href":"https:\/\/api.w.org\/{rel}","templated":true}]}}