{"id":17097,"date":"2024-05-03T06:35:44","date_gmt":"2024-05-03T06:35:44","guid":{"rendered":"https:\/\/elfsight.com\/de\/?page_id=17097"},"modified":"2025-01-14T16:50:57","modified_gmt":"2025-01-14T16:50:57","slug":"godaddy","status":"publish","type":"page","link":"https:\/\/elfsight.com\/de\/facebook-feed-widget\/godaddy\/","title":{"rendered":"Facebook Feed &#8211; GoDaddy"},"content":{"rendered":"\n<div class=\"application-platform-content-item-description application-platform-content-item\" id=\"description\" data-nav-section=\"description\"> <h2>Facebook-Feed auf GoDaddy mit dem Elfsight-Widget einbetten<\/h2> <p>Elfsight Facebook Reviews ist eine einfache M\u00f6glichkeit, Bewertungen von Ihrem Facebook zu integrieren F\u00fcgen Sie eine Seite auf Ihrer Website hinzu und erh\u00f6hen Sie das Vertrauen der Website-Besucher in Ihre Marke. Sie k\u00f6nnen Ihre Bewertungen filtern, Sternebewertungen und Autoreninformationen hinzuf\u00fcgen und eine Schaltfl\u00e4che zum Verfassen einer neuen Bewertung anzeigen. Unser Facebook-Bewertungs-Plugin bietet verschiedene Layouts und Bewertungsvorlagen, umschaltbare Elemente und einen flexiblen Header f\u00fcr maximale Anpassung. Mit Ihren Facebook-Bewertungen auf der Website zeigen Sie eine hohe Wertsch\u00e4tzung, st\u00e4rken das Vertrauen und erhalten noch mehr Bewertungen.<\/p> <p><b>Erh\u00f6hen Sie das Vertrauen, indem Sie die Bewertungen echter Menschen mit Autoreninformationen anzeigen!<\/b><\/p> <\/div> <div class=\"application-platform-content-item-features application-platform-content-item\" id=\"features\" data-nav-section=\"features\"> <h2>Dies sind nur einige der verschiedenen Plugin-Funktionen: <\/h2> <ul><li>22 vordefinierte Sprachen werden unterst\u00fctzt; <\/li> <li>Navigation durch Pfeile und Ziehen im Slider-Layout; <\/li> <li>Einstellbare Breite und H\u00f6he des Plugins; <\/li> <li>Bewertungsanforderungsschaltfl\u00e4che zur Weiterleitung auf die Facebook-Seite; <\/li> <li>Drei Bewertungsdekorationstypen: Rand, Hintergrund, Keine; <\/li> <\/ul><p><a href=\"#demo\">Mit der Demo k\u00f6nnen Sie erkunden, was das Plugin bietet<\/a><\/p> <\/div> <div class=\"application-platform-content-item-installation application-platform-content-item\" id=\"installation\" data-nav-section=\"installation\"> <h2>Wie kann ich Facebook-Bewertungen auf meiner GoDaddy-Website einbetten? <\/h2> <p>Befolgen Sie einfach die unten aufgef\u00fchrten Schritte, um das Plugin einzuf\u00fcgen. <\/p> <ol><li><b>Nutzen Sie unsere kostenlose Demo und beginnen Sie mit der Erstellung Ihres ma\u00dfgeschneiderten Instruments. <\/b><br> Bestimmen Sie die geeignete Form und Spezifikationen des Plugins und speichern Sie die \u00c4nderungen. <\/li> <li><b>Sie erhalten Ihren individuellen Code, der im Fenster von Elfsight Apps angezeigt wird. <\/b><br> Sobald die Generierung Ihres Plugins abgeschlossen ist, kopieren Sie den einzelnen Code im angezeigten Fenster und speichern Sie ihn zur sp\u00e4teren Verwendung. <\/li> <li><b>Beginnen Sie mit der Verwendung des Plugins auf Ihrer GoDaddy-Site. <\/b><br> Integrieren Sie den Code, den Sie k\u00fcrzlich kopiert haben, in Ihre Seite und speichern Sie die Anpassungen. <\/li> <li><b>Fertig! Die Einbettung ist vollst\u00e4ndig durchgef\u00fchrt. <\/b><br> Besuchen Sie Ihre Website, um die Funktion des Plugins zu \u00fcberpr\u00fcfen. <\/li><\/ol> <p>Wenn Sie Fragen haben oder auf Schwierigkeiten sto\u00dfen, z\u00f6gern Sie nicht, sich an unsere Kundendienstmitarbeiter zu wenden. Unsere Berater helfen Ihnen gerne bei der L\u00f6sung aller Schwierigkeiten, die Sie mit dem Plugin haben k\u00f6nnten. <\/p> <\/div>\n<div class=\"faq\" data-component=\"FAQ\"> <div class=\"faq-item\">\r\n\t\t\t\t\t<div class=\"faq-item-question\">\r\n\t\t\t\t\t\t<h3 class=\"faq-item-question-text\">Gibt es eine M\u00f6glichkeit, einen Facebook Feed auf meiner GoDaddy-Seite ohne Programmierkenntnisse hinzuzuf\u00fcgen?<\/h3>\r\n\r\n\t\t\t\t\t\t<div class=\"faq-item-question-icon\"><\/div>\r\n\t\t\t\t\t<\/div>\r\n\r\n\t\t\t\t\t<div class=\"faq-item-answer\">\r\n\t\t\t\t\t\t<div class=\"faq-item-answer-text\">\n\n<p>Das Unternehmen Elfsight bietet eine L\u00f6sung, mit der Sie selbst einen Facebook Feed-Bereich erstellen k\u00f6nnen. Hier ist eine einfache Anleitung:<\/p>\n\n<ul>\n  <li>Beginnen Sie direkt im Live-Editor, um den Facebook Feed-Bereich zu erstellen, den Sie auf Ihrer GoDaddy-Seite anzeigen m\u00f6chten.<\/li>\n  <li>Klicken Sie auf eine der vorgefertigten Vorlagen und passen Sie die Facebook Feed-Einstellungen an, f\u00fcgen Sie Ihre Inhalte hinzu, \u00e4ndern Sie das Layout und die Farben \u2013 ganz ohne Programmierkenntnisse.<\/li>\n  <li>Klicken Sie, um den Facebook Feed zu speichern und den Installationscode des Plugins zu kopieren, den Sie kostenlos auf der GoDaddy-Startseite einf\u00fcgen k\u00f6nnen.<\/li>\n<\/ul>\n\n<p>Mit unserem benutzerfreundlichen Konfigurator kann jeder Internetnutzer ein Facebook Feed-Plugin online erstellen und m\u00fchelos auf der GoDaddy-Startseite hinzuf\u00fcgen. Es ist nicht erforderlich, ein kostenpflichtiges Abonnement abzuschlie\u00dfen oder Ihre Kartendaten anzugeben, um auf unseren Editor zuzugreifen. Sollten Sie auf Probleme sto\u00dfen, z\u00f6gern Sie nicht, sich an unser technisches Support-Team zu wenden.<\/p>\n\n<\/div>\r\n\t\t\t\t\t<\/div>\r\n\t\t\t\t<\/div>\n<\/div>\n","protected":false},"excerpt":{"rendered":"","protected":false},"author":9,"featured_media":0,"parent":651,"menu_order":0,"comment_status":"closed","ping_status":"closed","template":"templates\/template-application-platform.php","meta":{"publish_to_discourse":"","publish_post_category":"","wpdc_auto_publish_overridden":"","wpdc_topic_tags":"","wpdc_pin_topic":"","wpdc_pin_until":"","discourse_post_id":"","discourse_permalink":"","wpdc_publishing_response":"","wpdc_publishing_error":"","footnotes":""},"class_list":["post-17097","page","type-page","status-publish","hentry"],"yoast_head":"<!-- This site is optimized with the Yoast SEO plugin v25.3.1 - https:\/\/yoast.com\/wordpress\/plugins\/seo\/ -->\n<title>Facebook-Bewertungs-Plugin \u2013 F\u00fcgen Sie das Bewertungs-Plugin zur GoDaddy-Website hinzu!<\/title>\n<meta name=\"description\" content=\"Integrieren Sie im Jahr 2024 ohne Entwicklungserfahrung ein responsives Facebook-Feed-Plugin auf Ihrer GoDaddy-Website. Entdecken Sie die Live-Demo von Elfsight!\" \/>\n<meta name=\"robots\" content=\"index, follow, max-snippet:-1, max-image-preview:large, max-video-preview:-1\" \/>\n<link rel=\"canonical\" href=\"https:\/\/elfsight.com\/de\/facebook-feed-widget\/godaddy\/\" \/>\n<meta property=\"og:locale\" content=\"de_DE\" \/>\n<meta property=\"og:type\" content=\"article\" \/>\n<meta property=\"og:title\" content=\"Facebook-Bewertungs-Plugin \u2013 F\u00fcgen Sie das Bewertungs-Plugin zur GoDaddy-Website hinzu!\" \/>\n<meta property=\"og:description\" content=\"Integrieren Sie im Jahr 2024 ohne Entwicklungserfahrung ein responsives Facebook-Feed-Plugin auf Ihrer GoDaddy-Website. Entdecken Sie die Live-Demo von Elfsight!\" \/>\n<meta property=\"og:url\" content=\"https:\/\/elfsight.com\/de\/facebook-feed-widget\/godaddy\/\" \/>\n<meta property=\"og:site_name\" content=\"Elfsight DE\" \/>\n<meta property=\"article:modified_time\" content=\"2025-01-14T16:50:57+00:00\" \/>\n<meta name=\"twitter:card\" content=\"summary_large_image\" \/>\n<meta name=\"twitter:label1\" content=\"Gesch\u00e4tzte Lesezeit\" \/>\n\t<meta name=\"twitter:data1\" content=\"3\u00a0Minuten\" \/>\n<!-- \/ Yoast SEO plugin. -->","yoast_head_json":{"title":"Facebook-Bewertungs-Plugin \u2013 F\u00fcgen Sie das Bewertungs-Plugin zur GoDaddy-Website hinzu!","description":"Integrieren Sie im Jahr 2024 ohne Entwicklungserfahrung ein responsives Facebook-Feed-Plugin auf Ihrer GoDaddy-Website. Entdecken Sie die Live-Demo von Elfsight!","robots":{"index":"index","follow":"follow","max-snippet":"max-snippet:-1","max-image-preview":"max-image-preview:large","max-video-preview":"max-video-preview:-1"},"canonical":"https:\/\/elfsight.com\/de\/facebook-feed-widget\/godaddy\/","og_locale":"de_DE","og_type":"article","og_title":"Facebook-Bewertungs-Plugin \u2013 F\u00fcgen Sie das Bewertungs-Plugin zur GoDaddy-Website hinzu!","og_description":"Integrieren Sie im Jahr 2024 ohne Entwicklungserfahrung ein responsives Facebook-Feed-Plugin auf Ihrer GoDaddy-Website. Entdecken Sie die Live-Demo von Elfsight!","og_url":"https:\/\/elfsight.com\/de\/facebook-feed-widget\/godaddy\/","og_site_name":"Elfsight DE","article_modified_time":"2025-01-14T16:50:57+00:00","twitter_card":"summary_large_image","twitter_misc":{"Gesch\u00e4tzte Lesezeit":"3\u00a0Minuten"},"schema":{"@context":"https:\/\/schema.org","@graph":[{"@type":"WebPage","@id":"https:\/\/elfsight.com\/de\/facebook-feed-widget\/godaddy\/","url":"https:\/\/elfsight.com\/de\/facebook-feed-widget\/godaddy\/","name":"Facebook-Bewertungs-Plugin \u2013 F\u00fcgen Sie das Bewertungs-Plugin zur GoDaddy-Website hinzu!","isPartOf":{"@id":"https:\/\/elfsight.com\/de\/#website"},"datePublished":"2024-05-03T06:35:44+00:00","dateModified":"2025-01-14T16:50:57+00:00","description":"Integrieren Sie im Jahr 2024 ohne Entwicklungserfahrung ein responsives Facebook-Feed-Plugin auf Ihrer GoDaddy-Website. Entdecken Sie die Live-Demo von Elfsight!","breadcrumb":{"@id":"https:\/\/elfsight.com\/de\/facebook-feed-widget\/godaddy\/#breadcrumb"},"inLanguage":"de","potentialAction":[{"@type":"ReadAction","target":["https:\/\/elfsight.com\/de\/facebook-feed-widget\/godaddy\/"]}]},{"@type":"BreadcrumbList","@id":"https:\/\/elfsight.com\/de\/facebook-feed-widget\/godaddy\/#breadcrumb","itemListElement":[{"@type":"ListItem","position":1,"name":"Home","item":"https:\/\/elfsight.com\/de\/"},{"@type":"ListItem","position":2,"name":"Facebook Feed","item":"https:\/\/elfsight.com\/de\/facebook-feed-widget\/"},{"@type":"ListItem","position":3,"name":"Facebook Feed &#8211; GoDaddy"}]},{"@type":"WebSite","@id":"https:\/\/elfsight.com\/de\/#website","url":"https:\/\/elfsight.com\/de\/","name":"Elfsight DE","description":"Just another Elfsight Sites site","potentialAction":[{"@type":"SearchAction","target":{"@type":"EntryPoint","urlTemplate":"https:\/\/elfsight.com\/de\/?s={search_term_string}"},"query-input":{"@type":"PropertyValueSpecification","valueRequired":true,"valueName":"search_term_string"}}],"inLanguage":"de"}]}},"meta_box":{"industry":"","seo_heading":"","heading":"","description":"","cta_heading":"","cta_description":"","application":"185","h1":"GoDaddy Facebook-Feed-Plugin","h1_caption":"Betten Sie Beitr\u00e4ge von Ihrer Facebook-Seite ein, um Ihre Website-Besucher m\u00fchelos \u00fcber Ihre neuesten Updates und Neuigkeiten auf Ihrer GoDaddy-Website zu informieren.","application_category":[],"applications_title":"","applications_request_title":"","applications_request_button_text":"","hero_text":"","hero_video":"","hero_video_schema_markup":"","selling_points_title":"","selling_points_caption":"","selling_points":[],"selling_points_cta_text":"","features_title":"","features":"","ed_cta_examples_text":"","ed_cta_examples_hidden":"","ed_cta_demo_text":"","ed_cta_demo_hidden":"","why_caption":"","why_editor_title":"","why_editor_text":"","why_team_title":"","why_team_text":"","why_service_title":"","why_service_text":"","template_catalog_visible":"0","template_catalog_title":"","template_catalog_text":"","template_catalog_categories_visible":"","demo_title":"Erstellen Sie Ihr Facebook-Feed-Plugin","demo_caption":"Konfigurieren Sie Ihren Facebook-Feed und f\u00fcgen Sie ihn kostenlos zu Ihrer GoDaddy-Website hinzu!","default_faq_hidden":"","app_template_category":[],"platform":"241","template_public_id":"","codecanyon_url":"","codecanyon_item_id":"","codecanyon_price":"","pricing_caption":"","pricing_elfsight_apps_hide_column":"","pricing_elfsight_apps_url":"","pricing_codecanyon_price_caption":"","integration_category":[],"integration_request_title":"","integration_request_cta":"","integration_platform":"","integrations":[],"platform_category":[],"video_schema_markup":"","price":"ab 0 $ \/ Monat","trial":"","benefits":[{"text":"Kostenlose Installationshilfe"},{"text":"Professioneller Kundenservice"},{"text":"14-t\u00e4gige Geld-zur\u00fcck-Garantie"},{"text":"Lebenslange Updates"}],"button_url":"#demo","button_target_blank":"0","button_nofollow":"0","attributes":[{"name":"Installiert","content":"100,000 - 500,000"},{"name":"Reaktionsfreudig","content":"Ja"},{"name":"Kompatible Browser","content":"IE11, Firefox, Safari, Opera, Chrome, Edge"}],"tags":[],"tags_disable_links":"0","hide_more_platforms":"","video_object":"","demo_hide_cta":"0","demo_hide_cloud_options":"0","pricing_title":"","pricing":[{"pricing_icon":"platform","pricing_title":"Elfsight Apps","pricing_title_caption":"Plattformunabh\u00e4ngige Software, die auf jeder Website funktioniert","pricing_price":"ab 0 $ \/ Monat","pricing_price_caption":"Beginnen Sie mit einem kostenlosen Plan","pricing_benefits":[{"text":"Unbegrenzte Websites"},{"text":"Professionelle Kundenbetreuung und gut dokumentiert"},{"text":"Kostenlose Installationsunterst\u00fctzung"},{"text":"Vollst\u00e4ndig anpassbar"}],"pricing_button_text":"Zur Website hinzuf\u00fcgen","pricing_button_url":"#demo"}],"related_apps_title":"","related_apps_hidden":"0","author":"","image":[],"title":"","job":"","social_networks":[]},"_links":{"self":[{"href":"https:\/\/elfsight.com\/de\/wp-json\/wp\/v2\/pages\/17097","targetHints":{"allow":["GET"]}}],"collection":[{"href":"https:\/\/elfsight.com\/de\/wp-json\/wp\/v2\/pages"}],"about":[{"href":"https:\/\/elfsight.com\/de\/wp-json\/wp\/v2\/types\/page"}],"author":[{"embeddable":true,"href":"https:\/\/elfsight.com\/de\/wp-json\/wp\/v2\/users\/9"}],"replies":[{"embeddable":true,"href":"https:\/\/elfsight.com\/de\/wp-json\/wp\/v2\/comments?post=17097"}],"version-history":[{"count":4,"href":"https:\/\/elfsight.com\/de\/wp-json\/wp\/v2\/pages\/17097\/revisions"}],"predecessor-version":[{"id":23646,"href":"https:\/\/elfsight.com\/de\/wp-json\/wp\/v2\/pages\/17097\/revisions\/23646"}],"up":[{"embeddable":true,"href":"https:\/\/elfsight.com\/de\/wp-json\/wp\/v2\/pages\/651"}],"wp:attachment":[{"href":"https:\/\/elfsight.com\/de\/wp-json\/wp\/v2\/media?parent=17097"}],"curies":[{"name":"wp","href":"https:\/\/api.w.org\/{rel}","templated":true}]}}