{"id":17096,"date":"2024-05-03T06:35:43","date_gmt":"2024-05-03T06:35:43","guid":{"rendered":"https:\/\/elfsight.com\/de\/?page_id=17096"},"modified":"2025-01-14T18:25:08","modified_gmt":"2025-01-14T18:25:08","slug":"prestashop","status":"publish","type":"page","link":"https:\/\/elfsight.com\/de\/facebook-feed-widget\/prestashop\/","title":{"rendered":"Facebook Feed &#8211; PrestaShop"},"content":{"rendered":"\n<div class=\"application-platform-content-item-description application-platform-content-item\" id=\"description\" data-nav-section=\"description\"> <h2>Beschreibung<\/h2> <p>Elfsight Facebook Feed f\u00fcr PrestaShop ist ein Add-on, dessen Ziel es ist, Sie bei allen tats\u00e4chlichen Anforderungen beim Erhalten von Eindr\u00fccken zu unterst\u00fctzen und Anfragen von Besuchern Ihrer Website. Demonstrieren Sie die wesentlichen Elemente zum Ausf\u00fcllen, w\u00e4hlen Sie die gew\u00fcnschte Vorlage aus und personalisieren Sie die Benutzeroberfl\u00e4che, um Ihre Besucher dazu zu inspirieren, Fragen zu den von Ihrem Unternehmen angebotenen Dienstleistungen zu stellen. Der PrestaShop ist so konzipiert, dass er alle Ihre Bed\u00fcrfnisse erf\u00fcllt, Feedback zu sammeln und mit Ihrem Publikum in Kontakt zu bleiben. <\/p><p><b>Beginnen Sie mit der Nutzung des Facebook-Feeds, um Ihre Gesch\u00e4ftsspitzen einfacher zu erreichen! <\/b><\/p> <\/div> <div class=\"application-platform-content-item-features application-platform-content-item\" id=\"features\" data-nav-section=\"features\"> <h2>Dies sind nur einige der vielen Widget-Funktionen: <\/h2> <ul><li>Drei anzeigbare Arten von Facebook-Inhalten: Beitr\u00e4ge, Videos und Fotos mit Alben<\/li><li>Anpassbare Header-Elemente: Anzahl der Likes, Titelbild, Seitenbild, Aktionen<\/li><li>Teilen- und Like-Buttons im Header<\/li><li>Beitr\u00e4ge mit umschaltbaren Informationen: Shares-Anzahl, Autor, Share-Button, Likes-Anzahl<\/li><li>Variables Beitragslimit<\/li><li>Videos mit umschaltbaren Informationen: Likes-Anzahl, Kommentaranzahl, Beschreibung<\/li><li> Anpassbare Pop-ups mit umschaltbaren Elementen: Shares-Anzahl, Autor, Kommentare, Likes-Anzahl<\/li><\/ul><p><a href=\"#demo\">Sie k\u00f6nnen sehen, welche Angebote das Widget bietet, indem Sie die Demo ausprobieren<\/a><\/p> <\/div> <div class=\"application-platform-content-item-installation application-platform-content-item\" id=\"installation\" data-nav-section=\"installation\"> <h2>Wie f\u00fcge ich einen Facebook-Feed zu meiner PrestaShop-Website hinzu? <\/h2> <p>Befolgen Sie einfach die folgenden Richtlinien, um mit der Verwendung des Tools zu beginnen. <\/p> <ol><li><b>Starten Sie unseren kostenlosen Editor und beginnen Sie mit der Gestaltung Ihres ma\u00dfgeschneiderten Add-ons. <\/b><br> W\u00e4hlen Sie das passende Aussehen und die Optionen des Add-ons und speichern Sie die \u00c4nderungen. <\/li> <li><b>Holen Sie sich Ihren einzigartigen Code, der in der speziellen Form auf Elfsight Apps angezeigt wird. <\/b><br> Nachdem die Einrichtung Ihres pers\u00f6nlichen Widgets abgeschlossen ist, kopieren Sie den exklusiven Code in das erscheinende Feld und bewahren Sie ihn f\u00fcr die zuk\u00fcnftige Verwendung auf. <\/li> <li><b>Initiieren Sie den Einsatz des Tools auf Ihrer PrestaShop-Homepage. <\/b><br> Geben Sie den Code, den Sie zuvor kopiert haben, auf Ihrer Homepage ein und \u00fcbernehmen Sie die \u00c4nderungen. <\/li> <li><b>Du bist fertig! Die Integration wurde erfolgreich durchgef\u00fchrt. <\/b><br> Besuchen Sie Ihre Seite, um die Funktion des Add-ons zu \u00fcberpr\u00fcfen. <\/li><\/ol> <p>Wenn Sie Anfragen bearbeiten oder auf Probleme sto\u00dfen, k\u00f6nnen Sie sich gerne an unseren Kundendienst wenden. Unsere Spezialisten l\u00f6sen gerne alle Schwierigkeiten, die Sie mit dem Widget haben k\u00f6nnten. <\/p> <\/div>\n<div class=\"faq\" data-component=\"FAQ\"> <div class=\"faq-item\">\r\n\t\t\t\t\t<div class=\"faq-item-question\">\r\n\t\t\t\t\t\t<h3 class=\"faq-item-question-text\">Gibt es eine M\u00f6glichkeit, den Facebook Feed ohne Programmierkenntnisse auf meiner PrestaShop-Seite hinzuzuf\u00fcgen?<\/h3>\r\n\r\n\t\t\t\t\t\t<div class=\"faq-item-question-icon\"><\/div>\r\n\t\t\t\t\t<\/div>\r\n\r\n\t\t\t\t\t<div class=\"faq-item-answer\">\r\n\t\t\t\t\t\t<div class=\"faq-item-answer-text\">\n\n<p>Das Unternehmen Elfsight bietet eine L\u00f6sung, mit der Nutzer selbst ein Facebook Feed-Plugin erstellen k\u00f6nnen. Entdecken Sie, wie einfach es ist:<\/p>\n\n<ul>\n  <li>Gehen Sie zum Live-Editor, um ein Facebook Feed-Plugin zu erstellen, das Sie auf Ihrer PrestaShop-Webseite anzeigen m\u00f6chten.<\/li>\n  <li>W\u00e4hlen Sie eine der vorgefertigten Vorlagen aus und passen Sie die Facebook Feed-Einstellungen an, f\u00fcgen Sie Ihre Inhalte hinzu und \u00e4ndern Sie Layout und Farben \u2013 ganz ohne Programmierkenntnisse.<\/li>\n  <li>Speichern Sie die vorgenommenen Einstellungen f\u00fcr den Facebook Feed und kopieren Sie den Installationscode des Widgets, den Sie problemlos in Ihre PrestaShop-Homepage einf\u00fcgen k\u00f6nnen, ohne einen kostenpflichtigen Plan zu kaufen.<\/li>\n<\/ul>\n\n<p>Mit unserem benutzerfreundlichen Konfigurator kann jeder Internetnutzer eine Facebook Feed-App erstellen und auf der PrestaShop-Seite einf\u00fcgen. Es ist nicht erforderlich, zu bezahlen oder Ihre Kartendaten anzugeben, um auf unseren Service zuzugreifen. Wenn Sie auf Probleme sto\u00dfen, wenden Sie sich bitte an unser Support-Team.<\/p>\n\n<\/div>\r\n\t\t\t\t\t<\/div>\r\n\t\t\t\t<\/div>\n<\/div>\n","protected":false},"excerpt":{"rendered":"","protected":false},"author":9,"featured_media":0,"parent":651,"menu_order":0,"comment_status":"closed","ping_status":"closed","template":"templates\/template-application-platform.php","meta":{"publish_to_discourse":"","publish_post_category":"","wpdc_auto_publish_overridden":"","wpdc_topic_tags":"","wpdc_pin_topic":"","wpdc_pin_until":"","discourse_post_id":"","discourse_permalink":"","wpdc_publishing_response":"","wpdc_publishing_error":"","footnotes":""},"class_list":["post-17096","page","type-page","status-publish","hentry"],"yoast_head":"<!-- This site is optimized with the Yoast SEO plugin v25.3.1 - https:\/\/yoast.com\/wordpress\/plugins\/seo\/ -->\n<title>Facebook-Feed \u2013 Facebook-Add-on in die PrestaShop-Website einbetten<\/title>\n<meta name=\"description\" content=\"Betten Sie ein responsives Facebook-Feed-Widget in Ihre PrestaShop-Website ein. Testen Sie den Elfsight-Konstruktor und erstellen Sie Ihr Add-on in nur 1 Minute.\" \/>\n<meta name=\"robots\" content=\"index, follow, max-snippet:-1, max-image-preview:large, max-video-preview:-1\" \/>\n<link rel=\"canonical\" href=\"https:\/\/elfsight.com\/de\/facebook-feed-widget\/prestashop\/\" \/>\n<meta property=\"og:locale\" content=\"de_DE\" \/>\n<meta property=\"og:type\" content=\"article\" \/>\n<meta property=\"og:title\" content=\"Facebook-Feed \u2013 Facebook-Add-on in die PrestaShop-Website einbetten\" \/>\n<meta property=\"og:description\" content=\"Betten Sie ein responsives Facebook-Feed-Widget in Ihre PrestaShop-Website ein. Testen Sie den Elfsight-Konstruktor und erstellen Sie Ihr Add-on in nur 1 Minute.\" \/>\n<meta property=\"og:url\" content=\"https:\/\/elfsight.com\/de\/facebook-feed-widget\/prestashop\/\" \/>\n<meta property=\"og:site_name\" content=\"Elfsight DE\" \/>\n<meta property=\"article:modified_time\" content=\"2025-01-14T18:25:08+00:00\" \/>\n<meta name=\"twitter:card\" content=\"summary_large_image\" \/>\n<meta name=\"twitter:label1\" content=\"Gesch\u00e4tzte Lesezeit\" \/>\n\t<meta name=\"twitter:data1\" content=\"3\u00a0Minuten\" \/>\n<!-- \/ Yoast SEO plugin. -->","yoast_head_json":{"title":"Facebook-Feed \u2013 Facebook-Add-on in die PrestaShop-Website einbetten","description":"Betten Sie ein responsives Facebook-Feed-Widget in Ihre PrestaShop-Website ein. Testen Sie den Elfsight-Konstruktor und erstellen Sie Ihr Add-on in nur 1 Minute.","robots":{"index":"index","follow":"follow","max-snippet":"max-snippet:-1","max-image-preview":"max-image-preview:large","max-video-preview":"max-video-preview:-1"},"canonical":"https:\/\/elfsight.com\/de\/facebook-feed-widget\/prestashop\/","og_locale":"de_DE","og_type":"article","og_title":"Facebook-Feed \u2013 Facebook-Add-on in die PrestaShop-Website einbetten","og_description":"Betten Sie ein responsives Facebook-Feed-Widget in Ihre PrestaShop-Website ein. Testen Sie den Elfsight-Konstruktor und erstellen Sie Ihr Add-on in nur 1 Minute.","og_url":"https:\/\/elfsight.com\/de\/facebook-feed-widget\/prestashop\/","og_site_name":"Elfsight DE","article_modified_time":"2025-01-14T18:25:08+00:00","twitter_card":"summary_large_image","twitter_misc":{"Gesch\u00e4tzte Lesezeit":"3\u00a0Minuten"},"schema":{"@context":"https:\/\/schema.org","@graph":[{"@type":"WebPage","@id":"https:\/\/elfsight.com\/de\/facebook-feed-widget\/prestashop\/","url":"https:\/\/elfsight.com\/de\/facebook-feed-widget\/prestashop\/","name":"Facebook-Feed \u2013 Facebook-Add-on in die PrestaShop-Website einbetten","isPartOf":{"@id":"https:\/\/elfsight.com\/de\/#website"},"datePublished":"2024-05-03T06:35:43+00:00","dateModified":"2025-01-14T18:25:08+00:00","description":"Betten Sie ein responsives Facebook-Feed-Widget in Ihre PrestaShop-Website ein. Testen Sie den Elfsight-Konstruktor und erstellen Sie Ihr Add-on in nur 1 Minute.","breadcrumb":{"@id":"https:\/\/elfsight.com\/de\/facebook-feed-widget\/prestashop\/#breadcrumb"},"inLanguage":"de","potentialAction":[{"@type":"ReadAction","target":["https:\/\/elfsight.com\/de\/facebook-feed-widget\/prestashop\/"]}]},{"@type":"BreadcrumbList","@id":"https:\/\/elfsight.com\/de\/facebook-feed-widget\/prestashop\/#breadcrumb","itemListElement":[{"@type":"ListItem","position":1,"name":"Home","item":"https:\/\/elfsight.com\/de\/"},{"@type":"ListItem","position":2,"name":"Facebook Feed","item":"https:\/\/elfsight.com\/de\/facebook-feed-widget\/"},{"@type":"ListItem","position":3,"name":"Facebook Feed &#8211; PrestaShop"}]},{"@type":"WebSite","@id":"https:\/\/elfsight.com\/de\/#website","url":"https:\/\/elfsight.com\/de\/","name":"Elfsight DE","description":"Just another Elfsight Sites site","potentialAction":[{"@type":"SearchAction","target":{"@type":"EntryPoint","urlTemplate":"https:\/\/elfsight.com\/de\/?s={search_term_string}"},"query-input":{"@type":"PropertyValueSpecification","valueRequired":true,"valueName":"search_term_string"}}],"inLanguage":"de"}]}},"meta_box":{"industry":"","seo_heading":"","heading":"","description":"","cta_heading":"","cta_description":"","application":"185","h1":"Facebook-Feed-Add-on f\u00fcr PrestaShop","h1_caption":"Betten Sie Beitr\u00e4ge von Ihrer Facebook-Seite ein, um Ihre Website-Besucher m\u00fchelos mit Ihren neuesten Updates und Neuigkeiten auf Ihrer Prestashop-Website zu besch\u00e4ftigen.","application_category":[],"applications_title":"","applications_request_title":"","applications_request_button_text":"","hero_text":"","hero_video":"","hero_video_schema_markup":"","selling_points_title":"","selling_points_caption":"","selling_points":[],"selling_points_cta_text":"","features_title":"","features":"","ed_cta_examples_text":"","ed_cta_examples_hidden":"","ed_cta_demo_text":"","ed_cta_demo_hidden":"","why_caption":"","why_editor_title":"","why_editor_text":"","why_team_title":"","why_team_text":"","why_service_title":"","why_service_text":"","template_catalog_visible":"0","template_catalog_title":"","template_catalog_text":"","template_catalog_categories_visible":"","demo_title":"Erstellen Sie Ihr Facebook-Feed-Add-on","demo_caption":"Konfigurieren Sie Ihren Facebook-Feed und f\u00fcgen Sie ihn kostenlos zu Ihrer PrestaShop-Website hinzu!","default_faq_hidden":"","app_template_category":[],"platform":"3811","template_public_id":"","codecanyon_url":"","codecanyon_item_id":"","codecanyon_price":"","pricing_caption":"","pricing_elfsight_apps_hide_column":"","pricing_elfsight_apps_url":"","pricing_codecanyon_price_caption":"","integration_category":[],"integration_request_title":"","integration_request_cta":"","integration_platform":"","integrations":[],"platform_category":[],"video_schema_markup":"","price":"ab 0 $ \/ Monat","trial":"","benefits":[{"text":"Kostenloser Installationsservice"},{"text":"Effektiver Kundenservice"},{"text":"14-t\u00e4gige Geld-zur\u00fcck-Garantie"},{"text":"Laufende kostenlose Verbesserungen"}],"button_url":"#demo","button_target_blank":"0","button_nofollow":"0","attributes":[{"name":"Installiert","content":"100,000 - 500,000"},{"name":"Reaktionsfreudig","content":"Ja"},{"name":"Kompatible Browser","content":"Firefox, Safari, Opera, Chrome, Edge"}],"tags":[],"tags_disable_links":"0","hide_more_platforms":"","video_object":"","demo_hide_cta":"0","demo_hide_cloud_options":"0","pricing_title":"","pricing":[{"pricing_icon":"platform","pricing_title":"Elfsight Apps","pricing_title_caption":"Plattform\u00fcbergreifende Software, die zu jeder Site passt","pricing_price":"ab 0 $ \/ Monat","pricing_price_caption":"Beginnen Sie mit einem kostenlosen Plan","pricing_benefits":[{"text":"Unbegrenzte Domains"},{"text":"Engagierter Kundensupport"},{"text":"Kostenlose Installationshilfe"},{"text":"Flexibles Design"}],"pricing_button_text":"Zur Website hinzuf\u00fcgen","pricing_button_url":"#demo"}],"related_apps_title":"","related_apps_hidden":"0","author":"","image":[],"title":"","job":"","social_networks":[]},"_links":{"self":[{"href":"https:\/\/elfsight.com\/de\/wp-json\/wp\/v2\/pages\/17096","targetHints":{"allow":["GET"]}}],"collection":[{"href":"https:\/\/elfsight.com\/de\/wp-json\/wp\/v2\/pages"}],"about":[{"href":"https:\/\/elfsight.com\/de\/wp-json\/wp\/v2\/types\/page"}],"author":[{"embeddable":true,"href":"https:\/\/elfsight.com\/de\/wp-json\/wp\/v2\/users\/9"}],"replies":[{"embeddable":true,"href":"https:\/\/elfsight.com\/de\/wp-json\/wp\/v2\/comments?post=17096"}],"version-history":[{"count":3,"href":"https:\/\/elfsight.com\/de\/wp-json\/wp\/v2\/pages\/17096\/revisions"}],"predecessor-version":[{"id":23664,"href":"https:\/\/elfsight.com\/de\/wp-json\/wp\/v2\/pages\/17096\/revisions\/23664"}],"up":[{"embeddable":true,"href":"https:\/\/elfsight.com\/de\/wp-json\/wp\/v2\/pages\/651"}],"wp:attachment":[{"href":"https:\/\/elfsight.com\/de\/wp-json\/wp\/v2\/media?parent=17096"}],"curies":[{"name":"wp","href":"https:\/\/api.w.org\/{rel}","templated":true}]}}