{"id":17095,"date":"2024-05-03T06:35:42","date_gmt":"2024-05-03T06:35:42","guid":{"rendered":"https:\/\/elfsight.com\/de\/?page_id=17095"},"modified":"2025-01-14T17:42:16","modified_gmt":"2025-01-14T17:42:16","slug":"jimdo","status":"publish","type":"page","link":"https:\/\/elfsight.com\/de\/facebook-feed-widget\/jimdo\/","title":{"rendered":"Facebook Feed &#8211; Jimdo"},"content":{"rendered":"\n<div class=\"application-platform-content-item-description application-platform-content-item\" id=\"description\" data-nav-section=\"description\"> <h2>Beschreibung<\/h2> <p>Elfsight Facebook Feed f\u00fcr Jimdo ist ein Modul, das Ihnen bei allen aktuellen Anforderungen beim Sammeln von Eindr\u00fccken und Anfragen helfen soll von Kunden auf Ihrer Website. Zeigen Sie die zum Ausf\u00fcllen erforderlichen Elemente an, finden Sie die richtige Vorlage und passen Sie die Benutzeroberfl\u00e4che an, um Ihre Benutzer zu motivieren, Anfragen f\u00fcr die von Ihrem Unternehmen angebotenen Dienstleistungen zu hinterlassen. Jimdo wurde entwickelt, um alle Ihre Anforderungen zu erf\u00fcllen, Feedback zu sammeln und mit Ihren Kunden in Kontakt zu bleiben. <\/p><p><b>Holen Sie sich das Beste aus dem Facebook-Feed, um Ihre Gesch\u00e4ftsspitzen effizienter zu erreichen! <\/b><\/p> <\/div> <div class=\"application-platform-content-item-features application-platform-content-item\" id=\"features\" data-nav-section=\"features\"> <h2>Dies sind nur einige der wertvollen Widget-Funktionen: <\/h2> <ul><li>3 anzeigbare Arten von Facebook-Inhalten: Beitr\u00e4ge, Fotos mit Alben und Videos<\/li><li>Anpassbare Kopfzeilenelemente: Seitenbild, Titelbild, Anzahl der Likes, Aktionen<\/li><li>Teilen- und Like-Buttons in der Kopfzeile<\/li><li>Beitr\u00e4ge mit umschaltbaren Informationen: Shares-Anzahl, Share-Button, Autor, Likes-Anzahl<\/li><li>Variables Beitragslimit<\/li><li>Videos mit umschaltbaren Informationen: Likes-Anzahl, Kommentar-Anzahl, Beschreibung<\/li><li> Anpassbare Pop-ups mit umschaltbaren Elementen: Kommentare, Shares-Anzahl, Likes-Anzahl, Autor<\/li><\/ul><p><a href=\"#demo\">Mit Hilfe der Demo k\u00f6nnen Sie erkunden, was das Widget bietet <\/a><\/p> <\/div> <div class=\"application-platform-content-item-installation application-platform-content-item\" id=\"installation\" data-nav-section=\"installation\"> <h2>Wie f\u00fcge ich einen Facebook-Feed zu meiner Jimdo-Website hinzu? <\/h2> <p>Erf\u00fcllen Sie einfach die folgenden Richtlinien, um das Widget zu aktivieren. <\/p> <ol><li><b>Nutzen Sie unsere kostenlose Demo und beginnen Sie mit der Erstellung Ihres individuellen Instruments. <\/b><br> Bestimmen Sie das bevorzugte Aussehen und die Spezifikationen des Werkzeugs und nehmen Sie die Korrekturen vor. <\/li> <li><b>Kopieren Sie den pers\u00f6nlichen Code, der im Fenster von Elfsight Apps angezeigt wird. <\/b><br> Wenn die Generierung Ihres Widgets abgeschlossen ist, kopieren Sie den pers\u00f6nlichen Code aus dem angezeigten Feld und bewahren Sie ihn zur sp\u00e4teren Verwendung auf. <\/li> <li><b>Erste Schritte mit der Verwendung des Widgets auf der Jimdo-Webseite. <\/b><br> F\u00fcgen Sie den Code, den Sie k\u00fcrzlich kopiert haben, auf Ihrer Seite hinzu und speichern Sie die \u00c4nderungen. <\/li> <li><b>Du bist fertig! Die Integration ist vollst\u00e4ndig abgeschlossen. <\/b><br> Gehen Sie zu Ihrer Webseite, um die Leistung des Widgets zu \u00fcberpr\u00fcfen. <\/li><\/ol> <p>Wenn Sie Fragen haben oder auf Probleme sto\u00dfen, scheuen Sie sich nicht, Hilfe von unserem Support-Team in Anspruch zu nehmen. Unsere Mitarbeiter m\u00f6chten Ihnen gerne bei allen Schwierigkeiten helfen, die Sie mit dem Tool haben k\u00f6nnten. <\/p> <\/div>\n<div class=\"faq\" data-component=\"FAQ\"> <div class=\"faq-item\">\r\n\t\t\t\t\t<div class=\"faq-item-question\">\r\n\t\t\t\t\t\t<h3 class=\"faq-item-question-text\">Gibt es eine M\u00f6glichkeit, einen Facebook Feed auf meiner Jimdo-Seite ohne Programmierkenntnisse hinzuzuf\u00fcgen?<\/h3>\r\n\r\n\t\t\t\t\t\t<div class=\"faq-item-question-icon\"><\/div>\r\n\t\t\t\t\t<\/div>\r\n\r\n\t\t\t\t\t<div class=\"faq-item-answer\">\r\n\t\t\t\t\t\t<div class=\"faq-item-answer-text\">\n\n<p>Das Unternehmen Elfsight bietet eine Cloud-L\u00f6sung, mit der Website-Besitzer selbst einen Facebook Feed-Bereich erstellen k\u00f6nnen. Hier sind die einfachen Anweisungen:<\/p>\n\n<ul>\n  <li>Gehen Sie zur Live-Demo, um eine Facebook Feed-App zu erstellen, die Sie auf Ihrer Jimdo-Website anzeigen m\u00f6chten.<\/li>\n  <li>Klicken Sie auf eine unserer vorgefertigten Vorlagen und \u00e4ndern Sie die Einstellungen des Facebook Feeds, passen Sie das Layout und die Farben der Elemente an und f\u00fcgen Sie Ihre Inhalte hinzu \u2013 ganz ohne Programmierkenntnisse.<\/li>\n  <li>Klicken Sie, um den Facebook Feed zu speichern und den Installationscode zu erhalten, den Sie problemlos auf Ihrer Jimdo-Webseite einf\u00fcgen k\u00f6nnen, ohne eine kostenpflichtige Version zu kaufen.<\/li>\n<\/ul>\n\n<p>Mit dem einfachen Editor kann jeder Internetnutzer ein Facebook Feed-Widget online erstellen und es problemlos auf jeder Jimdo-Seite einf\u00fcgen. Es ist nicht notwendig, zu bezahlen oder Kartendaten anzugeben, um den Editor zu nutzen. Wenn Sie auf Probleme sto\u00dfen, k\u00f6nnen Sie sich jederzeit an unser technisches Support-Team wenden.<\/p>\n\n<\/div>\r\n\t\t\t\t\t<\/div>\r\n\t\t\t\t<\/div>\n<\/div>\n","protected":false},"excerpt":{"rendered":"","protected":false},"author":9,"featured_media":0,"parent":651,"menu_order":0,"comment_status":"closed","ping_status":"closed","template":"templates\/template-application-platform.php","meta":{"publish_to_discourse":"","publish_post_category":"","wpdc_auto_publish_overridden":"","wpdc_topic_tags":"","wpdc_pin_topic":"","wpdc_pin_until":"","discourse_post_id":"","discourse_permalink":"","wpdc_publishing_response":"","wpdc_publishing_error":"","footnotes":""},"class_list":["post-17095","page","type-page","status-publish","hentry"],"yoast_head":"<!-- This site is optimized with the Yoast SEO plugin v25.3.1 - https:\/\/yoast.com\/wordpress\/plugins\/seo\/ -->\n<title>Facebook-Feed \u2013 Facebook-Widget in die Jimdo-Website einbetten<\/title>\n<meta name=\"description\" content=\"Integrieren Sie ein responsives Facebook-Feed-Widget auf Ihrer Jimdo-Website. Testen Sie den flexiblen Konstruktor von Elfsight und erstellen Sie Ihr Plugin in nur 1 Minute.\" \/>\n<meta name=\"robots\" content=\"index, follow, max-snippet:-1, max-image-preview:large, max-video-preview:-1\" \/>\n<link rel=\"canonical\" href=\"https:\/\/elfsight.com\/de\/facebook-feed-widget\/jimdo\/\" \/>\n<meta property=\"og:locale\" content=\"de_DE\" \/>\n<meta property=\"og:type\" content=\"article\" \/>\n<meta property=\"og:title\" content=\"Facebook-Feed \u2013 Facebook-Widget in die Jimdo-Website einbetten\" \/>\n<meta property=\"og:description\" content=\"Integrieren Sie ein responsives Facebook-Feed-Widget auf Ihrer Jimdo-Website. Testen Sie den flexiblen Konstruktor von Elfsight und erstellen Sie Ihr Plugin in nur 1 Minute.\" \/>\n<meta property=\"og:url\" content=\"https:\/\/elfsight.com\/de\/facebook-feed-widget\/jimdo\/\" \/>\n<meta property=\"og:site_name\" content=\"Elfsight DE\" \/>\n<meta property=\"article:modified_time\" content=\"2025-01-14T17:42:16+00:00\" \/>\n<meta name=\"twitter:card\" content=\"summary_large_image\" \/>\n<meta name=\"twitter:label1\" content=\"Gesch\u00e4tzte Lesezeit\" \/>\n\t<meta name=\"twitter:data1\" content=\"3\u00a0Minuten\" \/>\n<!-- \/ Yoast SEO plugin. -->","yoast_head_json":{"title":"Facebook-Feed \u2013 Facebook-Widget in die Jimdo-Website einbetten","description":"Integrieren Sie ein responsives Facebook-Feed-Widget auf Ihrer Jimdo-Website. Testen Sie den flexiblen Konstruktor von Elfsight und erstellen Sie Ihr Plugin in nur 1 Minute.","robots":{"index":"index","follow":"follow","max-snippet":"max-snippet:-1","max-image-preview":"max-image-preview:large","max-video-preview":"max-video-preview:-1"},"canonical":"https:\/\/elfsight.com\/de\/facebook-feed-widget\/jimdo\/","og_locale":"de_DE","og_type":"article","og_title":"Facebook-Feed \u2013 Facebook-Widget in die Jimdo-Website einbetten","og_description":"Integrieren Sie ein responsives Facebook-Feed-Widget auf Ihrer Jimdo-Website. Testen Sie den flexiblen Konstruktor von Elfsight und erstellen Sie Ihr Plugin in nur 1 Minute.","og_url":"https:\/\/elfsight.com\/de\/facebook-feed-widget\/jimdo\/","og_site_name":"Elfsight DE","article_modified_time":"2025-01-14T17:42:16+00:00","twitter_card":"summary_large_image","twitter_misc":{"Gesch\u00e4tzte Lesezeit":"3\u00a0Minuten"},"schema":{"@context":"https:\/\/schema.org","@graph":[{"@type":"WebPage","@id":"https:\/\/elfsight.com\/de\/facebook-feed-widget\/jimdo\/","url":"https:\/\/elfsight.com\/de\/facebook-feed-widget\/jimdo\/","name":"Facebook-Feed \u2013 Facebook-Widget in die Jimdo-Website einbetten","isPartOf":{"@id":"https:\/\/elfsight.com\/de\/#website"},"datePublished":"2024-05-03T06:35:42+00:00","dateModified":"2025-01-14T17:42:16+00:00","description":"Integrieren Sie ein responsives Facebook-Feed-Widget auf Ihrer Jimdo-Website. Testen Sie den flexiblen Konstruktor von Elfsight und erstellen Sie Ihr Plugin in nur 1 Minute.","breadcrumb":{"@id":"https:\/\/elfsight.com\/de\/facebook-feed-widget\/jimdo\/#breadcrumb"},"inLanguage":"de","potentialAction":[{"@type":"ReadAction","target":["https:\/\/elfsight.com\/de\/facebook-feed-widget\/jimdo\/"]}]},{"@type":"BreadcrumbList","@id":"https:\/\/elfsight.com\/de\/facebook-feed-widget\/jimdo\/#breadcrumb","itemListElement":[{"@type":"ListItem","position":1,"name":"Home","item":"https:\/\/elfsight.com\/de\/"},{"@type":"ListItem","position":2,"name":"Facebook Feed","item":"https:\/\/elfsight.com\/de\/facebook-feed-widget\/"},{"@type":"ListItem","position":3,"name":"Facebook Feed &#8211; Jimdo"}]},{"@type":"WebSite","@id":"https:\/\/elfsight.com\/de\/#website","url":"https:\/\/elfsight.com\/de\/","name":"Elfsight DE","description":"Just another Elfsight Sites site","potentialAction":[{"@type":"SearchAction","target":{"@type":"EntryPoint","urlTemplate":"https:\/\/elfsight.com\/de\/?s={search_term_string}"},"query-input":{"@type":"PropertyValueSpecification","valueRequired":true,"valueName":"search_term_string"}}],"inLanguage":"de"}]}},"meta_box":{"industry":"","seo_heading":"","heading":"","description":"","cta_heading":"","cta_description":"","application":"185","h1":"Facebook-Feed-Widget f\u00fcr Jimdo","h1_caption":"Betten Sie Beitr\u00e4ge von Ihrer Facebook-Seite ein, um Ihre Website-Besucher m\u00fchelos \u00fcber Ihre neuesten Updates und Neuigkeiten auf Ihrer Jimdo-Website zu informieren.","application_category":[],"applications_title":"","applications_request_title":"","applications_request_button_text":"","hero_text":"","hero_video":"","hero_video_schema_markup":"","selling_points_title":"","selling_points_caption":"","selling_points":[],"selling_points_cta_text":"","features_title":"","features":"","ed_cta_examples_text":"","ed_cta_examples_hidden":"","ed_cta_demo_text":"","ed_cta_demo_hidden":"","why_caption":"","why_editor_title":"","why_editor_text":"","why_team_title":"","why_team_text":"","why_service_title":"","why_service_text":"","template_catalog_visible":"0","template_catalog_title":"","template_catalog_text":"","template_catalog_categories_visible":"","demo_title":"Erstellen Sie Ihr Facebook-Feed-Widget","demo_caption":"Konfigurieren Sie Ihren Facebook-Feed und f\u00fcgen Sie ihn kostenlos zu Ihrer Jimdo-Website hinzu!","default_faq_hidden":"","app_template_category":[],"platform":"239","template_public_id":"","codecanyon_url":"","codecanyon_item_id":"","codecanyon_price":"","pricing_caption":"","pricing_elfsight_apps_hide_column":"","pricing_elfsight_apps_url":"","pricing_codecanyon_price_caption":"","integration_category":[],"integration_request_title":"","integration_request_cta":"","integration_platform":"","integrations":[],"platform_category":[],"video_schema_markup":"","price":"ab 0 $ \/ Monat","trial":"","benefits":[{"text":"Kostenlose Installationsunterst\u00fctzung"},{"text":"Professioneller Kundenservice"},{"text":"14-t\u00e4gige R\u00fcckerstattungsgarantie"},{"text":"Fortlaufende Entwicklung"}],"button_url":"#demo","button_target_blank":"0","button_nofollow":"0","attributes":[{"name":"Installiert","content":"100,000 - 500,000"},{"name":"Reaktionsfreudig","content":"Ja"},{"name":"Kompatible Browser","content":"Firefox, Safari, Opera, Chrome, Edge"}],"tags":[],"tags_disable_links":"0","hide_more_platforms":"","video_object":"","demo_hide_cta":"0","demo_hide_cloud_options":"0","pricing_title":"","pricing":[{"pricing_icon":"platform","pricing_title":"Elfsight Apps","pricing_title_caption":"Plattform\u00fcbergreifende digitale L\u00f6sung, die auf jedem Standort funktioniert","pricing_price":"ab 0 $ \/ Monat","pricing_price_caption":"Beginnen Sie mit einem kostenlosen Plan","pricing_benefits":[{"text":"Unbegrenzte Websites"},{"text":"Kostenlose Installationsunterst\u00fctzung"},{"text":"Schneller Kundensupport und gut dokumentiert"},{"text":"Flexibles Design"}],"pricing_button_text":"Zur Website hinzuf\u00fcgen","pricing_button_url":"#demo"}],"related_apps_title":"","related_apps_hidden":"0","author":"","image":[],"title":"","job":"","social_networks":[]},"_links":{"self":[{"href":"https:\/\/elfsight.com\/de\/wp-json\/wp\/v2\/pages\/17095","targetHints":{"allow":["GET"]}}],"collection":[{"href":"https:\/\/elfsight.com\/de\/wp-json\/wp\/v2\/pages"}],"about":[{"href":"https:\/\/elfsight.com\/de\/wp-json\/wp\/v2\/types\/page"}],"author":[{"embeddable":true,"href":"https:\/\/elfsight.com\/de\/wp-json\/wp\/v2\/users\/9"}],"replies":[{"embeddable":true,"href":"https:\/\/elfsight.com\/de\/wp-json\/wp\/v2\/comments?post=17095"}],"version-history":[{"count":3,"href":"https:\/\/elfsight.com\/de\/wp-json\/wp\/v2\/pages\/17095\/revisions"}],"predecessor-version":[{"id":23651,"href":"https:\/\/elfsight.com\/de\/wp-json\/wp\/v2\/pages\/17095\/revisions\/23651"}],"up":[{"embeddable":true,"href":"https:\/\/elfsight.com\/de\/wp-json\/wp\/v2\/pages\/651"}],"wp:attachment":[{"href":"https:\/\/elfsight.com\/de\/wp-json\/wp\/v2\/media?parent=17095"}],"curies":[{"name":"wp","href":"https:\/\/api.w.org\/{rel}","templated":true}]}}