{"id":17090,"date":"2024-05-03T06:35:25","date_gmt":"2024-05-03T06:35:25","guid":{"rendered":"https:\/\/elfsight.com\/de\/?page_id=17090"},"modified":"2025-02-19T09:18:09","modified_gmt":"2025-02-19T09:18:09","slug":"wordpress","status":"publish","type":"page","link":"https:\/\/elfsight.com\/de\/facebook-chat-widget\/wordpress\/","title":{"rendered":"Facebook Chat &#8211; WordPress"},"content":{"rendered":"\n<div class=\"application-platform-content-item-description application-platform-content-item\" id=\"description\" data-nav-section=\"description\"> <h2>Facebook-Chat in WordPress mit dem Elfsight-Widget einbetten<\/h2> <p>Der von Elfsight entwickelte Facebook-Chat ist f\u00fcr die Besucher Ihrer Website am einfachsten Chatten Sie mit Ihnen und h\u00f6ren Sie Antworten auf ihre Fragen und W\u00fcnsche. Jetzt k\u00f6nnen Sie jederzeit online f\u00fcr Ihr Publikum in ihrem beliebtesten Messenger verf\u00fcgbar sein. F\u00fcgen Sie Live-Chat in Ihren Shop ein und lassen Sie ihn auf jeder Seite oder nur auf bestimmten Seiten oder f\u00fcr bestimmte Kundenkategorien erscheinen, legen Sie Start-Chat-Ausl\u00f6ser fest, geben Sie Ihre pers\u00f6nliche Willkommensnachricht ein, w\u00e4hlen Sie Symbole aus und nehmen Sie andere Anpassungen vor. Der Facebook-Messenger, der auf Ihrer Website arbeitet, h\u00e4lt Sie jederzeit und von \u00fcberall mit Kunden in Verbindung.<\/p> <\/div><div class=\"application-platform-content-item-features application-platform-content-item\" id=\"features\" data-nav-section=\"features\"> <h2>Hauptfunktionen des Facebook-Chat-Widgets<\/h2> <p> Um das Plugin besser zu verstehen, schauen Sie sich die Liste seiner wichtigsten Funktionen an. Sie machen unser Widget f\u00fcr Ihr Gesch\u00e4ft unglaublich n\u00fctzlich: <\/p> <ul><li>F\u00fchren Sie den Facebook-Messenger auf Ihrer Website ein, um mit Menschen in Verbindung zu bleiben; <\/li><li>Geben Sie Antworten direkt von Ihrem Facebook-Konto aus; <\/li><li>W\u00e4hlen Sie eine von drei Varianten des Chat-Standorts aus: schwebende Blase, eingebettete Blase und eingebettetes Chat-Fenster; <\/li><li>Finden Sie Ihr Blasensymbol aus unserer Sammlung verf\u00fcgbarer Symbole. <\/li><li>Bearbeitbarer Blasentext. <\/li><\/ul><p><a href=\"#demo\">Entdecken Sie alle Funktionen in der Demo<\/a><\/p> <\/div> <div class=\"application-platform-content-item-installation application-platform-content-item\" id=\"installation\" data-nav-section=\"installation\"> <h2>Anleitung F\u00fcgen Sie den Facebook-Chat auf Ihrer WordPress-Website hinzu<\/h2><div class=\"video-container\"><iframe width=\"560\" height=\"315\" src=\"https:\/\/www.youtube.com\/embed\/7iDMKXqv4Io?si=D-npj3oTXlPiCSF-\" frameborder=\"0\" allow=\"accelerometer; autoplay; clipboard-write; encrypted-media; gyroscope; picture-in-picture; web-share\" allowfullscreen><\/iframe><\/div><p>Befolgen Sie einfach die folgenden Richtlinien, um das Tool in WordPress einzubetten.<\/p> <ol><li><b>Starten Sie unser kostenloses Editor und beginnen Sie mit der Erstellung Ihres ma\u00dfgeschneiderten Instruments. <\/b><br> Geben Sie die benutzerdefinierte Benutzeroberfl\u00e4che und die Eigenschaften des Widgets an und wenden Sie die Korrekturen an. <\/li> <li><b>Lassen Sie Ihren einzigartigen Code in der speziellen Form auf Elfsight Apps offenlegen. <\/b><br> Kopieren Sie gleich nach Abschluss der Erstellung Ihres Widgets den pers\u00f6nlichen Code im angezeigten Popup und bewahren Sie ihn f\u00fcr die weitere Verwendung auf. <\/li> <li><b>Beteiligen Sie sich an der Verwendung des Facebook-Chat-Widgets auf der WordPress-Website. <\/b><br> Integrieren Sie den Code, den Sie k\u00fcrzlich in Ihrer Website gespeichert haben, und \u00fcbernehmen Sie die Anpassungen. <\/li> <li><b>Das Setup wurde erfolgreich abgeschlossen. <\/b><br> Besuchen Sie Ihre Website, um die Funktion des Tools zu \u00fcberpr\u00fcfen. <\/li><\/ol> <p>Sie k\u00f6nnen sich immer noch nicht entscheiden? Oder \u00fcber irgendetwas gestolpert? Schreiben Sie einfach eine Anfrage an unser Support-Team, wir helfen Ihnen bei der L\u00f6sung jedes Problems. <\/p> <\/div><div class=\"faq\" data-component=\"FAQ\"><div class=\"faq-item\">\r\n\t\t\t\t\t<div class=\"faq-item-question\">\r\n\t\t\t\t\t\t<h3 class=\"faq-item-question-text\">Wie bette ich einen Facebook Messenger Chat in mein WordPress ein? <\/h3>\r\n\r\n\t\t\t\t\t\t<div class=\"faq-item-question-icon\"><\/div>\r\n\t\t\t\t\t<\/div>\r\n\r\n\t\t\t\t\t<div class=\"faq-item-answer\">\r\n\t\t\t\t\t\t<div class=\"faq-item-answer-text\"><p>Der Aufbau des Widgets ist wird auf den Elfsight-Seiten durchgef\u00fchrt und Sie m\u00fcssen nicht lernen, wie man programmiert. Nutzen Sie die Online-Demo, um Ihr pers\u00f6nliches Tool anzupassen, den Code zu erhalten und ihn Ihrer Website hinzuzuf\u00fcgen. <\/p><\/div>\r\n\t\t\t\t\t<\/div>\r\n\t\t\t\t<\/div><div class=\"faq-item\">\r\n\t\t\t\t\t<div class=\"faq-item-question\">\r\n\t\t\t\t\t\t<h3 class=\"faq-item-question-text\">Die besten Anwendungsbeispiele der Facebook-Live-Chat-Integration<\/h3>\r\n\r\n\t\t\t\t\t\t<div class=\"faq-item-question-icon\"><\/div>\r\n\t\t\t\t\t<\/div>\r\n\r\n\t\t\t\t\t<div class=\"faq-item-answer\">\r\n\t\t\t\t\t\t<div class=\"faq-item-answer-text\"><p>Wir bieten eine breite Palette an Personalisierungsm\u00f6glichkeiten: vollwertige Widgets zum Hinzuf\u00fcgen von Inhalten Bereich, schwebende Plugins mit Scrollfunktion, Miniaturansichten f\u00fcr die Fu\u00dfzeile Ihrer Website, Kopfzeile und alle Arten von vertikalen Optionen f\u00fcr Seitenleisten und Men\u00fcs Ihrer Website. <\/p><\/div>\r\n\t\t\t\t\t<\/div>\r\n\t\t\t\t<\/div><div class=\"faq-item\">\r\n\t\t\t\t\t<div class=\"faq-item-question\">\r\n\t\t\t\t\t\t<h3 class=\"faq-item-question-text\">Gibt es eine Option zum Erstellen eines Buchungs- oder Feedback-Chats mit Ihrem Editor? <\/h3>\r\n\r\n\t\t\t\t\t\t<div class=\"faq-item-question-icon\"><\/div>\r\n\t\t\t\t\t<\/div>\r\n\r\n\t\t\t\t\t<div class=\"faq-item-answer\">\r\n\t\t\t\t\t\t<div class=\"faq-item-answer-text\"><p>Sie k\u00f6nnen gerne \u00c4nderungen an allen Widgets vornehmen. Im Editor stehen Ihnen unz\u00e4hlige Layouts zur Verf\u00fcgung, die alle ganz einfach an Ihre Bed\u00fcrfnisse angepasst werden k\u00f6nnen. <\/p><\/div>\r\n\t\t\t\t\t<\/div>\r\n\t\t\t\t<\/div><div class=\"faq-item\">\r\n\t\t\t\t\t<div class=\"faq-item-question\">\r\n\t\t\t\t\t\t<h3 class=\"faq-item-question-text\">Welche anderen Widgets kann ich auf meiner WordPress-Website verwenden?<\/h3>\r\n\r\n\t\t\t\t\t\t<div class=\"faq-item-question-icon\"><\/div>\r\n\t\t\t\t\t<\/div>\r\n\r\n\t\t\t\t\t<div class=\"faq-item-answer\">\r\n\t\t\t\t\t\t<div class=\"faq-item-answer-text\"><p>Sie k\u00f6nnen beispielsweise <a href=\"https:\/\/elfsight.com\/telegram-chat-widget\/\" target=\"_blank\" rel=\"noopener\">Telegram Chat<\/a>, <a href=\"https:\/\/elfsight.com\/whatsapp-chat-widget\/wordpress\/\" target=\"_blank\" rel=\"noopener\">WhatsApp Chat<\/a> oder <a href=\"https:\/\/elfsight.com\/viber-chat-widget\/wordpress\/\" target=\"_blank\" rel=\"noopener\">Viber Chat<\/a>, um Website-Besucher \u00fcber ihren bevorzugten Messenger zu kontaktieren. Sie k\u00f6nnen der Website auch Google Reviews und Testimonials Slider hinzuf\u00fcgen, um die erstaunlichsten Testimonials Ihres Unternehmens zu zeigen. Um die Vielfalt Ihrer Website-Inhalte mit Videos zu erh\u00f6hen, f\u00fcgen Sie eine YouTube-Galerie hinzu.<\/p><\/div>\r\n\t\t\t\t\t<\/div>\r\n\t\t\t\t<\/div><\/div>\n","protected":false},"excerpt":{"rendered":"","protected":false},"author":9,"featured_media":0,"parent":924,"menu_order":0,"comment_status":"closed","ping_status":"closed","template":"templates\/template-application-platform.php","meta":{"publish_to_discourse":"","publish_post_category":"","wpdc_auto_publish_overridden":"","wpdc_topic_tags":"","wpdc_pin_topic":"","wpdc_pin_until":"","discourse_post_id":"","discourse_permalink":"","wpdc_publishing_response":"","wpdc_publishing_error":"","footnotes":""},"class_list":["post-17090","page","type-page","status-publish","hentry"],"yoast_head":"<!-- This site is optimized with the Yoast SEO plugin v25.3.1 - https:\/\/yoast.com\/wordpress\/plugins\/seo\/ -->\n<title>Facebook Messenger Chat-Plugin f\u00fcr WordPress-Website (2025)<\/title>\n<meta name=\"description\" content=\"Erstellen Sie Ihr Facebook Messenger Chat-Plugin und f\u00fcgen Sie es ganz einfach zu Ihrer WordPress-Website hinzu. Wir bieten kostenlosen Kundenservice und andere Boni.\" \/>\n<meta name=\"robots\" content=\"index, follow, max-snippet:-1, max-image-preview:large, max-video-preview:-1\" \/>\n<link rel=\"canonical\" href=\"https:\/\/elfsight.com\/de\/facebook-chat-widget\/wordpress\/\" \/>\n<meta property=\"og:locale\" content=\"de_DE\" \/>\n<meta property=\"og:type\" content=\"article\" \/>\n<meta property=\"og:title\" content=\"Facebook Messenger Chat-Plugin f\u00fcr WordPress-Website (2025)\" \/>\n<meta property=\"og:description\" content=\"Erstellen Sie Ihr Facebook Messenger Chat-Plugin und f\u00fcgen Sie es ganz einfach zu Ihrer WordPress-Website hinzu. Wir bieten kostenlosen Kundenservice und andere Boni.\" \/>\n<meta property=\"og:url\" content=\"https:\/\/elfsight.com\/de\/facebook-chat-widget\/wordpress\/\" \/>\n<meta property=\"og:site_name\" content=\"Elfsight DE\" \/>\n<meta property=\"article:modified_time\" content=\"2025-02-19T09:18:09+00:00\" \/>\n<meta name=\"twitter:card\" content=\"summary_large_image\" \/>\n<meta name=\"twitter:label1\" content=\"Gesch\u00e4tzte Lesezeit\" \/>\n\t<meta name=\"twitter:data1\" content=\"4\u00a0Minuten\" \/>\n<!-- \/ Yoast SEO plugin. -->","yoast_head_json":{"title":"Facebook Messenger Chat-Plugin f\u00fcr WordPress-Website (2025)","description":"Erstellen Sie Ihr Facebook Messenger Chat-Plugin und f\u00fcgen Sie es ganz einfach zu Ihrer WordPress-Website hinzu. Wir bieten kostenlosen Kundenservice und andere Boni.","robots":{"index":"index","follow":"follow","max-snippet":"max-snippet:-1","max-image-preview":"max-image-preview:large","max-video-preview":"max-video-preview:-1"},"canonical":"https:\/\/elfsight.com\/de\/facebook-chat-widget\/wordpress\/","og_locale":"de_DE","og_type":"article","og_title":"Facebook Messenger Chat-Plugin f\u00fcr WordPress-Website (2025)","og_description":"Erstellen Sie Ihr Facebook Messenger Chat-Plugin und f\u00fcgen Sie es ganz einfach zu Ihrer WordPress-Website hinzu. Wir bieten kostenlosen Kundenservice und andere Boni.","og_url":"https:\/\/elfsight.com\/de\/facebook-chat-widget\/wordpress\/","og_site_name":"Elfsight DE","article_modified_time":"2025-02-19T09:18:09+00:00","twitter_card":"summary_large_image","twitter_misc":{"Gesch\u00e4tzte Lesezeit":"4\u00a0Minuten"},"schema":{"@context":"https:\/\/schema.org","@graph":[{"@type":"WebPage","@id":"https:\/\/elfsight.com\/de\/facebook-chat-widget\/wordpress\/","url":"https:\/\/elfsight.com\/de\/facebook-chat-widget\/wordpress\/","name":"Facebook Messenger Chat-Plugin f\u00fcr WordPress-Website (2025)","isPartOf":{"@id":"https:\/\/elfsight.com\/de\/#website"},"datePublished":"2024-05-03T06:35:25+00:00","dateModified":"2025-02-19T09:18:09+00:00","description":"Erstellen Sie Ihr Facebook Messenger Chat-Plugin und f\u00fcgen Sie es ganz einfach zu Ihrer WordPress-Website hinzu. Wir bieten kostenlosen Kundenservice und andere Boni.","breadcrumb":{"@id":"https:\/\/elfsight.com\/de\/facebook-chat-widget\/wordpress\/#breadcrumb"},"inLanguage":"de","potentialAction":[{"@type":"ReadAction","target":["https:\/\/elfsight.com\/de\/facebook-chat-widget\/wordpress\/"]}]},{"@type":"BreadcrumbList","@id":"https:\/\/elfsight.com\/de\/facebook-chat-widget\/wordpress\/#breadcrumb","itemListElement":[{"@type":"ListItem","position":1,"name":"Home","item":"https:\/\/elfsight.com\/de\/"},{"@type":"ListItem","position":2,"name":"Facebook Chat","item":"https:\/\/elfsight.com\/de\/facebook-chat-widget\/"},{"@type":"ListItem","position":3,"name":"Facebook Chat &#8211; WordPress"}]},{"@type":"WebSite","@id":"https:\/\/elfsight.com\/de\/#website","url":"https:\/\/elfsight.com\/de\/","name":"Elfsight DE","description":"Just another Elfsight Sites site","potentialAction":[{"@type":"SearchAction","target":{"@type":"EntryPoint","urlTemplate":"https:\/\/elfsight.com\/de\/?s={search_term_string}"},"query-input":{"@type":"PropertyValueSpecification","valueRequired":true,"valueName":"search_term_string"}}],"inLanguage":"de"}]}},"meta_box":{"industry":"","seo_heading":"","heading":"","description":"","cta_heading":"","cta_description":"","application":"480","h1":"Facebook Messenger Chat-Plugin f\u00fcr WordPress","h1_caption":"F\u00fcgen Sie Ihrer Website ein Facebook-Messenger-Chat-Plugin hinzu, das Benutzern eine einfache M\u00f6glichkeit bietet, Sie m\u00fchelos \u00fcber Ihre WordPress-Website zu kontaktieren.","application_category":[],"applications_title":"","applications_request_title":"","applications_request_button_text":"","hero_text":"","hero_video":"","hero_video_schema_markup":"","selling_points_title":"","selling_points_caption":"","selling_points":[],"selling_points_cta_text":"","features_title":"","features":"","ed_cta_examples_text":"","ed_cta_examples_hidden":"","ed_cta_demo_text":"","ed_cta_demo_hidden":"","why_caption":"","why_editor_title":"","why_editor_text":"","why_team_title":"","why_team_text":"","why_service_title":"","why_service_text":"","template_catalog_visible":"0","template_catalog_title":"","template_catalog_text":"","template_catalog_categories_visible":"","demo_title":"Erstellen Sie Ihr Facebook-Chat-Plugin","demo_caption":"Konfigurieren Sie Ihren Facebook-Chat und f\u00fcgen Sie ihn kostenlos zu Ihrer WordPress-Website hinzu!","default_faq_hidden":"","app_template_category":[],"platform":"266","template_public_id":"","codecanyon_url":"","codecanyon_item_id":"","codecanyon_price":"","pricing_caption":"","pricing_elfsight_apps_hide_column":"","pricing_elfsight_apps_url":"","pricing_codecanyon_price_caption":"","integration_category":[],"integration_request_title":"","integration_request_cta":"","integration_platform":"","integrations":[],"platform_category":[],"video_schema_markup":"","price":"ab 0 $ \/ Monat","trial":"","benefits":[{"text":"Kostenlose Installationshilfe"},{"text":"Effektiver Kundenservice"},{"text":"14-t\u00e4gige R\u00fcckerstattungsgarantie"},{"text":"Zuk\u00fcnftige kostenlose Updates"}],"button_url":"#demo","button_target_blank":"0","button_nofollow":"0","attributes":[{"name":"Installiert","content":"10,000 - 100,000"},{"name":"Reaktionsfreudig","content":"Ja"},{"name":"Kompatible Browser","content":"Firefox, Safari, Opera, Chrome, Edge"}],"tags":[],"tags_disable_links":"0","hide_more_platforms":"0","video_object":"","demo_hide_cta":"0","demo_hide_cloud_options":"0","pricing_title":"","pricing":[{"pricing_icon":"platform","pricing_title":"Elfsight Apps","pricing_title_caption":"Multiplattform-Software, die f\u00fcr jede Website geeignet ist","pricing_price":"ab 0 $ \/ Monat","pricing_price_caption":"Beginnen Sie mit einem kostenlosen Plan","pricing_benefits":[{"text":"Unbegrenzte Websites"},{"text":"Erstklassiger und p\u00fcnktlicher Support"},{"text":"Kostenlose Installationsunterst\u00fctzung"},{"text":"Tolles Angebot f\u00fcr mehrere Apps"}],"pricing_button_text":"Zur Website hinzuf\u00fcgen","pricing_button_url":"#demo"}],"related_apps_title":"","related_apps_hidden":"0","author":"","image":[],"title":"","job":"","social_networks":[]},"_links":{"self":[{"href":"https:\/\/elfsight.com\/de\/wp-json\/wp\/v2\/pages\/17090","targetHints":{"allow":["GET"]}}],"collection":[{"href":"https:\/\/elfsight.com\/de\/wp-json\/wp\/v2\/pages"}],"about":[{"href":"https:\/\/elfsight.com\/de\/wp-json\/wp\/v2\/types\/page"}],"author":[{"embeddable":true,"href":"https:\/\/elfsight.com\/de\/wp-json\/wp\/v2\/users\/9"}],"replies":[{"embeddable":true,"href":"https:\/\/elfsight.com\/de\/wp-json\/wp\/v2\/comments?post=17090"}],"version-history":[{"count":3,"href":"https:\/\/elfsight.com\/de\/wp-json\/wp\/v2\/pages\/17090\/revisions"}],"predecessor-version":[{"id":24409,"href":"https:\/\/elfsight.com\/de\/wp-json\/wp\/v2\/pages\/17090\/revisions\/24409"}],"up":[{"embeddable":true,"href":"https:\/\/elfsight.com\/de\/wp-json\/wp\/v2\/pages\/924"}],"wp:attachment":[{"href":"https:\/\/elfsight.com\/de\/wp-json\/wp\/v2\/media?parent=17090"}],"curies":[{"name":"wp","href":"https:\/\/api.w.org\/{rel}","templated":true}]}}