{"id":17088,"date":"2024-05-03T06:35:14","date_gmt":"2024-05-03T06:35:14","guid":{"rendered":"https:\/\/elfsight.com\/de\/?page_id=17088"},"modified":"2025-01-10T14:38:03","modified_gmt":"2025-01-10T14:38:03","slug":"bigcommerce","status":"publish","type":"page","link":"https:\/\/elfsight.com\/de\/event-calendar-widget\/bigcommerce\/","title":{"rendered":"Event Calendar &#8211; BigCommerce"},"content":{"rendered":"\n<div class=\"application-platform-content-item-description application-platform-content-item\" id=\"description\" data-nav-section=\"description\"> \n<h2>Event-Kalender mit Elfsight Widget einbinden<\/h2> \n<p>Das Elfsight Kalender-Widget ist eine bemerkenswerte App, mit der Sie Ihre Aktivit\u00e4ten reibungslos mit Ihren Besuchern teilen k\u00f6nnen. Es bietet zahlreiche M\u00f6glichkeiten, bevorstehende Ereignisse auf die auff\u00e4lligste Weise darzustellen. Passen Sie es an, um das Design mit der \u00c4sthetik Ihrer Seite zu kombinieren. Erstellen Sie unbegrenzt viele Ereignisse, f\u00fcgen Sie mehrere Tags hinzu, laden Sie eigene Bilder und Videos hoch und halten Sie Ihr Publikum \u00fcber Ihre Agenda auf dem Laufenden. <\/p> \n\n<p><b>Unsere Kalender-App hilft Ihnen, Ihre zuk\u00fcnftigen Aktivit\u00e4ten schnell anzuk\u00fcndigen und die Engagement-Rate auf Ihrer Webseite zu steigern.<\/b><\/p> \n<\/div> \n<div class=\"application-platform-content-item-features application-platform-content-item\" id=\"features\" data-nav-section=\"features\"> \n<h2>Hauptfunktionen des Event-Kalender-Widgets<\/h2> \n<p>Hier ist eine Liste aller Funktionen des Event-Kalenders f\u00fcr BigCommerce. Sie k\u00f6nnen diese direkt im Editor anpassen, und sie helfen Ihnen, das Widget f\u00fcr Ihren Anwendungsfall zu erstellen. <\/p> \n<ul> \n<li>Nutzen Sie praktikable Inhaltsm\u00f6glichkeiten, um das Tool an Ihre Art von Aktivit\u00e4ten anzupassen.<\/li> \n<li>Erm\u00f6glichen Sie es Nutzern, Ereignisse zu ihren am meisten genutzten Apps hinzuzuf\u00fcgen.<\/li> \n<li>Erstellen Sie verschiedene Arten von Ereignissen, geben Sie Standorte an und f\u00fcgen Sie Gastgeber hinzu.<\/li> \n<li>Kategorisieren Sie alle Ihre Ereignisse und weisen Sie ihnen Tags zu.<\/li> \n<li>W\u00e4hlen Sie zwischen 4 Layout-Optionen.<\/li> \n<\/ul> \n\n<p><a href=\"#demo\">Sehen Sie sich an, wie alle Funktionen in unserer Demo funktionieren<\/a><\/p> \n<\/div> \n<div class=\"application-platform-content-item-installation application-platform-content-item\" id=\"installation\" data-nav-section=\"installation\"> \n<h2>Wie f\u00fcge ich den Event-Kalender zu BigCommerce hinzu?<\/h2> \n<div class=\"video-container\"><iframe width=\"720\" height=\"405\" src=\"https:\/\/www.youtube.com\/embed\/8i_4hgrHmco\" frameborder=\"0\" allowfullscreen=\"\"><\/iframe><\/div>\n<p>Um die App zu nutzen, folgen Sie einfach den untenstehenden Anweisungen.<\/p> \n\n<ol>\n<li><b>Nutzen Sie unseren kostenlosen Editor und beginnen Sie mit Ihrem eigenen Widget.<\/b><br> \nBestimmen Sie das gew\u00fcnschte Aussehen und die funktionalen Merkmale des Widgets und nehmen Sie alle Anpassungen vor.<\/li> \n <li><b>Kopieren Sie den individuellen Code, der im Pop-up-Fenster auf Elfsight Apps erscheint.<\/b><br> \nNach der Konfiguration Ihres Event-Kalender-Widgets kopieren Sie den Code aus dem Pop-up-Fenster und speichern ihn f\u00fcr zuk\u00fcnftige Anwendungen.<\/li> \n<li><b>Verwenden Sie das Widget auf Ihrer BigCommerce-Webseite.<\/b><br> \nF\u00fcgen Sie den zuvor gespeicherten Code in Ihre Webseite ein und speichern Sie die \u00c4nderungen.<\/li> \n <li><b>Die Installation ist abgeschlossen.<\/b><br> \n\u00d6ffnen Sie Ihre Webseite, um zu pr\u00fcfen, wie das Widget funktioniert.<\/li>\n<\/ol>\n\n<p>Z\u00f6gern Sie nicht, den Kundensupport zu kontaktieren, wenn Sie Hilfe ben\u00f6tigen oder Fragen haben. Unsere Spezialisten helfen Ihnen bei jeder Anfrage weiter.<\/p> \n<\/div>\n<div class=\"faq\" data-component=\"FAQ\">\n<div class=\"faq-item\">\r\n\t\t\t\t\t<div class=\"faq-item-question\">\r\n\t\t\t\t\t\t<h3 class=\"faq-item-question-text\">Wie kann ich den Event-Kalender in die BigCommerce-Webseite einbinden?<\/h3>\r\n\r\n\t\t\t\t\t\t<div class=\"faq-item-question-icon\"><\/div>\r\n\t\t\t\t\t<\/div>\r\n\r\n\t\t\t\t\t<div class=\"faq-item-answer\">\r\n\t\t\t\t\t\t<div class=\"faq-item-answer-text\">\n<p>Die Erstellung des Widgets erfolgt \u00fcber den Elfsight-Dienst, und Sie ben\u00f6tigen keine Programmierkenntnisse. Nutzen Sie die aktive Demo, um Ihr pers\u00f6nliches Plugin anzupassen, den Code zu erhalten und ihn auf Ihrer Webseite einzuf\u00fcgen.<\/p>\n<\/div>\r\n\t\t\t\t\t<\/div>\r\n\t\t\t\t<\/div>\n<div class=\"faq-item\">\r\n\t\t\t\t\t<div class=\"faq-item-question\">\r\n\t\t\t\t\t\t<h3 class=\"faq-item-question-text\">Die besten Nutzungsm\u00f6glichkeiten der Kalender-Widget-Integration<\/h3>\r\n\r\n\t\t\t\t\t\t<div class=\"faq-item-question-icon\"><\/div>\r\n\t\t\t\t\t<\/div>\r\n\r\n\t\t\t\t\t<div class=\"faq-item-answer\">\r\n\t\t\t\t\t\t<div class=\"faq-item-answer-text\">\n<p>Wir bieten viele Personalisierungsoptionen: Widgets in voller Gr\u00f6\u00dfe f\u00fcr die Implementierung im Inhaltsbereich, schwebende Widgets mit Scrolloptionen, Layouts f\u00fcr den Footer Ihrer Webseite, den Header und alle Varianten vertikaler Optionen f\u00fcr Seitenleisten und Men\u00fcs.<\/p>\n<\/div>\r\n\t\t\t\t\t<\/div>\r\n\t\t\t\t<\/div>\n<div class=\"faq-item\">\r\n\t\t\t\t\t<div class=\"faq-item-question\">\r\n\t\t\t\t\t\t<h3 class=\"faq-item-question-text\">Wie erstelle ich mit dem Editor einen Kalender f\u00fcr kommende Veranstaltungen oder ein Konzertkalender?<\/h3>\r\n\r\n\t\t\t\t\t\t<div class=\"faq-item-question-icon\"><\/div>\r\n\t\t\t\t\t<\/div>\r\n\r\n\t\t\t\t\t<div class=\"faq-item-answer\">\r\n\t\t\t\t\t\t<div class=\"faq-item-answer-text\">\n<p>Sie k\u00f6nnen jede Modifikation des Widgets gestalten. Es gibt viele Layouts, die im Editor verwendet werden k\u00f6nnen, und alle sind einfach an Ihre Bed\u00fcrfnisse anpassbar.<\/p>\n<\/div>\r\n\t\t\t\t\t<\/div>\r\n\t\t\t\t<\/div>\n<\/div>\n","protected":false},"excerpt":{"rendered":"","protected":false},"author":9,"featured_media":0,"parent":1011,"menu_order":0,"comment_status":"closed","ping_status":"closed","template":"templates\/template-application-platform.php","meta":{"publish_to_discourse":"","publish_post_category":"","wpdc_auto_publish_overridden":"","wpdc_topic_tags":"","wpdc_pin_topic":"","wpdc_pin_until":"","discourse_post_id":"","discourse_permalink":"","wpdc_publishing_response":"","wpdc_publishing_error":"","footnotes":""},"class_list":["post-17088","page","type-page","status-publish","hentry"],"yoast_head":"<!-- This site is optimized with the Yoast SEO plugin v25.3.1 - https:\/\/yoast.com\/wordpress\/plugins\/seo\/ -->\n<title>Veranstaltungskalender \u2013 Kalender-App zur BigCommerce-Website hinzuf\u00fcgen (2025)<\/title>\n<meta name=\"description\" content=\"Entwerfen Sie mit Elfsight Ihr Veranstaltungskalender-Plugin und f\u00fcgen Sie es schnell auf Ihrer BigCommerce-Website hinzu. Wir bieten kostenlosen Kundensupport und andere Boni.\" \/>\n<meta name=\"robots\" content=\"index, follow, max-snippet:-1, max-image-preview:large, max-video-preview:-1\" \/>\n<link rel=\"canonical\" href=\"https:\/\/elfsight.com\/de\/event-calendar-widget\/bigcommerce\/\" \/>\n<meta property=\"og:locale\" content=\"de_DE\" \/>\n<meta property=\"og:type\" content=\"article\" \/>\n<meta property=\"og:title\" content=\"Veranstaltungskalender \u2013 Kalender-App zur BigCommerce-Website hinzuf\u00fcgen (2025)\" \/>\n<meta property=\"og:description\" content=\"Entwerfen Sie mit Elfsight Ihr Veranstaltungskalender-Plugin und f\u00fcgen Sie es schnell auf Ihrer BigCommerce-Website hinzu. Wir bieten kostenlosen Kundensupport und andere Boni.\" \/>\n<meta property=\"og:url\" content=\"https:\/\/elfsight.com\/de\/event-calendar-widget\/bigcommerce\/\" \/>\n<meta property=\"og:site_name\" content=\"Elfsight DE\" \/>\n<meta property=\"article:modified_time\" content=\"2025-01-10T14:38:03+00:00\" \/>\n<meta name=\"twitter:card\" content=\"summary_large_image\" \/>\n<meta name=\"twitter:label1\" content=\"Gesch\u00e4tzte Lesezeit\" \/>\n\t<meta name=\"twitter:data1\" content=\"3\u00a0Minuten\" \/>\n<!-- \/ Yoast SEO plugin. -->","yoast_head_json":{"title":"Veranstaltungskalender \u2013 Kalender-App zur BigCommerce-Website hinzuf\u00fcgen (2025)","description":"Entwerfen Sie mit Elfsight Ihr Veranstaltungskalender-Plugin und f\u00fcgen Sie es schnell auf Ihrer BigCommerce-Website hinzu. Wir bieten kostenlosen Kundensupport und andere Boni.","robots":{"index":"index","follow":"follow","max-snippet":"max-snippet:-1","max-image-preview":"max-image-preview:large","max-video-preview":"max-video-preview:-1"},"canonical":"https:\/\/elfsight.com\/de\/event-calendar-widget\/bigcommerce\/","og_locale":"de_DE","og_type":"article","og_title":"Veranstaltungskalender \u2013 Kalender-App zur BigCommerce-Website hinzuf\u00fcgen (2025)","og_description":"Entwerfen Sie mit Elfsight Ihr Veranstaltungskalender-Plugin und f\u00fcgen Sie es schnell auf Ihrer BigCommerce-Website hinzu. Wir bieten kostenlosen Kundensupport und andere Boni.","og_url":"https:\/\/elfsight.com\/de\/event-calendar-widget\/bigcommerce\/","og_site_name":"Elfsight DE","article_modified_time":"2025-01-10T14:38:03+00:00","twitter_card":"summary_large_image","twitter_misc":{"Gesch\u00e4tzte Lesezeit":"3\u00a0Minuten"},"schema":{"@context":"https:\/\/schema.org","@graph":[{"@type":"WebPage","@id":"https:\/\/elfsight.com\/de\/event-calendar-widget\/bigcommerce\/","url":"https:\/\/elfsight.com\/de\/event-calendar-widget\/bigcommerce\/","name":"Veranstaltungskalender \u2013 Kalender-App zur BigCommerce-Website hinzuf\u00fcgen (2025)","isPartOf":{"@id":"https:\/\/elfsight.com\/de\/#website"},"datePublished":"2024-05-03T06:35:14+00:00","dateModified":"2025-01-10T14:38:03+00:00","description":"Entwerfen Sie mit Elfsight Ihr Veranstaltungskalender-Plugin und f\u00fcgen Sie es schnell auf Ihrer BigCommerce-Website hinzu. Wir bieten kostenlosen Kundensupport und andere Boni.","breadcrumb":{"@id":"https:\/\/elfsight.com\/de\/event-calendar-widget\/bigcommerce\/#breadcrumb"},"inLanguage":"de","potentialAction":[{"@type":"ReadAction","target":["https:\/\/elfsight.com\/de\/event-calendar-widget\/bigcommerce\/"]}]},{"@type":"BreadcrumbList","@id":"https:\/\/elfsight.com\/de\/event-calendar-widget\/bigcommerce\/#breadcrumb","itemListElement":[{"@type":"ListItem","position":1,"name":"Home","item":"https:\/\/elfsight.com\/de\/"},{"@type":"ListItem","position":2,"name":"Event Calendar","item":"https:\/\/elfsight.com\/de\/event-calendar-widget\/"},{"@type":"ListItem","position":3,"name":"Event Calendar &#8211; BigCommerce"}]},{"@type":"WebSite","@id":"https:\/\/elfsight.com\/de\/#website","url":"https:\/\/elfsight.com\/de\/","name":"Elfsight DE","description":"Just another Elfsight Sites site","potentialAction":[{"@type":"SearchAction","target":{"@type":"EntryPoint","urlTemplate":"https:\/\/elfsight.com\/de\/?s={search_term_string}"},"query-input":{"@type":"PropertyValueSpecification","valueRequired":true,"valueName":"search_term_string"}}],"inLanguage":"de"}]}},"meta_box":{"industry":"","seo_heading":"","heading":"","description":"","cta_heading":"","cta_description":"","application":"500","h1":"BigCommerce-Veranstaltungskalender-App","h1_caption":"Verwalten und teilen Sie Veranstaltungen auf Ihrer Website m\u00fchelos mit einem interaktiven und benutzerfreundlichen Veranstaltungskalender auf Ihrer BigCommerce-Website.","application_category":[],"applications_title":"","applications_request_title":"","applications_request_button_text":"","hero_text":"","hero_video":"","hero_video_schema_markup":"","selling_points_title":"","selling_points_caption":"","selling_points":[],"selling_points_cta_text":"","features_title":"","features":"","ed_cta_examples_text":"","ed_cta_examples_hidden":"","ed_cta_demo_text":"","ed_cta_demo_hidden":"","why_caption":"","why_editor_title":"","why_editor_text":"","why_team_title":"","why_team_text":"","why_service_title":"","why_service_text":"","template_catalog_visible":"0","template_catalog_title":"","template_catalog_text":"","template_catalog_categories_visible":"","demo_title":"Erstellen Sie Ihre Eventkalender-App","demo_caption":"Konfigurieren Sie Ihren Veranstaltungskalender und f\u00fcgen Sie ihn kostenlos zu Ihrer BigCommerce-Website hinzu!","default_faq_hidden":"","app_template_category":[],"platform":"268","template_public_id":"","codecanyon_url":"","codecanyon_item_id":"","codecanyon_price":"","pricing_caption":"","pricing_elfsight_apps_hide_column":"","pricing_elfsight_apps_url":"","pricing_codecanyon_price_caption":"","integration_category":[],"integration_request_title":"","integration_request_cta":"","integration_platform":"","integrations":[],"platform_category":[],"video_schema_markup":"","price":"ab 0 $ \/ Monat","trial":"","benefits":[{"text":"Kostenlose Installationsunterst\u00fctzung"},{"text":"Erfahrener Kundensupport"},{"text":"14-t\u00e4gige Geld-zur\u00fcck-Garantie"},{"text":"Zuk\u00fcnftige Verbesserungen"}],"button_url":"#demo","button_target_blank":"0","button_nofollow":"0","attributes":[{"name":"Installiert","content":"100,000 - 500,000"},{"name":"Reaktionsfreudig","content":"Ja"},{"name":"Kompatible Browser","content":"Firefox, Safari, Opera, Chrome, Edge"}],"tags":[],"tags_disable_links":"0","hide_more_platforms":"","video_object":"","demo_hide_cta":"0","demo_hide_cloud_options":"0","pricing_title":"","pricing":[{"pricing_icon":"platform","pricing_title":"Elfsight Apps","pricing_title_caption":"Plattformunabh\u00e4ngige digitale L\u00f6sung","pricing_price":"ab 0 $ \/ Monat","pricing_price_caption":"Beginnen Sie mit einem kostenlosen Plan","pricing_benefits":[{"text":"Unbegrenzte Websites"},{"text":"Kostenloser und p\u00fcnktlicher Support und gut dokumentiert"},{"text":"Kostenloser Installationssupport"},{"text":"Flexibles Design"}],"pricing_button_text":"Zur Website hinzuf\u00fcgen","pricing_button_url":"#demo"}],"related_apps_title":"","related_apps_hidden":"0","author":"","image":[],"title":"","job":"","social_networks":[]},"_links":{"self":[{"href":"https:\/\/elfsight.com\/de\/wp-json\/wp\/v2\/pages\/17088","targetHints":{"allow":["GET"]}}],"collection":[{"href":"https:\/\/elfsight.com\/de\/wp-json\/wp\/v2\/pages"}],"about":[{"href":"https:\/\/elfsight.com\/de\/wp-json\/wp\/v2\/types\/page"}],"author":[{"embeddable":true,"href":"https:\/\/elfsight.com\/de\/wp-json\/wp\/v2\/users\/9"}],"replies":[{"embeddable":true,"href":"https:\/\/elfsight.com\/de\/wp-json\/wp\/v2\/comments?post=17088"}],"version-history":[{"count":3,"href":"https:\/\/elfsight.com\/de\/wp-json\/wp\/v2\/pages\/17088\/revisions"}],"predecessor-version":[{"id":23464,"href":"https:\/\/elfsight.com\/de\/wp-json\/wp\/v2\/pages\/17088\/revisions\/23464"}],"up":[{"embeddable":true,"href":"https:\/\/elfsight.com\/de\/wp-json\/wp\/v2\/pages\/1011"}],"wp:attachment":[{"href":"https:\/\/elfsight.com\/de\/wp-json\/wp\/v2\/media?parent=17088"}],"curies":[{"name":"wp","href":"https:\/\/api.w.org\/{rel}","templated":true}]}}