{"id":17087,"date":"2024-05-03T06:35:13","date_gmt":"2024-05-03T06:35:13","guid":{"rendered":"https:\/\/elfsight.com\/de\/?page_id=17087"},"modified":"2025-01-10T14:44:19","modified_gmt":"2025-01-10T14:44:19","slug":"blogger","status":"publish","type":"page","link":"https:\/\/elfsight.com\/de\/event-calendar-widget\/blogger\/","title":{"rendered":"Event Calendar &#8211; Blogger"},"content":{"rendered":"\n<div class=\"application-platform-content-item-description application-platform-content-item\" id=\"description\" data-nav-section=\"description\"> \n<h2>Event-Kalender mit Elfsight Widget einbinden<\/h2> \n<p>Der Elfsight Kalender ist ein leistungsstarkes Widget, mit dem Sie Ihre Aktivit\u00e4ten schnell mit der Welt teilen k\u00f6nnen. Es bietet zahlreiche M\u00f6glichkeiten, bevorstehende Veranstaltungen auf die eindrucksvollste Weise darzustellen. Passen Sie es an, um das Design mit dem Stil Ihrer Webseite zu verbinden. Erstellen Sie unbegrenzt viele Veranstaltungen, f\u00fcgen Sie verschiedene Tags hinzu, laden Sie eigene Bilder und Videos hoch und halten Sie Ihre Besucher \u00fcber Ihre Projekte auf dem Laufenden.<\/p> \n<p>F\u00fcgen Sie einen Event-Kalender zu Ihrer Blogger-Webseite hinzu, um das Bewusstsein f\u00fcr die Aktivit\u00e4ten Ihrer Organisation zu schaffen. Noch wichtiger ist, dass er die Sichtbarkeit Ihrer Marke erh\u00f6ht, da Sie mehr Veranstaltungen erstellen. Sie k\u00f6nnen Ihren Event-Kalender auf allen Seiten Ihrer Blogger-Webseite oder nur auf ausgew\u00e4hlten Seiten ver\u00f6ffentlichen. Der Event-Kalender auf Ihrer Webseite erm\u00f6glicht es Ihnen auch, neue Inhalte f\u00fcr Ihre Seite hinzuzuf\u00fcgen, was immer gut f\u00fcr Suchmaschinen ist. Suchmaschinen beobachten Ihre Seite st\u00e4ndig, und wenn sie neue Inhalte finden, bewerten sie Ihre Seite als relevanter und erh\u00f6hen die Chancen, dass Ihre Seite bei Suchanfragen online gefunden wird. Neben den Veranstaltungen kann das Hinzuf\u00fcgen eines Kalenders den Wert Ihrer Webseite in den Augen Ihrer Kunden steigern. Sie k\u00f6nnen den Event-Kalender nutzen, um mehr Interaktion unter Ihren Kunden zu f\u00f6rdern. Wie ein Blog-Post kann ein Kalender Ihnen helfen, mit Ihren Kunden zu interagieren, indem Sie es ihnen erm\u00f6glichen, sich f\u00fcr Veranstaltungen anzumelden und sogar andere Veranstaltungen vorzuschlagen, die sie besuchen m\u00f6chten. Die Integration einer solchen Option zur Anzeige von Veranstaltungen auf Ihrer Blogger-Seite ist wirklich einfach.<\/p>\n\n<p><b>Das Event-Kalender-Widget hilft Ihnen, Ihre zuk\u00fcnftigen Aktivit\u00e4ten bequem zu pr\u00e4sentieren und die Engagement-Rate auf Ihrer Webseite zu steigern.<\/b><\/p> \n<\/div> \n<div class=\"application-platform-content-item-features application-platform-content-item\" id=\"features\" data-nav-section=\"features\"> \n<h2>Hauptfunktionen des Event-Kalender-Widgets<\/h2> \n<p>Sehen Sie sich alle funktionalen Merkmale des Event-Kalenders an. Sie k\u00f6nnen diese direkt im Editor verwalten, und sie helfen Ihnen, das Widget genau nach Ihren Bed\u00fcrfnissen zu gestalten.<\/p> \n<ul> \n<li>Nutzen Sie anpassbare Inhaltsm\u00f6glichkeiten, um den Kalender an Ihre Art von Veranstaltungen anzupassen.<\/li> \n<li>Geben Sie Nutzern die M\u00f6glichkeit, Veranstaltungen zu ihren h\u00e4ufig genutzten Kalendern hinzuzuf\u00fcgen.<\/li> \n<li>Erstellen Sie verschiedene Arten von Veranstaltungen, markieren Sie Standorte und f\u00fcgen Sie Gastgeber hinzu.<\/li> \n<li>Kategorisieren Sie alle Ihre Aktivit\u00e4ten und weisen Sie ihnen Tags zu.<\/li> \n<li>Wechseln Sie zwischen 4 Layout-Varianten.<\/li> \n<\/ul> \n<p><a href=\"#demo\">Sie k\u00f6nnen alle funktionalen Merkmale des Widgets direkt in der Demo ausprobieren<\/a><\/p> \n<\/div> \n<div class=\"application-platform-content-item-installation application-platform-content-item\" id=\"installation\" data-nav-section=\"installation\"> \n<h2>Wie f\u00fcge ich den Event-Kalender auf meiner Blogger-Webseite ein?<\/h2> \n<div class=\"video-container\"><iframe width=\"720\" height=\"405\" src=\"https:\/\/www.youtube.com\/embed\/o7BkhXCBf-w\" frameborder=\"0\" allowfullscreen=\"\"><\/iframe><\/div>\n<p>Um das Widget zu integrieren, folgen Sie einfach diesen schnellen Schritten.<\/p> \n\n<ul> \n<li><b>Erstellen Sie Ihr personalisiertes Kalender-Widget<\/b><br> \nVerwenden Sie unseren kostenlosen Konfigurator, um ein Plugin mit dem gew\u00fcnschten Design und den gew\u00fcnschten Funktionen zu erstellen.<\/li> \n<li><b>Erhalten Sie den pers\u00f6nlichen Code zur Anzeige des Widgets<\/b><br> \nNachdem Sie Ihr Widget angepasst haben, erhalten Sie den Installationscode \u00fcber die Benachrichtigung auf Elfsight Apps. Kopieren Sie den Code f\u00fcr die sp\u00e4tere Verwendung.<\/li> \n<li><b>F\u00fcgen Sie das Event-Kalender-Widget auf Ihrer Seite ein<\/b><br> \nFinden Sie den gew\u00fcnschten Platz auf Ihrer Webseite und f\u00fcgen Sie den gespeicherten Code dort ein. Ver\u00f6ffentlichen Sie die \u00c4nderungen.<\/li> \n<li><b>Fertig!<\/b><br> \nGehen Sie auf Ihre Webseite, um Ihre Arbeit zu \u00fcberpr\u00fcfen.<\/li> \n<\/ul> \n\n<p>Z\u00f6gern Sie nicht, den Elfsight-Support zu kontaktieren, falls Sie Hilfe ben\u00f6tigen oder Probleme haben. Wir helfen Ihnen gerne bei jeder Anfrage weiter.<\/p> \n<\/div>\n<div class=\"faq\" data-component=\"FAQ\">\n<div class=\"faq-item\">\r\n\t\t\t\t\t<div class=\"faq-item-question\">\r\n\t\t\t\t\t\t<h3 class=\"faq-item-question-text\">Gibt es eine M\u00f6glichkeit, den Event-Kalender auf meiner Blogger-Homepage ohne Programmierkenntnisse hinzuzuf\u00fcgen?<\/h3>\r\n\r\n\t\t\t\t\t\t<div class=\"faq-item-question-icon\"><\/div>\r\n\t\t\t\t\t<\/div>\r\n\r\n\t\t\t\t\t<div class=\"faq-item-answer\">\r\n\t\t\t\t\t\t<div class=\"faq-item-answer-text\">\n\n<p>\nDie Elfsight Company bietet eine SaaS-L\u00f6sung, mit der eine breite Zielgruppe selbstst\u00e4ndig einen Event-Kalender erstellen kann. Sehen Sie sich die einfachen Anweisungen an:\n<\/p>\n\n<ul>\n<li>\nGehen Sie zur Online-Demo, um einen Event-Kalender zu erstellen, den Sie auf Ihrer Blogger-Homepage anzeigen m\u00f6chten.\n<\/li>\n<li>\nKlicken Sie auf eines der vielen vorgefertigten Templates und passen Sie die Event-Kalender-Einstellungen an, f\u00fcgen Sie Ihre Inhalte hinzu und \u00e4ndern Sie das Layout und die Farben, ganz ohne Programmierkenntnisse.\n<\/li>\n<li>\nKlicken Sie, um die vorgenommenen Einstellungen des Event-Kalenders zu speichern und den Code f\u00fcr die Installation zu kopieren, der problemlos in Ihre Blogger-Webseite eingebunden werden kann, ohne eine kostenpflichtige Version zu erwerben.\n<\/li>\n<\/ul>\n\n<p>\nMit dem einfachen Konfigurator kann jeder Web-Nutzer den Event-Kalender online erstellen und problemlos in jede Blogger-Seite einf\u00fcgen. Es ist nicht erforderlich, ein kostenpflichtiges Abonnement abzuschlie\u00dfen oder Ihre Kartendaten anzugeben, um unseren Service zu nutzen. Wenn Sie auf Probleme sto\u00dfen, z\u00f6gern Sie nicht, unser Support-Team zu kontaktieren.\n<\/p>\n\n<\/div>\r\n\t\t\t\t\t<\/div>\r\n\t\t\t\t<\/div>\n<\/div>\n","protected":false},"excerpt":{"rendered":"","protected":false},"author":9,"featured_media":0,"parent":1011,"menu_order":0,"comment_status":"closed","ping_status":"closed","template":"templates\/template-application-platform.php","meta":{"publish_to_discourse":"","publish_post_category":"","wpdc_auto_publish_overridden":"","wpdc_topic_tags":"","wpdc_pin_topic":"","wpdc_pin_until":"","discourse_post_id":"","discourse_permalink":"","wpdc_publishing_response":"","wpdc_publishing_error":"","footnotes":""},"class_list":["post-17087","page","type-page","status-publish","hentry"],"yoast_head":"<!-- This site is optimized with the Yoast SEO plugin v25.3.1 - https:\/\/yoast.com\/wordpress\/plugins\/seo\/ -->\n<title>Veranstaltungskalender \u2013 Kalender-App zur Blogger-Website hinzuf\u00fcgen [2025]<\/title>\n<meta name=\"description\" content=\"Entwerfen Sie mit Elfsight Ihr Veranstaltungskalender-Plugin und f\u00fcgen Sie es schnell zu Ihrer Blogger-Website hinzu. Wir bieten kostenlosen Kundensupport und andere Boni.\" \/>\n<meta name=\"robots\" content=\"index, follow, max-snippet:-1, max-image-preview:large, max-video-preview:-1\" \/>\n<link rel=\"canonical\" href=\"https:\/\/elfsight.com\/de\/event-calendar-widget\/blogger\/\" \/>\n<meta property=\"og:locale\" content=\"de_DE\" \/>\n<meta property=\"og:type\" content=\"article\" \/>\n<meta property=\"og:title\" content=\"Veranstaltungskalender \u2013 Kalender-App zur Blogger-Website hinzuf\u00fcgen [2025]\" \/>\n<meta property=\"og:description\" content=\"Entwerfen Sie mit Elfsight Ihr Veranstaltungskalender-Plugin und f\u00fcgen Sie es schnell zu Ihrer Blogger-Website hinzu. Wir bieten kostenlosen Kundensupport und andere Boni.\" \/>\n<meta property=\"og:url\" content=\"https:\/\/elfsight.com\/de\/event-calendar-widget\/blogger\/\" \/>\n<meta property=\"og:site_name\" content=\"Elfsight DE\" \/>\n<meta property=\"article:modified_time\" content=\"2025-01-10T14:44:19+00:00\" \/>\n<meta name=\"twitter:card\" content=\"summary_large_image\" \/>\n<meta name=\"twitter:label1\" content=\"Gesch\u00e4tzte Lesezeit\" \/>\n\t<meta name=\"twitter:data1\" content=\"4\u00a0Minuten\" \/>\n<!-- \/ Yoast SEO plugin. -->","yoast_head_json":{"title":"Veranstaltungskalender \u2013 Kalender-App zur Blogger-Website hinzuf\u00fcgen [2025]","description":"Entwerfen Sie mit Elfsight Ihr Veranstaltungskalender-Plugin und f\u00fcgen Sie es schnell zu Ihrer Blogger-Website hinzu. Wir bieten kostenlosen Kundensupport und andere Boni.","robots":{"index":"index","follow":"follow","max-snippet":"max-snippet:-1","max-image-preview":"max-image-preview:large","max-video-preview":"max-video-preview:-1"},"canonical":"https:\/\/elfsight.com\/de\/event-calendar-widget\/blogger\/","og_locale":"de_DE","og_type":"article","og_title":"Veranstaltungskalender \u2013 Kalender-App zur Blogger-Website hinzuf\u00fcgen [2025]","og_description":"Entwerfen Sie mit Elfsight Ihr Veranstaltungskalender-Plugin und f\u00fcgen Sie es schnell zu Ihrer Blogger-Website hinzu. Wir bieten kostenlosen Kundensupport und andere Boni.","og_url":"https:\/\/elfsight.com\/de\/event-calendar-widget\/blogger\/","og_site_name":"Elfsight DE","article_modified_time":"2025-01-10T14:44:19+00:00","twitter_card":"summary_large_image","twitter_misc":{"Gesch\u00e4tzte Lesezeit":"4\u00a0Minuten"},"schema":{"@context":"https:\/\/schema.org","@graph":[{"@type":"WebPage","@id":"https:\/\/elfsight.com\/de\/event-calendar-widget\/blogger\/","url":"https:\/\/elfsight.com\/de\/event-calendar-widget\/blogger\/","name":"Veranstaltungskalender \u2013 Kalender-App zur Blogger-Website hinzuf\u00fcgen [2025]","isPartOf":{"@id":"https:\/\/elfsight.com\/de\/#website"},"datePublished":"2024-05-03T06:35:13+00:00","dateModified":"2025-01-10T14:44:19+00:00","description":"Entwerfen Sie mit Elfsight Ihr Veranstaltungskalender-Plugin und f\u00fcgen Sie es schnell zu Ihrer Blogger-Website hinzu. Wir bieten kostenlosen Kundensupport und andere Boni.","breadcrumb":{"@id":"https:\/\/elfsight.com\/de\/event-calendar-widget\/blogger\/#breadcrumb"},"inLanguage":"de","potentialAction":[{"@type":"ReadAction","target":["https:\/\/elfsight.com\/de\/event-calendar-widget\/blogger\/"]}]},{"@type":"BreadcrumbList","@id":"https:\/\/elfsight.com\/de\/event-calendar-widget\/blogger\/#breadcrumb","itemListElement":[{"@type":"ListItem","position":1,"name":"Home","item":"https:\/\/elfsight.com\/de\/"},{"@type":"ListItem","position":2,"name":"Event Calendar","item":"https:\/\/elfsight.com\/de\/event-calendar-widget\/"},{"@type":"ListItem","position":3,"name":"Event Calendar &#8211; Blogger"}]},{"@type":"WebSite","@id":"https:\/\/elfsight.com\/de\/#website","url":"https:\/\/elfsight.com\/de\/","name":"Elfsight DE","description":"Just another Elfsight Sites site","potentialAction":[{"@type":"SearchAction","target":{"@type":"EntryPoint","urlTemplate":"https:\/\/elfsight.com\/de\/?s={search_term_string}"},"query-input":{"@type":"PropertyValueSpecification","valueRequired":true,"valueName":"search_term_string"}}],"inLanguage":"de"}]}},"meta_box":{"industry":"","seo_heading":"","heading":"","description":"","cta_heading":"","cta_description":"","application":"500","h1":"Widget \u201eBlogger-Veranstaltungskalender\u201c.","h1_caption":"Verwalten und teilen Sie Veranstaltungen auf Ihrer Website m\u00fchelos mit einem interaktiven und benutzerfreundlichen Veranstaltungskalender auf Ihrer Blogger-Website.","application_category":[],"applications_title":"","applications_request_title":"","applications_request_button_text":"","hero_text":"","hero_video":"","hero_video_schema_markup":"","selling_points_title":"","selling_points_caption":"","selling_points":[],"selling_points_cta_text":"","features_title":"","features":"","ed_cta_examples_text":"","ed_cta_examples_hidden":"","ed_cta_demo_text":"","ed_cta_demo_hidden":"","why_caption":"","why_editor_title":"","why_editor_text":"","why_team_title":"","why_team_text":"","why_service_title":"","why_service_text":"","template_catalog_visible":"0","template_catalog_title":"","template_catalog_text":"","template_catalog_categories_visible":"","demo_title":"Erstellen Sie Ihr Veranstaltungskalender-Widget","demo_caption":"Konfigurieren Sie Ihren Veranstaltungskalender und f\u00fcgen Sie ihn kostenlos zu Ihrer Blogger-Website hinzu!","default_faq_hidden":"","app_template_category":[],"platform":"262","template_public_id":"","codecanyon_url":"","codecanyon_item_id":"","codecanyon_price":"","pricing_caption":"","pricing_elfsight_apps_hide_column":"","pricing_elfsight_apps_url":"","pricing_codecanyon_price_caption":"","integration_category":[],"integration_request_title":"","integration_request_cta":"","integration_platform":"","integrations":[],"platform_category":[],"video_schema_markup":"","price":"ab 0 $ \/ Monat","trial":"","benefits":[{"text":"Kostenlose Installationsunterst\u00fctzung"},{"text":"Effektiver Kundenservice"},{"text":"14-t\u00e4gige R\u00fcckerstattungsgarantie"},{"text":"Fortlaufende Entwicklung"}],"button_url":"#demo","button_target_blank":"0","button_nofollow":"0","attributes":[{"name":"Installiert","content":"100,000 - 500,000"},{"name":"Reaktionsfreudig","content":"Ja"},{"name":"Kompatible Browser","content":"Firefox, Safari, Opera, Chrome, Edge"}],"tags":[],"tags_disable_links":"0","hide_more_platforms":"","video_object":"","demo_hide_cta":"0","demo_hide_cloud_options":"0","pricing_title":"","pricing":[{"pricing_icon":"platform","pricing_title":"Elfsight Apps","pricing_title_caption":"Multiplattform-Version, die auf jeder Website funktioniert","pricing_price":"ab 0 $ \/ Monat","pricing_price_caption":"Beginnen Sie mit einem kostenlosen Plan","pricing_benefits":[{"text":"Unbegrenzte Domains"},{"text":"Premium-Support und gut dokumentiert"},{"text":"Kostenlose Installationsunterst\u00fctzung"},{"text":"Flexibles Design"}],"pricing_button_text":"Zur Website hinzuf\u00fcgen","pricing_button_url":"#demo"}],"related_apps_title":"","related_apps_hidden":"0","author":"","image":[],"title":"","job":"","social_networks":[]},"_links":{"self":[{"href":"https:\/\/elfsight.com\/de\/wp-json\/wp\/v2\/pages\/17087","targetHints":{"allow":["GET"]}}],"collection":[{"href":"https:\/\/elfsight.com\/de\/wp-json\/wp\/v2\/pages"}],"about":[{"href":"https:\/\/elfsight.com\/de\/wp-json\/wp\/v2\/types\/page"}],"author":[{"embeddable":true,"href":"https:\/\/elfsight.com\/de\/wp-json\/wp\/v2\/users\/9"}],"replies":[{"embeddable":true,"href":"https:\/\/elfsight.com\/de\/wp-json\/wp\/v2\/comments?post=17087"}],"version-history":[{"count":3,"href":"https:\/\/elfsight.com\/de\/wp-json\/wp\/v2\/pages\/17087\/revisions"}],"predecessor-version":[{"id":23466,"href":"https:\/\/elfsight.com\/de\/wp-json\/wp\/v2\/pages\/17087\/revisions\/23466"}],"up":[{"embeddable":true,"href":"https:\/\/elfsight.com\/de\/wp-json\/wp\/v2\/pages\/1011"}],"wp:attachment":[{"href":"https:\/\/elfsight.com\/de\/wp-json\/wp\/v2\/media?parent=17087"}],"curies":[{"name":"wp","href":"https:\/\/api.w.org\/{rel}","templated":true}]}}