{"id":17080,"date":"2024-05-03T06:35:10","date_gmt":"2024-05-03T06:35:10","guid":{"rendered":"https:\/\/elfsight.com\/de\/?page_id=17080"},"modified":"2025-12-18T16:50:17","modified_gmt":"2025-12-18T16:50:17","slug":"elementor","status":"publish","type":"page","link":"https:\/\/elfsight.com\/de\/event-calendar-widget\/elementor\/","title":{"rendered":"Event Calendar &#8211; Elementor"},"content":{"rendered":"<div class=\"application-platform-content-item-description application-platform-content-item\" id=\"description\" data-nav-section=\"description\"> <h2>Veranstaltungskalender mit Elfsight-Widget einbetten<\/h2> <p>Das Elfsight-Kalender-Widget ist ein leistungsstarkes Tool, mit dem Sie Ihre Aktivit\u00e4ten ganz einfach mit Ihren teilen k\u00f6nnen Publikum. Es bietet zahlreiche M\u00f6glichkeiten, kommende Veranstaltungen m\u00f6glichst repr\u00e4sentativ zu pr\u00e4sentieren. Passen Sie es an, um das Design mit der \u00c4sthetik Ihrer Seite zu kombinieren. Erstellen Sie eine unbegrenzte Anzahl von Veranstaltungen, f\u00fcgen Sie mehrere Tags hinzu, laden Sie Ihre eigenen Bilder und Videos hoch und halten Sie Ihre Benutzer \u00fcber Ihre Agenda auf dem Laufenden. <\/p> <p><b>Das Plugin \u201eVeranstaltungskalender\u201c kann Ihnen dabei helfen, Ihre zuk\u00fcnftigen Aktivit\u00e4ten bequem zu pr\u00e4sentieren und das Engagement auf Ihrer Website zu erh\u00f6hen. <\/b><\/p> <\/div> <div class=\"application-platform-content-item-features application-platform-content-item\" id=\"features\" data-nav-section=\"features\"> <h2>Hauptfunktionen des Event Calendar Plugin<\/h2> <p>\u00dcberpr\u00fcfen Sie alle Funktionen des Elementor Event Calendar. Sie k\u00f6nnen sie direkt im Editor festlegen und sie helfen Ihnen dabei, das f\u00fcr Ihren Fall am besten geeignete Widget zu erstellen. Unser Elementor-Ereignis-Plugin wurde entwickelt, um verschiedene Gesch\u00e4ftsanforderungen abzudecken und Benutzer auf die Website zu locken.<\/p> <ul> <li>Verwenden Sie flexible Inhaltsoptionen, um den Kalender f\u00fcr Ihre Art von Aktivit\u00e4ten einzubinden. <\/li> <li>Helfen Sie Benutzern, Ereignisse zu ihren Lieblings-Apps hinzuzuf\u00fcgen. <\/li> <li>Erstellen Sie verschiedene Arten von Veranstaltungen, geben Sie Orte an und f\u00fcgen Sie Gastgeber hinzu. <\/li> <li>Klassifizieren Sie alle Ihre Veranstaltungen und weisen Sie ihnen Tags zu. <\/li> <li>Unterscheiden Sie zwischen vier Layoutvarianten. <\/li> <\/ul> <p><a href=\"#demo\">Sehen Sie in unserer Demo, wie alle Funktionen funktionieren<\/a><\/p> <\/div> <div class=\"application-platform-content-item-installation application-platform-content-item\" id=\"installation\" data-nav-section=\"installation\"> <h2>Wie f\u00fcge ich einen Veranstaltungskalender zu meiner Elementor-Website hinzu? <\/h2><div class=\"video-container\"><iframe width=\"720\" height=\"405\" src=\"https:\/\/www.youtube.com\/embed\/sx1bqF8qz0c?si=ItNMjkchI8Blp_Rj\" frameborder=\"0\" allowfullscreen=\"\"><\/iframe><\/div>  <p>Um ein Widget einzuf\u00fcgen, f\u00fchren Sie einfach die folgenden schnellen Schritte aus.<\/p> <ul> <li><b>Erstellen Sie Ihr ma\u00dfgeschneidertes Kalender-Plugin<\/b><br> Erstellen Sie mit Hilfe unserer kostenlosen Demo ein Plugin mit einer ausgew\u00e4hlten Oberfl\u00e4che und Funktionsmerkmalen. <\/li> <li><b>Erhalten Sie den individuellen Code zur Installation des Widgets<\/b><br> Nachdem Sie Ihr Widget generiert haben, erhalten Sie den eindeutigen Code aus dem Popup-Fenster von Elfsight Apps. Kopieren Sie diesen Code zur sp\u00e4teren Verwendung. <\/li> <li><b>Betten Sie das Veranstaltungskalender-Widget in Ihre Website ein<\/b><br> W\u00e4hlen Sie den Bereich aus, in den Sie das Plugin einbetten m\u00f6chten, und f\u00fcgen Sie dort den gespeicherten Code ein. Ver\u00f6ffentlichen Sie die \u00c4nderungen. <\/li> <li><b>Du bist fertig! <\/b><br> Betreten Sie die Website, um Ihr Widget anzuzeigen. <\/li> <\/ul> <p>Sie k\u00f6nnen sich gerne an den Support unserer Kunden wenden, wenn Sie Hilfe ben\u00f6tigen oder eine Frage haben. Wir helfen Ihnen gerne bei allen Anfragen rund um das Elementor-Kalender-Widget weiter. <\/p> <\/div><div class=\"faq\" data-component=\"FAQ\"><div class=\"faq-item\">\r\n\t\t\t\t\t<div class=\"faq-item-question\">\r\n\t\t\t\t\t\t<h3 class=\"faq-item-question-text\">In welcher Weise profitiere ich von der Einbettung des Veranstaltungskalenders in meine Elementor-Site?<\/h3>\r\n\r\n\t\t\t\t\t\t<div class=\"faq-item-question-icon\"><\/div>\r\n\t\t\t\t\t<\/div>\r\n\r\n\t\t\t\t\t<div class=\"faq-item-answer\">\r\n\t\t\t\t\t\t<div class=\"faq-item-answer-text\"><p>Ein Veranstaltungskalender schafft Bewusstsein f\u00fcr die Aktivit\u00e4ten Ihrer Organisation auf Ihrer Elementor-Website. Noch wichtiger ist, dass es die Sichtbarkeit Ihrer Marke erh\u00f6ht, wenn Sie mehr Veranstaltungen organisieren. Sie k\u00f6nnen Ihr Elementor-Veranstaltungskalender-Plugin auf allen Seiten Ihrer Elementor-Website oder nur auf ausgew\u00e4hlten Seiten ver\u00f6ffentlichen. Mit dem Veranstaltungskalender auf Ihrer Website k\u00f6nnen Sie auch neue Inhalte f\u00fcr Ihre Website einbetten, was f\u00fcr Suchmaschinen immer gut ist. Suchmaschinen schauen sich st\u00e4ndig Ihre Website an und wenn sie neue Inhalte finden, stufen sie Ihre Website als relevanter ein und k\u00f6nnen die Chancen erh\u00f6hen, Ihre Website zu finden, wenn Menschen online suchen.<\/p> <p>Neben Veranstaltungen kann das Hinzuf\u00fcgen eines Kalenders einen Mehrwert schaffen in den Augen Ihrer Kunden auf Ihre Website aufmerksam zu machen. Sie k\u00f6nnen das beste Kalender-Plugin verwenden, um mehr Interaktion zwischen Ihren Kunden auf Ihrer Elementor-Website zu schaffen. Wie ein Blog-Beitrag kann Ihnen ein Kalender dabei helfen, mit Ihren Kunden zu interagieren, indem er ihnen die M\u00f6glichkeit gibt, sich f\u00fcr bestimmte Veranstaltungen anzumelden, und ihnen sogar andere Veranstaltungen vorschlagen kann, an denen sie teilnehmen m\u00f6chten. Die Integration einer solchen Option zur Demonstration von Ereignissen auf Ihrer Elementor-Website ist wirklich einfach durchzuf\u00fchren.<\/p><\/div>\r\n\t\t\t\t\t<\/div>\r\n\t\t\t\t<\/div><\/div>","protected":false},"excerpt":{"rendered":"","protected":false},"author":9,"featured_media":0,"parent":1011,"menu_order":0,"comment_status":"closed","ping_status":"closed","template":"templates\/template-application-platform.php","meta":{"publish_to_discourse":"","publish_post_category":"","wpdc_auto_publish_overridden":"","wpdc_topic_tags":"","wpdc_pin_topic":"","wpdc_pin_until":"","discourse_post_id":"","discourse_permalink":"","wpdc_publishing_response":"","wpdc_publishing_error":"","footnotes":""},"class_list":["post-17080","page","type-page","status-publish","hentry"],"yoast_head":"<!-- This site is optimized with the Yoast SEO plugin v25.3.1 - https:\/\/yoast.com\/wordpress\/plugins\/seo\/ -->\n<title>Elementor-Ereigniskalender-Widget \u2013 Ereigniskalender zu Elementor hinzuf\u00fcgen [ 2025 ]<\/title>\n<meta name=\"description\" content=\"Entwerfen Sie Ihr Veranstaltungskalender-Plugin und f\u00fcgen Sie es schnell auf Ihrer Elementor-Website hinzu. Wir bieten kostenlosen Kundensupport und andere Boni.\" \/>\n<meta name=\"robots\" content=\"index, follow, max-snippet:-1, max-image-preview:large, max-video-preview:-1\" \/>\n<link rel=\"canonical\" href=\"https:\/\/elfsight.com\/de\/event-calendar-widget\/elementor\/\" \/>\n<meta property=\"og:locale\" content=\"de_DE\" \/>\n<meta property=\"og:type\" content=\"article\" \/>\n<meta property=\"og:title\" content=\"Elementor-Ereigniskalender-Widget \u2013 Ereigniskalender zu Elementor hinzuf\u00fcgen [ 2025 ]\" \/>\n<meta property=\"og:description\" content=\"Entwerfen Sie Ihr Veranstaltungskalender-Plugin und f\u00fcgen Sie es schnell auf Ihrer Elementor-Website hinzu. Wir bieten kostenlosen Kundensupport und andere Boni.\" \/>\n<meta property=\"og:url\" content=\"https:\/\/elfsight.com\/de\/event-calendar-widget\/elementor\/\" \/>\n<meta property=\"og:site_name\" content=\"Elfsight DE\" \/>\n<meta property=\"article:modified_time\" content=\"2025-12-18T16:50:17+00:00\" \/>\n<meta name=\"twitter:card\" content=\"summary_large_image\" \/>\n<meta name=\"twitter:label1\" content=\"Gesch\u00e4tzte Lesezeit\" \/>\n\t<meta name=\"twitter:data1\" content=\"4\u00a0Minuten\" \/>\n<!-- \/ Yoast SEO plugin. -->","yoast_head_json":{"title":"Elementor-Ereigniskalender-Widget \u2013 Ereigniskalender zu Elementor hinzuf\u00fcgen [ 2025 ]","description":"Entwerfen Sie Ihr Veranstaltungskalender-Plugin und f\u00fcgen Sie es schnell auf Ihrer Elementor-Website hinzu. Wir bieten kostenlosen Kundensupport und andere Boni.","robots":{"index":"index","follow":"follow","max-snippet":"max-snippet:-1","max-image-preview":"max-image-preview:large","max-video-preview":"max-video-preview:-1"},"canonical":"https:\/\/elfsight.com\/de\/event-calendar-widget\/elementor\/","og_locale":"de_DE","og_type":"article","og_title":"Elementor-Ereigniskalender-Widget \u2013 Ereigniskalender zu Elementor hinzuf\u00fcgen [ 2025 ]","og_description":"Entwerfen Sie Ihr Veranstaltungskalender-Plugin und f\u00fcgen Sie es schnell auf Ihrer Elementor-Website hinzu. Wir bieten kostenlosen Kundensupport und andere Boni.","og_url":"https:\/\/elfsight.com\/de\/event-calendar-widget\/elementor\/","og_site_name":"Elfsight DE","article_modified_time":"2025-12-18T16:50:17+00:00","twitter_card":"summary_large_image","twitter_misc":{"Gesch\u00e4tzte Lesezeit":"4\u00a0Minuten"},"schema":{"@context":"https:\/\/schema.org","@graph":[{"@type":"WebPage","@id":"https:\/\/elfsight.com\/de\/event-calendar-widget\/elementor\/","url":"https:\/\/elfsight.com\/de\/event-calendar-widget\/elementor\/","name":"Elementor-Ereigniskalender-Widget \u2013 Ereigniskalender zu Elementor hinzuf\u00fcgen [ 2025 ]","isPartOf":{"@id":"https:\/\/elfsight.com\/de\/#website"},"datePublished":"2024-05-03T06:35:10+00:00","dateModified":"2025-12-18T16:50:17+00:00","description":"Entwerfen Sie Ihr Veranstaltungskalender-Plugin und f\u00fcgen Sie es schnell auf Ihrer Elementor-Website hinzu. Wir bieten kostenlosen Kundensupport und andere Boni.","breadcrumb":{"@id":"https:\/\/elfsight.com\/de\/event-calendar-widget\/elementor\/#breadcrumb"},"inLanguage":"de","potentialAction":[{"@type":"ReadAction","target":["https:\/\/elfsight.com\/de\/event-calendar-widget\/elementor\/"]}]},{"@type":"BreadcrumbList","@id":"https:\/\/elfsight.com\/de\/event-calendar-widget\/elementor\/#breadcrumb","itemListElement":[{"@type":"ListItem","position":1,"name":"Home","item":"https:\/\/elfsight.com\/de\/"},{"@type":"ListItem","position":2,"name":"Event Calendar","item":"https:\/\/elfsight.com\/de\/event-calendar-widget\/"},{"@type":"ListItem","position":3,"name":"Event Calendar &#8211; Elementor"}]},{"@type":"WebSite","@id":"https:\/\/elfsight.com\/de\/#website","url":"https:\/\/elfsight.com\/de\/","name":"Elfsight DE","description":"Just another Elfsight Sites site","potentialAction":[{"@type":"SearchAction","target":{"@type":"EntryPoint","urlTemplate":"https:\/\/elfsight.com\/de\/?s={search_term_string}"},"query-input":{"@type":"PropertyValueSpecification","valueRequired":true,"valueName":"search_term_string"}}],"inLanguage":"de"}]}},"meta_box":{"industry":"","seo_heading":"","heading":"","description":"","cta_heading":"","cta_description":"","application":"500","h1":"Elementor-Ereigniskalender-Plugin","h1_caption":"Verwalten und teilen Sie Veranstaltungen auf Ihrer Website m\u00fchelos mit einem interaktiven und benutzerfreundlichen Veranstaltungskalender auf Ihrer Elementor-Website.","application_category":[],"applications_title":"","applications_request_title":"","applications_request_button_text":"","hero_text":"","hero_video":"","hero_video_schema_markup":"","selling_points_title":"","selling_points_caption":"","selling_points":[],"selling_points_cta_text":"","features_title":"","features":"","ed_cta_examples_text":"","ed_cta_examples_hidden":"","ed_cta_demo_text":"","ed_cta_demo_hidden":"","why_caption":"","why_editor_title":"","why_editor_text":"","why_team_title":"","why_team_text":"","why_service_title":"","why_service_text":"","template_catalog_visible":"0","template_catalog_title":"","template_catalog_text":"","template_catalog_categories_visible":"","demo_title":"Erstellen Sie Ihr Veranstaltungskalender-Widget","demo_caption":"Konfigurieren Sie Ihren Veranstaltungskalender und f\u00fcgen Sie ihn kostenlos zu Ihrer Elementor-Website hinzu!","default_faq_hidden":"","app_template_category":[],"platform":"223","template_public_id":"","codecanyon_url":"","codecanyon_item_id":"","codecanyon_price":"","pricing_caption":"","pricing_elfsight_apps_hide_column":"","pricing_elfsight_apps_url":"","pricing_codecanyon_price_caption":"","integration_category":[],"integration_request_title":"","integration_request_cta":"","integration_platform":"","integrations":[],"platform_category":[],"video_schema_markup":"","price":"ab 0 $ \/ Monat","trial":"","benefits":[{"text":"Kostenlose Installationsunterst\u00fctzung"},{"text":"Erfahrener Kundensupport"},{"text":"14-t\u00e4gige Geld-zur\u00fcck-Garantie"},{"text":"Regelm\u00e4\u00dfige kostenlose Verbesserungen"}],"button_url":"#demo","button_target_blank":"0","button_nofollow":"0","attributes":[{"name":"Installiert","content":"100,000 - 500,000"},{"name":"Reaktionsfreudig","content":"Ja"},{"name":"Kompatible Browser","content":"Firefox, Safari, Opera, Chrome, Edge"}],"tags":[],"tags_disable_links":"0","hide_more_platforms":"0","video_object":"","demo_hide_cta":"0","demo_hide_cloud_options":"0","pricing_title":"","pricing":[{"pricing_icon":"platform","pricing_title":"Elfsight Apps","pricing_title_caption":"Plattform\u00fcbergreifende digitale L\u00f6sung","pricing_price":"ab 0 $ \/ Monat","pricing_price_caption":"Beginnen Sie mit einem kostenlosen Plan","pricing_benefits":[{"text":"Unbegrenzte Domains"},{"text":"Unternehmensunterst\u00fctzung rund um die Uhr"},{"text":"Kostenloser Installationssupport"},{"text":"Tolles Angebot f\u00fcr mehrere Apps"}],"pricing_button_text":"Zur Website hinzuf\u00fcgen","pricing_button_url":"#demo"}],"related_apps_title":"","related_apps_hidden":"0","author":"","image":[],"title":"","job":"","social_networks":[]},"_links":{"self":[{"href":"https:\/\/elfsight.com\/de\/wp-json\/wp\/v2\/pages\/17080","targetHints":{"allow":["GET"]}}],"collection":[{"href":"https:\/\/elfsight.com\/de\/wp-json\/wp\/v2\/pages"}],"about":[{"href":"https:\/\/elfsight.com\/de\/wp-json\/wp\/v2\/types\/page"}],"author":[{"embeddable":true,"href":"https:\/\/elfsight.com\/de\/wp-json\/wp\/v2\/users\/9"}],"replies":[{"embeddable":true,"href":"https:\/\/elfsight.com\/de\/wp-json\/wp\/v2\/comments?post=17080"}],"version-history":[{"count":4,"href":"https:\/\/elfsight.com\/de\/wp-json\/wp\/v2\/pages\/17080\/revisions"}],"predecessor-version":[{"id":25581,"href":"https:\/\/elfsight.com\/de\/wp-json\/wp\/v2\/pages\/17080\/revisions\/25581"}],"up":[{"embeddable":true,"href":"https:\/\/elfsight.com\/de\/wp-json\/wp\/v2\/pages\/1011"}],"wp:attachment":[{"href":"https:\/\/elfsight.com\/de\/wp-json\/wp\/v2\/media?parent=17080"}],"curies":[{"name":"wp","href":"https:\/\/api.w.org\/{rel}","templated":true}]}}