{"id":17079,"date":"2024-05-03T06:35:09","date_gmt":"2024-05-03T06:35:09","guid":{"rendered":"https:\/\/elfsight.com\/de\/?page_id=17079"},"modified":"2025-07-08T10:34:39","modified_gmt":"2025-07-08T10:34:39","slug":"joomla","status":"publish","type":"page","link":"https:\/\/elfsight.com\/de\/event-calendar-widget\/joomla\/","title":{"rendered":"Event Calendar &#8211; Joomla"},"content":{"rendered":"<div class=\"application-platform-content-item-description application-platform-content-item\" id=\"description\" data-nav-section=\"description\"> <h2>Veranstaltungskalender mit Elfsight-Widget einbetten<\/h2> <p>Das Elfsight-Kalendermodul ist ein bemerkenswertes Tool, mit dem Sie Ihre Veranstaltungen reibungslos mit den anderen teilen k\u00f6nnen der Welt. Es bietet viele M\u00f6glichkeiten, anstehende Aktivit\u00e4ten auf repr\u00e4sentative Weise darzustellen. Passen Sie es an, um das Design mit der \u00c4sthetik Ihrer Website zu verschmelzen. Erstellen Sie eine unbegrenzte Anzahl von Veranstaltungen, f\u00fcgen Sie Tags hinzu, laden Sie Ihre benutzerdefinierten Bilder und Videos hoch und halten Sie Besucher \u00fcber Ihre Projekte auf dem Laufenden.<\/p><p>Eine Online-Joomla-Veranstaltungskalendererweiterung macht auf die gesch\u00e4ftlichen Interessen Ihres Unternehmens aufmerksam. Dar\u00fcber hinaus erh\u00f6ht es die Sichtbarkeit Ihres Unternehmens, wenn Sie mehr Veranstaltungen organisieren. Sie haben die M\u00f6glichkeit, Ihr Joomla-Kalender-Plugin auf allen Seiten Ihrer Joomla-Website oder nur auf bestimmten Seiten zu demonstrieren. Mit dem Veranstaltungskalender auf Ihrer Website k\u00f6nnen Sie au\u00dferdem weitere Inhalte f\u00fcr Ihre Website hinzuf\u00fcgen, was f\u00fcr Suchmaschinen immer ein gutes Zeichen ist. Suchmaschinen bewerten Ihre Website st\u00e4ndig. Wenn sie neue Inhalte entdecken, stufen sie die Seiten Ihrer Website als deutlich relevanter ein und k\u00f6nnen die Chancen erh\u00f6hen, Ihre Website zu entdecken, wenn Benutzer online suchen. Zus\u00e4tzlich zum Ereignis kann das Hinzuf\u00fcgen einer Kalenderkomponente in den Augen Ihrer Kunden einen Mehrwert f\u00fcr Ihre Joomla-Website schaffen. Es steht Ihnen frei, den Kalender zu nutzen, um mehr Interaktion zwischen Ihren Benutzern zu erreichen. \u00c4hnlich wie bei Blogbeitr\u00e4gen kann Ihnen das Veranstaltungskalendermodul von Joomla dabei helfen, mit Ihrem Publikum zu kommunizieren, indem es es dazu motiviert, sich f\u00fcr bestimmte Veranstaltungen anzumelden, und dar\u00fcber hinaus auch andere Veranstaltungen vorschlagen kann, an denen es teilnehmen m\u00f6chte. Die Integration einer solchen Option zur Demonstration von Ereignissen auf Ihrer Joomla-Website ist schnell erledigt.<\/p> <p><b>Mit der Erweiterung \u201eElfsight Events Calendar\u201c k\u00f6nnen Sie m\u00fchelos f\u00fcr Ihre bevorstehenden Aktivit\u00e4ten werben und das Engagement auf Ihrer Website steigern. <\/b><\/p> <\/div><div class=\"application-platform-content-item-features application-platform-content-item\" id=\"features\" data-nav-section=\"features\"> <h2>Hauptfunktionen des Veranstaltungskalendermoduls<\/h2> <p>Hier ist eine Liste aller Funktionen des Joomla-Veranstaltungskalenders. Sie sind direkt im Editor verf\u00fcgbar und helfen Ihnen, das Widget speziell f\u00fcr Ihren Anwendungsfall zu konfigurieren. <\/p> <ul> <li>Nutzen Sie flexible Content-M\u00f6glichkeiten, um das Tool f\u00fcr Ihre Art von Veranstaltungen bereitzustellen. <\/li> <li>Helfen Sie Benutzern, Ereignisse zu ihren am h\u00e4ufigsten verwendeten Kalendern hinzuzuf\u00fcgen. <\/li> <li>Erstellen Sie verschiedene Arten von Veranstaltungen, geben Sie Orte an und f\u00fcgen Sie Gastgeber hinzu. <\/li> <li>Klassifizieren Sie alle Ihre Aktivit\u00e4ten und weisen Sie ihnen Tags zu. <\/li> <li>Unterscheiden Sie zwischen vier Layoutvarianten. <\/li> <\/ul> <p><a href=\"#demo\">Probieren Sie alle anderen Funktionen in der Demo aus<\/a><\/p> <\/div><div class=\"application-platform-content-item-installation application-platform-content-item\" id=\"installation\" data-nav-section=\"installation\"> <h2> Wie f\u00fcge ich meiner Joomla-Website eine Veranstaltungskalender-Erweiterung hinzu? <\/h2> <p>Um das Kalender-Plugin einzubetten, f\u00fchren Sie mehrere schnelle Schritte aus. <\/p> <ol><li><b>Nutzen Sie unsere kostenlose Demo und beginnen Sie mit der Erstellung Ihrer personalisierten Erweiterung. <\/b><br> Bestimmen Sie die ausgew\u00e4hlte Anordnung und Optionen der Erweiterung und speichern Sie alle \u00c4nderungen. <\/li> <li><b>Kopieren Sie den pers\u00f6nlichen Code, der im Fenster von Elfsight Apps angezeigt wird. <\/b><br> Kopieren Sie direkt nach Abschluss der Erstellung Ihrer Erweiterung Ihren Code aus dem angezeigten Fenster und bewahren Sie ihn f\u00fcr die zuk\u00fcnftige Verwendung auf. <\/li> <li><b>Geben Sie die Verwendung der Erweiterung auf der Joomla-Site ein. <\/b><br> Betten Sie den Code, den Sie k\u00fcrzlich kopiert haben, in Ihre Website ein und speichern Sie die \u00c4nderungen. <\/li> <li><b>Die Installation ist vollst\u00e4ndig beendet. <\/b><br> \u00d6ffnen Sie Ihre Website, um zu pr\u00fcfen, wie die Erweiterung funktioniert. <\/li><\/ol><p>Wenn Sie Rat ben\u00f6tigen oder Fragen haben, k\u00f6nnen Sie sich gerne an unseren Kundenservice wenden. Unsere Spezialisten stehen Ihnen bei jeder Anfrage gerne zur Verf\u00fcgung. <\/p> <\/div><div class=\"faq\" data-component=\"FAQ\"><div class=\"faq-item\">\r\n\t\t\t\t\t<div class=\"faq-item-question\">\r\n\t\t\t\t\t\t<h3 class=\"faq-item-question-text\">Wie bette ich einen Veranstaltungskalender in die Joomla-Site ein? <\/h3>\r\n\r\n\t\t\t\t\t\t<div class=\"faq-item-question-icon\"><\/div>\r\n\t\t\t\t\t<\/div>\r\n\r\n\t\t\t\t\t<div class=\"faq-item-answer\">\r\n\t\t\t\t\t\t<div class=\"faq-item-answer-text\"><p>Der Aufbau des Widgets ist Wird auf der Elfsight-Website durchgef\u00fchrt und erfordert keinen Code. \u00d6ffnen Sie unsere Live-Demo, um Ihre eigene App zu erstellen, erwerben Sie den Code und f\u00fcgen Sie ihn in Ihre Website ein. <\/p><\/div>\r\n\t\t\t\t\t<\/div>\r\n\t\t\t\t<\/div><div class=\"faq-item\">\r\n\t\t\t\t\t<div class=\"faq-item-question\">\r\n\t\t\t\t\t\t<h3 class=\"faq-item-question-text\">Die besten M\u00f6glichkeiten, die Online-Kalenderintegration zu nutzen<\/h3>\r\n\r\n\t\t\t\t\t\t<div class=\"faq-item-question-icon\"><\/div>\r\n\t\t\t\t\t<\/div>\r\n\r\n\t\t\t\t\t<div class=\"faq-item-answer\">\r\n\t\t\t\t\t\t<div class=\"faq-item-answer-text\"><p>Wir bieten viele Anpassungsm\u00f6glichkeiten: Widgets in voller Gr\u00f6\u00dfe zum Einf\u00fcgen in die Inhaltszone, schwebende Widgets f\u00fcr Scrollm\u00f6glichkeiten, Miniaturansichten f\u00fcr die Fu\u00dfzeile Ihrer Website, den Kopfbereich und alle Variationen vertikaler M\u00f6glichkeiten f\u00fcr Website-Seitenleisten und Men\u00fcs. <\/p><\/div>\r\n\t\t\t\t\t<\/div>\r\n\t\t\t\t<\/div><div class=\"faq-item\">\r\n\t\t\t\t\t<div class=\"faq-item-question\">\r\n\t\t\t\t\t\t<h3 class=\"faq-item-question-text\">Wie erstelle ich mit Hilfe des Herausgebers einen Club-Events- oder Slider-Kalender? <\/h3>\r\n\r\n\t\t\t\t\t\t<div class=\"faq-item-question-icon\"><\/div>\r\n\t\t\t\t\t<\/div>\r\n\r\n\t\t\t\t\t<div class=\"faq-item-answer\">\r\n\t\t\t\t\t\t<div class=\"faq-item-answer-text\"><p>Sie k\u00f6nnen gerne alle Widget-\u00c4nderungen erstellen. Im Editor stehen zahlreiche Layouts zur Verf\u00fcgung, die alle ganz einfach nach Ihren W\u00fcnschen personalisiert werden k\u00f6nnen. <\/p><\/div>\r\n\t\t\t\t\t<\/div>\r\n\t\t\t\t<\/div><\/div>","protected":false},"excerpt":{"rendered":"","protected":false},"author":9,"featured_media":0,"parent":1011,"menu_order":0,"comment_status":"closed","ping_status":"closed","template":"templates\/template-application-platform.php","meta":{"publish_to_discourse":"","publish_post_category":"","wpdc_auto_publish_overridden":"","wpdc_topic_tags":"","wpdc_pin_topic":"","wpdc_pin_until":"","discourse_post_id":"","discourse_permalink":"","wpdc_publishing_response":"","wpdc_publishing_error":"","footnotes":""},"class_list":["post-17079","page","type-page","status-publish","hentry"],"yoast_head":"<!-- This site is optimized with the Yoast SEO plugin v25.3.1 - https:\/\/yoast.com\/wordpress\/plugins\/seo\/ -->\n<title>Veranstaltungskalender \u2013 Kalendererweiterung zur Joomla-Website hinzuf\u00fcgen [2025]<\/title>\n<meta name=\"description\" content=\"Entwerfen Sie mit Elfsight Ihr Veranstaltungskalender-Widget und f\u00fcgen Sie es schnell zu Ihrer Joomla-Website hinzu. Wir bieten kostenlosen Kundensupport und andere Boni.\" \/>\n<meta name=\"robots\" content=\"index, follow, max-snippet:-1, max-image-preview:large, max-video-preview:-1\" \/>\n<link rel=\"canonical\" href=\"https:\/\/elfsight.com\/de\/event-calendar-widget\/joomla\/\" \/>\n<meta property=\"og:locale\" content=\"de_DE\" \/>\n<meta property=\"og:type\" content=\"article\" \/>\n<meta property=\"og:title\" content=\"Veranstaltungskalender \u2013 Kalendererweiterung zur Joomla-Website hinzuf\u00fcgen [2025]\" \/>\n<meta property=\"og:description\" content=\"Entwerfen Sie mit Elfsight Ihr Veranstaltungskalender-Widget und f\u00fcgen Sie es schnell zu Ihrer Joomla-Website hinzu. Wir bieten kostenlosen Kundensupport und andere Boni.\" \/>\n<meta property=\"og:url\" content=\"https:\/\/elfsight.com\/de\/event-calendar-widget\/joomla\/\" \/>\n<meta property=\"og:site_name\" content=\"Elfsight DE\" \/>\n<meta property=\"article:modified_time\" content=\"2025-07-08T10:34:39+00:00\" \/>\n<meta name=\"twitter:card\" content=\"summary_large_image\" \/>\n<meta name=\"twitter:label1\" content=\"Gesch\u00e4tzte Lesezeit\" \/>\n\t<meta name=\"twitter:data1\" content=\"4\u00a0Minuten\" \/>\n<!-- \/ Yoast SEO plugin. -->","yoast_head_json":{"title":"Veranstaltungskalender \u2013 Kalendererweiterung zur Joomla-Website hinzuf\u00fcgen [2025]","description":"Entwerfen Sie mit Elfsight Ihr Veranstaltungskalender-Widget und f\u00fcgen Sie es schnell zu Ihrer Joomla-Website hinzu. Wir bieten kostenlosen Kundensupport und andere Boni.","robots":{"index":"index","follow":"follow","max-snippet":"max-snippet:-1","max-image-preview":"max-image-preview:large","max-video-preview":"max-video-preview:-1"},"canonical":"https:\/\/elfsight.com\/de\/event-calendar-widget\/joomla\/","og_locale":"de_DE","og_type":"article","og_title":"Veranstaltungskalender \u2013 Kalendererweiterung zur Joomla-Website hinzuf\u00fcgen [2025]","og_description":"Entwerfen Sie mit Elfsight Ihr Veranstaltungskalender-Widget und f\u00fcgen Sie es schnell zu Ihrer Joomla-Website hinzu. Wir bieten kostenlosen Kundensupport und andere Boni.","og_url":"https:\/\/elfsight.com\/de\/event-calendar-widget\/joomla\/","og_site_name":"Elfsight DE","article_modified_time":"2025-07-08T10:34:39+00:00","twitter_card":"summary_large_image","twitter_misc":{"Gesch\u00e4tzte Lesezeit":"4\u00a0Minuten"},"schema":{"@context":"https:\/\/schema.org","@graph":[{"@type":"WebPage","@id":"https:\/\/elfsight.com\/de\/event-calendar-widget\/joomla\/","url":"https:\/\/elfsight.com\/de\/event-calendar-widget\/joomla\/","name":"Veranstaltungskalender \u2013 Kalendererweiterung zur Joomla-Website hinzuf\u00fcgen [2025]","isPartOf":{"@id":"https:\/\/elfsight.com\/de\/#website"},"datePublished":"2024-05-03T06:35:09+00:00","dateModified":"2025-07-08T10:34:39+00:00","description":"Entwerfen Sie mit Elfsight Ihr Veranstaltungskalender-Widget und f\u00fcgen Sie es schnell zu Ihrer Joomla-Website hinzu. Wir bieten kostenlosen Kundensupport und andere Boni.","breadcrumb":{"@id":"https:\/\/elfsight.com\/de\/event-calendar-widget\/joomla\/#breadcrumb"},"inLanguage":"de","potentialAction":[{"@type":"ReadAction","target":["https:\/\/elfsight.com\/de\/event-calendar-widget\/joomla\/"]}]},{"@type":"BreadcrumbList","@id":"https:\/\/elfsight.com\/de\/event-calendar-widget\/joomla\/#breadcrumb","itemListElement":[{"@type":"ListItem","position":1,"name":"Home","item":"https:\/\/elfsight.com\/de\/"},{"@type":"ListItem","position":2,"name":"Event Calendar","item":"https:\/\/elfsight.com\/de\/event-calendar-widget\/"},{"@type":"ListItem","position":3,"name":"Event Calendar &#8211; Joomla"}]},{"@type":"WebSite","@id":"https:\/\/elfsight.com\/de\/#website","url":"https:\/\/elfsight.com\/de\/","name":"Elfsight DE","description":"Just another Elfsight Sites site","potentialAction":[{"@type":"SearchAction","target":{"@type":"EntryPoint","urlTemplate":"https:\/\/elfsight.com\/de\/?s={search_term_string}"},"query-input":{"@type":"PropertyValueSpecification","valueRequired":true,"valueName":"search_term_string"}}],"inLanguage":"de"}]}},"meta_box":{"industry":"","seo_heading":"","heading":"","description":"","cta_heading":"","cta_description":"","application":"500","h1":"Erweiterung f\u00fcr den Joomla-Veranstaltungskalender","h1_caption":"Verwalten und teilen Sie Veranstaltungen auf Ihrer Website m\u00fchelos mit einem interaktiven und benutzerfreundlichen Veranstaltungskalender auf Ihrer Joomla-Website.","application_category":[],"applications_title":"","applications_request_title":"","applications_request_button_text":"","hero_text":"","hero_video":"","hero_video_schema_markup":"","selling_points_title":"","selling_points_caption":"","selling_points":[],"selling_points_cta_text":"","features_title":"","features":"","ed_cta_examples_text":"","ed_cta_examples_hidden":"","ed_cta_demo_text":"","ed_cta_demo_hidden":"","why_caption":"","why_editor_title":"","why_editor_text":"","why_team_title":"","why_team_text":"","why_service_title":"","why_service_text":"","template_catalog_visible":"","template_catalog_title":"","template_catalog_text":"","template_catalog_categories_visible":"","demo_title":"Erstellen Sie Ihr Eventkalender-Plugin","demo_caption":"Konfigurieren Sie Ihren Veranstaltungskalender und f\u00fcgen Sie ihn kostenlos Ihrer Joomla-Website hinzu!","default_faq_hidden":"","app_template_category":[],"platform":"259","template_public_id":"","codecanyon_url":"","codecanyon_item_id":"","codecanyon_price":"","pricing_caption":"","pricing_elfsight_apps_hide_column":"","pricing_elfsight_apps_url":"","pricing_codecanyon_price_caption":"","integration_category":[],"integration_request_title":"","integration_request_cta":"","integration_platform":"","integrations":[],"platform_category":[],"video_schema_markup":"","price":"ab 0 $ \/ Monat","trial":"","benefits":[{"text":"Kostenloser Installationsservice"},{"text":"Kompetenter Kundenservice"},{"text":"14-t\u00e4gige Geld-zur\u00fcck-Garantie"},{"text":"Lebenslange kostenlose Updates"}],"button_url":"#demo","button_target_blank":"","button_nofollow":"","attributes":[{"name":"Installiert","content":"100,000 - 500,000"},{"name":"Reaktionsfreudig","content":"Ja"},{"name":"Kompatible Browser","content":"IE11, Firefox, Safari, Opera, Chrome, Edge"}],"tags":[],"tags_disable_links":"","hide_more_platforms":"","video_object":"","demo_hide_cta":"","demo_hide_cloud_options":"","pricing_title":"","pricing":[{"pricing_icon":"platform","pricing_title":"Elfsight Apps","pricing_title_caption":"Plattform\u00fcbergreifende digitale L\u00f6sung","pricing_price":"ab 0 $ \/ Monat","pricing_price_caption":"Beginnen Sie mit einem kostenlosen Plan","pricing_benefits":[{"text":"Unbegrenzte Domains"},{"text":"Schnelle Unternehmensunterst\u00fctzung"},{"text":"Kostenloser Installationsservice"},{"text":"Sonderangebot f\u00fcr mehrere Apps"}],"pricing_button_text":"Zur Website hinzuf\u00fcgen","pricing_button_url":"#demo"}],"related_apps_title":"","related_apps_hidden":"","author":"","image":[],"title":"","job":"","social_networks":[]},"_links":{"self":[{"href":"https:\/\/elfsight.com\/de\/wp-json\/wp\/v2\/pages\/17079","targetHints":{"allow":["GET"]}}],"collection":[{"href":"https:\/\/elfsight.com\/de\/wp-json\/wp\/v2\/pages"}],"about":[{"href":"https:\/\/elfsight.com\/de\/wp-json\/wp\/v2\/types\/page"}],"author":[{"embeddable":true,"href":"https:\/\/elfsight.com\/de\/wp-json\/wp\/v2\/users\/9"}],"replies":[{"embeddable":true,"href":"https:\/\/elfsight.com\/de\/wp-json\/wp\/v2\/comments?post=17079"}],"version-history":[{"count":2,"href":"https:\/\/elfsight.com\/de\/wp-json\/wp\/v2\/pages\/17079\/revisions"}],"predecessor-version":[{"id":21490,"href":"https:\/\/elfsight.com\/de\/wp-json\/wp\/v2\/pages\/17079\/revisions\/21490"}],"up":[{"embeddable":true,"href":"https:\/\/elfsight.com\/de\/wp-json\/wp\/v2\/pages\/1011"}],"wp:attachment":[{"href":"https:\/\/elfsight.com\/de\/wp-json\/wp\/v2\/media?parent=17079"}],"curies":[{"name":"wp","href":"https:\/\/api.w.org\/{rel}","templated":true}]}}