{"id":17074,"date":"2024-05-03T06:35:08","date_gmt":"2024-05-03T06:35:08","guid":{"rendered":"https:\/\/elfsight.com\/de\/?page_id=17074"},"modified":"2025-07-08T10:34:45","modified_gmt":"2025-07-08T10:34:45","slug":"jquery","status":"publish","type":"page","link":"https:\/\/elfsight.com\/de\/event-calendar-widget\/jquery\/","title":{"rendered":"Event Calendar &#8211; jQuery"},"content":{"rendered":"<div class=\"application-platform-content-item-description application-platform-content-item\" id=\"description\" data-nav-section=\"description\"> <h2>Veranstaltungskalender mit Elfsight-Widget einbetten<\/h2> <p>Der Elfsight-Kalender ist ein leistungsstarkes Plugin, mit dem Sie Ihre Aktivit\u00e4ten m\u00fchelos mit den anderen teilen k\u00f6nnen der Welt. Es bietet zahlreiche M\u00f6glichkeiten, bevorstehende Veranstaltungen m\u00f6glichst repr\u00e4sentativ darzustellen. Personalisieren Sie es, um das Design mit dem Stil Ihrer Website zu verschmelzen. Erstellen Sie eine unbegrenzte Anzahl von Ereignissen, f\u00fcgen Sie mehrere Tags hinzu, laden Sie Ihre benutzerdefinierten Bilder und Videos hoch und halten Sie Ihre Benutzer \u00fcber Ihre Agenda auf dem Laufenden.<\/p><p>Ein interaktives jQuery-Kalender-Plugin schafft Bewusstsein f\u00fcr den Interessenbereich Ihres Unternehmens. Dar\u00fcber hinaus steigert es die Popularit\u00e4t Ihres Unternehmens, wenn Sie mehr Veranstaltungen organisieren. Sie haben die M\u00f6glichkeit, Ihr jQuery-Ereigniskalender-Widget auf allen Seiten Ihrer jQuery-Website oder nur auf ausgew\u00e4hlten Seiten zu ver\u00f6ffentlichen. Mit dem jQuery-Veranstaltungskalender auf Ihrer Website k\u00f6nnen Sie au\u00dferdem mehr Inhalte f\u00fcr Ihre Website einbetten, was f\u00fcr Suchmaschinen immer ein gutes Beispiel f\u00fcr die Arbeit ist, die Sie an Ihrer Website leisten. Suchmaschinen schauen sich Ihre Website st\u00e4ndig an und wenn sie neue Inhalte wie Ihren responsiven Veranstaltungskalender finden, stufen sie Ihre Website als wesentlich passender ein und k\u00f6nnen die Chancen erh\u00f6hen, Ihre Website auszuw\u00e4hlen, wenn Benutzer eine Online-Suche durchf\u00fchren. Zus\u00e4tzlich zu Veranstaltungen kann das Hinzuf\u00fcgen eines Terminkalenders in den Augen Ihrer Kunden einen Mehrwert f\u00fcr Ihre Website darstellen. Sie k\u00f6nnen den jQuery-Terminkalender gerne nutzen, um die Beteiligung Ihrer Kunden zu steigern. Wie ein Blog-Beitrag hilft Ihnen ein responsiver jQuery-Veranstaltungskalender dabei, mit Ihren Kunden zu interagieren, indem er sie dazu motiviert, sich f\u00fcr bestimmte Veranstaltungen anzumelden, und Ihnen sogar andere Anl\u00e4sse empfehlen kann, die sie vielleicht besuchen m\u00f6chten. Die Integration einer solchen Option zum Anzeigen von Ereignissen auf Ihrer jQuery-Website ist einfach.<\/p><p><b>Mit unserem Ereigniskalender-Widget k\u00f6nnen Sie Ihre zuk\u00fcnftigen Ereignisse schnell anzeigen und das Engagement auf Ihrer Website verbessern.<\/b><\/p><\/div><div class=\"application-platform-content-item-features application-platform-content-item\" id=\"features\" data-nav-section=\"features\"> <h2>Hauptfunktionen des Event Calendar Plugin<\/h2> <p>\u00dcberpr\u00fcfen Sie alle funktionalen Merkmale des jQuery Event Calendar. Sie sind direkt im Editor verf\u00fcgbar und helfen Ihnen bei der Erstellung des Widgets, das Ihren Anforderungen entspricht. <\/p> <ul> <li>Nutzen Sie praktikable Content-M\u00f6glichkeiten, um den Kalender an Ihre Art von Veranstaltungen anzupassen. <\/li> <li>Geben Sie Benutzern die M\u00f6glichkeit, Ihre Ereignisse zu ihren am h\u00e4ufigsten verwendeten Kalendern hinzuzuf\u00fcgen. <\/li> <li>Generieren Sie verschiedene Arten von Veranstaltungen, markieren Sie Orte und f\u00fcgen Sie Gastgeber hinzu. <\/li> <li>Klassifizieren Sie alle Ihre Ereignisse und weisen Sie ihnen Tags zu. <\/li> <li>W\u00e4hlen Sie zwischen 4 Layoutoptionen. <\/li> <\/ul> <p><a href=\"#demo\">\u00dcberpr\u00fcfen Sie alle anderen Funktionen in der Demo<\/a><\/p> <\/div><div class=\"application-platform-content-item-installation application-platform-content-item\" id=\"installation\" data-nav-section=\"installation\"> <h2> Wie f\u00fcge ich einen Veranstaltungskalender zu meiner jQuery-Website hinzu? <\/h2> <p>Um ein Widget hinzuzuf\u00fcgen, befolgen Sie die nachstehenden Anweisungen. <\/p> <ul> <li><b>Erstellen Sie Ihr pers\u00f6nliches Eventkalender-Plugin<\/b><br> Erstellen Sie mit unserer kostenlosen Demo ein Widget mit benutzerdefiniertem Layout und funktionalen Merkmalen.<\/li> <li><b>Erhalten Sie den pers\u00f6nlichen Code zum Ver\u00f6ffentlichen des Plugins<\/b><br> Nachdem Sie Ihr Widget erstellt haben, erhalten Sie Ihren Installationscode \u00fcber die Popup-Benachrichtigung auf Elfsight Apps. Kopieren Sie den Code zur weiteren Verwendung. <\/li> <li><b>Betten Sie das Plugin in Ihre Website ein<\/b><br> Definieren Sie den Ort, an dem Sie das Widget integrieren m\u00f6chten, und f\u00fcgen Sie den gespeicherten Code dort ein. Speichern Sie die \u00c4nderungen. <\/li> <li><b>Fertig! <\/b><br> Geben Sie Ihre Website ein, um Ihr Kalender-Widget anzuzeigen. <\/li> <\/ul> <p>Nehmen Sie sich eine Minute Zeit, um unseren Kundensupport zu erreichen, falls Sie Hilfe ben\u00f6tigen oder Fragen haben. Unsere Spezialisten helfen Ihnen gerne bei jeder Anfrage weiter.<\/p> <\/div><div class=\"faq\" data-component=\"FAQ\"><div class=\"faq-item\">\r\n\t\t\t\t\t<div class=\"faq-item-question\">\r\n\t\t\t\t\t\t<h3 class=\"faq-item-question-text\">Wie binde ich einen Veranstaltungskalender in die Joomla-Site ein? <\/h3>\r\n\r\n\t\t\t\t\t\t<div class=\"faq-item-question-icon\"><\/div>\r\n\t\t\t\t\t<\/div>\r\n\r\n\t\t\t\t\t<div class=\"faq-item-answer\">\r\n\t\t\t\t\t\t<div class=\"faq-item-answer-text\"><p>Die Erstellung des Widgets erfolgt innerhalb der Elfsight-Site und es ist kein Code erforderlich. \u00d6ffnen Sie unsere Live-Demo, um Ihre eigene App zu erstellen, erwerben Sie den Code und f\u00fcgen Sie ihn in Ihre Website ein. <\/p><\/div>\r\n\t\t\t\t\t<\/div>\r\n\t\t\t\t<\/div><div class=\"faq-item\">\r\n\t\t\t\t\t<div class=\"faq-item-question\">\r\n\t\t\t\t\t\t<h3 class=\"faq-item-question-text\">Die besten M\u00f6glichkeiten, die Online-Kalenderintegration zu nutzen<\/h3>\r\n\r\n\t\t\t\t\t\t<div class=\"faq-item-question-icon\"><\/div>\r\n\t\t\t\t\t<\/div>\r\n\r\n\t\t\t\t\t<div class=\"faq-item-answer\">\r\n\t\t\t\t\t\t<div class=\"faq-item-answer-text\"><p>Wir bieten viele Anpassungsm\u00f6glichkeiten: Widgets in voller Gr\u00f6\u00dfe zum Einf\u00fcgen in die Inhaltszone, schwebende Widgets f\u00fcr Scrollm\u00f6glichkeiten, Miniaturansichten f\u00fcr die Fu\u00dfzeile Ihrer Website, den Kopfbereich und alle Variationen vertikaler M\u00f6glichkeiten f\u00fcr Website-Seitenleisten und Men\u00fcs. <\/p><\/div>\r\n\t\t\t\t\t<\/div>\r\n\t\t\t\t<\/div><div class=\"faq-item\">\r\n\t\t\t\t\t<div class=\"faq-item-question\">\r\n\t\t\t\t\t\t<h3 class=\"faq-item-question-text\">Wie erstelle ich mit Hilfe des Herausgebers einen Club-Events- oder Slider-Kalender? <\/h3>\r\n\r\n\t\t\t\t\t\t<div class=\"faq-item-question-icon\"><\/div>\r\n\t\t\t\t\t<\/div>\r\n\r\n\t\t\t\t\t<div class=\"faq-item-answer\">\r\n\t\t\t\t\t\t<div class=\"faq-item-answer-text\"><p>Sie k\u00f6nnen gerne alle Widget-\u00c4nderungen erstellen. Im Editor stehen zahlreiche Layouts zur Verf\u00fcgung, die alle ganz einfach nach Ihren W\u00fcnschen personalisiert werden k\u00f6nnen. <\/p><\/div>\r\n\t\t\t\t\t<\/div>\r\n\t\t\t\t<\/div><\/div>","protected":false},"excerpt":{"rendered":"","protected":false},"author":9,"featured_media":0,"parent":1011,"menu_order":0,"comment_status":"closed","ping_status":"closed","template":"templates\/template-application-platform.php","meta":{"publish_to_discourse":"","publish_post_category":"","wpdc_auto_publish_overridden":"","wpdc_topic_tags":"","wpdc_pin_topic":"","wpdc_pin_until":"","discourse_post_id":"","discourse_permalink":"","wpdc_publishing_response":"","wpdc_publishing_error":"","footnotes":""},"class_list":["post-17074","page","type-page","status-publish","hentry"],"yoast_head":"<!-- This site is optimized with the Yoast SEO plugin v25.3.1 - https:\/\/yoast.com\/wordpress\/plugins\/seo\/ -->\n<title>Veranstaltungskalender \u2013 Kalender-Widget zur jQuery-Website hinzuf\u00fcgen [2025]<\/title>\n<meta name=\"description\" content=\"Entwerfen Sie mit Elfsight Ihr Veranstaltungskalender-Plugin und f\u00fcgen Sie es schnell auf Ihrer jQuery-Website hinzu. Wir bieten kostenlosen Kundensupport und andere Boni.\" \/>\n<meta name=\"robots\" content=\"index, follow, max-snippet:-1, max-image-preview:large, max-video-preview:-1\" \/>\n<link rel=\"canonical\" href=\"https:\/\/elfsight.com\/de\/event-calendar-widget\/jquery\/\" \/>\n<meta property=\"og:locale\" content=\"de_DE\" \/>\n<meta property=\"og:type\" content=\"article\" \/>\n<meta property=\"og:title\" content=\"Veranstaltungskalender \u2013 Kalender-Widget zur jQuery-Website hinzuf\u00fcgen [2025]\" \/>\n<meta property=\"og:description\" content=\"Entwerfen Sie mit Elfsight Ihr Veranstaltungskalender-Plugin und f\u00fcgen Sie es schnell auf Ihrer jQuery-Website hinzu. Wir bieten kostenlosen Kundensupport und andere Boni.\" \/>\n<meta property=\"og:url\" content=\"https:\/\/elfsight.com\/de\/event-calendar-widget\/jquery\/\" \/>\n<meta property=\"og:site_name\" content=\"Elfsight DE\" \/>\n<meta property=\"article:modified_time\" content=\"2025-07-08T10:34:45+00:00\" \/>\n<meta name=\"twitter:card\" content=\"summary_large_image\" \/>\n<meta name=\"twitter:label1\" content=\"Gesch\u00e4tzte Lesezeit\" \/>\n\t<meta name=\"twitter:data1\" content=\"4\u00a0Minuten\" \/>\n<!-- \/ Yoast SEO plugin. -->","yoast_head_json":{"title":"Veranstaltungskalender \u2013 Kalender-Widget zur jQuery-Website hinzuf\u00fcgen [2025]","description":"Entwerfen Sie mit Elfsight Ihr Veranstaltungskalender-Plugin und f\u00fcgen Sie es schnell auf Ihrer jQuery-Website hinzu. Wir bieten kostenlosen Kundensupport und andere Boni.","robots":{"index":"index","follow":"follow","max-snippet":"max-snippet:-1","max-image-preview":"max-image-preview:large","max-video-preview":"max-video-preview:-1"},"canonical":"https:\/\/elfsight.com\/de\/event-calendar-widget\/jquery\/","og_locale":"de_DE","og_type":"article","og_title":"Veranstaltungskalender \u2013 Kalender-Widget zur jQuery-Website hinzuf\u00fcgen [2025]","og_description":"Entwerfen Sie mit Elfsight Ihr Veranstaltungskalender-Plugin und f\u00fcgen Sie es schnell auf Ihrer jQuery-Website hinzu. Wir bieten kostenlosen Kundensupport und andere Boni.","og_url":"https:\/\/elfsight.com\/de\/event-calendar-widget\/jquery\/","og_site_name":"Elfsight DE","article_modified_time":"2025-07-08T10:34:45+00:00","twitter_card":"summary_large_image","twitter_misc":{"Gesch\u00e4tzte Lesezeit":"4\u00a0Minuten"},"schema":{"@context":"https:\/\/schema.org","@graph":[{"@type":"WebPage","@id":"https:\/\/elfsight.com\/de\/event-calendar-widget\/jquery\/","url":"https:\/\/elfsight.com\/de\/event-calendar-widget\/jquery\/","name":"Veranstaltungskalender \u2013 Kalender-Widget zur jQuery-Website hinzuf\u00fcgen [2025]","isPartOf":{"@id":"https:\/\/elfsight.com\/de\/#website"},"datePublished":"2024-05-03T06:35:08+00:00","dateModified":"2025-07-08T10:34:45+00:00","description":"Entwerfen Sie mit Elfsight Ihr Veranstaltungskalender-Plugin und f\u00fcgen Sie es schnell auf Ihrer jQuery-Website hinzu. Wir bieten kostenlosen Kundensupport und andere Boni.","breadcrumb":{"@id":"https:\/\/elfsight.com\/de\/event-calendar-widget\/jquery\/#breadcrumb"},"inLanguage":"de","potentialAction":[{"@type":"ReadAction","target":["https:\/\/elfsight.com\/de\/event-calendar-widget\/jquery\/"]}]},{"@type":"BreadcrumbList","@id":"https:\/\/elfsight.com\/de\/event-calendar-widget\/jquery\/#breadcrumb","itemListElement":[{"@type":"ListItem","position":1,"name":"Home","item":"https:\/\/elfsight.com\/de\/"},{"@type":"ListItem","position":2,"name":"Event Calendar","item":"https:\/\/elfsight.com\/de\/event-calendar-widget\/"},{"@type":"ListItem","position":3,"name":"Event Calendar &#8211; jQuery"}]},{"@type":"WebSite","@id":"https:\/\/elfsight.com\/de\/#website","url":"https:\/\/elfsight.com\/de\/","name":"Elfsight DE","description":"Just another Elfsight Sites site","potentialAction":[{"@type":"SearchAction","target":{"@type":"EntryPoint","urlTemplate":"https:\/\/elfsight.com\/de\/?s={search_term_string}"},"query-input":{"@type":"PropertyValueSpecification","valueRequired":true,"valueName":"search_term_string"}}],"inLanguage":"de"}]}},"meta_box":{"industry":"","seo_heading":"","heading":"","description":"","cta_heading":"","cta_description":"","application":"500","h1":"jQuery-Ereigniskalender-Plugin","h1_caption":"Verwalten und teilen Sie Veranstaltungen auf Ihrer Website m\u00fchelos mit einem interaktiven und benutzerfreundlichen Veranstaltungskalender auf Ihrer jQuery-Website.","application_category":[],"applications_title":"","applications_request_title":"","applications_request_button_text":"","hero_text":"","hero_video":"","hero_video_schema_markup":"","selling_points_title":"","selling_points_caption":"","selling_points":[],"selling_points_cta_text":"","features_title":"","features":"","ed_cta_examples_text":"","ed_cta_examples_hidden":"","ed_cta_demo_text":"","ed_cta_demo_hidden":"","why_caption":"","why_editor_title":"","why_editor_text":"","why_team_title":"","why_team_text":"","why_service_title":"","why_service_text":"","template_catalog_visible":"","template_catalog_title":"","template_catalog_text":"","template_catalog_categories_visible":"","demo_title":"Erstellen Sie Ihr Eventkalender-Plugin","demo_caption":"Konfigurieren Sie Ihren Veranstaltungskalender und f\u00fcgen Sie ihn kostenlos zu Ihrer jQuery-Website hinzu!","default_faq_hidden":"","app_template_category":[],"platform":"258","template_public_id":"","codecanyon_url":"","codecanyon_item_id":"","codecanyon_price":"","pricing_caption":"","pricing_elfsight_apps_hide_column":"","pricing_elfsight_apps_url":"","pricing_codecanyon_price_caption":"","integration_category":[],"integration_request_title":"","integration_request_cta":"","integration_platform":"","integrations":[],"platform_category":[],"video_schema_markup":"","price":"ab 0 $ \/ Monat","trial":"","benefits":[{"text":"Kostenlose Installationsunterst\u00fctzung"},{"text":"Erfahrener Kundensupport"},{"text":"14-t\u00e4gige Geld-zur\u00fcck-Garantie"},{"text":"Regelm\u00e4\u00dfige kostenlose Verbesserungen"}],"button_url":"#demo","button_target_blank":"","button_nofollow":"","attributes":[{"name":"Installiert","content":"100,000 - 500,000"},{"name":"Reaktionsfreudig","content":"Ja"},{"name":"Kompatible Browser","content":"Firefox, Safari, Opera, Chrome, Edge"}],"tags":[],"tags_disable_links":"","hide_more_platforms":"","video_object":"","demo_hide_cta":"","demo_hide_cloud_options":"","pricing_title":"","pricing":[{"pricing_icon":"platform","pricing_title":"Elfsight Apps","pricing_title_caption":"Plattform\u00fcbergreifende L\u00f6sung, die f\u00fcr jede Website geeignet ist","pricing_price":"ab 0 $ \/ Monat","pricing_price_caption":"Beginnen Sie mit einem kostenlosen Plan","pricing_benefits":[{"text":"Unbegrenzte Websites"},{"text":"Engagierter und p\u00fcnktlicher Support"},{"text":"Kostenlose Installationsunterst\u00fctzung"},{"text":"100 % anpassbar"}],"pricing_button_text":"Zur Website hinzuf\u00fcgen","pricing_button_url":"#demo"}],"related_apps_title":"","related_apps_hidden":"","author":"","image":[],"title":"","job":"","social_networks":[]},"_links":{"self":[{"href":"https:\/\/elfsight.com\/de\/wp-json\/wp\/v2\/pages\/17074","targetHints":{"allow":["GET"]}}],"collection":[{"href":"https:\/\/elfsight.com\/de\/wp-json\/wp\/v2\/pages"}],"about":[{"href":"https:\/\/elfsight.com\/de\/wp-json\/wp\/v2\/types\/page"}],"author":[{"embeddable":true,"href":"https:\/\/elfsight.com\/de\/wp-json\/wp\/v2\/users\/9"}],"replies":[{"embeddable":true,"href":"https:\/\/elfsight.com\/de\/wp-json\/wp\/v2\/comments?post=17074"}],"version-history":[{"count":2,"href":"https:\/\/elfsight.com\/de\/wp-json\/wp\/v2\/pages\/17074\/revisions"}],"predecessor-version":[{"id":21489,"href":"https:\/\/elfsight.com\/de\/wp-json\/wp\/v2\/pages\/17074\/revisions\/21489"}],"up":[{"embeddable":true,"href":"https:\/\/elfsight.com\/de\/wp-json\/wp\/v2\/pages\/1011"}],"wp:attachment":[{"href":"https:\/\/elfsight.com\/de\/wp-json\/wp\/v2\/media?parent=17074"}],"curies":[{"name":"wp","href":"https:\/\/api.w.org\/{rel}","templated":true}]}}