{"id":17073,"date":"2024-05-03T06:35:07","date_gmt":"2024-05-03T06:35:07","guid":{"rendered":"https:\/\/elfsight.com\/de\/?page_id=17073"},"modified":"2025-07-08T10:34:28","modified_gmt":"2025-07-08T10:34:28","slug":"iframe","status":"publish","type":"page","link":"https:\/\/elfsight.com\/de\/event-calendar-widget\/iframe\/","title":{"rendered":"Event Calendar &#8211; iFrame"},"content":{"rendered":"<div class=\"application-platform-content-item-description application-platform-content-item\" id=\"description\" data-nav-section=\"description\"> <h2>Veranstaltungskalender mit Elfsight-Widget einbetten<\/h2> <p>Unser Kalender ist ein leistungsstarkes Widget, mit dem Sie Ihre Aktivit\u00e4ten m\u00fchelos mit dem Rest teilen k\u00f6nnen die Welt. Es enth\u00e4lt zahlreiche M\u00f6glichkeiten, anstehende Aktivit\u00e4ten auf eindrucksvolle Weise zu demonstrieren. Passen Sie es an, um das Design mit dem Stil Ihrer Seite zu kombinieren. Erstellen Sie eine unbegrenzte Anzahl von Veranstaltungen, f\u00fcgen Sie Tags hinzu, laden Sie Ihre benutzerdefinierten Bilder und Videos hoch und halten Sie das Publikum \u00fcber Ihre Pl\u00e4ne auf dem Laufenden. <\/p> <p><b>Das Elfsight-Veranstaltungskalender-Widget kann Ihnen dabei helfen, Ihre bevorstehenden Veranstaltungen einfach zu pr\u00e4sentieren und die Engagement-Rate auf Ihrer Website zu erh\u00f6hen. <\/b><\/p> <\/div> <div class=\"application-platform-content-item-features application-platform-content-item\" id=\"features\" data-nav-section=\"features\"> <h2>Hauptfunktionen des Event Calendar Widget<\/h2> <p>Hier k\u00f6nnen Sie alle funktionalen Merkmale des iFrame Event Calendar sehen. Sie sind direkt im Editor verf\u00fcgbar und helfen Ihnen dabei, das Widget genau f\u00fcr Ihren Anwendungsfall zu gestalten. <\/p> <ul> <li>Verwenden Sie praktikable Inhaltsoptionen, um das Widget f\u00fcr Ihre Art von Ereignissen zu verstehen. <\/li> <li>Erm\u00f6glichen Sie Benutzern, Ereignisse zu ihren h\u00e4ufig verwendeten Kalendern hinzuzuf\u00fcgen. <\/li> <li>Erstellen Sie verschiedene Arten von Veranstaltungen, markieren Sie Orte und f\u00fcgen Sie Gastgeber hinzu. <\/li> <li>Kategorisieren Sie alle Ihre Aktivit\u00e4ten und weisen Sie ihnen Tags zu. <\/li> <li>W\u00e4hlen Sie zwischen vier Layoutvarianten. <\/li> <\/ul> <p><a href=\"#demo\">\u00dcberpr\u00fcfen Sie in unserer Demo, wie alle Funktionen funktionieren<\/a><\/p> <\/div> <div class=\"application-platform-content-item-installation application-platform-content-item\" id=\"installation\" data-nav-section=\"installation\"> <h2>Wie kann ich einen Veranstaltungskalender in meine iFrame-Site einbetten? <\/h2> <p>Um das Widget einzubetten, f\u00fchren Sie einfach mehrere schnelle Schritte aus. <\/p> <ul> <li><b>Erstellen Sie Ihr ma\u00dfgeschneidertes Kalender-Widget<\/b><br> Erhalten Sie mit unserer kostenlosen Demo ein Plugin mit Ihrem bevorzugten Aussehen und Ihren bevorzugten Funktionen. <\/li> <li><b>Kopieren Sie den individuellen Code, um das Widget hinzuzuf\u00fcgen<\/b><br> Nachdem Sie Ihr Widget eingerichtet haben, erhalten Sie Ihren Installationscode aus der erscheinenden Benachrichtigung auf Elfsight Apps. Kopieren Sie den Code. <\/li> <li><b>Integrieren Sie das Widget in Ihre Website<\/b><br> Definieren Sie den Ort, an dem Sie das Plugin hinzuf\u00fcgen m\u00f6chten, und f\u00fcgen Sie dort den gespeicherten Code ein. Ver\u00f6ffentlichen Sie die \u00c4nderungen. <\/li> <li><b>Sie haben die Installation vollst\u00e4ndig abgeschlossen<\/b><br> Gehen Sie zur Website, um Ihre Arbeit zu \u00fcberpr\u00fcfen. <\/li> <\/ul> <p>Z\u00f6gern Sie nicht, sich an unseren Support zu wenden, wenn Sie Rat ben\u00f6tigen oder Fragen haben. Unsere Spezialisten helfen Ihnen bei jeder Anfrage weiter. <\/p> <\/div><div class=\"faq\" data-component=\"FAQ\"><div class=\"faq-item\">\r\n\t\t\t\t\t<div class=\"faq-item-question\">\r\n\t\t\t\t\t\t<h3 class=\"faq-item-question-text\">Wie bette ich den Veranstaltungskalender ohne Programmiererfahrung in meine iFrame-Homepage ein?<\/h3>\r\n\r\n\t\t\t\t\t\t<div class=\"faq-item-question-icon\"><\/div>\r\n\t\t\t\t\t<\/div>\r\n\r\n\t\t\t\t\t<div class=\"faq-item-answer\">\r\n\t\t\t\t\t\t<div class=\"faq-item-answer-text\"><p>Das Unternehmen Elfsight bietet ein SaaS an L\u00f6sung, mit der Benutzer selbst einen Abschnitt f\u00fcr einen Veranstaltungskalender erstellen k\u00f6nnen. Erfahren Sie, wie unkompliziert der Vorgang ist: <\/p><ul><li>Generieren Sie direkt im Live-Editor eine Veranstaltungskalender-App, die Sie gerne auf iFrame sehen w\u00fcrden.<\/li><li>W\u00e4hlen Sie eine unserer vorgefertigten Vorlagen und passen Sie die Einstellungen des Veranstaltungskalenders an, \u00e4ndern Sie das Layout und das Farbschema und f\u00fcgen Sie Ihre Inhalte ohne Programmierkenntnisse hinzu.<\/li><li>Speichern Sie den Veranstaltungskalender und holen Sie sich den Code des Plugins zum Einbetten, das Sie einfach in Ihre iFrame-Website einf\u00fcgen k\u00f6nnen, ohne eine kostenpflichtige Version kaufen zu m\u00fcssen. <\/li><\/ul><p>Mit unserem unkomplizierten Konfigurator kann jeder Webbenutzer online ein Veranstaltungskalender-Widget erstellen und es m\u00fchelos in die iFrame-Site einf\u00fcgen. Sie d\u00fcrfen keinen kostenpflichtigen Plan abschlie\u00dfen oder Ihre Kartendaten offenlegen, um an dem Dienst teilzunehmen. Sollten bei irgendeinem Schritt Probleme auftreten, wenden Sie sich bitte an unser technisches Support-Team.<\/p><\/div>\r\n\t\t\t\t\t<\/div>\r\n\t\t\t\t<\/div><\/div>","protected":false},"excerpt":{"rendered":"","protected":false},"author":9,"featured_media":0,"parent":1011,"menu_order":0,"comment_status":"closed","ping_status":"closed","template":"templates\/template-application-platform.php","meta":{"publish_to_discourse":"","publish_post_category":"","wpdc_auto_publish_overridden":"","wpdc_topic_tags":"","wpdc_pin_topic":"","wpdc_pin_until":"","discourse_post_id":"","discourse_permalink":"","wpdc_publishing_response":"","wpdc_publishing_error":"","footnotes":""},"class_list":["post-17073","page","type-page","status-publish","hentry"],"yoast_head":"<!-- This site is optimized with the Yoast SEO plugin v25.3.1 - https:\/\/yoast.com\/wordpress\/plugins\/seo\/ -->\n<title>Veranstaltungskalender \u2013 Kalender-Widget zur iFrame-Website hinzuf\u00fcgen (2025)<\/title>\n<meta name=\"description\" content=\"Entwerfen Sie mit Elfsight Ihr Veranstaltungskalender-Widget und f\u00fcgen Sie es schnell auf Ihrer iFrame-Website hinzu. Wir bieten kostenlosen Kundensupport und andere Boni.\" \/>\n<meta name=\"robots\" content=\"index, follow, max-snippet:-1, max-image-preview:large, max-video-preview:-1\" \/>\n<link rel=\"canonical\" href=\"https:\/\/elfsight.com\/de\/event-calendar-widget\/iframe\/\" \/>\n<meta property=\"og:locale\" content=\"de_DE\" \/>\n<meta property=\"og:type\" content=\"article\" \/>\n<meta property=\"og:title\" content=\"Veranstaltungskalender \u2013 Kalender-Widget zur iFrame-Website hinzuf\u00fcgen (2025)\" \/>\n<meta property=\"og:description\" content=\"Entwerfen Sie mit Elfsight Ihr Veranstaltungskalender-Widget und f\u00fcgen Sie es schnell auf Ihrer iFrame-Website hinzu. Wir bieten kostenlosen Kundensupport und andere Boni.\" \/>\n<meta property=\"og:url\" content=\"https:\/\/elfsight.com\/de\/event-calendar-widget\/iframe\/\" \/>\n<meta property=\"og:site_name\" content=\"Elfsight DE\" \/>\n<meta property=\"article:modified_time\" content=\"2025-07-08T10:34:28+00:00\" \/>\n<meta name=\"twitter:card\" content=\"summary_large_image\" \/>\n<meta name=\"twitter:label1\" content=\"Gesch\u00e4tzte Lesezeit\" \/>\n\t<meta name=\"twitter:data1\" content=\"3\u00a0Minuten\" \/>\n<!-- \/ Yoast SEO plugin. -->","yoast_head_json":{"title":"Veranstaltungskalender \u2013 Kalender-Widget zur iFrame-Website hinzuf\u00fcgen (2025)","description":"Entwerfen Sie mit Elfsight Ihr Veranstaltungskalender-Widget und f\u00fcgen Sie es schnell auf Ihrer iFrame-Website hinzu. Wir bieten kostenlosen Kundensupport und andere Boni.","robots":{"index":"index","follow":"follow","max-snippet":"max-snippet:-1","max-image-preview":"max-image-preview:large","max-video-preview":"max-video-preview:-1"},"canonical":"https:\/\/elfsight.com\/de\/event-calendar-widget\/iframe\/","og_locale":"de_DE","og_type":"article","og_title":"Veranstaltungskalender \u2013 Kalender-Widget zur iFrame-Website hinzuf\u00fcgen (2025)","og_description":"Entwerfen Sie mit Elfsight Ihr Veranstaltungskalender-Widget und f\u00fcgen Sie es schnell auf Ihrer iFrame-Website hinzu. Wir bieten kostenlosen Kundensupport und andere Boni.","og_url":"https:\/\/elfsight.com\/de\/event-calendar-widget\/iframe\/","og_site_name":"Elfsight DE","article_modified_time":"2025-07-08T10:34:28+00:00","twitter_card":"summary_large_image","twitter_misc":{"Gesch\u00e4tzte Lesezeit":"3\u00a0Minuten"},"schema":{"@context":"https:\/\/schema.org","@graph":[{"@type":"WebPage","@id":"https:\/\/elfsight.com\/de\/event-calendar-widget\/iframe\/","url":"https:\/\/elfsight.com\/de\/event-calendar-widget\/iframe\/","name":"Veranstaltungskalender \u2013 Kalender-Widget zur iFrame-Website hinzuf\u00fcgen (2025)","isPartOf":{"@id":"https:\/\/elfsight.com\/de\/#website"},"datePublished":"2024-05-03T06:35:07+00:00","dateModified":"2025-07-08T10:34:28+00:00","description":"Entwerfen Sie mit Elfsight Ihr Veranstaltungskalender-Widget und f\u00fcgen Sie es schnell auf Ihrer iFrame-Website hinzu. Wir bieten kostenlosen Kundensupport und andere Boni.","breadcrumb":{"@id":"https:\/\/elfsight.com\/de\/event-calendar-widget\/iframe\/#breadcrumb"},"inLanguage":"de","potentialAction":[{"@type":"ReadAction","target":["https:\/\/elfsight.com\/de\/event-calendar-widget\/iframe\/"]}]},{"@type":"BreadcrumbList","@id":"https:\/\/elfsight.com\/de\/event-calendar-widget\/iframe\/#breadcrumb","itemListElement":[{"@type":"ListItem","position":1,"name":"Home","item":"https:\/\/elfsight.com\/de\/"},{"@type":"ListItem","position":2,"name":"Event Calendar","item":"https:\/\/elfsight.com\/de\/event-calendar-widget\/"},{"@type":"ListItem","position":3,"name":"Event Calendar &#8211; iFrame"}]},{"@type":"WebSite","@id":"https:\/\/elfsight.com\/de\/#website","url":"https:\/\/elfsight.com\/de\/","name":"Elfsight DE","description":"Just another Elfsight Sites site","potentialAction":[{"@type":"SearchAction","target":{"@type":"EntryPoint","urlTemplate":"https:\/\/elfsight.com\/de\/?s={search_term_string}"},"query-input":{"@type":"PropertyValueSpecification","valueRequired":true,"valueName":"search_term_string"}}],"inLanguage":"de"}]}},"meta_box":{"industry":"","seo_heading":"","heading":"","description":"","cta_heading":"","cta_description":"","application":"500","h1":"iFrame-Ereigniskalender-Widget","h1_caption":"Verwalten und teilen Sie Veranstaltungen auf Ihrer Website m\u00fchelos mit einem interaktiven und benutzerfreundlichen Veranstaltungskalender auf Ihrer iFrame-Website.","application_category":[],"applications_title":"","applications_request_title":"","applications_request_button_text":"","hero_text":"","hero_video":"","hero_video_schema_markup":"","selling_points_title":"","selling_points_caption":"","selling_points":[],"selling_points_cta_text":"","features_title":"","features":"","ed_cta_examples_text":"","ed_cta_examples_hidden":"","ed_cta_demo_text":"","ed_cta_demo_hidden":"","why_caption":"","why_editor_title":"","why_editor_text":"","why_team_title":"","why_team_text":"","why_service_title":"","why_service_text":"","template_catalog_visible":"","template_catalog_title":"","template_catalog_text":"","template_catalog_categories_visible":"","demo_title":"Erstellen Sie Ihr Veranstaltungskalender-Widget","demo_caption":"Konfigurieren Sie Ihren Veranstaltungskalender und f\u00fcgen Sie ihn kostenlos zu Ihrer iFrame-Website hinzu!","default_faq_hidden":"","app_template_category":[],"platform":"240","template_public_id":"","codecanyon_url":"","codecanyon_item_id":"","codecanyon_price":"","pricing_caption":"","pricing_elfsight_apps_hide_column":"","pricing_elfsight_apps_url":"","pricing_codecanyon_price_caption":"","integration_category":[],"integration_request_title":"","integration_request_cta":"","integration_platform":"","integrations":[],"platform_category":[],"video_schema_markup":"","price":"ab 0 $ \/ Monat","trial":"","benefits":[{"text":"Kostenlose Installationsunterst\u00fctzung"},{"text":"Au\u00dfergew\u00f6hnliche Unterst\u00fctzung"},{"text":"14-t\u00e4gige R\u00fcckerstattungsgarantie"},{"text":"Kontinuierliche kostenlose Updates"}],"button_url":"#demo","button_target_blank":"","button_nofollow":"","attributes":[{"name":"Installiert","content":"100,000 - 500,000"},{"name":"Reaktionsfreudig","content":"Ja"},{"name":"Kompatible Browser","content":"Opera, Chrome, Firefox, Edge, Safari"}],"tags":[],"tags_disable_links":"","hide_more_platforms":"","video_object":"","demo_hide_cta":"","demo_hide_cloud_options":"","pricing_title":"","pricing":[{"pricing_icon":"platform","pricing_title":"Elfsight Apps","pricing_title_caption":"Plattform\u00fcbergreifende Version","pricing_price":"ab 0 $ \/ Monat","pricing_price_caption":"Beginnen Sie mit einem kostenlosen Plan","pricing_benefits":[{"text":"Unbegrenzte Websites"},{"text":"Engagierte Unterst\u00fctzung"},{"text":"Kostenloser Installationsservice"},{"text":"Sonderangebot f\u00fcr mehrere Apps"}],"pricing_button_text":"Zur Website hinzuf\u00fcgen","pricing_button_url":"#demo"}],"related_apps_title":"","related_apps_hidden":"","author":"","image":[],"title":"","job":"","social_networks":[]},"_links":{"self":[{"href":"https:\/\/elfsight.com\/de\/wp-json\/wp\/v2\/pages\/17073","targetHints":{"allow":["GET"]}}],"collection":[{"href":"https:\/\/elfsight.com\/de\/wp-json\/wp\/v2\/pages"}],"about":[{"href":"https:\/\/elfsight.com\/de\/wp-json\/wp\/v2\/types\/page"}],"author":[{"embeddable":true,"href":"https:\/\/elfsight.com\/de\/wp-json\/wp\/v2\/users\/9"}],"replies":[{"embeddable":true,"href":"https:\/\/elfsight.com\/de\/wp-json\/wp\/v2\/comments?post=17073"}],"version-history":[{"count":2,"href":"https:\/\/elfsight.com\/de\/wp-json\/wp\/v2\/pages\/17073\/revisions"}],"predecessor-version":[{"id":21488,"href":"https:\/\/elfsight.com\/de\/wp-json\/wp\/v2\/pages\/17073\/revisions\/21488"}],"up":[{"embeddable":true,"href":"https:\/\/elfsight.com\/de\/wp-json\/wp\/v2\/pages\/1011"}],"wp:attachment":[{"href":"https:\/\/elfsight.com\/de\/wp-json\/wp\/v2\/media?parent=17073"}],"curies":[{"name":"wp","href":"https:\/\/api.w.org\/{rel}","templated":true}]}}