{"id":17071,"date":"2024-05-03T06:35:05","date_gmt":"2024-05-03T06:35:05","guid":{"rendered":"https:\/\/elfsight.com\/de\/?page_id=17071"},"modified":"2024-11-08T08:49:11","modified_gmt":"2024-11-08T08:49:11","slug":"html","status":"publish","type":"page","link":"https:\/\/elfsight.com\/de\/event-calendar-widget\/html\/","title":{"rendered":"Event Calendar &#8211; HTML"},"content":{"rendered":"<div class=\"application-platform-content-item-description application-platform-content-item\" id=\"description\" data-nav-section=\"description\"> <h2>Veranstaltungskalender mit Elfsight-Widget einbetten<\/h2> <p>Der Elfsight-Kalendercode ist ein einfaches und leistungsstarkes Widget, mit dem Sie Ihre Veranstaltungen reibungslos teilen k\u00f6nnen mit Ihrem Publikum. Es bietet zahlreiche M\u00f6glichkeiten, bevorstehende Ereignisse auf eindrucksvolle Weise darzustellen. Passen Sie es an, um das Design mit der \u00c4sthetik Ihrer Website zu kombinieren. Erstellen Sie eine unbegrenzte Anzahl von Veranstaltungen, f\u00fcgen Sie verschiedene Tags hinzu, laden Sie Ihre eigenen Bilder und Videos hoch und halten Sie Ihre Besucher \u00fcber Ihren Zeitplan auf dem Laufenden.<\/p> <p><b>Das Veranstaltungskalender-Widget kann Ihnen dabei helfen, Ihre zuk\u00fcnftigen Aktivit\u00e4ten schnell zu bewerben und zu erweitern Engagement-Level auf Ihrer Website.<\/b><\/p> <\/div><div class=\"application-platform-content-item-features application-platform-content-item\" id=\"features\" data-nav-section=\"features\"> <h2>Hauptfunktionen des Veranstaltungskalender-Widgets<\/h2> <p>Unser HTML-Kalender-Widget ist darauf ausgelegt viele n\u00fctzliche Funktionen. \u00dcberpr\u00fcfen Sie alle funktionalen Merkmale des HTML-Veranstaltungskalenders. Sie sind direkt im Editor verf\u00fcgbar und helfen Ihnen, das Widget genau f\u00fcr Ihren Fall zu erstellen. <\/p> <ul> <li>Nutzen Sie anpassbare Inhaltsm\u00f6glichkeiten, um das Kalender-Widget f\u00fcr Ihre Art von Ereignissen einzubinden. <\/li> <li>Geben Sie Benutzern die M\u00f6glichkeit, Ihre Veranstaltungen zu ihren Lieblings-Apps hinzuzuf\u00fcgen. <\/li> <li>Generieren Sie verschiedene Arten von Veranstaltungen, markieren Sie Orte und f\u00fcgen Sie Gastgeber hinzu. <\/li> <li>Kategorisieren Sie alle Ihre Veranstaltungen und weisen Sie ihnen Tags zu. <\/li> <li>W\u00e4hlen Sie zwischen vier Layoutoptionen. <\/li> <\/ul> <p><a href=\"#demo\">Sie k\u00f6nnen alle Funktionen des Widgets direkt in der Demo ausprobieren<\/a><\/p> <\/div><div class=\"application-platform-content-item-installation application-platform-content-item\" id=\"installation\" data-nav-section=\"installation\"> <h2>Wie kann ich Veranstaltungskalendercode in meine HTML-Website einbetten? <\/h2><div class=\"video-container\"><iframe width=\"720\" height=\"405\" src=\"https:\/\/www.youtube.com\/embed\/y032IzGTFmc\" frameborder=\"0\" allowfullscreen=\"\"><\/iframe><\/div> <p>Um das Widget zu aktivieren, befolgen Sie die folgenden Richtlinien. <\/p> <ul> <li><b>Erstellen Sie Ihr einfaches Kalender-Widget<\/b><br> In unserer kostenlosen Demo erhalten Sie ein Plugin mit einem bevorzugten Layout und funktionalen Merkmalen. <\/li> <li><b>Erhalten Sie den einfachen und individuellen Code zum Ver\u00f6ffentlichen des Widgets<\/b><br> Nachdem Sie Ihr Plugin generiert haben, erhalten Sie den Installations-HTML-Code aus der angezeigten Benachrichtigung auf Elfsight Apps. Kopiere es. <\/li> <li><b>Betten Sie den Widget-Code in Ihre Website ein<\/b><br> Suchen Sie den Bereich, in dem Sie das Plugin anzeigen m\u00f6chten, und f\u00fcgen Sie dort den kopierten Code hinzu. Speichern Sie die \u00c4nderungen. <\/li> <li><b>Du bist fertig! <\/b><br> Geben Sie Ihre Website ein, um Ihre Arbeit zu sehen. <\/li> <\/ul> <p>Z\u00f6gern Sie nicht, sich an den Kundendienst von Elfsight zu wenden, wenn Sie Hilfe ben\u00f6tigen oder Fragen haben. Wir stehen Ihnen bei jeder Anfrage mit Rat und Tat zur Seite. <\/p> <\/div><div class=\"faq\" data-component=\"FAQ\"><div class=\"faq-item\">\r\n\t\t\t\t\t<div class=\"faq-item-question\">\r\n\t\t\t\t\t\t<h3 class=\"faq-item-question-text\">Welche Vorteile bietet das Hinzuf\u00fcgen des Kalenders zu meiner Website?<\/h3>\r\n\r\n\t\t\t\t\t\t<div class=\"faq-item-question-icon\"><\/div>\r\n\t\t\t\t\t<\/div>\r\n\r\n\t\t\t\t\t<div class=\"faq-item-answer\">\r\n\t\t\t\t\t\t<div class=\"faq-item-answer-text\"><p>Ein interaktives HTML-Ereigniskalender-Widget schafft Aufmerksamkeit \u00fcber das Gesch\u00e4ft Ihrer Organisation. Au\u00dferdem steigert es die Popularit\u00e4t Ihrer Marke, wenn Sie mehr Veranstaltungen organisieren. Es steht Ihnen frei, Ihren Veranstaltungskalender zu allen Seitencodes Ihrer HTML-Site hinzuzuf\u00fcgen oder nur zu bestimmten Seiten. Mit dem Event-Plugin auf Ihrer Website k\u00f6nnen Sie au\u00dferdem mehr Inhalte f\u00fcr Ihre Website hinzuf\u00fcgen, was f\u00fcr Suchmaschinen immer ein gutes Zeichen ist. Diese bewerten Ihre Website st\u00e4ndig und stufen Ihre Website bei der Erkennung neuer Inhalte als geeigneter ein und k\u00f6nnen die Chancen erh\u00f6hen, dass Ihre Website angezeigt wird, wenn Benutzer eine Online-Suche durchf\u00fchren.<\/p> <p>Neben Ereignissen kann die Einbettung eines Kalenders einen Mehrwert bieten in den Augen Ihrer Kunden auf Ihre Website aufmerksam machen. Sie k\u00f6nnen den Veranstaltungskalender nutzen, um mehr Interaktion zwischen Ihren Kunden zu schaffen. Genau wie ein Blog-Beitrag ist ein Veranstaltungskalender dazu da, Ihnen bei der Interaktion mit Ihrem Publikum zu helfen, indem er ihnen dabei hilft, sich f\u00fcr bestimmte Veranstaltungen anzumelden, und dar\u00fcber hinaus auch andere Veranstaltungen anbieten zu k\u00f6nnen, an denen sie teilnehmen m\u00f6chten. Das Hinzuf\u00fcgen einer solchen Option zum Anzeigen von Ereignissen auf Ihrer HTML-Website ist einfach.<\/p><\/div>\r\n\t\t\t\t\t<\/div>\r\n\t\t\t\t<\/div><div class=\"faq-item\">\r\n\t\t\t\t\t<div class=\"faq-item-question\">\r\n\t\t\t\t\t\t<h3 class=\"faq-item-question-text\">Die besten M\u00f6glichkeiten zur Nutzung der Online-Kalenderintegration<\/h3>\r\n\r\n\t\t\t\t\t\t<div class=\"faq-item-question-icon\"><\/div>\r\n\t\t\t\t\t<\/div>\r\n\r\n\t\t\t\t\t<div class=\"faq-item-answer\">\r\n\t\t\t\t\t\t<div class=\"faq-item-answer-text\"><p>Wir gew\u00e4hren Ihnen jede Menge davon Personalisierungsm\u00f6glichkeiten: Widgets in voller L\u00e4nge zur Implementierung im Inhaltsbereich, schwebende Plugins f\u00fcr Scrolloptionen, Layouts f\u00fcr Fu\u00dfzeile, Kopfzeile und alle Variationen vertikaler M\u00f6glichkeiten f\u00fcr Seitenleisten und Men\u00fcs. <\/p><\/div>\r\n\t\t\t\t\t<\/div>\r\n\t\t\t\t<\/div><div class=\"faq-item\">\r\n\t\t\t\t\t<div class=\"faq-item-question\">\r\n\t\t\t\t\t\t<h3 class=\"faq-item-question-text\">Wie erstelle ich mit Hilfe Ihres Editors einen Festivalaufstellungs- oder Kongresszentrumskalender? <\/h3>\r\n\r\n\t\t\t\t\t\t<div class=\"faq-item-question-icon\"><\/div>\r\n\t\t\t\t\t<\/div>\r\n\r\n\t\t\t\t\t<div class=\"faq-item-answer\">\r\n\t\t\t\t\t\t<div class=\"faq-item-answer-text\"><p>Sie k\u00f6nnen die \u00c4nderungen jedes Widgets vornehmen. Im Editor stehen viele Layouts zur Verf\u00fcgung, die alle ganz einfach an Ihre Bed\u00fcrfnisse angepasst werden k\u00f6nnen. <\/p><\/div>\r\n\t\t\t\t\t<\/div>\r\n\t\t\t\t<\/div><\/div><p>Kontaktieren Sie unser Hilfecenter, falls Sie Probleme mit dem HTML-Kalender-Widget haben<\/p>","protected":false},"excerpt":{"rendered":"Kontaktieren Sie unser Hilfecenter, falls Sie Probleme mit dem HTML-Kalender-Widget haben","protected":false},"author":9,"featured_media":0,"parent":1011,"menu_order":0,"comment_status":"closed","ping_status":"closed","template":"templates\/template-application-platform.php","meta":{"publish_to_discourse":"","publish_post_category":"","wpdc_auto_publish_overridden":"","wpdc_topic_tags":"","wpdc_pin_topic":"","wpdc_pin_until":"","discourse_post_id":"","discourse_permalink":"","wpdc_publishing_response":"","wpdc_publishing_error":"","footnotes":""},"class_list":["post-17071","page","type-page","status-publish","hentry"],"yoast_head":"<!-- This site is optimized with the Yoast SEO plugin v25.3.1 - https:\/\/yoast.com\/wordpress\/plugins\/seo\/ -->\n<title>HTML-Veranstaltungskalender-Widget \u2013 Veranstaltungskalender zur HTML-Website hinzuf\u00fcgen [2025]<\/title>\n<meta name=\"description\" content=\"Entwerfen Sie mit Elfsight Ihr einfaches Veranstaltungskalender-Widget und betten Sie es schnell in Ihren HTML-Website-Code ein. Wir bieten kostenlosen Kundensupport und andere Boni.\" \/>\n<meta name=\"robots\" content=\"index, follow, max-snippet:-1, max-image-preview:large, max-video-preview:-1\" \/>\n<link rel=\"canonical\" href=\"https:\/\/elfsight.com\/de\/event-calendar-widget\/html\/\" \/>\n<meta property=\"og:locale\" content=\"de_DE\" \/>\n<meta property=\"og:type\" content=\"article\" \/>\n<meta property=\"og:title\" content=\"HTML-Veranstaltungskalender-Widget \u2013 Veranstaltungskalender zur HTML-Website hinzuf\u00fcgen [2025]\" \/>\n<meta property=\"og:description\" content=\"Entwerfen Sie mit Elfsight Ihr einfaches Veranstaltungskalender-Widget und betten Sie es schnell in Ihren HTML-Website-Code ein. Wir bieten kostenlosen Kundensupport und andere Boni.\" \/>\n<meta property=\"og:url\" content=\"https:\/\/elfsight.com\/de\/event-calendar-widget\/html\/\" \/>\n<meta property=\"og:site_name\" content=\"Elfsight DE\" \/>\n<meta property=\"article:modified_time\" content=\"2024-11-08T08:49:11+00:00\" \/>\n<meta name=\"twitter:card\" content=\"summary_large_image\" \/>\n<meta name=\"twitter:label1\" content=\"Gesch\u00e4tzte Lesezeit\" \/>\n\t<meta name=\"twitter:data1\" content=\"4\u00a0Minuten\" \/>\n<!-- \/ Yoast SEO plugin. -->","yoast_head_json":{"title":"HTML-Veranstaltungskalender-Widget \u2013 Veranstaltungskalender zur HTML-Website hinzuf\u00fcgen [2025]","description":"Entwerfen Sie mit Elfsight Ihr einfaches Veranstaltungskalender-Widget und betten Sie es schnell in Ihren HTML-Website-Code ein. Wir bieten kostenlosen Kundensupport und andere Boni.","robots":{"index":"index","follow":"follow","max-snippet":"max-snippet:-1","max-image-preview":"max-image-preview:large","max-video-preview":"max-video-preview:-1"},"canonical":"https:\/\/elfsight.com\/de\/event-calendar-widget\/html\/","og_locale":"de_DE","og_type":"article","og_title":"HTML-Veranstaltungskalender-Widget \u2013 Veranstaltungskalender zur HTML-Website hinzuf\u00fcgen [2025]","og_description":"Entwerfen Sie mit Elfsight Ihr einfaches Veranstaltungskalender-Widget und betten Sie es schnell in Ihren HTML-Website-Code ein. Wir bieten kostenlosen Kundensupport und andere Boni.","og_url":"https:\/\/elfsight.com\/de\/event-calendar-widget\/html\/","og_site_name":"Elfsight DE","article_modified_time":"2024-11-08T08:49:11+00:00","twitter_card":"summary_large_image","twitter_misc":{"Gesch\u00e4tzte Lesezeit":"4\u00a0Minuten"},"schema":{"@context":"https:\/\/schema.org","@graph":[{"@type":"WebPage","@id":"https:\/\/elfsight.com\/de\/event-calendar-widget\/html\/","url":"https:\/\/elfsight.com\/de\/event-calendar-widget\/html\/","name":"HTML-Veranstaltungskalender-Widget \u2013 Veranstaltungskalender zur HTML-Website hinzuf\u00fcgen [2025]","isPartOf":{"@id":"https:\/\/elfsight.com\/de\/#website"},"datePublished":"2024-05-03T06:35:05+00:00","dateModified":"2024-11-08T08:49:11+00:00","description":"Entwerfen Sie mit Elfsight Ihr einfaches Veranstaltungskalender-Widget und betten Sie es schnell in Ihren HTML-Website-Code ein. Wir bieten kostenlosen Kundensupport und andere Boni.","breadcrumb":{"@id":"https:\/\/elfsight.com\/de\/event-calendar-widget\/html\/#breadcrumb"},"inLanguage":"de","potentialAction":[{"@type":"ReadAction","target":["https:\/\/elfsight.com\/de\/event-calendar-widget\/html\/"]}]},{"@type":"BreadcrumbList","@id":"https:\/\/elfsight.com\/de\/event-calendar-widget\/html\/#breadcrumb","itemListElement":[{"@type":"ListItem","position":1,"name":"Home","item":"https:\/\/elfsight.com\/de\/"},{"@type":"ListItem","position":2,"name":"Event Calendar","item":"https:\/\/elfsight.com\/de\/event-calendar-widget\/"},{"@type":"ListItem","position":3,"name":"Event Calendar &#8211; HTML"}]},{"@type":"WebSite","@id":"https:\/\/elfsight.com\/de\/#website","url":"https:\/\/elfsight.com\/de\/","name":"Elfsight DE","description":"Just another Elfsight Sites site","potentialAction":[{"@type":"SearchAction","target":{"@type":"EntryPoint","urlTemplate":"https:\/\/elfsight.com\/de\/?s={search_term_string}"},"query-input":{"@type":"PropertyValueSpecification","valueRequired":true,"valueName":"search_term_string"}}],"inLanguage":"de"}]}},"meta_box":{"industry":"","seo_heading":"","heading":"","description":"","cta_heading":"","cta_description":"","application":"500","h1":"HTML-Ereigniskalender-Widget","h1_caption":"Verwalten und teilen Sie Veranstaltungen auf Ihrer Website m\u00fchelos mit einem interaktiven und benutzerfreundlichen Veranstaltungskalender in Ihrer HTML-Website.","application_category":[],"applications_title":"","applications_request_title":"","applications_request_button_text":"","hero_text":"","hero_video":"","hero_video_schema_markup":"","selling_points_title":"","selling_points_caption":"","selling_points":[],"selling_points_cta_text":"","features_title":"","features":"","ed_cta_examples_text":"","ed_cta_examples_hidden":"","ed_cta_demo_text":"","ed_cta_demo_hidden":"","why_caption":"","why_editor_title":"","why_editor_text":"","why_team_title":"","why_team_text":"","why_service_title":"","why_service_text":"","template_catalog_visible":"0","template_catalog_title":"","template_catalog_text":"","template_catalog_categories_visible":"","demo_title":"Erstellen Sie Ihr Veranstaltungskalender-Widget","demo_caption":"Konfigurieren Sie Ihren Veranstaltungskalender und f\u00fcgen Sie ihn kostenlos zu Ihrer HTML-Website hinzu!","default_faq_hidden":"","app_template_category":[],"platform":"260","template_public_id":"","codecanyon_url":"","codecanyon_item_id":"","codecanyon_price":"","pricing_caption":"","pricing_elfsight_apps_hide_column":"","pricing_elfsight_apps_url":"","pricing_codecanyon_price_caption":"","integration_category":[],"integration_request_title":"","integration_request_cta":"","integration_platform":"","integrations":[],"platform_category":[],"video_schema_markup":"","price":"ab 0 $ \/ Monat","trial":"","benefits":[{"text":"Kostenloser Installationsservice"},{"text":"Kompetenter Kundenservice"},{"text":"14-t\u00e4gige Geld-zur\u00fcck-Garantie"},{"text":"Laufende Updates"}],"button_url":"#demo","button_target_blank":"0","button_nofollow":"0","attributes":[{"name":"Installiert","content":"100,000 - 500,000"},{"name":"Reaktionsfreudig","content":"Ja"},{"name":"Kompatible Browser","content":"Firefox, Safari, Opera, Chrome, Edge"}],"tags":[],"tags_disable_links":"0","hide_more_platforms":"","video_object":"","demo_hide_cta":"0","demo_hide_cloud_options":"0","pricing_title":"","pricing":[{"pricing_icon":"platform","pricing_title":"Elfsight Apps","pricing_title_caption":"Plattform\u00fcbergreifende L\u00f6sung, die auf jeder Website funktioniert","pricing_price":"ab 0 $ \/ Monat","pricing_price_caption":"Beginnen Sie mit einem kostenlosen Plan","pricing_benefits":[{"text":"Unbegrenzte Websites"},{"text":"Schneller Kundensupport"},{"text":"Kostenloser Installationsservice"},{"text":"Preis f\u00fcr mehrere Apps"}],"pricing_button_text":"Zur Website hinzuf\u00fcgen","pricing_button_url":"#demo"}],"related_apps_title":"","related_apps_hidden":"0","author":"","image":[],"title":"","job":"","social_networks":[]},"_links":{"self":[{"href":"https:\/\/elfsight.com\/de\/wp-json\/wp\/v2\/pages\/17071","targetHints":{"allow":["GET"]}}],"collection":[{"href":"https:\/\/elfsight.com\/de\/wp-json\/wp\/v2\/pages"}],"about":[{"href":"https:\/\/elfsight.com\/de\/wp-json\/wp\/v2\/types\/page"}],"author":[{"embeddable":true,"href":"https:\/\/elfsight.com\/de\/wp-json\/wp\/v2\/users\/9"}],"replies":[{"embeddable":true,"href":"https:\/\/elfsight.com\/de\/wp-json\/wp\/v2\/comments?post=17071"}],"version-history":[{"count":3,"href":"https:\/\/elfsight.com\/de\/wp-json\/wp\/v2\/pages\/17071\/revisions"}],"predecessor-version":[{"id":22392,"href":"https:\/\/elfsight.com\/de\/wp-json\/wp\/v2\/pages\/17071\/revisions\/22392"}],"up":[{"embeddable":true,"href":"https:\/\/elfsight.com\/de\/wp-json\/wp\/v2\/pages\/1011"}],"wp:attachment":[{"href":"https:\/\/elfsight.com\/de\/wp-json\/wp\/v2\/media?parent=17071"}],"curies":[{"name":"wp","href":"https:\/\/api.w.org\/{rel}","templated":true}]}}