{"id":17064,"date":"2024-05-03T06:35:02","date_gmt":"2024-05-03T06:35:02","guid":{"rendered":"https:\/\/elfsight.com\/de\/?page_id=17064"},"modified":"2024-11-08T08:49:03","modified_gmt":"2024-11-08T08:49:03","slug":"shopify","status":"publish","type":"page","link":"https:\/\/elfsight.com\/de\/event-calendar-widget\/shopify\/","title":{"rendered":"Event Calendar &#8211; Shopify"},"content":{"rendered":"<div class=\"application-platform-content-item-description application-platform-content-item\" id=\"description\" data-nav-section=\"description\"> <h2>Veranstaltungskalender mit Elfsight-Widget einbetten<\/h2> <p>Die Elfsight-Kalender-App f\u00fcr Shopify ist eine beeindruckende App, mit der Sie Ihre Aktivit\u00e4ten schnell teilen k\u00f6nnen mit Ihren Besuchern. Es bietet viele Optionen, um bevorstehende Ereignisse auf die auff\u00e4lligste Art und Weise darzustellen. Personalisieren Sie es, um das Design mit dem Stil Ihrer Website zu verschmelzen. Erstellen Sie mehrere Veranstaltungen, f\u00fcgen Sie verschiedene Tags hinzu, laden Sie Ihre eigenen Bilder und Videos hoch und halten Sie Ihre Besucher \u00fcber Ihre Agenda auf dem Laufenden.<\/p> <p><b>Mit der Elfsight-Veranstaltungskalender-App k\u00f6nnen Sie Ihre bevorstehenden Aktivit\u00e4ten einfach anzeigen und steigern die Engagement-Rate auf Ihrer Website. <\/b><\/p> <\/div> <div class=\"application-platform-content-item-features application-platform-content-item\" id=\"features\" data-nav-section=\"features\"> <h2>Hauptfunktionen der Eventkalender-App<\/h2> <p>Sehen Sie sich alle Funktionen des Shopify-Eventkalenders an. Sie sind direkt im Editor verf\u00fcgbar und helfen Ihnen dabei, das Widget genau nach Ihren Bed\u00fcrfnissen zu erstellen. <\/p> <ul> <li>Verwenden Sie anpassbare Inhaltsoptionen, um den Kalender f\u00fcr Ihre Art von Aktivit\u00e4ten abzudecken. <\/li> <li>Geben Sie Benutzern die M\u00f6glichkeit, Ihre Ereignisse zu ihren h\u00e4ufig verwendeten Apps hinzuzuf\u00fcgen. <\/li> <li>Generieren Sie verschiedene Arten von Ereignissen, geben Sie Orte an und f\u00fcgen Sie Gastgeber hinzu. <\/li> <li>Klassifizieren Sie alle Ihre Ereignisse und weisen Sie ihnen Tags zu. <\/li> <li>W\u00e4hlen Sie zwischen 4 Layoutvarianten. <\/li> <\/ul> <p><a href=\"#demo\">Sehen Sie in unserer Demo, wie alle Funktionen funktionieren<\/a><\/p> <\/div> <div class=\"application-platform-content-item-installation application-platform-content-item\" id=\"installation\" data-nav-section=\"installation\"> <h2>Wie kann ich einen Veranstaltungskalender in meine Shopify-Website einbetten?<\/h2> <div class=\"video-container\"><iframe width=\"720\" height=\"405\" src=\"https:\/\/www.youtube.com\/embed\/VgysQmu9Z0c\" frameborder=\"0\" allowfullscreen=\"\"><\/iframe><\/div><p>Um die Shopify Event Calendar-App einzubetten, befolgen Sie einfach die folgenden Anweisungen.<\/p> <ol><li><b>Nutzen Sie unseren kostenlosen Konfigurator und beginnen Sie mit der Erstellung Ihrer personalisierten App. <\/b><br> Bestimmen Sie die gew\u00fcnschte Anordnung und Spezifikationen der App und speichern Sie alle \u00c4nderungen. <\/li> <li><b>Kopieren Sie Ihren individuellen Code, der in der Box auf Elfsight Apps angezeigt wird. <\/b><br> Kopieren Sie unmittelbar nach Abschluss der Erstellung Ihrer App den pers\u00f6nlichen Code in das angezeigte Feld und bewahren Sie ihn f\u00fcr sp\u00e4tere Zwecke auf. <\/li> <li><b>Geben Sie die Nutzung der App auf der Shopify-Website ein. <\/b><br> F\u00fcgen Sie den Code, den Sie zuvor gespeichert haben, in Ihre Seite ein und \u00fcbernehmen Sie die \u00c4nderungen. <\/li> <li><b>Das Setup wurde erfolgreich durchgef\u00fchrt. <\/b><br> Besuchen Sie Ihre Website, um zu sehen, wie die App funktioniert. <\/li><\/ol><p>Z\u00f6gern Sie nicht, sich an den Kundendienst von Elfsight zu wenden, wenn Sie Hilfe ben\u00f6tigen oder Fragen haben. Wir helfen Ihnen gerne bei der Einbettung des Shopify-Veranstaltungskalenders. <\/p> <\/div>","protected":false},"excerpt":{"rendered":"","protected":false},"author":9,"featured_media":0,"parent":1011,"menu_order":0,"comment_status":"closed","ping_status":"closed","template":"templates\/template-application-platform.php","meta":{"publish_to_discourse":"","publish_post_category":"","wpdc_auto_publish_overridden":"","wpdc_topic_tags":"","wpdc_pin_topic":"","wpdc_pin_until":"","discourse_post_id":"","discourse_permalink":"","wpdc_publishing_response":"","wpdc_publishing_error":"","footnotes":""},"class_list":["post-17064","page","type-page","status-publish","hentry"],"yoast_head":"<!-- This site is optimized with the Yoast SEO plugin v25.3.1 - https:\/\/yoast.com\/wordpress\/plugins\/seo\/ -->\n<title>Shopify-Veranstaltungskalender-Widget \u2013 Veranstaltungskalender zur Shopify-Website hinzuf\u00fcgen [2025]<\/title>\n<meta name=\"description\" content=\"Entwerfen Sie mit Elfsight Ihr einfaches Eventkalender-Plugin und betten Sie es schnell in den Code Ihrer Shopify-Website ein. Wir bieten kostenlosen Kundensupport und andere Boni.\" \/>\n<meta name=\"robots\" content=\"index, follow, max-snippet:-1, max-image-preview:large, max-video-preview:-1\" \/>\n<link rel=\"canonical\" href=\"https:\/\/elfsight.com\/de\/event-calendar-widget\/shopify\/\" \/>\n<meta property=\"og:locale\" content=\"de_DE\" \/>\n<meta property=\"og:type\" content=\"article\" \/>\n<meta property=\"og:title\" content=\"Shopify-Veranstaltungskalender-Widget \u2013 Veranstaltungskalender zur Shopify-Website hinzuf\u00fcgen [2025]\" \/>\n<meta property=\"og:description\" content=\"Entwerfen Sie mit Elfsight Ihr einfaches Eventkalender-Plugin und betten Sie es schnell in den Code Ihrer Shopify-Website ein. Wir bieten kostenlosen Kundensupport und andere Boni.\" \/>\n<meta property=\"og:url\" content=\"https:\/\/elfsight.com\/de\/event-calendar-widget\/shopify\/\" \/>\n<meta property=\"og:site_name\" content=\"Elfsight DE\" \/>\n<meta property=\"article:modified_time\" content=\"2024-11-08T08:49:03+00:00\" \/>\n<meta name=\"twitter:card\" content=\"summary_large_image\" \/>\n<meta name=\"twitter:label1\" content=\"Gesch\u00e4tzte Lesezeit\" \/>\n\t<meta name=\"twitter:data1\" content=\"2\u00a0Minuten\" \/>\n<!-- \/ Yoast SEO plugin. -->","yoast_head_json":{"title":"Shopify-Veranstaltungskalender-Widget \u2013 Veranstaltungskalender zur Shopify-Website hinzuf\u00fcgen [2025]","description":"Entwerfen Sie mit Elfsight Ihr einfaches Eventkalender-Plugin und betten Sie es schnell in den Code Ihrer Shopify-Website ein. Wir bieten kostenlosen Kundensupport und andere Boni.","robots":{"index":"index","follow":"follow","max-snippet":"max-snippet:-1","max-image-preview":"max-image-preview:large","max-video-preview":"max-video-preview:-1"},"canonical":"https:\/\/elfsight.com\/de\/event-calendar-widget\/shopify\/","og_locale":"de_DE","og_type":"article","og_title":"Shopify-Veranstaltungskalender-Widget \u2013 Veranstaltungskalender zur Shopify-Website hinzuf\u00fcgen [2025]","og_description":"Entwerfen Sie mit Elfsight Ihr einfaches Eventkalender-Plugin und betten Sie es schnell in den Code Ihrer Shopify-Website ein. Wir bieten kostenlosen Kundensupport und andere Boni.","og_url":"https:\/\/elfsight.com\/de\/event-calendar-widget\/shopify\/","og_site_name":"Elfsight DE","article_modified_time":"2024-11-08T08:49:03+00:00","twitter_card":"summary_large_image","twitter_misc":{"Gesch\u00e4tzte Lesezeit":"2\u00a0Minuten"},"schema":{"@context":"https:\/\/schema.org","@graph":[{"@type":"WebPage","@id":"https:\/\/elfsight.com\/de\/event-calendar-widget\/shopify\/","url":"https:\/\/elfsight.com\/de\/event-calendar-widget\/shopify\/","name":"Shopify-Veranstaltungskalender-Widget \u2013 Veranstaltungskalender zur Shopify-Website hinzuf\u00fcgen [2025]","isPartOf":{"@id":"https:\/\/elfsight.com\/de\/#website"},"datePublished":"2024-05-03T06:35:02+00:00","dateModified":"2024-11-08T08:49:03+00:00","description":"Entwerfen Sie mit Elfsight Ihr einfaches Eventkalender-Plugin und betten Sie es schnell in den Code Ihrer Shopify-Website ein. Wir bieten kostenlosen Kundensupport und andere Boni.","breadcrumb":{"@id":"https:\/\/elfsight.com\/de\/event-calendar-widget\/shopify\/#breadcrumb"},"inLanguage":"de","potentialAction":[{"@type":"ReadAction","target":["https:\/\/elfsight.com\/de\/event-calendar-widget\/shopify\/"]}]},{"@type":"BreadcrumbList","@id":"https:\/\/elfsight.com\/de\/event-calendar-widget\/shopify\/#breadcrumb","itemListElement":[{"@type":"ListItem","position":1,"name":"Home","item":"https:\/\/elfsight.com\/de\/"},{"@type":"ListItem","position":2,"name":"Event Calendar","item":"https:\/\/elfsight.com\/de\/event-calendar-widget\/"},{"@type":"ListItem","position":3,"name":"Event Calendar &#8211; Shopify"}]},{"@type":"WebSite","@id":"https:\/\/elfsight.com\/de\/#website","url":"https:\/\/elfsight.com\/de\/","name":"Elfsight DE","description":"Just another Elfsight Sites site","potentialAction":[{"@type":"SearchAction","target":{"@type":"EntryPoint","urlTemplate":"https:\/\/elfsight.com\/de\/?s={search_term_string}"},"query-input":{"@type":"PropertyValueSpecification","valueRequired":true,"valueName":"search_term_string"}}],"inLanguage":"de"}]}},"meta_box":{"industry":"","seo_heading":"","heading":"","description":"","cta_heading":"","cta_description":"","application":"500","h1":"Shopify-Veranstaltungskalender-App","h1_caption":"Verwalten und teilen Sie Veranstaltungen auf Ihrer Website m\u00fchelos mit einem interaktiven und benutzerfreundlichen Veranstaltungskalender auf Ihrer Shopify-Website.","application_category":[],"applications_title":"","applications_request_title":"","applications_request_button_text":"","hero_text":"","hero_video":"","hero_video_schema_markup":"","selling_points_title":"","selling_points_caption":"","selling_points":[],"selling_points_cta_text":"","features_title":"","features":"","ed_cta_examples_text":"","ed_cta_examples_hidden":"","ed_cta_demo_text":"","ed_cta_demo_hidden":"","why_caption":"","why_editor_title":"","why_editor_text":"","why_team_title":"","why_team_text":"","why_service_title":"","why_service_text":"","template_catalog_visible":"0","template_catalog_title":"","template_catalog_text":"","template_catalog_categories_visible":"","demo_title":"Erstellen Sie Ihre Eventkalender-App","demo_caption":"Konfigurieren Sie Ihren Veranstaltungskalender und f\u00fcgen Sie ihn kostenlos zu Ihrer Shopify-Website hinzu!","default_faq_hidden":"","app_template_category":[],"platform":"253","template_public_id":"","codecanyon_url":"","codecanyon_item_id":"","codecanyon_price":"","pricing_caption":"","pricing_elfsight_apps_hide_column":"","pricing_elfsight_apps_url":"","pricing_codecanyon_price_caption":"","integration_category":[],"integration_request_title":"","integration_request_cta":"","integration_platform":"","integrations":[],"platform_category":[],"video_schema_markup":"","price":"ab 0 $ \/ Monat","trial":"","benefits":[{"text":"Kostenloser Installationsservice"},{"text":"Premium-Support"},{"text":"14-t\u00e4gige Geld-zur\u00fcck-Garantie"},{"text":"Kontinuierliche kostenlose Updates"}],"button_url":"#demo","button_target_blank":"0","button_nofollow":"0","attributes":[{"name":"Installiert","content":"100,000 - 500,000"},{"name":"Reaktionsfreudig","content":"Ja"},{"name":"Kompatible Browser","content":"Firefox, Safari, Opera, Chrome, Edge"}],"tags":[],"tags_disable_links":"0","hide_more_platforms":"","video_object":"","demo_hide_cta":"0","demo_hide_cloud_options":"0","pricing_title":"","pricing":[{"pricing_icon":"platform","pricing_title":"Elfsight Apps","pricing_title_caption":"Plattform\u00fcbergreifende Version, die auf jeder Website funktioniert","pricing_price":"ab 0 $ \/ Monat","pricing_price_caption":"Beginnen Sie mit einem kostenlosen Plan","pricing_benefits":[{"text":"Unbegrenzte Websites"},{"text":"Premium-Support"},{"text":"Kostenloser Installationsservice"},{"text":"Sonderangebot f\u00fcr mehrere Apps"}],"pricing_button_text":"Zur Website hinzuf\u00fcgen","pricing_button_url":"#demo"}],"related_apps_title":"","related_apps_hidden":"0","author":"","image":[],"title":"","job":"","social_networks":[]},"_links":{"self":[{"href":"https:\/\/elfsight.com\/de\/wp-json\/wp\/v2\/pages\/17064","targetHints":{"allow":["GET"]}}],"collection":[{"href":"https:\/\/elfsight.com\/de\/wp-json\/wp\/v2\/pages"}],"about":[{"href":"https:\/\/elfsight.com\/de\/wp-json\/wp\/v2\/types\/page"}],"author":[{"embeddable":true,"href":"https:\/\/elfsight.com\/de\/wp-json\/wp\/v2\/users\/9"}],"replies":[{"embeddable":true,"href":"https:\/\/elfsight.com\/de\/wp-json\/wp\/v2\/comments?post=17064"}],"version-history":[{"count":3,"href":"https:\/\/elfsight.com\/de\/wp-json\/wp\/v2\/pages\/17064\/revisions"}],"predecessor-version":[{"id":22393,"href":"https:\/\/elfsight.com\/de\/wp-json\/wp\/v2\/pages\/17064\/revisions\/22393"}],"up":[{"embeddable":true,"href":"https:\/\/elfsight.com\/de\/wp-json\/wp\/v2\/pages\/1011"}],"wp:attachment":[{"href":"https:\/\/elfsight.com\/de\/wp-json\/wp\/v2\/media?parent=17064"}],"curies":[{"name":"wp","href":"https:\/\/api.w.org\/{rel}","templated":true}]}}