{"id":17063,"date":"2024-05-03T06:35:01","date_gmt":"2024-05-03T06:35:01","guid":{"rendered":"https:\/\/elfsight.com\/de\/?page_id=17063"},"modified":"2024-11-08T08:49:03","modified_gmt":"2024-11-08T08:49:03","slug":"squarespace","status":"publish","type":"page","link":"https:\/\/elfsight.com\/de\/event-calendar-widget\/squarespace\/","title":{"rendered":"Event Calendar &#8211; Squarespace"},"content":{"rendered":"<div class=\"application-platform-content-item-description application-platform-content-item\" id=\"description\" data-nav-section=\"description\"> <h2>Veranstaltungskalender mit Elfsight-Widget einbetten<\/h2> <p>Das Elfsight-Kalender-Plugin ist ein bemerkenswertes Tool, mit dem Sie Ihre Veranstaltungen reibungslos mit Ihren Besuchern teilen k\u00f6nnen . Es enth\u00e4lt zahlreiche Optionen, um anstehende Aktivit\u00e4ten m\u00f6glichst auff\u00e4llig darzustellen. Passen Sie es an, um das Design mit der \u00c4sthetik Ihrer Seite zu verschmelzen. Erstellen Sie mehrere Veranstaltungen, f\u00fcgen Sie Tags hinzu, laden Sie Ihre benutzerdefinierten Bilder und Videos hoch und halten Sie Besucher \u00fcber Ihre Pl\u00e4ne auf dem Laufenden.<\/p> <p><b>Mit unserem Veranstaltungskalender-Widget k\u00f6nnen Sie Ihre zuk\u00fcnftigen Aktivit\u00e4ten bequem anzeigen und das Engagement steigern Bewertung auf Ihrer Website.<\/b><\/p> <\/div> <div class=\"application-platform-content-item-features application-platform-content-item\" id=\"features\" data-nav-section=\"features\"> <h2>Hauptfunktionen des Event Calendar Plugin<\/h2> <p>\u00dcberpr\u00fcfen Sie eine Liste aller Funktionen von Squarespace Veranstaltungskalender. Sie k\u00f6nnen sie direkt im Editor festlegen und sie helfen Ihnen dabei, das Widget passend f\u00fcr Ihren Anwendungsfall zu gestalten. <\/p> <ul> <li>Verwenden Sie anpassbare Inhaltsoptionen, um das Widget f\u00fcr Ihre Art von Ereignissen zu verstehen. <\/li> <li>Erm\u00f6glichen Sie Benutzern, Ihre Ereignisse zu ihren am h\u00e4ufigsten verwendeten Apps hinzuzuf\u00fcgen. <\/li> <li>Initiieren Sie verschiedene Arten von Veranstaltungen, geben Sie Orte an und f\u00fcgen Sie Gastgeber hinzu. <\/li> <li>Kategorisieren Sie alle Ihre Aktivit\u00e4ten und weisen Sie ihnen Tags zu. <\/li> <li>Unterscheiden Sie zwischen vier Layoutoptionen. <\/li> <\/ul> <p><a href=\"#demo\">Sie k\u00f6nnen alle Funktionsmerkmale des Widgets direkt in der Demo ausprobieren<\/a><\/p> <\/div> <div class=\"application-platform-content-item-installation application-platform-content-item\" id=\"installation\" data-nav-section=\"installation\"> <h2>Wie f\u00fcge ich einen Veranstaltungskalender zu Squarespace hinzu?<\/h2> <div class=\"video-container\"><iframe width=\"720\" height=\"405\" src=\"https:\/\/www.youtube.com\/embed\/PqWwiGmLOkM\" frameborder=\"0\" allowfullscreen=\"\"><\/iframe><\/div><p>Der Squarespace-Veranstaltungskalender verf\u00fcgt \u00fcber einen unkomplizierten Integrationsprozess. Nach der Erstellung des Widgets erhalten Sie einen speziellen HTML-Code, den Sie Ihrer Website hinzuf\u00fcgen k\u00f6nnen, um die Integration abzuschlie\u00dfen. Um das Plugin einzubetten, befolgen Sie einfach die nachstehenden Anweisungen. <\/p> <ul> <li><b>Entwerfen Sie Ihr individuelles Kalender-Plugin<\/b><br> Gestalten Sie mithilfe unserer kostenlosen Demo ein Widget mit individuellem Aussehen und funktionalen Merkmalen. <\/li> <li><b>Holen Sie sich den pers\u00f6nlichen Code, um das Plugin anzuzeigen<\/b><br> Nachdem Sie Ihr Widget erstellt haben, erhalten Sie den Installationscode aus der erscheinenden Benachrichtigung auf Elfsight Apps. Kopiere diesen Code. <\/li> <li><b>Integrieren Sie den Kalender in Ihre Website<\/b><br> Definieren Sie den Bereich, in dem Sie das Plugin anzeigen m\u00f6chten, und f\u00fcgen Sie dort den gespeicherten Code hinzu. \u00dcbernehmen Sie die \u00c4nderungen. <\/li> <li><b>Du bist fertig! <\/b><br> Besuchen Sie die Website, um Ihr Plugin zu sehen.<\/li> <\/ul> <p>Nehmen Sie sich eine Minute Zeit, um mit unserem Support-Service zu kommunizieren, wenn Sie Hilfe ben\u00f6tigen oder eine Frage haben. Wir helfen Ihnen gerne bei jeder Anfrage weiter. <\/p> <\/div><div class=\"faq\" data-component=\"FAQ\"><div class=\"faq-item\">\r\n\t\t\t\t\t<div class=\"faq-item-question\">\r\n\t\t\t\t\t\t<h3 class=\"faq-item-question-text\">Wie profitiere ich von der Einbettung des Veranstaltungskalenders in meine Squarespace-Seiten?<\/h3>\r\n\r\n\t\t\t\t\t\t<div class=\"faq-item-question-icon\"><\/div>\r\n\t\t\t\t\t<\/div>\r\n\r\n\t\t\t\t\t<div class=\"faq-item-answer\">\r\n\t\t\t\t\t\t<div class=\"faq-item-answer-text\"><p>Ein Online-Veranstaltungskalender-Plugin denn Squarespace schafft Bewusstsein f\u00fcr die Aktivit\u00e4ten Ihrer Organisation. Noch wichtiger ist, dass es die Sichtbarkeit Ihrer Marke erh\u00f6ht, wenn Sie mehr Veranstaltungen organisieren. Sie k\u00f6nnen Ihren Veranstaltungskalender auf allen Seiten Ihrer Squarespace-Website oder nur auf ausgew\u00e4hlten Seiten ver\u00f6ffentlichen. Mit dem Veranstaltungskalender f\u00fcr wiederkehrende Ereignisse auf Ihrer Website k\u00f6nnen Sie auch neue Inhalte f\u00fcr Ihre Website einbetten, was f\u00fcr Suchmaschinen immer gut ist. Suchmaschinen schauen sich st\u00e4ndig Ihre Website an und wenn sie neue Inhalte finden, stufen sie Ihre Website als relevanter ein und k\u00f6nnen die Chancen erh\u00f6hen, Ihre Website zu finden, wenn Menschen online suchen.<\/p> <p>Au\u00dfer Ereignissen, wenn Sie sich f\u00fcr die Einbettung von a entscheiden Wenn Sie Ihren Kalender in Ihre Squarespace-Website integrieren, kann dies in den Augen Ihrer Kunden einen Mehrwert f\u00fcr Ihre Website darstellen. Sie k\u00f6nnen den Veranstaltungskalender nutzen, um mehr Interaktion zwischen Ihren Kunden zu schaffen, indem Sie wiederkehrende Veranstaltungen erstellen. Wie ein Blog-Beitrag kann Ihnen ein Squarespace-Kalender dabei helfen, mit Ihren Kunden zu interagieren, indem er ihnen erm\u00f6glicht, sich f\u00fcr einige wiederkehrende Veranstaltungen anzumelden und ihnen sogar andere vorzuschlagen, an denen sie teilnehmen m\u00f6chten. Die Integration einer solchen Option zum Anzeigen von Ereignissen auf Ihrer Squarespace-Website ist wirklich einfach durchzuf\u00fchren.<\/p><\/div>\r\n\t\t\t\t\t<\/div>\r\n\t\t\t\t<\/div><\/div>","protected":false},"excerpt":{"rendered":"","protected":false},"author":9,"featured_media":0,"parent":1011,"menu_order":0,"comment_status":"closed","ping_status":"closed","template":"templates\/template-application-platform.php","meta":{"publish_to_discourse":"","publish_post_category":"","wpdc_auto_publish_overridden":"","wpdc_topic_tags":"","wpdc_pin_topic":"","wpdc_pin_until":"","discourse_post_id":"","discourse_permalink":"","wpdc_publishing_response":"","wpdc_publishing_error":"","footnotes":""},"class_list":["post-17063","page","type-page","status-publish","hentry"],"yoast_head":"<!-- This site is optimized with the Yoast SEO plugin v25.3.1 - https:\/\/yoast.com\/wordpress\/plugins\/seo\/ -->\n<title>Squarespace-Veranstaltungskalender-Widget \u2013 Veranstaltungskalender zu Squarespace hinzuf\u00fcgen [2025]<\/title>\n<meta name=\"description\" content=\"Entwerfen Sie mit Elfsight Ihr bestes Eventkalender-Plugin und f\u00fcgen Sie es schnell zu Ihrer Squarespace-Website hinzu. Wir bieten kostenlosen Kundensupport und andere Boni.\" \/>\n<meta name=\"robots\" content=\"index, follow, max-snippet:-1, max-image-preview:large, max-video-preview:-1\" \/>\n<link rel=\"canonical\" href=\"https:\/\/elfsight.com\/de\/event-calendar-widget\/squarespace\/\" \/>\n<meta property=\"og:locale\" content=\"de_DE\" \/>\n<meta property=\"og:type\" content=\"article\" \/>\n<meta property=\"og:title\" content=\"Squarespace-Veranstaltungskalender-Widget \u2013 Veranstaltungskalender zu Squarespace hinzuf\u00fcgen [2025]\" \/>\n<meta property=\"og:description\" content=\"Entwerfen Sie mit Elfsight Ihr bestes Eventkalender-Plugin und f\u00fcgen Sie es schnell zu Ihrer Squarespace-Website hinzu. Wir bieten kostenlosen Kundensupport und andere Boni.\" \/>\n<meta property=\"og:url\" content=\"https:\/\/elfsight.com\/de\/event-calendar-widget\/squarespace\/\" \/>\n<meta property=\"og:site_name\" content=\"Elfsight DE\" \/>\n<meta property=\"article:modified_time\" content=\"2024-11-08T08:49:03+00:00\" \/>\n<meta name=\"twitter:card\" content=\"summary_large_image\" \/>\n<meta name=\"twitter:label1\" content=\"Gesch\u00e4tzte Lesezeit\" \/>\n\t<meta name=\"twitter:data1\" content=\"4\u00a0Minuten\" \/>\n<!-- \/ Yoast SEO plugin. -->","yoast_head_json":{"title":"Squarespace-Veranstaltungskalender-Widget \u2013 Veranstaltungskalender zu Squarespace hinzuf\u00fcgen [2025]","description":"Entwerfen Sie mit Elfsight Ihr bestes Eventkalender-Plugin und f\u00fcgen Sie es schnell zu Ihrer Squarespace-Website hinzu. Wir bieten kostenlosen Kundensupport und andere Boni.","robots":{"index":"index","follow":"follow","max-snippet":"max-snippet:-1","max-image-preview":"max-image-preview:large","max-video-preview":"max-video-preview:-1"},"canonical":"https:\/\/elfsight.com\/de\/event-calendar-widget\/squarespace\/","og_locale":"de_DE","og_type":"article","og_title":"Squarespace-Veranstaltungskalender-Widget \u2013 Veranstaltungskalender zu Squarespace hinzuf\u00fcgen [2025]","og_description":"Entwerfen Sie mit Elfsight Ihr bestes Eventkalender-Plugin und f\u00fcgen Sie es schnell zu Ihrer Squarespace-Website hinzu. Wir bieten kostenlosen Kundensupport und andere Boni.","og_url":"https:\/\/elfsight.com\/de\/event-calendar-widget\/squarespace\/","og_site_name":"Elfsight DE","article_modified_time":"2024-11-08T08:49:03+00:00","twitter_card":"summary_large_image","twitter_misc":{"Gesch\u00e4tzte Lesezeit":"4\u00a0Minuten"},"schema":{"@context":"https:\/\/schema.org","@graph":[{"@type":"WebPage","@id":"https:\/\/elfsight.com\/de\/event-calendar-widget\/squarespace\/","url":"https:\/\/elfsight.com\/de\/event-calendar-widget\/squarespace\/","name":"Squarespace-Veranstaltungskalender-Widget \u2013 Veranstaltungskalender zu Squarespace hinzuf\u00fcgen [2025]","isPartOf":{"@id":"https:\/\/elfsight.com\/de\/#website"},"datePublished":"2024-05-03T06:35:01+00:00","dateModified":"2024-11-08T08:49:03+00:00","description":"Entwerfen Sie mit Elfsight Ihr bestes Eventkalender-Plugin und f\u00fcgen Sie es schnell zu Ihrer Squarespace-Website hinzu. Wir bieten kostenlosen Kundensupport und andere Boni.","breadcrumb":{"@id":"https:\/\/elfsight.com\/de\/event-calendar-widget\/squarespace\/#breadcrumb"},"inLanguage":"de","potentialAction":[{"@type":"ReadAction","target":["https:\/\/elfsight.com\/de\/event-calendar-widget\/squarespace\/"]}]},{"@type":"BreadcrumbList","@id":"https:\/\/elfsight.com\/de\/event-calendar-widget\/squarespace\/#breadcrumb","itemListElement":[{"@type":"ListItem","position":1,"name":"Home","item":"https:\/\/elfsight.com\/de\/"},{"@type":"ListItem","position":2,"name":"Event Calendar","item":"https:\/\/elfsight.com\/de\/event-calendar-widget\/"},{"@type":"ListItem","position":3,"name":"Event Calendar &#8211; Squarespace"}]},{"@type":"WebSite","@id":"https:\/\/elfsight.com\/de\/#website","url":"https:\/\/elfsight.com\/de\/","name":"Elfsight DE","description":"Just another Elfsight Sites site","potentialAction":[{"@type":"SearchAction","target":{"@type":"EntryPoint","urlTemplate":"https:\/\/elfsight.com\/de\/?s={search_term_string}"},"query-input":{"@type":"PropertyValueSpecification","valueRequired":true,"valueName":"search_term_string"}}],"inLanguage":"de"}]}},"meta_box":{"industry":"","seo_heading":"","heading":"","description":"","cta_heading":"","cta_description":"","application":"500","h1":"Squarespace-Veranstaltungskalender-Plugin","h1_caption":"Verwalten und teilen Sie Veranstaltungen auf Ihrer Website m\u00fchelos mit einem interaktiven und benutzerfreundlichen Veranstaltungskalender auf Ihrer Squarespace-Website.","application_category":[],"applications_title":"","applications_request_title":"","applications_request_button_text":"","hero_text":"","hero_video":"","hero_video_schema_markup":"","selling_points_title":"","selling_points_caption":"","selling_points":[],"selling_points_cta_text":"","features_title":"","features":"","ed_cta_examples_text":"","ed_cta_examples_hidden":"","ed_cta_demo_text":"","ed_cta_demo_hidden":"","why_caption":"","why_editor_title":"","why_editor_text":"","why_team_title":"","why_team_text":"","why_service_title":"","why_service_text":"","template_catalog_visible":"0","template_catalog_title":"","template_catalog_text":"","template_catalog_categories_visible":"","demo_title":"Erstellen Sie Ihr Eventkalender-Plugin","demo_caption":"Konfigurieren Sie Ihren Veranstaltungskalender und f\u00fcgen Sie ihn kostenlos zu Ihrer Squarespace-Website hinzu!","default_faq_hidden":"","app_template_category":[],"platform":"252","template_public_id":"","codecanyon_url":"","codecanyon_item_id":"","codecanyon_price":"","pricing_caption":"","pricing_elfsight_apps_hide_column":"","pricing_elfsight_apps_url":"","pricing_codecanyon_price_caption":"","integration_category":[],"integration_request_title":"","integration_request_cta":"","integration_platform":"","integrations":[],"platform_category":[],"video_schema_markup":"","price":"ab 0 $ \/ Monat","trial":"","benefits":[{"text":"Kostenlose Installationsunterst\u00fctzung"},{"text":"Kompetenter Kundenservice"},{"text":"14-t\u00e4gige Geld-zur\u00fcck-Garantie"},{"text":"Lebenslange Updates"}],"button_url":"#demo","button_target_blank":"0","button_nofollow":"0","attributes":[{"name":"Installiert","content":"100,000 - 500,000"},{"name":"Reaktionsfreudig","content":"Ja"},{"name":"Kompatible Browser","content":"Firefox, Safari, Opera, Chrome, Edge"}],"tags":[],"tags_disable_links":"0","hide_more_platforms":"","video_object":"","demo_hide_cta":"0","demo_hide_cloud_options":"0","pricing_title":"","pricing":[{"pricing_icon":"platform","pricing_title":"Elfsight Apps","pricing_title_caption":"Plattform\u00fcbergreifende Version, die auf jeder Website funktioniert","pricing_price":"ab 0 $ \/ Monat","pricing_price_caption":"Beginnen Sie mit einem kostenlosen Plan","pricing_benefits":[{"text":"Unbegrenzte Domains"},{"text":"Kundensupport rund um die Uhr und gut dokumentiert"},{"text":"Kostenlose Installationshilfe"},{"text":"100 % anpassbar"}],"pricing_button_text":"Zur Website hinzuf\u00fcgen","pricing_button_url":"#demo"}],"related_apps_title":"","related_apps_hidden":"0","author":"","image":[],"title":"","job":"","social_networks":[]},"_links":{"self":[{"href":"https:\/\/elfsight.com\/de\/wp-json\/wp\/v2\/pages\/17063","targetHints":{"allow":["GET"]}}],"collection":[{"href":"https:\/\/elfsight.com\/de\/wp-json\/wp\/v2\/pages"}],"about":[{"href":"https:\/\/elfsight.com\/de\/wp-json\/wp\/v2\/types\/page"}],"author":[{"embeddable":true,"href":"https:\/\/elfsight.com\/de\/wp-json\/wp\/v2\/users\/9"}],"replies":[{"embeddable":true,"href":"https:\/\/elfsight.com\/de\/wp-json\/wp\/v2\/comments?post=17063"}],"version-history":[{"count":3,"href":"https:\/\/elfsight.com\/de\/wp-json\/wp\/v2\/pages\/17063\/revisions"}],"predecessor-version":[{"id":22394,"href":"https:\/\/elfsight.com\/de\/wp-json\/wp\/v2\/pages\/17063\/revisions\/22394"}],"up":[{"embeddable":true,"href":"https:\/\/elfsight.com\/de\/wp-json\/wp\/v2\/pages\/1011"}],"wp:attachment":[{"href":"https:\/\/elfsight.com\/de\/wp-json\/wp\/v2\/media?parent=17063"}],"curies":[{"name":"wp","href":"https:\/\/api.w.org\/{rel}","templated":true}]}}