{"id":17058,"date":"2024-05-03T06:35:00","date_gmt":"2024-05-03T06:35:00","guid":{"rendered":"https:\/\/elfsight.com\/de\/?page_id=17058"},"modified":"2024-11-08T08:49:03","modified_gmt":"2024-11-08T08:49:03","slug":"webflow","status":"publish","type":"page","link":"https:\/\/elfsight.com\/de\/event-calendar-widget\/webflow\/","title":{"rendered":"Event Calendar &#8211; Webflow"},"content":{"rendered":"\n<div class=\"application-platform-content-item-description application-platform-content-item\" id=\"description\" data-nav-section=\"description\"> <h2>Veranstaltungskalender mit Elfsight-Widget einbetten<\/h2> <p>Der Elfsight Webflow-Veranstaltungskalender ist ein beeindruckendes Widget, mit dem Sie Ihre Veranstaltungen ganz einfach mit Ihren teilen k\u00f6nnen Publikum. Es bietet viele M\u00f6glichkeiten, bevorstehende Veranstaltungen m\u00f6glichst repr\u00e4sentativ darzustellen. Personalisieren Sie es, um das Design mit der \u00c4sthetik Ihrer Website zu verschmelzen. Erstellen Sie mehrere Veranstaltungen, f\u00fcgen Sie verschiedene Tags hinzu, laden Sie Ihre eigenen Bilder und Videos mit der Webflow-Kalender-Integration hoch und halten Sie Benutzer \u00fcber Ihre Agenda auf dem Laufenden.<\/p> <p><b>Der Veranstaltungskalender kann Ihnen dabei helfen, Ihre zuk\u00fcnftigen Veranstaltungen schnell und einfach anzuzeigen Erh\u00f6hen Sie die Engagement-Rate auf Ihrer Website.<\/b><\/p> <\/div> <div class=\"application-platform-content-item-features application-platform-content-item\" id=\"features\" data-nav-section=\"features\"> <h2>Hauptfunktionen des Event Calendar Widget<\/h2> <p>\u00dcberpr\u00fcfen Sie alle funktionalen Merkmale von Webflow-Veranstaltungskalender. Sie sind direkt im Editor verf\u00fcgbar und helfen Ihnen, das Widget entsprechend Ihren Anforderungen zu konfigurieren. <\/p> <ul> <li>Nutzen Sie praktikable Content-M\u00f6glichkeiten, um das Widget f\u00fcr Ihre Art von Aktivit\u00e4ten anzupassen. <\/li> <li>Erm\u00f6glichen Sie Benutzern, Ereignisse zu ihren am h\u00e4ufigsten verwendeten Kalendern hinzuzuf\u00fcgen. <\/li> <li>Erstellen Sie verschiedene Arten von Veranstaltungen, geben Sie Orte an und f\u00fcgen Sie Gastgeber hinzu. <\/li> <li>Kategorisieren Sie alle Ihre Aktivit\u00e4ten und weisen Sie ihnen Tags zu. <\/li> <li>Unterscheiden Sie zwischen 4 Layoutoptionen. <\/li> <\/ul> <p><a href=\"#demo\">Sie k\u00f6nnen alle Funktionen des Widgets direkt in der Demo ausprobieren<\/a><\/p> <\/div> <div class=\"application-platform-content-item-installation application-platform-content-item\" id=\"installation\" data-nav-section=\"installation\"> <h2>Wie kann ich den Veranstaltungskalender mit Webflow integrieren? <\/h2> <div class=\"video-container\"><iframe width=\"720\" height=\"405\" src=\"https:\/\/www.youtube.com\/embed\/BGvdF7bCzQM\" frameborder=\"0\" allowfullscreen=\"\"><\/iframe><\/div><p>Die Kalenderintegration ist f\u00fcr jeden Website-Editor einfach und \u00fcbersichtlich. Um das Widget zu aktivieren, f\u00fchren Sie mehrere schnelle Schritte aus. <\/p> <ul> <li><b>Entwerfen Sie Ihr personalisiertes Kalender-Widget<\/b><br> Erstellen Sie mit unserer kostenlosen Demo ein Plugin mit einem bevorzugten Aufbau und Funktionen. <\/li> <li><b>Erhalten Sie den individuellen Code, um das Widget hinzuzuf\u00fcgen.<\/b><br> Nachdem Sie Ihr Widget festgelegt haben, erhalten Sie den eindeutigen Code aus dem Popup-Fenster von Elfsight Apps. Kopiere es. <\/li> <li><b>Ver\u00f6ffentlichen Sie das Widget auf Ihrer Website<\/b><br> W\u00e4hlen Sie den Ort aus, an dem Sie <a href=\"https:\/\/elfsight.com\/blog\/how-to-add-event-calendar-to-webflow-for-free\/\">betten Sie das Eventkalender-Plugin auf der Webflow-Website ein<\/a> und f\u00fcgen Sie den gespeicherten Code dort ein. \u00dcbernehmen Sie die \u00c4nderungen. <\/li><li><b>Kalenderintegration ist abgeschlossen<\/b><br> Betreten Sie die Seite, um Ihren Kalender zu \u00fcberpr\u00fcfen. <\/li> <\/ul> <p>Z\u00f6gern Sie nicht, sich an den Support zu wenden, wenn Sie Rat ben\u00f6tigen oder Probleme haben. Unsere Spezialisten helfen Ihnen bei jeder Anfrage weiter. <\/p> <\/div>\n","protected":false},"excerpt":{"rendered":"","protected":false},"author":9,"featured_media":0,"parent":1011,"menu_order":0,"comment_status":"closed","ping_status":"closed","template":"templates\/template-application-platform.php","meta":{"publish_to_discourse":"","publish_post_category":"","wpdc_auto_publish_overridden":"","wpdc_topic_tags":"","wpdc_pin_topic":"","wpdc_pin_until":"","discourse_post_id":"","discourse_permalink":"","wpdc_publishing_response":"","wpdc_publishing_error":"","footnotes":""},"class_list":["post-17058","page","type-page","status-publish","hentry"],"yoast_head":"<!-- This site is optimized with the Yoast SEO plugin v25.3.1 - https:\/\/yoast.com\/wordpress\/plugins\/seo\/ -->\n<title>Webflow-Ereigniskalender-Widget \u2013 Veranstaltungskalender zur Webflow-Website hinzuf\u00fcgen [2026]<\/title>\n<meta name=\"description\" content=\"Entwerfen Sie mit Elfsight Ihr Veranstaltungskalender-Widget und f\u00fcgen Sie es schnell zu Ihrer Webflow-Website hinzu. Wir bieten kostenlosen Kundensupport und andere Boni.\" \/>\n<meta name=\"robots\" content=\"index, follow, max-snippet:-1, max-image-preview:large, max-video-preview:-1\" \/>\n<link rel=\"canonical\" href=\"https:\/\/elfsight.com\/de\/event-calendar-widget\/webflow\/\" \/>\n<meta property=\"og:locale\" content=\"de_DE\" \/>\n<meta property=\"og:type\" content=\"article\" \/>\n<meta property=\"og:title\" content=\"Webflow-Ereigniskalender-Widget \u2013 Veranstaltungskalender zur Webflow-Website hinzuf\u00fcgen [2026]\" \/>\n<meta property=\"og:description\" content=\"Entwerfen Sie mit Elfsight Ihr Veranstaltungskalender-Widget und f\u00fcgen Sie es schnell zu Ihrer Webflow-Website hinzu. Wir bieten kostenlosen Kundensupport und andere Boni.\" \/>\n<meta property=\"og:url\" content=\"https:\/\/elfsight.com\/de\/event-calendar-widget\/webflow\/\" \/>\n<meta property=\"og:site_name\" content=\"Elfsight DE\" \/>\n<meta property=\"article:modified_time\" content=\"2024-11-08T08:49:03+00:00\" \/>\n<meta name=\"twitter:card\" content=\"summary_large_image\" \/>\n<meta name=\"twitter:label1\" content=\"Gesch\u00e4tzte Lesezeit\" \/>\n\t<meta name=\"twitter:data1\" content=\"2\u00a0Minuten\" \/>\n<!-- \/ Yoast SEO plugin. -->","yoast_head_json":{"title":"Webflow-Ereigniskalender-Widget \u2013 Veranstaltungskalender zur Webflow-Website hinzuf\u00fcgen [2026]","description":"Entwerfen Sie mit Elfsight Ihr Veranstaltungskalender-Widget und f\u00fcgen Sie es schnell zu Ihrer Webflow-Website hinzu. Wir bieten kostenlosen Kundensupport und andere Boni.","robots":{"index":"index","follow":"follow","max-snippet":"max-snippet:-1","max-image-preview":"max-image-preview:large","max-video-preview":"max-video-preview:-1"},"canonical":"https:\/\/elfsight.com\/de\/event-calendar-widget\/webflow\/","og_locale":"de_DE","og_type":"article","og_title":"Webflow-Ereigniskalender-Widget \u2013 Veranstaltungskalender zur Webflow-Website hinzuf\u00fcgen [2026]","og_description":"Entwerfen Sie mit Elfsight Ihr Veranstaltungskalender-Widget und f\u00fcgen Sie es schnell zu Ihrer Webflow-Website hinzu. Wir bieten kostenlosen Kundensupport und andere Boni.","og_url":"https:\/\/elfsight.com\/de\/event-calendar-widget\/webflow\/","og_site_name":"Elfsight DE","article_modified_time":"2024-11-08T08:49:03+00:00","twitter_card":"summary_large_image","twitter_misc":{"Gesch\u00e4tzte Lesezeit":"2\u00a0Minuten"},"schema":{"@context":"https:\/\/schema.org","@graph":[{"@type":"WebPage","@id":"https:\/\/elfsight.com\/de\/event-calendar-widget\/webflow\/","url":"https:\/\/elfsight.com\/de\/event-calendar-widget\/webflow\/","name":"Webflow-Ereigniskalender-Widget \u2013 Veranstaltungskalender zur Webflow-Website hinzuf\u00fcgen [2026]","isPartOf":{"@id":"https:\/\/elfsight.com\/de\/#website"},"datePublished":"2024-05-03T06:35:00+00:00","dateModified":"2024-11-08T08:49:03+00:00","description":"Entwerfen Sie mit Elfsight Ihr Veranstaltungskalender-Widget und f\u00fcgen Sie es schnell zu Ihrer Webflow-Website hinzu. Wir bieten kostenlosen Kundensupport und andere Boni.","breadcrumb":{"@id":"https:\/\/elfsight.com\/de\/event-calendar-widget\/webflow\/#breadcrumb"},"inLanguage":"de","potentialAction":[{"@type":"ReadAction","target":["https:\/\/elfsight.com\/de\/event-calendar-widget\/webflow\/"]}]},{"@type":"BreadcrumbList","@id":"https:\/\/elfsight.com\/de\/event-calendar-widget\/webflow\/#breadcrumb","itemListElement":[{"@type":"ListItem","position":1,"name":"Home","item":"https:\/\/elfsight.com\/de\/"},{"@type":"ListItem","position":2,"name":"Event Calendar","item":"https:\/\/elfsight.com\/de\/event-calendar-widget\/"},{"@type":"ListItem","position":3,"name":"Event Calendar &#8211; Webflow"}]},{"@type":"WebSite","@id":"https:\/\/elfsight.com\/de\/#website","url":"https:\/\/elfsight.com\/de\/","name":"Elfsight DE","description":"Just another Elfsight Sites site","potentialAction":[{"@type":"SearchAction","target":{"@type":"EntryPoint","urlTemplate":"https:\/\/elfsight.com\/de\/?s={search_term_string}"},"query-input":{"@type":"PropertyValueSpecification","valueRequired":true,"valueName":"search_term_string"}}],"inLanguage":"de"}]}},"meta_box":{"industry":"","seo_heading":"","heading":"","description":"","cta_heading":"","cta_description":"","application":"500","h1":"Webflow-Ereigniskalender-Widget","h1_caption":"Verwalten und teilen Sie Veranstaltungen auf Ihrer Website m\u00fchelos mit einem interaktiven und benutzerfreundlichen Veranstaltungskalender auf Ihrer Webflow-Website.","application_category":[],"applications_title":"","applications_request_title":"","applications_request_button_text":"","hero_text":"","hero_video":"","hero_video_schema_markup":"","selling_points_title":"","selling_points_caption":"","selling_points":[],"selling_points_cta_text":"","features_title":"","features":"","ed_cta_examples_text":"","ed_cta_examples_hidden":"","ed_cta_demo_text":"","ed_cta_demo_hidden":"","why_caption":"","why_editor_title":"","why_editor_text":"","why_team_title":"","why_team_text":"","why_service_title":"","why_service_text":"","template_catalog_visible":"0","template_catalog_title":"","template_catalog_text":"","template_catalog_categories_visible":"","demo_title":"Erstellen Sie Ihr Veranstaltungskalender-Widget","demo_caption":"Konfigurieren Sie Ihren Veranstaltungskalender und f\u00fcgen Sie ihn kostenlos zu Ihrer Webflow-Website hinzu!","default_faq_hidden":"","app_template_category":[],"platform":"250","template_public_id":"","codecanyon_url":"","codecanyon_item_id":"","codecanyon_price":"","pricing_caption":"","pricing_elfsight_apps_hide_column":"","pricing_elfsight_apps_url":"","pricing_codecanyon_price_caption":"","integration_category":[],"integration_request_title":"","integration_request_cta":"","integration_platform":"","integrations":[],"platform_category":[],"video_schema_markup":"","price":"ab 0 $ \/ Monat","trial":"","benefits":[{"text":"Kostenlose Installationsunterst\u00fctzung"},{"text":"Erfahrener Kundensupport"},{"text":"14-t\u00e4gige Geld-zur\u00fcck-Garantie"},{"text":"Zuk\u00fcnftige kostenlose Verbesserungen"}],"button_url":"#demo","button_target_blank":"0","button_nofollow":"0","attributes":[{"name":"Installiert","content":"100,000 - 500,000"},{"name":"Reaktionsfreudig","content":"Ja"},{"name":"Kompatible Browser","content":"Firefox, Edge, Safari, Opera, Chrome"}],"tags":[],"tags_disable_links":"0","hide_more_platforms":"","video_object":"","demo_hide_cta":"0","demo_hide_cloud_options":"0","pricing_title":"","pricing":[{"pricing_icon":"platform","pricing_title":"Elfsight Apps","pricing_title_caption":"Plattformunabh\u00e4ngige Software","pricing_price":"ab 0 $ \/ Monat","pricing_price_caption":"Beginnen Sie mit einem kostenlosen Plan","pricing_benefits":[{"text":"Unbegrenzte Websites"},{"text":"Schneller Kundensupport"},{"text":"Kostenloser Installationsservice"},{"text":"Sonderangebot f\u00fcr mehrere Apps"}],"pricing_button_text":"Zur Website hinzuf\u00fcgen","pricing_button_url":"#demo"}],"related_apps_title":"","related_apps_hidden":"0","author":"","image":[],"title":"","job":"","social_networks":[]},"_links":{"self":[{"href":"https:\/\/elfsight.com\/de\/wp-json\/wp\/v2\/pages\/17058","targetHints":{"allow":["GET"]}}],"collection":[{"href":"https:\/\/elfsight.com\/de\/wp-json\/wp\/v2\/pages"}],"about":[{"href":"https:\/\/elfsight.com\/de\/wp-json\/wp\/v2\/types\/page"}],"author":[{"embeddable":true,"href":"https:\/\/elfsight.com\/de\/wp-json\/wp\/v2\/users\/9"}],"replies":[{"embeddable":true,"href":"https:\/\/elfsight.com\/de\/wp-json\/wp\/v2\/comments?post=17058"}],"version-history":[{"count":4,"href":"https:\/\/elfsight.com\/de\/wp-json\/wp\/v2\/pages\/17058\/revisions"}],"predecessor-version":[{"id":22735,"href":"https:\/\/elfsight.com\/de\/wp-json\/wp\/v2\/pages\/17058\/revisions\/22735"}],"up":[{"embeddable":true,"href":"https:\/\/elfsight.com\/de\/wp-json\/wp\/v2\/pages\/1011"}],"wp:attachment":[{"href":"https:\/\/elfsight.com\/de\/wp-json\/wp\/v2\/media?parent=17058"}],"curies":[{"name":"wp","href":"https:\/\/api.w.org\/{rel}","templated":true}]}}