{"id":17057,"date":"2024-05-03T06:34:59","date_gmt":"2024-05-03T06:34:59","guid":{"rendered":"https:\/\/elfsight.com\/de\/?page_id=17057"},"modified":"2025-07-08T10:35:27","modified_gmt":"2025-07-08T10:35:27","slug":"webnode","status":"publish","type":"page","link":"https:\/\/elfsight.com\/de\/event-calendar-widget\/webnode\/","title":{"rendered":"Event Calendar &#8211; Webnode"},"content":{"rendered":"<div class=\"application-platform-content-item-description application-platform-content-item\" id=\"description\" data-nav-section=\"description\"> <h2>Veranstaltungskalender mit Elfsight-Widget einbetten<\/h2> <p>Elfsight-Veranstaltungskalender ist ein beeindruckendes Widget, mit dem Sie Ihre Aktivit\u00e4ten reibungslos mit Ihren teilen k\u00f6nnen Besucher. Es bietet zahlreiche M\u00f6glichkeiten, bevorstehende Aktivit\u00e4ten m\u00f6glichst repr\u00e4sentativ darzustellen. Passen Sie es an, um das Design mit dem Stil Ihrer Website zu verschmelzen. Erstellen Sie mehrere Veranstaltungen, f\u00fcgen Sie verschiedene Tags hinzu, laden Sie Ihre eigenen Bilder und Videos hoch und halten Sie Benutzer \u00fcber Ihre Projekte auf dem Laufenden. <\/p> <p><b>Der Veranstaltungskalender kann Ihnen dabei helfen, ganz einfach f\u00fcr Ihre bevorstehenden Veranstaltungen zu werben und das Engagement auf Ihrer Webseite zu steigern. <\/b><\/p> <\/div><div class=\"application-platform-content-item-features application-platform-content-item\" id=\"features\" data-nav-section=\"features\"> <h2>Hauptfunktionen des Veranstaltungskalender-Widgets<\/h2> <p>Sehen Sie sich alle Funktionen des Webnode-Veranstaltungskalenders an. Sie k\u00f6nnen sie direkt im Editor verwalten und sie helfen Ihnen dabei, das richtige Widget f\u00fcr Ihren Fall zu erstellen. <\/p> <ul> <li>Verwenden Sie anpassbare Inhaltsoptionen, um das Tool f\u00fcr Ihre Art von Aktivit\u00e4ten zu verstehen. <\/li> <li>Erm\u00f6glichen Sie Benutzern, Ihre Ereignisse zu ihren am h\u00e4ufigsten verwendeten Kalendern hinzuzuf\u00fcgen. <\/li> <li>Generieren Sie verschiedene Arten von Veranstaltungen, markieren Sie Orte und f\u00fcgen Sie Gastgeber hinzu. <\/li> <li>Kategorisieren Sie alle Ihre Veranstaltungen und weisen Sie ihnen Tags zu. <\/li> <li>W\u00e4hlen Sie zwischen vier Layoutoptionen. <\/li> <\/ul> <p><a href=\"#demo\">Sehen Sie in unserer Demo, wie alle Funktionen funktionieren<\/a><\/p> <\/div><div class=\"application-platform-content-item-installation application-platform-content-item\" id=\"installation\" data-nav-section=\"installation\"> <h2>Wie bette ich einen Veranstaltungskalender in Webnode ein? <\/h2> <p>Um mit der Verwendung des Widgets zu beginnen, f\u00fchren Sie einfach diese kurzen Schritte aus. <\/p> <ul> <li><b>Generieren Sie Ihr pers\u00f6nliches Kalender-Widget<\/b><br> Erstellen Sie mit unserem kostenlosen Editor ein Plugin mit einer ausgew\u00e4hlten Oberfl\u00e4che und Funktionen. <\/li> <li><b>Erhalten Sie den pers\u00f6nlichen Code zum Einbetten des Widgets<\/b><br> Nachdem Sie Ihr Widget erstellt haben, erhalten Sie Ihren pers\u00f6nlichen Code aus dem Popup-Fenster von Elfsight Apps. Kopieren Sie diesen Code f\u00fcr die zuk\u00fcnftige Verwendung. <\/li> <li><b>Betten Sie das Widget auf Ihrer Website ein<\/b><br> Definieren Sie den Bereich, in den Sie das Plugin einbetten m\u00f6chten, und f\u00fcgen Sie dort den gespeicherten Code ein. Speichern Sie die \u00c4nderungen. <\/li> <li><b>Sie haben die Installation erfolgreich abgeschlossen<\/b><br> Besuchen Sie die Website, um Ihren Kalender anzuzeigen. <\/li> <\/ul> <p>Z\u00f6gern Sie nicht, sich an den Support unserer Kunden zu wenden, wenn Sie Rat ben\u00f6tigen oder Fragen haben. Unsere Spezialisten helfen Ihnen gerne bei jedem Anliegen weiter. <\/p> <\/div><div class=\"faq\" data-component=\"FAQ\"><div class=\"faq-item\">\r\n\t\t\t\t\t<div class=\"faq-item-question\">\r\n\t\t\t\t\t\t<h3 class=\"faq-item-question-text\">Gibt es eine M\u00f6glichkeit, den Veranstaltungskalender ohne Programmierkenntnisse in meine Webnode-Homepage einzubetten?<\/h3>\r\n\r\n\t\t\t\t\t\t<div class=\"faq-item-question-icon\"><\/div>\r\n\t\t\t\t\t<\/div>\r\n\r\n\t\t\t\t\t<div class=\"faq-item-answer\">\r\n\t\t\t\t\t\t<div class=\"faq-item-answer-text\"><p>Elfsight-Unternehmen stellt eine Cloud-L\u00f6sung vor, mit der Benutzer selbst eine Veranstaltungskalender-App erstellen k\u00f6nnen. Entdecken Sie, wie einfach das ist: <\/p><ul><li>Gehen Sie zum Online-Editor, um ein Veranstaltungskalender-Plugin zu erstellen, das Sie auf der Webnode-Homepage einbinden m\u00f6chten. <\/li><li>W\u00e4hlen Sie eine der vielen vorgefertigten Vorlagen aus und \u00e4ndern Sie die Einstellungen des Veranstaltungskalenders, aktualisieren Sie Ihre Inhalte, \u00e4ndern Sie das Layout und die Farben ohne Programmiererfahrung.<\/li><li>Speichern Sie Ihre Einstellungen Erstellen Sie den Event-Kalender und erhalten Sie den Plugin-Code zur Installation, den Sie einfach und kostenlos in jede Webnode-Homepage einf\u00fcgen k\u00f6nnen. <\/li><\/ul><p>Mit dem unkomplizierten Editor kann jeder Internetnutzer einen Veranstaltungskalenderabschnitt erstellen und ihn zu jeder Webnode-Webseite hinzuf\u00fcgen. F\u00fcr den Zugang zu unserem Editor ist keine Zahlung oder Offenlegung Ihrer Kartendaten erforderlich. Sollten Sie auf Hindernisse jeglicher Art sto\u00dfen, wenden Sie sich bitte an unseren technischen Support.<\/p><\/div>\r\n\t\t\t\t\t<\/div>\r\n\t\t\t\t<\/div><\/div>","protected":false},"excerpt":{"rendered":"","protected":false},"author":9,"featured_media":0,"parent":1011,"menu_order":0,"comment_status":"closed","ping_status":"closed","template":"templates\/template-application-platform.php","meta":{"publish_to_discourse":"","publish_post_category":"","wpdc_auto_publish_overridden":"","wpdc_topic_tags":"","wpdc_pin_topic":"","wpdc_pin_until":"","discourse_post_id":"","discourse_permalink":"","wpdc_publishing_response":"","wpdc_publishing_error":"","footnotes":""},"class_list":["post-17057","page","type-page","status-publish","hentry"],"yoast_head":"<!-- This site is optimized with the Yoast SEO plugin v25.3.1 - https:\/\/yoast.com\/wordpress\/plugins\/seo\/ -->\n<title>Veranstaltungskalender \u2013 Kalender-Plugin zur Webnode-Website hinzuf\u00fcgen [2025]<\/title>\n<meta name=\"description\" content=\"Entwerfen Sie mit Elfsight Ihr Veranstaltungskalender-Widget und f\u00fcgen Sie es schnell auf Ihrer Webnode-Website hinzu. Wir bieten kostenlosen Kundensupport und andere Boni.\" \/>\n<meta name=\"robots\" content=\"index, follow, max-snippet:-1, max-image-preview:large, max-video-preview:-1\" \/>\n<link rel=\"canonical\" href=\"https:\/\/elfsight.com\/de\/event-calendar-widget\/webnode\/\" \/>\n<meta property=\"og:locale\" content=\"de_DE\" \/>\n<meta property=\"og:type\" content=\"article\" \/>\n<meta property=\"og:title\" content=\"Veranstaltungskalender \u2013 Kalender-Plugin zur Webnode-Website hinzuf\u00fcgen [2025]\" \/>\n<meta property=\"og:description\" content=\"Entwerfen Sie mit Elfsight Ihr Veranstaltungskalender-Widget und f\u00fcgen Sie es schnell auf Ihrer Webnode-Website hinzu. Wir bieten kostenlosen Kundensupport und andere Boni.\" \/>\n<meta property=\"og:url\" content=\"https:\/\/elfsight.com\/de\/event-calendar-widget\/webnode\/\" \/>\n<meta property=\"og:site_name\" content=\"Elfsight DE\" \/>\n<meta property=\"article:modified_time\" content=\"2025-07-08T10:35:27+00:00\" \/>\n<meta name=\"twitter:card\" content=\"summary_large_image\" \/>\n<meta name=\"twitter:label1\" content=\"Gesch\u00e4tzte Lesezeit\" \/>\n\t<meta name=\"twitter:data1\" content=\"3\u00a0Minuten\" \/>\n<!-- \/ Yoast SEO plugin. -->","yoast_head_json":{"title":"Veranstaltungskalender \u2013 Kalender-Plugin zur Webnode-Website hinzuf\u00fcgen [2025]","description":"Entwerfen Sie mit Elfsight Ihr Veranstaltungskalender-Widget und f\u00fcgen Sie es schnell auf Ihrer Webnode-Website hinzu. Wir bieten kostenlosen Kundensupport und andere Boni.","robots":{"index":"index","follow":"follow","max-snippet":"max-snippet:-1","max-image-preview":"max-image-preview:large","max-video-preview":"max-video-preview:-1"},"canonical":"https:\/\/elfsight.com\/de\/event-calendar-widget\/webnode\/","og_locale":"de_DE","og_type":"article","og_title":"Veranstaltungskalender \u2013 Kalender-Plugin zur Webnode-Website hinzuf\u00fcgen [2025]","og_description":"Entwerfen Sie mit Elfsight Ihr Veranstaltungskalender-Widget und f\u00fcgen Sie es schnell auf Ihrer Webnode-Website hinzu. Wir bieten kostenlosen Kundensupport und andere Boni.","og_url":"https:\/\/elfsight.com\/de\/event-calendar-widget\/webnode\/","og_site_name":"Elfsight DE","article_modified_time":"2025-07-08T10:35:27+00:00","twitter_card":"summary_large_image","twitter_misc":{"Gesch\u00e4tzte Lesezeit":"3\u00a0Minuten"},"schema":{"@context":"https:\/\/schema.org","@graph":[{"@type":"WebPage","@id":"https:\/\/elfsight.com\/de\/event-calendar-widget\/webnode\/","url":"https:\/\/elfsight.com\/de\/event-calendar-widget\/webnode\/","name":"Veranstaltungskalender \u2013 Kalender-Plugin zur Webnode-Website hinzuf\u00fcgen [2025]","isPartOf":{"@id":"https:\/\/elfsight.com\/de\/#website"},"datePublished":"2024-05-03T06:34:59+00:00","dateModified":"2025-07-08T10:35:27+00:00","description":"Entwerfen Sie mit Elfsight Ihr Veranstaltungskalender-Widget und f\u00fcgen Sie es schnell auf Ihrer Webnode-Website hinzu. Wir bieten kostenlosen Kundensupport und andere Boni.","breadcrumb":{"@id":"https:\/\/elfsight.com\/de\/event-calendar-widget\/webnode\/#breadcrumb"},"inLanguage":"de","potentialAction":[{"@type":"ReadAction","target":["https:\/\/elfsight.com\/de\/event-calendar-widget\/webnode\/"]}]},{"@type":"BreadcrumbList","@id":"https:\/\/elfsight.com\/de\/event-calendar-widget\/webnode\/#breadcrumb","itemListElement":[{"@type":"ListItem","position":1,"name":"Home","item":"https:\/\/elfsight.com\/de\/"},{"@type":"ListItem","position":2,"name":"Event Calendar","item":"https:\/\/elfsight.com\/de\/event-calendar-widget\/"},{"@type":"ListItem","position":3,"name":"Event Calendar &#8211; Webnode"}]},{"@type":"WebSite","@id":"https:\/\/elfsight.com\/de\/#website","url":"https:\/\/elfsight.com\/de\/","name":"Elfsight DE","description":"Just another Elfsight Sites site","potentialAction":[{"@type":"SearchAction","target":{"@type":"EntryPoint","urlTemplate":"https:\/\/elfsight.com\/de\/?s={search_term_string}"},"query-input":{"@type":"PropertyValueSpecification","valueRequired":true,"valueName":"search_term_string"}}],"inLanguage":"de"}]}},"meta_box":{"industry":"","seo_heading":"","heading":"","description":"","cta_heading":"","cta_description":"","application":"500","h1":"Webnode-Eventkalender-Widget","h1_caption":"Verwalten und teilen Sie Veranstaltungen auf Ihrer Website m\u00fchelos mit einem interaktiven und benutzerfreundlichen Veranstaltungskalender auf Ihrer Webnode-Website.","application_category":[],"applications_title":"","applications_request_title":"","applications_request_button_text":"","hero_text":"","hero_video":"","hero_video_schema_markup":"","selling_points_title":"","selling_points_caption":"","selling_points":[],"selling_points_cta_text":"","features_title":"","features":"","ed_cta_examples_text":"","ed_cta_examples_hidden":"","ed_cta_demo_text":"","ed_cta_demo_hidden":"","why_caption":"","why_editor_title":"","why_editor_text":"","why_team_title":"","why_team_text":"","why_service_title":"","why_service_text":"","template_catalog_visible":"","template_catalog_title":"","template_catalog_text":"","template_catalog_categories_visible":"","demo_title":"Erstellen Sie Ihr Veranstaltungskalender-Widget","demo_caption":"Konfigurieren Sie Ihren Veranstaltungskalender und f\u00fcgen Sie ihn kostenlos zu Ihrer Webnode-Website hinzu!","default_faq_hidden":"","app_template_category":[],"platform":"248","template_public_id":"","codecanyon_url":"","codecanyon_item_id":"","codecanyon_price":"","pricing_caption":"","pricing_elfsight_apps_hide_column":"","pricing_elfsight_apps_url":"","pricing_codecanyon_price_caption":"","integration_category":[],"integration_request_title":"","integration_request_cta":"","integration_platform":"","integrations":[],"platform_category":[],"video_schema_markup":"","price":"ab 0 $ \/ Monat","trial":"","benefits":[{"text":"Kostenlose Installationshilfe"},{"text":"Effektiver Kundenservice"},{"text":"14-t\u00e4gige Geld-zur\u00fcck-Garantie"},{"text":"St\u00e4ndige Aktualisierung"}],"button_url":"#demo","button_target_blank":"","button_nofollow":"","attributes":[{"name":"Installiert","content":"100,000 - 500,000"},{"name":"Reaktionsfreudig","content":"Ja"},{"name":"Kompatible Browser","content":"Firefox, Safari, Opera, Chrome, Edge"}],"tags":[],"tags_disable_links":"","hide_more_platforms":"","video_object":"","demo_hide_cta":"","demo_hide_cloud_options":"","pricing_title":"","pricing":[{"pricing_icon":"platform","pricing_title":"Elfsight Apps","pricing_title_caption":"Plattformunabh\u00e4ngige L\u00f6sung, die f\u00fcr jede Website geeignet ist","pricing_price":"ab 0 $ \/ Monat","pricing_price_caption":"Beginnen Sie mit einem kostenlosen Plan","pricing_benefits":[{"text":"Unbegrenzte Websites"},{"text":"Premium-Unternehmensunterst\u00fctzung"},{"text":"Kostenloser Installationssupport"},{"text":"Tolles Angebot f\u00fcr mehrere Apps"}],"pricing_button_text":"Zur Website hinzuf\u00fcgen","pricing_button_url":"#demo"}],"related_apps_title":"","related_apps_hidden":"","author":"","image":[],"title":"","job":"","social_networks":[]},"_links":{"self":[{"href":"https:\/\/elfsight.com\/de\/wp-json\/wp\/v2\/pages\/17057","targetHints":{"allow":["GET"]}}],"collection":[{"href":"https:\/\/elfsight.com\/de\/wp-json\/wp\/v2\/pages"}],"about":[{"href":"https:\/\/elfsight.com\/de\/wp-json\/wp\/v2\/types\/page"}],"author":[{"embeddable":true,"href":"https:\/\/elfsight.com\/de\/wp-json\/wp\/v2\/users\/9"}],"replies":[{"embeddable":true,"href":"https:\/\/elfsight.com\/de\/wp-json\/wp\/v2\/comments?post=17057"}],"version-history":[{"count":2,"href":"https:\/\/elfsight.com\/de\/wp-json\/wp\/v2\/pages\/17057\/revisions"}],"predecessor-version":[{"id":21480,"href":"https:\/\/elfsight.com\/de\/wp-json\/wp\/v2\/pages\/17057\/revisions\/21480"}],"up":[{"embeddable":true,"href":"https:\/\/elfsight.com\/de\/wp-json\/wp\/v2\/pages\/1011"}],"wp:attachment":[{"href":"https:\/\/elfsight.com\/de\/wp-json\/wp\/v2\/media?parent=17057"}],"curies":[{"name":"wp","href":"https:\/\/api.w.org\/{rel}","templated":true}]}}