{"id":17056,"date":"2024-05-03T06:34:58","date_gmt":"2024-05-03T06:34:58","guid":{"rendered":"https:\/\/elfsight.com\/de\/?page_id=17056"},"modified":"2025-01-10T15:05:36","modified_gmt":"2025-01-10T15:05:36","slug":"weebly","status":"publish","type":"page","link":"https:\/\/elfsight.com\/de\/event-calendar-widget\/weebly\/","title":{"rendered":"Event Calendar &#8211; Weebly"},"content":{"rendered":"\n<div class=\"application-platform-content-item-description application-platform-content-item\" id=\"description\" data-nav-section=\"description\"> \n<h2>Event-Kalender mit Elfsight Widget einbinden<\/h2> \n<p>Der Elfsight Kalender ist ein beeindruckendes Widget, mit dem Sie Ihre Veranstaltungen ganz einfach mit Ihrem Publikum teilen k\u00f6nnen. Es bietet zahlreiche M\u00f6glichkeiten, bevorstehende Aktivit\u00e4ten auf die eindrucksvollste Weise darzustellen. Passen Sie es an, um das Design mit der \u00c4sthetik Ihrer Website zu verbinden. Erstellen Sie unbegrenzt viele Veranstaltungen, f\u00fcgen Sie verschiedene Tags hinzu, laden Sie Ihre eigenen Bilder und Videos hoch und halten Sie Ihre Besucher \u00fcber Ihren Zeitplan auf dem Laufenden.<\/p>\n<p>Ein interaktives Kalender-Widget f\u00fcr Weebly schafft Bewusstsein f\u00fcr die Aktivit\u00e4ten Ihres Unternehmens. Zudem steigert es die Popularit\u00e4t Ihrer Marke, w\u00e4hrend Sie mehr Veranstaltungen erstellen. Sie k\u00f6nnen Ihr Event-Widget auf allen Seiten Ihrer Weebly-Website oder nur auf ausgew\u00e4hlten Seiten anzeigen. Der Event-Kalender auf Ihrer Seite erm\u00f6glicht es Ihnen au\u00dferdem, neue Inhalte hinzuzuf\u00fcgen, was immer gut f\u00fcr Suchmaschinen ist. Diese bewerten st\u00e4ndig Ihre Website und wenn sie frische Inhalte entdecken, bewerten sie Ihre Seite als deutlich relevanter und erh\u00f6hen so die Wahrscheinlichkeit, dass Ihre Seite von potenziellen Kunden gefunden wird. Neben den Veranstaltungen kann die Integration einer Event-Kalender-App auf Ihrer Weebly-Seite den Wert Ihrer Website in den Augen Ihrer Kunden steigern. Sie k\u00f6nnen den Event-Kalender nutzen, um mehr Interaktion unter Ihren Kunden zu f\u00f6rdern. Wie ein Blog-Post kann ein Kalender Ihnen helfen, mit Ihrem Publikum zu kommunizieren, indem er es motiviert, sich f\u00fcr Veranstaltungen anzumelden und sogar andere Veranstaltungen vorzuschlagen, die sie besuchen m\u00f6chten. F\u00fcgen Sie ein Kalender-Feature hinzu, um Veranstaltungen einfach auf Ihrer Weebly-Website anzuzeigen.<\/p>\n<p><b>Der Event-Kalender hilft Ihnen, Ihre zuk\u00fcnftigen Veranstaltungen m\u00fchelos anzuzeigen und das Engagement auf Ihrer Website zu steigern.<\/b><\/p> \n<\/div>\n\n<div class=\"application-platform-content-item-features application-platform-content-item\" id=\"features\" data-nav-section=\"features\"> \n<h2>Hauptfunktionen der Event-Kalender-App<\/h2> \n<p>Sehen Sie sich alle Funktionen des Weebly Event-Kalenders an. Sie k\u00f6nnen diese direkt im Editor verwalten, und sie helfen Ihnen, das Widget passend f\u00fcr Ihre Bed\u00fcrfnisse zu gestalten.<\/p> \n<ul> \n<li>Nutzen Sie anpassbare Inhaltsm\u00f6glichkeiten, um das Widget f\u00fcr Ihre Art von Veranstaltungen anzupassen.<\/li> \n<li>Erm\u00f6glichen Sie es Nutzern, Veranstaltungen zu ihren h\u00e4ufig genutzten Kalendern hinzuzuf\u00fcgen.<\/li> \n<li>Erstellen Sie verschiedene Arten von Veranstaltungen, markieren Sie Standorte und f\u00fcgen Sie Gastgeber hinzu.<\/li> \n<li>Kategorisieren Sie alle Ihre Aktivit\u00e4ten und weisen Sie ihnen Tags zu.<\/li> \n<li>W\u00e4hlen Sie zwischen vier Layout-Varianten.<\/li> \n<\/ul> \n<p><a href=\"#demo\">Probieren Sie alle Funktionen direkt in der Demo aus<\/a><\/p> \n<\/div>\n\n<div class=\"application-platform-content-item-installation application-platform-content-item\" id=\"installation\" data-nav-section=\"installation\"> \n<h2>Wie f\u00fcge ich den Event-Kalender auf meiner Weebly-Website ein?<\/h2>\n<div class=\"video-container\">\n<iframe width=\"720\" height=\"405\" src=\"https:\/\/www.youtube.com\/embed\/ErfuYGxteNc\" frameborder=\"0\" allowfullscreen=\"\"><\/iframe>\n<\/div>\n<p>Um das Widget hinzuzuf\u00fcgen, folgen Sie einfach den untenstehenden Anweisungen.<\/p> \n\n<ol>\n<li><b>Verwalten Sie unsere kostenlose Demo und beginnen Sie, Ihre ma\u00dfgeschneiderte App zu erstellen.<\/b><br> \nW\u00e4hlen Sie das gew\u00fcnschte Design und die Parameter der App aus und nehmen Sie alle Anpassungen vor.<\/li> \n <li><b>Erhalten Sie Ihren individuellen Code, der im Fenster auf Elfsight Apps erscheint.<\/b><br> \nSobald die Konfiguration Ihrer pers\u00f6nlichen App abgeschlossen ist, kopieren Sie den Code aus dem angezeigten Feld und speichern ihn f\u00fcr sp\u00e4ter.<\/li> \n <li><b>Verwenden Sie die App auf Ihrer Weebly-Seite.<\/b><br> \nF\u00fcgen Sie den k\u00fcrzlich gespeicherten Code in Ihre Webseite ein und speichern Sie die \u00c4nderungen.<\/li> \n <li><b>Die Einrichtung ist erfolgreich abgeschlossen.<\/b><br> \nGehen Sie auf Ihre Webseite, um die Funktionsweise der App zu \u00fcberpr\u00fcfen.<\/li>\n<\/ol>\n\n<p>Z\u00f6gern Sie nicht, unseren Kundensupport zu kontaktieren, wenn Sie Hilfe ben\u00f6tigen oder Fragen haben. Unsere Spezialisten stehen Ihnen bei jeder Anfrage zur Verf\u00fcgung.<\/p> \n<\/div>\n\n<div class=\"faq\" data-component=\"FAQ\">\n<div class=\"faq-item\">\r\n\t\t\t\t\t<div class=\"faq-item-question\">\r\n\t\t\t\t\t\t<h3 class=\"faq-item-question-text\">Gibt es eine M\u00f6glichkeit, den Event-Kalender auf meiner Weebly-Website ohne Programmierkenntnisse hinzuzuf\u00fcgen?<\/h3>\r\n\r\n\t\t\t\t\t\t<div class=\"faq-item-question-icon\"><\/div>\r\n\t\t\t\t\t<\/div>\r\n\r\n\t\t\t\t\t<div class=\"faq-item-answer\">\r\n\t\t\t\t\t\t<div class=\"faq-item-answer-text\">\n\n<p>\nElfsight bietet eine L\u00f6sung, mit der Sie ein Event-Kalender-Widget selbst erstellen k\u00f6nnen. Erfahren Sie, wie einfach der Prozess ist:\n<\/p>\n\n<ul>\n<li>\nArbeiten Sie direkt im Online-Editor, um das Event-Kalender-Plugin zu erstellen, das Sie auf Ihrer Weebly-Webseite anzeigen m\u00f6chten.\n<\/li>\n<li>\nW\u00e4hlen Sie eines der vorgefertigten Templates aus und passen Sie die Einstellungen des Event-Kalenders an, f\u00fcgen Sie Ihre Inhalte hinzu und \u00e4ndern Sie das Layout sowie die Farben der Elemente \u2013 ganz ohne Programmierkenntnisse.<\/li>\n<li>\nSpeichern Sie den Event-Kalender und erhalten Sie den Installationscode, der problemlos in Ihre Weebly-Website eingebunden werden kann, ohne einen kostenpflichtigen Plan zu kaufen.<\/li>\n<\/ul>\n\n<p>\nMit unserem intuitiven Editor kann jeder Web-Nutzer das Event-Kalender-Widget online erstellen und problemlos in jede Weebly-Seite einf\u00fcgen. Es ist nicht erforderlich, ein kostenpflichtiges Abonnement abzuschlie\u00dfen oder Ihre Kartendaten einzugeben, um unseren Service zu nutzen. Wenn Sie auf Probleme sto\u00dfen, z\u00f6gern Sie nicht, unser Support-Team zu kontaktieren.<\/p>\n\n<\/div>\r\n\t\t\t\t\t<\/div>\r\n\t\t\t\t<\/div>\n<\/div>\n","protected":false},"excerpt":{"rendered":"","protected":false},"author":9,"featured_media":0,"parent":1011,"menu_order":0,"comment_status":"closed","ping_status":"closed","template":"templates\/template-application-platform.php","meta":{"publish_to_discourse":"","publish_post_category":"","wpdc_auto_publish_overridden":"","wpdc_topic_tags":"","wpdc_pin_topic":"","wpdc_pin_until":"","discourse_post_id":"","discourse_permalink":"","wpdc_publishing_response":"","wpdc_publishing_error":"","footnotes":""},"class_list":["post-17056","page","type-page","status-publish","hentry"],"yoast_head":"<!-- This site is optimized with the Yoast SEO plugin v25.3.1 - https:\/\/yoast.com\/wordpress\/plugins\/seo\/ -->\n<title>Bester Veranstaltungskalender \u2013 Kalender-Widget zur Weebly-Website hinzuf\u00fcgen [2025]<\/title>\n<meta name=\"description\" content=\"Entwerfen Sie mit Elfsight Ihr Veranstaltungskalender-Plugin und f\u00fcgen Sie es schnell auf Ihrer Weebly-Website hinzu. Wir bieten kostenlosen Kundensupport und andere Boni.\" \/>\n<meta name=\"robots\" content=\"index, follow, max-snippet:-1, max-image-preview:large, max-video-preview:-1\" \/>\n<link rel=\"canonical\" href=\"https:\/\/elfsight.com\/de\/event-calendar-widget\/weebly\/\" \/>\n<meta property=\"og:locale\" content=\"de_DE\" \/>\n<meta property=\"og:type\" content=\"article\" \/>\n<meta property=\"og:title\" content=\"Bester Veranstaltungskalender \u2013 Kalender-Widget zur Weebly-Website hinzuf\u00fcgen [2025]\" \/>\n<meta property=\"og:description\" content=\"Entwerfen Sie mit Elfsight Ihr Veranstaltungskalender-Plugin und f\u00fcgen Sie es schnell auf Ihrer Weebly-Website hinzu. Wir bieten kostenlosen Kundensupport und andere Boni.\" \/>\n<meta property=\"og:url\" content=\"https:\/\/elfsight.com\/de\/event-calendar-widget\/weebly\/\" \/>\n<meta property=\"og:site_name\" content=\"Elfsight DE\" \/>\n<meta property=\"article:modified_time\" content=\"2025-01-10T15:05:36+00:00\" \/>\n<meta name=\"twitter:card\" content=\"summary_large_image\" \/>\n<meta name=\"twitter:label1\" content=\"Gesch\u00e4tzte Lesezeit\" \/>\n\t<meta name=\"twitter:data1\" content=\"4\u00a0Minuten\" \/>\n<!-- \/ Yoast SEO plugin. -->","yoast_head_json":{"title":"Bester Veranstaltungskalender \u2013 Kalender-Widget zur Weebly-Website hinzuf\u00fcgen [2025]","description":"Entwerfen Sie mit Elfsight Ihr Veranstaltungskalender-Plugin und f\u00fcgen Sie es schnell auf Ihrer Weebly-Website hinzu. Wir bieten kostenlosen Kundensupport und andere Boni.","robots":{"index":"index","follow":"follow","max-snippet":"max-snippet:-1","max-image-preview":"max-image-preview:large","max-video-preview":"max-video-preview:-1"},"canonical":"https:\/\/elfsight.com\/de\/event-calendar-widget\/weebly\/","og_locale":"de_DE","og_type":"article","og_title":"Bester Veranstaltungskalender \u2013 Kalender-Widget zur Weebly-Website hinzuf\u00fcgen [2025]","og_description":"Entwerfen Sie mit Elfsight Ihr Veranstaltungskalender-Plugin und f\u00fcgen Sie es schnell auf Ihrer Weebly-Website hinzu. Wir bieten kostenlosen Kundensupport und andere Boni.","og_url":"https:\/\/elfsight.com\/de\/event-calendar-widget\/weebly\/","og_site_name":"Elfsight DE","article_modified_time":"2025-01-10T15:05:36+00:00","twitter_card":"summary_large_image","twitter_misc":{"Gesch\u00e4tzte Lesezeit":"4\u00a0Minuten"},"schema":{"@context":"https:\/\/schema.org","@graph":[{"@type":"WebPage","@id":"https:\/\/elfsight.com\/de\/event-calendar-widget\/weebly\/","url":"https:\/\/elfsight.com\/de\/event-calendar-widget\/weebly\/","name":"Bester Veranstaltungskalender \u2013 Kalender-Widget zur Weebly-Website hinzuf\u00fcgen [2025]","isPartOf":{"@id":"https:\/\/elfsight.com\/de\/#website"},"datePublished":"2024-05-03T06:34:58+00:00","dateModified":"2025-01-10T15:05:36+00:00","description":"Entwerfen Sie mit Elfsight Ihr Veranstaltungskalender-Plugin und f\u00fcgen Sie es schnell auf Ihrer Weebly-Website hinzu. Wir bieten kostenlosen Kundensupport und andere Boni.","breadcrumb":{"@id":"https:\/\/elfsight.com\/de\/event-calendar-widget\/weebly\/#breadcrumb"},"inLanguage":"de","potentialAction":[{"@type":"ReadAction","target":["https:\/\/elfsight.com\/de\/event-calendar-widget\/weebly\/"]}]},{"@type":"BreadcrumbList","@id":"https:\/\/elfsight.com\/de\/event-calendar-widget\/weebly\/#breadcrumb","itemListElement":[{"@type":"ListItem","position":1,"name":"Home","item":"https:\/\/elfsight.com\/de\/"},{"@type":"ListItem","position":2,"name":"Event Calendar","item":"https:\/\/elfsight.com\/de\/event-calendar-widget\/"},{"@type":"ListItem","position":3,"name":"Event Calendar &#8211; Weebly"}]},{"@type":"WebSite","@id":"https:\/\/elfsight.com\/de\/#website","url":"https:\/\/elfsight.com\/de\/","name":"Elfsight DE","description":"Just another Elfsight Sites site","potentialAction":[{"@type":"SearchAction","target":{"@type":"EntryPoint","urlTemplate":"https:\/\/elfsight.com\/de\/?s={search_term_string}"},"query-input":{"@type":"PropertyValueSpecification","valueRequired":true,"valueName":"search_term_string"}}],"inLanguage":"de"}]}},"meta_box":{"industry":"","seo_heading":"","heading":"","description":"","cta_heading":"","cta_description":"","application":"500","h1":"Weebly Eventkalender-App","h1_caption":"Verwalten und teilen Sie Veranstaltungen auf Ihrer Website m\u00fchelos mit einem interaktiven und benutzerfreundlichen Veranstaltungskalender auf Ihrer Weebly-Website.","application_category":[],"applications_title":"","applications_request_title":"","applications_request_button_text":"","hero_text":"","hero_video":"","hero_video_schema_markup":"","selling_points_title":"","selling_points_caption":"","selling_points":[],"selling_points_cta_text":"","features_title":"","features":"","ed_cta_examples_text":"","ed_cta_examples_hidden":"","ed_cta_demo_text":"","ed_cta_demo_hidden":"","why_caption":"","why_editor_title":"","why_editor_text":"","why_team_title":"","why_team_text":"","why_service_title":"","why_service_text":"","template_catalog_visible":"0","template_catalog_title":"","template_catalog_text":"","template_catalog_categories_visible":"","demo_title":"Erstellen Sie Ihre Eventkalender-App","demo_caption":"Konfigurieren Sie Ihren Veranstaltungskalender und f\u00fcgen Sie ihn kostenlos zu Ihrer Weebly-Website hinzu!","default_faq_hidden":"","app_template_category":[],"platform":"249","template_public_id":"","codecanyon_url":"","codecanyon_item_id":"","codecanyon_price":"","pricing_caption":"","pricing_elfsight_apps_hide_column":"","pricing_elfsight_apps_url":"","pricing_codecanyon_price_caption":"","integration_category":[],"integration_request_title":"","integration_request_cta":"","integration_platform":"","integrations":[],"platform_category":[],"video_schema_markup":"","price":"ab 0 $ \/ Monat","trial":"","benefits":[{"text":"Kostenlose Installationsunterst\u00fctzung"},{"text":"Erfahrener Kundensupport"},{"text":"14-t\u00e4gige Geld-zur\u00fcck-Garantie"},{"text":"Regelm\u00e4\u00dfige Verbesserungen"}],"button_url":"#demo","button_target_blank":"0","button_nofollow":"0","attributes":[{"name":"Installiert","content":"100,000 - 500,000"},{"name":"Reaktionsfreudig","content":"Ja"},{"name":"Kompatible Browser","content":"Firefox, Safari, Opera, Chrome, Edge"}],"tags":[],"tags_disable_links":"0","hide_more_platforms":"","video_object":"","demo_hide_cta":"0","demo_hide_cloud_options":"0","pricing_title":"","pricing":[{"pricing_icon":"platform","pricing_title":"Elfsight Apps","pricing_title_caption":"Multiplattform-Software, die auf jeder Site funktioniert","pricing_price":"ab 0 $ \/ Monat","pricing_price_caption":"Beginnen Sie mit einem kostenlosen Plan","pricing_benefits":[{"text":"Unbegrenzte Websites"},{"text":"Support rund um die Uhr und gut dokumentiert"},{"text":"Kostenloser Installationsservice"},{"text":"Flexibles Design"}],"pricing_button_text":"Zur Website hinzuf\u00fcgen","pricing_button_url":"#demo"}],"related_apps_title":"","related_apps_hidden":"0","author":"","image":[],"title":"","job":"","social_networks":[]},"_links":{"self":[{"href":"https:\/\/elfsight.com\/de\/wp-json\/wp\/v2\/pages\/17056","targetHints":{"allow":["GET"]}}],"collection":[{"href":"https:\/\/elfsight.com\/de\/wp-json\/wp\/v2\/pages"}],"about":[{"href":"https:\/\/elfsight.com\/de\/wp-json\/wp\/v2\/types\/page"}],"author":[{"embeddable":true,"href":"https:\/\/elfsight.com\/de\/wp-json\/wp\/v2\/users\/9"}],"replies":[{"embeddable":true,"href":"https:\/\/elfsight.com\/de\/wp-json\/wp\/v2\/comments?post=17056"}],"version-history":[{"count":3,"href":"https:\/\/elfsight.com\/de\/wp-json\/wp\/v2\/pages\/17056\/revisions"}],"predecessor-version":[{"id":23467,"href":"https:\/\/elfsight.com\/de\/wp-json\/wp\/v2\/pages\/17056\/revisions\/23467"}],"up":[{"embeddable":true,"href":"https:\/\/elfsight.com\/de\/wp-json\/wp\/v2\/pages\/1011"}],"wp:attachment":[{"href":"https:\/\/elfsight.com\/de\/wp-json\/wp\/v2\/media?parent=17056"}],"curies":[{"name":"wp","href":"https:\/\/api.w.org\/{rel}","templated":true}]}}