{"id":17055,"date":"2024-05-03T06:34:57","date_gmt":"2024-05-03T06:34:57","guid":{"rendered":"https:\/\/elfsight.com\/de\/?page_id=17055"},"modified":"2025-12-18T17:23:03","modified_gmt":"2025-12-18T17:23:03","slug":"wix","status":"publish","type":"page","link":"https:\/\/elfsight.com\/de\/event-calendar-widget\/wix\/","title":{"rendered":"Event Calendar &#8211; Wix"},"content":{"rendered":"<div class=\"application-platform-content-item-description application-platform-content-item\" id=\"description\" data-nav-section=\"description\"> <h2>Veranstaltungskalender mit Elfsight-Widget einbetten<\/h2> <p>Elfsight Calendar ist eine leistungsstarke App, mit der Sie Ihre Veranstaltungen m\u00fchelos mit den anderen teilen k\u00f6nnen die Welt. Es bietet viele M\u00f6glichkeiten, bevorstehende Aktivit\u00e4ten m\u00f6glichst repr\u00e4sentativ darzustellen. Personalisieren Sie es, um das Design mit der \u00c4sthetik Ihrer Website zu kombinieren. Erstellen Sie mehrere Veranstaltungen, f\u00fcgen Sie Tags hinzu, laden Sie Ihre eigenen Bilder und Videos hoch und halten Sie Ihr Publikum \u00fcber Ihren Zeitplan auf dem Laufenden. Das Kalender-Widget bietet alles, um die Benutzerinteraktion zu steigern.<\/p><p><b>Mit der Elfsight Events Calendar-App k\u00f6nnen Sie m\u00fchelos Ihre bevorstehenden Ereignisse anzeigen und die Engagement-Rate auf Ihrer Website erh\u00f6hen. Profitieren Sie vom Kalender-Widget und seiner F\u00e4higkeit, Ereignisse zu verwalten.<\/b><\/p> <\/div><div class=\"application-platform-content-item-features application-platform-content-item\" id=\"features\" data-nav-section=\"features\"> <h2>Hauptfunktionen der Eventkalender-App<\/h2> <p>Der Kalender Das Widget ist mit allem ausgestattet, was Sie brauchen. Aufgrund der flexiblen Einstellungen k\u00f6nnen Sie Ereignisse in den Wix-Kalender einbetten und strukturieren. Hier ist eine Liste aller Funktionsmerkmale des Wix Event Calendar. Sie sind direkt im Editor verf\u00fcgbar und helfen Ihnen dabei, das Widget genau f\u00fcr Ihren Fall zu gestalten. <\/p> <ul> <li>Verwenden Sie anpassbare Inhaltsoptionen, um das Tool an Ihre Art von Aktivit\u00e4ten anzupassen. <\/li> <li>Erm\u00f6glichen Sie Benutzern, Ereignisse zu ihren h\u00e4ufig verwendeten Kalendern hinzuzuf\u00fcgen. <\/li> <li>Generieren Sie verschiedene Arten von Veranstaltungen, geben Sie Orte an und f\u00fcgen Sie Gastgeber hinzu. <\/li> <li>Kategorisieren Sie alle Ihre Veranstaltungen und weisen Sie ihnen Tags zu. <\/li> <li>W\u00e4hlen Sie zwischen vier Layoutoptionen. <\/li> <\/ul> <p><a href=\"#demo\">\u00dcberpr\u00fcfen Sie alle anderen Funktionen in der Demo<\/a><\/p> <\/div><div class=\"application-platform-content-item-installation application-platform-content-item\" id=\"installation\" data-nav-section=\"installation\"> <h2> Wie f\u00fcge ich einen Veranstaltungskalender zu Wix hinzu?<\/h2> <div class=\"video-container\"><iframe width=\"720\" height=\"405\" src=\"https:\/\/www.youtube.com\/embed\/gXzGsQjsh9Y?si=Dl3uBIAVlqJaPn_B\" frameborder=\"0\" allowfullscreen=\"\"><\/iframe><\/div><p>Um das Widget einzubetten, befolgen Sie einfach die nachstehenden Anweisungen. <\/p> <ul> <li><b>Generieren Sie Ihre ma\u00dfgeschneiderte Event-App<\/b><br> Erstellen Sie mit unserem kostenlosen Konfigurator ein Widget mit einem ausgew\u00e4hlten Layout und funktionalen Merkmalen. <\/li> <li><b>Erhalten Sie den pers\u00f6nlichen Code zum Einrichten der App<\/b><br> Nachdem Sie Ihr Widget generiert haben, erhalten Sie den individuellen Code aus dem angezeigten Fenster auf Elfsight Apps. Kopieren Sie diesen Code zur sp\u00e4teren Verwendung. <\/li> <li><b>F\u00fcgen Sie den Kalender zu Ihrer Website hinzu<\/b><br> Definieren Sie den Ort, an dem Sie das Widget anzeigen m\u00f6chten, und f\u00fcgen Sie dort den kopierten Code ein. Speichern Sie die Ergebnisse. <\/li> <li><b>Herzlichen Gl\u00fcckwunsch! Sie haben gerade die App eingerichtet!<\/b><br> Besuchen Sie die Website, um einen Blick auf Ihre Arbeit zu werfen. <\/li> <\/ul> <p>Z\u00f6gern Sie nicht, den Kundendienst zu kontaktieren, wenn Sie Rat ben\u00f6tigen oder Fragen haben. Wir helfen Ihnen gerne bei jeder Anfrage weiter. <\/p> <\/div><div class=\"faq\" data-component=\"FAQ\"><div class=\"faq-item\">\r\n\t\t\t\t\t<div class=\"faq-item-question\">\r\n\t\t\t\t\t\t<h3 class=\"faq-item-question-text\">Warum f\u00fcgen Unternehmen den Veranstaltungskalender zu den Seiten von Wix hinzu?<\/h3>\r\n\r\n\t\t\t\t\t\t<div class=\"faq-item-question-icon\"><\/div>\r\n\t\t\t\t\t<\/div>\r\n\r\n\t\t\t\t\t<div class=\"faq-item-answer\">\r\n\t\t\t\t\t\t<div class=\"faq-item-answer-text\"><p>Ein interaktiver Veranstaltungskalender f\u00fcr Wix schafft Aufmerksamkeit f\u00fcr Interessengebiet Ihres Unternehmens bestm\u00f6glich zu erreichen. Noch wichtiger ist, dass es die Sichtbarkeit Ihres Unternehmens erh\u00f6ht, wenn Sie mehr Veranstaltungen organisieren. Sie k\u00f6nnen Ihre Veranstaltungskalender-App auf allen Seiten Ihrer Wix-Website oder nur auf bestimmten Seiten anzeigen.<\/p><p>Mit dem Veranstaltungskalender auf Ihrer Website k\u00f6nnen Sie auch neue Inhalte f\u00fcr Ihre Website einbetten, was immer ein gutes Zeichen f\u00fcr die Suche ist Motoren. Diese schauen sich st\u00e4ndig Ihre Website an und wenn sie neue Inhalte entdecken, stufen sie Ihre Website als deutlich relevanter ein und k\u00f6nnen die Chancen erh\u00f6hen, dass Ihre Website angezeigt wird, wenn Ihre potenziellen Kunden online suchen. Wenn Sie neben Veranstaltungen auch einen Kalender auf Ihrer Wix-Website hinzuf\u00fcgen, kann dies in den Augen Ihrer Kunden einen Mehrwert f\u00fcr Ihr Unternehmen darstellen.<\/p> <p>Sie k\u00f6nnen gerne den Veranstaltungskalender nutzen, um f\u00fcr mehr Interaktion zu sorgen unter Ihren Kunden. \u00c4hnlich wie bei Blogbeitr\u00e4gen kann Ihnen die Kalenderintegration von Wix dabei helfen, mit Ihren Kunden zu interagieren, indem sie ihnen erm\u00f6glicht, sich f\u00fcr bestimmte Veranstaltungen anzumelden und sogar andere Veranstaltungen zu empfehlen, an denen sie teilnehmen m\u00f6chten. Die Implementierung einer solchen Funktion zur Demonstration von Ereignissen auf Ihrer Website von Wix ist wirklich einfach durchzuf\u00fchren.<\/p> <\/div>\r\n\t\t\t\t\t<\/div>\r\n\t\t\t\t<\/div><\/div>","protected":false},"excerpt":{"rendered":"","protected":false},"author":9,"featured_media":0,"parent":1011,"menu_order":0,"comment_status":"closed","ping_status":"closed","template":"templates\/template-application-platform.php","meta":{"publish_to_discourse":"","publish_post_category":"","wpdc_auto_publish_overridden":"","wpdc_topic_tags":"","wpdc_pin_topic":"","wpdc_pin_until":"","discourse_post_id":"","discourse_permalink":"","wpdc_publishing_response":"","wpdc_publishing_error":"","footnotes":""},"class_list":["post-17055","page","type-page","status-publish","hentry"],"yoast_head":"<!-- This site is optimized with the Yoast SEO plugin v25.3.1 - https:\/\/yoast.com\/wordpress\/plugins\/seo\/ -->\n<title>Wix-Veranstaltungskalender-Widget \u2013 Veranstaltungskalender zur Wix-Website hinzuf\u00fcgen [ 2025 ]<\/title>\n<meta name=\"description\" content=\"Entwerfen Sie mit Elfsight Ihr Veranstaltungskalender-Plugin und f\u00fcgen Sie es schnell auf Ihrer Wix-Website hinzu. Wir bieten kostenlosen Kundensupport und andere Boni.\" \/>\n<meta name=\"robots\" content=\"index, follow, max-snippet:-1, max-image-preview:large, max-video-preview:-1\" \/>\n<link rel=\"canonical\" href=\"https:\/\/elfsight.com\/de\/event-calendar-widget\/wix\/\" \/>\n<meta property=\"og:locale\" content=\"de_DE\" \/>\n<meta property=\"og:type\" content=\"article\" \/>\n<meta property=\"og:title\" content=\"Wix-Veranstaltungskalender-Widget \u2013 Veranstaltungskalender zur Wix-Website hinzuf\u00fcgen [ 2025 ]\" \/>\n<meta property=\"og:description\" content=\"Entwerfen Sie mit Elfsight Ihr Veranstaltungskalender-Plugin und f\u00fcgen Sie es schnell auf Ihrer Wix-Website hinzu. Wir bieten kostenlosen Kundensupport und andere Boni.\" \/>\n<meta property=\"og:url\" content=\"https:\/\/elfsight.com\/de\/event-calendar-widget\/wix\/\" \/>\n<meta property=\"og:site_name\" content=\"Elfsight DE\" \/>\n<meta property=\"article:modified_time\" content=\"2025-12-18T17:23:03+00:00\" \/>\n<meta name=\"twitter:card\" content=\"summary_large_image\" \/>\n<meta name=\"twitter:label1\" content=\"Gesch\u00e4tzte Lesezeit\" \/>\n\t<meta name=\"twitter:data1\" content=\"4\u00a0Minuten\" \/>\n<!-- \/ Yoast SEO plugin. -->","yoast_head_json":{"title":"Wix-Veranstaltungskalender-Widget \u2013 Veranstaltungskalender zur Wix-Website hinzuf\u00fcgen [ 2025 ]","description":"Entwerfen Sie mit Elfsight Ihr Veranstaltungskalender-Plugin und f\u00fcgen Sie es schnell auf Ihrer Wix-Website hinzu. Wir bieten kostenlosen Kundensupport und andere Boni.","robots":{"index":"index","follow":"follow","max-snippet":"max-snippet:-1","max-image-preview":"max-image-preview:large","max-video-preview":"max-video-preview:-1"},"canonical":"https:\/\/elfsight.com\/de\/event-calendar-widget\/wix\/","og_locale":"de_DE","og_type":"article","og_title":"Wix-Veranstaltungskalender-Widget \u2013 Veranstaltungskalender zur Wix-Website hinzuf\u00fcgen [ 2025 ]","og_description":"Entwerfen Sie mit Elfsight Ihr Veranstaltungskalender-Plugin und f\u00fcgen Sie es schnell auf Ihrer Wix-Website hinzu. Wir bieten kostenlosen Kundensupport und andere Boni.","og_url":"https:\/\/elfsight.com\/de\/event-calendar-widget\/wix\/","og_site_name":"Elfsight DE","article_modified_time":"2025-12-18T17:23:03+00:00","twitter_card":"summary_large_image","twitter_misc":{"Gesch\u00e4tzte Lesezeit":"4\u00a0Minuten"},"schema":{"@context":"https:\/\/schema.org","@graph":[{"@type":"WebPage","@id":"https:\/\/elfsight.com\/de\/event-calendar-widget\/wix\/","url":"https:\/\/elfsight.com\/de\/event-calendar-widget\/wix\/","name":"Wix-Veranstaltungskalender-Widget \u2013 Veranstaltungskalender zur Wix-Website hinzuf\u00fcgen [ 2025 ]","isPartOf":{"@id":"https:\/\/elfsight.com\/de\/#website"},"datePublished":"2024-05-03T06:34:57+00:00","dateModified":"2025-12-18T17:23:03+00:00","description":"Entwerfen Sie mit Elfsight Ihr Veranstaltungskalender-Plugin und f\u00fcgen Sie es schnell auf Ihrer Wix-Website hinzu. Wir bieten kostenlosen Kundensupport und andere Boni.","breadcrumb":{"@id":"https:\/\/elfsight.com\/de\/event-calendar-widget\/wix\/#breadcrumb"},"inLanguage":"de","potentialAction":[{"@type":"ReadAction","target":["https:\/\/elfsight.com\/de\/event-calendar-widget\/wix\/"]}]},{"@type":"BreadcrumbList","@id":"https:\/\/elfsight.com\/de\/event-calendar-widget\/wix\/#breadcrumb","itemListElement":[{"@type":"ListItem","position":1,"name":"Home","item":"https:\/\/elfsight.com\/de\/"},{"@type":"ListItem","position":2,"name":"Event Calendar","item":"https:\/\/elfsight.com\/de\/event-calendar-widget\/"},{"@type":"ListItem","position":3,"name":"Event Calendar &#8211; Wix"}]},{"@type":"WebSite","@id":"https:\/\/elfsight.com\/de\/#website","url":"https:\/\/elfsight.com\/de\/","name":"Elfsight DE","description":"Just another Elfsight Sites site","potentialAction":[{"@type":"SearchAction","target":{"@type":"EntryPoint","urlTemplate":"https:\/\/elfsight.com\/de\/?s={search_term_string}"},"query-input":{"@type":"PropertyValueSpecification","valueRequired":true,"valueName":"search_term_string"}}],"inLanguage":"de"}]}},"meta_box":{"industry":"","seo_heading":"","heading":"","description":"","cta_heading":"","cta_description":"","application":"500","h1":"Wix Eventkalender-App","h1_caption":"Verwalten und teilen Sie Veranstaltungen auf Ihrer Website m\u00fchelos mit einem interaktiven und benutzerfreundlichen Veranstaltungskalender auf Ihrer Website von Wix.","application_category":[],"applications_title":"","applications_request_title":"","applications_request_button_text":"","hero_text":"","hero_video":"","hero_video_schema_markup":"","selling_points_title":"","selling_points_caption":"","selling_points":[],"selling_points_cta_text":"","features_title":"","features":"","ed_cta_examples_text":"","ed_cta_examples_hidden":"","ed_cta_demo_text":"","ed_cta_demo_hidden":"","why_caption":"","why_editor_title":"","why_editor_text":"","why_team_title":"","why_team_text":"","why_service_title":"","why_service_text":"","template_catalog_visible":"0","template_catalog_title":"","template_catalog_text":"","template_catalog_categories_visible":"","demo_title":"Erstellen Sie Ihre Eventkalender-App","demo_caption":"Konfigurieren Sie Ihren Veranstaltungskalender und f\u00fcgen Sie ihn kostenlos zu Ihrer Wix-Website hinzu!","default_faq_hidden":"","app_template_category":[],"platform":"265","template_public_id":"","codecanyon_url":"","codecanyon_item_id":"","codecanyon_price":"","pricing_caption":"","pricing_elfsight_apps_hide_column":"","pricing_elfsight_apps_url":"","pricing_codecanyon_price_caption":"","integration_category":[],"integration_request_title":"","integration_request_cta":"","integration_platform":"","integrations":[],"platform_category":[],"video_schema_markup":"","price":"ab 0 $ \/ Monat","trial":"","benefits":[{"text":"Kostenlose Installationshilfe"},{"text":"Kompetenter Kundenservice"},{"text":"14-t\u00e4gige R\u00fcckerstattungsgarantie"},{"text":"Zuk\u00fcnftige kostenlose Verbesserungen"}],"button_url":"#demo","button_target_blank":"0","button_nofollow":"0","attributes":[{"name":"Installiert","content":"100,000 - 500,000"},{"name":"Reaktionsfreudig","content":"Ja"},{"name":"Kompatible Browser","content":"Firefox, Opera, Chrome, Safari, Edge"}],"tags":[],"tags_disable_links":"0","hide_more_platforms":"0","video_object":"","demo_hide_cta":"0","demo_hide_cloud_options":"0","pricing_title":"","pricing":[{"pricing_icon":"platform","pricing_title":"Elfsight Apps","pricing_title_caption":"Plattform\u00fcbergreifende digitale L\u00f6sung, die auf jeder Website funktioniert","pricing_price":"ab 0 $ \/ Monat","pricing_price_caption":"Beginnen Sie mit einem kostenlosen Plan","pricing_benefits":[{"text":"Unbegrenzte Anzahl an Domains"},{"text":"Professionelle Unterst\u00fctzung"},{"text":"Kostenloser Installationsservice"},{"text":"100 % anpassbar"}],"pricing_button_text":"Zur Website hinzuf\u00fcgen","pricing_button_url":"#demo"}],"related_apps_title":"","related_apps_hidden":"0","author":"","image":[],"title":"","job":"","social_networks":[]},"_links":{"self":[{"href":"https:\/\/elfsight.com\/de\/wp-json\/wp\/v2\/pages\/17055","targetHints":{"allow":["GET"]}}],"collection":[{"href":"https:\/\/elfsight.com\/de\/wp-json\/wp\/v2\/pages"}],"about":[{"href":"https:\/\/elfsight.com\/de\/wp-json\/wp\/v2\/types\/page"}],"author":[{"embeddable":true,"href":"https:\/\/elfsight.com\/de\/wp-json\/wp\/v2\/users\/9"}],"replies":[{"embeddable":true,"href":"https:\/\/elfsight.com\/de\/wp-json\/wp\/v2\/comments?post=17055"}],"version-history":[{"count":4,"href":"https:\/\/elfsight.com\/de\/wp-json\/wp\/v2\/pages\/17055\/revisions"}],"predecessor-version":[{"id":25582,"href":"https:\/\/elfsight.com\/de\/wp-json\/wp\/v2\/pages\/17055\/revisions\/25582"}],"up":[{"embeddable":true,"href":"https:\/\/elfsight.com\/de\/wp-json\/wp\/v2\/pages\/1011"}],"wp:attachment":[{"href":"https:\/\/elfsight.com\/de\/wp-json\/wp\/v2\/media?parent=17055"}],"curies":[{"name":"wp","href":"https:\/\/api.w.org\/{rel}","templated":true}]}}