{"id":17050,"date":"2024-05-03T06:34:55","date_gmt":"2024-05-03T06:34:55","guid":{"rendered":"https:\/\/elfsight.com\/de\/?page_id=17050"},"modified":"2025-07-08T10:35:34","modified_gmt":"2025-07-08T10:35:34","slug":"woocommerce","status":"publish","type":"page","link":"https:\/\/elfsight.com\/de\/event-calendar-widget\/woocommerce\/","title":{"rendered":"Event Calendar &#8211; WooCommerce"},"content":{"rendered":"<div class=\"application-platform-content-item-description application-platform-content-item\" id=\"description\" data-nav-section=\"description\"><h2>Veranstaltungskalender mit Elfsight-Widget einbetten<\/h2><p>Elfsight Event Calendar f\u00fcr WooCommerce ist ein bemerkenswertes Plugin, mit dem Sie Ihre Veranstaltungen reibungslos teilen k\u00f6nnen Ihre Besucher. Es gibt viele M\u00f6glichkeiten, bevorstehende Aktivit\u00e4ten auf eindrucksvolle Weise zu demonstrieren. Personalisieren Sie es, um das Design mit dem Stil Ihrer Website zu verschmelzen. Erstellen Sie eine unbegrenzte Anzahl von Veranstaltungen, f\u00fcgen Sie mehrere Tags hinzu, laden Sie Ihre eigenen Bilder und Videos hoch und halten Sie Besucher \u00fcber Ihre Projekte auf dem Laufenden. <\/p> <p><b>Der Elfsight-Veranstaltungskalender kann Ihnen dabei helfen, Ihre bevorstehenden Veranstaltungen intelligent anzuk\u00fcndigen und das Engagement auf Ihrer Webseite zu steigern. <\/b><\/p> <\/div> <div class=\"application-platform-content-item-features application-platform-content-item\" id=\"features\" data-nav-section=\"features\"><h2>Hauptfunktionen des Event-Kalender-Plugins<\/h2><ul> <li>Nutzen Sie praktikable Content-M\u00f6glichkeiten, um das Tool f\u00fcr Ihren Typ zu integrieren von Ereignissen. <\/li> <li>Helfen Sie Benutzern, Ereignisse zu ihren Lieblingskalendern hinzuzuf\u00fcgen. <\/li> <li>Generieren Sie verschiedene Arten von Ereignissen, geben Sie Orte an und f\u00fcgen Sie Gastgeber hinzu. <\/li> <li>Klassifizieren Sie alle Ihre Veranstaltungen und weisen Sie ihnen Tags zu. <\/li> <li>W\u00e4hlen Sie zwischen 4 Layoutoptionen. <\/li> <\/ul> <p><a href=\"#demo\">Probieren Sie diese Demo aus, um zu sehen, was das Widget wert ist<\/a><\/p><\/div><div class=\"application-platform-content-item-installation application-platform-content-item\" id=\"installation\" data-nav-section=\"installation\"> <h2>Wie bette ich den Veranstaltungskalender in meine WooCommerce-Website ein?<\/h2><p>Befolgen Sie einfach die unten aufgef\u00fchrten Schritte, um das Tool zu integrieren.<\/p><ol><li><b>Mit unserem kostenlosen Editor beginnen Sie mit der Erstellung Ihr benutzerdefiniertes Instrument.<\/b><br>Finden Sie das passende Aussehen und die Parameter des Plugins und wenden Sie die \u00c4nderungen an.<\/li><li><b>Erhalten Sie Ihren individuellen Code, der im speziellen Formular auf Elfsight Apps angezeigt wird.<\/b><br>Nachdem die Generierung Ihres Plugins abgeschlossen ist, kopieren Sie den pers\u00f6nlichen Code aus dem angezeigten Popup und bewahren Sie ihn f\u00fcr die zuk\u00fcnftige Verwendung auf.<\/li><li><b>Initiieren Sie die Nutzung des Tools auf der WooCommerce-Website.<\/b><br>F\u00fcgen Sie den k\u00fcrzlich kopierten Code auf Ihrer Seite ein und speichern Sie die Korrekturen.<\/li><li><b>Das Setup wurde erfolgreich abgeschlossen.<\/b><br>Besuchen Sie Ihre Website, um zu sehen, wie das funktioniert Werkzeug l\u00e4uft.<\/li><\/ol><p>Wenn Sie Fragen haben oder auf Hindernisse sto\u00dfen, wenden Sie sich bitte an unseren Kundendienst. Unsere Berater sind bestrebt, alle Schwierigkeiten zu l\u00f6sen, die Sie m\u00f6glicherweise mit dem Produkt haben.<\/p><\/div><div class=\"faq\" data-component=\"FAQ\"><div class=\"faq-item\">\r\n\t\t\t\t\t<div class=\"faq-item-question\">\r\n\t\t\t\t\t\t<h3 class=\"faq-item-question-text\">Wie f\u00fcge ich einen Veranstaltungskalender hinzu? zu meinem WooCommerce? <\/h3>\r\n\r\n\t\t\t\t\t\t<div class=\"faq-item-question-icon\"><\/div>\r\n\t\t\t\t\t<\/div>\r\n\r\n\t\t\t\t\t<div class=\"faq-item-answer\">\r\n\t\t\t\t\t\t<div class=\"faq-item-answer-text\"><p>Die Erstellung des Tools erfolgt innerhalb des Elfsight-Dienstes und es ist kein Code erforderlich. Nutzen Sie unsere Live-Demo, um Ihre pers\u00f6nliche App zu personalisieren, den Code zu erwerben und ihn in Ihre Website zu implementieren. <\/p><\/div>\r\n\t\t\t\t\t<\/div>\r\n\t\t\t\t<\/div><div class=\"faq-item\">\r\n\t\t\t\t\t<div class=\"faq-item-question\">\r\n\t\t\t\t\t\t<h3 class=\"faq-item-question-text\">Die besten Anwendungsbeispiele f\u00fcr die Kalender-Widget-Integration<\/h3>\r\n\r\n\t\t\t\t\t\t<div class=\"faq-item-question-icon\"><\/div>\r\n\t\t\t\t\t<\/div>\r\n\r\n\t\t\t\t\t<div class=\"faq-item-answer\">\r\n\t\t\t\t\t\t<div class=\"faq-item-answer-text\"><p>Wir verf\u00fcgen \u00fcber vielf\u00e4ltige Anpassungsm\u00f6glichkeiten: Widgets in voller Gr\u00f6\u00dfe zum Einf\u00fcgen in den Inhaltsbereich , schwebende Widgets mit Scrollm\u00f6glichkeiten, Layouts f\u00fcr Fu\u00dfzeile, Kopfzeile und alle m\u00f6glichen vertikalen M\u00f6glichkeiten f\u00fcr Seitenleisten und Men\u00fcs. <\/p><\/div>\r\n\t\t\t\t\t<\/div>\r\n\t\t\t\t<\/div><div class=\"faq-item\">\r\n\t\t\t\t\t<div class=\"faq-item-question\">\r\n\t\t\t\t\t\t<h3 class=\"faq-item-question-text\">Wie erstelle ich mit Hilfe des Herausgebers einen Hotel- oder Club-Veranstaltungskalender? <\/h3>\r\n\r\n\t\t\t\t\t\t<div class=\"faq-item-question-icon\"><\/div>\r\n\t\t\t\t\t<\/div>\r\n\r\n\t\t\t\t\t<div class=\"faq-item-answer\">\r\n\t\t\t\t\t\t<div class=\"faq-item-answer-text\"><p>Sie k\u00f6nnen die Variationen jedes Widgets erstellen. Im Editor stehen zahlreiche Layouts zur Verf\u00fcgung, die alle problemlos nach Ihren W\u00fcnschen angepasst werden k\u00f6nnen. <\/p><\/div>\r\n\t\t\t\t\t<\/div>\r\n\t\t\t\t<\/div><div class=\"faq-item\">\r\n\t\t\t\t\t<div class=\"faq-item-question\">\r\n\t\t\t\t\t\t<h3 class=\"faq-item-question-text\">Gibt es eine Option, einen Veranstaltungskalender ohne Programmierkenntnisse zu meiner WooCommerce-Site hinzuzuf\u00fcgen?<\/h3>\r\n\r\n\t\t\t\t\t\t<div class=\"faq-item-question-icon\"><\/div>\r\n\t\t\t\t\t<\/div>\r\n\r\n\t\t\t\t\t<div class=\"faq-item-answer\">\r\n\t\t\t\t\t\t<div class=\"faq-item-answer-text\"><p>Das Unternehmen Elfsight bietet eine Cloud-L\u00f6sung, die Websitebesitzern erm\u00f6glicht Erstellen Sie selbst eine Event-Kalender-App und entdecken Sie die unkomplizierte Anleitung: <\/p><ul><li>Arbeiten Sie direkt im Live-Editor, um ein Event-Kalender-Plugin zu generieren, das Sie gerne auf Ihrer WooCommerce-Site sehen w\u00fcrden.<\/li><li>W\u00e4hlen Sie eine unserer vorgefertigten Vorlagen und optimieren Sie die Einstellungen des Veranstaltungskalenders, \u00e4ndern Sie das Layout und die Farbe der Elemente und aktualisieren Sie Ihre Inhalte ohne Programmierkenntnisse.<\/li><li>Speichern Sie die Einstellungen, die Sie im Veranstaltungskalender vorgenommen haben Holen Sie sich den Code zum Einbetten, den Sie einfach und kostenlos in jede %platform%-Webseite einf\u00fcgen k\u00f6nnen. <\/li><\/ul><p>Mit dem intuitiven Konfigurator kann jeder Webbenutzer ein Veranstaltungskalender-Plugin erstellen und es einfach seiner WooCommerce-Website hinzuf\u00fcgen. Sie sollten keinen kostenpflichtigen Plan abschlie\u00dfen oder Ihre Kartendaten eingeben, um auf den Elfsight Editor zuzugreifen. Sollten Sie auf Probleme jeglicher Art sto\u00dfen, z\u00f6gern Sie bitte nicht, sich an unseren technischen Kundensupport zu wenden.<\/p><\/div>\r\n\t\t\t\t\t<\/div>\r\n\t\t\t\t<\/div><\/div>","protected":false},"excerpt":{"rendered":"","protected":false},"author":9,"featured_media":0,"parent":1011,"menu_order":0,"comment_status":"closed","ping_status":"closed","template":"templates\/template-application-platform.php","meta":{"publish_to_discourse":"","publish_post_category":"","wpdc_auto_publish_overridden":"","wpdc_topic_tags":"","wpdc_pin_topic":"","wpdc_pin_until":"","discourse_post_id":"","discourse_permalink":"","wpdc_publishing_response":"","wpdc_publishing_error":"","footnotes":""},"class_list":["post-17050","page","type-page","status-publish","hentry"],"yoast_head":"<!-- This site is optimized with the Yoast SEO plugin v25.3.1 - https:\/\/yoast.com\/wordpress\/plugins\/seo\/ -->\n<title>Veranstaltungskalender \u2013 Kalender-Widget zur WooCommerce-Website hinzuf\u00fcgen [2025]<\/title>\n<meta name=\"description\" content=\"Sie k\u00f6nnen das benutzerdefinierte Eventkalender-Plugin im Editor anpassen und direkt \u00fcber die Demo zu Ihrer WooCommerce-Website hinzuf\u00fcgen.\" \/>\n<meta name=\"robots\" content=\"index, follow, max-snippet:-1, max-image-preview:large, max-video-preview:-1\" \/>\n<link rel=\"canonical\" href=\"https:\/\/elfsight.com\/de\/event-calendar-widget\/woocommerce\/\" \/>\n<meta property=\"og:locale\" content=\"de_DE\" \/>\n<meta property=\"og:type\" content=\"article\" \/>\n<meta property=\"og:title\" content=\"Veranstaltungskalender \u2013 Kalender-Widget zur WooCommerce-Website hinzuf\u00fcgen [2025]\" \/>\n<meta property=\"og:description\" content=\"Sie k\u00f6nnen das benutzerdefinierte Eventkalender-Plugin im Editor anpassen und direkt \u00fcber die Demo zu Ihrer WooCommerce-Website hinzuf\u00fcgen.\" \/>\n<meta property=\"og:url\" content=\"https:\/\/elfsight.com\/de\/event-calendar-widget\/woocommerce\/\" \/>\n<meta property=\"og:site_name\" content=\"Elfsight DE\" \/>\n<meta property=\"article:modified_time\" content=\"2025-07-08T10:35:34+00:00\" \/>\n<meta name=\"twitter:card\" content=\"summary_large_image\" \/>\n<meta name=\"twitter:label1\" content=\"Gesch\u00e4tzte Lesezeit\" \/>\n\t<meta name=\"twitter:data1\" content=\"4\u00a0Minuten\" \/>\n<!-- \/ Yoast SEO plugin. -->","yoast_head_json":{"title":"Veranstaltungskalender \u2013 Kalender-Widget zur WooCommerce-Website hinzuf\u00fcgen [2025]","description":"Sie k\u00f6nnen das benutzerdefinierte Eventkalender-Plugin im Editor anpassen und direkt \u00fcber die Demo zu Ihrer WooCommerce-Website hinzuf\u00fcgen.","robots":{"index":"index","follow":"follow","max-snippet":"max-snippet:-1","max-image-preview":"max-image-preview:large","max-video-preview":"max-video-preview:-1"},"canonical":"https:\/\/elfsight.com\/de\/event-calendar-widget\/woocommerce\/","og_locale":"de_DE","og_type":"article","og_title":"Veranstaltungskalender \u2013 Kalender-Widget zur WooCommerce-Website hinzuf\u00fcgen [2025]","og_description":"Sie k\u00f6nnen das benutzerdefinierte Eventkalender-Plugin im Editor anpassen und direkt \u00fcber die Demo zu Ihrer WooCommerce-Website hinzuf\u00fcgen.","og_url":"https:\/\/elfsight.com\/de\/event-calendar-widget\/woocommerce\/","og_site_name":"Elfsight DE","article_modified_time":"2025-07-08T10:35:34+00:00","twitter_card":"summary_large_image","twitter_misc":{"Gesch\u00e4tzte Lesezeit":"4\u00a0Minuten"},"schema":{"@context":"https:\/\/schema.org","@graph":[{"@type":"WebPage","@id":"https:\/\/elfsight.com\/de\/event-calendar-widget\/woocommerce\/","url":"https:\/\/elfsight.com\/de\/event-calendar-widget\/woocommerce\/","name":"Veranstaltungskalender \u2013 Kalender-Widget zur WooCommerce-Website hinzuf\u00fcgen [2025]","isPartOf":{"@id":"https:\/\/elfsight.com\/de\/#website"},"datePublished":"2024-05-03T06:34:55+00:00","dateModified":"2025-07-08T10:35:34+00:00","description":"Sie k\u00f6nnen das benutzerdefinierte Eventkalender-Plugin im Editor anpassen und direkt \u00fcber die Demo zu Ihrer WooCommerce-Website hinzuf\u00fcgen.","breadcrumb":{"@id":"https:\/\/elfsight.com\/de\/event-calendar-widget\/woocommerce\/#breadcrumb"},"inLanguage":"de","potentialAction":[{"@type":"ReadAction","target":["https:\/\/elfsight.com\/de\/event-calendar-widget\/woocommerce\/"]}]},{"@type":"BreadcrumbList","@id":"https:\/\/elfsight.com\/de\/event-calendar-widget\/woocommerce\/#breadcrumb","itemListElement":[{"@type":"ListItem","position":1,"name":"Home","item":"https:\/\/elfsight.com\/de\/"},{"@type":"ListItem","position":2,"name":"Event Calendar","item":"https:\/\/elfsight.com\/de\/event-calendar-widget\/"},{"@type":"ListItem","position":3,"name":"Event Calendar &#8211; WooCommerce"}]},{"@type":"WebSite","@id":"https:\/\/elfsight.com\/de\/#website","url":"https:\/\/elfsight.com\/de\/","name":"Elfsight DE","description":"Just another Elfsight Sites site","potentialAction":[{"@type":"SearchAction","target":{"@type":"EntryPoint","urlTemplate":"https:\/\/elfsight.com\/de\/?s={search_term_string}"},"query-input":{"@type":"PropertyValueSpecification","valueRequired":true,"valueName":"search_term_string"}}],"inLanguage":"de"}]}},"meta_box":{"industry":"","seo_heading":"","heading":"","description":"","cta_heading":"","cta_description":"","application":"500","h1":"WooCommerce-Ereigniskalender-Plugin","h1_caption":"Verwalten und teilen Sie Veranstaltungen auf Ihrer Website m\u00fchelos mit einem interaktiven und benutzerfreundlichen Veranstaltungskalender auf Ihrer WooCommerce-Website.","application_category":[],"applications_title":"","applications_request_title":"","applications_request_button_text":"","hero_text":"","hero_video":"","hero_video_schema_markup":"","selling_points_title":"","selling_points_caption":"","selling_points":[],"selling_points_cta_text":"","features_title":"","features":"","ed_cta_examples_text":"","ed_cta_examples_hidden":"","ed_cta_demo_text":"","ed_cta_demo_hidden":"","why_caption":"","why_editor_title":"","why_editor_text":"","why_team_title":"","why_team_text":"","why_service_title":"","why_service_text":"","template_catalog_visible":"","template_catalog_title":"","template_catalog_text":"","template_catalog_categories_visible":"","demo_title":"Erstellen Sie Ihre Eventkalender-App","demo_caption":"Konfigurieren Sie Ihren Veranstaltungskalender und f\u00fcgen Sie ihn kostenlos Ihrer WooCommerce-Website hinzu!","default_faq_hidden":"","app_template_category":[],"platform":"200","template_public_id":"","codecanyon_url":"","codecanyon_item_id":"","codecanyon_price":"","pricing_caption":"","pricing_elfsight_apps_hide_column":"","pricing_elfsight_apps_url":"","pricing_codecanyon_price_caption":"","integration_category":[],"integration_request_title":"","integration_request_cta":"","integration_platform":"","integrations":[],"platform_category":[],"video_schema_markup":"","price":"ab 0 $ \/ Monat","trial":"","benefits":[{"text":"Kostenlose Installationshilfe"},{"text":"Kompetenter Kundenservice"},{"text":"14-t\u00e4gige Geld-zur\u00fcck-Garantie"},{"text":"Regelm\u00e4\u00dfige kostenlose Verbesserungen"}],"button_url":"#demo","button_target_blank":"","button_nofollow":"","attributes":[{"name":"Installiert","content":"100,000 - 500,000"},{"name":"Reaktionsfreudig","content":"Ja"},{"name":"Kompatible Browser","content":"Firefox, Safari, Opera, Chrome, Edge"}],"tags":[],"tags_disable_links":"","hide_more_platforms":"","video_object":"","demo_hide_cta":"","demo_hide_cloud_options":"","pricing_title":"","pricing":[{"pricing_icon":"platform","pricing_title":"Elfsight Apps","pricing_title_caption":"Plattform\u00fcbergreifende digitale L\u00f6sung","pricing_price":"ab 0 $ \/ Monat","pricing_price_caption":"Beginnen Sie mit einem kostenlosen Plan","pricing_benefits":[{"text":"Unbegrenzte Websites"},{"text":"Erstklassiger Unternehmenssupport und gut dokumentiert"},{"text":"Kostenlose Installationshilfe"},{"text":"Flexibles Design"}],"pricing_button_text":"Zur Website hinzuf\u00fcgen","pricing_button_url":"#demo"}],"related_apps_title":"","related_apps_hidden":"","author":"","image":[],"title":"","job":"","social_networks":[]},"_links":{"self":[{"href":"https:\/\/elfsight.com\/de\/wp-json\/wp\/v2\/pages\/17050","targetHints":{"allow":["GET"]}}],"collection":[{"href":"https:\/\/elfsight.com\/de\/wp-json\/wp\/v2\/pages"}],"about":[{"href":"https:\/\/elfsight.com\/de\/wp-json\/wp\/v2\/types\/page"}],"author":[{"embeddable":true,"href":"https:\/\/elfsight.com\/de\/wp-json\/wp\/v2\/users\/9"}],"replies":[{"embeddable":true,"href":"https:\/\/elfsight.com\/de\/wp-json\/wp\/v2\/comments?post=17050"}],"version-history":[{"count":2,"href":"https:\/\/elfsight.com\/de\/wp-json\/wp\/v2\/pages\/17050\/revisions"}],"predecessor-version":[{"id":21476,"href":"https:\/\/elfsight.com\/de\/wp-json\/wp\/v2\/pages\/17050\/revisions\/21476"}],"up":[{"embeddable":true,"href":"https:\/\/elfsight.com\/de\/wp-json\/wp\/v2\/pages\/1011"}],"wp:attachment":[{"href":"https:\/\/elfsight.com\/de\/wp-json\/wp\/v2\/media?parent=17050"}],"curies":[{"name":"wp","href":"https:\/\/api.w.org\/{rel}","templated":true}]}}