{"id":17048,"date":"2024-05-03T06:34:53","date_gmt":"2024-05-03T06:34:53","guid":{"rendered":"https:\/\/elfsight.com\/de\/?page_id=17048"},"modified":"2025-03-13T11:39:04","modified_gmt":"2025-03-13T11:39:04","slug":"google-sites","status":"publish","type":"page","link":"https:\/\/elfsight.com\/de\/event-calendar-widget\/google-sites\/","title":{"rendered":"Event Calendar &#8211; Google Sites"},"content":{"rendered":"\n<div class=\"application-platform-content-item-description application-platform-content-item\" id=\"description\" data-nav-section=\"description\"> <h2>Veranstaltungskalender mit Elfsight-Widget einbetten<\/h2> <p>Das Elfsight-Kalender-Widget ist ein leistungsstarkes Tool f\u00fcr Google Sites, mit dem Sie Ihre Veranstaltungen einfach teilen k\u00f6nnen mit dem Rest der Welt. Es bietet viele M\u00f6glichkeiten, bevorstehende Veranstaltungen m\u00f6glichst repr\u00e4sentativ darzustellen. Passen Sie es an, um das Design mit der \u00c4sthetik Ihrer Seite zu verschmelzen. Erstellen Sie mehrere Veranstaltungen, f\u00fcgen Sie verschiedene Tags hinzu, laden Sie Ihre benutzerdefinierten Bilder und Videos hoch und halten Sie Nutzer mit dem Kalender auf Ihrer Google Sites-Website \u00fcber Ihre Agenda auf dem Laufenden.<\/p> <p><b>Der Veranstaltungskalender kann Ihnen bei der m\u00fchelosen Anzeige helfen Ihre zuk\u00fcnftigen Aktivit\u00e4ten und erh\u00f6hen Sie die Engagement-Rate auf Ihrer Website.<\/b><\/p> <\/div> <div class=\"application-platform-content-item-features application-platform-content-item\" id=\"features\" data-nav-section=\"features\"> <h2>Hauptfunktionen des Veranstaltungskalender-Widgets<\/h2> <p>Hier Sie k\u00f6nnen alle funktionalen Merkmale des Veranstaltungskalenders sehen. Sie sind direkt im Editor verf\u00fcgbar und helfen Ihnen, das Widget richtig f\u00fcr Ihre Bed\u00fcrfnisse zu konfigurieren.<\/p> <ul> <li>Nutzen Sie anpassbare Inhaltsm\u00f6glichkeiten, um den Kalender an Ihre Art von Veranstaltungen anzupassen.<\/li> <li>Helfen Sie Benutzern, Ihre Veranstaltungen zu ihren h\u00e4ufig verwendeten Kalendern hinzuzuf\u00fcgen.<\/li> <li>Generieren Sie verschiedene Arten von Veranstaltungen, geben Sie Orte an und f\u00fcgen Sie Gastgeber hinzu. <\/li> <li>Klassifizieren Sie alle Ihre Aktivit\u00e4ten und weisen Sie ihnen Tags zu.<\/li> <li>Unterscheiden Sie zwischen 4 Layoutoptionen.<\/li> <\/ul> <p><a href=\"#demo\">\u00dcberpr\u00fcfen Wie alle Funktionen funktionieren, in unserer Demo<\/a><\/p> <\/div> <div class=\"application-platform-content-item-installation application-platform-content-item\" id=\"installation\" data-nav-section=\"installation\"> <h2>Wie f\u00fcge ich einen Veranstaltungskalender zu Google Sites hinzu?<\/h2> <p>Zum Einbetten Plugin, f\u00fchren Sie einfach mehrere schnelle Schritte aus.<\/p> <ul> <li><b>Entwerfen Sie Ihr benutzerdefiniertes Kalender-Widget<\/b><br> Erstellen Sie mit unserem kostenlosen Editor ein Plugin mit einem ausgew\u00e4hlten Layout und einer ausgew\u00e4hlten Funktionalit\u00e4t.<\/li> <li><b>Kopieren Sie den pers\u00f6nlichen Code, um das Widget zu integrieren<\/b><br> Nachdem Sie Ihr Plugin konfiguriert haben, erhalten Sie den individuellen Code aus der angezeigten Benachrichtigung auf Elfsight Apps. Kopieren Sie den Code.<\/li> <li><b>Integrieren Sie das Widget auf Ihrer Website<\/b><br> Gehen Sie zu dem Bereich, in den Sie das Plugin einbetten m\u00f6chten, und f\u00fcgen Sie dort den kopierten Code ein. Speichern Sie die Ergebnisse.<\/li> <li><b>Die Integration ist erfolgreich!<\/b><br> Besuchen Sie den Store, um Ihr Plugin anzusehen.<\/li> <\/ul> <div class=\"tip-yellow tip\"><b>F\u00e4llig Aufgrund der Besonderheiten der Google Sites-Funktion sieht das Widget m\u00f6glicherweise anders aus als die Online-Demo. Wir entschuldigen uns f\u00fcr etwaige Unannehmlichkeiten.<\/b><\/div><p>Sie k\u00f6nnen sich gerne an unseren Kundensupport wenden, wenn Sie Hilfe ben\u00f6tigen oder Probleme haben. Wir helfen Ihnen gerne bei jeder Anfrage weiter.<\/p><div class=\"faq\" data-component=\"FAQ\"><div class=\"faq-item\">\r\n\t\t\t\t\t<div class=\"faq-item-question\">\r\n\t\t\t\t\t\t<h3 class=\"faq-item-question-text\">Wie kann ich von der Einbindung eines Event-Kalenders in meine Google Sites-Seiten profitieren?<\/h3>\r\n\r\n\t\t\t\t\t\t<div class=\"faq-item-question-icon\"><\/div>\r\n\t\t\t\t\t<\/div>\r\n\r\n\t\t\t\t\t<div class=\"faq-item-answer\">\r\n\t\t\t\t\t\t<div class=\"faq-item-answer-text\">  \n<p>Das Einbinden eines Event-Kalenders in Google Sites hilft dabei, deine Veranstaltungen zu bewerben und die Sichtbarkeit deiner Marke zu erh\u00f6hen. Die wichtigsten Vorteile:<\/p>  \n<ul>  \n<li>Zeigt Events auf allen oder ausgew\u00e4hlten Seiten deiner Website.<\/li>  \n<li>F\u00fcgt neue Inhalte hinzu und verbessert das Ranking in Suchmaschinen.<\/li>  \n<li>Erm\u00f6glicht Besuchern, sich f\u00fcr Events anzumelden oder neue vorzuschlagen.<\/li>  \n<li>Steigert die Interaktion mit deinem Publikum durch wiederkehrende Events.<\/li>  \n<\/ul>  \n<p>Die Integration eines Kalenders in Google Sites ist schnell und einfach \u2013 ganz ohne Programmierkenntnisse.<\/p>  \n<\/div>\r\n\t\t\t\t\t<\/div>\r\n\t\t\t\t<\/div> <\/div>  \n<\/div>\n","protected":false},"excerpt":{"rendered":"","protected":false},"author":9,"featured_media":0,"parent":1011,"menu_order":0,"comment_status":"closed","ping_status":"closed","template":"templates\/template-application-platform.php","meta":{"publish_to_discourse":"","publish_post_category":"","wpdc_auto_publish_overridden":"","wpdc_topic_tags":"","wpdc_pin_topic":"","wpdc_pin_until":"","discourse_post_id":"","discourse_permalink":"","wpdc_publishing_response":"","wpdc_publishing_error":"","footnotes":""},"class_list":["post-17048","page","type-page","status-publish","hentry"],"yoast_head":"<!-- This site is optimized with the Yoast SEO plugin v25.3.1 - https:\/\/yoast.com\/wordpress\/plugins\/seo\/ -->\n<title>Veranstaltungskalender \u2013 Kalender-Widget zur Google Sites-Website hinzuf\u00fcgen [2025]<\/title>\n<meta name=\"description\" content=\"Betten Sie ein responsives Veranstaltungskalender-Plugin in Ihre Google Sites ein und erreichen Sie volles Vertrauen. Nutzen Sie die n\u00fctzliche Demo von Elfsight, um Ihr einzigartiges Kalendertool zu erstellen.\" \/>\n<meta name=\"robots\" content=\"index, follow, max-snippet:-1, max-image-preview:large, max-video-preview:-1\" \/>\n<link rel=\"canonical\" href=\"https:\/\/elfsight.com\/de\/event-calendar-widget\/google-sites\/\" \/>\n<meta property=\"og:locale\" content=\"de_DE\" \/>\n<meta property=\"og:type\" content=\"article\" \/>\n<meta property=\"og:title\" content=\"Veranstaltungskalender \u2013 Kalender-Widget zur Google Sites-Website hinzuf\u00fcgen [2025]\" \/>\n<meta property=\"og:description\" content=\"Betten Sie ein responsives Veranstaltungskalender-Plugin in Ihre Google Sites ein und erreichen Sie volles Vertrauen. Nutzen Sie die n\u00fctzliche Demo von Elfsight, um Ihr einzigartiges Kalendertool zu erstellen.\" \/>\n<meta property=\"og:url\" content=\"https:\/\/elfsight.com\/de\/event-calendar-widget\/google-sites\/\" \/>\n<meta property=\"og:site_name\" content=\"Elfsight DE\" \/>\n<meta property=\"article:modified_time\" content=\"2025-03-13T11:39:04+00:00\" \/>\n<meta name=\"twitter:card\" content=\"summary_large_image\" \/>\n<meta name=\"twitter:label1\" content=\"Gesch\u00e4tzte Lesezeit\" \/>\n\t<meta name=\"twitter:data1\" content=\"3\u00a0Minuten\" \/>\n<!-- \/ Yoast SEO plugin. -->","yoast_head_json":{"title":"Veranstaltungskalender \u2013 Kalender-Widget zur Google Sites-Website hinzuf\u00fcgen [2025]","description":"Betten Sie ein responsives Veranstaltungskalender-Plugin in Ihre Google Sites ein und erreichen Sie volles Vertrauen. Nutzen Sie die n\u00fctzliche Demo von Elfsight, um Ihr einzigartiges Kalendertool zu erstellen.","robots":{"index":"index","follow":"follow","max-snippet":"max-snippet:-1","max-image-preview":"max-image-preview:large","max-video-preview":"max-video-preview:-1"},"canonical":"https:\/\/elfsight.com\/de\/event-calendar-widget\/google-sites\/","og_locale":"de_DE","og_type":"article","og_title":"Veranstaltungskalender \u2013 Kalender-Widget zur Google Sites-Website hinzuf\u00fcgen [2025]","og_description":"Betten Sie ein responsives Veranstaltungskalender-Plugin in Ihre Google Sites ein und erreichen Sie volles Vertrauen. Nutzen Sie die n\u00fctzliche Demo von Elfsight, um Ihr einzigartiges Kalendertool zu erstellen.","og_url":"https:\/\/elfsight.com\/de\/event-calendar-widget\/google-sites\/","og_site_name":"Elfsight DE","article_modified_time":"2025-03-13T11:39:04+00:00","twitter_card":"summary_large_image","twitter_misc":{"Gesch\u00e4tzte Lesezeit":"3\u00a0Minuten"},"schema":{"@context":"https:\/\/schema.org","@graph":[{"@type":"WebPage","@id":"https:\/\/elfsight.com\/de\/event-calendar-widget\/google-sites\/","url":"https:\/\/elfsight.com\/de\/event-calendar-widget\/google-sites\/","name":"Veranstaltungskalender \u2013 Kalender-Widget zur Google Sites-Website hinzuf\u00fcgen [2025]","isPartOf":{"@id":"https:\/\/elfsight.com\/de\/#website"},"datePublished":"2024-05-03T06:34:53+00:00","dateModified":"2025-03-13T11:39:04+00:00","description":"Betten Sie ein responsives Veranstaltungskalender-Plugin in Ihre Google Sites ein und erreichen Sie volles Vertrauen. Nutzen Sie die n\u00fctzliche Demo von Elfsight, um Ihr einzigartiges Kalendertool zu erstellen.","breadcrumb":{"@id":"https:\/\/elfsight.com\/de\/event-calendar-widget\/google-sites\/#breadcrumb"},"inLanguage":"de","potentialAction":[{"@type":"ReadAction","target":["https:\/\/elfsight.com\/de\/event-calendar-widget\/google-sites\/"]}]},{"@type":"BreadcrumbList","@id":"https:\/\/elfsight.com\/de\/event-calendar-widget\/google-sites\/#breadcrumb","itemListElement":[{"@type":"ListItem","position":1,"name":"Home","item":"https:\/\/elfsight.com\/de\/"},{"@type":"ListItem","position":2,"name":"Event Calendar","item":"https:\/\/elfsight.com\/de\/event-calendar-widget\/"},{"@type":"ListItem","position":3,"name":"Event Calendar &#8211; Google Sites"}]},{"@type":"WebSite","@id":"https:\/\/elfsight.com\/de\/#website","url":"https:\/\/elfsight.com\/de\/","name":"Elfsight DE","description":"Just another Elfsight Sites site","potentialAction":[{"@type":"SearchAction","target":{"@type":"EntryPoint","urlTemplate":"https:\/\/elfsight.com\/de\/?s={search_term_string}"},"query-input":{"@type":"PropertyValueSpecification","valueRequired":true,"valueName":"search_term_string"}}],"inLanguage":"de"}]}},"meta_box":{"industry":"","seo_heading":"","heading":"","description":"","cta_heading":"","cta_description":"","application":"500","h1":"Widget f\u00fcr den Google Sites-Veranstaltungskalender","h1_caption":"Verwalten und teilen Sie Veranstaltungen auf Ihrer Website m\u00fchelos mit einem interaktiven und benutzerfreundlichen Veranstaltungskalender in Ihren Google Sites.","application_category":[],"applications_title":"","applications_request_title":"","applications_request_button_text":"","hero_text":"","hero_video":"","hero_video_schema_markup":"","selling_points_title":"","selling_points_caption":"","selling_points":[],"selling_points_cta_text":"","features_title":"","features":"","ed_cta_examples_text":"","ed_cta_examples_hidden":"","ed_cta_demo_text":"","ed_cta_demo_hidden":"","why_caption":"","why_editor_title":"","why_editor_text":"","why_team_title":"","why_team_text":"","why_service_title":"","why_service_text":"","template_catalog_visible":"0","template_catalog_title":"","template_catalog_text":"","template_catalog_categories_visible":"","demo_title":"Erstellen Sie Ihr Veranstaltungskalender-Widget","demo_caption":"Konfigurieren Sie Ihren Veranstaltungskalender und f\u00fcgen Sie ihn kostenlos zu Ihrer Google Sites-Website hinzu!","default_faq_hidden":"","app_template_category":[],"platform":"3000","template_public_id":"","codecanyon_url":"","codecanyon_item_id":"","codecanyon_price":"","pricing_caption":"","pricing_elfsight_apps_hide_column":"","pricing_elfsight_apps_url":"","pricing_codecanyon_price_caption":"","integration_category":[],"integration_request_title":"","integration_request_cta":"","integration_platform":"","integrations":[],"platform_category":[],"video_schema_markup":"","price":"ab 0 $ \/ Monat","trial":"","benefits":[{"text":"Kostenlose Installationshilfe"},{"text":"Erfahrener Kundensupport"},{"text":"14-t\u00e4gige Geld-zur\u00fcck-Garantie"},{"text":"Regelm\u00e4\u00dfige kostenlose Updates"}],"button_url":"#demo","button_target_blank":"0","button_nofollow":"0","attributes":[{"name":"Installiert","content":"100,000 - 500,000"},{"name":"Reaktionsfreudig","content":"Adaptives Design"},{"name":"Kompatible Browser","content":"Safari, Firefox, Chrome, Edge, Opera"}],"tags":[],"tags_disable_links":"0","hide_more_platforms":"0","video_object":"","demo_hide_cta":"0","demo_hide_cloud_options":"0","pricing_title":"","pricing":[{"pricing_icon":"platform","pricing_title":"Elfsight Apps","pricing_title_caption":"Plattformunabh\u00e4ngige Software, die zu jeder Website passt","pricing_price":"ab 0 $ \/ Monat","pricing_price_caption":"Beginnen Sie mit einem kostenlosen Plan","pricing_benefits":[{"text":"Unbegrenzte Domains"},{"text":"Premium-Support"},{"text":"Kostenlose Installationsunterst\u00fctzung"},{"text":"Sonderangebot f\u00fcr mehrere Apps"}],"pricing_button_text":"Zur Website hinzuf\u00fcgen","pricing_button_url":"#demo"}],"related_apps_title":"","related_apps_hidden":"0","author":"","image":[],"title":"","job":"","social_networks":[]},"_links":{"self":[{"href":"https:\/\/elfsight.com\/de\/wp-json\/wp\/v2\/pages\/17048","targetHints":{"allow":["GET"]}}],"collection":[{"href":"https:\/\/elfsight.com\/de\/wp-json\/wp\/v2\/pages"}],"about":[{"href":"https:\/\/elfsight.com\/de\/wp-json\/wp\/v2\/types\/page"}],"author":[{"embeddable":true,"href":"https:\/\/elfsight.com\/de\/wp-json\/wp\/v2\/users\/9"}],"replies":[{"embeddable":true,"href":"https:\/\/elfsight.com\/de\/wp-json\/wp\/v2\/comments?post=17048"}],"version-history":[{"count":2,"href":"https:\/\/elfsight.com\/de\/wp-json\/wp\/v2\/pages\/17048\/revisions"}],"predecessor-version":[{"id":24926,"href":"https:\/\/elfsight.com\/de\/wp-json\/wp\/v2\/pages\/17048\/revisions\/24926"}],"up":[{"embeddable":true,"href":"https:\/\/elfsight.com\/de\/wp-json\/wp\/v2\/pages\/1011"}],"wp:attachment":[{"href":"https:\/\/elfsight.com\/de\/wp-json\/wp\/v2\/media?parent=17048"}],"curies":[{"name":"wp","href":"https:\/\/api.w.org\/{rel}","templated":true}]}}