{"id":17047,"date":"2024-05-03T06:34:52","date_gmt":"2024-05-03T06:34:52","guid":{"rendered":"https:\/\/elfsight.com\/de\/?page_id=17047"},"modified":"2025-07-08T10:34:19","modified_gmt":"2025-07-08T10:34:19","slug":"godaddy","status":"publish","type":"page","link":"https:\/\/elfsight.com\/de\/event-calendar-widget\/godaddy\/","title":{"rendered":"Event Calendar &#8211; GoDaddy"},"content":{"rendered":"<div class=\"application-platform-content-item-description application-platform-content-item\" id=\"description\" data-nav-section=\"description\"> <h2>Veranstaltungskalender mit Elfsight-Widget einbetten<\/h2> <p>Elfsight-Veranstaltungskalender f\u00fcr GoDaddy ist eine leistungsstarke App, mit der Sie Ihre Veranstaltungen einfach teilen k\u00f6nnen mit dem Rest der Welt. Es bietet viele M\u00f6glichkeiten, bevorstehende Veranstaltungen m\u00f6glichst repr\u00e4sentativ darzustellen. Passen Sie es an, um das Design mit der \u00c4sthetik Ihrer Seite zu verschmelzen. Erstellen Sie mehrere Veranstaltungen, f\u00fcgen Sie verschiedene Tags hinzu, laden Sie Ihre benutzerdefinierten Bilder und Videos hoch und halten Sie Benutzer \u00fcber Ihre Agenda auf dem Laufenden. <\/p> <p><b>Der Veranstaltungskalender kann Ihnen dabei helfen, Ihre zuk\u00fcnftigen Aktivit\u00e4ten m\u00fchelos anzuzeigen und die Engagement-Rate auf Ihrer Website zu erh\u00f6hen. <\/b><\/p> <\/div> <div class=\"application-platform-content-item-features application-platform-content-item\" id=\"features\" data-nav-section=\"features\"> <h2>Hauptfunktionen der Event-Kalender-App<\/h2> <p>Hier k\u00f6nnen Sie alle funktionalen Merkmale des Event-Kalenders sehen. Sie sind direkt im Editor verf\u00fcgbar und helfen Ihnen, das Plugin entsprechend Ihren Anforderungen zu konfigurieren. <\/p> <ul> <li>Nutzen Sie anpassbare Inhaltsm\u00f6glichkeiten, um den Kalender an Ihre Art von Veranstaltungen anzupassen. <\/li> <li>Helfen Sie Benutzern, Ihre Ereignisse zu ihren h\u00e4ufig verwendeten Kalendern hinzuzuf\u00fcgen. <\/li> <li>Generieren Sie verschiedene Arten von Ereignissen, geben Sie Orte an und f\u00fcgen Sie Gastgeber hinzu. <\/li> <li>Klassifizieren Sie alle Ihre Aktivit\u00e4ten und weisen Sie ihnen Tags zu. <\/li> <li>Unterscheiden Sie zwischen 4 Layoutoptionen. <\/li> <\/ul> <p><a href=\"#demo\">\u00dcberpr\u00fcfen Sie in unserer Demo, wie alle Funktionen funktionieren<\/a><\/p> <\/div> <div class=\"application-platform-content-item-installation application-platform-content-item\" id=\"installation\" data-nav-section=\"installation\"> <h2>Wie bette ich einen Veranstaltungskalender auf GoDaddy ein? <\/h2> <p>Um den Veranstaltungskalender einzubetten, f\u00fchren Sie einfach mehrere schnelle Schritte aus. <\/p> <ul> <li><b>Entwerfen Sie Ihr individuelles Kalender-Plugin<\/b><br> Erstellen Sie mit unserem kostenlosen Editor ein Plugin mit einem ausgew\u00e4hlten Layout und einer ausgew\u00e4hlten Funktionalit\u00e4t. <\/li> <li><b>Kopieren Sie den pers\u00f6nlichen Code, um das Plugin zu integrieren<\/b><br> Nachdem Sie Ihr Plugin konfiguriert haben, erhalten Sie den individuellen Code aus der angezeigten Benachrichtigung auf Elfsight Apps. Kopieren Sie den Code. <\/li> <li><b>Integrieren Sie das Plugin auf Ihrer Website<\/b><br> Gehen Sie zu dem Bereich, in den Sie das Plugin einbetten m\u00f6chten, und f\u00fcgen Sie dort den kopierten Code ein. Speichern Sie die Ergebnisse. <\/li> <li><b>Die Integration ist gelungen! <\/b><br> Besuchen Sie den Store, um Ihr Plugin anzusehen. <\/li> <\/ul> <p>Wenn Sie Hilfe ben\u00f6tigen oder Probleme haben, k\u00f6nnen Sie sich gerne an unseren Kundensupport wenden. Wir helfen Ihnen gerne bei jedem Anliegen weiter. <\/p> <\/div><div class=\"faq\" data-component=\"FAQ\"><div class=\"faq-item\">\r\n\t\t\t\t\t<div class=\"faq-item-question\">\r\n\t\t\t\t\t\t<h3 class=\"faq-item-question-text\">Gibt es eine Methode zum Einbetten des Veranstaltungskalenders in meine GoDaddy-Website ohne Programmierkenntnisse?<\/h3>\r\n\r\n\t\t\t\t\t\t<div class=\"faq-item-question-icon\"><\/div>\r\n\t\t\t\t\t<\/div>\r\n\r\n\t\t\t\t\t<div class=\"faq-item-answer\">\r\n\t\t\t\t\t\t<div class=\"faq-item-answer-text\"><p>Elfsight-Unternehmen stellt eine L\u00f6sung vor, mit der Benutzer selbst einen Abschnitt f\u00fcr einen Veranstaltungskalender erstellen k\u00f6nnen. Lernen Sie die einfachen Schritte kennen: <\/p><ul><li>Gehen Sie zum Online-Editor, um ein Veranstaltungskalender-Plugin einzurichten, das Sie in Ihren GoDaddy integrieren m\u00f6chten.<\/li><li>W\u00e4hlen Sie eine der vorgefertigten Vorlagen und \u00e4ndern Sie die Einstellungen des Veranstaltungskalenders, \u00e4ndern Sie das Layout und die Farbe der Elemente und f\u00fcgen Sie Ihre Inhalte ohne Codierung hinzu.<\/li><li>Speichern Sie die vorgenommenen Einstellungen Event Calendar herunterladen und den Installationscode erhalten, den Sie mit einem kostenlosen Plan in Ihre GoDaddy-Webseite einf\u00fcgen k\u00f6nnen. <\/li><\/ul><p>Mit unserem benutzerfreundlichen Konfigurator kann jeder Internetnutzer online ein Veranstaltungskalender-Widget erstellen und es einfach in die GoDaddy-Website einbinden. Sie sollten keinen kostenpflichtigen Plan abschlie\u00dfen oder Ihre Kartendaten eingeben, um auf unseren Editor zuzugreifen. Wenn Sie bei irgendeinem Schritt auf Probleme sto\u00dfen, wenden Sie sich bitte an unsere Mitarbeiter des technischen Supports.<\/p><\/div>\r\n\t\t\t\t\t<\/div>\r\n\t\t\t\t<\/div><\/div>","protected":false},"excerpt":{"rendered":"","protected":false},"author":9,"featured_media":0,"parent":1011,"menu_order":0,"comment_status":"closed","ping_status":"closed","template":"templates\/template-application-platform.php","meta":{"publish_to_discourse":"","publish_post_category":"","wpdc_auto_publish_overridden":"","wpdc_topic_tags":"","wpdc_pin_topic":"","wpdc_pin_until":"","discourse_post_id":"","discourse_permalink":"","wpdc_publishing_response":"","wpdc_publishing_error":"","footnotes":""},"class_list":["post-17047","page","type-page","status-publish","hentry"],"yoast_head":"<!-- This site is optimized with the Yoast SEO plugin v25.3.1 - https:\/\/yoast.com\/wordpress\/plugins\/seo\/ -->\n<title>Veranstaltungskalender-Plugin \u2013 F\u00fcgen Sie das Veranstaltungskalender-Plugin zur GoDaddy-Website hinzu!<\/title>\n<meta name=\"description\" content=\"Pr\u00e4sentieren Sie alle Ihre bevorstehenden Veranstaltungen auf einfachste Weise auf Ihrer GoDaddy-Website mit dem beeindruckenden Veranstaltungskalender-Plugin!\" \/>\n<meta name=\"robots\" content=\"index, follow, max-snippet:-1, max-image-preview:large, max-video-preview:-1\" \/>\n<link rel=\"canonical\" href=\"https:\/\/elfsight.com\/de\/event-calendar-widget\/godaddy\/\" \/>\n<meta property=\"og:locale\" content=\"de_DE\" \/>\n<meta property=\"og:type\" content=\"article\" \/>\n<meta property=\"og:title\" content=\"Veranstaltungskalender-Plugin \u2013 F\u00fcgen Sie das Veranstaltungskalender-Plugin zur GoDaddy-Website hinzu!\" \/>\n<meta property=\"og:description\" content=\"Pr\u00e4sentieren Sie alle Ihre bevorstehenden Veranstaltungen auf einfachste Weise auf Ihrer GoDaddy-Website mit dem beeindruckenden Veranstaltungskalender-Plugin!\" \/>\n<meta property=\"og:url\" content=\"https:\/\/elfsight.com\/de\/event-calendar-widget\/godaddy\/\" \/>\n<meta property=\"og:site_name\" content=\"Elfsight DE\" \/>\n<meta property=\"article:modified_time\" content=\"2025-07-08T10:34:19+00:00\" \/>\n<meta name=\"twitter:card\" content=\"summary_large_image\" \/>\n<meta name=\"twitter:label1\" content=\"Gesch\u00e4tzte Lesezeit\" \/>\n\t<meta name=\"twitter:data1\" content=\"3\u00a0Minuten\" \/>\n<!-- \/ Yoast SEO plugin. -->","yoast_head_json":{"title":"Veranstaltungskalender-Plugin \u2013 F\u00fcgen Sie das Veranstaltungskalender-Plugin zur GoDaddy-Website hinzu!","description":"Pr\u00e4sentieren Sie alle Ihre bevorstehenden Veranstaltungen auf einfachste Weise auf Ihrer GoDaddy-Website mit dem beeindruckenden Veranstaltungskalender-Plugin!","robots":{"index":"index","follow":"follow","max-snippet":"max-snippet:-1","max-image-preview":"max-image-preview:large","max-video-preview":"max-video-preview:-1"},"canonical":"https:\/\/elfsight.com\/de\/event-calendar-widget\/godaddy\/","og_locale":"de_DE","og_type":"article","og_title":"Veranstaltungskalender-Plugin \u2013 F\u00fcgen Sie das Veranstaltungskalender-Plugin zur GoDaddy-Website hinzu!","og_description":"Pr\u00e4sentieren Sie alle Ihre bevorstehenden Veranstaltungen auf einfachste Weise auf Ihrer GoDaddy-Website mit dem beeindruckenden Veranstaltungskalender-Plugin!","og_url":"https:\/\/elfsight.com\/de\/event-calendar-widget\/godaddy\/","og_site_name":"Elfsight DE","article_modified_time":"2025-07-08T10:34:19+00:00","twitter_card":"summary_large_image","twitter_misc":{"Gesch\u00e4tzte Lesezeit":"3\u00a0Minuten"},"schema":{"@context":"https:\/\/schema.org","@graph":[{"@type":"WebPage","@id":"https:\/\/elfsight.com\/de\/event-calendar-widget\/godaddy\/","url":"https:\/\/elfsight.com\/de\/event-calendar-widget\/godaddy\/","name":"Veranstaltungskalender-Plugin \u2013 F\u00fcgen Sie das Veranstaltungskalender-Plugin zur GoDaddy-Website hinzu!","isPartOf":{"@id":"https:\/\/elfsight.com\/de\/#website"},"datePublished":"2024-05-03T06:34:52+00:00","dateModified":"2025-07-08T10:34:19+00:00","description":"Pr\u00e4sentieren Sie alle Ihre bevorstehenden Veranstaltungen auf einfachste Weise auf Ihrer GoDaddy-Website mit dem beeindruckenden Veranstaltungskalender-Plugin!","breadcrumb":{"@id":"https:\/\/elfsight.com\/de\/event-calendar-widget\/godaddy\/#breadcrumb"},"inLanguage":"de","potentialAction":[{"@type":"ReadAction","target":["https:\/\/elfsight.com\/de\/event-calendar-widget\/godaddy\/"]}]},{"@type":"BreadcrumbList","@id":"https:\/\/elfsight.com\/de\/event-calendar-widget\/godaddy\/#breadcrumb","itemListElement":[{"@type":"ListItem","position":1,"name":"Home","item":"https:\/\/elfsight.com\/de\/"},{"@type":"ListItem","position":2,"name":"Event Calendar","item":"https:\/\/elfsight.com\/de\/event-calendar-widget\/"},{"@type":"ListItem","position":3,"name":"Event Calendar &#8211; GoDaddy"}]},{"@type":"WebSite","@id":"https:\/\/elfsight.com\/de\/#website","url":"https:\/\/elfsight.com\/de\/","name":"Elfsight DE","description":"Just another Elfsight Sites site","potentialAction":[{"@type":"SearchAction","target":{"@type":"EntryPoint","urlTemplate":"https:\/\/elfsight.com\/de\/?s={search_term_string}"},"query-input":{"@type":"PropertyValueSpecification","valueRequired":true,"valueName":"search_term_string"}}],"inLanguage":"de"}]}},"meta_box":{"industry":"","seo_heading":"","heading":"","description":"","cta_heading":"","cta_description":"","application":"500","h1":"GoDaddy-Veranstaltungskalender-Plugin","h1_caption":"Verwalten und teilen Sie Veranstaltungen auf Ihrer Website m\u00fchelos mit einem interaktiven und benutzerfreundlichen Veranstaltungskalender auf Ihrer GoDaddy-Website.","application_category":[],"applications_title":"","applications_request_title":"","applications_request_button_text":"","hero_text":"","hero_video":"","hero_video_schema_markup":"","selling_points_title":"","selling_points_caption":"","selling_points":[],"selling_points_cta_text":"","features_title":"","features":"","ed_cta_examples_text":"","ed_cta_examples_hidden":"","ed_cta_demo_text":"","ed_cta_demo_hidden":"","why_caption":"","why_editor_title":"","why_editor_text":"","why_team_title":"","why_team_text":"","why_service_title":"","why_service_text":"","template_catalog_visible":"","template_catalog_title":"","template_catalog_text":"","template_catalog_categories_visible":"","demo_title":"Erstellen Sie Ihr Eventkalender-Plugin","demo_caption":"Konfigurieren Sie Ihren Veranstaltungskalender und f\u00fcgen Sie ihn kostenlos Ihrer GoDaddy-Website hinzu!","default_faq_hidden":"","app_template_category":[],"platform":"241","template_public_id":"","codecanyon_url":"","codecanyon_item_id":"","codecanyon_price":"","pricing_caption":"","pricing_elfsight_apps_hide_column":"","pricing_elfsight_apps_url":"","pricing_codecanyon_price_caption":"","integration_category":[],"integration_request_title":"","integration_request_cta":"","integration_platform":"","integrations":[],"platform_category":[],"video_schema_markup":"","price":"ab 0 $ \/ Monat","trial":"","benefits":[{"text":"Kostenlose Installationsunterst\u00fctzung"},{"text":"Erfahrener Kundensupport"},{"text":"14-t\u00e4gige R\u00fcckerstattungsgarantie"},{"text":"Fortlaufende Entwicklung"}],"button_url":"#demo","button_target_blank":"","button_nofollow":"","attributes":[{"name":"Installiert","content":"100,000 - 500,000"},{"name":"Reaktionsfreudig","content":"Ja"},{"name":"Kompatible Browser","content":"IE11, Firefox, Safari, Opera, Chrome, Edge"}],"tags":[],"tags_disable_links":"","hide_more_platforms":"","video_object":"","demo_hide_cta":"","demo_hide_cloud_options":"","pricing_title":"","pricing":[{"pricing_icon":"platform","pricing_title":"Elfsight Apps","pricing_title_caption":"Plattform\u00fcbergreifende Version","pricing_price":"ab 0 $ \/ Monat","pricing_price_caption":"Beginnen Sie mit einem kostenlosen Plan","pricing_benefits":[{"text":"Unbegrenzte Domains"},{"text":"Kostenloser und p\u00fcnktlicher Support"},{"text":"Kostenlose Installationsunterst\u00fctzung"},{"text":"Flexibles Design"}],"pricing_button_text":"Zur Website hinzuf\u00fcgen","pricing_button_url":"#demo"}],"related_apps_title":"","related_apps_hidden":"","author":"","image":[],"title":"","job":"","social_networks":[]},"_links":{"self":[{"href":"https:\/\/elfsight.com\/de\/wp-json\/wp\/v2\/pages\/17047","targetHints":{"allow":["GET"]}}],"collection":[{"href":"https:\/\/elfsight.com\/de\/wp-json\/wp\/v2\/pages"}],"about":[{"href":"https:\/\/elfsight.com\/de\/wp-json\/wp\/v2\/types\/page"}],"author":[{"embeddable":true,"href":"https:\/\/elfsight.com\/de\/wp-json\/wp\/v2\/users\/9"}],"replies":[{"embeddable":true,"href":"https:\/\/elfsight.com\/de\/wp-json\/wp\/v2\/comments?post=17047"}],"version-history":[{"count":2,"href":"https:\/\/elfsight.com\/de\/wp-json\/wp\/v2\/pages\/17047\/revisions"}],"predecessor-version":[{"id":21474,"href":"https:\/\/elfsight.com\/de\/wp-json\/wp\/v2\/pages\/17047\/revisions\/21474"}],"up":[{"embeddable":true,"href":"https:\/\/elfsight.com\/de\/wp-json\/wp\/v2\/pages\/1011"}],"wp:attachment":[{"href":"https:\/\/elfsight.com\/de\/wp-json\/wp\/v2\/media?parent=17047"}],"curies":[{"name":"wp","href":"https:\/\/api.w.org\/{rel}","templated":true}]}}