{"id":17042,"date":"2024-05-03T06:34:51","date_gmt":"2024-05-03T06:34:51","guid":{"rendered":"https:\/\/elfsight.com\/de\/?page_id=17042"},"modified":"2025-07-08T10:35:18","modified_gmt":"2025-07-08T10:35:18","slug":"prestashop","status":"publish","type":"page","link":"https:\/\/elfsight.com\/de\/event-calendar-widget\/prestashop\/","title":{"rendered":"Event Calendar &#8211; PrestaShop"},"content":{"rendered":"<div class=\"application-platform-content-item-description application-platform-content-item\" id=\"description\" data-nav-section=\"description\"> <h2>Veranstaltungskalender mit Elfsight-Widget einbetten<\/h2> <p>Der Elfsight-Veranstaltungskalender ist ein beeindruckendes Tool, mit dem Sie Ihre Veranstaltungen reibungslos mit dem teilen k\u00f6nnen Rest der Welt. Es bietet viele M\u00f6glichkeiten, bevorstehende Aktivit\u00e4ten m\u00f6glichst repr\u00e4sentativ darzustellen. Passen Sie es an, um das Design mit dem Stil Ihrer Seite zu verschmelzen. Erstellen Sie eine unbegrenzte Anzahl von Veranstaltungen, f\u00fcgen Sie mehrere Tags hinzu, laden Sie Ihre eigenen Bilder und Videos hoch und halten Sie Benutzer \u00fcber Ihren Zeitplan auf dem Laufenden. <\/p><p><b>Der Elfsight-Veranstaltungskalender kann Ihnen dabei helfen, Ihre zuk\u00fcnftigen Aktivit\u00e4ten m\u00fchelos zu demonstrieren und das Engagement auf Ihrer Website zu erh\u00f6hen. <\/b><\/p><\/div> <div class=\"application-platform-content-item-features application-platform-content-item\" id=\"features\" data-nav-section=\"features\"> <h2>Hauptfunktionen des Veranstaltungskalender-Widgets<\/h2> <ul><li>Nutzen Sie anpassbare Inhaltsm\u00f6glichkeiten, um einen Kalender f\u00fcr Ihren Typ zu verstehen von Ereignissen. <\/li><li>Geben Sie Benutzern die M\u00f6glichkeit, Ereignisse zu ihren h\u00e4ufig verwendeten Kalendern hinzuzuf\u00fcgen. <\/li><li>Erstellen Sie verschiedene Arten von Veranstaltungen, markieren Sie Orte und f\u00fcgen Sie Gastgeber hinzu. <\/li><li>Weisen Sie ihnen Tags zu und klassifizieren Sie alle Ihre Aktivit\u00e4ten. <\/li><li>Wechseln Sie zwischen 4 Layoutvarianten. <\/li><\/ul><p><a href=\"#demo\">Entdecken Sie alle Anpassungsoptionen in einer voll funktionsf\u00e4higen Demo<\/a><\/p> <\/div> <div class=\"application-platform-content-item-installation application-platform-content-item\" id=\"installation\" data-nav-section=\"installation\"> <h2>Wie bette ich den Veranstaltungskalender in meine PrestaShop-Webseite ein? <\/h2> <p>Befolgen Sie einfach die folgenden Richtlinien, um das Widget einzubetten. <\/p> <ol><li><b>Verwalten Sie unseren kostenlosen Editor und beginnen Sie mit der Gestaltung Ihres eigenen Instruments. <\/b><br> Suchen Sie das ausgew\u00e4hlte Layout und die Funktionen des Widgets und speichern Sie die \u00c4nderungen. <\/li> <li><b>Kopieren Sie den pers\u00f6nlichen Code, der im speziellen Formular auf Elfsight Apps angezeigt wird. <\/b><br> Sobald die Anpassung Ihres Add-ons abgeschlossen ist, kopieren Sie den pers\u00f6nlichen Code aus dem angezeigten Popup und speichern Sie ihn f\u00fcr eine sp\u00e4tere Gelegenheit. <\/li> <li><b>Beginn der Nutzung des Tools auf der PrestaShop-Seite. <\/b><br> Implementieren Sie den zuvor gespeicherten Code in Ihre Webseite und \u00fcbernehmen Sie die \u00c4nderungen. <\/li> <li><b>Das Setup ist vollst\u00e4ndig abgeschlossen. <\/b><br> Besuchen Sie Ihre Webseite, um zu sehen, wie das Add-on funktioniert. <\/li><\/ol> <p>Z\u00f6gern Sie nicht, sich bei unserem Support-Team zu bewerben, sofern Sie mit Fragen konfrontiert werden oder auf Komplikationen sto\u00dfen. Unsere Berater helfen Ihnen gerne bei allen Fragen rund um das Add-on weiter. <\/p> <\/div><div class=\"faq\" data-component=\"FAQ\"><div class=\"faq-item\">\r\n\t\t\t\t\t<div class=\"faq-item-question\">\r\n\t\t\t\t\t\t<h3 class=\"faq-item-question-text\">Wie kann ich ohne Programmiererfahrung einen Veranstaltungskalender zu meiner PrestaShop-Homepage hinzuf\u00fcgen?<\/h3>\r\n\r\n\t\t\t\t\t\t<div class=\"faq-item-question-icon\"><\/div>\r\n\t\t\t\t\t<\/div>\r\n\r\n\t\t\t\t\t<div class=\"faq-item-answer\">\r\n\t\t\t\t\t\t<div class=\"faq-item-answer-text\"><p>Das Unternehmen Elfsight liefert ein SaaS Finden Sie heraus, wie unkompliziert der Vorgang ist: <\/p><ul><li>Arbeiten Sie in der Live-Demo, um ein Veranstaltungskalender-Widget zu erstellen, das Sie auf der PrestaShop-Webseite integrieren m\u00f6chten. <\/li><li>Entscheiden Sie sich f\u00fcr eine der vielen vorgefertigten Vorlagen und passen Sie die Einstellungen des Veranstaltungskalenders an, f\u00fcgen Sie Ihre Inhalte ein, \u00e4ndern Sie das Layout und das Farbschema ohne Programmieraufwand.<\/li><li>Speichern Sie den Veranstaltungskalender und laden Sie ihn herunter Installationscode, der im Rahmen eines kostenlosen Plans einfach in Ihre PrestaShop-Site eingebunden werden kann. <\/li><\/ul><p>Mit unserem unkomplizierten Konfigurator kann jeder Webbenutzer eine Veranstaltungskalender-App erstellen und diese ganz einfach zu seiner PrestaShop-Homepage hinzuf\u00fcgen. Sie m\u00fcssen weder bezahlen noch Ihre Kartendaten eingeben, um den Service in Anspruch zu nehmen. Wenn Sie auf Probleme jeglicher Art sto\u00dfen, z\u00f6gern Sie bitte nicht, mit unserem Support-Personal zu sprechen.<\/p><\/div>\r\n\t\t\t\t\t<\/div>\r\n\t\t\t\t<\/div><\/div>","protected":false},"excerpt":{"rendered":"","protected":false},"author":9,"featured_media":0,"parent":1011,"menu_order":0,"comment_status":"closed","ping_status":"closed","template":"templates\/template-application-platform.php","meta":{"publish_to_discourse":"","publish_post_category":"","wpdc_auto_publish_overridden":"","wpdc_topic_tags":"","wpdc_pin_topic":"","wpdc_pin_until":"","discourse_post_id":"","discourse_permalink":"","wpdc_publishing_response":"","wpdc_publishing_error":"","footnotes":""},"class_list":["post-17042","page","type-page","status-publish","hentry"],"yoast_head":"<!-- This site is optimized with the Yoast SEO plugin v25.3.1 - https:\/\/yoast.com\/wordpress\/plugins\/seo\/ -->\n<title>Veranstaltungskalender \u2013 Kalender-Widget zur PrestaShop-Website hinzuf\u00fcgen [2025]<\/title>\n<meta name=\"description\" content=\"Entwerfen Sie mit Elfsight Ihr bestes Eventkalender-Add-on und f\u00fcgen Sie es schnell zu Ihrer PrestaShop-Website hinzu. Kostenloser Kundensupport und andere Boni.\" \/>\n<meta name=\"robots\" content=\"index, follow, max-snippet:-1, max-image-preview:large, max-video-preview:-1\" \/>\n<link rel=\"canonical\" href=\"https:\/\/elfsight.com\/de\/event-calendar-widget\/prestashop\/\" \/>\n<meta property=\"og:locale\" content=\"de_DE\" \/>\n<meta property=\"og:type\" content=\"article\" \/>\n<meta property=\"og:title\" content=\"Veranstaltungskalender \u2013 Kalender-Widget zur PrestaShop-Website hinzuf\u00fcgen [2025]\" \/>\n<meta property=\"og:description\" content=\"Entwerfen Sie mit Elfsight Ihr bestes Eventkalender-Add-on und f\u00fcgen Sie es schnell zu Ihrer PrestaShop-Website hinzu. Kostenloser Kundensupport und andere Boni.\" \/>\n<meta property=\"og:url\" content=\"https:\/\/elfsight.com\/de\/event-calendar-widget\/prestashop\/\" \/>\n<meta property=\"og:site_name\" content=\"Elfsight DE\" \/>\n<meta property=\"article:modified_time\" content=\"2025-07-08T10:35:18+00:00\" \/>\n<meta name=\"twitter:card\" content=\"summary_large_image\" \/>\n<meta name=\"twitter:label1\" content=\"Gesch\u00e4tzte Lesezeit\" \/>\n\t<meta name=\"twitter:data1\" content=\"3\u00a0Minuten\" \/>\n<!-- \/ Yoast SEO plugin. -->","yoast_head_json":{"title":"Veranstaltungskalender \u2013 Kalender-Widget zur PrestaShop-Website hinzuf\u00fcgen [2025]","description":"Entwerfen Sie mit Elfsight Ihr bestes Eventkalender-Add-on und f\u00fcgen Sie es schnell zu Ihrer PrestaShop-Website hinzu. Kostenloser Kundensupport und andere Boni.","robots":{"index":"index","follow":"follow","max-snippet":"max-snippet:-1","max-image-preview":"max-image-preview:large","max-video-preview":"max-video-preview:-1"},"canonical":"https:\/\/elfsight.com\/de\/event-calendar-widget\/prestashop\/","og_locale":"de_DE","og_type":"article","og_title":"Veranstaltungskalender \u2013 Kalender-Widget zur PrestaShop-Website hinzuf\u00fcgen [2025]","og_description":"Entwerfen Sie mit Elfsight Ihr bestes Eventkalender-Add-on und f\u00fcgen Sie es schnell zu Ihrer PrestaShop-Website hinzu. Kostenloser Kundensupport und andere Boni.","og_url":"https:\/\/elfsight.com\/de\/event-calendar-widget\/prestashop\/","og_site_name":"Elfsight DE","article_modified_time":"2025-07-08T10:35:18+00:00","twitter_card":"summary_large_image","twitter_misc":{"Gesch\u00e4tzte Lesezeit":"3\u00a0Minuten"},"schema":{"@context":"https:\/\/schema.org","@graph":[{"@type":"WebPage","@id":"https:\/\/elfsight.com\/de\/event-calendar-widget\/prestashop\/","url":"https:\/\/elfsight.com\/de\/event-calendar-widget\/prestashop\/","name":"Veranstaltungskalender \u2013 Kalender-Widget zur PrestaShop-Website hinzuf\u00fcgen [2025]","isPartOf":{"@id":"https:\/\/elfsight.com\/de\/#website"},"datePublished":"2024-05-03T06:34:51+00:00","dateModified":"2025-07-08T10:35:18+00:00","description":"Entwerfen Sie mit Elfsight Ihr bestes Eventkalender-Add-on und f\u00fcgen Sie es schnell zu Ihrer PrestaShop-Website hinzu. Kostenloser Kundensupport und andere Boni.","breadcrumb":{"@id":"https:\/\/elfsight.com\/de\/event-calendar-widget\/prestashop\/#breadcrumb"},"inLanguage":"de","potentialAction":[{"@type":"ReadAction","target":["https:\/\/elfsight.com\/de\/event-calendar-widget\/prestashop\/"]}]},{"@type":"BreadcrumbList","@id":"https:\/\/elfsight.com\/de\/event-calendar-widget\/prestashop\/#breadcrumb","itemListElement":[{"@type":"ListItem","position":1,"name":"Home","item":"https:\/\/elfsight.com\/de\/"},{"@type":"ListItem","position":2,"name":"Event Calendar","item":"https:\/\/elfsight.com\/de\/event-calendar-widget\/"},{"@type":"ListItem","position":3,"name":"Event Calendar &#8211; PrestaShop"}]},{"@type":"WebSite","@id":"https:\/\/elfsight.com\/de\/#website","url":"https:\/\/elfsight.com\/de\/","name":"Elfsight DE","description":"Just another Elfsight Sites site","potentialAction":[{"@type":"SearchAction","target":{"@type":"EntryPoint","urlTemplate":"https:\/\/elfsight.com\/de\/?s={search_term_string}"},"query-input":{"@type":"PropertyValueSpecification","valueRequired":true,"valueName":"search_term_string"}}],"inLanguage":"de"}]}},"meta_box":{"industry":"","seo_heading":"","heading":"","description":"","cta_heading":"","cta_description":"","application":"500","h1":"PrestaShop-Ereigniskalender-Add-on","h1_caption":"Verwalten und teilen Sie Veranstaltungen auf Ihrer Website m\u00fchelos mit einem interaktiven und benutzerfreundlichen Veranstaltungskalender auf Ihrer Prestashop-Website.","application_category":[],"applications_title":"","applications_request_title":"","applications_request_button_text":"","hero_text":"","hero_video":"","hero_video_schema_markup":"","selling_points_title":"","selling_points_caption":"","selling_points":[],"selling_points_cta_text":"","features_title":"","features":"","ed_cta_examples_text":"","ed_cta_examples_hidden":"","ed_cta_demo_text":"","ed_cta_demo_hidden":"","why_caption":"","why_editor_title":"","why_editor_text":"","why_team_title":"","why_team_text":"","why_service_title":"","why_service_text":"","template_catalog_visible":"","template_catalog_title":"","template_catalog_text":"","template_catalog_categories_visible":"","demo_title":"Erstellen Sie Ihr Eventkalender-Add-on","demo_caption":"Konfigurieren Sie Ihren Veranstaltungskalender und f\u00fcgen Sie ihn kostenlos zu Ihrer PrestaShop-Website hinzu!","default_faq_hidden":"","app_template_category":[],"platform":"3811","template_public_id":"","codecanyon_url":"","codecanyon_item_id":"","codecanyon_price":"","pricing_caption":"","pricing_elfsight_apps_hide_column":"","pricing_elfsight_apps_url":"","pricing_codecanyon_price_caption":"","integration_category":[],"integration_request_title":"","integration_request_cta":"","integration_platform":"","integrations":[],"platform_category":[],"video_schema_markup":"","price":"ab 0 $ \/ Monat","trial":"","benefits":[{"text":"Kostenloser Installationsservice"},{"text":"Effektiver Kundenservice"},{"text":"14-t\u00e4gige Geld-zur\u00fcck-Garantie"},{"text":"Kontinuierliche kostenlose Verbesserungen"}],"button_url":"#demo","button_target_blank":"","button_nofollow":"","attributes":[{"name":"Installiert","content":"100,000 - 500,000"},{"name":"Reaktionsfreudig","content":"Ja"},{"name":"Kompatible Browser","content":"Firefox, Safari, Opera, Chrome, Edge"}],"tags":[],"tags_disable_links":"","hide_more_platforms":"","video_object":"","demo_hide_cta":"","demo_hide_cloud_options":"","pricing_title":"","pricing":[{"pricing_icon":"platform","pricing_title":"Elfsight Apps","pricing_title_caption":"Plattform\u00fcbergreifende digitale L\u00f6sung, die zu jedem Standort passt","pricing_price":"ab 0 $ \/ Monat","pricing_price_caption":"Beginnen Sie mit einem kostenlosen Plan","pricing_benefits":[{"text":"Unbegrenzte Domains"},{"text":"Schnelle Unterst\u00fctzung"},{"text":"Kostenloser Installationssupport"},{"text":"Vollst\u00e4ndig anpassbar"}],"pricing_button_text":"Zur Website hinzuf\u00fcgen","pricing_button_url":"#demo"}],"related_apps_title":"","related_apps_hidden":"","author":"","image":[],"title":"","job":"","social_networks":[]},"_links":{"self":[{"href":"https:\/\/elfsight.com\/de\/wp-json\/wp\/v2\/pages\/17042","targetHints":{"allow":["GET"]}}],"collection":[{"href":"https:\/\/elfsight.com\/de\/wp-json\/wp\/v2\/pages"}],"about":[{"href":"https:\/\/elfsight.com\/de\/wp-json\/wp\/v2\/types\/page"}],"author":[{"embeddable":true,"href":"https:\/\/elfsight.com\/de\/wp-json\/wp\/v2\/users\/9"}],"replies":[{"embeddable":true,"href":"https:\/\/elfsight.com\/de\/wp-json\/wp\/v2\/comments?post=17042"}],"version-history":[{"count":2,"href":"https:\/\/elfsight.com\/de\/wp-json\/wp\/v2\/pages\/17042\/revisions"}],"predecessor-version":[{"id":21473,"href":"https:\/\/elfsight.com\/de\/wp-json\/wp\/v2\/pages\/17042\/revisions\/21473"}],"up":[{"embeddable":true,"href":"https:\/\/elfsight.com\/de\/wp-json\/wp\/v2\/pages\/1011"}],"wp:attachment":[{"href":"https:\/\/elfsight.com\/de\/wp-json\/wp\/v2\/media?parent=17042"}],"curies":[{"name":"wp","href":"https:\/\/api.w.org\/{rel}","templated":true}]}}