{"id":17041,"date":"2024-05-03T06:34:50","date_gmt":"2024-05-03T06:34:50","guid":{"rendered":"https:\/\/elfsight.com\/de\/?page_id=17041"},"modified":"2025-07-08T10:34:33","modified_gmt":"2025-07-08T10:34:33","slug":"jimdo","status":"publish","type":"page","link":"https:\/\/elfsight.com\/de\/event-calendar-widget\/jimdo\/","title":{"rendered":"Event Calendar &#8211; Jimdo"},"content":{"rendered":"<div class=\"application-platform-content-item-description application-platform-content-item\" id=\"description\" data-nav-section=\"description\"> <h2>Veranstaltungskalender mit Elfsight-Widget einbetten<\/h2> <p>Der Elfsight-Veranstaltungskalender ist ein beeindruckendes Tool, mit dem Sie Ihre Aktivit\u00e4ten ganz einfach teilen k\u00f6nnen der Rest der Welt. Es bietet viele M\u00f6glichkeiten, bevorstehende Aktivit\u00e4ten auf die auff\u00e4lligste Art und Weise darzustellen. Passen Sie es an, um das Design mit dem Stil Ihrer Website zu verschmelzen. Erstellen Sie eine unbegrenzte Anzahl von Veranstaltungen, f\u00fcgen Sie verschiedene Tags hinzu, laden Sie Ihre eigenen Bilder und Videos hoch und halten Sie Ihre Besucher \u00fcber Ihren Zeitplan auf dem Laufenden. <\/p><p><b>Unser Veranstaltungskalender kann Ihnen dabei helfen, Ihre bevorstehenden Veranstaltungen eindrucksvoll zu pr\u00e4sentieren und die Interaktionsrate auf Ihrer Website zu erh\u00f6hen. <\/b><\/p><\/div> <div class=\"application-platform-content-item-features application-platform-content-item\" id=\"features\" data-nav-section=\"features\"> <h2>Hauptfunktionen des Veranstaltungskalender-Widgets<\/h2> <ul><li>Nutzen Sie anpassbare Inhaltsm\u00f6glichkeiten, um einen Kalender f\u00fcr Ihren Typ zu verstehen von Ereignissen. <\/li><li>Geben Sie Benutzern die M\u00f6glichkeit, Ereignisse zu ihren h\u00e4ufig verwendeten Kalendern hinzuzuf\u00fcgen. <\/li><li>Erstellen Sie verschiedene Arten von Veranstaltungen, f\u00fcgen Sie Gastgeber hinzu und markieren Sie Orte. <\/li><li>Weisen Sie ihnen Tags zu und klassifizieren Sie alle Ihre Aktivit\u00e4ten. <\/li><li>Wechseln Sie zwischen 4 Layoutvarianten. <\/li><\/ul><p><a href=\"#demo\">Sie k\u00f6nnen sp\u00fcren, was das Widget wert ist, indem Sie die Demo ausprobieren<\/a><\/p> <\/div> <div class=\"application-platform-content-item-installation  application-platform-content-item\" id=\"installation \" data-nav-section=\"installation \"> <h2>Wie kann ich einen Veranstaltungskalender in meine Jimdo-Webseite einbetten? <\/h2> <p>Befolgen Sie einfach die nachstehenden Anweisungen, um das Tool einzubetten. <\/p> <ol><li><b>F\u00fchren Sie unseren kostenlosen Editor aus und beginnen Sie mit dem Bau Ihres eigenen Instruments. <\/b><br> Geben Sie die bevorzugte Benutzeroberfl\u00e4che und Optionen des Widgets an und speichern Sie die \u00c4nderungen. <\/li> <li><b>Erhalten Sie Ihren einzigartigen Code, der im speziellen Formular auf Elfsight Apps erscheint. <\/b><br> Kopieren Sie direkt nach der Einrichtung Ihres pers\u00f6nlichen Widgets den exklusiven Code aus dem angezeigten Feld und speichern Sie ihn zur weiteren Verwendung. <\/li> <li><b>Beginnen Sie mit der Verwendung des Tools auf Ihrer Jimdo-Website. <\/b><br> F\u00fcgen Sie den zuvor gespeicherten Code in Ihre Seite ein und speichern Sie die \u00c4nderungen. <\/li> <li><b>Die Installation ist vollst\u00e4ndig durchgef\u00fchrt. <\/b><br> Gehen Sie zu Ihrer Seite, um die Leistung des Widgets zu \u00fcberpr\u00fcfen. <\/li><\/ol> <p>Wenn Sie auf Schwierigkeiten sto\u00dfen, k\u00f6nnen Sie sich gerne an unser Support-Team wenden. Unsere Mitarbeiter werden sich freuen, alle Probleme zu l\u00f6sen, die Sie m\u00f6glicherweise mit dem Produkt haben. <\/p> <\/div><div class=\"faq\" data-component=\"FAQ\"><div class=\"faq-item\">\r\n\t\t\t\t\t<div class=\"faq-item-question\">\r\n\t\t\t\t\t\t<h3 class=\"faq-item-question-text\">Gibt es eine Methode, um einen Veranstaltungskalender ohne Codierung zu meiner Jimdo-Webseite hinzuzuf\u00fcgen?<\/h3>\r\n\r\n\t\t\t\t\t\t<div class=\"faq-item-question-icon\"><\/div>\r\n\t\t\t\t\t<\/div>\r\n\r\n\t\t\t\t\t<div class=\"faq-item-answer\">\r\n\t\t\t\t\t\t<div class=\"faq-item-answer-text\"><p>Elfsight-Unternehmen stellt eine SaaS-L\u00f6sung vor, mit der Benutzer selbst eine Veranstaltungskalender-App erstellen k\u00f6nnen. Finden Sie heraus, wie unkompliziert das ist: <\/p><ul><li>Gehen Sie zur Online-Demo, um ein Veranstaltungskalender-Widget zu erstellen, das Sie gerne in Jimdo Web einbetten m\u00f6chten Seite.<\/li><li>W\u00e4hlen Sie eine der vorgefertigten Vorlagen und \u00e4ndern Sie die Einstellungen des Veranstaltungskalenders, f\u00fcgen Sie Ihre Inhalte ein, \u00e4ndern Sie das Layout und die Farben ohne Programmierkenntnisse.<\/li><li>Speichern Sie den Veranstaltungskalender und kopieren Sie ihn Installationscode, der m\u00fchelos auf der Jimdo-Webseite hinzugef\u00fcgt werden kann, ohne eine kostenpflichtige Version kaufen zu m\u00fcssen. <\/li><\/ul><p>Mit unserem benutzerfreundlichen Konfigurator kann jeder Internetnutzer einen Veranstaltungskalender online erstellen und ihn problemlos in jede Jimdo-Site einbetten. F\u00fcr den Zugriff auf den Dienst ist es nicht erforderlich, einen kostenpflichtigen Plan abzuschlie\u00dfen oder Ihre Kartendaten anzugeben. Sollten bei irgendeinem Schritt Probleme auftreten, wenden Sie sich bitte an unseren Kundensupport.<\/p><\/div>\r\n\t\t\t\t\t<\/div>\r\n\t\t\t\t<\/div><\/div>","protected":false},"excerpt":{"rendered":"","protected":false},"author":9,"featured_media":0,"parent":1011,"menu_order":0,"comment_status":"closed","ping_status":"closed","template":"templates\/template-application-platform.php","meta":{"publish_to_discourse":"","publish_post_category":"","wpdc_auto_publish_overridden":"","wpdc_topic_tags":"","wpdc_pin_topic":"","wpdc_pin_until":"","discourse_post_id":"","discourse_permalink":"","wpdc_publishing_response":"","wpdc_publishing_error":"","footnotes":""},"class_list":["post-17041","page","type-page","status-publish","hentry"],"yoast_head":"<!-- This site is optimized with the Yoast SEO plugin v25.3.1 - https:\/\/yoast.com\/wordpress\/plugins\/seo\/ -->\n<title>Veranstaltungskalender \u2013 Kalender-Widget zur Jimdo-Website hinzuf\u00fcgen [2025]<\/title>\n<meta name=\"description\" content=\"Entwerfen Sie mit Elfsight Ihr Veranstaltungskalender-Widget und f\u00fcgen Sie es schnell zu einer Jimdo-Website hinzu. Wir bieten kostenlosen Kundensupport und andere Boni.\" \/>\n<meta name=\"robots\" content=\"index, follow, max-snippet:-1, max-image-preview:large, max-video-preview:-1\" \/>\n<link rel=\"canonical\" href=\"https:\/\/elfsight.com\/de\/event-calendar-widget\/jimdo\/\" \/>\n<meta property=\"og:locale\" content=\"de_DE\" \/>\n<meta property=\"og:type\" content=\"article\" \/>\n<meta property=\"og:title\" content=\"Veranstaltungskalender \u2013 Kalender-Widget zur Jimdo-Website hinzuf\u00fcgen [2025]\" \/>\n<meta property=\"og:description\" content=\"Entwerfen Sie mit Elfsight Ihr Veranstaltungskalender-Widget und f\u00fcgen Sie es schnell zu einer Jimdo-Website hinzu. Wir bieten kostenlosen Kundensupport und andere Boni.\" \/>\n<meta property=\"og:url\" content=\"https:\/\/elfsight.com\/de\/event-calendar-widget\/jimdo\/\" \/>\n<meta property=\"og:site_name\" content=\"Elfsight DE\" \/>\n<meta property=\"article:modified_time\" content=\"2025-07-08T10:34:33+00:00\" \/>\n<meta name=\"twitter:card\" content=\"summary_large_image\" \/>\n<meta name=\"twitter:label1\" content=\"Gesch\u00e4tzte Lesezeit\" \/>\n\t<meta name=\"twitter:data1\" content=\"3\u00a0Minuten\" \/>\n<!-- \/ Yoast SEO plugin. -->","yoast_head_json":{"title":"Veranstaltungskalender \u2013 Kalender-Widget zur Jimdo-Website hinzuf\u00fcgen [2025]","description":"Entwerfen Sie mit Elfsight Ihr Veranstaltungskalender-Widget und f\u00fcgen Sie es schnell zu einer Jimdo-Website hinzu. Wir bieten kostenlosen Kundensupport und andere Boni.","robots":{"index":"index","follow":"follow","max-snippet":"max-snippet:-1","max-image-preview":"max-image-preview:large","max-video-preview":"max-video-preview:-1"},"canonical":"https:\/\/elfsight.com\/de\/event-calendar-widget\/jimdo\/","og_locale":"de_DE","og_type":"article","og_title":"Veranstaltungskalender \u2013 Kalender-Widget zur Jimdo-Website hinzuf\u00fcgen [2025]","og_description":"Entwerfen Sie mit Elfsight Ihr Veranstaltungskalender-Widget und f\u00fcgen Sie es schnell zu einer Jimdo-Website hinzu. Wir bieten kostenlosen Kundensupport und andere Boni.","og_url":"https:\/\/elfsight.com\/de\/event-calendar-widget\/jimdo\/","og_site_name":"Elfsight DE","article_modified_time":"2025-07-08T10:34:33+00:00","twitter_card":"summary_large_image","twitter_misc":{"Gesch\u00e4tzte Lesezeit":"3\u00a0Minuten"},"schema":{"@context":"https:\/\/schema.org","@graph":[{"@type":"WebPage","@id":"https:\/\/elfsight.com\/de\/event-calendar-widget\/jimdo\/","url":"https:\/\/elfsight.com\/de\/event-calendar-widget\/jimdo\/","name":"Veranstaltungskalender \u2013 Kalender-Widget zur Jimdo-Website hinzuf\u00fcgen [2025]","isPartOf":{"@id":"https:\/\/elfsight.com\/de\/#website"},"datePublished":"2024-05-03T06:34:50+00:00","dateModified":"2025-07-08T10:34:33+00:00","description":"Entwerfen Sie mit Elfsight Ihr Veranstaltungskalender-Widget und f\u00fcgen Sie es schnell zu einer Jimdo-Website hinzu. Wir bieten kostenlosen Kundensupport und andere Boni.","breadcrumb":{"@id":"https:\/\/elfsight.com\/de\/event-calendar-widget\/jimdo\/#breadcrumb"},"inLanguage":"de","potentialAction":[{"@type":"ReadAction","target":["https:\/\/elfsight.com\/de\/event-calendar-widget\/jimdo\/"]}]},{"@type":"BreadcrumbList","@id":"https:\/\/elfsight.com\/de\/event-calendar-widget\/jimdo\/#breadcrumb","itemListElement":[{"@type":"ListItem","position":1,"name":"Home","item":"https:\/\/elfsight.com\/de\/"},{"@type":"ListItem","position":2,"name":"Event Calendar","item":"https:\/\/elfsight.com\/de\/event-calendar-widget\/"},{"@type":"ListItem","position":3,"name":"Event Calendar &#8211; Jimdo"}]},{"@type":"WebSite","@id":"https:\/\/elfsight.com\/de\/#website","url":"https:\/\/elfsight.com\/de\/","name":"Elfsight DE","description":"Just another Elfsight Sites site","potentialAction":[{"@type":"SearchAction","target":{"@type":"EntryPoint","urlTemplate":"https:\/\/elfsight.com\/de\/?s={search_term_string}"},"query-input":{"@type":"PropertyValueSpecification","valueRequired":true,"valueName":"search_term_string"}}],"inLanguage":"de"}]}},"meta_box":{"industry":"","seo_heading":"","heading":"","description":"","cta_heading":"","cta_description":"","application":"500","h1":"Jimdo-Eventkalender-Widget","h1_caption":"Verwalten und teilen Sie Veranstaltungen auf Ihrer Website m\u00fchelos mit einem interaktiven und benutzerfreundlichen Veranstaltungskalender auf Ihrer Jimdo-Website.","application_category":[],"applications_title":"","applications_request_title":"","applications_request_button_text":"","hero_text":"","hero_video":"","hero_video_schema_markup":"","selling_points_title":"","selling_points_caption":"","selling_points":[],"selling_points_cta_text":"","features_title":"","features":"","ed_cta_examples_text":"","ed_cta_examples_hidden":"","ed_cta_demo_text":"","ed_cta_demo_hidden":"","why_caption":"","why_editor_title":"","why_editor_text":"","why_team_title":"","why_team_text":"","why_service_title":"","why_service_text":"","template_catalog_visible":"","template_catalog_title":"","template_catalog_text":"","template_catalog_categories_visible":"","demo_title":"Erstellen Sie Ihr Veranstaltungskalender-Widget","demo_caption":"Konfigurieren Sie Ihren Veranstaltungskalender und f\u00fcgen Sie ihn kostenlos zu Ihrer Jimdo-Website hinzu!","default_faq_hidden":"","app_template_category":[],"platform":"239","template_public_id":"","codecanyon_url":"","codecanyon_item_id":"","codecanyon_price":"","pricing_caption":"","pricing_elfsight_apps_hide_column":"","pricing_elfsight_apps_url":"","pricing_codecanyon_price_caption":"","integration_category":[],"integration_request_title":"","integration_request_cta":"","integration_platform":"","integrations":[],"platform_category":[],"video_schema_markup":"","price":"ab 0 $ \/ Monat","trial":"","benefits":[{"text":"Kostenlose Installationsunterst\u00fctzung"},{"text":"Kompetenter Kundenservice"},{"text":"14-t\u00e4gige Geld-zur\u00fcck-Garantie"},{"text":"Lebenslange Updates"}],"button_url":"#demo","button_target_blank":"","button_nofollow":"","attributes":[{"name":"Installiert","content":"100,000 - 500,000"},{"name":"Reaktionsfreudig","content":"Ja"},{"name":"Kompatible Browser","content":"Firefox, Safari, Opera, Chrome, Edge"}],"tags":[],"tags_disable_links":"","hide_more_platforms":"","video_object":"","demo_hide_cta":"","demo_hide_cloud_options":"","pricing_title":"","pricing":[{"pricing_icon":"platform","pricing_title":"Elfsight Apps","pricing_title_caption":"Plattform\u00fcbergreifende Version, die auf jeder Website funktioniert","pricing_price":"ab 0 $ \/ Monat","pricing_price_caption":"Beginnen Sie mit einem kostenlosen Plan","pricing_benefits":[{"text":"Unbegrenzte Domains"},{"text":"Kundensupport rund um die Uhr und gut dokumentiert"},{"text":"Kostenlose Installationshilfe"},{"text":"100 % anpassbar"}],"pricing_button_text":"Zur Website hinzuf\u00fcgen","pricing_button_url":"#demo"}],"related_apps_title":"","related_apps_hidden":"","author":"","image":[],"title":"","job":"","social_networks":[]},"_links":{"self":[{"href":"https:\/\/elfsight.com\/de\/wp-json\/wp\/v2\/pages\/17041","targetHints":{"allow":["GET"]}}],"collection":[{"href":"https:\/\/elfsight.com\/de\/wp-json\/wp\/v2\/pages"}],"about":[{"href":"https:\/\/elfsight.com\/de\/wp-json\/wp\/v2\/types\/page"}],"author":[{"embeddable":true,"href":"https:\/\/elfsight.com\/de\/wp-json\/wp\/v2\/users\/9"}],"replies":[{"embeddable":true,"href":"https:\/\/elfsight.com\/de\/wp-json\/wp\/v2\/comments?post=17041"}],"version-history":[{"count":2,"href":"https:\/\/elfsight.com\/de\/wp-json\/wp\/v2\/pages\/17041\/revisions"}],"predecessor-version":[{"id":21472,"href":"https:\/\/elfsight.com\/de\/wp-json\/wp\/v2\/pages\/17041\/revisions\/21472"}],"up":[{"embeddable":true,"href":"https:\/\/elfsight.com\/de\/wp-json\/wp\/v2\/pages\/1011"}],"wp:attachment":[{"href":"https:\/\/elfsight.com\/de\/wp-json\/wp\/v2\/media?parent=17041"}],"curies":[{"name":"wp","href":"https:\/\/api.w.org\/{rel}","templated":true}]}}