{"id":17034,"date":"2024-05-03T06:34:22","date_gmt":"2024-05-03T06:34:22","guid":{"rendered":"https:\/\/elfsight.com\/de\/?page_id=17034"},"modified":"2025-07-08T10:32:31","modified_gmt":"2025-07-08T10:32:31","slug":"bigcommerce","status":"publish","type":"page","link":"https:\/\/elfsight.com\/de\/countdown-timer-widget\/bigcommerce\/","title":{"rendered":"Countdown Timer &#8211; BigCommerce"},"content":{"rendered":"<div class=\"application-platform-content-item-description application-platform-content-item\" id=\"description\" data-nav-section=\"description\"><h2>Beschreibung<\/h2><p>Zeigen Sie verkaufsf\u00f6rdernde Z\u00e4hlungen auf Ihrer Website mit dem Elfsight Countdown Timer. Heizen Sie die Atmosph\u00e4re an und erwecken Sie das Gef\u00fchl, dass Ihre Artikel nur begrenzt verf\u00fcgbar sind, und zeigen Sie, dass sie direkt vor den Augen der Kunden wie warme Semmeln zergehen. Stimulieren Sie die Kaufaktivit\u00e4t, indem Sie die Zeit bis zum Ende des Aktionszeitraums verstreichen lassen. K\u00fcndigen Sie Ihre bevorstehenden Anl\u00e4sse oder Feiertage mit einem Countdown-Timer an und sorgen Sie daf\u00fcr, dass sich Ihre Kunden auf den Anfang freuen.<\/p><p><b>Erwecken Sie Einkaufsbegeisterung und ermutigen Sie K\u00e4ufer, mehr zu kaufen. <\/b><\/p><p><b>Ermutigen Sie Kunden zum Kauf, indem Sie ein Gef\u00fchl der Dringlichkeit vermitteln. <\/b><br> F\u00fcgen Sie einen Countdown-Timer hinzu, der die verbleibende Zeit bis zum Ende Ihrer Ausverk\u00e4ufe und Sonderangebote anzeigt. Es wird ein Gef\u00fchl der Dringlichkeit erzeugen und Kunden dazu anregen, schneller eine Kaufentscheidung zu treffen.<\/p><p><b>Zeigen Sie, dass der Lagerbestand sinkt, um den wahrgenommenen Wert der Artikel zu erh\u00f6hen.<\/b><br> Zeigen Sie dies Mithilfe einer speziellen Bestandsz\u00e4hlung werden Ihre Artikel schnell gekauft und sind weniger verf\u00fcgbar. Dadurch wertsch\u00e4tzen die Nutzer die Artikel mehr und m\u00f6chten sie auch kaufen.<\/p><p><b>Erregen Sie mehr Aufmerksamkeit auf Ihre Verk\u00e4ufe mit Hilfe einer hellen Countdown-Leiste im Feiertagsthema.<\/b><br> Richten Sie eine ansprechende Themen-Verkaufsbar f\u00fcr Festivals und besondere Veranstaltungen ein. Es sorgt f\u00fcr Urlaubsatmosph\u00e4re und bewirbt Ihre tollen Angebote, um Ihren Umsatz in der Hochsaison zu steigern.<\/p><\/div><div class=\"application-platform-content-item-features application-platform-content-item\" id=\"features\" data-nav-section=\"features\"><h2>Funktionen<\/h2><p>Warum Ist Elfsight Countdown das beste unter den hochwertigen BigCommerce-Widgets? Entdecken Sie unsere bahnbrechenden Eigenschaften:<\/p><ul><li>Auf- und Abw\u00e4rtsz\u00e4hler;<\/li><li>Option zum Festlegen eines Schaltfl\u00e4chen-Links f\u00fcr die Umleitung;<\/li><li>Bearbeitbare Beschriftungen f\u00fcr Zeiteinheiten;<\/li><li>5 Feiertagsthemen f\u00fcr die beliebtesten Anl\u00e4sse;<\/li><li>Option zum Festlegen der Schriftgr\u00f6\u00dfe der Nachricht.<\/li><\/ul><p><a href=\"#demo\">Bewerten Vollst\u00e4ndiger Funktionsumfang in der Demo!<\/a><\/p><\/div><div class=\"application-platform-content-item-installation application-platform-content-item\" id=\"installation\" data-nav-section=\"installation\"><h2>So f\u00fcgen Sie den Countdown-Timer zur BigCommerce-Website hinzu<\/h2><div><\/div><p>Befolgen Sie einfach die nachstehenden Anweisungen, um das Widget bei BigCommerce einzuf\u00fcgen.<\/p> <ol><li><b>Nutzen Sie unseren kostenlosen Konfigurator und beginnen Sie mit der Erstellung Ihrer eigenen App. <\/b><br> Bestimmen Sie das bevorzugte Aussehen und die Optionen des Widgets und speichern Sie die \u00c4nderungen. <\/li> <li><b>Kopieren Sie Ihren einzigartigen Code, der im speziellen Formular auf Elfsight Apps angezeigt wird. <\/b><br> Nachdem Sie Ihren pers\u00f6nlichen Countdown-Timer erstellt haben, kopieren Sie den exklusiven Code aus dem erscheinenden Popup und bewahren Sie ihn f\u00fcr die zuk\u00fcnftige Verwendung auf. <\/li> <li><b>Beginnen Sie mit der Nutzung des Widgets auf der BigCommerce-Website. <\/b><br> Geben Sie den zuvor kopierten Code auf Ihrer Website ein und speichern Sie die Korrekturen. <\/li> <li><b>Die Installation wurde erfolgreich durchgef\u00fchrt. <\/b><br> Besuchen Sie Ihre Website, um die Leistung des Tools anzuzeigen. <\/li><\/ol><p>Haben Sie Probleme beim Hinzuf\u00fcgen oder Erstellen des Plugins? Wenden Sie sich an unser Support-Center oder erkunden Sie das umfangreiche <a href=\"https:\/\/elfsight.com\/tutorials\/how-to-add-countdown-timer-to-bigcommerce\/\" target=\"_blank\" rel=\"noopener noreferrer\"> Artikel<\/a>.<\/p><div class=\"faq\" data-component=\"FAQ\"> <div class=\"faq-item\">\r\n\t\t\t\t\t<div class=\"faq-item-question\">\r\n\t\t\t\t\t\t<h3 class=\"faq-item-question-text\">Wie f\u00fcge ich ohne Programmierkenntnisse einen Countdown-Timer zu meiner BigCommerce-Website hinzu?<\/h3>\r\n\r\n\t\t\t\t\t\t<div class=\"faq-item-question-icon\"><\/div>\r\n\t\t\t\t\t<\/div>\r\n\r\n\t\t\t\t\t<div class=\"faq-item-answer\">\r\n\t\t\t\t\t\t<div class=\"faq-item-answer-text\"> <p>Elfsight bietet eine SaaS-L\u00f6sung, mit der Sie ein Countdown-Timer-Widget erstellen k\u00f6nnen \u00dcberzeugen Sie sich selbst, wie einfach der Vorgang ist: Erstellen Sie direkt im Online-Editor ein Countdown-Timer-Widget, das Sie gerne auf Ihrer BigCommerce-Website sehen w\u00fcrden. W\u00e4hlen Sie eine der vorgefertigten Vorlagen aus und passen Sie die Countdown-Timer-Einstellungen an, f\u00fcgen Sie Ihre Inhalte hinzu, \u00e4ndern Sie das Layout und das Farbschema ohne Programmierkenntnisse. Speichern Sie den Countdown-Timer und kopieren Sie seinen Installationscode, damit Sie ihn zu Ihrer BigCommerce-Website hinzuf\u00fcgen k\u00f6nnen, ohne eine kostenpflichtige Version kaufen zu m\u00fcssen. Mit unserem intuitiven Editor kann jeder Internetnutzer online ein Countdown-Timer-Widget erstellen und es einfach in seine BigCommerce-Website einbetten. Sie m\u00fcssen weder bezahlen noch Ihre Kartendaten eingeben, um auf den Service zuzugreifen. Sollten bei irgendeinem Schritt Probleme auftreten, wenden Sie sich bitte an unser technisches Support-Team.<\/p> <\/div>\r\n\t\t\t\t\t<\/div>\r\n\t\t\t\t<\/div> <\/div> <\/div>\n<iframe width=\"720\" height=\"405\" src=\"https:\/\/www.youtube.com\/embed\/l6n7KvHbBoo\" frameborder=\"0\" allowfullscreen=\"\"><\/iframe>","protected":false},"excerpt":{"rendered":"","protected":false},"author":9,"featured_media":0,"parent":578,"menu_order":0,"comment_status":"closed","ping_status":"closed","template":"templates\/template-application-platform.php","meta":{"publish_to_discourse":"","publish_post_category":"","wpdc_auto_publish_overridden":"","wpdc_topic_tags":"","wpdc_pin_topic":"","wpdc_pin_until":"","discourse_post_id":"","discourse_permalink":"","wpdc_publishing_response":"","wpdc_publishing_error":"","footnotes":""},"class_list":["post-17034","page","type-page","status-publish","hentry"],"yoast_head":"<!-- This site is optimized with the Yoast SEO plugin v25.3.1 - https:\/\/yoast.com\/wordpress\/plugins\/seo\/ -->\n<title>Die beste BigCommerce-Countdown-Timer-App f\u00fcr Websites (2025)<\/title>\n<meta name=\"description\" content=\"Installieren Sie die Countdown-Timer-App in nur wenigen Minuten auf Ihrer BigCommerce-Site. Entdecken Sie eine schnelle und einfache M\u00f6glichkeit, mit Elfsight verschiedene Website-Plugins zu erstellen.\" \/>\n<meta name=\"robots\" content=\"index, follow, max-snippet:-1, max-image-preview:large, max-video-preview:-1\" \/>\n<link rel=\"canonical\" href=\"https:\/\/elfsight.com\/de\/countdown-timer-widget\/bigcommerce\/\" \/>\n<meta property=\"og:locale\" content=\"de_DE\" \/>\n<meta property=\"og:type\" content=\"article\" \/>\n<meta property=\"og:title\" content=\"Die beste BigCommerce-Countdown-Timer-App f\u00fcr Websites (2025)\" \/>\n<meta property=\"og:description\" content=\"Installieren Sie die Countdown-Timer-App in nur wenigen Minuten auf Ihrer BigCommerce-Site. Entdecken Sie eine schnelle und einfache M\u00f6glichkeit, mit Elfsight verschiedene Website-Plugins zu erstellen.\" \/>\n<meta property=\"og:url\" content=\"https:\/\/elfsight.com\/de\/countdown-timer-widget\/bigcommerce\/\" \/>\n<meta property=\"og:site_name\" content=\"Elfsight DE\" \/>\n<meta property=\"article:modified_time\" content=\"2025-07-08T10:32:31+00:00\" \/>\n<meta name=\"twitter:card\" content=\"summary_large_image\" \/>\n<meta name=\"twitter:label1\" content=\"Gesch\u00e4tzte Lesezeit\" \/>\n\t<meta name=\"twitter:data1\" content=\"3\u00a0Minuten\" \/>\n<!-- \/ Yoast SEO plugin. -->","yoast_head_json":{"title":"Die beste BigCommerce-Countdown-Timer-App f\u00fcr Websites (2025)","description":"Installieren Sie die Countdown-Timer-App in nur wenigen Minuten auf Ihrer BigCommerce-Site. Entdecken Sie eine schnelle und einfache M\u00f6glichkeit, mit Elfsight verschiedene Website-Plugins zu erstellen.","robots":{"index":"index","follow":"follow","max-snippet":"max-snippet:-1","max-image-preview":"max-image-preview:large","max-video-preview":"max-video-preview:-1"},"canonical":"https:\/\/elfsight.com\/de\/countdown-timer-widget\/bigcommerce\/","og_locale":"de_DE","og_type":"article","og_title":"Die beste BigCommerce-Countdown-Timer-App f\u00fcr Websites (2025)","og_description":"Installieren Sie die Countdown-Timer-App in nur wenigen Minuten auf Ihrer BigCommerce-Site. Entdecken Sie eine schnelle und einfache M\u00f6glichkeit, mit Elfsight verschiedene Website-Plugins zu erstellen.","og_url":"https:\/\/elfsight.com\/de\/countdown-timer-widget\/bigcommerce\/","og_site_name":"Elfsight DE","article_modified_time":"2025-07-08T10:32:31+00:00","twitter_card":"summary_large_image","twitter_misc":{"Gesch\u00e4tzte Lesezeit":"3\u00a0Minuten"},"schema":{"@context":"https:\/\/schema.org","@graph":[{"@type":"WebPage","@id":"https:\/\/elfsight.com\/de\/countdown-timer-widget\/bigcommerce\/","url":"https:\/\/elfsight.com\/de\/countdown-timer-widget\/bigcommerce\/","name":"Die beste BigCommerce-Countdown-Timer-App f\u00fcr Websites (2025)","isPartOf":{"@id":"https:\/\/elfsight.com\/de\/#website"},"datePublished":"2024-05-03T06:34:22+00:00","dateModified":"2025-07-08T10:32:31+00:00","description":"Installieren Sie die Countdown-Timer-App in nur wenigen Minuten auf Ihrer BigCommerce-Site. Entdecken Sie eine schnelle und einfache M\u00f6glichkeit, mit Elfsight verschiedene Website-Plugins zu erstellen.","breadcrumb":{"@id":"https:\/\/elfsight.com\/de\/countdown-timer-widget\/bigcommerce\/#breadcrumb"},"inLanguage":"de","potentialAction":[{"@type":"ReadAction","target":["https:\/\/elfsight.com\/de\/countdown-timer-widget\/bigcommerce\/"]}]},{"@type":"BreadcrumbList","@id":"https:\/\/elfsight.com\/de\/countdown-timer-widget\/bigcommerce\/#breadcrumb","itemListElement":[{"@type":"ListItem","position":1,"name":"Home","item":"https:\/\/elfsight.com\/de\/"},{"@type":"ListItem","position":2,"name":"Countdown Timer","item":"https:\/\/elfsight.com\/de\/countdown-timer-widget\/"},{"@type":"ListItem","position":3,"name":"Countdown Timer &#8211; BigCommerce"}]},{"@type":"WebSite","@id":"https:\/\/elfsight.com\/de\/#website","url":"https:\/\/elfsight.com\/de\/","name":"Elfsight DE","description":"Just another Elfsight Sites site","potentialAction":[{"@type":"SearchAction","target":{"@type":"EntryPoint","urlTemplate":"https:\/\/elfsight.com\/de\/?s={search_term_string}"},"query-input":{"@type":"PropertyValueSpecification","valueRequired":true,"valueName":"search_term_string"}}],"inLanguage":"de"}]}},"meta_box":{"industry":"","seo_heading":"","heading":"","description":"","cta_heading":"","cta_description":"","application":"474","h1":"BigCommerce Countdown-Timer-App","h1_caption":"Richten Sie einen Countdown f\u00fcr wichtige Ereignisse oder Werbeaktionen ein, um Ihren Besuchern m\u00fchelos ein Gef\u00fchl der Dringlichkeit auf Ihrer BigCommerce-Website zu vermitteln.","application_category":[],"applications_title":"","applications_request_title":"","applications_request_button_text":"","hero_text":"","hero_video":"","hero_video_schema_markup":"","selling_points_title":"","selling_points_caption":"","selling_points":[],"selling_points_cta_text":"","features_title":"","features":"","ed_cta_examples_text":"","ed_cta_examples_hidden":"","ed_cta_demo_text":"","ed_cta_demo_hidden":"","why_caption":"","why_editor_title":"","why_editor_text":"","why_team_title":"","why_team_text":"","why_service_title":"","why_service_text":"","template_catalog_visible":"","template_catalog_title":"","template_catalog_text":"","template_catalog_categories_visible":"","demo_title":"Erstellen Sie Ihre Countdown-Timer-App","demo_caption":"Konfigurieren Sie Ihren Countdown-Timer und f\u00fcgen Sie ihn kostenlos zu Ihrer BigCommerce-Website hinzu!","default_faq_hidden":"","app_template_category":[],"platform":"268","template_public_id":"","codecanyon_url":"","codecanyon_item_id":"","codecanyon_price":"","pricing_caption":"","pricing_elfsight_apps_hide_column":"","pricing_elfsight_apps_url":"","pricing_codecanyon_price_caption":"","integration_category":[],"integration_request_title":"","integration_request_cta":"","integration_platform":"","integrations":[],"platform_category":[],"video_schema_markup":"","price":"ab 0 $ \/ Monat","trial":"","benefits":[{"text":"Kostenlose Installationsunterst\u00fctzung"},{"text":"Au\u00dfergew\u00f6hnlicher Support"},{"text":"14-t\u00e4gige Geld-zur\u00fcck-Garantie"},{"text":"Laufende kostenlose Verbesserungen"}],"button_url":"#demo","button_target_blank":"","button_nofollow":"","attributes":[{"name":"Installiert","content":"100,000 - 500,000"},{"name":"Reaktionsfreudig","content":"Ja"},{"name":"Kompatible Browser","content":"Firefox, Safari, Opera, Chrome, Edge"}],"tags":[],"tags_disable_links":"","hide_more_platforms":"","video_object":"","demo_hide_cta":"","demo_hide_cloud_options":"","pricing_title":"","pricing":[{"pricing_icon":"platform","pricing_title":"Elfsight Apps","pricing_title_caption":"Plattform\u00fcbergreifende digitale L\u00f6sung, die f\u00fcr jede Website geeignet ist","pricing_price":"ab 0 $ \/ Monat","pricing_price_caption":"Beginnen Sie mit einem kostenlosen Plan","pricing_benefits":[{"text":"Unbegrenzte Domains"},{"text":"Professioneller Kundensupport"},{"text":"Kostenloser Installationsservice"},{"text":"100 % anpassbar"}],"pricing_button_text":"Zur Website hinzuf\u00fcgen","pricing_button_url":"#demo"}],"related_apps_title":"","related_apps_hidden":"","author":"","image":[],"title":"","job":"","social_networks":[]},"_links":{"self":[{"href":"https:\/\/elfsight.com\/de\/wp-json\/wp\/v2\/pages\/17034","targetHints":{"allow":["GET"]}}],"collection":[{"href":"https:\/\/elfsight.com\/de\/wp-json\/wp\/v2\/pages"}],"about":[{"href":"https:\/\/elfsight.com\/de\/wp-json\/wp\/v2\/types\/page"}],"author":[{"embeddable":true,"href":"https:\/\/elfsight.com\/de\/wp-json\/wp\/v2\/users\/9"}],"replies":[{"embeddable":true,"href":"https:\/\/elfsight.com\/de\/wp-json\/wp\/v2\/comments?post=17034"}],"version-history":[{"count":2,"href":"https:\/\/elfsight.com\/de\/wp-json\/wp\/v2\/pages\/17034\/revisions"}],"predecessor-version":[{"id":21470,"href":"https:\/\/elfsight.com\/de\/wp-json\/wp\/v2\/pages\/17034\/revisions\/21470"}],"up":[{"embeddable":true,"href":"https:\/\/elfsight.com\/de\/wp-json\/wp\/v2\/pages\/578"}],"wp:attachment":[{"href":"https:\/\/elfsight.com\/de\/wp-json\/wp\/v2\/media?parent=17034"}],"curies":[{"name":"wp","href":"https:\/\/api.w.org\/{rel}","templated":true}]}}