{"id":17033,"date":"2024-05-03T06:34:21","date_gmt":"2024-05-03T06:34:21","guid":{"rendered":"https:\/\/elfsight.com\/de\/?page_id=17033"},"modified":"2024-12-20T00:50:37","modified_gmt":"2024-12-20T00:50:37","slug":"drupal","status":"publish","type":"page","link":"https:\/\/elfsight.com\/de\/countdown-timer-widget\/drupal\/","title":{"rendered":"Countdown Timer &#8211; Drupal"},"content":{"rendered":"\n<div class=\"application-platform-content-item-description application-platform-content-item\" id=\"description\" data-nav-section=\"description\">\n<h2>Beschreibung<\/h2>\n<p>Mit dem Elfsight Countdown Clock-Modul k\u00f6nnen Sie verschiedene Arten von Countdown- und Timer-Anzeigen erstellen, die Ihre Kunden zum Kauf anregen. Ein Lager- oder Verkaufs-Countdown erzeugt ein Gef\u00fchl der Knappheit und des Wettbewerbs; ein Verkaufs-Countdown motiviert K\u00e4ufer dazu, schnell zu kaufen, bevor sie ein gutes Angebot verpassen. Ein pers\u00f6nlicher Countdown wird jeden Kunden dazu anregen, ein individuelles Angebot sofort zu nutzen; Feiertagsbanner mit Sonderangeboten werden dank des thematischen Designs die Aufmerksamkeit auf sich ziehen.<\/p>\n\n<p><b>Verpassen Sie keine Ihrer Veranstaltungen und Verk\u00e4ufe und steigern Sie die K\u00e4ufe.<\/b><\/p>\n\n<p><b>Inspiriere Benutzer zum Einkaufen, indem Sie ein Gef\u00fchl der Dringlichkeit erzeugen.<\/b><br> Schaffen Sie bei Ihren Kunden die Angst, Ihr gro\u00dfartiges Angebot zu verpassen, indem Sie die Zeit bis zum Ende des Angebots herunterz\u00e4hlen lassen. Dies wird die Besucher dazu anregen, schneller zu kaufen und die Verk\u00e4ufe auf Ihrer Website zu steigern.<\/p>\n\n<p><b>Zeigen Sie den sinkenden Lagerbestand, um den Wert der Artikel zu steigern.<\/b><br> Erzeugen Sie einen Wettbewerb um Ihre Artikel, indem Sie zeigen, wie die Kaufzahlen steigen und der Lagerbestand sinkt. Der wahrgenommene Wert des Produkts wird steigen, und die Benutzer werden es auch haben wollen.<\/p>\n\n<p><b>Lenken Sie mehr Aufmerksamkeit auf Ihren Verkauf mit einer speziellen Feiertags-Timer-Leiste.<\/b><br> Mit ansprechenden thematischen Leisten k\u00f6nnen Sie Ihre saisonalen Angebote und Verk\u00e4ufe bewerben. Nutzen Sie die Feiertagszeit optimal, um die Verk\u00e4ufe auf Ihrer Website zu steigern.<\/p>\n<\/div>\n\n<div class=\"application-platform-content-item-features application-platform-content-item\" id=\"features\" data-nav-section=\"features\">\n<h2>Funktionen<\/h2>\n<p>5 Funktionen, die Elfsight Countdown zu einer unverzichtbaren L\u00f6sung f\u00fcr Drupal-Websites machen:<\/p>\n<ul>\n<li>Zwei Aktionen nach Ablauf des Timers: Timer ausblenden oder Nachricht anzeigen;<\/li>\n<li>Option, den Button-Link in einem neuen Tab zu \u00f6ffnen;<\/li>\n<li>Vier Zeiteinheiten: Tage, Stunden, Minuten, Sekunden;<\/li>\n<li>Ausrichtungsvarianten f\u00fcr benutzerdefinierte Positionen: links, rechts, zentriert;<\/li>\n<li>Reaktionsf\u00e4hige Benutzeroberfl\u00e4che mit automatischer Anpassung an die Bildschirmgr\u00f6\u00dfe.<\/li>\n<\/ul>\n<p><a href=\"#demo\">Probieren Sie alle Details aus<\/a><\/p>\n<\/div>\n\n<div class=\"application-platform-content-item-installation application-platform-content-item\" id=\"installation\" data-nav-section=\"installation\">\n<h2>Wie man einen Countdown-Timer zu einer Drupal-Website hinzuf\u00fcgt<\/h2>\n<div class=\"video-container\">\n<iframe width=\"720\" height=\"405\" src=\"https:\/\/www.youtube.com\/embed\/DQ_PODhRgU4\" frameborder=\"0\" allowfullscreen=\"\"><\/iframe>\n<\/div>\n<p>Folgen Sie einfach den untenstehenden Anweisungen, um mit dem Tool auf Drupal zu arbeiten.<\/p> \n\n<ol>\n<li><b>Starten Sie unseren kostenlosen Editor und beginnen Sie mit dem Erstellen Ihres einzigartigen Timer-Moduls.<\/b><br> \nW\u00e4hlen Sie das bevorzugte Design und die Parameter des Moduls und wenden Sie die \u00c4nderungen an.<\/li> \n <li><b>Erhalten Sie den einzigartigen Code, der im Fenster auf Elfsight Apps angezeigt wird.<\/b><br> \nSobald die Einrichtung Ihres pers\u00f6nlichen Moduls abgeschlossen ist, kopieren Sie den exklusiven Code aus dem angezeigten Popup und speichern Sie ihn f\u00fcr zuk\u00fcnftige Verwendung.<\/li> \n <li><b>Verwenden Sie das Plugin auf der Drupal-Website.<\/b><br> \nPlatzieren Sie den k\u00fcrzlich gespeicherten Code auf Ihrer Seite und wenden Sie die \u00c4nderungen an.<\/li> \n <li><b>Fertig! Die Integration wurde erfolgreich durchgef\u00fchrt.<\/b><br> \nGehen Sie auf Ihre Seite, um zu \u00fcberpr\u00fcfen, wie das Modul funktioniert.<\/li>\n<\/ol>\n<p>Haben Sie beim Verwenden des Handbuchs Fragen? Kontaktieren Sie den Elfsight-Support oder sehen Sie sich die <a href=\"https:\/\/elfsight.com\/tutorials\/how-to-add-countdown-timer-to-drupal\/\" target=\"_blank\" rel=\"noopener noreferrer\">detaillierte Anleitung<\/a> an und schlie\u00dfen Sie das Hinzuf\u00fcgen selbst ab.<\/p>\n<div class=\"faq\" data-component=\"FAQ\"> \n<div class=\"faq-item\">\r\n\t\t\t\t\t<div class=\"faq-item-question\">\r\n\t\t\t\t\t\t<h3 class=\"faq-item-question-text\">Wie f\u00fcge ich einen Countdown-Timer zu meiner Drupal-Website hinzu, ohne Programmierkenntnisse zu haben?<\/h3>\r\n\r\n\t\t\t\t\t\t<div class=\"faq-item-question-icon\"><\/div>\r\n\t\t\t\t\t<\/div>\r\n\r\n\t\t\t\t\t<div class=\"faq-item-answer\">\r\n\t\t\t\t\t\t<div class=\"faq-item-answer-text\"> \n<p>Elfsight bietet eine SaaS-L\u00f6sung, mit der Sie selbst ein Countdown-Timer-Widget erstellen k\u00f6nnen. So einfach ist der Prozess: Arbeiten Sie direkt im Online-Editor, um das Countdown-Timer-Widget zu erstellen, das Sie auf Ihrer Drupal-Website sehen m\u00f6chten. W\u00e4hlen Sie eine der vorgefertigten Vorlagen und passen Sie die Countdown-Timer-Einstellungen an, f\u00fcgen Sie Ihren Inhalt hinzu, \u00e4ndern Sie das Layout und die Farben, ohne Programmierkenntnisse zu ben\u00f6tigen. Speichern Sie den Countdown-Timer und kopieren Sie den Installationscode, den Sie einfach in Ihre Drupal-Website einf\u00fcgen k\u00f6nnen, ohne ein kostenpflichtiges Abonnement zu kaufen. Mit unserem intuitiven Editor kann jeder Internetnutzer ein Countdown-Timer-Widget online erstellen und es problemlos in seine Drupal-Website einbetten. Es ist nicht erforderlich, zu bezahlen oder Ihre Kartendaten einzugeben, um auf den Service zuzugreifen. Wenn Sie auf Probleme sto\u00dfen, k\u00f6nnen Sie sich gerne an unser Support-Team wenden.<\/p> \n<\/div>\r\n\t\t\t\t\t<\/div>\r\n\t\t\t\t<\/div>\n\n<div class=\"faq-item\">\r\n\t\t\t\t\t<div class=\"faq-item-question\">\r\n\t\t\t\t\t\t<h3 class=\"faq-item-question-text\">Wie kann ich einen Countdown-Timer im Vollbildmodus f\u00fcr meine Drupal-Website erstellen?<\/h3>\r\n\r\n\t\t\t\t\t\t<div class=\"faq-item-question-icon\"><\/div>\r\n\t\t\t\t\t<\/div>\r\n\r\n\t\t\t\t\t<div class=\"faq-item-answer\">\r\n\t\t\t\t\t\t<div class=\"faq-item-answer-text\">\n\n<p>Ja. Das Erstellen eines Countdown-Timers, der die gesamte Bildschirmbreite abdeckt, ist eine unkomplizierte Aufgabe. Das Elfsight-Widget enth\u00e4lt alles, was f\u00fcr die Erstellung erforderlich ist. Hier sind die Anweisungen:<\/p>\n<ol>\n<li>W\u00e4hlen Sie im &#8222;Timer&#8220;-Panel das Layout &#8222;An erforderlicher Position installieren&#8220;.<\/li>\n<li>Gehen Sie dann zum Tab &#8222;Erscheinungsbild&#8220; und klicken Sie auf &#8222;Gr\u00f6\u00dfen &amp; Schriftarten&#8220;.<\/li>\n<li>\u00c4ndern Sie die Timer-Gr\u00f6\u00dfe von klein auf gro\u00df.<\/li>\n<\/ol>\n<p>Falls dies nicht funktioniert, k\u00f6nnen Sie einen <a href=\"https:\/\/community.elfsight.com\/t\/reduce-width-of-embed-widget-similar-to-banner\/57467\" target=\"_blank\" rel=\"noopener\">benutzerdefinierten CSS-Code<\/a> anwenden. Aber anstatt die Breite zu verringern, erweitern Sie sie auf das Maximum!<\/p>\n\n<\/div>\r\n\t\t\t\t\t<\/div>\r\n\t\t\t\t<\/div>\n\n<div class=\"faq-item\">\r\n\t\t\t\t\t<div class=\"faq-item-question\">\r\n\t\t\t\t\t\t<h3 class=\"faq-item-question-text\">Kann ich den Countdown-Timer kostenlos auf meiner Drupal-Website verwenden?<\/h3>\r\n\r\n\t\t\t\t\t\t<div class=\"faq-item-question-icon\"><\/div>\r\n\t\t\t\t\t<\/div>\r\n\r\n\t\t\t\t\t<div class=\"faq-item-answer\">\r\n\t\t\t\t\t\t<div class=\"faq-item-answer-text\">\n\n<p>Nat\u00fcrlich. Elfsight bietet f\u00fcnf verf\u00fcgbare Abonnementstufen, darunter auch die kostenlose Variante. Mit diesem Plan k\u00f6nnen Sie alle Funktionen und Anpassungen in vollem Umfang nutzen. Sie k\u00f6nnen das kostenlose Countdown-Timer-Plugin also sofort verwenden!<\/p>\n\n<\/div>\r\n\t\t\t\t\t<\/div>\r\n\t\t\t\t<\/div> \n<\/div> \n<\/div>\n","protected":false},"excerpt":{"rendered":"","protected":false},"author":9,"featured_media":0,"parent":578,"menu_order":0,"comment_status":"closed","ping_status":"closed","template":"templates\/template-application-platform.php","meta":{"publish_to_discourse":"","publish_post_category":"","wpdc_auto_publish_overridden":"","wpdc_topic_tags":"","wpdc_pin_topic":"","wpdc_pin_until":"","discourse_post_id":"","discourse_permalink":"","wpdc_publishing_response":"","wpdc_publishing_error":"","footnotes":""},"class_list":["post-17033","page","type-page","status-publish","hentry"],"yoast_head":"<!-- This site is optimized with the Yoast SEO plugin v25.3.1 - https:\/\/yoast.com\/wordpress\/plugins\/seo\/ -->\n<title>Das beste Drupal-Countdown-Timer-Modul f\u00fcr Websites (2025)<\/title>\n<meta name=\"description\" content=\"Erstellen Sie das beste Countdown-Timer-Modul f\u00fcr Ihre Drupal-Website. Entdecken Sie unseren flexiblen Editor und erstellen Sie in nur 1 Minute ein pers\u00f6nliches Plugin.\" \/>\n<meta name=\"robots\" content=\"index, follow, max-snippet:-1, max-image-preview:large, max-video-preview:-1\" \/>\n<link rel=\"canonical\" href=\"https:\/\/elfsight.com\/de\/countdown-timer-widget\/drupal\/\" \/>\n<meta property=\"og:locale\" content=\"de_DE\" \/>\n<meta property=\"og:type\" content=\"article\" \/>\n<meta property=\"og:title\" content=\"Das beste Drupal-Countdown-Timer-Modul f\u00fcr Websites (2025)\" \/>\n<meta property=\"og:description\" content=\"Erstellen Sie das beste Countdown-Timer-Modul f\u00fcr Ihre Drupal-Website. Entdecken Sie unseren flexiblen Editor und erstellen Sie in nur 1 Minute ein pers\u00f6nliches Plugin.\" \/>\n<meta property=\"og:url\" content=\"https:\/\/elfsight.com\/de\/countdown-timer-widget\/drupal\/\" \/>\n<meta property=\"og:site_name\" content=\"Elfsight DE\" \/>\n<meta property=\"article:modified_time\" content=\"2024-12-20T00:50:37+00:00\" \/>\n<meta name=\"twitter:card\" content=\"summary_large_image\" \/>\n<meta name=\"twitter:label1\" content=\"Gesch\u00e4tzte Lesezeit\" \/>\n\t<meta name=\"twitter:data1\" content=\"5\u00a0Minuten\" \/>\n<!-- \/ Yoast SEO plugin. -->","yoast_head_json":{"title":"Das beste Drupal-Countdown-Timer-Modul f\u00fcr Websites (2025)","description":"Erstellen Sie das beste Countdown-Timer-Modul f\u00fcr Ihre Drupal-Website. Entdecken Sie unseren flexiblen Editor und erstellen Sie in nur 1 Minute ein pers\u00f6nliches Plugin.","robots":{"index":"index","follow":"follow","max-snippet":"max-snippet:-1","max-image-preview":"max-image-preview:large","max-video-preview":"max-video-preview:-1"},"canonical":"https:\/\/elfsight.com\/de\/countdown-timer-widget\/drupal\/","og_locale":"de_DE","og_type":"article","og_title":"Das beste Drupal-Countdown-Timer-Modul f\u00fcr Websites (2025)","og_description":"Erstellen Sie das beste Countdown-Timer-Modul f\u00fcr Ihre Drupal-Website. Entdecken Sie unseren flexiblen Editor und erstellen Sie in nur 1 Minute ein pers\u00f6nliches Plugin.","og_url":"https:\/\/elfsight.com\/de\/countdown-timer-widget\/drupal\/","og_site_name":"Elfsight DE","article_modified_time":"2024-12-20T00:50:37+00:00","twitter_card":"summary_large_image","twitter_misc":{"Gesch\u00e4tzte Lesezeit":"5\u00a0Minuten"},"schema":{"@context":"https:\/\/schema.org","@graph":[{"@type":"WebPage","@id":"https:\/\/elfsight.com\/de\/countdown-timer-widget\/drupal\/","url":"https:\/\/elfsight.com\/de\/countdown-timer-widget\/drupal\/","name":"Das beste Drupal-Countdown-Timer-Modul f\u00fcr Websites (2025)","isPartOf":{"@id":"https:\/\/elfsight.com\/de\/#website"},"datePublished":"2024-05-03T06:34:21+00:00","dateModified":"2024-12-20T00:50:37+00:00","description":"Erstellen Sie das beste Countdown-Timer-Modul f\u00fcr Ihre Drupal-Website. Entdecken Sie unseren flexiblen Editor und erstellen Sie in nur 1 Minute ein pers\u00f6nliches Plugin.","breadcrumb":{"@id":"https:\/\/elfsight.com\/de\/countdown-timer-widget\/drupal\/#breadcrumb"},"inLanguage":"de","potentialAction":[{"@type":"ReadAction","target":["https:\/\/elfsight.com\/de\/countdown-timer-widget\/drupal\/"]}]},{"@type":"BreadcrumbList","@id":"https:\/\/elfsight.com\/de\/countdown-timer-widget\/drupal\/#breadcrumb","itemListElement":[{"@type":"ListItem","position":1,"name":"Home","item":"https:\/\/elfsight.com\/de\/"},{"@type":"ListItem","position":2,"name":"Countdown Timer","item":"https:\/\/elfsight.com\/de\/countdown-timer-widget\/"},{"@type":"ListItem","position":3,"name":"Countdown Timer &#8211; Drupal"}]},{"@type":"WebSite","@id":"https:\/\/elfsight.com\/de\/#website","url":"https:\/\/elfsight.com\/de\/","name":"Elfsight DE","description":"Just another Elfsight Sites site","potentialAction":[{"@type":"SearchAction","target":{"@type":"EntryPoint","urlTemplate":"https:\/\/elfsight.com\/de\/?s={search_term_string}"},"query-input":{"@type":"PropertyValueSpecification","valueRequired":true,"valueName":"search_term_string"}}],"inLanguage":"de"}]}},"meta_box":{"industry":"","seo_heading":"","heading":"","description":"","cta_heading":"","cta_description":"","application":"474","h1":"Drupal Countdown-Timer-Modul","h1_caption":"Richten Sie einen Countdown f\u00fcr wichtige Ereignisse oder Werbeaktionen ein, um Ihren Besuchern auf Ihrer Drupal-Website m\u00fchelos ein Gef\u00fchl der Dringlichkeit zu vermitteln.","application_category":[],"applications_title":"","applications_request_title":"","applications_request_button_text":"","hero_text":"","hero_video":"","hero_video_schema_markup":"","selling_points_title":"","selling_points_caption":"","selling_points":[],"selling_points_cta_text":"","features_title":"","features":"","ed_cta_examples_text":"","ed_cta_examples_hidden":"","ed_cta_demo_text":"","ed_cta_demo_hidden":"","why_caption":"","why_editor_title":"","why_editor_text":"","why_team_title":"","why_team_text":"","why_service_title":"","why_service_text":"","template_catalog_visible":"0","template_catalog_title":"","template_catalog_text":"","template_catalog_categories_visible":"","demo_title":"Erstellen Sie Ihr Countdown-Timer-Modul","demo_caption":"Konfigurieren Sie Ihren Countdown-Timer und f\u00fcgen Sie ihn kostenlos Ihrer Drupal-Website hinzu!","default_faq_hidden":"","app_template_category":[],"platform":"261","template_public_id":"","codecanyon_url":"","codecanyon_item_id":"","codecanyon_price":"","pricing_caption":"","pricing_elfsight_apps_hide_column":"","pricing_elfsight_apps_url":"","pricing_codecanyon_price_caption":"","integration_category":[],"integration_request_title":"","integration_request_cta":"","integration_platform":"","integrations":[],"platform_category":[],"video_schema_markup":"","price":"ab 0 $ \/ Monat","trial":"","benefits":[{"text":"Kostenloser Installationsservice"},{"text":"Erfahrener Kundensupport"},{"text":"14-t\u00e4gige R\u00fcckerstattungsgarantie"},{"text":"Kontinuierliche Verbesserungen"}],"button_url":"#demo","button_target_blank":"0","button_nofollow":"0","attributes":[{"name":"Installiert","content":"100,000 - 500,000"},{"name":"Reaktionsfreudig","content":"Ja"},{"name":"Kompatible Browser","content":"Firefox, Safari, Opera, Chrome, Edge"}],"tags":[],"tags_disable_links":"0","hide_more_platforms":"","video_object":"","demo_hide_cta":"0","demo_hide_cloud_options":"0","pricing_title":"","pricing":[{"pricing_icon":"platform","pricing_title":"Elfsight Apps","pricing_title_caption":"Plattform\u00fcbergreifende L\u00f6sung","pricing_price":"ab 0 $ \/ Monat","pricing_price_caption":"Beginnen Sie mit einem kostenlosen Plan","pricing_benefits":[{"text":"Unbegrenzte Websites"},{"text":"Professionelle Unterst\u00fctzung"},{"text":"Kostenlose Installationshilfe"},{"text":"Sonderangebot f\u00fcr mehrere Apps"}],"pricing_button_text":"Zur Website hinzuf\u00fcgen","pricing_button_url":"#demo"}],"related_apps_title":"","related_apps_hidden":"0","author":"","image":[],"title":"","job":"","social_networks":[]},"_links":{"self":[{"href":"https:\/\/elfsight.com\/de\/wp-json\/wp\/v2\/pages\/17033","targetHints":{"allow":["GET"]}}],"collection":[{"href":"https:\/\/elfsight.com\/de\/wp-json\/wp\/v2\/pages"}],"about":[{"href":"https:\/\/elfsight.com\/de\/wp-json\/wp\/v2\/types\/page"}],"author":[{"embeddable":true,"href":"https:\/\/elfsight.com\/de\/wp-json\/wp\/v2\/users\/9"}],"replies":[{"embeddable":true,"href":"https:\/\/elfsight.com\/de\/wp-json\/wp\/v2\/comments?post=17033"}],"version-history":[{"count":3,"href":"https:\/\/elfsight.com\/de\/wp-json\/wp\/v2\/pages\/17033\/revisions"}],"predecessor-version":[{"id":23391,"href":"https:\/\/elfsight.com\/de\/wp-json\/wp\/v2\/pages\/17033\/revisions\/23391"}],"up":[{"embeddable":true,"href":"https:\/\/elfsight.com\/de\/wp-json\/wp\/v2\/pages\/578"}],"wp:attachment":[{"href":"https:\/\/elfsight.com\/de\/wp-json\/wp\/v2\/media?parent=17033"}],"curies":[{"name":"wp","href":"https:\/\/api.w.org\/{rel}","templated":true}]}}