{"id":17032,"date":"2024-05-03T06:34:20","date_gmt":"2024-05-03T06:34:20","guid":{"rendered":"https:\/\/elfsight.com\/de\/?page_id=17032"},"modified":"2024-11-08T09:17:23","modified_gmt":"2024-11-08T09:17:23","slug":"html","status":"publish","type":"page","link":"https:\/\/elfsight.com\/de\/countdown-timer-widget\/html\/","title":{"rendered":"Countdown Timer &#8211; HTML"},"content":{"rendered":"<div class=\"application-platform-content-item-description application-platform-content-item\" id=\"description\" data-nav-section=\"description\"><h2>Beschreibung<\/h2><p>Verwenden Sie den Elfsight Countdown Clock-Generator, um beliebige Z\u00e4hlungen und Timer festzulegen, die Besucher zum Kauf auf Ihrem inspirieren Webseite. Die Bestands- oder Verkaufsz\u00e4hlung vermittelt ein Gef\u00fchl von Knappheit und Konkurrenz. Der Sale-Countdown beschleunigt den Kaufprozess Ihrer Kunden, bevor sie ein lukratives Angebot verpassen. Ein individueller Countdown wird jede Person dazu ermutigen, ein pers\u00f6nliches Angebot schneller zu nutzen; Feiertagsbars werden dank thematischer Dekoration die Aufmerksamkeit auf sich ziehen.<\/p><p><b>Steigern Sie Ihre Website-Verk\u00e4ufe mit Timern und Z\u00e4hlungen zur Dringlichkeitsbildung.<\/b><\/p><p><b>Regen Sie K\u00e4ufer zum Kauf an indem man ein Gef\u00fchl der Dringlichkeit vermittelt. <\/b><br>Zeigen Sie Countdown-Timer an, die die verbleibende Zeit bis zum Ende Ihres Verkaufszeitraums oder Sonderangebots anzeigen. Sie erzeugen ein Gef\u00fchl der Dringlichkeit und dr\u00e4ngen Benutzer dazu, schneller eine Kaufentscheidung zu treffen.<\/p><p><b>Demonstrieren Sie die Reduzierung des Lagerbestands, um den Wert der Artikel zu steigern. <\/b><br>Erzeugen Sie ein Gef\u00fchl der Konkurrenz f\u00fcr Ihre Waren, indem Sie zeigen, wie die Zahl der Verk\u00e4ufe steigt und der Lagerbestand sinkt. Der Wert des Artikels wird steigen und die K\u00e4ufer werden auch einen Artikel erwerben wollen.<\/p><p><b>Machen Sie mehr Aufmerksamkeit auf Ihre Verk\u00e4ufe, indem Sie eine auff\u00e4llige Timer-Leiste im Feiertagsstil verwenden.<\/b><br>Demonstrieren Sie Attraktive Themen-Verkaufsbar f\u00fcr Feiertage und besondere Anl\u00e4sse. Es spiegelt die Weihnachtsstimmung wider und f\u00f6rdert Ihre Sonderangebote, damit Sie in einer profitablen Saison mehr verkaufen k\u00f6nnen.<\/p><\/div><div class=\"application-platform-content-item-features application-platform-content-item\" id=\"features\" data-nav-section=\"features\"><h2>Funktionen<\/h2><p>Eine Menge Eigenschaften, die unseren Countdown-Code zum wichtigsten Widget f\u00fcr jede HTML-Website machen.<\/p><ul><li>Option zum Festlegen von Start- und Enddatum und -uhrzeit;<\/li><li>Option zum Anzeigen einer Nachricht vor dem Timer ;<\/li><li>Bearbeitbarer Text der Timer-Endmeldung;<\/li><li>Vier Positionsvarianten: statisch oben, schwebend oben oder unten und benutzerdefinierte Position;<\/li><li>Anpassbare Gr\u00f6\u00dfen von Timer und Schaltfl\u00e4che.<\/li><\/ul><a href=\"#demo\">Probieren Sie die vollst\u00e4ndige Liste der Vorteile in unserem kostenlosen Editor aus<\/a><\/div><div class=\"application-platform-content-item-installation application-platform-content-item\" id=\"installation\" data-nav-section=\"installation\"><h2>Anleitung Countdown-Uhr oder Timer in HTML-Website einbetten<\/h2><div class=\"video-container\"><iframe width=\"720\" height=\"405\" src=\"https:\/\/www.youtube.com\/embed\/9zOVr8oPok0\" frameborder=\"0\" allowfullscreen=\"\"><\/iframe><\/div><p>Wenn Sie Ihr Widget erstellen, erhalten Sie den Countdown-Code f\u00fcr jede Website. Dieser HTML-Code l\u00e4sst sich einfach abrufen und an der gew\u00fcnschten Stelle einbetten. Sie k\u00f6nnen einfach in der Demo starten, alles an Ihre Website-Ziele anpassen und den HTML-Code zum Einbetten erhalten. Um die Einbettung des Widgets auf Ihrer Website durchzuf\u00fchren, ben\u00f6tigen Sie weder Programmierkenntnisse noch viel Zeit. Nur 3 unkomplizierte Schritte und 3 Minuten.<\/p><ol><li><b>Gestalten Sie Ihren individuellen Countdown-Timer<\/b>.<br> Gestalten Sie mit unserem kostenlosen Konfigurator ein Plugin mit dem gew\u00fcnschten Aussehen und den gew\u00fcnschten Einstellungen.<\/li><li><b>Kopieren Sie den Code zum Einbetten des Plugins<\/b>.<br> Nach der Widget-Erstellung erhalten Sie den Code f\u00fcr das Countdown-Widget aus der angezeigten Benachrichtigung auf Elfsight Apps.<\/li><li><b>F\u00fcgen Sie das Widget auf der HTML-Seite hinzu.<\/b>.<br> \u00d6ffnen Sie den Seitencode im HTML-Editor, f\u00fcgen Sie das Widget in einen erforderlichen Bereich (Inhalt, Fu\u00dfzeile, Seitenleiste usw.) ein und \u00fcbernehmen Sie die \u00c4nderungen.<\/li><li><b>Sie sind fertig!<\/b><br> \u00d6ffnen Sie Ihre Website, um Ihr Plugin zu sehen.<\/li><\/ol><p>Das ist ein sehr schneller Vorgang, den jeder Benutzer bew\u00e4ltigen kann. Es sind keine Programmierkenntnisse erforderlich, um ein benutzerdefiniertes Widget zu erstellen und auf Ihrer Website zu platzieren. Dar\u00fcber hinaus gibt es viele praktische Funktionen, die zu Ihrem Erlebnis und dem Erlebnis Ihrer Website-Besucher beitragen. F\u00e4llt es Ihnen schwer, die Countdown-Uhr auf einer Website zu gestalten oder hinzuzuf\u00fcgen? Wenden Sie sich an unser Hilfeteam oder lesen Sie unsere <a href=\"https:\/\/elfsight.com\/tutorials\/how-to-add-countdown-timer-to-html-website\/\" target=\"_blank\" rel=\"noopener noreferrer\">Anleitung zum Hinzuf\u00fcgen von HTML-Countdowns zu Websites<\/a>. Wir unterst\u00fctzen Sie bei der Einbettung Ihres pers\u00f6nlichen Widgets in eine gew\u00fcnschte Seite Ihrer Website.<\/p><\/div><div class=\"faq\" data-component=\"FAQ\"><div class=\"faq-item\">\r\n\t\t\t\t\t<div class=\"faq-item-question\">\r\n\t\t\t\t\t\t<h3 class=\"faq-item-question-text\">Die besten Anwendungsbeispiele f\u00fcr Countdown Clock Integration<\/h3>\r\n\r\n\t\t\t\t\t\t<div class=\"faq-item-question-icon\"><\/div>\r\n\t\t\t\t\t<\/div>\r\n\r\n\t\t\t\t\t<div class=\"faq-item-answer\">\r\n\t\t\t\t\t\t<div class=\"faq-item-answer-text\"><p>Wir haben eine Vielzahl von Personalisierungsm\u00f6glichkeiten: Widgets in voller L\u00e4nge zur Implementierung in den Inhaltsbereich, schwebende Widgets f\u00fcr die Scrollfunktion, Layouts f\u00fcr die Fu\u00dfzeile, den Kopfbereich und alle Variationen vertikaler M\u00f6glichkeiten f\u00fcr Website-Seitenleisten und Men\u00fcs. <\/p><\/div>\r\n\t\t\t\t\t<\/div>\r\n\t\t\t\t<\/div><div class=\"faq-item\">\r\n\t\t\t\t\t<div class=\"faq-item-question\">\r\n\t\t\t\t\t\t<h3 class=\"faq-item-question-text\">Wie erstelle ich mit Hilfe des Herausgebers einen Stock- oder Fame-Z\u00e4hler?<\/h3>\r\n\r\n\t\t\t\t\t\t<div class=\"faq-item-question-icon\"><\/div>\r\n\t\t\t\t\t<\/div>\r\n\r\n\t\t\t\t\t<div class=\"faq-item-answer\">\r\n\t\t\t\t\t\t<div class=\"faq-item-answer-text\"><p>Sie k\u00f6nnen gerne alle Variationen jedes Widgets erstellen. Im Editor stehen zahlreiche Layouts zur Verf\u00fcgung, die alle schnell nach Ihren W\u00fcnschen personalisiert werden k\u00f6nnen. <\/p><\/div>\r\n\t\t\t\t\t<\/div>\r\n\t\t\t\t<\/div><\/div>","protected":false},"excerpt":{"rendered":"","protected":false},"author":9,"featured_media":0,"parent":578,"menu_order":0,"comment_status":"closed","ping_status":"closed","template":"templates\/template-application-platform.php","meta":{"publish_to_discourse":"","publish_post_category":"","wpdc_auto_publish_overridden":"","wpdc_topic_tags":"","wpdc_pin_topic":"","wpdc_pin_until":"","discourse_post_id":"","discourse_permalink":"","wpdc_publishing_response":"","wpdc_publishing_error":"","footnotes":""},"class_list":["post-17032","page","type-page","status-publish","hentry"],"yoast_head":"<!-- This site is optimized with the Yoast SEO plugin v25.3.1 - https:\/\/yoast.com\/wordpress\/plugins\/seo\/ -->\n<title>HTML-Countdown-Timer-Widget \u2013 Countdown-Timer zur HTML-Website hinzuf\u00fcgen [2026]<\/title>\n<meta name=\"description\" content=\"Erfahren Sie, wie Sie kostenlos ein Timer-Widget in HTML erstellen. Erstellen Sie einen einfachen HTML-Countdown-Timer, um den Produktverkauf auf Ihrer Website dringlicher zu gestalten.\" \/>\n<meta name=\"robots\" content=\"index, follow, max-snippet:-1, max-image-preview:large, max-video-preview:-1\" \/>\n<link rel=\"canonical\" href=\"https:\/\/elfsight.com\/de\/countdown-timer-widget\/html\/\" \/>\n<meta property=\"og:locale\" content=\"de_DE\" \/>\n<meta property=\"og:type\" content=\"article\" \/>\n<meta property=\"og:title\" content=\"HTML-Countdown-Timer-Widget \u2013 Countdown-Timer zur HTML-Website hinzuf\u00fcgen [2026]\" \/>\n<meta property=\"og:description\" content=\"Erfahren Sie, wie Sie kostenlos ein Timer-Widget in HTML erstellen. Erstellen Sie einen einfachen HTML-Countdown-Timer, um den Produktverkauf auf Ihrer Website dringlicher zu gestalten.\" \/>\n<meta property=\"og:url\" content=\"https:\/\/elfsight.com\/de\/countdown-timer-widget\/html\/\" \/>\n<meta property=\"og:site_name\" content=\"Elfsight DE\" \/>\n<meta property=\"article:modified_time\" content=\"2024-11-08T09:17:23+00:00\" \/>\n<meta name=\"twitter:card\" content=\"summary_large_image\" \/>\n<meta name=\"twitter:label1\" content=\"Gesch\u00e4tzte Lesezeit\" \/>\n\t<meta name=\"twitter:data1\" content=\"4\u00a0Minuten\" \/>\n<!-- \/ Yoast SEO plugin. -->","yoast_head_json":{"title":"HTML-Countdown-Timer-Widget \u2013 Countdown-Timer zur HTML-Website hinzuf\u00fcgen [2026]","description":"Erfahren Sie, wie Sie kostenlos ein Timer-Widget in HTML erstellen. Erstellen Sie einen einfachen HTML-Countdown-Timer, um den Produktverkauf auf Ihrer Website dringlicher zu gestalten.","robots":{"index":"index","follow":"follow","max-snippet":"max-snippet:-1","max-image-preview":"max-image-preview:large","max-video-preview":"max-video-preview:-1"},"canonical":"https:\/\/elfsight.com\/de\/countdown-timer-widget\/html\/","og_locale":"de_DE","og_type":"article","og_title":"HTML-Countdown-Timer-Widget \u2013 Countdown-Timer zur HTML-Website hinzuf\u00fcgen [2026]","og_description":"Erfahren Sie, wie Sie kostenlos ein Timer-Widget in HTML erstellen. Erstellen Sie einen einfachen HTML-Countdown-Timer, um den Produktverkauf auf Ihrer Website dringlicher zu gestalten.","og_url":"https:\/\/elfsight.com\/de\/countdown-timer-widget\/html\/","og_site_name":"Elfsight DE","article_modified_time":"2024-11-08T09:17:23+00:00","twitter_card":"summary_large_image","twitter_misc":{"Gesch\u00e4tzte Lesezeit":"4\u00a0Minuten"},"schema":{"@context":"https:\/\/schema.org","@graph":[{"@type":"WebPage","@id":"https:\/\/elfsight.com\/de\/countdown-timer-widget\/html\/","url":"https:\/\/elfsight.com\/de\/countdown-timer-widget\/html\/","name":"HTML-Countdown-Timer-Widget \u2013 Countdown-Timer zur HTML-Website hinzuf\u00fcgen [2026]","isPartOf":{"@id":"https:\/\/elfsight.com\/de\/#website"},"datePublished":"2024-05-03T06:34:20+00:00","dateModified":"2024-11-08T09:17:23+00:00","description":"Erfahren Sie, wie Sie kostenlos ein Timer-Widget in HTML erstellen. Erstellen Sie einen einfachen HTML-Countdown-Timer, um den Produktverkauf auf Ihrer Website dringlicher zu gestalten.","breadcrumb":{"@id":"https:\/\/elfsight.com\/de\/countdown-timer-widget\/html\/#breadcrumb"},"inLanguage":"de","potentialAction":[{"@type":"ReadAction","target":["https:\/\/elfsight.com\/de\/countdown-timer-widget\/html\/"]}]},{"@type":"BreadcrumbList","@id":"https:\/\/elfsight.com\/de\/countdown-timer-widget\/html\/#breadcrumb","itemListElement":[{"@type":"ListItem","position":1,"name":"Home","item":"https:\/\/elfsight.com\/de\/"},{"@type":"ListItem","position":2,"name":"Countdown Timer","item":"https:\/\/elfsight.com\/de\/countdown-timer-widget\/"},{"@type":"ListItem","position":3,"name":"Countdown Timer &#8211; HTML"}]},{"@type":"WebSite","@id":"https:\/\/elfsight.com\/de\/#website","url":"https:\/\/elfsight.com\/de\/","name":"Elfsight DE","description":"Just another Elfsight Sites site","potentialAction":[{"@type":"SearchAction","target":{"@type":"EntryPoint","urlTemplate":"https:\/\/elfsight.com\/de\/?s={search_term_string}"},"query-input":{"@type":"PropertyValueSpecification","valueRequired":true,"valueName":"search_term_string"}}],"inLanguage":"de"}]}},"meta_box":{"industry":"","seo_heading":"","heading":"","description":"","cta_heading":"","cta_description":"","application":"474","h1":"HTML-Countdown-Timer-Widget","h1_caption":"Richten Sie einen Countdown f\u00fcr wichtige Ereignisse oder Werbeaktionen ein, um Ihren Besuchern m\u00fchelos ein Gef\u00fchl der Dringlichkeit auf Ihrer HTML-Website zu vermitteln.","application_category":[],"applications_title":"","applications_request_title":"","applications_request_button_text":"","hero_text":"","hero_video":"","hero_video_schema_markup":"","selling_points_title":"","selling_points_caption":"","selling_points":[],"selling_points_cta_text":"","features_title":"","features":"","ed_cta_examples_text":"","ed_cta_examples_hidden":"","ed_cta_demo_text":"","ed_cta_demo_hidden":"","why_caption":"","why_editor_title":"","why_editor_text":"","why_team_title":"","why_team_text":"","why_service_title":"","why_service_text":"","template_catalog_visible":"0","template_catalog_title":"","template_catalog_text":"","template_catalog_categories_visible":"","demo_title":"Erstellen Sie Ihr Countdown-Timer-Widget","demo_caption":"Konfigurieren Sie Ihren Countdown-Timer und f\u00fcgen Sie ihn kostenlos zu Ihrer HTML-Website hinzu!","default_faq_hidden":"","app_template_category":[],"platform":"260","template_public_id":"","codecanyon_url":"","codecanyon_item_id":"","codecanyon_price":"","pricing_caption":"","pricing_elfsight_apps_hide_column":"","pricing_elfsight_apps_url":"","pricing_codecanyon_price_caption":"","integration_category":[],"integration_request_title":"","integration_request_cta":"","integration_platform":"","integrations":[],"platform_category":[],"video_schema_markup":"","price":"ab 0 $ \/ Monat","trial":"","benefits":[{"text":"Kostenlose Installationshilfe"},{"text":"Erfahrener Kundensupport"},{"text":"14-t\u00e4gige Geld-zur\u00fcck-Garantie"},{"text":"Zuk\u00fcnftige kostenlose Verbesserungen"}],"button_url":"#demo","button_target_blank":"0","button_nofollow":"0","attributes":[{"name":"Installiert","content":"100,000 - 500,000"},{"name":"Reaktionsfreudig","content":"Ja"},{"name":"Kompatible Browser","content":"Firefox, Safari, Opera, Chrome, Edge"}],"tags":[],"tags_disable_links":"0","hide_more_platforms":"","video_object":"","demo_hide_cta":"0","demo_hide_cloud_options":"0","pricing_title":"","pricing":[{"pricing_icon":"platform","pricing_title":"Elfsight Apps","pricing_title_caption":"Plattformunabh\u00e4ngige digitale L\u00f6sung, die auf jeder Website funktioniert","pricing_price":"ab 0 $ \/ Monat","pricing_price_caption":"Beginnen Sie mit einem kostenlosen Plan","pricing_benefits":[{"text":"Unbegrenzte Domains"},{"text":"Professionelle Unternehmensunterst\u00fctzung und gut dokumentiert"},{"text":"Kostenlose Installationsunterst\u00fctzung"},{"text":"Zeitlich begrenztes Angebot f\u00fcr mehrere Apps"}],"pricing_button_text":"Zur Website hinzuf\u00fcgen","pricing_button_url":"#demo"}],"related_apps_title":"","related_apps_hidden":"0","author":"","image":[],"title":"","job":"","social_networks":[]},"_links":{"self":[{"href":"https:\/\/elfsight.com\/de\/wp-json\/wp\/v2\/pages\/17032","targetHints":{"allow":["GET"]}}],"collection":[{"href":"https:\/\/elfsight.com\/de\/wp-json\/wp\/v2\/pages"}],"about":[{"href":"https:\/\/elfsight.com\/de\/wp-json\/wp\/v2\/types\/page"}],"author":[{"embeddable":true,"href":"https:\/\/elfsight.com\/de\/wp-json\/wp\/v2\/users\/9"}],"replies":[{"embeddable":true,"href":"https:\/\/elfsight.com\/de\/wp-json\/wp\/v2\/comments?post=17032"}],"version-history":[{"count":3,"href":"https:\/\/elfsight.com\/de\/wp-json\/wp\/v2\/pages\/17032\/revisions"}],"predecessor-version":[{"id":22416,"href":"https:\/\/elfsight.com\/de\/wp-json\/wp\/v2\/pages\/17032\/revisions\/22416"}],"up":[{"embeddable":true,"href":"https:\/\/elfsight.com\/de\/wp-json\/wp\/v2\/pages\/578"}],"wp:attachment":[{"href":"https:\/\/elfsight.com\/de\/wp-json\/wp\/v2\/media?parent=17032"}],"curies":[{"name":"wp","href":"https:\/\/api.w.org\/{rel}","templated":true}]}}