{"id":17031,"date":"2024-05-03T06:34:19","date_gmt":"2024-05-03T06:34:19","guid":{"rendered":"https:\/\/elfsight.com\/de\/?page_id=17031"},"modified":"2025-07-08T10:33:22","modified_gmt":"2025-07-08T10:33:22","slug":"webnode","status":"publish","type":"page","link":"https:\/\/elfsight.com\/de\/countdown-timer-widget\/webnode\/","title":{"rendered":"Countdown Timer &#8211; Webnode"},"content":{"rendered":"<div class=\"application-platform-content-item-description application-platform-content-item\" id=\"description\" data-nav-section=\"description\"><h2>Beschreibung<\/h2><p>Zeigen Sie umsatzsteigernde Countdowns f\u00fcr Ihre Website mit dem Elfsight Countdown Timer an. Sch\u00fcren Sie die Atmosph\u00e4re und erzeugen Sie ein Gef\u00fchl der Unterversorgung Ihrer Angebote, indem Sie direkt vor den Augen der Besucher zeigen, wie schnell diese ausverkauft sind. \u00dcberzeugen Sie die Benutzer davon, dass sie sofort mit dem Kauf beginnen m\u00fcssen, und zwar bis zum Ende eines Sonderangebotszeitraums. Machen Sie mit Hilfe eines Themen-Countdowns auf Ihre zuk\u00fcnftigen Events oder Feiertage aufmerksam und sorgen Sie daf\u00fcr, dass Ihre Nutzer sehns\u00fcchtig darauf warten.<\/p><p><b>Erh\u00f6hen Sie die Kauflust und regen Sie Nutzer dazu an, mehr einzukaufen. <\/b><\/p><p><b>Spornen Sie Ihr Publikum zum Kauf an, indem Sie ein Gef\u00fchl der Dringlichkeit erzeugen.<\/b><br> Wecken Sie bei Ihren K\u00e4ufern das Gef\u00fchl, dass sie bef\u00fcrchten, Ihre Zeit mit den niedrigen Preisen zu verlieren, w\u00e4hrend die Zeit abl\u00e4uft bis zum Ende davon. Das sorgt daf\u00fcr, dass sie schneller kaufen und die Verk\u00e4ufe auf Ihrer Website steigern.<\/p><p><b>Zeigen Sie, dass der Lagerbestand abnimmt, um den wahrgenommenen Wert der Artikel zu steigern.<\/b><br> Zeigen Sie, dass Ihre Artikel super ankommen Kuchen, unter Verwendung einer speziellen Vorratsz\u00e4hlung. Dies steigert den Wert der Waren bei den Besuchern und erh\u00f6ht die Kaufbereitschaft.<\/p><p><b>Machen Sie mit einer auff\u00e4lligen Countdown-Leiste zum Thema Feiertage mehr Aufmerksamkeit auf einen Verkaufszeitraum.<\/b><br> Platzieren Sie an Feiertagen thematische Sale-Bars und pr\u00e4sentieren Sie Ihre saisonalen Angebote und Ausverk\u00e4ufe im gro\u00dfen Stil. Verpassen Sie nicht die Zeit des Geschenkekaufs und nutzen Sie sie voll aus, um den Umsatz auf Ihrer Website zu steigern.<\/p><\/div><div class=\"application-platform-content-item-features application-platform-content-item\" id=\"features\" data-nav-section=\"features\"><h2>Funktionen<\/h2><p>A Eine Reihe von Vorteilen, die das Elfsight-Widget in ein unverzichtbares Plugin f\u00fcr alle Webnode-Websites verwandeln.<\/p><ul><li>Drei Arten von Timern: Start-Ende, verbleibende Zeit pro Besucher, Start-Ende Anzahl z\u00e4hlen;<\/li><li>Option zum Erstellen einer Schaltfl\u00e4che unterhalb des Timers;<\/li><li>Option zum Ausschalten jeder Zeiteinheit;<\/li><li>Option zum \u00c4ndern der Farbe des Timers und der Schaltfl\u00e4che , Beschriftungen und Botschaft;<\/li><li>Klares Design, das eine nahtlose Integration in jedes Website-Konzept gew\u00e4hrleistet.<\/li><\/ul><p><a href=\"#demo\">Lesen Sie es mit der vollst\u00e4ndigen Liste der Merkmale in der Demo<\/a><\/p><\/div><div class=\"application-platform-content-item-installation application-platform-content-item\" id=\"installation\" data-nav-section=\"installation\"><h2>So f\u00fcgen Sie einen Countdown-Timer zu einer Webnode-Website hinzu<\/h2><p>Schauen Sie sich diese kurze Anleitung zur Integration an Sie k\u00f6nnen das Widget ohne Entwicklungskenntnisse in Ihre Website integrieren. Die Durchf\u00fchrung des Tutorials dauert weniger als 1 Minute.<\/p><ol><li><b>Erstellen Sie Ihren eigenen Countdown-Timer<\/b>.<br> Gestalten Sie mit unserem kostenlosen Editor ein Plugin mit Ihren W\u00fcnschen Layout und Einstellungen.<\/li><li><b>Kopieren Sie den Code zum Anzeigen des Plugins<\/b>.<br> Nach der Widget-Konfiguration erhalten Sie den Code f\u00fcr das Countdown-Plugin aus der erscheinenden Benachrichtigung auf Elfsight Apps.<\/li><li><b>Ver\u00f6ffentlichen Sie das Plugin auf Ihrer Webnode-Site<\/b>.<br> F\u00fcgen Sie das Plugin an einer ausgew\u00e4hlten Stelle der Seite ein und speichern Sie die \u00c4nderungen.<\/li><li><b>Fertig!<\/b>.<br> Betreten Sie Ihre Website, um zu sehen, wie Ihr Countdown-Timer funktioniert.<\/li><\/ol><p>Sind Sie beim Anzeigen oder Erstellen des Plugins auf Schwierigkeiten gesto\u00dfen? Studieren Sie ein <a href=\"https:\/\/elfsight.com\/tutorials\/how-to-add-countdown-timer-to-webnode-website\/\" target=\"_blank\" rel=\"noopener noreferrer\">detailliertes Tutorial<\/a> Informationen zur Verwendung des Plugins f\u00fcr Webnode oder wenden Sie sich an unser Support-Center.<\/p><div class=\"faq\" data-component=\"FAQ\"> <div class=\"faq-item\">\r\n\t\t\t\t\t<div class=\"faq-item-question\">\r\n\t\t\t\t\t\t<h3 class=\"faq-item-question-text\">Wie kann ich ohne Programmierkenntnisse einen Countdown-Timer zu meiner Webnode-Website hinzuf\u00fcgen?<\/h3>\r\n\r\n\t\t\t\t\t\t<div class=\"faq-item-question-icon\"><\/div>\r\n\t\t\t\t\t<\/div>\r\n\r\n\t\t\t\t\t<div class=\"faq-item-answer\">\r\n\t\t\t\t\t\t<div class=\"faq-item-answer-text\"> <p>Elfsight bietet eine SaaS-L\u00f6sung Sehen Sie, wie einfach der Vorgang ist: Arbeiten Sie direkt im Online-Editor, um ein Countdown-Timer-Widget zu erstellen, das Sie gerne auf Ihrer Webnode-Website sehen w\u00fcrden. W\u00e4hlen Sie eine der vorgefertigten Vorlagen aus und passen Sie die Countdown-Timer-Einstellungen an, f\u00fcgen Sie Ihre Inhalte hinzu, \u00e4ndern Sie das Layout und das Farbschema ohne Programmierkenntnisse. Speichern Sie den Countdown-Timer und kopieren Sie seinen Installationscode, den Sie problemlos in Ihre Webnode-Website integrieren k\u00f6nnen, ohne ein kostenpflichtiges Abonnement kaufen zu m\u00fcssen. Mit unserem intuitiven Editor kann jeder Internetnutzer online ein Countdown-Timer-Widget erstellen und es einfach in seine Webnode-Website einbetten. Sie m\u00fcssen weder bezahlen noch Ihre Kartendaten eingeben, um auf den Service zuzugreifen. Sollten bei irgendeinem Schritt Probleme auftreten, wenden Sie sich bitte an unser technisches Support-Team.<\/p> <\/div>\r\n\t\t\t\t\t<\/div>\r\n\t\t\t\t<\/div> <\/div> <\/div>","protected":false},"excerpt":{"rendered":"","protected":false},"author":9,"featured_media":0,"parent":578,"menu_order":0,"comment_status":"closed","ping_status":"closed","template":"templates\/template-application-platform.php","meta":{"publish_to_discourse":"","publish_post_category":"","wpdc_auto_publish_overridden":"","wpdc_topic_tags":"","wpdc_pin_topic":"","wpdc_pin_until":"","discourse_post_id":"","discourse_permalink":"","wpdc_publishing_response":"","wpdc_publishing_error":"","footnotes":""},"class_list":["post-17031","page","type-page","status-publish","hentry"],"yoast_head":"<!-- This site is optimized with the Yoast SEO plugin v25.3.1 - https:\/\/yoast.com\/wordpress\/plugins\/seo\/ -->\n<title>Das beste Webnode Countdown-Timer-Plugin f\u00fcr Websites (2026)<\/title>\n<meta name=\"description\" content=\"Testen Sie kostenlos das beste Countdown-Timer-Plugin f\u00fcr Webnode. Eine einfache und schnelle Installation ohne Entwicklungskenntnisse in nur 1 Minute.\" \/>\n<meta name=\"robots\" content=\"index, follow, max-snippet:-1, max-image-preview:large, max-video-preview:-1\" \/>\n<link rel=\"canonical\" href=\"https:\/\/elfsight.com\/de\/countdown-timer-widget\/webnode\/\" \/>\n<meta property=\"og:locale\" content=\"de_DE\" \/>\n<meta property=\"og:type\" content=\"article\" \/>\n<meta property=\"og:title\" content=\"Das beste Webnode Countdown-Timer-Plugin f\u00fcr Websites (2026)\" \/>\n<meta property=\"og:description\" content=\"Testen Sie kostenlos das beste Countdown-Timer-Plugin f\u00fcr Webnode. Eine einfache und schnelle Installation ohne Entwicklungskenntnisse in nur 1 Minute.\" \/>\n<meta property=\"og:url\" content=\"https:\/\/elfsight.com\/de\/countdown-timer-widget\/webnode\/\" \/>\n<meta property=\"og:site_name\" content=\"Elfsight DE\" \/>\n<meta property=\"article:modified_time\" content=\"2025-07-08T10:33:22+00:00\" \/>\n<meta name=\"twitter:card\" content=\"summary_large_image\" \/>\n<meta name=\"twitter:label1\" content=\"Gesch\u00e4tzte Lesezeit\" \/>\n\t<meta name=\"twitter:data1\" content=\"3\u00a0Minuten\" \/>\n<!-- \/ Yoast SEO plugin. -->","yoast_head_json":{"title":"Das beste Webnode Countdown-Timer-Plugin f\u00fcr Websites (2026)","description":"Testen Sie kostenlos das beste Countdown-Timer-Plugin f\u00fcr Webnode. Eine einfache und schnelle Installation ohne Entwicklungskenntnisse in nur 1 Minute.","robots":{"index":"index","follow":"follow","max-snippet":"max-snippet:-1","max-image-preview":"max-image-preview:large","max-video-preview":"max-video-preview:-1"},"canonical":"https:\/\/elfsight.com\/de\/countdown-timer-widget\/webnode\/","og_locale":"de_DE","og_type":"article","og_title":"Das beste Webnode Countdown-Timer-Plugin f\u00fcr Websites (2026)","og_description":"Testen Sie kostenlos das beste Countdown-Timer-Plugin f\u00fcr Webnode. Eine einfache und schnelle Installation ohne Entwicklungskenntnisse in nur 1 Minute.","og_url":"https:\/\/elfsight.com\/de\/countdown-timer-widget\/webnode\/","og_site_name":"Elfsight DE","article_modified_time":"2025-07-08T10:33:22+00:00","twitter_card":"summary_large_image","twitter_misc":{"Gesch\u00e4tzte Lesezeit":"3\u00a0Minuten"},"schema":{"@context":"https:\/\/schema.org","@graph":[{"@type":"WebPage","@id":"https:\/\/elfsight.com\/de\/countdown-timer-widget\/webnode\/","url":"https:\/\/elfsight.com\/de\/countdown-timer-widget\/webnode\/","name":"Das beste Webnode Countdown-Timer-Plugin f\u00fcr Websites (2026)","isPartOf":{"@id":"https:\/\/elfsight.com\/de\/#website"},"datePublished":"2024-05-03T06:34:19+00:00","dateModified":"2025-07-08T10:33:22+00:00","description":"Testen Sie kostenlos das beste Countdown-Timer-Plugin f\u00fcr Webnode. Eine einfache und schnelle Installation ohne Entwicklungskenntnisse in nur 1 Minute.","breadcrumb":{"@id":"https:\/\/elfsight.com\/de\/countdown-timer-widget\/webnode\/#breadcrumb"},"inLanguage":"de","potentialAction":[{"@type":"ReadAction","target":["https:\/\/elfsight.com\/de\/countdown-timer-widget\/webnode\/"]}]},{"@type":"BreadcrumbList","@id":"https:\/\/elfsight.com\/de\/countdown-timer-widget\/webnode\/#breadcrumb","itemListElement":[{"@type":"ListItem","position":1,"name":"Home","item":"https:\/\/elfsight.com\/de\/"},{"@type":"ListItem","position":2,"name":"Countdown Timer","item":"https:\/\/elfsight.com\/de\/countdown-timer-widget\/"},{"@type":"ListItem","position":3,"name":"Countdown Timer &#8211; Webnode"}]},{"@type":"WebSite","@id":"https:\/\/elfsight.com\/de\/#website","url":"https:\/\/elfsight.com\/de\/","name":"Elfsight DE","description":"Just another Elfsight Sites site","potentialAction":[{"@type":"SearchAction","target":{"@type":"EntryPoint","urlTemplate":"https:\/\/elfsight.com\/de\/?s={search_term_string}"},"query-input":{"@type":"PropertyValueSpecification","valueRequired":true,"valueName":"search_term_string"}}],"inLanguage":"de"}]}},"meta_box":{"industry":"","seo_heading":"","heading":"","description":"","cta_heading":"","cta_description":"","application":"474","h1":"Webnode Countdown-Timer-Plugin","h1_caption":"Richten Sie einen Countdown f\u00fcr wichtige Ereignisse oder Werbeaktionen ein und erzeugen Sie so bei Ihren Besuchern m\u00fchelos ein Gef\u00fchl der Dringlichkeit auf Ihrer Webnode-Website.","application_category":[],"applications_title":"","applications_request_title":"","applications_request_button_text":"","hero_text":"","hero_video":"","hero_video_schema_markup":"","selling_points_title":"","selling_points_caption":"","selling_points":[],"selling_points_cta_text":"","features_title":"","features":"","ed_cta_examples_text":"","ed_cta_examples_hidden":"","ed_cta_demo_text":"","ed_cta_demo_hidden":"","why_caption":"","why_editor_title":"","why_editor_text":"","why_team_title":"","why_team_text":"","why_service_title":"","why_service_text":"","template_catalog_visible":"","template_catalog_title":"","template_catalog_text":"","template_catalog_categories_visible":"","demo_title":"Erstellen Sie Ihr Countdown-Timer-Widget","demo_caption":"Konfigurieren Sie Ihren Countdown-Timer und f\u00fcgen Sie ihn kostenlos zu Ihrer Webnode-Website hinzu!","default_faq_hidden":"","app_template_category":[],"platform":"248","template_public_id":"","codecanyon_url":"","codecanyon_item_id":"","codecanyon_price":"","pricing_caption":"","pricing_elfsight_apps_hide_column":"","pricing_elfsight_apps_url":"","pricing_codecanyon_price_caption":"","integration_category":[],"integration_request_title":"","integration_request_cta":"","integration_platform":"","integrations":[],"platform_category":[],"video_schema_markup":"","price":"ab 0 $ \/ Monat","trial":"","benefits":[{"text":"Kostenloser Installationsservice"},{"text":"Premium-Support"},{"text":"14-t\u00e4gige R\u00fcckerstattungsgarantie"},{"text":"St\u00e4ndige Aktualisierung"}],"button_url":"#demo","button_target_blank":"","button_nofollow":"","attributes":[{"name":"Installiert","content":"100,000 - 500,000"},{"name":"Reaktionsfreudig","content":"Ja"},{"name":"Kompatible Browser","content":"Firefox, Safari, Opera, Chrome, Edge"}],"tags":[],"tags_disable_links":"","hide_more_platforms":"","video_object":"","demo_hide_cta":"","demo_hide_cloud_options":"","pricing_title":"","pricing":[{"pricing_icon":"platform","pricing_title":"Elfsight Apps","pricing_title_caption":"Plattform\u00fcbergreifende Version","pricing_price":"ab 0 $ \/ Monat","pricing_price_caption":"Beginnen Sie mit einem kostenlosen Plan","pricing_benefits":[{"text":"Unbegrenzte Websites"},{"text":"Professionelle Unternehmensunterst\u00fctzung"},{"text":"Kostenloser Installationsservice"},{"text":"Sonderangebot f\u00fcr mehrere Apps"}],"pricing_button_text":"Zur Website hinzuf\u00fcgen","pricing_button_url":"#demo"}],"related_apps_title":"","related_apps_hidden":"","author":"","image":[],"title":"","job":"","social_networks":[]},"_links":{"self":[{"href":"https:\/\/elfsight.com\/de\/wp-json\/wp\/v2\/pages\/17031","targetHints":{"allow":["GET"]}}],"collection":[{"href":"https:\/\/elfsight.com\/de\/wp-json\/wp\/v2\/pages"}],"about":[{"href":"https:\/\/elfsight.com\/de\/wp-json\/wp\/v2\/types\/page"}],"author":[{"embeddable":true,"href":"https:\/\/elfsight.com\/de\/wp-json\/wp\/v2\/users\/9"}],"replies":[{"embeddable":true,"href":"https:\/\/elfsight.com\/de\/wp-json\/wp\/v2\/comments?post=17031"}],"version-history":[{"count":1,"href":"https:\/\/elfsight.com\/de\/wp-json\/wp\/v2\/pages\/17031\/revisions"}],"predecessor-version":[{"id":17035,"href":"https:\/\/elfsight.com\/de\/wp-json\/wp\/v2\/pages\/17031\/revisions\/17035"}],"up":[{"embeddable":true,"href":"https:\/\/elfsight.com\/de\/wp-json\/wp\/v2\/pages\/578"}],"wp:attachment":[{"href":"https:\/\/elfsight.com\/de\/wp-json\/wp\/v2\/media?parent=17031"}],"curies":[{"name":"wp","href":"https:\/\/api.w.org\/{rel}","templated":true}]}}