{"id":17025,"date":"2024-05-03T06:34:17","date_gmt":"2024-05-03T06:34:17","guid":{"rendered":"https:\/\/elfsight.com\/de\/?page_id=17025"},"modified":"2024-12-20T00:45:43","modified_gmt":"2024-12-20T00:45:43","slug":"blogger","status":"publish","type":"page","link":"https:\/\/elfsight.com\/de\/countdown-timer-widget\/blogger\/","title":{"rendered":"Countdown Timer &#8211; Blogger"},"content":{"rendered":"\n<div class=\"application-platform-content-item-description application-platform-content-item\" id=\"description\" data-nav-section=\"description\">\n<h2>Beschreibung<\/h2>\n<p>Mit dem Elfsight Countdown Clock k\u00f6nnen Sie verschiedene Arten von Countdown- und Timer-Anzeigen erstellen, die Ihre Kunden dazu anregen werden, schneller und mehr zu kaufen. Ein Lager- oder Verkaufs-Countdown weckt das Gef\u00fchl der begrenzten Verf\u00fcgbarkeit und des Wettbewerbs; ein Verkaufs-Countdown wird das Publikum dazu anregen, schneller zu kaufen. Ein individueller Countdown wird jeden Benutzer dazu motivieren, schneller von einem speziellen Angebot Gebrauch zu machen; Banner f\u00fcr Feiertagsverk\u00e4ufe ziehen aufgrund ihres gro\u00dfartigen Themas Aufmerksamkeit auf sich.<\/p>\n\n<p><b>Steigern Sie Ihre Online-Verk\u00e4ufe mit Urgency-erzeugenden Timern und Z\u00e4hlern.<\/b><\/p>\n\n<p><b>Dr\u00e4ngen Sie Kunden zum sofortigen Kauf, indem Sie ein Gef\u00fchl der Dringlichkeit erzeugen.<\/b><br> \nSchaffen Sie ein Gef\u00fchl des \u201eVerpassen-K\u00f6nnens\u201c, indem Sie anzeigen, dass die Zeit bis zum letzten Tag des Angebots herunterz\u00e4hlt. Dies wird die Kunden dazu bringen, schneller zu kaufen und Verk\u00e4ufe auf Ihrer Website zu f\u00f6rdern.<\/p>\n\n<p><b>Zeigen Sie sinkende Best\u00e4nde, um den Wert der Artikel zu erh\u00f6hen.<\/b><br> \nZeigen Sie, dass Ihre Waren schnell verkauft werden und knapp werden, mit einem speziellen Bestandsz\u00e4hler. Dadurch werden die Kunden den Wert der Angebote mehr sch\u00e4tzen und eifers\u00fcchtig darauf werden, diese ebenfalls zu erwerben.<\/p>\n\n<p><b>Lenken Sie mehr Aufmerksamkeit auf Verk\u00e4ufe mit einer speziellen Feiertags-Themen-Timer-Leiste.<\/b><br> \nErstellen Sie eine auff\u00e4llige Themen-Verkaufsleiste f\u00fcr Feiertage und besondere Anl\u00e4sse. Dies wird eine festliche Atmosph\u00e4re schaffen und Ihre profitablen Angebote f\u00f6rdern, um Ihnen w\u00e4hrend der Hochsaison zu mehr Verk\u00e4ufen zu verhelfen.<\/p>\n<\/div>\n\n<div class=\"application-platform-content-item-features application-platform-content-item\" id=\"features\" data-nav-section=\"features\">\n<h2>Funktionen<\/h2>\n<p>Einige der wichtigsten Merkmale, die den Elfsight Countdown zur besten Wahl f\u00fcr eine Blogger-Website machen:<\/p>\n<ul>\n<li>Drei Timer-Typen: Start-zu-Ende, verbleibende Zeit pro Besucher, Start-zu-Ende Z\u00e4hlung;<\/li>\n<li>Bearbeitbarer Nachrichtentext mit Formatierung;<\/li>\n<li>Option, jede Zeiteinheit auszuschalten;<\/li>\n<li>5 Feiertagsthemen f\u00fcr die beliebtesten Anl\u00e4sse;<\/li>\n<li>Option, die Schriftgr\u00f6\u00dfe der Nachricht festzulegen.<\/li>\n<\/ul>\n<p><a href=\"#demo\">Testen Sie weitere Eigenschaften im kostenlosen Editor<\/a><\/p>\n<\/div>\n\n<div class=\"application-platform-content-item-installation application-platform-content-item\" id=\"installation\" data-nav-section=\"installation\">\n<h2>Wie f\u00fcge ich einen Countdown-Timer zu meiner Blogger-Website hinzu?<\/h2>\n<div class=\"video-container\">\n<iframe width=\"720\" height=\"405\" src=\"https:\/\/www.youtube.com\/embed\/fqq3aWXclWw\" frameborder=\"0\" allowfullscreen=\"\"><\/iframe>\n<\/div>\n<p>Ein einfaches Handbuch zum Erstellen von Countdown-Uhren und Z\u00e4hlern f\u00fcr eine Website, das keine Programmierkenntnisse erfordert. Die Umsetzung der Anleitung dauert nicht mehr als einige Minuten.<\/p>\n<ol>\n<li><b>Erstellen Sie Ihren eigenen Countdown-Timer<\/b>.<br> \nNutzen Sie unsere kostenlose Demo, um ein Plugin mit der bevorzugten Vorlage und den gew\u00fcnschten Funktionen zu erstellen.<\/li>\n<li><b>Erhalten Sie den Code, um das Plugin auf Ihrer Website anzuzeigen<\/b>.<br> \nNachdem Sie das Interface des Widgets angepasst haben, erhalten Sie Ihren Code f\u00fcr das Countdown-Plugin \u00fcber die Pop-up-Benachrichtigung auf Elfsight Apps.<\/li>\n<li><b>Zeigen Sie das Plugin auf Ihrer Blogger-Website an<\/b>.<br> \nPlatzieren Sie das Plugin an der gew\u00fcnschten Stelle auf der Seite und wenden Sie die \u00c4nderungen an.<\/li>\n<li><b>Fertig!<\/b><br> Gehen Sie auf Ihre Website, um Ihre Arbeit zu sehen.<\/li>\n<\/ol>\n<p>Haben Sie Schwierigkeiten oder Fragen zur Anleitung oder k\u00f6nnen Sie Ihr eigenes Plugin nicht einrichten? Schreiben Sie an unser Hilfe-Center, und das Elfsight-Team hilft Ihnen gerne weiter, oder lesen Sie die <a href=\"https:\/\/elfsight.com\/tutorials\/how-to-add-countdown-timer-to-blogger\/\" target=\"_blank\" rel=\"noopener noreferrer\">informative Anleitung<\/a>!<\/p>\n<div class=\"faq\" data-component=\"FAQ\"> \n<div class=\"faq-item\">\r\n\t\t\t\t\t<div class=\"faq-item-question\">\r\n\t\t\t\t\t\t<h3 class=\"faq-item-question-text\">Wie f\u00fcge ich einen Countdown-Timer zu meiner Blogger-Website hinzu, ohne Programmierkenntnisse zu haben?<\/h3>\r\n\r\n\t\t\t\t\t\t<div class=\"faq-item-question-icon\"><\/div>\r\n\t\t\t\t\t<\/div>\r\n\r\n\t\t\t\t\t<div class=\"faq-item-answer\">\r\n\t\t\t\t\t\t<div class=\"faq-item-answer-text\"> \n<p>Elfsight bietet eine SaaS-L\u00f6sung, mit der Sie selbst einen Countdown-Timer-Widget erstellen k\u00f6nnen. So einfach ist der Prozess: Arbeiten Sie direkt im Online-Editor, um den Countdown-Timer-Widget zu erstellen, den Sie auf Ihrer Blogger-Website sehen m\u00f6chten. W\u00e4hlen Sie eine der vorgefertigten Vorlagen und passen Sie die Countdown-Timer-Einstellungen an, f\u00fcgen Sie Ihren Inhalt hinzu, \u00e4ndern Sie das Layout und das Farbschema ohne Programmierkenntnisse. Speichern Sie den Countdown-Timer und kopieren Sie den Installationscode, den Sie ohne kostenpflichtiges Abonnement in Ihre Blogger-Website einf\u00fcgen k\u00f6nnen. Mit unserem intuitiven Editor kann jeder Internetnutzer einen Countdown-Timer-Widget online erstellen und problemlos in seine Blogger-Website einbetten. Es ist nicht n\u00f6tig, zu bezahlen oder Ihre Kreditkartenangaben einzugeben, um auf den Service zuzugreifen. Wenn Sie auf Probleme sto\u00dfen, k\u00f6nnen Sie sich gerne an unser Support-Team wenden.<\/p> \n<\/div>\r\n\t\t\t\t\t<\/div>\r\n\t\t\t\t<\/div> \n<\/div> \n<\/div>\n\n","protected":false},"excerpt":{"rendered":"","protected":false},"author":9,"featured_media":0,"parent":578,"menu_order":0,"comment_status":"closed","ping_status":"closed","template":"templates\/template-application-platform.php","meta":{"publish_to_discourse":"","publish_post_category":"","wpdc_auto_publish_overridden":"","wpdc_topic_tags":"","wpdc_pin_topic":"","wpdc_pin_until":"","discourse_post_id":"","discourse_permalink":"","wpdc_publishing_response":"","wpdc_publishing_error":"","footnotes":""},"class_list":["post-17025","page","type-page","status-publish","hentry"],"yoast_head":"<!-- This site is optimized with the Yoast SEO plugin v25.3.1 - https:\/\/yoast.com\/wordpress\/plugins\/seo\/ -->\n<title>Das beste Blogger-Countdown-Timer-Widget f\u00fcr die Website (2026)<\/title>\n<meta name=\"description\" content=\"Erstellen Sie in nur 70 Sekunden Ihr einzigartiges Countdown-Timer-Widget f\u00fcr Blogger. Testen Sie die einfachsten Panel-Widgets von Elfsight v\u00f6llig kostenlos.\" \/>\n<meta name=\"robots\" content=\"index, follow, max-snippet:-1, max-image-preview:large, max-video-preview:-1\" \/>\n<link rel=\"canonical\" href=\"https:\/\/elfsight.com\/de\/countdown-timer-widget\/blogger\/\" \/>\n<meta property=\"og:locale\" content=\"de_DE\" \/>\n<meta property=\"og:type\" content=\"article\" \/>\n<meta property=\"og:title\" content=\"Das beste Blogger-Countdown-Timer-Widget f\u00fcr die Website (2026)\" \/>\n<meta property=\"og:description\" content=\"Erstellen Sie in nur 70 Sekunden Ihr einzigartiges Countdown-Timer-Widget f\u00fcr Blogger. Testen Sie die einfachsten Panel-Widgets von Elfsight v\u00f6llig kostenlos.\" \/>\n<meta property=\"og:url\" content=\"https:\/\/elfsight.com\/de\/countdown-timer-widget\/blogger\/\" \/>\n<meta property=\"og:site_name\" content=\"Elfsight DE\" \/>\n<meta property=\"article:modified_time\" content=\"2024-12-20T00:45:43+00:00\" \/>\n<meta name=\"twitter:card\" content=\"summary_large_image\" \/>\n<meta name=\"twitter:label1\" content=\"Gesch\u00e4tzte Lesezeit\" \/>\n\t<meta name=\"twitter:data1\" content=\"4\u00a0Minuten\" \/>\n<!-- \/ Yoast SEO plugin. -->","yoast_head_json":{"title":"Das beste Blogger-Countdown-Timer-Widget f\u00fcr die Website (2026)","description":"Erstellen Sie in nur 70 Sekunden Ihr einzigartiges Countdown-Timer-Widget f\u00fcr Blogger. Testen Sie die einfachsten Panel-Widgets von Elfsight v\u00f6llig kostenlos.","robots":{"index":"index","follow":"follow","max-snippet":"max-snippet:-1","max-image-preview":"max-image-preview:large","max-video-preview":"max-video-preview:-1"},"canonical":"https:\/\/elfsight.com\/de\/countdown-timer-widget\/blogger\/","og_locale":"de_DE","og_type":"article","og_title":"Das beste Blogger-Countdown-Timer-Widget f\u00fcr die Website (2026)","og_description":"Erstellen Sie in nur 70 Sekunden Ihr einzigartiges Countdown-Timer-Widget f\u00fcr Blogger. Testen Sie die einfachsten Panel-Widgets von Elfsight v\u00f6llig kostenlos.","og_url":"https:\/\/elfsight.com\/de\/countdown-timer-widget\/blogger\/","og_site_name":"Elfsight DE","article_modified_time":"2024-12-20T00:45:43+00:00","twitter_card":"summary_large_image","twitter_misc":{"Gesch\u00e4tzte Lesezeit":"4\u00a0Minuten"},"schema":{"@context":"https:\/\/schema.org","@graph":[{"@type":"WebPage","@id":"https:\/\/elfsight.com\/de\/countdown-timer-widget\/blogger\/","url":"https:\/\/elfsight.com\/de\/countdown-timer-widget\/blogger\/","name":"Das beste Blogger-Countdown-Timer-Widget f\u00fcr die Website (2026)","isPartOf":{"@id":"https:\/\/elfsight.com\/de\/#website"},"datePublished":"2024-05-03T06:34:17+00:00","dateModified":"2024-12-20T00:45:43+00:00","description":"Erstellen Sie in nur 70 Sekunden Ihr einzigartiges Countdown-Timer-Widget f\u00fcr Blogger. Testen Sie die einfachsten Panel-Widgets von Elfsight v\u00f6llig kostenlos.","breadcrumb":{"@id":"https:\/\/elfsight.com\/de\/countdown-timer-widget\/blogger\/#breadcrumb"},"inLanguage":"de","potentialAction":[{"@type":"ReadAction","target":["https:\/\/elfsight.com\/de\/countdown-timer-widget\/blogger\/"]}]},{"@type":"BreadcrumbList","@id":"https:\/\/elfsight.com\/de\/countdown-timer-widget\/blogger\/#breadcrumb","itemListElement":[{"@type":"ListItem","position":1,"name":"Home","item":"https:\/\/elfsight.com\/de\/"},{"@type":"ListItem","position":2,"name":"Countdown Timer","item":"https:\/\/elfsight.com\/de\/countdown-timer-widget\/"},{"@type":"ListItem","position":3,"name":"Countdown Timer &#8211; Blogger"}]},{"@type":"WebSite","@id":"https:\/\/elfsight.com\/de\/#website","url":"https:\/\/elfsight.com\/de\/","name":"Elfsight DE","description":"Just another Elfsight Sites site","potentialAction":[{"@type":"SearchAction","target":{"@type":"EntryPoint","urlTemplate":"https:\/\/elfsight.com\/de\/?s={search_term_string}"},"query-input":{"@type":"PropertyValueSpecification","valueRequired":true,"valueName":"search_term_string"}}],"inLanguage":"de"}]}},"meta_box":{"industry":"","seo_heading":"","heading":"","description":"","cta_heading":"","cta_description":"","application":"474","h1":"Blogger-Countdown-Timer-Widget","h1_caption":"Richten Sie einen Countdown f\u00fcr wichtige Ereignisse oder Werbeaktionen ein, um Ihren Besuchern auf Ihrer Blogger-Website m\u00fchelos ein Gef\u00fchl der Dringlichkeit zu vermitteln.","application_category":[],"applications_title":"","applications_request_title":"","applications_request_button_text":"","hero_text":"","hero_video":"","hero_video_schema_markup":"","selling_points_title":"","selling_points_caption":"","selling_points":[],"selling_points_cta_text":"","features_title":"","features":"","ed_cta_examples_text":"","ed_cta_examples_hidden":"","ed_cta_demo_text":"","ed_cta_demo_hidden":"","why_caption":"","why_editor_title":"","why_editor_text":"","why_team_title":"","why_team_text":"","why_service_title":"","why_service_text":"","template_catalog_visible":"0","template_catalog_title":"","template_catalog_text":"","template_catalog_categories_visible":"","demo_title":"Erstellen Sie Ihr Countdown-Timer-Widget","demo_caption":"Konfigurieren Sie Ihren Countdown-Timer und f\u00fcgen Sie ihn kostenlos zu Ihrer Blogger-Website hinzu!","default_faq_hidden":"","app_template_category":[],"platform":"262","template_public_id":"","codecanyon_url":"","codecanyon_item_id":"","codecanyon_price":"","pricing_caption":"","pricing_elfsight_apps_hide_column":"","pricing_elfsight_apps_url":"","pricing_codecanyon_price_caption":"","integration_category":[],"integration_request_title":"","integration_request_cta":"","integration_platform":"","integrations":[],"platform_category":[],"video_schema_markup":"","price":"ab 0 $ \/ Monat","trial":"","benefits":[{"text":"Kostenloser Installationsservice"},{"text":"Au\u00dfergew\u00f6hnlicher Support"},{"text":"14-t\u00e4gige R\u00fcckerstattungsgarantie"},{"text":"Regelm\u00e4\u00dfige kostenlose Verbesserungen"}],"button_url":"#demo","button_target_blank":"0","button_nofollow":"0","attributes":[{"name":"Installiert","content":"100,000 - 500,000"},{"name":"Reaktionsfreudig","content":"Ja"},{"name":"Kompatible Browser","content":"Firefox, Safari, Opera, Chrome, Edge"}],"tags":[],"tags_disable_links":"0","hide_more_platforms":"","video_object":"","demo_hide_cta":"0","demo_hide_cloud_options":"0","pricing_title":"","pricing":[{"pricing_icon":"platform","pricing_title":"Elfsight Apps","pricing_title_caption":"Plattform\u00fcbergreifende L\u00f6sung, die auf jeder Website funktioniert","pricing_price":"ab 0 $ \/ Monat","pricing_price_caption":"Beginnen Sie mit einem kostenlosen Plan","pricing_benefits":[{"text":"Unbegrenzte Websites"},{"text":"Support rund um die Uhr und gut dokumentiert"},{"text":"Kostenlose Installationshilfe"},{"text":"Vollst\u00e4ndig anpassbar"}],"pricing_button_text":"Zur Website hinzuf\u00fcgen","pricing_button_url":"#demo"}],"related_apps_title":"","related_apps_hidden":"0","author":"","image":[],"title":"","job":"","social_networks":[]},"_links":{"self":[{"href":"https:\/\/elfsight.com\/de\/wp-json\/wp\/v2\/pages\/17025","targetHints":{"allow":["GET"]}}],"collection":[{"href":"https:\/\/elfsight.com\/de\/wp-json\/wp\/v2\/pages"}],"about":[{"href":"https:\/\/elfsight.com\/de\/wp-json\/wp\/v2\/types\/page"}],"author":[{"embeddable":true,"href":"https:\/\/elfsight.com\/de\/wp-json\/wp\/v2\/users\/9"}],"replies":[{"embeddable":true,"href":"https:\/\/elfsight.com\/de\/wp-json\/wp\/v2\/comments?post=17025"}],"version-history":[{"count":3,"href":"https:\/\/elfsight.com\/de\/wp-json\/wp\/v2\/pages\/17025\/revisions"}],"predecessor-version":[{"id":23390,"href":"https:\/\/elfsight.com\/de\/wp-json\/wp\/v2\/pages\/17025\/revisions\/23390"}],"up":[{"embeddable":true,"href":"https:\/\/elfsight.com\/de\/wp-json\/wp\/v2\/pages\/578"}],"wp:attachment":[{"href":"https:\/\/elfsight.com\/de\/wp-json\/wp\/v2\/media?parent=17025"}],"curies":[{"name":"wp","href":"https:\/\/api.w.org\/{rel}","templated":true}]}}