{"id":17024,"date":"2024-05-03T06:34:16","date_gmt":"2024-05-03T06:34:16","guid":{"rendered":"https:\/\/elfsight.com\/de\/?page_id=17024"},"modified":"2024-12-25T12:53:45","modified_gmt":"2024-12-25T12:53:45","slug":"squarespace","status":"publish","type":"page","link":"https:\/\/elfsight.com\/de\/countdown-timer-widget\/squarespace\/","title":{"rendered":"Countdown Timer &#8211; Squarespace"},"content":{"rendered":"\n<div class=\"application-platform-content-item-description application-platform-content-item\" id=\"description\" data-nav-section=\"description\">\n<h2>Betten Sie den Countdown-Timer auf Squarespace mit dem Elfsight-Widget ein<\/h2>\n\n<p>Verwenden Sie den Countdown-Timer von Elfsight, um verschiedene Z\u00e4hlungen und Timer anzuzeigen, die Kunden ermutigen Einkaufen. Die Bestands- oder Verkaufsz\u00e4hlung wird ein Gef\u00fchl von Mangel und Konkurrenz um Artikel hervorrufen; Der Sale-Countdown regt Kunden zum Kauf an, bevor sie ein tolles Angebot verpassen. Ein pers\u00f6nlicher Countdown wird jeden Kunden dazu anregen, sofort ein pers\u00f6nliches Angebot zu nutzen; Weihnachts-Sale-Bars ziehen dank thematischer Dekoration maximale Aufmerksamkeit auf sich.<\/p><p><b>Erh\u00f6hen Sie den Einkaufsspa\u00df und dr\u00e4ngen Sie das Publikum dazu, mehr zu kaufen. <\/b><\/p><p><b>Inspirieren Sie Besucher zum Kauf, indem Sie ein Gef\u00fchl der Dringlichkeit vermitteln.<\/b><br> Starten Sie Countdown-Timer, die die verbleibende Zeit bis zum Ende Ihrer Ausverk\u00e4ufe und Sonderangebote anzeigen. Sie wecken ein Gef\u00fchl der Dringlichkeit und ermutigen Besucher, schneller eine Einkaufsentscheidung zu treffen.<\/p><p><b>Zeigen Sie den R\u00fcckgang des Lagerbestands, um den wahrgenommenen Wert der Artikel bei den Benutzern zu erh\u00f6hen.<\/b><br> Anzeige dass Ihre Waren schnell ausverkauft sind und Defizite aufweisen, was auf eine besondere Bestandsz\u00e4hlung hinweist. Dadurch sch\u00e4tzen die Kunden die Angebote noch mehr und werden neidisch, sie auch zu kaufen.<\/p><p><b>Erregen Sie mehr Aufmerksamkeit auf Verk\u00e4ufe mit einer speziellen Countdown-Leiste im Feiertagsstil.<\/b><br> Mit der Hilfe Mit auff\u00e4lligen Themenbars k\u00f6nnen Sie Ihre tollen Angebote und saisonalen Sonderangebote effektiver bewerben. Holen Sie das Beste aus den Feiertagen heraus, um den Umsatz auf Ihrer Website zu steigern.<\/p>\n\n<div class=\"faq\" data-component=\"FAQ\">\n<div class=\"faq-item\">\r\n\t\t\t\t\t<div class=\"faq-item-question\">\r\n\t\t\t\t\t\t<h3 class=\"faq-item-question-text\">Wie f\u00fcge ich den Countdown-Timer zu einer Squarespace-Website hinzu?<\/h3>\r\n\r\n\t\t\t\t\t\t<div class=\"faq-item-question-icon\"><\/div>\r\n\t\t\t\t\t<\/div>\r\n\r\n\t\t\t\t\t<div class=\"faq-item-answer\">\r\n\t\t\t\t\t\t<div class=\"faq-item-answer-text\"><p>Die Installation dauert ca ein paar Momente. Dar\u00fcber hinaus sind keine Programmierkenntnisse erforderlich. Passen Sie das Squarespace-Countdown-Timer-Plugin im kostenlosen Konfigurator an, klicken Sie auf den Code, um ihn zu kopieren, und betten Sie den Code an der erforderlichen Stelle in der Website-Vorlage ein.<\/p><p>Das war\u2019s! Die Einrichtung des Timer-Plugins auf Squarespace ist abgeschlossen! <\/p><p>Wenn Sie Probleme beim Einf\u00fcgen des Plugins in Squarespace haben, finden Sie m\u00f6glicherweise die vollst\u00e4ndige Anleitung <a href=\"https:\/\/elfsight.com\/tutorials\/how-to-add-countdown-timer-to-any-website\/#squarespace-countdown-timer\" target=\"_blank\" rel=\"noopener\">auf dieser Seite<\/a>. <\/p><\/div>\r\n\t\t\t\t\t<\/div>\r\n\t\t\t\t<\/div>\n<div class=\"faq-item\">\r\n\t\t\t\t\t<div class=\"faq-item-question\">\r\n\t\t\t\t\t\t<h3 class=\"faq-item-question-text\">Habe ich die M\u00f6glichkeit zu sehen, wie das Widget auf meiner Website aussehen wird?<\/h3>\r\n\r\n\t\t\t\t\t\t<div class=\"faq-item-question-icon\"><\/div>\r\n\t\t\t\t\t<\/div>\r\n\r\n\t\t\t\t\t<div class=\"faq-item-answer\">\r\n\t\t\t\t\t\t<div class=\"faq-item-answer-text\"><p>Ja, das k\u00f6nnen Sie! W\u00e4hrend Sie das Squarespace Timer-Plugin im <a href=\"https:\/\/elfsight.com\/de\/countdown-timer-widget\/#demo\">kostenlosen Online-Editor<\/a> erstellen, sehen Sie alle \u00c4nderungen auf der rechten Seite. Ihr Countdown wird genauso aussehen wie auf einer Squarespace-Website. <\/p><\/div>\r\n\t\t\t\t\t<\/div>\r\n\t\t\t\t<\/div>\n<div class=\"faq-item\">\r\n\t\t\t\t\t<div class=\"faq-item-question\">\r\n\t\t\t\t\t\t<h3 class=\"faq-item-question-text\">Welche anderen Widgets sind f\u00fcr eine Squarespace-Website unerl\u00e4sslich?<\/h3>\r\n\r\n\t\t\t\t\t\t<div class=\"faq-item-question-icon\"><\/div>\r\n\t\t\t\t\t<\/div>\r\n\r\n\t\t\t\t\t<div class=\"faq-item-answer\">\r\n\t\t\t\t\t\t<div class=\"faq-item-answer-text\"><p>Sie k\u00f6nnen Ihren Squarespace mit zahlreichen Elfsight-Plugins erweitern.<\/p><p> Beispielsweise f\u00fchrt ein <a href=\"https:\/\/elfsight.com\/de\/qr-code-widget\/squarespace\/\" target=\"_blank\" rel=\"noopener\">QR-Code<\/a> zu sozialen Profilen oder detaillierten Informationen auf einer anderen Webseite, <a href=\"\/\/elfsight.com\/de\/event-calendar-widget\/squarespace\/\" target=\"_blank\" rel=\"noopener\">Veranstaltungskalender<\/a> und <a href=\"https:\/\/elfsight.com\/de\/countdown-timer-widget\/squarespace\/\" target=\"_blank\" rel=\"noopener\">Countdown Timer<\/a> verbessert FOMO und steigert das Engagement auf Ihrer Website. <a href=\"https:\/\/elfsight.com\/de\/google-reviews-widget\/squarespace\/\" target=\"_blank\" rel=\"noopener\">Google-Bewertungen<\/a> werden bei der Umsatzsteigerung hilfreich sein, und <a href=\"https:\/\/elfsight.com\/de\/whatsapp-chat-widget\/squarespace\/\" target=\"_blank\" rel=\"noopener\">WhatsApp Chat<\/a> ist unverzichtbar, um den Kundenservice und die Kommunikation mit Ihren Kunden zu verbessern.<\/p><\/div>\r\n\t\t\t\t\t<\/div>\r\n\t\t\t\t<\/div>\n<\/div>\n<\/div>\n<div class=\"application-platform-content-item- Features application-platform-content-item\" id=\" Features\" data-nav-section=\" Features\">\n<h2>Hauptfunktionen des Countdown-Timer-Widgets<\/h2>\n<p>Welche Funktionen machen das Elfsight-Plugin zum besten f\u00fcr jede Squarespace-Website? Entdecken Sie seine Hauptmerkmale:<\/p><ul><li>Aufw\u00e4rts- und Abw\u00e4rtsz\u00e4hler;<\/li><li>Option zum Anzeigen einer Nachricht vor dem Timer;<\/li><li>Vier Zeiteinheiten: Tage, Stunden, Minuten, Sekunden;<\/li><li>Option zum \u00c4ndern der Farbe von Timer, Schaltfl\u00e4che, Beschriftungen und Nachricht;<\/li><li>Responsive Schnittstelle mit automatischer Anpassung an die Bildschirmgr\u00f6\u00dfe.<\/li><\/ul><p><a href=\"#demo\">\u00dcberpr\u00fcfen Sie alle Funktionen in der Live-Demo<\/a><\/p><\/div>\n<div class=\"application-platform-content-item-installation application-platform-content-item\" id=\"installation\" data-nav-section=\"installation\"><\/div>\n<h2>So f\u00fcgen Sie einen Countdown-Timer hinzu Squarespace-Website<\/h2>\n\n<div class=\"video-container\"><iframe width=\"720\" height=\"405\" src=\"https:\/\/www.youtube.com\/embed\/HiVdkFb8_m0\" frameborder=\"0\" allowfullscreen=\"\"><\/iframe><\/div>\n\n<p>Um die Einbettung durchzuf\u00fchren, ben\u00f6tigen Sie weder Kenntnisse in der Webprogrammierung noch viel Zeit. Nur 4 einfache Schritte und 1 Minute Ihrer Zeit.<\/p><ol><li><b>Gestalten Sie Ihren individuellen Countdown-Timer<\/b>.<br> Erstellen Sie mit unserem kostenlosen Konfigurator ein Plugin mit dem gew\u00fcnschten Layout und Optionen.<\/li><li><b>Erhalten Sie den Code zum Einbetten des Plugins<\/b>.<br> Nach der Widget-Anpassung erhalten Sie den Code f\u00fcr das Countdown-Plugin aus der Popup-Benachrichtigung auf Elfsight Apps.<\/li> <li><b>Zeigen Sie das Plugin auf der Squarespace-Website an<\/b>.<br> F\u00fcgen Sie das Plugin an einer gew\u00fcnschten Stelle der Website ein und wenden Sie die Ergebnisse an.<\/li><li><b>Die Einrichtung ist abgeschlossen<\/b>.<br> Besuchen Sie Ihre Website, um Ihre Arbeit zu sehen.<\/li><\/ol><p>Haben Sie Fragen zur Durchf\u00fchrung der Installation oder zur Generierung eines benutzerdefinierten Plugins? Kontaktieren Sie den Kundensupport und wir helfen Ihnen gerne bei der Erstellung und dem Hinzuf\u00fcgen des Plugins auf Ihrer Website. Oder sehen Sie sich das <a href=\"https:\/\/elfsight.com\/tutorials\/how-to-add-countdown-timer-to-squarespace-website\/\" target=\"_blank\" rel=\"noopener noreferrer\">vollst\u00e4ndige Anleitung<\/a>.<\/p>\n","protected":false},"excerpt":{"rendered":"So f\u00fcgen Sie einen Countdown-Timer hinzu Squarespace-Website Um die Einbettung durchzuf\u00fchren, ben\u00f6tigen Sie weder Kenntnisse in der Webprogrammierung noch viel Zeit. Nur 4 einfache Schritte und 1 Minute Ihrer Zeit.Gestalten Sie Ihren individuellen Countdown-Timer. Erstellen Sie mit unserem kostenlosen Konfigurator ein Plugin mit dem gew\u00fcnschten Layout und Optionen.Erhalten Sie den&#8230;","protected":false},"author":9,"featured_media":0,"parent":578,"menu_order":0,"comment_status":"closed","ping_status":"closed","template":"templates\/template-application-platform.php","meta":{"publish_to_discourse":"","publish_post_category":"","wpdc_auto_publish_overridden":"","wpdc_topic_tags":"","wpdc_pin_topic":"","wpdc_pin_until":"","discourse_post_id":"","discourse_permalink":"","wpdc_publishing_response":"","wpdc_publishing_error":"","footnotes":""},"class_list":["post-17024","page","type-page","status-publish","hentry"],"yoast_head":"<!-- This site is optimized with the Yoast SEO plugin v25.3.1 - https:\/\/yoast.com\/wordpress\/plugins\/seo\/ -->\n<title>Das beste Squarespace Countdown-Timer-Plugin f\u00fcr Websites (2026)<\/title>\n<meta name=\"description\" content=\"Erfahren Sie, wie Sie den Countdown-Timer kostenlos zu Squarespace hinzuf\u00fcgen. Verwenden Sie die beste interaktive Countdown-Uhr, um die Dringlichkeit von Verk\u00e4ufen auf einer Website zu steigern.\" \/>\n<meta name=\"robots\" content=\"index, follow, max-snippet:-1, max-image-preview:large, max-video-preview:-1\" \/>\n<link rel=\"canonical\" href=\"https:\/\/elfsight.com\/de\/countdown-timer-widget\/squarespace\/\" \/>\n<meta property=\"og:locale\" content=\"de_DE\" \/>\n<meta property=\"og:type\" content=\"article\" \/>\n<meta property=\"og:title\" content=\"Das beste Squarespace Countdown-Timer-Plugin f\u00fcr Websites (2026)\" \/>\n<meta property=\"og:description\" content=\"Erfahren Sie, wie Sie den Countdown-Timer kostenlos zu Squarespace hinzuf\u00fcgen. Verwenden Sie die beste interaktive Countdown-Uhr, um die Dringlichkeit von Verk\u00e4ufen auf einer Website zu steigern.\" \/>\n<meta property=\"og:url\" content=\"https:\/\/elfsight.com\/de\/countdown-timer-widget\/squarespace\/\" \/>\n<meta property=\"og:site_name\" content=\"Elfsight DE\" \/>\n<meta property=\"article:modified_time\" content=\"2024-12-25T12:53:45+00:00\" \/>\n<meta name=\"twitter:card\" content=\"summary_large_image\" \/>\n<meta name=\"twitter:label1\" content=\"Gesch\u00e4tzte Lesezeit\" \/>\n\t<meta name=\"twitter:data1\" content=\"4\u00a0Minuten\" \/>\n<!-- \/ Yoast SEO plugin. -->","yoast_head_json":{"title":"Das beste Squarespace Countdown-Timer-Plugin f\u00fcr Websites (2026)","description":"Erfahren Sie, wie Sie den Countdown-Timer kostenlos zu Squarespace hinzuf\u00fcgen. Verwenden Sie die beste interaktive Countdown-Uhr, um die Dringlichkeit von Verk\u00e4ufen auf einer Website zu steigern.","robots":{"index":"index","follow":"follow","max-snippet":"max-snippet:-1","max-image-preview":"max-image-preview:large","max-video-preview":"max-video-preview:-1"},"canonical":"https:\/\/elfsight.com\/de\/countdown-timer-widget\/squarespace\/","og_locale":"de_DE","og_type":"article","og_title":"Das beste Squarespace Countdown-Timer-Plugin f\u00fcr Websites (2026)","og_description":"Erfahren Sie, wie Sie den Countdown-Timer kostenlos zu Squarespace hinzuf\u00fcgen. Verwenden Sie die beste interaktive Countdown-Uhr, um die Dringlichkeit von Verk\u00e4ufen auf einer Website zu steigern.","og_url":"https:\/\/elfsight.com\/de\/countdown-timer-widget\/squarespace\/","og_site_name":"Elfsight DE","article_modified_time":"2024-12-25T12:53:45+00:00","twitter_card":"summary_large_image","twitter_misc":{"Gesch\u00e4tzte Lesezeit":"4\u00a0Minuten"},"schema":{"@context":"https:\/\/schema.org","@graph":[{"@type":"WebPage","@id":"https:\/\/elfsight.com\/de\/countdown-timer-widget\/squarespace\/","url":"https:\/\/elfsight.com\/de\/countdown-timer-widget\/squarespace\/","name":"Das beste Squarespace Countdown-Timer-Plugin f\u00fcr Websites (2026)","isPartOf":{"@id":"https:\/\/elfsight.com\/de\/#website"},"datePublished":"2024-05-03T06:34:16+00:00","dateModified":"2024-12-25T12:53:45+00:00","description":"Erfahren Sie, wie Sie den Countdown-Timer kostenlos zu Squarespace hinzuf\u00fcgen. Verwenden Sie die beste interaktive Countdown-Uhr, um die Dringlichkeit von Verk\u00e4ufen auf einer Website zu steigern.","breadcrumb":{"@id":"https:\/\/elfsight.com\/de\/countdown-timer-widget\/squarespace\/#breadcrumb"},"inLanguage":"de","potentialAction":[{"@type":"ReadAction","target":["https:\/\/elfsight.com\/de\/countdown-timer-widget\/squarespace\/"]}]},{"@type":"BreadcrumbList","@id":"https:\/\/elfsight.com\/de\/countdown-timer-widget\/squarespace\/#breadcrumb","itemListElement":[{"@type":"ListItem","position":1,"name":"Home","item":"https:\/\/elfsight.com\/de\/"},{"@type":"ListItem","position":2,"name":"Countdown Timer","item":"https:\/\/elfsight.com\/de\/countdown-timer-widget\/"},{"@type":"ListItem","position":3,"name":"Countdown Timer &#8211; Squarespace"}]},{"@type":"WebSite","@id":"https:\/\/elfsight.com\/de\/#website","url":"https:\/\/elfsight.com\/de\/","name":"Elfsight DE","description":"Just another Elfsight Sites site","potentialAction":[{"@type":"SearchAction","target":{"@type":"EntryPoint","urlTemplate":"https:\/\/elfsight.com\/de\/?s={search_term_string}"},"query-input":{"@type":"PropertyValueSpecification","valueRequired":true,"valueName":"search_term_string"}}],"inLanguage":"de"}]}},"meta_box":{"industry":"","seo_heading":"","heading":"","description":"","cta_heading":"","cta_description":"","application":"474","h1":"Squarespace Countdown-Timer-Plugin","h1_caption":"Richten Sie einen Countdown f\u00fcr wichtige Ereignisse oder Werbeaktionen ein, um Ihren Besuchern m\u00fchelos ein Gef\u00fchl der Dringlichkeit auf Ihrer Squarespace-Website zu vermitteln.","application_category":[],"applications_title":"","applications_request_title":"","applications_request_button_text":"","hero_text":"","hero_video":"","hero_video_schema_markup":"","selling_points_title":"","selling_points_caption":"","selling_points":[],"selling_points_cta_text":"","features_title":"","features":"","ed_cta_examples_text":"","ed_cta_examples_hidden":"","ed_cta_demo_text":"","ed_cta_demo_hidden":"","why_caption":"","why_editor_title":"","why_editor_text":"","why_team_title":"","why_team_text":"","why_service_title":"","why_service_text":"","template_catalog_visible":"0","template_catalog_title":"","template_catalog_text":"","template_catalog_categories_visible":"","demo_title":"Erstellen Sie Ihr Countdown-Timer-Plugin","demo_caption":"Konfigurieren Sie Ihren Countdown-Timer und f\u00fcgen Sie ihn kostenlos zu Ihrer Squarespace-Website hinzu!","default_faq_hidden":"","app_template_category":[],"platform":"252","template_public_id":"","codecanyon_url":"","codecanyon_item_id":"","codecanyon_price":"","pricing_caption":"","pricing_elfsight_apps_hide_column":"","pricing_elfsight_apps_url":"","pricing_codecanyon_price_caption":"","integration_category":[],"integration_request_title":"","integration_request_cta":"","integration_platform":"","integrations":[],"platform_category":[],"video_schema_markup":"","price":"ab 0 $ \/ Monat","trial":"","benefits":[{"text":"Kostenloser Installationsservice"},{"text":"Professioneller Kundenservice"},{"text":"14-t\u00e4gige R\u00fcckerstattungsgarantie"},{"text":"Zuk\u00fcnftige kostenlose Verbesserungen"}],"button_url":"#demo","button_target_blank":"0","button_nofollow":"0","attributes":[{"name":"Installiert","content":"100,000 - 500,000"},{"name":"Reaktionsfreudig","content":"Ja"},{"name":"Kompatible Browser","content":"Firefox, Safari, Opera, Chrome, Edge"}],"tags":[],"tags_disable_links":"0","hide_more_platforms":"","video_object":"","demo_hide_cta":"0","demo_hide_cloud_options":"0","pricing_title":"","pricing":[{"pricing_icon":"platform","pricing_title":"Elfsight Apps","pricing_title_caption":"Plattformunabh\u00e4ngige Software, die auf jeder Website funktioniert","pricing_price":"ab 0 $ \/ Monat","pricing_price_caption":"Beginnen Sie mit einem kostenlosen Plan","pricing_benefits":[{"text":"Unbegrenzte Websites"},{"text":"Kundensupport rund um die Uhr"},{"text":"Kostenloser Installationsservice"},{"text":"Flexibles Design"}],"pricing_button_text":"Zur Website hinzuf\u00fcgen","pricing_button_url":"#demo"}],"related_apps_title":"","related_apps_hidden":"0","author":"","image":[],"title":"","job":"","social_networks":[]},"_links":{"self":[{"href":"https:\/\/elfsight.com\/de\/wp-json\/wp\/v2\/pages\/17024","targetHints":{"allow":["GET"]}}],"collection":[{"href":"https:\/\/elfsight.com\/de\/wp-json\/wp\/v2\/pages"}],"about":[{"href":"https:\/\/elfsight.com\/de\/wp-json\/wp\/v2\/types\/page"}],"author":[{"embeddable":true,"href":"https:\/\/elfsight.com\/de\/wp-json\/wp\/v2\/users\/9"}],"replies":[{"embeddable":true,"href":"https:\/\/elfsight.com\/de\/wp-json\/wp\/v2\/comments?post=17024"}],"version-history":[{"count":6,"href":"https:\/\/elfsight.com\/de\/wp-json\/wp\/v2\/pages\/17024\/revisions"}],"predecessor-version":[{"id":23422,"href":"https:\/\/elfsight.com\/de\/wp-json\/wp\/v2\/pages\/17024\/revisions\/23422"}],"up":[{"embeddable":true,"href":"https:\/\/elfsight.com\/de\/wp-json\/wp\/v2\/pages\/578"}],"wp:attachment":[{"href":"https:\/\/elfsight.com\/de\/wp-json\/wp\/v2\/media?parent=17024"}],"curies":[{"name":"wp","href":"https:\/\/api.w.org\/{rel}","templated":true}]}}