{"id":17023,"date":"2024-05-03T06:34:15","date_gmt":"2024-05-03T06:34:15","guid":{"rendered":"https:\/\/elfsight.com\/de\/?page_id=17023"},"modified":"2024-11-08T09:17:07","modified_gmt":"2024-11-08T09:17:07","slug":"webflow","status":"publish","type":"page","link":"https:\/\/elfsight.com\/de\/countdown-timer-widget\/webflow\/","title":{"rendered":"Countdown Timer &#8211; Webflow"},"content":{"rendered":"\n<div class=\"application-platform-content-item-description application-platform-content-item\" id=\"description\" data-nav-section=\"description\"><h2>Betten Sie den Countdown-Timer in Webflow mit dem Elfsight-Widget ein<\/h2><p>Legen Sie mit der Elfsight Countdown-Uhr verkaufsf\u00f6rdernde Z\u00e4hlungen f\u00fcr Ihre Website fest. Heizen Sie die Atmosph\u00e4re an und schaffen Sie ein Gef\u00fchl der Knappheit Ihrer Produkte, indem Sie direkt vor den Augen der Besucher zeigen, wie schnell sie verkauft werden. Mit der Zeit bis zum Ende eines Sonderangebotszeitraums werden Ihre Besucher den Drang versp\u00fcren, etwas zu kaufen. Machen Sie auf Ihre zuk\u00fcnftigen Events oder besonderen Anl\u00e4sse aufmerksam und sorgen Sie daf\u00fcr, dass Kunden sehns\u00fcchtig auf den Start warten, indem Sie <a href=\"https:\/\/elfsight.com\/blog\/the-best-countdown-timer-widget-for-webflow-how-to-add-it-to-website\/\" target=\"_blank\" rel=\"noopener\">Hinzuf\u00fcgen eines Timers zu Webflow<\/a>.<\/p><p><b>Erzeugen Sie Aufregung beim Einkaufen und dr\u00e4ngen Sie Benutzer zum Kauf mehr.<\/b><\/p><p><b>Regen Sie K\u00e4ufer zum Einkaufen an, indem Sie ein Gef\u00fchl der Dringlichkeit hervorrufen.<\/b><br> Integrieren Sie Countdown-Timer, die die verbleibende Zeit bis zum Ende Ihres Verkaufszeitraums anzeigen Sonderangebote. Sie erzeugen ein Gef\u00fchl der Dringlichkeit und dr\u00e4ngen die Menschen dazu, schneller eine Kaufentscheidung zu treffen.<\/p><p><b>Demonstrieren Sie, dass der Lagerbestand der Artikel abnimmt und der wahrgenommene Wert der Artikel steigt.<\/b><br> Erwecken Sie ein Gef\u00fchl Sie k\u00f6nnen den Wettbewerb um Ihre Artikel verdeutlichen, indem Sie nachweisen, dass der Umsatz steigt und der Lagerbestand sinkt. Der Wert des Produkts wird steigen und die Kunden werden auch kaufen wollen.<\/p><p><b>Erregen Sie mehr Aufmerksamkeit auf Ihren saisonalen Sale mit einer speziellen Timer-Bar im Feiertagsstil.<\/b><br> Auff\u00e4llige Themenbars hilft Ihnen dabei, Sonderangebote und Ausverk\u00e4ufe zu bewerben. Holen Sie das Beste aus der Feiertagszeit heraus, um die Verk\u00e4ufe auf Ihrer Website anzukurbeln.<\/p><\/div><div class=\"application-platform-content-item-features application-platform-content-item\" id=\"features\" data-nav-section=\"features\"><h2>Hauptfunktionen des Countdown-Timer-Widgets<\/h2><p>Unser Webflow-Countdown-Timer ist Aktiviert mit Einstellungen und Anpassungen, die Ihnen dabei helfen, Ihre Gesch\u00e4ftsziele zu verfolgen und die Website attraktiv zu halten. Die am meisten gesch\u00e4tzten Funktionen dieses Widgets, die es zum besten Webflow-Plugin zum Einbetten machen:<\/p><ul><li>Auf- und Abw\u00e4rtsz\u00e4hler;<\/li><li>Option zum \u00d6ffnen des Schaltfl\u00e4chenlinks in einem neuen Tab; <\/li><li>Option zum Ausschalten jeder Zeiteinheit;<\/li><li>5 Feiertagsthemen f\u00fcr die beliebtesten Anl\u00e4sse;<\/li><li>Anpassbare Gr\u00f6\u00dfen von Timer und Schaltfl\u00e4che.<\/li><\/ul><p><a href=\"#demo\">\u00dcberpr\u00fcfen Sie sie alle<\/a><\/p><\/div><div class=\"application-platform-content-item-installation application-platform-content-item\" id=\"installation\" data-nav-section=\"installation\"><h2>So f\u00fcgen Sie den Countdown-Timer zur Webflow-Website hinzu<\/h2><div class=\"video-container\"><iframe width=\"720\" height=\"405\" src=\"https:\/\/www.youtube.com\/embed\/h5bZyE7Aads\" frameborder=\"0\" allowfullscreen=\"\"><\/iframe><\/div><p>Lesen Sie dieses kurze Handbuch, um den Countdown-Timer einzurichten, ohne \u00fcber Entwicklungskenntnisse zu verf\u00fcgen oder einen Neben-Webentwickler zu engagieren. Sie ben\u00f6tigen nur wenige Minuten, um das Plugin einzubetten.<\/p><ol><li><b>Erstellen Sie Ihr einzigartiges Countdown-Widget<\/b>.<br> Generieren Sie mit unserem kostenlosen Editor ein Plugin mit dem gew\u00fcnschten Aussehen und Funktionen.<\/li><li><b>Erhalten Sie den Code zum Einrichten des Plugins<\/b>.<br> Nach der Widget-Einstellung erhalten Sie den Code f\u00fcr das Countdown-Plugin aus der Popup-Benachrichtigung auf Elfsight Apps.<\/li><li><b>Zeigen Sie das Plugin auf Ihrer Website an<\/b>.<br> Betten Sie das Plugin an einer gew\u00fcnschten Stelle der Seite ein und ver\u00f6ffentlichen Sie die \u00c4nderungen.<\/li><li><b>Fertig!<\/b><br> Gehen Sie zu Ihrer Website, um Ihr Plugin zu sehen.<\/li><\/ol><p>Wenn Sie Hilfe beim Erstellen oder Einbetten des Plugins ben\u00f6tigen, steht Ihnen unser Team mit Rat und Tat zur Seite und bietet eine L\u00f6sung an Sehen Sie sich unsere Anleitung unter <a href=\"https:\/\/elfsight.com\/blog\/how-to-add-a-countdown-timer-to-webflow-for-free\/\" target=\"_blank\" rel=\"noopener noreferrer\">Countdowns zu Webflow hinzuf\u00fcgen<\/a>!<\/p><\/div><div class=\"faq\" data-component=\"FAQ\"><div class=\"faq-item\">\r\n\t\t\t\t\t<div class=\"faq-item-question\">\r\n\t\t\t\t\t\t<h3 class=\"faq-item-question-text\">Habe ich die M\u00f6glichkeit zu sehen, wie das Widget auf einer Website aussehen wird?<\/h3>\r\n\r\n\t\t\t\t\t\t<div class=\"faq-item-question-icon\"><\/div>\r\n\t\t\t\t\t<\/div>\r\n\r\n\t\t\t\t\t<div class=\"faq-item-answer\">\r\n\t\t\t\t\t\t<div class=\"faq-item-answer-text\"> <p>Auf jeden Fall! Bei der Entwicklung des Webflow-Timer-Plugins im <a href=\"https:\/\/elfsight.com\/countdown-timer-widget\/create\">kostenlosen Live-Widget-Builder<\/a> ber\u00fccksichtigen Sie alle \u00dcberarbeitungen auf der rechten Seite. Ihr Countdown wird genauso aussehen wie auf Ihrer Webflow-Site. <\/p><\/div>\r\n\t\t\t\t\t<\/div>\r\n\t\t\t\t<\/div><div class=\"faq-item\">\r\n\t\t\t\t\t<div class=\"faq-item-question\">\r\n\t\t\t\t\t\t<h3 class=\"faq-item-question-text\">Welche anderen Widgets sind ein Muss f\u00fcr eine Webflow-Website?<\/h3>\r\n\r\n\t\t\t\t\t\t<div class=\"faq-item-question-icon\"><\/div>\r\n\t\t\t\t\t<\/div>\r\n\r\n\t\t\t\t\t<div class=\"faq-item-answer\">\r\n\t\t\t\t\t\t<div class=\"faq-item-answer-text\"><p>Webflow ist eine Plattform, die es jedem erm\u00f6glicht, jede Art von Websites ohne Codierung zu erstellen Es ist eine gute Idee, Elfsight-Widgets hinzuzuf\u00fcgen, um die Funktionalit\u00e4t von Webflow-Websites zu verbessern.<\/p><p>Der Form Builder ist beispielsweise hilfreich beim Sammeln von Feedback und wichtigen Informationen von Kunden, w\u00e4hrend das Cookie-Zustimmungsbanner und das Popup-Widget hilfreich sind Sie, Ank\u00fcndigungen zu machen. Mithilfe von Instagram-Feed- und Slider-Widgets k\u00f6nnen Sie wundersch\u00f6ne Bilder Ihrer Produkte pr\u00e4sentieren. Dar\u00fcber hinaus stehen Ihnen zahlreiche Chats, E-Commerce-L\u00f6sungen und Formulare zur Verf\u00fcgung, um den Umsatz zu steigern und die Kommunikation mit Kunden zu erleichtern.<\/p><\/div>\r\n\t\t\t\t\t<\/div>\r\n\t\t\t\t<\/div><\/div>\n","protected":false},"excerpt":{"rendered":"","protected":false},"author":9,"featured_media":0,"parent":578,"menu_order":0,"comment_status":"closed","ping_status":"closed","template":"templates\/template-application-platform.php","meta":{"publish_to_discourse":"","publish_post_category":"","wpdc_auto_publish_overridden":"","wpdc_topic_tags":"","wpdc_pin_topic":"","wpdc_pin_until":"","discourse_post_id":"","discourse_permalink":"","wpdc_publishing_response":"","wpdc_publishing_error":"","footnotes":""},"class_list":["post-17023","page","type-page","status-publish","hentry"],"yoast_head":"<!-- This site is optimized with the Yoast SEO plugin v25.3.1 - https:\/\/yoast.com\/wordpress\/plugins\/seo\/ -->\n<title>Webflow-Countdown-Timer-Widget \u2013 Countdown-Timer zu Webflow hinzuf\u00fcgen [2025]<\/title>\n<meta name=\"description\" content=\"Entdecken Sie ein kostenloses Premium-Countdown-Timer-Widget f\u00fcr die Webflow-Website! Erstellen Sie mit Hilfe von Elfsight in nur 2 Minuten ein pers\u00f6nliches Widget.\" \/>\n<meta name=\"robots\" content=\"index, follow, max-snippet:-1, max-image-preview:large, max-video-preview:-1\" \/>\n<link rel=\"canonical\" href=\"https:\/\/elfsight.com\/de\/countdown-timer-widget\/webflow\/\" \/>\n<meta property=\"og:locale\" content=\"de_DE\" \/>\n<meta property=\"og:type\" content=\"article\" \/>\n<meta property=\"og:title\" content=\"Webflow-Countdown-Timer-Widget \u2013 Countdown-Timer zu Webflow hinzuf\u00fcgen [2025]\" \/>\n<meta property=\"og:description\" content=\"Entdecken Sie ein kostenloses Premium-Countdown-Timer-Widget f\u00fcr die Webflow-Website! Erstellen Sie mit Hilfe von Elfsight in nur 2 Minuten ein pers\u00f6nliches Widget.\" \/>\n<meta property=\"og:url\" content=\"https:\/\/elfsight.com\/de\/countdown-timer-widget\/webflow\/\" \/>\n<meta property=\"og:site_name\" content=\"Elfsight DE\" \/>\n<meta property=\"article:modified_time\" content=\"2024-11-08T09:17:07+00:00\" \/>\n<meta name=\"twitter:card\" content=\"summary_large_image\" \/>\n<meta name=\"twitter:label1\" content=\"Gesch\u00e4tzte Lesezeit\" \/>\n\t<meta name=\"twitter:data1\" content=\"4\u00a0Minuten\" \/>\n<!-- \/ Yoast SEO plugin. -->","yoast_head_json":{"title":"Webflow-Countdown-Timer-Widget \u2013 Countdown-Timer zu Webflow hinzuf\u00fcgen [2025]","description":"Entdecken Sie ein kostenloses Premium-Countdown-Timer-Widget f\u00fcr die Webflow-Website! Erstellen Sie mit Hilfe von Elfsight in nur 2 Minuten ein pers\u00f6nliches Widget.","robots":{"index":"index","follow":"follow","max-snippet":"max-snippet:-1","max-image-preview":"max-image-preview:large","max-video-preview":"max-video-preview:-1"},"canonical":"https:\/\/elfsight.com\/de\/countdown-timer-widget\/webflow\/","og_locale":"de_DE","og_type":"article","og_title":"Webflow-Countdown-Timer-Widget \u2013 Countdown-Timer zu Webflow hinzuf\u00fcgen [2025]","og_description":"Entdecken Sie ein kostenloses Premium-Countdown-Timer-Widget f\u00fcr die Webflow-Website! Erstellen Sie mit Hilfe von Elfsight in nur 2 Minuten ein pers\u00f6nliches Widget.","og_url":"https:\/\/elfsight.com\/de\/countdown-timer-widget\/webflow\/","og_site_name":"Elfsight DE","article_modified_time":"2024-11-08T09:17:07+00:00","twitter_card":"summary_large_image","twitter_misc":{"Gesch\u00e4tzte Lesezeit":"4\u00a0Minuten"},"schema":{"@context":"https:\/\/schema.org","@graph":[{"@type":"WebPage","@id":"https:\/\/elfsight.com\/de\/countdown-timer-widget\/webflow\/","url":"https:\/\/elfsight.com\/de\/countdown-timer-widget\/webflow\/","name":"Webflow-Countdown-Timer-Widget \u2013 Countdown-Timer zu Webflow hinzuf\u00fcgen [2025]","isPartOf":{"@id":"https:\/\/elfsight.com\/de\/#website"},"datePublished":"2024-05-03T06:34:15+00:00","dateModified":"2024-11-08T09:17:07+00:00","description":"Entdecken Sie ein kostenloses Premium-Countdown-Timer-Widget f\u00fcr die Webflow-Website! Erstellen Sie mit Hilfe von Elfsight in nur 2 Minuten ein pers\u00f6nliches Widget.","breadcrumb":{"@id":"https:\/\/elfsight.com\/de\/countdown-timer-widget\/webflow\/#breadcrumb"},"inLanguage":"de","potentialAction":[{"@type":"ReadAction","target":["https:\/\/elfsight.com\/de\/countdown-timer-widget\/webflow\/"]}]},{"@type":"BreadcrumbList","@id":"https:\/\/elfsight.com\/de\/countdown-timer-widget\/webflow\/#breadcrumb","itemListElement":[{"@type":"ListItem","position":1,"name":"Home","item":"https:\/\/elfsight.com\/de\/"},{"@type":"ListItem","position":2,"name":"Countdown Timer","item":"https:\/\/elfsight.com\/de\/countdown-timer-widget\/"},{"@type":"ListItem","position":3,"name":"Countdown Timer &#8211; Webflow"}]},{"@type":"WebSite","@id":"https:\/\/elfsight.com\/de\/#website","url":"https:\/\/elfsight.com\/de\/","name":"Elfsight DE","description":"Just another Elfsight Sites site","potentialAction":[{"@type":"SearchAction","target":{"@type":"EntryPoint","urlTemplate":"https:\/\/elfsight.com\/de\/?s={search_term_string}"},"query-input":{"@type":"PropertyValueSpecification","valueRequired":true,"valueName":"search_term_string"}}],"inLanguage":"de"}]}},"meta_box":{"industry":"","seo_heading":"","heading":"","description":"","cta_heading":"","cta_description":"","application":"474","h1":"Webflow-Countdown-Timer-Widget","h1_caption":"Richten Sie einen Countdown f\u00fcr wichtige Ereignisse oder Werbeaktionen ein, um Ihren Besuchern m\u00fchelos ein Gef\u00fchl der Dringlichkeit auf Ihrer Webflow-Website zu vermitteln.","application_category":[],"applications_title":"","applications_request_title":"","applications_request_button_text":"","hero_text":"","hero_video":"","hero_video_schema_markup":"","selling_points_title":"","selling_points_caption":"","selling_points":[],"selling_points_cta_text":"","features_title":"","features":"","ed_cta_examples_text":"","ed_cta_examples_hidden":"","ed_cta_demo_text":"","ed_cta_demo_hidden":"","why_caption":"","why_editor_title":"","why_editor_text":"","why_team_title":"","why_team_text":"","why_service_title":"","why_service_text":"","template_catalog_visible":"0","template_catalog_title":"","template_catalog_text":"","template_catalog_categories_visible":"","demo_title":"Erstellen Sie Ihr Countdown-Timer-Widget","demo_caption":"Konfigurieren Sie Ihren Countdown-Timer und f\u00fcgen Sie ihn kostenlos zu Ihrer Webflow-Website hinzu!","default_faq_hidden":"","app_template_category":[],"platform":"250","template_public_id":"","codecanyon_url":"","codecanyon_item_id":"","codecanyon_price":"","pricing_caption":"","pricing_elfsight_apps_hide_column":"","pricing_elfsight_apps_url":"","pricing_codecanyon_price_caption":"","integration_category":[],"integration_request_title":"","integration_request_cta":"","integration_platform":"","integrations":[],"platform_category":[],"video_schema_markup":"","price":"ab 0 $ \/ Monat","trial":"","benefits":[{"text":"Kostenloser Installationsservice"},{"text":"Kompetenter Kundensupport"},{"text":"14-t\u00e4gige R\u00fcckerstattungsgarantie"},{"text":"St\u00e4ndige Aktualisierung"}],"button_url":"#demo","button_target_blank":"0","button_nofollow":"0","attributes":[{"name":"Installiert","content":"100,000 - 500,000"},{"name":"Reaktionsfreudig","content":"Ja"},{"name":"Kompatible Browser","content":"Edge, Firefox, Safari, Chrome, Opera"}],"tags":[],"tags_disable_links":"0","hide_more_platforms":"","video_object":"","demo_hide_cta":"0","demo_hide_cloud_options":"0","pricing_title":"","pricing":[{"pricing_icon":"platform","pricing_title":"Elfsight Apps","pricing_title_caption":"Plattform\u00fcbergreifende digitale L\u00f6sung, die zu jeder Website passt","pricing_price":"ab 0 $ \/ Monat","pricing_price_caption":"Beginnen Sie mit einem kostenlosen Plan","pricing_benefits":[{"text":"Unbegrenzte Websites"},{"text":"Premium-Kundensupport"},{"text":"Kostenlose Installationshilfe"},{"text":"Flexibles Design"}],"pricing_button_text":"Zur Website hinzuf\u00fcgen","pricing_button_url":"#demo"}],"related_apps_title":"","related_apps_hidden":"0","author":"","image":[],"title":"","job":"","social_networks":[]},"_links":{"self":[{"href":"https:\/\/elfsight.com\/de\/wp-json\/wp\/v2\/pages\/17023","targetHints":{"allow":["GET"]}}],"collection":[{"href":"https:\/\/elfsight.com\/de\/wp-json\/wp\/v2\/pages"}],"about":[{"href":"https:\/\/elfsight.com\/de\/wp-json\/wp\/v2\/types\/page"}],"author":[{"embeddable":true,"href":"https:\/\/elfsight.com\/de\/wp-json\/wp\/v2\/users\/9"}],"replies":[{"embeddable":true,"href":"https:\/\/elfsight.com\/de\/wp-json\/wp\/v2\/comments?post=17023"}],"version-history":[{"count":4,"href":"https:\/\/elfsight.com\/de\/wp-json\/wp\/v2\/pages\/17023\/revisions"}],"predecessor-version":[{"id":22734,"href":"https:\/\/elfsight.com\/de\/wp-json\/wp\/v2\/pages\/17023\/revisions\/22734"}],"up":[{"embeddable":true,"href":"https:\/\/elfsight.com\/de\/wp-json\/wp\/v2\/pages\/578"}],"wp:attachment":[{"href":"https:\/\/elfsight.com\/de\/wp-json\/wp\/v2\/media?parent=17023"}],"curies":[{"name":"wp","href":"https:\/\/api.w.org\/{rel}","templated":true}]}}