{"id":17018,"date":"2024-05-03T06:34:14","date_gmt":"2024-05-03T06:34:14","guid":{"rendered":"https:\/\/elfsight.com\/de\/?page_id=17018"},"modified":"2024-11-08T09:17:07","modified_gmt":"2024-11-08T09:17:07","slug":"joomla","status":"publish","type":"page","link":"https:\/\/elfsight.com\/de\/countdown-timer-widget\/joomla\/","title":{"rendered":"Countdown Timer &#8211; Joomla"},"content":{"rendered":"\n<div class=\"application-platform-content-item-description application-platform-content-item\" id=\"description\" data-nav-section=\"description\">\n<h2>Beschreibung<\/h2>\n<p>Erstellen Sie mit dem Countdown-Modul von Elfsight verkaufssteigernde Timer f\u00fcr Ihre Website. Sch\u00fcren Sie die Atmosph\u00e4re und vermitteln Sie ein Gef\u00fchl von Defiziten bei Ihren Angeboten, indem Sie zeigen, wie schnell diese ausverkauft sind. Dr\u00fccken Sie die Benutzer zum Kauf, w\u00e4hrend die Zeit bis zum Ende des Sonderangebotszeitraums abl\u00e4uft. K\u00fcndigen Sie Ihre zuk\u00fcnftigen Anl\u00e4sse oder Produkteinf\u00fchrungen an und sorgen Sie daf\u00fcr, dass Ihre Kundschaft sehns\u00fcchtig auf sie wartet, indem Sie den Countdown bis zum Start demonstrieren.<\/p>\n<p><b>Machen Sie Ihre Veranstaltungen und Verk\u00e4ufe unumg\u00e4nglich und ziehen Sie mehr Eink\u00e4ufe an.<\/b><\/p>\n<p><b>Regen Sie Ihre Besucher zum Einkaufen an, indem Sie ein Gef\u00fchl der Dringlichkeit hervorrufen.<\/b><br> Machen Sie Ihren Kunden Angst, Ihre g\u00fcnstigen Preise zu verpassen, w\u00e4hrend die Zeit immer knapper wird. Dadurch k\u00f6nnen Kunden schneller einkaufen und die Verk\u00e4ufe auf Ihrer Website steigern.<\/p>\n<p><b>Zeigen Sie, dass der Lagerbestand sinkt, um den wahrgenommenen Wert der Artikel zu erh\u00f6hen.<\/b><br> Erstellen Sie einen Lagerbestandsz\u00e4hler. Zeigen Sie, dass Ihre Waren wie warme Semmeln vergehen und defizit\u00e4r werden. Dadurch sch\u00e4tzen die Leute die Artikel noch mehr und werden begierig, sie auch zu kaufen.<\/p>\n<p><b>Machen Sie mehr Aufmerksamkeit auf Ihre Verk\u00e4ufe, indem Sie eine spezielle Countdown-Leiste zum Thema Feiertage verwenden.<\/b><br> Die Anzeige ist eine ansprechende Themenverkaufsbar f\u00fcr Feiertage und besondere Anl\u00e4sse. Es spiegelt die Urlaubsstimmung wider und bewirbt Ihre tollen Angebote, damit Sie in der profitablen Saison verkaufen k\u00f6nnen.<\/p>\n<\/div>\n\n<div class=\"application-platform-content-item-features application-platform-content-item\" id=\"features\" data-nav-section=\"features\">\n<h2>Funktionen<\/h2>\n<p>5 Attribute, die unser Modul zur idealen L\u00f6sung f\u00fcr die Joomla-Website machen:<\/p>\n<ul>\n<li>Option zum Festlegen von Start- und Enddatum und -uhrzeit;<\/li>\n<li>Bearbeitbarer Schaltfl\u00e4chentext;<\/li>\n<li>Vier Zeiteinheiten: Tage, Stunden, Minuten, Sekunden;<\/li>\n<li>5 Feiertagsthemen f\u00fcr die beliebtesten Anl\u00e4sse;<\/li>\n<li>Anpassbare Gr\u00f6\u00dfen von Timer und Taste.<\/li>\n<\/ul>\n<p><a href=\"#demo\">Testen Sie die vollst\u00e4ndige Liste der Eigenschaften in der Demo!<\/a><\/p>\n<\/div>\n\n<div class=\"application-platform-content-item-installation application-platform-content-item\" id=\"installation\" data-nav-section=\"installation\">\n<h2>So f\u00fcgen Sie den Countdown-Timer zu Ihrer Joomla-Website hinzu<\/h2>\n<div class=\"video-container\">\n    <iframe width=\"720\" height=\"405\" src=\"https:\/\/www.youtube.com\/embed\/sp1GYC0i__Q\" frameborder=\"0\" allowfullscreen=\"\"><\/iframe>\n<\/div>\n<p>F\u00fchren Sie einfach die unten angegebenen Schritte aus, um die Erweiterung auf Joomla zu aktivieren.<\/p>\n<ol>\n<li><b>Starten Sie unsere kostenlose Demo und beginnen Sie mit der Gestaltung Ihres ma\u00dfgeschneiderten Widgets.<\/b><br> Geben Sie das passende Design und die Spezifikationen der Erweiterung an und speichern Sie die \u00c4nderungen.<\/li>\n<li><b>Erhalten Sie Ihren individuellen Code, der in der Box auf Elfsight Apps angezeigt wird.<\/b><br> Sobald die Anpassung Ihrer pers\u00f6nlichen Countdown-Timer-Erweiterung abgeschlossen ist, kopieren Sie den individuellen Code aus dem erscheinenden Fenster und bewahren Sie ihn f\u00fcr die zuk\u00fcnftige Verwendung auf.<\/li>\n<li><b>Beginnen Sie mit der Verwendung des Plugins auf Ihrer Joomla-Website.<\/b><br> Platzieren Sie den Code, den Sie k\u00fcrzlich gespeichert haben, auf Ihrer Website und speichern Sie die \u00c4nderungen.<\/li>\n<li><b>Du bist fertig! Die Einbettung ist vollst\u00e4ndig durchgef\u00fchrt.<\/b><br> Besuchen Sie Ihre Seite, um zu \u00fcberpr\u00fcfen, wie das Plugin funktioniert.<\/li>\n<\/ol>\n<p>Haben Sie Probleme oder Fragen bei der Installation? Hinterlassen Sie Ihre Nachricht mit einer Erl\u00e4uterung des Problems an das Support-Team von Elfsight. Wir werden unser Bestes tun, um L\u00f6sungen anzubieten. Oder versuchen Sie, eine <a href=\"https:\/\/elfsight.com\/tutorials\/how-to-add-countdown-timer-to-joomla\/\" target=\"_blank\" rel=\"noopener noreferrer\">gr\u00fcndliche Anleitung<\/a> zu lesen.<\/p>\n<\/div>\n\n<div class=\"faq\" data-component=\"FAQ\">\n<div class=\"faq-item\">\r\n\t\t\t\t\t<div class=\"faq-item-question\">\r\n\t\t\t\t\t\t<h3 class=\"faq-item-question-text\">Wie kann ich ohne Programmierkenntnisse einen Countdown-Timer zu meiner Joomla-Website hinzuf\u00fcgen?<\/h3>\r\n\r\n\t\t\t\t\t\t<div class=\"faq-item-question-icon\"><\/div>\r\n\t\t\t\t\t<\/div>\r\n\r\n\t\t\t\t\t<div class=\"faq-item-answer\">\r\n\t\t\t\t\t\t<div class=\"faq-item-answer-text\">\n<p>Elfsight bietet eine SaaS-L\u00f6sung, mit der Sie selbst ein Countdown-Timer-Widget erstellen k\u00f6nnen. Sehen Sie, wie einfach der Vorgang ist: Erstellen Sie direkt im Online-Editor ein Countdown-Timer-Widget, das Sie gerne auf Ihrer Joomla-Website sehen w\u00fcrden. W\u00e4hlen Sie eine der vorgefertigten Vorlagen aus und passen Sie die Countdown-Timer-Einstellungen an, f\u00fcgen Sie Ihre Inhalte hinzu, \u00e4ndern Sie das Layout und die Farben \u2013 alles ohne Programmierkenntnisse. Speichern Sie den Countdown-Timer und kopieren Sie seinen Installationscode, den Sie problemlos zu Ihrer Joomla-Website hinzuf\u00fcgen k\u00f6nnen, ohne einen kostenpflichtigen Plan kaufen zu m\u00fcssen. Mit unserem intuitiven Editor kann jeder Internetnutzer online ein Countdown-Timer-Widget erstellen und es einfach in seine Joomla-Website einbetten. Sie m\u00fcssen weder bezahlen noch Ihre Kartendaten eingeben, um auf den Service zuzugreifen. Sollten bei irgendeinem Schritt Probleme auftreten, wenden Sie sich bitte an unser technisches Support-Team.<\/p>\n<\/div>\r\n\t\t\t\t\t<\/div>\r\n\t\t\t\t<\/div>\n<\/div>\n\n","protected":false},"excerpt":{"rendered":"","protected":false},"author":9,"featured_media":0,"parent":578,"menu_order":0,"comment_status":"closed","ping_status":"closed","template":"templates\/template-application-platform.php","meta":{"publish_to_discourse":"","publish_post_category":"","wpdc_auto_publish_overridden":"","wpdc_topic_tags":"","wpdc_pin_topic":"","wpdc_pin_until":"","discourse_post_id":"","discourse_permalink":"","wpdc_publishing_response":"","wpdc_publishing_error":"","footnotes":""},"class_list":["post-17018","page","type-page","status-publish","hentry"],"yoast_head":"<!-- This site is optimized with the Yoast SEO plugin v25.3.1 - https:\/\/yoast.com\/wordpress\/plugins\/seo\/ -->\n<title>Das beste Joomla Countdown-Timer-Modul f\u00fcr die Website (2025)<\/title>\n<meta name=\"description\" content=\"Stellen Sie in nur 1 Minute Ihr individuelles Countdown-Timer-Modul f\u00fcr Joomla ein. Sehen Sie sich die schnellste Demo zum Generieren von Widgets von Elfsight an. Es ist v\u00f6llig kostenlos.\" \/>\n<meta name=\"robots\" content=\"index, follow, max-snippet:-1, max-image-preview:large, max-video-preview:-1\" \/>\n<link rel=\"canonical\" href=\"https:\/\/elfsight.com\/de\/countdown-timer-widget\/joomla\/\" \/>\n<meta property=\"og:locale\" content=\"de_DE\" \/>\n<meta property=\"og:type\" content=\"article\" \/>\n<meta property=\"og:title\" content=\"Das beste Joomla Countdown-Timer-Modul f\u00fcr die Website (2025)\" \/>\n<meta property=\"og:description\" content=\"Stellen Sie in nur 1 Minute Ihr individuelles Countdown-Timer-Modul f\u00fcr Joomla ein. Sehen Sie sich die schnellste Demo zum Generieren von Widgets von Elfsight an. Es ist v\u00f6llig kostenlos.\" \/>\n<meta property=\"og:url\" content=\"https:\/\/elfsight.com\/de\/countdown-timer-widget\/joomla\/\" \/>\n<meta property=\"og:site_name\" content=\"Elfsight DE\" \/>\n<meta property=\"article:modified_time\" content=\"2024-11-08T09:17:07+00:00\" \/>\n<meta name=\"twitter:card\" content=\"summary_large_image\" \/>\n<meta name=\"twitter:label1\" content=\"Gesch\u00e4tzte Lesezeit\" \/>\n\t<meta name=\"twitter:data1\" content=\"4\u00a0Minuten\" \/>\n<!-- \/ Yoast SEO plugin. -->","yoast_head_json":{"title":"Das beste Joomla Countdown-Timer-Modul f\u00fcr die Website (2025)","description":"Stellen Sie in nur 1 Minute Ihr individuelles Countdown-Timer-Modul f\u00fcr Joomla ein. Sehen Sie sich die schnellste Demo zum Generieren von Widgets von Elfsight an. Es ist v\u00f6llig kostenlos.","robots":{"index":"index","follow":"follow","max-snippet":"max-snippet:-1","max-image-preview":"max-image-preview:large","max-video-preview":"max-video-preview:-1"},"canonical":"https:\/\/elfsight.com\/de\/countdown-timer-widget\/joomla\/","og_locale":"de_DE","og_type":"article","og_title":"Das beste Joomla Countdown-Timer-Modul f\u00fcr die Website (2025)","og_description":"Stellen Sie in nur 1 Minute Ihr individuelles Countdown-Timer-Modul f\u00fcr Joomla ein. Sehen Sie sich die schnellste Demo zum Generieren von Widgets von Elfsight an. Es ist v\u00f6llig kostenlos.","og_url":"https:\/\/elfsight.com\/de\/countdown-timer-widget\/joomla\/","og_site_name":"Elfsight DE","article_modified_time":"2024-11-08T09:17:07+00:00","twitter_card":"summary_large_image","twitter_misc":{"Gesch\u00e4tzte Lesezeit":"4\u00a0Minuten"},"schema":{"@context":"https:\/\/schema.org","@graph":[{"@type":"WebPage","@id":"https:\/\/elfsight.com\/de\/countdown-timer-widget\/joomla\/","url":"https:\/\/elfsight.com\/de\/countdown-timer-widget\/joomla\/","name":"Das beste Joomla Countdown-Timer-Modul f\u00fcr die Website (2025)","isPartOf":{"@id":"https:\/\/elfsight.com\/de\/#website"},"datePublished":"2024-05-03T06:34:14+00:00","dateModified":"2024-11-08T09:17:07+00:00","description":"Stellen Sie in nur 1 Minute Ihr individuelles Countdown-Timer-Modul f\u00fcr Joomla ein. Sehen Sie sich die schnellste Demo zum Generieren von Widgets von Elfsight an. Es ist v\u00f6llig kostenlos.","breadcrumb":{"@id":"https:\/\/elfsight.com\/de\/countdown-timer-widget\/joomla\/#breadcrumb"},"inLanguage":"de","potentialAction":[{"@type":"ReadAction","target":["https:\/\/elfsight.com\/de\/countdown-timer-widget\/joomla\/"]}]},{"@type":"BreadcrumbList","@id":"https:\/\/elfsight.com\/de\/countdown-timer-widget\/joomla\/#breadcrumb","itemListElement":[{"@type":"ListItem","position":1,"name":"Home","item":"https:\/\/elfsight.com\/de\/"},{"@type":"ListItem","position":2,"name":"Countdown Timer","item":"https:\/\/elfsight.com\/de\/countdown-timer-widget\/"},{"@type":"ListItem","position":3,"name":"Countdown Timer &#8211; Joomla"}]},{"@type":"WebSite","@id":"https:\/\/elfsight.com\/de\/#website","url":"https:\/\/elfsight.com\/de\/","name":"Elfsight DE","description":"Just another Elfsight Sites site","potentialAction":[{"@type":"SearchAction","target":{"@type":"EntryPoint","urlTemplate":"https:\/\/elfsight.com\/de\/?s={search_term_string}"},"query-input":{"@type":"PropertyValueSpecification","valueRequired":true,"valueName":"search_term_string"}}],"inLanguage":"de"}]}},"meta_box":{"industry":"","seo_heading":"","heading":"","description":"","cta_heading":"","cta_description":"","application":"474","h1":"Joomla Countdown-Timer-Modul","h1_caption":"Richten Sie einen Countdown f\u00fcr wichtige Ereignisse oder Werbeaktionen ein, um Ihren Besuchern m\u00fchelos ein Gef\u00fchl der Dringlichkeit auf Ihrer Joomla-Website zu vermitteln.","application_category":[],"applications_title":"","applications_request_title":"","applications_request_button_text":"","hero_text":"","hero_video":"","hero_video_schema_markup":"","selling_points_title":"","selling_points_caption":"","selling_points":[],"selling_points_cta_text":"","features_title":"","features":"","ed_cta_examples_text":"","ed_cta_examples_hidden":"","ed_cta_demo_text":"","ed_cta_demo_hidden":"","why_caption":"","why_editor_title":"","why_editor_text":"","why_team_title":"","why_team_text":"","why_service_title":"","why_service_text":"","template_catalog_visible":"0","template_catalog_title":"","template_catalog_text":"","template_catalog_categories_visible":"","demo_title":"Erstellen Sie Ihr Countdown-Timer-Plugin","demo_caption":"Konfigurieren Sie Ihren Countdown-Timer und f\u00fcgen Sie ihn kostenlos zu Ihrer Joomla-Website hinzu!","default_faq_hidden":"","app_template_category":[],"platform":"259","template_public_id":"","codecanyon_url":"","codecanyon_item_id":"","codecanyon_price":"","pricing_caption":"","pricing_elfsight_apps_hide_column":"","pricing_elfsight_apps_url":"","pricing_codecanyon_price_caption":"","integration_category":[],"integration_request_title":"","integration_request_cta":"","integration_platform":"","integrations":[],"platform_category":[],"video_schema_markup":"","price":"ab 0 $ \/ Monat","trial":"","benefits":[{"text":"Kostenloser Installationsservice"},{"text":"Erfahrener Kundensupport"},{"text":"14-t\u00e4gige Geld-zur\u00fcck-Garantie"},{"text":"Lebenslange Verbesserungen"}],"button_url":"#demo","button_target_blank":"0","button_nofollow":"0","attributes":[{"name":"Installiert","content":"100,000 - 500,000"},{"name":"Reaktionsfreudig","content":"Ja"},{"name":"Kompatible Browser","content":"Firefox, Safari, Opera, Chrome, Edge"}],"tags":[],"tags_disable_links":"0","hide_more_platforms":"","video_object":"","demo_hide_cta":"0","demo_hide_cloud_options":"0","pricing_title":"","pricing":[{"pricing_icon":"platform","pricing_title":"Elfsight Apps","pricing_title_caption":"Plattform\u00fcbergreifende digitale L\u00f6sung, die auf jeder Website funktioniert","pricing_price":"ab 0 $ \/ Monat","pricing_price_caption":"Beginnen Sie mit einem kostenlosen Plan","pricing_benefits":[{"text":"Unbegrenzte Domains"},{"text":"Engagierte Unterst\u00fctzung"},{"text":"Kostenlose Installationsunterst\u00fctzung"},{"text":"Sonderangebot f\u00fcr mehrere Apps"}],"pricing_button_text":"Zur Website hinzuf\u00fcgen","pricing_button_url":"#demo"}],"related_apps_title":"","related_apps_hidden":"0","author":"","image":[],"title":"","job":"","social_networks":[]},"_links":{"self":[{"href":"https:\/\/elfsight.com\/de\/wp-json\/wp\/v2\/pages\/17018","targetHints":{"allow":["GET"]}}],"collection":[{"href":"https:\/\/elfsight.com\/de\/wp-json\/wp\/v2\/pages"}],"about":[{"href":"https:\/\/elfsight.com\/de\/wp-json\/wp\/v2\/types\/page"}],"author":[{"embeddable":true,"href":"https:\/\/elfsight.com\/de\/wp-json\/wp\/v2\/users\/9"}],"replies":[{"embeddable":true,"href":"https:\/\/elfsight.com\/de\/wp-json\/wp\/v2\/comments?post=17018"}],"version-history":[{"count":4,"href":"https:\/\/elfsight.com\/de\/wp-json\/wp\/v2\/pages\/17018\/revisions"}],"predecessor-version":[{"id":22415,"href":"https:\/\/elfsight.com\/de\/wp-json\/wp\/v2\/pages\/17018\/revisions\/22415"}],"up":[{"embeddable":true,"href":"https:\/\/elfsight.com\/de\/wp-json\/wp\/v2\/pages\/578"}],"wp:attachment":[{"href":"https:\/\/elfsight.com\/de\/wp-json\/wp\/v2\/media?parent=17018"}],"curies":[{"name":"wp","href":"https:\/\/api.w.org\/{rel}","templated":true}]}}