{"id":17017,"date":"2024-05-03T06:34:13","date_gmt":"2024-05-03T06:34:13","guid":{"rendered":"https:\/\/elfsight.com\/de\/?page_id=17017"},"modified":"2025-07-08T10:33:05","modified_gmt":"2025-07-08T10:33:05","slug":"magento","status":"publish","type":"page","link":"https:\/\/elfsight.com\/de\/countdown-timer-widget\/magento\/","title":{"rendered":"Countdown Timer &#8211; Magento"},"content":{"rendered":"<div class=\"application-platform-content-item-description application-platform-content-item\" id=\"description\" data-nav-section=\"description\"><h2>Beschreibung<\/h2><p>Zeigen Sie verkaufsgenerierende Timer f\u00fcr Ihre Website mit der Elfsight Countdown-Erweiterung an. Heizen Sie die Atmosph\u00e4re an und erwecken Sie das Gef\u00fchl der begrenzten Verf\u00fcgbarkeit Ihrer Waren, indem Sie direkt vor den Augen des Publikums zeigen, wie schnell diese gekauft werden. \u00dcberzeugen Sie Benutzer, sofort zu kaufen, indem Sie einen Countdown zum Aktionszeitraum anzeigen. Machen Sie auf Ihre zuk\u00fcnftigen Veranstaltungen oder Feiertage aufmerksam. Z\u00e4hlen Sie die Tage und sorgen Sie daf\u00fcr, dass sich Ihr Publikum auf den Start freut.<\/p><p><b>Machen Sie Ihre zuk\u00fcnftigen Veranstaltungen und Verk\u00e4ufe un\u00fcbersehbar und steigern Sie Ihren Gewinn.<\/b><\/p><p> <b>Ermutigen Sie Ihr Publikum zum Einkaufen, indem Sie ihm ein Gef\u00fchl der Dringlichkeit vermitteln. <\/b><br> Machen Sie Ihrem Publikum Angst, Ihr Sonderangebot oder Ihren Sonderverkauf zu verpassen, w\u00e4hrend die Zeit immer knapper wird. Dies ist ein gro\u00dfer Anreiz, schneller einzukaufen, und steigert die Verk\u00e4ufe auf Ihrer Website.<\/p><p><b>Zeigen Sie, dass der Lagerbestand sinkt, und erh\u00f6hen Sie den wahrgenommenen Wert und die Beliebtheit Ihrer Waren.<\/b><br> Erwecken Sie ein Gef\u00fchl der Konkurrenz um Ihre Artikel, indem Sie zeigen, wie die Zahl der Verk\u00e4ufe steigt und der Lagerbestand sinkt. Geben Sie den Nutzern das Gef\u00fchl, dass sie das Angebot verpassen k\u00f6nnten, und beeilen Sie sich, es jetzt zu bekommen.<\/p><p><b>Machen Sie mehr Aufmerksamkeit auf Ihren Verkaufszeitraum mit Hilfe einer auff\u00e4lligen Countdown-Leiste im Feiertagsstil.<\/b> <br> Richten Sie eine helle thematische Verkaufsbar f\u00fcr Feiertage und besondere Anl\u00e4sse ein. Es verleiht Ihrer Website Urlaubsstimmung und f\u00f6rdert Ihre profitablen Angebote, sodass niemand sie verpassen kann. Verkaufen Sie mehr w\u00e4hrend einer profitablen Saison.<\/p><div class=\"faq\" data-component=\"FAQ\"><div class=\"faq-item\">\r\n\t\t\t\t\t<div class=\"faq-item-question\">\r\n\t\t\t\t\t\t<h3 class=\"faq-item-question-text\">Wie f\u00fcge ich den Countdown-Timer zu einer Magento-Seite hinzu?<\/h3>\r\n\r\n\t\t\t\t\t\t<div class=\"faq-item-question-icon\"><\/div>\r\n\t\t\t\t\t<\/div>\r\n\r\n\t\t\t\t\t<div class=\"faq-item-answer\">\r\n\t\t\t\t\t\t<div class=\"faq-item-answer-text\"><p>Sie f\u00fcgen ein Countdown-Timer-Plugin hinzu ein paar Sekunden. Sie ben\u00f6tigen keine Kenntnisse in Webprogrammierung. <\/p><ol><li>Regulieren Sie die Countdown-Timer-Erweiterung f\u00fcr Magento im kostenlosen Konfigurator. <\/li> <li>Klicken Sie auf den Code, um ihn zu erhalten. <\/li> <li>Betten Sie den Code an der gew\u00fcnschten Stelle in der Magento-Vorlage ein. <\/li> <li>Verstanden! Die Integration des Countdown-Timer-Plugins auf Magento ist beendet! <\/li><\/ol><p>Haben Sie Probleme beim Einf\u00fcgen des Plugins auf die Website oder beim Einstellen des Countdown-Timers? Die ausf\u00fchrliche Anleitung finden Sie <a href=\"https:\/\/elfsight.com\/tutorials\/how-to-add-countdown-timer-to-any-website\/#magento-2-countdown-timer\">auf dieser Seite <\/a>. <\/p><\/div>\r\n\t\t\t\t\t<\/div>\r\n\t\t\t\t<\/div><div class=\"faq-item\">\r\n\t\t\t\t\t<div class=\"faq-item-question\">\r\n\t\t\t\t\t\t<h3 class=\"faq-item-question-text\">Gibt es eine Chance zu sehen, wie das Plugin auf einer Website aussehen wird?<\/h3>\r\n\r\n\t\t\t\t\t\t<div class=\"faq-item-question-icon\"><\/div>\r\n\t\t\t\t\t<\/div>\r\n\r\n\t\t\t\t\t<div class=\"faq-item-answer\">\r\n\t\t\t\t\t\t<div class=\"faq-item-answer-text\"><p>Absolut! Wenn Sie das Magento Timer-Plugin <a href=\"https:\/\/elfsight.com\/countdown-timer-widget\/#demo\">im Online-Editor<\/a> erstellen, sehen Sie alle \u00c4nderungen im rechten Teil Es. Ihr Countdown wird genauso aussehen wie auf einer Magento-Website. <\/p><\/div>\r\n\t\t\t\t\t<\/div>\r\n\t\t\t\t<\/div><div class=\"faq-item\">\r\n\t\t\t\t\t<div class=\"faq-item-question\">\r\n\t\t\t\t\t\t<h3 class=\"faq-item-question-text\">Welche anderen Widgets sind ein Muss f\u00fcr eine Magento-Website?<\/h3>\r\n\r\n\t\t\t\t\t\t<div class=\"faq-item-question-icon\"><\/div>\r\n\t\t\t\t\t<\/div>\r\n\r\n\t\t\t\t\t<div class=\"faq-item-answer\">\r\n\t\t\t\t\t\t<div class=\"faq-item-answer-text\"><p>Magento wird von vielen verwendet, um ansprechende Einkaufserlebnisse auf E-Commerce-Websites zu schaffen. Um die Online-Leistung zu verbessern und die Konversionsraten zu steigern, k\u00f6nnen Sie zahlreiche Elfsight-Produkte verwenden.<\/p><p>Mit Elfsight <a href=\"https:\/\/elfsight.com\/whatsapp-chat-widget\/magento\/\">WhatsApp Chat <\/a> und <a href=\"https:\/\/elfsight.com\/facebook-chat-widget\/magento\/\">Facebook-Chat<\/a>-Buttons steigern Sie Ihren Umsatz und verbessern die Kommunikation mit Kunden, mit <a href=\"https:\/\/elfsight.com\/amazon-reviews-widget\/magento\/\">Amazon<\/a> und <a href=\"https:\/\/elfsight.com\/google-reviews-widget\/magento\/\">Google Bewertungen<\/a> Sie k\u00f6nnen gro\u00dfartiges Feedback Ihrer bestehenden Kunden mit <a href=\"https:\/\/elfsight.com\/instagram-feed-instashow\/magento\/\">Instagram-Feed<\/a> teilen Ich rufe eine gro\u00dfartige Fotogalerie von Ihrem fantastischen Profil ab.<\/p><\/div>\r\n\t\t\t\t\t<\/div>\r\n\t\t\t\t<\/div><\/div><\/div><div class=\"application-platform-content-item-features application-platform-content-item\" id=\"features\" data-nav-section=\"features\"><h2>Funktionen<\/h2><p>Wichtige Funktionen von Elfsight Countdown, der es zur perfekten Magento-L\u00f6sung zum Einf\u00fcgen der Erweiterung macht:<\/p><ul><li>Zwei Aktionen nach Ablauf des Timers: Timer ausblenden oder Nachricht anzeigen;<\/li><li>Option zum \u00d6ffnen der Schaltfl\u00e4che Link in einem neuen Tab;<\/li><li>Bearbeitbarer Text der Timer-Endmeldung;<\/li><li>Vier Positionsvarianten: statisch oben, schwebend oben oder unten und benutzerdefinierte Position;<\/li><li> Sauberes Design, das eine nahtlose Integration in jedes Website-Konzept gew\u00e4hrleistet.<\/li><\/ul><p><a href=\"#demo\">Alles testen<\/a><\/p><\/div><div class=\"application-platform-content-item- Installation application-platform-content-item\" id=\" Installation\" data-nav-section=\" Installation\"><h2>So f\u00fcgen Sie den Countdown-Timer zur Magento-Website hinzu<\/h2><p>Befolgen Sie einfach die folgenden Richtlinien, um das Tool auf Magento hinzuzuf\u00fcgen.<\/p> <ol><li><b>F\u00fchren Sie unsere kostenlose Demo durch und beginnen Sie mit der Gestaltung Ihrer ma\u00dfgeschneiderten Timer-Erweiterung. <\/b><br> W\u00e4hlen Sie das benutzerdefinierte Layout und die Eigenschaften des Widgets und speichern Sie die Korrekturen. <\/li> <li><b>Erhalten Sie den pers\u00f6nlichen Code, der in der Box auf Elfsight Apps angezeigt wird. <\/b><br> Wenn die Generierung Ihrer pers\u00f6nlichen Erweiterung abgeschlossen ist, kopieren Sie den exklusiven Code aus dem angezeigten Fenster und speichern Sie ihn zur sp\u00e4teren Verwendung. <\/li> <li><b>Beginnen Sie mit der Nutzung des Tools auf der Magento-Homepage. <\/b><br> Integrieren Sie den zuvor kopierten Code in Ihre Homepage und \u00fcbernehmen Sie die \u00c4nderungen. <\/li> <li><b>Die Installation wurde erfolgreich durchgef\u00fchrt. <\/b><br> Sehen Sie sich auf Ihrer Website an, wie die Erweiterung funktioniert. <\/li><\/ol><p>Haben Sie Probleme beim Erstellen oder Anpassen des Plugins auf einer Website? Senden Sie Ihre Frage an unser Support-Team oder lesen Sie unsere <a href=\"https:\/\/elfsight.com\/tutorials\/how-to-add-countdown-timer-to-magento-website\/\" target=\"_blank\" rel=\"noopener noreferrer\">ausf\u00fchrliches Tutorial<\/a>.<\/p><\/div>","protected":false},"excerpt":{"rendered":"","protected":false},"author":9,"featured_media":0,"parent":578,"menu_order":0,"comment_status":"closed","ping_status":"closed","template":"templates\/template-application-platform.php","meta":{"publish_to_discourse":"","publish_post_category":"","wpdc_auto_publish_overridden":"","wpdc_topic_tags":"","wpdc_pin_topic":"","wpdc_pin_until":"","discourse_post_id":"","discourse_permalink":"","wpdc_publishing_response":"","wpdc_publishing_error":"","footnotes":""},"class_list":["post-17017","page","type-page","status-publish","hentry"],"yoast_head":"<!-- This site is optimized with the Yoast SEO plugin v25.3.1 - https:\/\/yoast.com\/wordpress\/plugins\/seo\/ -->\n<title>Die beste Magento-Countdown-Timer-Erweiterung f\u00fcr Websites (2025)<\/title>\n<meta name=\"description\" content=\"Testen Sie kostenlos die beste Countdown-Timer-Erweiterung f\u00fcr Magento. Eine einfache und schnelle Einrichtung ohne Programmierkenntnisse in nur 2 Minuten.\" \/>\n<meta name=\"robots\" content=\"index, follow, max-snippet:-1, max-image-preview:large, max-video-preview:-1\" \/>\n<link rel=\"canonical\" href=\"https:\/\/elfsight.com\/de\/countdown-timer-widget\/magento\/\" \/>\n<meta property=\"og:locale\" content=\"de_DE\" \/>\n<meta property=\"og:type\" content=\"article\" \/>\n<meta property=\"og:title\" content=\"Die beste Magento-Countdown-Timer-Erweiterung f\u00fcr Websites (2025)\" \/>\n<meta property=\"og:description\" content=\"Testen Sie kostenlos die beste Countdown-Timer-Erweiterung f\u00fcr Magento. Eine einfache und schnelle Einrichtung ohne Programmierkenntnisse in nur 2 Minuten.\" \/>\n<meta property=\"og:url\" content=\"https:\/\/elfsight.com\/de\/countdown-timer-widget\/magento\/\" \/>\n<meta property=\"og:site_name\" content=\"Elfsight DE\" \/>\n<meta property=\"article:modified_time\" content=\"2025-07-08T10:33:05+00:00\" \/>\n<meta name=\"twitter:card\" content=\"summary_large_image\" \/>\n<meta name=\"twitter:label1\" content=\"Gesch\u00e4tzte Lesezeit\" \/>\n\t<meta name=\"twitter:data1\" content=\"4\u00a0Minuten\" \/>\n<!-- \/ Yoast SEO plugin. -->","yoast_head_json":{"title":"Die beste Magento-Countdown-Timer-Erweiterung f\u00fcr Websites (2025)","description":"Testen Sie kostenlos die beste Countdown-Timer-Erweiterung f\u00fcr Magento. Eine einfache und schnelle Einrichtung ohne Programmierkenntnisse in nur 2 Minuten.","robots":{"index":"index","follow":"follow","max-snippet":"max-snippet:-1","max-image-preview":"max-image-preview:large","max-video-preview":"max-video-preview:-1"},"canonical":"https:\/\/elfsight.com\/de\/countdown-timer-widget\/magento\/","og_locale":"de_DE","og_type":"article","og_title":"Die beste Magento-Countdown-Timer-Erweiterung f\u00fcr Websites (2025)","og_description":"Testen Sie kostenlos die beste Countdown-Timer-Erweiterung f\u00fcr Magento. Eine einfache und schnelle Einrichtung ohne Programmierkenntnisse in nur 2 Minuten.","og_url":"https:\/\/elfsight.com\/de\/countdown-timer-widget\/magento\/","og_site_name":"Elfsight DE","article_modified_time":"2025-07-08T10:33:05+00:00","twitter_card":"summary_large_image","twitter_misc":{"Gesch\u00e4tzte Lesezeit":"4\u00a0Minuten"},"schema":{"@context":"https:\/\/schema.org","@graph":[{"@type":"WebPage","@id":"https:\/\/elfsight.com\/de\/countdown-timer-widget\/magento\/","url":"https:\/\/elfsight.com\/de\/countdown-timer-widget\/magento\/","name":"Die beste Magento-Countdown-Timer-Erweiterung f\u00fcr Websites (2025)","isPartOf":{"@id":"https:\/\/elfsight.com\/de\/#website"},"datePublished":"2024-05-03T06:34:13+00:00","dateModified":"2025-07-08T10:33:05+00:00","description":"Testen Sie kostenlos die beste Countdown-Timer-Erweiterung f\u00fcr Magento. Eine einfache und schnelle Einrichtung ohne Programmierkenntnisse in nur 2 Minuten.","breadcrumb":{"@id":"https:\/\/elfsight.com\/de\/countdown-timer-widget\/magento\/#breadcrumb"},"inLanguage":"de","potentialAction":[{"@type":"ReadAction","target":["https:\/\/elfsight.com\/de\/countdown-timer-widget\/magento\/"]}]},{"@type":"BreadcrumbList","@id":"https:\/\/elfsight.com\/de\/countdown-timer-widget\/magento\/#breadcrumb","itemListElement":[{"@type":"ListItem","position":1,"name":"Home","item":"https:\/\/elfsight.com\/de\/"},{"@type":"ListItem","position":2,"name":"Countdown Timer","item":"https:\/\/elfsight.com\/de\/countdown-timer-widget\/"},{"@type":"ListItem","position":3,"name":"Countdown Timer &#8211; Magento"}]},{"@type":"WebSite","@id":"https:\/\/elfsight.com\/de\/#website","url":"https:\/\/elfsight.com\/de\/","name":"Elfsight DE","description":"Just another Elfsight Sites site","potentialAction":[{"@type":"SearchAction","target":{"@type":"EntryPoint","urlTemplate":"https:\/\/elfsight.com\/de\/?s={search_term_string}"},"query-input":{"@type":"PropertyValueSpecification","valueRequired":true,"valueName":"search_term_string"}}],"inLanguage":"de"}]}},"meta_box":{"industry":"","seo_heading":"","heading":"","description":"","cta_heading":"","cta_description":"","application":"474","h1":"Magento Countdown Timer-Erweiterung","h1_caption":"Richten Sie einen Countdown f\u00fcr wichtige Ereignisse oder Werbeaktionen ein, um Ihren Besuchern m\u00fchelos ein Gef\u00fchl der Dringlichkeit auf Ihrer Magento-Website zu vermitteln.","application_category":[],"applications_title":"","applications_request_title":"","applications_request_button_text":"","hero_text":"","hero_video":"","hero_video_schema_markup":"","selling_points_title":"","selling_points_caption":"","selling_points":[],"selling_points_cta_text":"","features_title":"","features":"","ed_cta_examples_text":"","ed_cta_examples_hidden":"","ed_cta_demo_text":"","ed_cta_demo_hidden":"","why_caption":"","why_editor_title":"","why_editor_text":"","why_team_title":"","why_team_text":"","why_service_title":"","why_service_text":"","template_catalog_visible":"","template_catalog_title":"","template_catalog_text":"","template_catalog_categories_visible":"","demo_title":"Erstellen Sie Ihre Countdown-Timer-Erweiterung","demo_caption":"Konfigurieren Sie Ihren Countdown-Timer und f\u00fcgen Sie ihn kostenlos zu Ihrer Magento-Website hinzu!","default_faq_hidden":"","app_template_category":[],"platform":"256","template_public_id":"","codecanyon_url":"","codecanyon_item_id":"","codecanyon_price":"","pricing_caption":"","pricing_elfsight_apps_hide_column":"","pricing_elfsight_apps_url":"","pricing_codecanyon_price_caption":"","integration_category":[],"integration_request_title":"","integration_request_cta":"","integration_platform":"","integrations":[],"platform_category":[],"video_schema_markup":"","price":"Ab 0\u00a0$\/Monat","trial":"","benefits":[{"text":"Kostenlose Installationsunterst\u00fctzung"},{"text":"Au\u00dfergew\u00f6hnlicher Support"},{"text":"14-t\u00e4gige Geld-zur\u00fcck-Garantie"},{"text":"Fortlaufende Entwicklung"}],"button_url":"#demo","button_target_blank":"","button_nofollow":"","attributes":[{"name":"Installiert","content":"100,000 - 500,000"},{"name":"Reaktionsfreudig","content":"Ja"},{"name":"Kompatible Browser","content":"Firefox, Safari, Opera, Chrome, Edge"}],"tags":[],"tags_disable_links":"","hide_more_platforms":"","video_object":"","demo_hide_cta":"","demo_hide_cloud_options":"","pricing_title":"","pricing":[{"pricing_icon":"platform","pricing_title":"Elfsight Apps","pricing_title_caption":"Multiplattform-L\u00f6sung, die auf jeder Site funktioniert","pricing_price":"ab 0 $ \/ Monat","pricing_price_caption":"Beginnen Sie mit einem kostenlosen Plan","pricing_benefits":[{"text":"Unbegrenzte Websites"},{"text":"Kostenloser und p\u00fcnktlicher Support"},{"text":"Kostenlose Installationshilfe"},{"text":"100 % anpassbar"}],"pricing_button_text":"Zur Website hinzuf\u00fcgen","pricing_button_url":"#demo"}],"related_apps_title":"","related_apps_hidden":"","author":"","image":[],"title":"","job":"","social_networks":[]},"_links":{"self":[{"href":"https:\/\/elfsight.com\/de\/wp-json\/wp\/v2\/pages\/17017","targetHints":{"allow":["GET"]}}],"collection":[{"href":"https:\/\/elfsight.com\/de\/wp-json\/wp\/v2\/pages"}],"about":[{"href":"https:\/\/elfsight.com\/de\/wp-json\/wp\/v2\/types\/page"}],"author":[{"embeddable":true,"href":"https:\/\/elfsight.com\/de\/wp-json\/wp\/v2\/users\/9"}],"replies":[{"embeddable":true,"href":"https:\/\/elfsight.com\/de\/wp-json\/wp\/v2\/comments?post=17017"}],"version-history":[{"count":2,"href":"https:\/\/elfsight.com\/de\/wp-json\/wp\/v2\/pages\/17017\/revisions"}],"predecessor-version":[{"id":21463,"href":"https:\/\/elfsight.com\/de\/wp-json\/wp\/v2\/pages\/17017\/revisions\/21463"}],"up":[{"embeddable":true,"href":"https:\/\/elfsight.com\/de\/wp-json\/wp\/v2\/pages\/578"}],"wp:attachment":[{"href":"https:\/\/elfsight.com\/de\/wp-json\/wp\/v2\/media?parent=17017"}],"curies":[{"name":"wp","href":"https:\/\/api.w.org\/{rel}","templated":true}]}}