{"id":17010,"date":"2024-05-03T06:34:10","date_gmt":"2024-05-03T06:34:10","guid":{"rendered":"https:\/\/elfsight.com\/de\/?page_id=17010"},"modified":"2025-11-19T15:07:45","modified_gmt":"2025-11-19T15:07:45","slug":"shopify","status":"publish","type":"page","link":"https:\/\/elfsight.com\/de\/countdown-timer-widget\/shopify\/","title":{"rendered":"Countdown Timer &#8211; Shopify"},"content":{"rendered":"<div class=\"application-platform-content-item-description application-platform-content-item\" id=\"description\" data-nav-section=\"description\"><h2>Betten Sie den Countdown-Timer auf Shopify mit dem Elfsight-Widget ein<\/h2><p>Verwenden Sie die Elfsight Countdown-App, um verschiedene Z\u00e4hlungen und Timer zu entwerfen, die ermutigen Besucher k\u00f6nnen schneller und mehr kaufen. Die Bestands- oder Verkaufsz\u00e4hlung wird ein Gef\u00fchl von Knappheit und Konkurrenz hervorrufen; Der Sale-Countdown wird Benutzer zum Kauf anregen, bevor sie ein lukratives Gesch\u00e4ft verlieren. Ein individueller Countdown regt jeden Kunden dazu an, ein pers\u00f6nliches Angebot schneller zu nutzen; Weihnachtsverkaufsleisten werden dank ihres hellen Themenstils maximale Aufmerksamkeit auf sich ziehen.<\/p><p><b>Steigern Sie Ihre Online-Verk\u00e4ufe mit Hilfe von Timern und Z\u00e4hlungen zur Dringlichkeitsbildung.<\/b><\/p><p> <b>Inspirieren Sie Kunden zum Kauf, indem Sie ein Gef\u00fchl der Dringlichkeit erzeugen.<\/b><br> Stellen Sie Countdown-Timer ein, die die Zeit bis zum Ende Ihrer Ausverk\u00e4ufe und Sonderangebote anzeigen. Sie erzeugen ein Gef\u00fchl der Dringlichkeit und ermutigen das Publikum, fr\u00fcher eine Kaufentscheidung zu treffen.<\/p><p><b>Demonstrieren Sie, dass der Lagerbestand schnell abnimmt, um den wahrgenommenen Wert der Artikel zu steigern.<\/b><br> Demonstrieren Sie dass Ihre Angebote beliebt sind und der Lagerbestand schnell abnimmt, mit einer speziellen Lagerbestandsz\u00e4hlung. Dadurch sch\u00e4tzen die Benutzer die Artikel mehr und werden neidisch, sie auch zu erwerben.<\/p><p><b>Erregen Sie mehr Aufmerksamkeit auf Ihren Feiertagsverkauf mit einer auff\u00e4lligen Countdown-Leiste zum Thema Feiertage.<\/b><br> Richten Sie f\u00fcr die Feiertage eine attraktive Themen-Verkaufsbar ein. Es schafft eine feierliche Atmosph\u00e4re und bewirbt Ihre Sonderangebote, um Ihren Umsatz in der Zeit der profitablen Saison zu steigern.<\/p><\/div><div class=\"application-platform-content-item-features application-platform-content-item\" id=\"features\" data-nav-section=\"features\"><h2>Hauptfunktionen des Countdown-Timer-Widgets<\/h2><p>Der Shopify Countdown Timer zeichnet sich durch seine flexiblen Einstellungen aus, die Unternehmen in verschiedenen Szenarien unterst\u00fctzen. Sehen Sie, welche Funktionen Elfsight Countdown zur wertvollsten App f\u00fcr jede Shopify-Site machen.<\/p><ul><li>Zwei Aktionen nach Ablauf des Timers: Timer ausblenden oder Nachricht anzeigen;<\/li><li>Bearbeitbarer Schaltfl\u00e4chentext;<\/li><li>Bearbeitbare Beschriftungen f\u00fcr Zeiteinheiten;<\/li><li>Option zum \u00c4ndern der Farbe von Timer, Schaltfl\u00e4che, Beschriftungen und Nachrichten;<\/li><li>Anpassbare Gr\u00f6\u00dfen von Timer und Schaltfl\u00e4che.<\/li> <\/ul><a href=\"#demo\">Weitere Funktionen im Elfsight-Editor<\/a><\/div><div class=\"application-platform-content-item-installation application-platform-content-item\" id=\"installation\" data-nav-section=\"installation\"><h2>So f\u00fcgen Sie den Countdown-Timer zur Shopify-Website hinzu<\/h2><div class=\"video-container\">\n<iframe width=\"720\" height=\"405\" src=\"https:\/\/www.youtube.com\/embed\/zv0oZ4POvzw?si=XtxMJURalda9-8wC\" frameborder=\"0\" allowfullscreen=\"\"><\/iframe>\n<\/div><p>Die Gesamtdauer der Installation betr\u00e4gt nur 80 Sekunden, au\u00dferdem ben\u00f6tigen Sie keine Erfahrung in der Webprogrammierung, um Ihren benutzerdefinierten Shopify Countdown-Timer zu erhalten.<\/p><ol><li><b>\u00d6ffnen Nutzen Sie unseren kostenlosen Editor und beginnen Sie mit der Erstellung Ihrer eigenen App. <\/b><br> Finden Sie das bevorzugte Layout und die bevorzugten Aspekte der App und nehmen Sie alle Korrekturen vor. <\/li> <li><b>Sie erhalten Ihren einzigartigen Code, der in der Box von Elfsight Apps angezeigt wird. <\/b><br> Wenn die Einrichtung Ihrer pers\u00f6nlichen App abgeschlossen ist, kopieren Sie den pers\u00f6nlichen Code aus dem erscheinenden Feld und speichern Sie ihn zur weiteren Verwendung. <\/li> <li><b>Initiieren Sie die Anwendung der App auf der Shopify-Website. <\/b><br> Implementieren Sie den k\u00fcrzlich gespeicherten Code auf Ihrer Seite und wenden Sie die Korrekturen an. <\/li> <li><b>Fertig! Das Setup ist vollst\u00e4ndig beendet. <\/b><br> \u00d6ffnen Sie Ihre Website, um die Funktion der App zu \u00fcberpr\u00fcfen. <\/li><\/ol><p>Haben Sie Probleme bei der Installation oder Anpassung des Widgets? Schreiben Sie eine Nachricht an unser Support-Team oder lesen Sie unsere <a href=\"https:\/\/elfsight.com\/blog\/how-to-add-countdown-timer-to-shopify-for-free\/\" target=\"_blank\" rel=\"noopener noreferrer\">Tutorials zum Hinzuf\u00fcgen des Countdown-Timers zu Shopify<\/a>.<\/p><\/div><div class=\"faq\" data-component=\"FAQ\"><div class=\"faq-item\">\r\n\t\t\t\t\t<div class=\"faq-item-question\">\r\n\t\t\t\t\t\t<h3 class=\"faq-item-question-text\">Die besten Anwendungsbeispiele von Countdown-Clock-Integration<\/h3>\r\n\r\n\t\t\t\t\t\t<div class=\"faq-item-question-icon\"><\/div>\r\n\t\t\t\t\t<\/div>\r\n\r\n\t\t\t\t\t<div class=\"faq-item-answer\">\r\n\t\t\t\t\t\t<div class=\"faq-item-answer-text\"><p>Wir gew\u00e4hren Ihnen vielf\u00e4ltige Personalisierungsm\u00f6glichkeiten: vollwertige Widgets zum Einf\u00fcgen in den Inhaltsbereich, schwebende Widgets mit Scrollfunktion, Miniaturansichten f\u00fcr die Fu\u00dfzeile, den Kopfbereich und jede Menge vertikale M\u00f6glichkeiten f\u00fcr Seitenleisten und Men\u00fcs. <\/p><\/div>\r\n\t\t\t\t\t<\/div>\r\n\t\t\t\t<\/div><div class=\"faq-item\">\r\n\t\t\t\t\t<div class=\"faq-item-question\">\r\n\t\t\t\t\t\t<h3 class=\"faq-item-question-text\">Gibt es eine Option, mit Ihrem Editor einen Fomo Countdown- oder Scarcity-Timer zu erstellen?<\/h3>\r\n\r\n\t\t\t\t\t\t<div class=\"faq-item-question-icon\"><\/div>\r\n\t\t\t\t\t<\/div>\r\n\r\n\t\t\t\t\t<div class=\"faq-item-answer\">\r\n\t\t\t\t\t\t<div class=\"faq-item-answer-text\"><p>Sie k\u00f6nnen die \u00c4nderungen jedes Widgets gestalten. Im Editor stehen zahlreiche Layouts zur Verf\u00fcgung, die alle schnell nach Ihren W\u00fcnschen angepasst werden k\u00f6nnen. <\/p><\/div>\r\n\t\t\t\t\t<\/div>\r\n\t\t\t\t<\/div><\/div>\n","protected":false},"excerpt":{"rendered":"","protected":false},"author":9,"featured_media":0,"parent":578,"menu_order":0,"comment_status":"closed","ping_status":"closed","template":"templates\/template-application-platform.php","meta":{"publish_to_discourse":"","publish_post_category":"","wpdc_auto_publish_overridden":"","wpdc_topic_tags":"","wpdc_pin_topic":"","wpdc_pin_until":"","discourse_post_id":"","discourse_permalink":"","wpdc_publishing_response":"","wpdc_publishing_error":"","footnotes":""},"class_list":["post-17010","page","type-page","status-publish","hentry"],"yoast_head":"<!-- This site is optimized with the Yoast SEO plugin v25.3.1 - https:\/\/yoast.com\/wordpress\/plugins\/seo\/ -->\n<title>Shopify Countdown-Timer-Widget \u2013 Countdown-Timer zur Shopify-Website hinzuf\u00fcgen [ 2026 ]<\/title>\n<meta name=\"description\" content=\"Erfahren Sie, wie Sie den Countdown-Timer kostenlos zu Shopify hinzuf\u00fcgen. Verwenden Sie die beste Shopify-Timer-App, um den Produktverkauf auf Ihrer Website dringlicher zu gestalten.\" \/>\n<meta name=\"robots\" content=\"index, follow, max-snippet:-1, max-image-preview:large, max-video-preview:-1\" \/>\n<link rel=\"canonical\" href=\"https:\/\/elfsight.com\/de\/countdown-timer-widget\/shopify\/\" \/>\n<meta property=\"og:locale\" content=\"de_DE\" \/>\n<meta property=\"og:type\" content=\"article\" \/>\n<meta property=\"og:title\" content=\"Shopify Countdown-Timer-Widget \u2013 Countdown-Timer zur Shopify-Website hinzuf\u00fcgen [ 2026 ]\" \/>\n<meta property=\"og:description\" content=\"Erfahren Sie, wie Sie den Countdown-Timer kostenlos zu Shopify hinzuf\u00fcgen. Verwenden Sie die beste Shopify-Timer-App, um den Produktverkauf auf Ihrer Website dringlicher zu gestalten.\" \/>\n<meta property=\"og:url\" content=\"https:\/\/elfsight.com\/de\/countdown-timer-widget\/shopify\/\" \/>\n<meta property=\"og:site_name\" content=\"Elfsight DE\" \/>\n<meta property=\"article:modified_time\" content=\"2025-11-19T15:07:45+00:00\" \/>\n<meta name=\"twitter:card\" content=\"summary_large_image\" \/>\n<meta name=\"twitter:label1\" content=\"Gesch\u00e4tzte Lesezeit\" \/>\n\t<meta name=\"twitter:data1\" content=\"4\u00a0Minuten\" \/>\n<!-- \/ Yoast SEO plugin. -->","yoast_head_json":{"title":"Shopify Countdown-Timer-Widget \u2013 Countdown-Timer zur Shopify-Website hinzuf\u00fcgen [ 2026 ]","description":"Erfahren Sie, wie Sie den Countdown-Timer kostenlos zu Shopify hinzuf\u00fcgen. Verwenden Sie die beste Shopify-Timer-App, um den Produktverkauf auf Ihrer Website dringlicher zu gestalten.","robots":{"index":"index","follow":"follow","max-snippet":"max-snippet:-1","max-image-preview":"max-image-preview:large","max-video-preview":"max-video-preview:-1"},"canonical":"https:\/\/elfsight.com\/de\/countdown-timer-widget\/shopify\/","og_locale":"de_DE","og_type":"article","og_title":"Shopify Countdown-Timer-Widget \u2013 Countdown-Timer zur Shopify-Website hinzuf\u00fcgen [ 2026 ]","og_description":"Erfahren Sie, wie Sie den Countdown-Timer kostenlos zu Shopify hinzuf\u00fcgen. Verwenden Sie die beste Shopify-Timer-App, um den Produktverkauf auf Ihrer Website dringlicher zu gestalten.","og_url":"https:\/\/elfsight.com\/de\/countdown-timer-widget\/shopify\/","og_site_name":"Elfsight DE","article_modified_time":"2025-11-19T15:07:45+00:00","twitter_card":"summary_large_image","twitter_misc":{"Gesch\u00e4tzte Lesezeit":"4\u00a0Minuten"},"schema":{"@context":"https:\/\/schema.org","@graph":[{"@type":"WebPage","@id":"https:\/\/elfsight.com\/de\/countdown-timer-widget\/shopify\/","url":"https:\/\/elfsight.com\/de\/countdown-timer-widget\/shopify\/","name":"Shopify Countdown-Timer-Widget \u2013 Countdown-Timer zur Shopify-Website hinzuf\u00fcgen [ 2026 ]","isPartOf":{"@id":"https:\/\/elfsight.com\/de\/#website"},"datePublished":"2024-05-03T06:34:10+00:00","dateModified":"2025-11-19T15:07:45+00:00","description":"Erfahren Sie, wie Sie den Countdown-Timer kostenlos zu Shopify hinzuf\u00fcgen. Verwenden Sie die beste Shopify-Timer-App, um den Produktverkauf auf Ihrer Website dringlicher zu gestalten.","breadcrumb":{"@id":"https:\/\/elfsight.com\/de\/countdown-timer-widget\/shopify\/#breadcrumb"},"inLanguage":"de","potentialAction":[{"@type":"ReadAction","target":["https:\/\/elfsight.com\/de\/countdown-timer-widget\/shopify\/"]}]},{"@type":"BreadcrumbList","@id":"https:\/\/elfsight.com\/de\/countdown-timer-widget\/shopify\/#breadcrumb","itemListElement":[{"@type":"ListItem","position":1,"name":"Home","item":"https:\/\/elfsight.com\/de\/"},{"@type":"ListItem","position":2,"name":"Countdown Timer","item":"https:\/\/elfsight.com\/de\/countdown-timer-widget\/"},{"@type":"ListItem","position":3,"name":"Countdown Timer &#8211; Shopify"}]},{"@type":"WebSite","@id":"https:\/\/elfsight.com\/de\/#website","url":"https:\/\/elfsight.com\/de\/","name":"Elfsight DE","description":"Just another Elfsight Sites site","potentialAction":[{"@type":"SearchAction","target":{"@type":"EntryPoint","urlTemplate":"https:\/\/elfsight.com\/de\/?s={search_term_string}"},"query-input":{"@type":"PropertyValueSpecification","valueRequired":true,"valueName":"search_term_string"}}],"inLanguage":"de"}]}},"meta_box":{"industry":"","seo_heading":"","heading":"","description":"","cta_heading":"","cta_description":"","application":"474","h1":"Shopify Countdown-Timer-App","h1_caption":"Richten Sie einen Countdown f\u00fcr wichtige Ereignisse oder Werbeaktionen ein, um Ihren Besuchern auf Ihrer Shopify-Website m\u00fchelos ein Gef\u00fchl der Dringlichkeit zu vermitteln.","application_category":[],"applications_title":"","applications_request_title":"","applications_request_button_text":"","hero_text":"","hero_video":"","hero_video_schema_markup":"","selling_points_title":"","selling_points_caption":"","selling_points":[],"selling_points_cta_text":"","features_title":"","features":"","ed_cta_examples_text":"","ed_cta_examples_hidden":"","ed_cta_demo_text":"","ed_cta_demo_hidden":"","why_caption":"","why_editor_title":"","why_editor_text":"","why_team_title":"","why_team_text":"","why_service_title":"","why_service_text":"","template_catalog_visible":"0","template_catalog_title":"","template_catalog_text":"","template_catalog_categories_visible":"","demo_title":"Erstellen Sie Ihre Countdown-Timer-App","demo_caption":"Konfigurieren Sie Ihren Countdown-Timer und f\u00fcgen Sie ihn kostenlos zu Ihrer Shopify-Website hinzu!","default_faq_hidden":"","app_template_category":[],"platform":"253","template_public_id":"","codecanyon_url":"","codecanyon_item_id":"","codecanyon_price":"","pricing_caption":"","pricing_elfsight_apps_hide_column":"","pricing_elfsight_apps_url":"","pricing_codecanyon_price_caption":"","integration_category":[],"integration_request_title":"","integration_request_cta":"","integration_platform":"","integrations":[],"platform_category":[],"video_schema_markup":"","price":"ab 0 $ \/ Monat","trial":"","benefits":[{"text":"Kostenloser Installationsservice"},{"text":"Premium-Support"},{"text":"14-t\u00e4gige Geld-zur\u00fcck-Garantie"},{"text":"Kontinuierliche kostenlose Updates"}],"button_url":"#demo","button_target_blank":"0","button_nofollow":"0","attributes":[{"name":"Installiert","content":"100,000 - 500,000"},{"name":"Reaktionsfreudig","content":"Ja"},{"name":"Kompatible Browser","content":"Firefox, Safari, Opera, Chrome, Edge"}],"tags":[],"tags_disable_links":"0","hide_more_platforms":"0","video_object":"","demo_hide_cta":"0","demo_hide_cloud_options":"0","pricing_title":"","pricing":[{"pricing_icon":"platform","pricing_title":"Elfsight Apps","pricing_title_caption":"Plattform\u00fcbergreifende Version, die auf jeder Website funktioniert","pricing_price":"ab 0 $ \/ Monat","pricing_price_caption":"Beginnen Sie mit einem kostenlosen Plan","pricing_benefits":[{"text":"Unbegrenzte Websites"},{"text":"Premium-Support"},{"text":"Kostenloser Installationsservice"},{"text":"Sonderangebot f\u00fcr mehrere Apps"}],"pricing_button_text":"Zur Website hinzuf\u00fcgen","pricing_button_url":"#demo"}],"related_apps_title":"","related_apps_hidden":"0","author":"","image":[],"title":"","job":"","social_networks":[]},"_links":{"self":[{"href":"https:\/\/elfsight.com\/de\/wp-json\/wp\/v2\/pages\/17010","targetHints":{"allow":["GET"]}}],"collection":[{"href":"https:\/\/elfsight.com\/de\/wp-json\/wp\/v2\/pages"}],"about":[{"href":"https:\/\/elfsight.com\/de\/wp-json\/wp\/v2\/types\/page"}],"author":[{"embeddable":true,"href":"https:\/\/elfsight.com\/de\/wp-json\/wp\/v2\/users\/9"}],"replies":[{"embeddable":true,"href":"https:\/\/elfsight.com\/de\/wp-json\/wp\/v2\/comments?post=17010"}],"version-history":[{"count":4,"href":"https:\/\/elfsight.com\/de\/wp-json\/wp\/v2\/pages\/17010\/revisions"}],"predecessor-version":[{"id":25563,"href":"https:\/\/elfsight.com\/de\/wp-json\/wp\/v2\/pages\/17010\/revisions\/25563"}],"up":[{"embeddable":true,"href":"https:\/\/elfsight.com\/de\/wp-json\/wp\/v2\/pages\/578"}],"wp:attachment":[{"href":"https:\/\/elfsight.com\/de\/wp-json\/wp\/v2\/media?parent=17010"}],"curies":[{"name":"wp","href":"https:\/\/api.w.org\/{rel}","templated":true}]}}