{"id":17008,"date":"2024-05-03T06:34:07","date_gmt":"2024-05-03T06:34:07","guid":{"rendered":"https:\/\/elfsight.com\/de\/?page_id=17008"},"modified":"2024-12-20T01:32:16","modified_gmt":"2024-12-20T01:32:16","slug":"weebly","status":"publish","type":"page","link":"https:\/\/elfsight.com\/de\/countdown-timer-widget\/weebly\/","title":{"rendered":"Countdown Timer &#8211; Weebly"},"content":{"rendered":"\n<div class=\"application-platform-content-item-description application-platform-content-item\" id=\"description\" data-nav-section=\"description\">\n<h2>Beschreibung<\/h2>\n<p>Verwenden Sie den Elfsight Countdown-Timer, um verschiedene Arten von Countdown- und Zeitmessern zu erstellen, die die Nutzer dazu anregen, schneller und aktiver zu kaufen. Ein Lager- oder Verkaufs-Countdown wird ein Gef\u00fchl der begrenzten Verf\u00fcgbarkeit und Konkurrenz erzeugen; der Sale-Countdown wird die Kunden dazu dr\u00e4ngen, jetzt zu kaufen, um ein profitables Angebot nicht zu verpassen. Ein individueller Countdown wird jeden Kunden anregen, ein pers\u00f6nliches Angebot schneller zu nutzen; Holiday-Bars mit ansprechendem Design werden die Aufmerksamkeit auf Ihre Verk\u00e4ufe lenken.<\/p>\n<p><b>Steigern Sie Ihre Verkaufszahlen auf der Website mit Hilfe von Dringlichkeits-Timern und Countdowns. <\/b><\/p>\n<p><b>Ermutigen Sie Kunden zum Kauf, indem Sie ein Gef\u00fchl der Dringlichkeit erzeugen. <\/b><br> Zeigen Sie Countdown-Timer an, die die verbleibende Zeit bis zum Ende Ihrer Sonderaktionen und Angebote anzeigen. Sie werden ein Gef\u00fchl der Dringlichkeit erzeugen und die Kunden dazu ermutigen, schneller eine Kaufentscheidung zu treffen.<\/p>\n<p><b>Zeigen Sie an, dass der Lagerbestand sinkt, um den wahrgenommenen Wert zu steigern.<\/b><br> Erzeugen Sie ein Gef\u00fchl der Konkurrenz f\u00fcr Ihre Angebote, indem Sie die steigende Anzahl der Verk\u00e4ufe und den sinkenden Lagerbestand anzeigen. Begrenzte Verf\u00fcgbarkeit wird Ihre Produkte wertvoller erscheinen lassen, und Besucher werden den Wunsch haben, sie zu kaufen.<\/p>\n<p><b>Lenken Sie mehr Aufmerksamkeit auf Ihre Verk\u00e4ufe mit einer auff\u00e4lligen Countdown-Leiste im Feiertags-Stil.<\/b><br> Mit auff\u00e4lligen Thema-Leisten k\u00f6nnen Sie Ihre saisonalen Verk\u00e4ufe auf eine lebendige Weise pr\u00e4sentieren. Nutzen Sie die Festivalzeit, um den Umsatz auf Ihrer Website zu steigern.<\/p>\n<\/div>\n\n<div class=\"application-platform-content-item-features application-platform-content-item\" id=\"features\" data-nav-section=\"features\">\n<h2>Funktionen<\/h2>\n<p>Hier sind die Vorteile, die unser Widget zur idealen Wahl f\u00fcr eine Weebly-Website machen:<\/p>\n<ul>\n<li>Zwei Aktionen nach Ablauf des Timers: Timer ausblenden oder Nachricht anzeigen;<\/li>\n<li>Option, einen Button-Link f\u00fcr die Weiterleitung einzurichten;<\/li>\n<li>Bearbeitbare Zeitbeschriftungen;<\/li>\n<li>5 Timer-Stile enthalten;<\/li>\n<li>Sauberes Design, das eine nahtlose Integration in jedes Website-Konzept erm\u00f6glicht.<\/li>\n<\/ul>\n<a href=\"#demo\">Sehen Sie alles<\/a>\n<\/div>\n\n<div class=\"application-platform-content-item-installation application-platform-content-item\" id=\"installation\" data-nav-section=\"installation\">\n<h2>Wie f\u00fcge ich den Countdown-Timer zu meiner Weebly-Website hinzu?<\/h2>\n<div class=\"video-container\">\n<iframe width=\"720\" height=\"405\" src=\"https:\/\/www.youtube.com\/embed\/HvRJIqLwdUA\" frameborder=\"0\" allowfullscreen=\"\"><\/iframe>\n<\/div>\n<p>Ein schneller Leitfaden zur Einrichtung der Buttons ohne Entwicklungskenntnisse oder die Suche nach einem Programmierer. Die Installationszeit betr\u00e4gt nur etwa 2 Minuten.<\/p>\n<ol>\n<li><b>Verwenden Sie unseren kostenlosen Konfigurator und beginnen Sie mit der Erstellung Ihrer benutzerdefinierten App. <\/b><br> \nBestimmen Sie das gew\u00fcnschte Layout und die Eigenschaften der App und speichern Sie alle \u00c4nderungen. <\/li> \n <li><b>Kopieren Sie Ihren einzigartigen Code, der im Feld auf Elfsight Apps angezeigt wird. <\/b><br> \nNachdem Ihre pers\u00f6nliche App erstellt wurde, kopieren Sie den Code aus dem Popup-Fenster und speichern ihn f\u00fcr die sp\u00e4tere Verwendung. <\/li> \n <li><b>Beginnen Sie, die App auf Ihrer Weebly-Website zu verwenden. <\/b><br> \nF\u00fcgen Sie den vorher kopierten Code in Ihre Seite ein und speichern Sie die \u00c4nderungen. <\/li> \n <li><b>Die Einrichtung ist erfolgreich abgeschlossen. <\/b><br> \nBesuchen Sie Ihre Website, um die Funktionsweise der App zu \u00fcberpr\u00fcfen. <\/li>\n<\/ol>\n\n<p>Konnten Sie das Plugin nicht auf Ihrer Seite hinzuf\u00fcgen? Schicken Sie Ihre Frage an unser Support-Team oder versuchen Sie es mit einer <a href=\"https:\/\/elfsight.com\/tutorials\/how-to-add-countdown-timer-to-weebly-website\/\" target=\"_blank\" rel=\"noopener noreferrer\">detaillierten Anleitung<\/a> und versuchen Sie es noch einmal selbst.<\/p>\n<div class=\"faq\" data-component=\"FAQ\"> \n<div class=\"faq-item\">\r\n\t\t\t\t\t<div class=\"faq-item-question\">\r\n\t\t\t\t\t\t<h3 class=\"faq-item-question-text\">Wie f\u00fcge ich einen Countdown-Timer zu meiner Weebly-Website hinzu, ohne Programmierkenntnisse zu haben?<\/h3>\r\n\r\n\t\t\t\t\t\t<div class=\"faq-item-question-icon\"><\/div>\r\n\t\t\t\t\t<\/div>\r\n\r\n\t\t\t\t\t<div class=\"faq-item-answer\">\r\n\t\t\t\t\t\t<div class=\"faq-item-answer-text\"> \n<p>Elfsight bietet eine SaaS-L\u00f6sung, mit der Sie selbst einen Countdown-Timer-Widget erstellen k\u00f6nnen. So einfach ist der Prozess: Arbeiten Sie direkt im Online-Editor, um den Countdown-Timer zu erstellen, den Sie auf Ihrer Weebly-Website sehen m\u00f6chten. W\u00e4hlen Sie eine der vorgefertigten Vorlagen aus und passen Sie die Countdown-Timer-Einstellungen an, f\u00fcgen Sie Ihre Inhalte hinzu, \u00e4ndern Sie das Layout und die Farben \u2013 alles ohne Programmierkenntnisse. Speichern Sie den Countdown-Timer und kopieren Sie den Installationscode, den Sie einfach auf Ihrer Weebly-Website einf\u00fcgen k\u00f6nnen, ohne ein kostenpflichtiges Abonnement zu kaufen. Mit unserem intuitiven Editor kann jeder Internetnutzer einen Countdown-Timer-Widget online erstellen und ihn problemlos auf seiner Weebly-Website einbetten. Es ist nicht erforderlich, zu bezahlen oder Kreditkartendaten einzugeben, um auf den Dienst zuzugreifen. Wenn Sie auf ein Problem sto\u00dfen, k\u00f6nnen Sie sich gerne an unser Support-Team wenden.<\/p> \n<\/div>\r\n\t\t\t\t\t<\/div>\r\n\t\t\t\t<\/div> \n<div class=\"faq-item\">\r\n\t\t\t\t\t<div class=\"faq-item-question\">\r\n\t\t\t\t\t\t<h3 class=\"faq-item-question-text\">Wie erstelle ich einen Vollbild-Countdown-Timer f\u00fcr meine Weebly-Website?<\/h3>\r\n\r\n\t\t\t\t\t\t<div class=\"faq-item-question-icon\"><\/div>\r\n\t\t\t\t\t<\/div>\r\n\r\n\t\t\t\t\t<div class=\"faq-item-answer\">\r\n\t\t\t\t\t\t<div class=\"faq-item-answer-text\">\n\n<p>Ja, absolut. Einen Countdown-Timer online zu erstellen und ihn in die Bildschirmbreite zu integrieren, erfordert nur minimalen Aufwand. Das Elfsight-Widget bietet alles, was Sie daf\u00fcr ben\u00f6tigen. Befolgen Sie diese Anweisungen:<\/p>\n<ol>\n<li>W\u00e4hlen Sie im Bereich &#8222;Timer&#8220; das Layout &#8222;An erforderlicher Position installieren&#8220;.<\/li>\n<li>Gehen Sie dann zum Tab &#8222;Aussehen&#8220; und klicken Sie auf &#8222;Gr\u00f6\u00dfen &amp; Schriften&#8220;.<\/li>\n<li>\u00c4ndern Sie die Gr\u00f6\u00dfe des Timers von klein auf gro\u00df.<\/li>\n<\/ol>\n<p>Wenn dies nicht den gew\u00fcnschten Effekt erzielt, k\u00f6nnen Sie ein <a href=\"https:\/\/community.elfsight.com\/t\/reduce-width-of-embed-widget-similar-to-banner\/57467\" target=\"_blank\" rel=\"noopener\">benutzerdefiniertes CSS-Code<\/a> verwenden. Aber anstatt die Breite zu verringern, dehnen Sie sie auf das Maximum aus!<\/p>\n\n<\/div>\r\n\t\t\t\t\t<\/div>\r\n\t\t\t\t<\/div>\n\n<div class=\"faq-item\">\r\n\t\t\t\t\t<div class=\"faq-item-question\">\r\n\t\t\t\t\t\t<h3 class=\"faq-item-question-text\">Kann ich den Countdown-Timer kostenlos auf meiner Weebly-Website verwenden?<\/h3>\r\n\r\n\t\t\t\t\t\t<div class=\"faq-item-question-icon\"><\/div>\r\n\t\t\t\t\t<\/div>\r\n\r\n\t\t\t\t\t<div class=\"faq-item-answer\">\r\n\t\t\t\t\t\t<div class=\"faq-item-answer-text\">\n\n<p>Ja, das k\u00f6nnen Sie. Elfsight bietet f\u00fcnf Abonnementpakete an, eines davon ist die kostenlose Version. Mit diesem Plan k\u00f6nnen Sie unbegrenzte Anpassungen vornehmen und auf alle Funktionen zugreifen. Beginnen Sie sofort mit der Nutzung des kostenlosen Countdown-Timer-Plugins und entdecken Sie das volle Potenzial!<\/p>\n\n<\/div>\r\n\t\t\t\t\t<\/div>\r\n\t\t\t\t<\/div>\n<\/div> \n<\/div>\n","protected":false},"excerpt":{"rendered":"","protected":false},"author":9,"featured_media":0,"parent":578,"menu_order":0,"comment_status":"closed","ping_status":"closed","template":"templates\/template-application-platform.php","meta":{"publish_to_discourse":"","publish_post_category":"","wpdc_auto_publish_overridden":"","wpdc_topic_tags":"","wpdc_pin_topic":"","wpdc_pin_until":"","discourse_post_id":"","discourse_permalink":"","wpdc_publishing_response":"","wpdc_publishing_error":"","footnotes":""},"class_list":["post-17008","page","type-page","status-publish","hentry"],"yoast_head":"<!-- This site is optimized with the Yoast SEO plugin v25.3.1 - https:\/\/yoast.com\/wordpress\/plugins\/seo\/ -->\n<title>Die beste Weebly Countdown-Timer-App f\u00fcr die Website (2025)<\/title>\n<meta name=\"description\" content=\"Stellen Sie Ihre ma\u00dfgeschneiderte Countdown-Timer-App f\u00fcr Weebly in nur 60 Sekunden ein. Verwenden Sie den Elfsight-Editor, der die Erstellung von Countdown-Widgets erm\u00f6glicht.\" \/>\n<meta name=\"robots\" content=\"index, follow, max-snippet:-1, max-image-preview:large, max-video-preview:-1\" \/>\n<link rel=\"canonical\" href=\"https:\/\/elfsight.com\/de\/countdown-timer-widget\/weebly\/\" \/>\n<meta property=\"og:locale\" content=\"de_DE\" \/>\n<meta property=\"og:type\" content=\"article\" \/>\n<meta property=\"og:title\" content=\"Die beste Weebly Countdown-Timer-App f\u00fcr die Website (2025)\" \/>\n<meta property=\"og:description\" content=\"Stellen Sie Ihre ma\u00dfgeschneiderte Countdown-Timer-App f\u00fcr Weebly in nur 60 Sekunden ein. Verwenden Sie den Elfsight-Editor, der die Erstellung von Countdown-Widgets erm\u00f6glicht.\" \/>\n<meta property=\"og:url\" content=\"https:\/\/elfsight.com\/de\/countdown-timer-widget\/weebly\/\" \/>\n<meta property=\"og:site_name\" content=\"Elfsight DE\" \/>\n<meta property=\"article:modified_time\" content=\"2024-12-20T01:32:16+00:00\" \/>\n<meta name=\"twitter:card\" content=\"summary_large_image\" \/>\n<meta name=\"twitter:label1\" content=\"Gesch\u00e4tzte Lesezeit\" \/>\n\t<meta name=\"twitter:data1\" content=\"5\u00a0Minuten\" \/>\n<!-- \/ Yoast SEO plugin. -->","yoast_head_json":{"title":"Die beste Weebly Countdown-Timer-App f\u00fcr die Website (2025)","description":"Stellen Sie Ihre ma\u00dfgeschneiderte Countdown-Timer-App f\u00fcr Weebly in nur 60 Sekunden ein. Verwenden Sie den Elfsight-Editor, der die Erstellung von Countdown-Widgets erm\u00f6glicht.","robots":{"index":"index","follow":"follow","max-snippet":"max-snippet:-1","max-image-preview":"max-image-preview:large","max-video-preview":"max-video-preview:-1"},"canonical":"https:\/\/elfsight.com\/de\/countdown-timer-widget\/weebly\/","og_locale":"de_DE","og_type":"article","og_title":"Die beste Weebly Countdown-Timer-App f\u00fcr die Website (2025)","og_description":"Stellen Sie Ihre ma\u00dfgeschneiderte Countdown-Timer-App f\u00fcr Weebly in nur 60 Sekunden ein. Verwenden Sie den Elfsight-Editor, der die Erstellung von Countdown-Widgets erm\u00f6glicht.","og_url":"https:\/\/elfsight.com\/de\/countdown-timer-widget\/weebly\/","og_site_name":"Elfsight DE","article_modified_time":"2024-12-20T01:32:16+00:00","twitter_card":"summary_large_image","twitter_misc":{"Gesch\u00e4tzte Lesezeit":"5\u00a0Minuten"},"schema":{"@context":"https:\/\/schema.org","@graph":[{"@type":"WebPage","@id":"https:\/\/elfsight.com\/de\/countdown-timer-widget\/weebly\/","url":"https:\/\/elfsight.com\/de\/countdown-timer-widget\/weebly\/","name":"Die beste Weebly Countdown-Timer-App f\u00fcr die Website (2025)","isPartOf":{"@id":"https:\/\/elfsight.com\/de\/#website"},"datePublished":"2024-05-03T06:34:07+00:00","dateModified":"2024-12-20T01:32:16+00:00","description":"Stellen Sie Ihre ma\u00dfgeschneiderte Countdown-Timer-App f\u00fcr Weebly in nur 60 Sekunden ein. Verwenden Sie den Elfsight-Editor, der die Erstellung von Countdown-Widgets erm\u00f6glicht.","breadcrumb":{"@id":"https:\/\/elfsight.com\/de\/countdown-timer-widget\/weebly\/#breadcrumb"},"inLanguage":"de","potentialAction":[{"@type":"ReadAction","target":["https:\/\/elfsight.com\/de\/countdown-timer-widget\/weebly\/"]}]},{"@type":"BreadcrumbList","@id":"https:\/\/elfsight.com\/de\/countdown-timer-widget\/weebly\/#breadcrumb","itemListElement":[{"@type":"ListItem","position":1,"name":"Home","item":"https:\/\/elfsight.com\/de\/"},{"@type":"ListItem","position":2,"name":"Countdown Timer","item":"https:\/\/elfsight.com\/de\/countdown-timer-widget\/"},{"@type":"ListItem","position":3,"name":"Countdown Timer &#8211; Weebly"}]},{"@type":"WebSite","@id":"https:\/\/elfsight.com\/de\/#website","url":"https:\/\/elfsight.com\/de\/","name":"Elfsight DE","description":"Just another Elfsight Sites site","potentialAction":[{"@type":"SearchAction","target":{"@type":"EntryPoint","urlTemplate":"https:\/\/elfsight.com\/de\/?s={search_term_string}"},"query-input":{"@type":"PropertyValueSpecification","valueRequired":true,"valueName":"search_term_string"}}],"inLanguage":"de"}]}},"meta_box":{"industry":"","seo_heading":"","heading":"","description":"","cta_heading":"","cta_description":"","application":"474","h1":"Weebly Countdown-Timer-App","h1_caption":"Richten Sie einen Countdown f\u00fcr wichtige Ereignisse oder Werbeaktionen ein, um Ihren Besuchern auf Ihrer Weebly-Website m\u00fchelos ein Gef\u00fchl der Dringlichkeit zu vermitteln.","application_category":[],"applications_title":"","applications_request_title":"","applications_request_button_text":"","hero_text":"","hero_video":"","hero_video_schema_markup":"","selling_points_title":"","selling_points_caption":"","selling_points":[],"selling_points_cta_text":"","features_title":"","features":"","ed_cta_examples_text":"","ed_cta_examples_hidden":"","ed_cta_demo_text":"","ed_cta_demo_hidden":"","why_caption":"","why_editor_title":"","why_editor_text":"","why_team_title":"","why_team_text":"","why_service_title":"","why_service_text":"","template_catalog_visible":"0","template_catalog_title":"","template_catalog_text":"","template_catalog_categories_visible":"","demo_title":"Erstellen Sie Ihre Countdown-Timer-App","demo_caption":"Konfigurieren Sie Ihren Countdown-Timer und f\u00fcgen Sie ihn kostenlos zu Ihrer Weebly-Website hinzu!","default_faq_hidden":"","app_template_category":[],"platform":"249","template_public_id":"","codecanyon_url":"","codecanyon_item_id":"","codecanyon_price":"","pricing_caption":"","pricing_elfsight_apps_hide_column":"","pricing_elfsight_apps_url":"","pricing_codecanyon_price_caption":"","integration_category":[],"integration_request_title":"","integration_request_cta":"","integration_platform":"","integrations":[],"platform_category":[],"video_schema_markup":"","price":"ab 0 $ \/ Monat","trial":"","benefits":[{"text":"Kostenlose Installationsunterst\u00fctzung"},{"text":"Au\u00dfergew\u00f6hnlicher Support"},{"text":"14-t\u00e4gige R\u00fcckerstattungsgarantie"},{"text":"St\u00e4ndige Aktualisierung"}],"button_url":"#demo","button_target_blank":"0","button_nofollow":"0","attributes":[{"name":"Installiert","content":"100,000 - 500,000"},{"name":"Reaktionsfreudig","content":"Ja"},{"name":"Kompatible Browser","content":"Firefox, Safari, Opera, Chrome, Edge"}],"tags":[],"tags_disable_links":"0","hide_more_platforms":"","video_object":"","demo_hide_cta":"0","demo_hide_cloud_options":"0","pricing_title":"","pricing":[{"pricing_icon":"platform","pricing_title":"Elfsight Apps","pricing_title_caption":"Plattformunabh\u00e4ngige digitale L\u00f6sung, die f\u00fcr jede Website geeignet ist","pricing_price":"ab 0 $ \/ Monat","pricing_price_caption":"Beginnen Sie mit einem kostenlosen Plan","pricing_benefits":[{"text":"Unbegrenzte Domains"},{"text":"Engagierter und p\u00fcnktlicher Support und gut dokumentiert"},{"text":"Kostenloser Installationssupport"},{"text":"Vollst\u00e4ndig anpassbar"}],"pricing_button_text":"Zur Website hinzuf\u00fcgen","pricing_button_url":"#demo"}],"related_apps_title":"","related_apps_hidden":"0","author":"","image":[],"title":"","job":"","social_networks":[]},"_links":{"self":[{"href":"https:\/\/elfsight.com\/de\/wp-json\/wp\/v2\/pages\/17008","targetHints":{"allow":["GET"]}}],"collection":[{"href":"https:\/\/elfsight.com\/de\/wp-json\/wp\/v2\/pages"}],"about":[{"href":"https:\/\/elfsight.com\/de\/wp-json\/wp\/v2\/types\/page"}],"author":[{"embeddable":true,"href":"https:\/\/elfsight.com\/de\/wp-json\/wp\/v2\/users\/9"}],"replies":[{"embeddable":true,"href":"https:\/\/elfsight.com\/de\/wp-json\/wp\/v2\/comments?post=17008"}],"version-history":[{"count":3,"href":"https:\/\/elfsight.com\/de\/wp-json\/wp\/v2\/pages\/17008\/revisions"}],"predecessor-version":[{"id":23396,"href":"https:\/\/elfsight.com\/de\/wp-json\/wp\/v2\/pages\/17008\/revisions\/23396"}],"up":[{"embeddable":true,"href":"https:\/\/elfsight.com\/de\/wp-json\/wp\/v2\/pages\/578"}],"wp:attachment":[{"href":"https:\/\/elfsight.com\/de\/wp-json\/wp\/v2\/media?parent=17008"}],"curies":[{"name":"wp","href":"https:\/\/api.w.org\/{rel}","templated":true}]}}